{"id":13551,"date":"2025-04-13T14:41:04","date_gmt":"2025-04-13T12:41:04","guid":{"rendered":"https:\/\/idakorea.ee\/?post_type=product&#038;p=13551"},"modified":"2026-03-25T10:21:36","modified_gmt":"2026-03-25T08:21:36","slug":"paikesekaitsepulk-benton-mineral-sun-stick-15g","status":"publish","type":"product","link":"https:\/\/idakorea.ee\/en\/product\/paikesekaitsepulk-benton-mineral-sun-stick-15g\/","title":{"rendered":"Benton Mineral Sun Stick, 15g"},"content":{"rendered":"<p>A broad-spectrum sunscreen with safe natural (mineral) filters that provides reliable protection against the harmful effects of UV rays, while intensively moisturising and nourishing the skin and strengthening the skin's protective barrier by preventing moisture loss.<\/p>\n<p>The stick has a delicate texture, is comfortable to apply and blend, and does not leave an unpleasant sticky layer or white streaks on the skin. It has a high water resistance.<\/p>\n<p>Thanks to the fact that the sunscreen is in a stick form, it is very convenient to carry and use at any time! This format allows the product to be applied precisely to the most sensitive areas of the face - nose, ears, cheeks and forehead.<\/p>\n<p>The titanium dioxide in the formulation is a physical filter that is not absorbed into the skin, but stays on the skin's surface and creates a \"mirror-like shield\" barrier that reflects the sun's rays.<\/p>\n<p>The formula also contains 3 types of hyaluronic acid with different molecular weights for deep and long-lasting hydration.<\/p>\n<p>Hyaluronic acid restores the skin's hydro-lipidic balance, maintaining optimal moisture levels and strengthening the skin's protective functions, helping to prevent moisture loss and skin dehydration.<\/p>\n<p>Tocopherol (derived from sunflower seeds) nourishes the skin and acts as an antioxidant - protecting cell membrane lipids from oxidation and environmental pollution, supporting the skin's defence mechanisms, which help retain moisture and prevent evaporation, restoring skin balance.<\/p>\n<p>The product is hypoallergenic, dermatologically tested and proven safe for sensitive skin. The product is recommended for combination skin.<\/p>\n<p>&nbsp;<\/p>\n<p><strong>Usage:<\/strong><\/p>\n<p>Apply to cleansed skin 15-20 minutes before sun exposure.<\/p>","protected":false},"excerpt":{"rendered":"<p>A broad-spectrum sunscreen with safe natural (mineral) filters that provides reliable protection against the harmful effects of UV rays, while intensively moisturising and nourishing the skin and strengthening the skin's protective barrier by preventing moisture loss. The stick has a delicate texture, is easy to apply and diffuse, and does not leave an unpleasant sticky layer or white streaks. It has a high water resistance. Thanks to the fact that the sunscreen...<\/p>","protected":false},"featured_media":13552,"comment_status":"open","ping_status":"closed","template":"","meta":{"_uf_show_specific_survey":0,"_uf_disable_surveys":false,"_bst_post_transparent":"default","_bst_post_title":"","_bst_post_layout":"default","_bst_post_sidebar_id":"","_bst_post_content_style":"default","_bst_post_vertical_padding":"default","_bst_post_feature":"","_bst_post_feature_position":"","_bst_post_header":false,"_bst_post_footer":false},"pwb-brand":[475],"product_brand":[],"product_cat":[92,101],"product_tag":[777,864,849],"class_list":{"0":"post-13551","1":"product","2":"type-product","3":"status-publish","4":"has-post-thumbnail","6":"pwb-brand-benton","7":"product_cat-nagu","8":"product_cat-paikesekaitse","9":"product_tag-benton","10":"product_tag-spf","11":"product_tag-sun","13":"first","14":"outofstock","15":"sale","16":"shipping-taxable","17":"purchasable","18":"product-type-simple","19":"entry","20":"content-bg","21":"loop-entry"},"supplier_id":null,"supplier_sku":"","barcode":null,"atum_controlled":true,"out_stock_date":"2026-03-24 21:43:30","out_stock_threshold":null,"inheritable":false,"inbound_stock":0,"stock_on_hold":0,"sold_today":0,"sales_last_days":1,"out_stock_days":20,"lost_sales":65,"has_location":false,"update_date":"2026-04-14T00:05:10","atum_locations":[],"atum_stock_status":"outofstock","restock_status":false,"low_stock_amount":"","sales_update_date":"2026-04-14T00:05:10","calc_backorders":null,"yoast_head":"<!-- This site is optimized with the Yoast SEO plugin v27.2 - https:\/\/yoast.com\/product\/yoast-seo-wordpress\/ -->\n<title>Benton Mineral Sun Stick, 15g - IDA.KOREA<\/title>\n<meta name=\"description\" content=\"Pulk on \u00f5rna tekstuuriga, mugav peale kanda ja hajutada, ei j\u00e4ta nahale ebameeldivat kleepuvat kihti ega valgeid triipe. Sellel on k\u00f5rge veekindlus.\" \/>\n<meta name=\"robots\" content=\"index, follow, max-snippet:-1, max-image-preview:large, max-video-preview:-1\" \/>\n<link rel=\"canonical\" href=\"https:\/\/idakorea.ee\/en\/product\/paikesekaitsepulk-benton-mineral-sun-stick-15g\/\" \/>\n<meta property=\"og:locale\" content=\"en_US\" \/>\n<meta property=\"og:type\" content=\"article\" \/>\n<meta property=\"og:title\" content=\"Benton Mineral Sun Stick, 15g - IDA.KOREA\" \/>\n<meta property=\"og:description\" content=\"Pulk on \u00f5rna tekstuuriga, mugav peale kanda ja hajutada, ei j\u00e4ta nahale ebameeldivat kleepuvat kihti ega valgeid triipe. Sellel on k\u00f5rge veekindlus.\" \/>\n<meta property=\"og:url\" content=\"https:\/\/idakorea.ee\/en\/product\/paikesekaitsepulk-benton-mineral-sun-stick-15g\/\" \/>\n<meta property=\"og:site_name\" content=\"IDA.KOREA\" \/>\n<meta property=\"article:modified_time\" content=\"2026-03-25T08:21:36+00:00\" \/>\n<meta property=\"og:image\" content=\"https:\/\/idakorea.ee\/wp-content\/uploads\/2025\/04\/bentonmineralsunstickspf50pa_15g-idakorea.webp\" \/>\n\t<meta property=\"og:image:width\" content=\"1000\" \/>\n\t<meta property=\"og:image:height\" content=\"1000\" \/>\n\t<meta property=\"og:image:type\" content=\"image\/webp\" \/>\n<meta name=\"twitter:card\" content=\"summary_large_image\" \/>\n<meta name=\"twitter:label1\" content=\"Est. reading time\" \/>\n\t<meta name=\"twitter:data1\" content=\"2 minutes\" \/>\n<script type=\"application\/ld+json\" class=\"yoast-schema-graph\">{\"@context\":\"https:\/\/schema.org\",\"@graph\":[{\"@type\":\"WebPage\",\"@id\":\"https:\/\/idakorea.ee\/product\/paikesekaitsepulk-benton-mineral-sun-stick-15g\/\",\"url\":\"https:\/\/idakorea.ee\/product\/paikesekaitsepulk-benton-mineral-sun-stick-15g\/\",\"name\":\"Benton Mineral Sun Stick, 15g - IDA.KOREA\",\"isPartOf\":{\"@id\":\"https:\/\/idakorea.ee\/#website\"},\"primaryImageOfPage\":{\"@id\":\"https:\/\/idakorea.ee\/product\/paikesekaitsepulk-benton-mineral-sun-stick-15g\/#primaryimage\"},\"image\":{\"@id\":\"https:\/\/idakorea.ee\/product\/paikesekaitsepulk-benton-mineral-sun-stick-15g\/#primaryimage\"},\"thumbnailUrl\":\"https:\/\/idakorea.ee\/wp-content\/uploads\/2025\/04\/bentonmineralsunstickspf50pa_15g-idakorea.webp\",\"datePublished\":\"2025-04-13T12:41:04+00:00\",\"dateModified\":\"2026-03-25T08:21:36+00:00\",\"description\":\"Pulk on \u00f5rna tekstuuriga, mugav peale kanda ja hajutada, ei j\u00e4ta nahale ebameeldivat kleepuvat kihti ega valgeid triipe. Sellel on k\u00f5rge veekindlus.\",\"breadcrumb\":{\"@id\":\"https:\/\/idakorea.ee\/product\/paikesekaitsepulk-benton-mineral-sun-stick-15g\/#breadcrumb\"},\"inLanguage\":\"en-US\",\"potentialAction\":[{\"@type\":\"ReadAction\",\"target\":[\"https:\/\/idakorea.ee\/product\/paikesekaitsepulk-benton-mineral-sun-stick-15g\/\"]}]},{\"@type\":\"ImageObject\",\"inLanguage\":\"en-US\",\"@id\":\"https:\/\/idakorea.ee\/product\/paikesekaitsepulk-benton-mineral-sun-stick-15g\/#primaryimage\",\"url\":\"https:\/\/idakorea.ee\/wp-content\/uploads\/2025\/04\/bentonmineralsunstickspf50pa_15g-idakorea.webp\",\"contentUrl\":\"https:\/\/idakorea.ee\/wp-content\/uploads\/2025\/04\/bentonmineralsunstickspf50pa_15g-idakorea.webp\",\"width\":1000,\"height\":1000},{\"@type\":\"BreadcrumbList\",\"@id\":\"https:\/\/idakorea.ee\/product\/paikesekaitsepulk-benton-mineral-sun-stick-15g\/#breadcrumb\",\"itemListElement\":[{\"@type\":\"ListItem\",\"position\":1,\"name\":\"\u0413\u043b\u0430\u0432\u043d\u0430\u044f \u0441\u0442\u0440\u0430\u043d\u0438\u0446\u0430\",\"item\":\"https:\/\/idakorea.ee\/\"},{\"@type\":\"ListItem\",\"position\":2,\"name\":\"Shop\",\"item\":\"https:\/\/idakorea.ee\/shop-2\/\"},{\"@type\":\"ListItem\",\"position\":3,\"name\":\"P\u00e4ikesekaitsepulk Benton Mineral Sun Stick, 15g\"}]},{\"@type\":\"WebSite\",\"@id\":\"https:\/\/idakorea.ee\/#website\",\"url\":\"https:\/\/idakorea.ee\/\",\"name\":\"IDA.KOREA\",\"description\":\"Korea kosmeetika e-pood\",\"publisher\":{\"@id\":\"https:\/\/idakorea.ee\/#organization\"},\"alternateName\":\"Beauty Shop\",\"potentialAction\":[{\"@type\":\"SearchAction\",\"target\":{\"@type\":\"EntryPoint\",\"urlTemplate\":\"https:\/\/idakorea.ee\/?s={search_term_string}\"},\"query-input\":{\"@type\":\"PropertyValueSpecification\",\"valueRequired\":true,\"valueName\":\"search_term_string\"}}],\"inLanguage\":\"en-US\"},{\"@type\":\"Organization\",\"@id\":\"https:\/\/idakorea.ee\/#organization\",\"name\":\"IDA.KOREA\",\"url\":\"https:\/\/idakorea.ee\/\",\"logo\":{\"@type\":\"ImageObject\",\"inLanguage\":\"en-US\",\"@id\":\"https:\/\/idakorea.ee\/#\/schema\/logo\/image\/\",\"url\":\"https:\/\/idakorea.ee\/wp-content\/uploads\/2024\/05\/cropped-korea3.png\",\"contentUrl\":\"https:\/\/idakorea.ee\/wp-content\/uploads\/2024\/05\/cropped-korea3.png\",\"width\":688,\"height\":126,\"caption\":\"IDA.KOREA\"},\"image\":{\"@id\":\"https:\/\/idakorea.ee\/#\/schema\/logo\/image\/\"},\"sameAs\":[\"https:\/\/www.instagram.com\/ida.korea\/\"]}]}<\/script>\n<!-- \/ Yoast SEO plugin. -->","yoast_head_json":{"title":"Benton Mineral Sun Stick, 15g - IDA.KOREA","description":"The stick has a delicate texture, is comfortable to apply and blend, and does not leave an unpleasant sticky layer or white streaks on the skin. It has a high water resistance.","robots":{"index":"index","follow":"follow","max-snippet":"max-snippet:-1","max-image-preview":"max-image-preview:large","max-video-preview":"max-video-preview:-1"},"canonical":"https:\/\/idakorea.ee\/en\/product\/paikesekaitsepulk-benton-mineral-sun-stick-15g\/","og_locale":"en_US","og_type":"article","og_title":"Benton Mineral Sun Stick, 15g - IDA.KOREA","og_description":"Pulk on \u00f5rna tekstuuriga, mugav peale kanda ja hajutada, ei j\u00e4ta nahale ebameeldivat kleepuvat kihti ega valgeid triipe. Sellel on k\u00f5rge veekindlus.","og_url":"https:\/\/idakorea.ee\/en\/product\/paikesekaitsepulk-benton-mineral-sun-stick-15g\/","og_site_name":"IDA.KOREA","article_modified_time":"2026-03-25T08:21:36+00:00","og_image":[{"width":1000,"height":1000,"url":"https:\/\/idakorea.ee\/wp-content\/uploads\/2025\/04\/bentonmineralsunstickspf50pa_15g-idakorea.webp","type":"image\/webp"}],"twitter_card":"summary_large_image","twitter_misc":{"Est. reading time":"2 minutes"},"schema":{"@context":"https:\/\/schema.org","@graph":[{"@type":"WebPage","@id":"https:\/\/idakorea.ee\/product\/paikesekaitsepulk-benton-mineral-sun-stick-15g\/","url":"https:\/\/idakorea.ee\/product\/paikesekaitsepulk-benton-mineral-sun-stick-15g\/","name":"Benton Mineral Sun Stick, 15g - IDA.KOREA","isPartOf":{"@id":"https:\/\/idakorea.ee\/#website"},"primaryImageOfPage":{"@id":"https:\/\/idakorea.ee\/product\/paikesekaitsepulk-benton-mineral-sun-stick-15g\/#primaryimage"},"image":{"@id":"https:\/\/idakorea.ee\/product\/paikesekaitsepulk-benton-mineral-sun-stick-15g\/#primaryimage"},"thumbnailUrl":"https:\/\/idakorea.ee\/wp-content\/uploads\/2025\/04\/bentonmineralsunstickspf50pa_15g-idakorea.webp","datePublished":"2025-04-13T12:41:04+00:00","dateModified":"2026-03-25T08:21:36+00:00","description":"The stick has a delicate texture, is comfortable to apply and blend, and does not leave an unpleasant sticky layer or white streaks on the skin. It has a high water resistance.","breadcrumb":{"@id":"https:\/\/idakorea.ee\/product\/paikesekaitsepulk-benton-mineral-sun-stick-15g\/#breadcrumb"},"inLanguage":"en-US","potentialAction":[{"@type":"ReadAction","target":["https:\/\/idakorea.ee\/product\/paikesekaitsepulk-benton-mineral-sun-stick-15g\/"]}]},{"@type":"ImageObject","inLanguage":"en-US","@id":"https:\/\/idakorea.ee\/product\/paikesekaitsepulk-benton-mineral-sun-stick-15g\/#primaryimage","url":"https:\/\/idakorea.ee\/wp-content\/uploads\/2025\/04\/bentonmineralsunstickspf50pa_15g-idakorea.webp","contentUrl":"https:\/\/idakorea.ee\/wp-content\/uploads\/2025\/04\/bentonmineralsunstickspf50pa_15g-idakorea.webp","width":1000,"height":1000},{"@type":"BreadcrumbList","@id":"https:\/\/idakorea.ee\/product\/paikesekaitsepulk-benton-mineral-sun-stick-15g\/#breadcrumb","itemListElement":[{"@type":"ListItem","position":1,"name":"\u0413\u043b\u0430\u0432\u043d\u0430\u044f \u0441\u0442\u0440\u0430\u043d\u0438\u0446\u0430","item":"https:\/\/idakorea.ee\/"},{"@type":"ListItem","position":2,"name":"Shop","item":"https:\/\/idakorea.ee\/shop-2\/"},{"@type":"ListItem","position":3,"name":"P\u00e4ikesekaitsepulk Benton Mineral Sun Stick, 15g"}]},{"@type":"WebSite","@id":"https:\/\/idakorea.ee\/#website","url":"https:\/\/idakorea.ee\/","name":"IDA.KOREA","description":"Korean cosmetics e-shop","publisher":{"@id":"https:\/\/idakorea.ee\/#organization"},"alternateName":"Beauty Shop","potentialAction":[{"@type":"SearchAction","target":{"@type":"EntryPoint","urlTemplate":"https:\/\/idakorea.ee\/?s={search_term_string}"},"query-input":{"@type":"PropertyValueSpecification","valueRequired":true,"valueName":"search_term_string"}}],"inLanguage":"en-US"},{"@type":"Organization","@id":"https:\/\/idakorea.ee\/#organization","name":"IDA.KOREA","url":"https:\/\/idakorea.ee\/","logo":{"@type":"ImageObject","inLanguage":"en-US","@id":"https:\/\/idakorea.ee\/#\/schema\/logo\/image\/","url":"https:\/\/idakorea.ee\/wp-content\/uploads\/2024\/05\/cropped-korea3.png","contentUrl":"https:\/\/idakorea.ee\/wp-content\/uploads\/2024\/05\/cropped-korea3.png","width":688,"height":126,"caption":"IDA.KOREA"},"image":{"@id":"https:\/\/idakorea.ee\/#\/schema\/logo\/image\/"},"sameAs":["https:\/\/www.instagram.com\/ida.korea\/"]}]}},"jetpack_sharing_enabled":true,"brands":[{"id":475,"name":"BENTON","slug":"benton"}],"_links":{"self":[{"href":"https:\/\/idakorea.ee\/en\/wp-json\/wp\/v2\/product\/13551","targetHints":{"allow":["GET"]}}],"collection":[{"href":"https:\/\/idakorea.ee\/en\/wp-json\/wp\/v2\/product"}],"about":[{"href":"https:\/\/idakorea.ee\/en\/wp-json\/wp\/v2\/types\/product"}],"replies":[{"embeddable":true,"href":"https:\/\/idakorea.ee\/en\/wp-json\/wp\/v2\/comments?post=13551"}],"version-history":[{"count":4,"href":"https:\/\/idakorea.ee\/en\/wp-json\/wp\/v2\/product\/13551\/revisions"}],"predecessor-version":[{"id":18231,"href":"https:\/\/idakorea.ee\/en\/wp-json\/wp\/v2\/product\/13551\/revisions\/18231"}],"wp:featuredmedia":[{"embeddable":true,"href":"https:\/\/idakorea.ee\/en\/wp-json\/wp\/v2\/media\/13552"}],"wp:attachment":[{"href":"https:\/\/idakorea.ee\/en\/wp-json\/wp\/v2\/media?parent=13551"}],"wp:term":[{"taxonomy":"pwb-brand","embeddable":true,"href":"https:\/\/idakorea.ee\/en\/wp-json\/wp\/v2\/pwb-brand?post=13551"},{"taxonomy":"product_brand","embeddable":true,"href":"https:\/\/idakorea.ee\/en\/wp-json\/wp\/v2\/product_brand?post=13551"},{"taxonomy":"product_cat","embeddable":true,"href":"https:\/\/idakorea.ee\/en\/wp-json\/wp\/v2\/product_cat?post=13551"},{"taxonomy":"product_tag","embeddable":true,"href":"https:\/\/idakorea.ee\/en\/wp-json\/wp\/v2\/product_tag?post=13551"}],"curies":[{"name":"wp","href":"https:\/\/api.w.org\/{rel}","templated":true}]}}