{"id":13570,"date":"2025-04-14T18:19:37","date_gmt":"2025-04-14T16:19:37","guid":{"rendered":"https:\/\/idakorea.ee\/?post_type=product&#038;p=13570"},"modified":"2026-04-12T18:06:19","modified_gmt":"2026-04-12T16:06:19","slug":"laneige-bouncy-firm-sleeping-mask-10ml","status":"publish","type":"product","link":"https:\/\/idakorea.ee\/en\/product\/laneige-bouncy-firm-sleeping-mask-10ml\/","title":{"rendered":"Night mask for skin elasticity and radiance Laneige Bouncy &amp; Firm Sleeping Mask, 10ml"},"content":{"rendered":"<p><strong>Laneige Bouncy &amp; Firm<\/strong> night mask restores the skin's moisture balance in the cells in just one night, relieving dryness, a pulling sensation and peeling.<\/p>\n<p>A firming night mask with a pion and collagen complex offers both immediate and long-lasting benefits - smoothing the skin, making it more supple and supple. Achieve glowing, firm skin while you sleep!<\/p>\n<p>Contains a pion and collagen complex that restores skin's vitality and visible elasticity, while Hydro-Melt Glow capsules mimic the skin's own lipids, protecting the moisture barrier and providing nourishment through the night. With regular use, it visibly helps to reduce the appearance of fine lines and wrinkles and boosts skin radiance.<\/p>\n<p>Laneige Night Mask gives skin a pillow-like feel and improves the skin's visible elasticity, nourishing and restoring skin during sleep and leaving it radiant and refreshed in the morning.<\/p>\n<p>With a sorbet-like melting texture and hydrating capsules, this mask provides up to 24 hours of hydration with a refreshing finish and luxuriously silky application. Peony &amp; Collagen Complex smoothes the skin, reduces wrinkles and strengthens the skin's protective barrier, leaving it firmer and more supple. In addition, a sweet floral Sleepscent with a fragrance bouquet of peonies offers a relaxing mood before falling asleep.<\/p>\n<p>&nbsp;<\/p>\n<p>Suitable for all skin types.<\/p>\n<p><strong>Usage: <\/strong>Apply the required amount to a clean, dry face 10-15 minutes before going to bed. Do not wash off - just go to sleep. In the morning, wash your face as usual. Recommended use 1-3 times a week.<\/p>\n<p>&nbsp;<\/p>","protected":false},"excerpt":{"rendered":"<p>Laneige Bouncy &amp; Firm Night Mask restores the skin's moisture balance in the cells, relieves dryness, a tugging sensation and peeling in just one night. A firming night mask with a pion and collagen complex offers both immediate and long-lasting benefits - smoothing skin, making it more supple and supple. Achieve glowing and toned skin while you sleep! Contains a pion and collagen complex that restores skin's vitality and...<\/p>","protected":false},"featured_media":13571,"comment_status":"open","ping_status":"closed","template":"","meta":{"_uf_show_specific_survey":0,"_uf_disable_surveys":false,"_bst_post_transparent":"default","_bst_post_title":"","_bst_post_layout":"default","_bst_post_sidebar_id":"","_bst_post_content_style":"default","_bst_post_vertical_padding":"default","_bst_post_feature":"","_bst_post_feature_position":"","_bst_post_header":false,"_bst_post_footer":false},"pwb-brand":[477],"product_brand":[],"product_cat":[92,98],"product_tag":[497],"class_list":{"0":"post-13570","1":"product","2":"type-product","3":"status-publish","4":"has-post-thumbnail","6":"pwb-brand-laneige","7":"product_cat-nagu","8":"product_cat-naomaskid","9":"product_tag-laneige","11":"first","12":"instock","13":"sale","14":"shipping-taxable","15":"purchasable","16":"product-type-simple","17":"entry","18":"content-bg","19":"loop-entry"},"supplier_id":null,"supplier_sku":"","barcode":null,"atum_controlled":true,"out_stock_date":null,"out_stock_threshold":null,"inheritable":false,"inbound_stock":0,"stock_on_hold":0,"sold_today":0,"sales_last_days":3,"out_stock_days":0,"lost_sales":0,"has_location":false,"update_date":"2026-04-14T14:03:46","atum_locations":[],"atum_stock_status":"instock","restock_status":false,"low_stock_amount":"","sales_update_date":"2026-04-14T14:03:46","calc_backorders":null,"yoast_head":"<!-- This site is optimized with the Yoast SEO plugin v27.2 - https:\/\/yoast.com\/product\/yoast-seo-wordpress\/ -->\n<title>Laneige Bouncy &amp; Firm Sleeping Mask, 10ml - IDA.KOREA<\/title>\n<meta name=\"description\" content=\"Laneige Bouncy &amp; Firm \u00f6\u00f6mask taastab vaid \u00fche \u00f6\u00f6ga naha niiskustasakaalu rakkudes, leevendab kuivust, kiskuvat tunnet ja kestendust. Kiire tarne!\" \/>\n<meta name=\"robots\" content=\"index, follow, max-snippet:-1, max-image-preview:large, max-video-preview:-1\" \/>\n<link rel=\"canonical\" href=\"https:\/\/idakorea.ee\/en\/product\/laneige-bouncy-firm-sleeping-mask-10ml\/\" \/>\n<meta property=\"og:locale\" content=\"en_US\" \/>\n<meta property=\"og:type\" content=\"article\" \/>\n<meta property=\"og:title\" content=\"Laneige Bouncy &amp; Firm Sleeping Mask, 10ml - IDA.KOREA\" \/>\n<meta property=\"og:description\" content=\"Laneige Bouncy &amp; Firm \u00f6\u00f6mask taastab vaid \u00fche \u00f6\u00f6ga naha niiskustasakaalu rakkudes, leevendab kuivust, kiskuvat tunnet ja kestendust. Kiire tarne!\" \/>\n<meta property=\"og:url\" content=\"https:\/\/idakorea.ee\/en\/product\/laneige-bouncy-firm-sleeping-mask-10ml\/\" \/>\n<meta property=\"og:site_name\" content=\"IDA.KOREA\" \/>\n<meta property=\"article:modified_time\" content=\"2026-04-12T16:06:19+00:00\" \/>\n<meta property=\"og:image\" content=\"https:\/\/idakorea.ee\/wp-content\/uploads\/2025\/04\/laneige-bouncy-sleeping-mask-idakorea.webp\" \/>\n\t<meta property=\"og:image:width\" content=\"1600\" \/>\n\t<meta property=\"og:image:height\" content=\"1600\" \/>\n\t<meta property=\"og:image:type\" content=\"image\/webp\" \/>\n<meta name=\"twitter:card\" content=\"summary_large_image\" \/>\n<meta name=\"twitter:label1\" content=\"Est. reading time\" \/>\n\t<meta name=\"twitter:data1\" content=\"2 minutes\" \/>\n<script type=\"application\/ld+json\" class=\"yoast-schema-graph\">{\"@context\":\"https:\/\/schema.org\",\"@graph\":[{\"@type\":\"WebPage\",\"@id\":\"https:\/\/idakorea.ee\/product\/laneige-bouncy-firm-sleeping-mask-10ml\/\",\"url\":\"https:\/\/idakorea.ee\/product\/laneige-bouncy-firm-sleeping-mask-10ml\/\",\"name\":\"Laneige Bouncy & Firm Sleeping Mask, 10ml - IDA.KOREA\",\"isPartOf\":{\"@id\":\"https:\/\/idakorea.ee\/#website\"},\"primaryImageOfPage\":{\"@id\":\"https:\/\/idakorea.ee\/product\/laneige-bouncy-firm-sleeping-mask-10ml\/#primaryimage\"},\"image\":{\"@id\":\"https:\/\/idakorea.ee\/product\/laneige-bouncy-firm-sleeping-mask-10ml\/#primaryimage\"},\"thumbnailUrl\":\"https:\/\/idakorea.ee\/wp-content\/uploads\/2025\/04\/laneige-bouncy-sleeping-mask-idakorea.webp\",\"datePublished\":\"2025-04-14T16:19:37+00:00\",\"dateModified\":\"2026-04-12T16:06:19+00:00\",\"description\":\"Laneige Bouncy & Firm \u00f6\u00f6mask taastab vaid \u00fche \u00f6\u00f6ga naha niiskustasakaalu rakkudes, leevendab kuivust, kiskuvat tunnet ja kestendust. Kiire tarne!\",\"breadcrumb\":{\"@id\":\"https:\/\/idakorea.ee\/product\/laneige-bouncy-firm-sleeping-mask-10ml\/#breadcrumb\"},\"inLanguage\":\"en-US\",\"potentialAction\":[{\"@type\":\"ReadAction\",\"target\":[\"https:\/\/idakorea.ee\/product\/laneige-bouncy-firm-sleeping-mask-10ml\/\"]}]},{\"@type\":\"ImageObject\",\"inLanguage\":\"en-US\",\"@id\":\"https:\/\/idakorea.ee\/product\/laneige-bouncy-firm-sleeping-mask-10ml\/#primaryimage\",\"url\":\"https:\/\/idakorea.ee\/wp-content\/uploads\/2025\/04\/laneige-bouncy-sleeping-mask-idakorea.webp\",\"contentUrl\":\"https:\/\/idakorea.ee\/wp-content\/uploads\/2025\/04\/laneige-bouncy-sleeping-mask-idakorea.webp\",\"width\":1600,\"height\":1600},{\"@type\":\"BreadcrumbList\",\"@id\":\"https:\/\/idakorea.ee\/product\/laneige-bouncy-firm-sleeping-mask-10ml\/#breadcrumb\",\"itemListElement\":[{\"@type\":\"ListItem\",\"position\":1,\"name\":\"\u0413\u043b\u0430\u0432\u043d\u0430\u044f \u0441\u0442\u0440\u0430\u043d\u0438\u0446\u0430\",\"item\":\"https:\/\/idakorea.ee\/\"},{\"@type\":\"ListItem\",\"position\":2,\"name\":\"Shop\",\"item\":\"https:\/\/idakorea.ee\/shop-2\/\"},{\"@type\":\"ListItem\",\"position\":3,\"name\":\"\u00d6\u00f6mask naha elastsuse ja s\u00e4ra jaoks Laneige Bouncy &#038; Firm Sleeping Mask, 10ml\"}]},{\"@type\":\"WebSite\",\"@id\":\"https:\/\/idakorea.ee\/#website\",\"url\":\"https:\/\/idakorea.ee\/\",\"name\":\"IDA.KOREA\",\"description\":\"Korea kosmeetika e-pood\",\"publisher\":{\"@id\":\"https:\/\/idakorea.ee\/#organization\"},\"alternateName\":\"Beauty Shop\",\"potentialAction\":[{\"@type\":\"SearchAction\",\"target\":{\"@type\":\"EntryPoint\",\"urlTemplate\":\"https:\/\/idakorea.ee\/?s={search_term_string}\"},\"query-input\":{\"@type\":\"PropertyValueSpecification\",\"valueRequired\":true,\"valueName\":\"search_term_string\"}}],\"inLanguage\":\"en-US\"},{\"@type\":\"Organization\",\"@id\":\"https:\/\/idakorea.ee\/#organization\",\"name\":\"IDA.KOREA\",\"url\":\"https:\/\/idakorea.ee\/\",\"logo\":{\"@type\":\"ImageObject\",\"inLanguage\":\"en-US\",\"@id\":\"https:\/\/idakorea.ee\/#\/schema\/logo\/image\/\",\"url\":\"https:\/\/idakorea.ee\/wp-content\/uploads\/2024\/05\/cropped-korea3.png\",\"contentUrl\":\"https:\/\/idakorea.ee\/wp-content\/uploads\/2024\/05\/cropped-korea3.png\",\"width\":688,\"height\":126,\"caption\":\"IDA.KOREA\"},\"image\":{\"@id\":\"https:\/\/idakorea.ee\/#\/schema\/logo\/image\/\"},\"sameAs\":[\"https:\/\/www.instagram.com\/ida.korea\/\"]}]}<\/script>\n<!-- \/ Yoast SEO plugin. -->","yoast_head_json":{"title":"Laneige Bouncy &amp; Firm Sleeping Mask, 10ml - IDA.KOREA","description":"Laneige Bouncy &amp; Firm Night Mask restores the skin's moisture balance in the cells, relieves dryness, a tugging sensation and peeling in just one night. Fast delivery!","robots":{"index":"index","follow":"follow","max-snippet":"max-snippet:-1","max-image-preview":"max-image-preview:large","max-video-preview":"max-video-preview:-1"},"canonical":"https:\/\/idakorea.ee\/en\/product\/laneige-bouncy-firm-sleeping-mask-10ml\/","og_locale":"en_US","og_type":"article","og_title":"Laneige Bouncy & Firm Sleeping Mask, 10ml - IDA.KOREA","og_description":"Laneige Bouncy & Firm \u00f6\u00f6mask taastab vaid \u00fche \u00f6\u00f6ga naha niiskustasakaalu rakkudes, leevendab kuivust, kiskuvat tunnet ja kestendust. Kiire tarne!","og_url":"https:\/\/idakorea.ee\/en\/product\/laneige-bouncy-firm-sleeping-mask-10ml\/","og_site_name":"IDA.KOREA","article_modified_time":"2026-04-12T16:06:19+00:00","og_image":[{"width":1600,"height":1600,"url":"https:\/\/idakorea.ee\/wp-content\/uploads\/2025\/04\/laneige-bouncy-sleeping-mask-idakorea.webp","type":"image\/webp"}],"twitter_card":"summary_large_image","twitter_misc":{"Est. reading time":"2 minutes"},"schema":{"@context":"https:\/\/schema.org","@graph":[{"@type":"WebPage","@id":"https:\/\/idakorea.ee\/product\/laneige-bouncy-firm-sleeping-mask-10ml\/","url":"https:\/\/idakorea.ee\/product\/laneige-bouncy-firm-sleeping-mask-10ml\/","name":"Laneige Bouncy &amp; Firm Sleeping Mask, 10ml - IDA.KOREA","isPartOf":{"@id":"https:\/\/idakorea.ee\/#website"},"primaryImageOfPage":{"@id":"https:\/\/idakorea.ee\/product\/laneige-bouncy-firm-sleeping-mask-10ml\/#primaryimage"},"image":{"@id":"https:\/\/idakorea.ee\/product\/laneige-bouncy-firm-sleeping-mask-10ml\/#primaryimage"},"thumbnailUrl":"https:\/\/idakorea.ee\/wp-content\/uploads\/2025\/04\/laneige-bouncy-sleeping-mask-idakorea.webp","datePublished":"2025-04-14T16:19:37+00:00","dateModified":"2026-04-12T16:06:19+00:00","description":"Laneige Bouncy &amp; Firm Night Mask restores the skin's moisture balance in the cells, relieves dryness, a tugging sensation and peeling in just one night. Fast delivery!","breadcrumb":{"@id":"https:\/\/idakorea.ee\/product\/laneige-bouncy-firm-sleeping-mask-10ml\/#breadcrumb"},"inLanguage":"en-US","potentialAction":[{"@type":"ReadAction","target":["https:\/\/idakorea.ee\/product\/laneige-bouncy-firm-sleeping-mask-10ml\/"]}]},{"@type":"ImageObject","inLanguage":"en-US","@id":"https:\/\/idakorea.ee\/product\/laneige-bouncy-firm-sleeping-mask-10ml\/#primaryimage","url":"https:\/\/idakorea.ee\/wp-content\/uploads\/2025\/04\/laneige-bouncy-sleeping-mask-idakorea.webp","contentUrl":"https:\/\/idakorea.ee\/wp-content\/uploads\/2025\/04\/laneige-bouncy-sleeping-mask-idakorea.webp","width":1600,"height":1600},{"@type":"BreadcrumbList","@id":"https:\/\/idakorea.ee\/product\/laneige-bouncy-firm-sleeping-mask-10ml\/#breadcrumb","itemListElement":[{"@type":"ListItem","position":1,"name":"\u0413\u043b\u0430\u0432\u043d\u0430\u044f \u0441\u0442\u0440\u0430\u043d\u0438\u0446\u0430","item":"https:\/\/idakorea.ee\/"},{"@type":"ListItem","position":2,"name":"Shop","item":"https:\/\/idakorea.ee\/shop-2\/"},{"@type":"ListItem","position":3,"name":"\u00d6\u00f6mask naha elastsuse ja s\u00e4ra jaoks Laneige Bouncy &#038; Firm Sleeping Mask, 10ml"}]},{"@type":"WebSite","@id":"https:\/\/idakorea.ee\/#website","url":"https:\/\/idakorea.ee\/","name":"IDA.KOREA","description":"Korean cosmetics e-shop","publisher":{"@id":"https:\/\/idakorea.ee\/#organization"},"alternateName":"Beauty Shop","potentialAction":[{"@type":"SearchAction","target":{"@type":"EntryPoint","urlTemplate":"https:\/\/idakorea.ee\/?s={search_term_string}"},"query-input":{"@type":"PropertyValueSpecification","valueRequired":true,"valueName":"search_term_string"}}],"inLanguage":"en-US"},{"@type":"Organization","@id":"https:\/\/idakorea.ee\/#organization","name":"IDA.KOREA","url":"https:\/\/idakorea.ee\/","logo":{"@type":"ImageObject","inLanguage":"en-US","@id":"https:\/\/idakorea.ee\/#\/schema\/logo\/image\/","url":"https:\/\/idakorea.ee\/wp-content\/uploads\/2024\/05\/cropped-korea3.png","contentUrl":"https:\/\/idakorea.ee\/wp-content\/uploads\/2024\/05\/cropped-korea3.png","width":688,"height":126,"caption":"IDA.KOREA"},"image":{"@id":"https:\/\/idakorea.ee\/#\/schema\/logo\/image\/"},"sameAs":["https:\/\/www.instagram.com\/ida.korea\/"]}]}},"jetpack_sharing_enabled":true,"brands":[{"id":477,"name":"LANEIGE","slug":"laneige"}],"_links":{"self":[{"href":"https:\/\/idakorea.ee\/en\/wp-json\/wp\/v2\/product\/13570","targetHints":{"allow":["GET"]}}],"collection":[{"href":"https:\/\/idakorea.ee\/en\/wp-json\/wp\/v2\/product"}],"about":[{"href":"https:\/\/idakorea.ee\/en\/wp-json\/wp\/v2\/types\/product"}],"replies":[{"embeddable":true,"href":"https:\/\/idakorea.ee\/en\/wp-json\/wp\/v2\/comments?post=13570"}],"version-history":[{"count":2,"href":"https:\/\/idakorea.ee\/en\/wp-json\/wp\/v2\/product\/13570\/revisions"}],"predecessor-version":[{"id":13575,"href":"https:\/\/idakorea.ee\/en\/wp-json\/wp\/v2\/product\/13570\/revisions\/13575"}],"wp:featuredmedia":[{"embeddable":true,"href":"https:\/\/idakorea.ee\/en\/wp-json\/wp\/v2\/media\/13571"}],"wp:attachment":[{"href":"https:\/\/idakorea.ee\/en\/wp-json\/wp\/v2\/media?parent=13570"}],"wp:term":[{"taxonomy":"pwb-brand","embeddable":true,"href":"https:\/\/idakorea.ee\/en\/wp-json\/wp\/v2\/pwb-brand?post=13570"},{"taxonomy":"product_brand","embeddable":true,"href":"https:\/\/idakorea.ee\/en\/wp-json\/wp\/v2\/product_brand?post=13570"},{"taxonomy":"product_cat","embeddable":true,"href":"https:\/\/idakorea.ee\/en\/wp-json\/wp\/v2\/product_cat?post=13570"},{"taxonomy":"product_tag","embeddable":true,"href":"https:\/\/idakorea.ee\/en\/wp-json\/wp\/v2\/product_tag?post=13570"}],"curies":[{"name":"wp","href":"https:\/\/api.w.org\/{rel}","templated":true}]}}