{"id":13583,"date":"2025-04-15T10:08:30","date_gmt":"2025-04-15T08:08:30","guid":{"rendered":"https:\/\/idakorea.ee\/?post_type=product&#038;p=13583"},"modified":"2026-04-06T08:09:07","modified_gmt":"2026-04-06T06:09:07","slug":"some-by-mi-v10-hyal-antioxidant-sunscreen-spf50-pa-40ml","status":"publish","type":"product","link":"https:\/\/idakorea.ee\/en\/product\/some-by-mi-v10-hyal-antioxidant-sunscreen-spf50-pa-40ml\/","title":{"rendered":"Sunscreen with antioxidants Some By Mi V10 Hyal Antioxidant Sunscreen SPF50+ PA++++, 40ml"},"content":{"rendered":"<p><strong>Sunscreen with antioxidants Some By Mi V10 Hyal Antioxidant Sunscreen SPF50+ PA++++<\/strong> reliably protects the skin from the damaging effects of UV rays, blocks melanin synthesis and prevents the breakdown of collagen fibres. Neutralises the effects of free radicals, slows down the ageing process and improves the skin's complexion while helping to fight hyperpigmentation.<\/p>\n<p>The combination of a new generation of physical and chemical filters ensures high photostability and durability. Leaves no sticky feel and no white film.<\/p>\n<p>The product has a light and airy texture that absorbs quickly and does not make the skin sticky.<\/p>\n<p>The main conditioning complex is 10 vitamins (9 000 ppm):<\/p>\n<ul>\n<li><strong>Vitamin A<\/strong> Stimulates cell renewal, smoothes texture, reduces wrinkles and pigmentation and evens skin tone.<\/li>\n<li><strong>vitamin B5<\/strong> speeds up healing, softens rough areas, strengthens the skin's protective barrier and soothes redness and irritation.<\/li>\n<li><strong>Vitamin B12<\/strong> participates in cell division, reduces mimic wrinkles and pores, accelerates cell renewal and activates metabolism.<\/li>\n<li><strong>Vitamin C<\/strong> is a potent antioxidant, protects against UV rays and stimulates collagen production.<\/li>\n<li><strong>Vitamin D<\/strong> is activated by sunlight, helps against pigmentation and ageing.<\/li>\n<li><strong>Vitamin E<\/strong> nourishes, moisturises and maintains moisture balance, strengthening the skin's defences.<\/li>\n<li><strong>Vitamin P<\/strong> protects cell membranes, strengthens blood vessels and stimulates skin cell renewal.<\/li>\n<li><strong>Vitamin F<\/strong> accelerates healing, reduces pigmentation and improves complexion.<\/li>\n<li><strong>Vitamin H<\/strong> normalises lipid metabolism, removes dryness and scaling.<\/li>\n<li><strong>Vitamin K<\/strong> strengthens tissues, restores the skin's protective barrier, reduces dark circles and couperose.<\/li>\n<\/ul>\n<p><strong>Additional components:<\/strong><\/p>\n<ul>\n<li><strong>3 types of hyaluronic acid (1 000 ppm)<\/strong> deeply moisturise and help maintain the skin's natural pH, forming a protective layer that prevents moisture loss.<\/li>\n<li><strong>Ceramides<\/strong> restore the skin's lipid barrier and strengthen its protective functions.<\/li>\n<li><strong>Acetylglucosamine<\/strong> promotes the absorption of hyaluronic acid into the deeper layers of the skin, intensively moisturises and protects against dehydration.<\/li>\n<\/ul>\n<p>&nbsp;<\/p>\n<p>Suitable for normal, combination and oily skin.<\/p>\n<p><strong>Usage:<\/strong> Apply the required amount of cream as the last step of your skincare routine. Shake well before use.<\/p>\n<p>&nbsp;<\/p>","protected":false},"excerpt":{"rendered":"<p>Antioxidant sunscreen Some By Mi V10 Hyal Antioxidant Sunscreen SPF50+ PA++++ reliably protects the skin from the damaging effects of UV rays, blocks melanin synthesis and prevents the breakdown of collagen fibres. Neutralises the effects of free radicals, slows down the ageing process and improves the skin's complexion while helping to fight hyperpigmentation. The combination of new generation physical and chemical filters ensures high photostability and durability. Does not leave...<\/p>","protected":false},"featured_media":13584,"comment_status":"open","ping_status":"closed","template":"","meta":{"_uf_show_specific_survey":0,"_uf_disable_surveys":false,"_bst_post_transparent":"default","_bst_post_title":"","_bst_post_layout":"default","_bst_post_sidebar_id":"","_bst_post_content_style":"default","_bst_post_vertical_padding":"default","_bst_post_feature":"","_bst_post_feature_position":"","_bst_post_header":false,"_bst_post_footer":false},"pwb-brand":[492],"product_brand":[],"product_cat":[101],"product_tag":[875],"class_list":{"0":"post-13583","1":"product","2":"type-product","3":"status-publish","4":"has-post-thumbnail","6":"pwb-brand-some-by-mi","7":"product_cat-paikesekaitse","8":"product_tag-spf50","10":"first","11":"instock","12":"sale","13":"shipping-taxable","14":"purchasable","15":"product-type-simple","16":"entry","17":"content-bg","18":"loop-entry"},"supplier_id":null,"supplier_sku":"","barcode":null,"atum_controlled":true,"out_stock_date":null,"out_stock_threshold":null,"inheritable":false,"inbound_stock":0,"stock_on_hold":0,"sold_today":0,"sales_last_days":1,"out_stock_days":0,"lost_sales":0,"has_location":false,"update_date":"2026-04-14T00:05:11","atum_locations":[],"atum_stock_status":"instock","restock_status":false,"low_stock_amount":"","sales_update_date":"2026-04-14T00:05:11","calc_backorders":null,"yoast_head":"<!-- This site is optimized with the Yoast SEO plugin v27.2 - https:\/\/yoast.com\/product\/yoast-seo-wordpress\/ -->\n<title>Some By Mi V10 Hyal Antioxidant Sunscreen SPF50+ PA++++, 40ml - IDA.KOREA<\/title>\n<meta name=\"description\" content=\"Kerge p\u00e4ikesekaitsekreem V10 Hyal Antioxidant 10 vitamiini ja h\u00fcaluroonhappega. Niisutab, kaitseb UV eest, \u00fchtlastab n\u00e4otooni. Kiire tarne!\" \/>\n<meta name=\"robots\" content=\"index, follow, max-snippet:-1, max-image-preview:large, max-video-preview:-1\" \/>\n<link rel=\"canonical\" href=\"https:\/\/idakorea.ee\/en\/product\/some-by-mi-v10-hyal-antioxidant-sunscreen-spf50-pa-40ml\/\" \/>\n<meta property=\"og:locale\" content=\"en_US\" \/>\n<meta property=\"og:type\" content=\"article\" \/>\n<meta property=\"og:title\" content=\"Some By Mi V10 Hyal Antioxidant Sunscreen SPF50+ PA++++, 40ml - IDA.KOREA\" \/>\n<meta property=\"og:description\" content=\"Kerge p\u00e4ikesekaitsekreem V10 Hyal Antioxidant 10 vitamiini ja h\u00fcaluroonhappega. Niisutab, kaitseb UV eest, \u00fchtlastab n\u00e4otooni. Kiire tarne!\" \/>\n<meta property=\"og:url\" content=\"https:\/\/idakorea.ee\/en\/product\/some-by-mi-v10-hyal-antioxidant-sunscreen-spf50-pa-40ml\/\" \/>\n<meta property=\"og:site_name\" content=\"IDA.KOREA\" \/>\n<meta property=\"article:modified_time\" content=\"2026-04-06T06:09:07+00:00\" \/>\n<meta property=\"og:image\" content=\"https:\/\/idakorea.ee\/wp-content\/uploads\/2025\/04\/some-by-mi-v10-hyal-antioxidant-sunscreen-idakorea.jpg\" \/>\n\t<meta property=\"og:image:width\" content=\"1000\" \/>\n\t<meta property=\"og:image:height\" content=\"1000\" \/>\n\t<meta property=\"og:image:type\" content=\"image\/jpeg\" \/>\n<meta name=\"twitter:card\" content=\"summary_large_image\" \/>\n<meta name=\"twitter:label1\" content=\"Est. reading time\" \/>\n\t<meta name=\"twitter:data1\" content=\"2 minutes\" \/>\n<script type=\"application\/ld+json\" class=\"yoast-schema-graph\">{\"@context\":\"https:\/\/schema.org\",\"@graph\":[{\"@type\":\"WebPage\",\"@id\":\"https:\/\/idakorea.ee\/product\/some-by-mi-v10-hyal-antioxidant-sunscreen-spf50-pa-40ml\/\",\"url\":\"https:\/\/idakorea.ee\/product\/some-by-mi-v10-hyal-antioxidant-sunscreen-spf50-pa-40ml\/\",\"name\":\"Some By Mi V10 Hyal Antioxidant Sunscreen SPF50+ PA++++, 40ml - IDA.KOREA\",\"isPartOf\":{\"@id\":\"https:\/\/idakorea.ee\/#website\"},\"primaryImageOfPage\":{\"@id\":\"https:\/\/idakorea.ee\/product\/some-by-mi-v10-hyal-antioxidant-sunscreen-spf50-pa-40ml\/#primaryimage\"},\"image\":{\"@id\":\"https:\/\/idakorea.ee\/product\/some-by-mi-v10-hyal-antioxidant-sunscreen-spf50-pa-40ml\/#primaryimage\"},\"thumbnailUrl\":\"https:\/\/idakorea.ee\/wp-content\/uploads\/2025\/04\/some-by-mi-v10-hyal-antioxidant-sunscreen-idakorea.jpg\",\"datePublished\":\"2025-04-15T08:08:30+00:00\",\"dateModified\":\"2026-04-06T06:09:07+00:00\",\"description\":\"Kerge p\u00e4ikesekaitsekreem V10 Hyal Antioxidant 10 vitamiini ja h\u00fcaluroonhappega. Niisutab, kaitseb UV eest, \u00fchtlastab n\u00e4otooni. Kiire tarne!\",\"breadcrumb\":{\"@id\":\"https:\/\/idakorea.ee\/product\/some-by-mi-v10-hyal-antioxidant-sunscreen-spf50-pa-40ml\/#breadcrumb\"},\"inLanguage\":\"en-US\",\"potentialAction\":[{\"@type\":\"ReadAction\",\"target\":[\"https:\/\/idakorea.ee\/product\/some-by-mi-v10-hyal-antioxidant-sunscreen-spf50-pa-40ml\/\"]}]},{\"@type\":\"ImageObject\",\"inLanguage\":\"en-US\",\"@id\":\"https:\/\/idakorea.ee\/product\/some-by-mi-v10-hyal-antioxidant-sunscreen-spf50-pa-40ml\/#primaryimage\",\"url\":\"https:\/\/idakorea.ee\/wp-content\/uploads\/2025\/04\/some-by-mi-v10-hyal-antioxidant-sunscreen-idakorea.jpg\",\"contentUrl\":\"https:\/\/idakorea.ee\/wp-content\/uploads\/2025\/04\/some-by-mi-v10-hyal-antioxidant-sunscreen-idakorea.jpg\",\"width\":1000,\"height\":1000,\"caption\":\"Some By Mi V10 Hyal Antioxidant Sunscreen-idakorea\"},{\"@type\":\"BreadcrumbList\",\"@id\":\"https:\/\/idakorea.ee\/product\/some-by-mi-v10-hyal-antioxidant-sunscreen-spf50-pa-40ml\/#breadcrumb\",\"itemListElement\":[{\"@type\":\"ListItem\",\"position\":1,\"name\":\"\u0413\u043b\u0430\u0432\u043d\u0430\u044f \u0441\u0442\u0440\u0430\u043d\u0438\u0446\u0430\",\"item\":\"https:\/\/idakorea.ee\/\"},{\"@type\":\"ListItem\",\"position\":2,\"name\":\"Shop\",\"item\":\"https:\/\/idakorea.ee\/shop-2\/\"},{\"@type\":\"ListItem\",\"position\":3,\"name\":\"P\u00e4ikesekaitsekreem antioks\u00fcdantidega Some By Mi V10 Hyal Antioxidant Sunscreen SPF50+ PA++++, 40ml\"}]},{\"@type\":\"WebSite\",\"@id\":\"https:\/\/idakorea.ee\/#website\",\"url\":\"https:\/\/idakorea.ee\/\",\"name\":\"IDA.KOREA\",\"description\":\"Korea kosmeetika e-pood\",\"publisher\":{\"@id\":\"https:\/\/idakorea.ee\/#organization\"},\"alternateName\":\"Beauty Shop\",\"potentialAction\":[{\"@type\":\"SearchAction\",\"target\":{\"@type\":\"EntryPoint\",\"urlTemplate\":\"https:\/\/idakorea.ee\/?s={search_term_string}\"},\"query-input\":{\"@type\":\"PropertyValueSpecification\",\"valueRequired\":true,\"valueName\":\"search_term_string\"}}],\"inLanguage\":\"en-US\"},{\"@type\":\"Organization\",\"@id\":\"https:\/\/idakorea.ee\/#organization\",\"name\":\"IDA.KOREA\",\"url\":\"https:\/\/idakorea.ee\/\",\"logo\":{\"@type\":\"ImageObject\",\"inLanguage\":\"en-US\",\"@id\":\"https:\/\/idakorea.ee\/#\/schema\/logo\/image\/\",\"url\":\"https:\/\/idakorea.ee\/wp-content\/uploads\/2024\/05\/cropped-korea3.png\",\"contentUrl\":\"https:\/\/idakorea.ee\/wp-content\/uploads\/2024\/05\/cropped-korea3.png\",\"width\":688,\"height\":126,\"caption\":\"IDA.KOREA\"},\"image\":{\"@id\":\"https:\/\/idakorea.ee\/#\/schema\/logo\/image\/\"},\"sameAs\":[\"https:\/\/www.instagram.com\/ida.korea\/\"]}]}<\/script>\n<!-- \/ Yoast SEO plugin. -->","yoast_head_json":{"title":"Some By Mi V10 Hyal Antioxidant Sunscreen SPF50+ PA++++, 40ml - IDA.KOREA","description":"Light sunscreen V10 Hyal Antioxidant with 10 vitamins and hyaluronic acid. Moisturises, protects against UV rays, evens the complexion. Fast delivery!","robots":{"index":"index","follow":"follow","max-snippet":"max-snippet:-1","max-image-preview":"max-image-preview:large","max-video-preview":"max-video-preview:-1"},"canonical":"https:\/\/idakorea.ee\/en\/product\/some-by-mi-v10-hyal-antioxidant-sunscreen-spf50-pa-40ml\/","og_locale":"en_US","og_type":"article","og_title":"Some By Mi V10 Hyal Antioxidant Sunscreen SPF50+ PA++++, 40ml - IDA.KOREA","og_description":"Kerge p\u00e4ikesekaitsekreem V10 Hyal Antioxidant 10 vitamiini ja h\u00fcaluroonhappega. Niisutab, kaitseb UV eest, \u00fchtlastab n\u00e4otooni. Kiire tarne!","og_url":"https:\/\/idakorea.ee\/en\/product\/some-by-mi-v10-hyal-antioxidant-sunscreen-spf50-pa-40ml\/","og_site_name":"IDA.KOREA","article_modified_time":"2026-04-06T06:09:07+00:00","og_image":[{"width":1000,"height":1000,"url":"https:\/\/idakorea.ee\/wp-content\/uploads\/2025\/04\/some-by-mi-v10-hyal-antioxidant-sunscreen-idakorea.jpg","type":"image\/jpeg"}],"twitter_card":"summary_large_image","twitter_misc":{"Est. reading time":"2 minutes"},"schema":{"@context":"https:\/\/schema.org","@graph":[{"@type":"WebPage","@id":"https:\/\/idakorea.ee\/product\/some-by-mi-v10-hyal-antioxidant-sunscreen-spf50-pa-40ml\/","url":"https:\/\/idakorea.ee\/product\/some-by-mi-v10-hyal-antioxidant-sunscreen-spf50-pa-40ml\/","name":"Some By Mi V10 Hyal Antioxidant Sunscreen SPF50+ PA++++, 40ml - IDA.KOREA","isPartOf":{"@id":"https:\/\/idakorea.ee\/#website"},"primaryImageOfPage":{"@id":"https:\/\/idakorea.ee\/product\/some-by-mi-v10-hyal-antioxidant-sunscreen-spf50-pa-40ml\/#primaryimage"},"image":{"@id":"https:\/\/idakorea.ee\/product\/some-by-mi-v10-hyal-antioxidant-sunscreen-spf50-pa-40ml\/#primaryimage"},"thumbnailUrl":"https:\/\/idakorea.ee\/wp-content\/uploads\/2025\/04\/some-by-mi-v10-hyal-antioxidant-sunscreen-idakorea.jpg","datePublished":"2025-04-15T08:08:30+00:00","dateModified":"2026-04-06T06:09:07+00:00","description":"Light sunscreen V10 Hyal Antioxidant with 10 vitamins and hyaluronic acid. Moisturises, protects against UV rays, evens the complexion. Fast delivery!","breadcrumb":{"@id":"https:\/\/idakorea.ee\/product\/some-by-mi-v10-hyal-antioxidant-sunscreen-spf50-pa-40ml\/#breadcrumb"},"inLanguage":"en-US","potentialAction":[{"@type":"ReadAction","target":["https:\/\/idakorea.ee\/product\/some-by-mi-v10-hyal-antioxidant-sunscreen-spf50-pa-40ml\/"]}]},{"@type":"ImageObject","inLanguage":"en-US","@id":"https:\/\/idakorea.ee\/product\/some-by-mi-v10-hyal-antioxidant-sunscreen-spf50-pa-40ml\/#primaryimage","url":"https:\/\/idakorea.ee\/wp-content\/uploads\/2025\/04\/some-by-mi-v10-hyal-antioxidant-sunscreen-idakorea.jpg","contentUrl":"https:\/\/idakorea.ee\/wp-content\/uploads\/2025\/04\/some-by-mi-v10-hyal-antioxidant-sunscreen-idakorea.jpg","width":1000,"height":1000,"caption":"Some By Mi V10 Hyal Antioxidant Sunscreen-idakorea"},{"@type":"BreadcrumbList","@id":"https:\/\/idakorea.ee\/product\/some-by-mi-v10-hyal-antioxidant-sunscreen-spf50-pa-40ml\/#breadcrumb","itemListElement":[{"@type":"ListItem","position":1,"name":"\u0413\u043b\u0430\u0432\u043d\u0430\u044f \u0441\u0442\u0440\u0430\u043d\u0438\u0446\u0430","item":"https:\/\/idakorea.ee\/"},{"@type":"ListItem","position":2,"name":"Shop","item":"https:\/\/idakorea.ee\/shop-2\/"},{"@type":"ListItem","position":3,"name":"P\u00e4ikesekaitsekreem antioks\u00fcdantidega Some By Mi V10 Hyal Antioxidant Sunscreen SPF50+ PA++++, 40ml"}]},{"@type":"WebSite","@id":"https:\/\/idakorea.ee\/#website","url":"https:\/\/idakorea.ee\/","name":"IDA.KOREA","description":"Korean cosmetics e-shop","publisher":{"@id":"https:\/\/idakorea.ee\/#organization"},"alternateName":"Beauty Shop","potentialAction":[{"@type":"SearchAction","target":{"@type":"EntryPoint","urlTemplate":"https:\/\/idakorea.ee\/?s={search_term_string}"},"query-input":{"@type":"PropertyValueSpecification","valueRequired":true,"valueName":"search_term_string"}}],"inLanguage":"en-US"},{"@type":"Organization","@id":"https:\/\/idakorea.ee\/#organization","name":"IDA.KOREA","url":"https:\/\/idakorea.ee\/","logo":{"@type":"ImageObject","inLanguage":"en-US","@id":"https:\/\/idakorea.ee\/#\/schema\/logo\/image\/","url":"https:\/\/idakorea.ee\/wp-content\/uploads\/2024\/05\/cropped-korea3.png","contentUrl":"https:\/\/idakorea.ee\/wp-content\/uploads\/2024\/05\/cropped-korea3.png","width":688,"height":126,"caption":"IDA.KOREA"},"image":{"@id":"https:\/\/idakorea.ee\/#\/schema\/logo\/image\/"},"sameAs":["https:\/\/www.instagram.com\/ida.korea\/"]}]}},"jetpack_sharing_enabled":true,"brands":[{"id":492,"name":"SOME BY MI","slug":"some-by-mi"}],"_links":{"self":[{"href":"https:\/\/idakorea.ee\/en\/wp-json\/wp\/v2\/product\/13583","targetHints":{"allow":["GET"]}}],"collection":[{"href":"https:\/\/idakorea.ee\/en\/wp-json\/wp\/v2\/product"}],"about":[{"href":"https:\/\/idakorea.ee\/en\/wp-json\/wp\/v2\/types\/product"}],"replies":[{"embeddable":true,"href":"https:\/\/idakorea.ee\/en\/wp-json\/wp\/v2\/comments?post=13583"}],"version-history":[{"count":1,"href":"https:\/\/idakorea.ee\/en\/wp-json\/wp\/v2\/product\/13583\/revisions"}],"predecessor-version":[{"id":13587,"href":"https:\/\/idakorea.ee\/en\/wp-json\/wp\/v2\/product\/13583\/revisions\/13587"}],"wp:featuredmedia":[{"embeddable":true,"href":"https:\/\/idakorea.ee\/en\/wp-json\/wp\/v2\/media\/13584"}],"wp:attachment":[{"href":"https:\/\/idakorea.ee\/en\/wp-json\/wp\/v2\/media?parent=13583"}],"wp:term":[{"taxonomy":"pwb-brand","embeddable":true,"href":"https:\/\/idakorea.ee\/en\/wp-json\/wp\/v2\/pwb-brand?post=13583"},{"taxonomy":"product_brand","embeddable":true,"href":"https:\/\/idakorea.ee\/en\/wp-json\/wp\/v2\/product_brand?post=13583"},{"taxonomy":"product_cat","embeddable":true,"href":"https:\/\/idakorea.ee\/en\/wp-json\/wp\/v2\/product_cat?post=13583"},{"taxonomy":"product_tag","embeddable":true,"href":"https:\/\/idakorea.ee\/en\/wp-json\/wp\/v2\/product_tag?post=13583"}],"curies":[{"name":"wp","href":"https:\/\/api.w.org\/{rel}","templated":true}]}}