{"id":13695,"date":"2025-04-21T14:05:34","date_gmt":"2025-04-21T12:05:34","guid":{"rendered":"https:\/\/idakorea.ee\/?post_type=product&#038;p=13695"},"modified":"2026-01-30T10:13:03","modified_gmt":"2026-01-30T08:13:03","slug":"round-lab-pine-calming-cica-mask","status":"publish","type":"product","link":"https:\/\/idakorea.ee\/en\/product\/round-lab-pine-calming-cica-mask\/","title":{"rendered":"Calming mask with pine and centella extracts Round Lab Pine Calming Cat Mask"},"content":{"rendered":"<p><strong>Round Lab Pine Calming Cat fabric mask - -<\/strong> soothes, moisturises and soothes irritations and redness. Restores skin after exposure to wind, sun, temperature fluctuations and adverse environmental conditions.<\/p>\n<p><strong>Action:<\/strong><br \/>\nSoftens rough and irritated skin, provides immediate freshness, reduces inflammation and provides a feeling of comfort. Hypoallergenic formula suitable for sensitive skin.<\/p>\n<p><strong>Pine Cica Activer Complex<\/strong> includes:<\/p>\n<ul>\n<li><strong>Pine extract<\/strong> - from low-temperature plants in the Yangyang region of Kangwon Province, Korea. Pine extract has anti-inflammatory and antioxidant properties.<\/li>\n<li><strong>Centella complex<\/strong> - contains asiatic hydrocarbon extract, asiatic acid, asiatic acid, madecassoside and madecassic acid. It strengthens the skin barrier, improves the elasticity of blood vessels and helps to prevent signs of couperose.<\/li>\n<li><strong>Glycoproteins<\/strong> - reinforce the skin's natural barrier and increase hydration levels.<\/li>\n<\/ul>\n<p><strong>Additional active substances:<\/strong><\/p>\n<ul>\n<li><strong>Caprylic salicylic acid (LHA)<\/strong> - A milder alternative to BHA acid that cleanses pores, lightens oiliness and prevents the formation of comedones.<\/li>\n<li><strong>Portulaca extract<\/strong> - promotes skin renewal, tightens pores and regulates oil secretion.<\/li>\n<li><strong>3 types of hyaluronic acid<\/strong> - penetrate into the deeper layers of the skin, moisturising and creating a protective layer that locks in moisture.<\/li>\n<li><strong>Irish moss extract (carrageenan)<\/strong> - has a strong antioxidant action, protects skin cells against free radicals, supports youthfulness and strengthens the skin barrier.<\/li>\n<\/ul>\n<p>&nbsp;<\/p>\n<p>Suitable for all skin types.<\/p>\n<p><strong>Usage:<\/strong><br \/>\nAfter cleansing and toning, apply the mask to the face. After 15-20 minutes, remove the mask and massage the remaining essence into the skin until absorbed.<\/p>","protected":false},"excerpt":{"rendered":"<p>Round Lab Pine Calming Cat Fabric Mask - soothes, moisturises and soothes irritation and redness. Restores skin after exposure to wind, sun, temperature fluctuations and adverse environmental conditions. Action: Soothes rough and irritated skin, provides immediate freshness, reduces inflammation and provides a sense of comfort. The hypoallergenic formula is suitable for sensitive skin. Pine Cica Activer Complex contains: Pine Cica Extract - derived from low temperature Korean...<\/p>","protected":false},"featured_media":13696,"comment_status":"open","ping_status":"closed","template":"","meta":{"_uf_show_specific_survey":0,"_uf_disable_surveys":false,"_bst_post_transparent":"default","_bst_post_title":"","_bst_post_layout":"default","_bst_post_sidebar_id":"","_bst_post_content_style":"default","_bst_post_vertical_padding":"default","_bst_post_feature":"","_bst_post_feature_position":"","_bst_post_header":false,"_bst_post_footer":false},"pwb-brand":[645],"product_brand":[],"product_cat":[92,98],"product_tag":[646],"class_list":{"0":"post-13695","1":"product","2":"type-product","3":"status-publish","4":"has-post-thumbnail","6":"pwb-brand-round-lab","7":"product_cat-nagu","8":"product_cat-naomaskid","9":"product_tag-round-lab","11":"first","12":"outofstock","13":"sale","14":"shipping-taxable","15":"purchasable","16":"product-type-simple","17":"entry","18":"content-bg","19":"loop-entry"},"supplier_id":null,"supplier_sku":"","barcode":null,"atum_controlled":true,"out_stock_date":"2025-12-06 21:18:21","out_stock_threshold":null,"inheritable":false,"inbound_stock":0,"stock_on_hold":0,"sold_today":0,"sales_last_days":0,"out_stock_days":128,"lost_sales":64,"has_location":false,"update_date":"2026-04-14T00:05:04","atum_locations":[],"atum_stock_status":"outofstock","restock_status":false,"low_stock_amount":"","sales_update_date":"2026-04-14T00:05:04","calc_backorders":null,"yoast_head":"<!-- This site is optimized with the Yoast SEO plugin v27.2 - https:\/\/yoast.com\/product\/yoast-seo-wordpress\/ -->\n<title>Round Lab Pine Calming Cica Mask - IDA.KOREA<\/title>\n<meta name=\"description\" content=\"Round Lab Pine Calming Cica kangasmask - rahustab, niisutab, leevendab \u00e4rritusi ning punetust. Taastab naha p\u00e4rast tuule, p\u00e4ikese ja temperatuurik\u00f5ikumiste.\" \/>\n<meta name=\"robots\" content=\"index, follow, max-snippet:-1, max-image-preview:large, max-video-preview:-1\" \/>\n<link rel=\"canonical\" href=\"https:\/\/idakorea.ee\/en\/product\/round-lab-pine-calming-cica-mask\/\" \/>\n<meta property=\"og:locale\" content=\"en_US\" \/>\n<meta property=\"og:type\" content=\"article\" \/>\n<meta property=\"og:title\" content=\"Round Lab Pine Calming Cica Mask - IDA.KOREA\" \/>\n<meta property=\"og:description\" content=\"Round Lab Pine Calming Cica kangasmask - rahustab, niisutab, leevendab \u00e4rritusi ning punetust. Taastab naha p\u00e4rast tuule, p\u00e4ikese ja temperatuurik\u00f5ikumiste.\" \/>\n<meta property=\"og:url\" content=\"https:\/\/idakorea.ee\/en\/product\/round-lab-pine-calming-cica-mask\/\" \/>\n<meta property=\"og:site_name\" content=\"IDA.KOREA\" \/>\n<meta property=\"article:modified_time\" content=\"2026-01-30T08:13:03+00:00\" \/>\n<meta property=\"og:image\" content=\"https:\/\/idakorea.ee\/wp-content\/uploads\/2025\/04\/round-lab-pine-calming-cica-mask-sheet-idakorea.jpg\" \/>\n\t<meta property=\"og:image:width\" content=\"1000\" \/>\n\t<meta property=\"og:image:height\" content=\"1000\" \/>\n\t<meta property=\"og:image:type\" content=\"image\/jpeg\" \/>\n<meta name=\"twitter:card\" content=\"summary_large_image\" \/>\n<meta name=\"twitter:label1\" content=\"Est. reading time\" \/>\n\t<meta name=\"twitter:data1\" content=\"2 minutes\" \/>\n<script type=\"application\/ld+json\" class=\"yoast-schema-graph\">{\"@context\":\"https:\/\/schema.org\",\"@graph\":[{\"@type\":\"WebPage\",\"@id\":\"https:\/\/idakorea.ee\/product\/round-lab-pine-calming-cica-mask\/\",\"url\":\"https:\/\/idakorea.ee\/product\/round-lab-pine-calming-cica-mask\/\",\"name\":\"Round Lab Pine Calming Cica Mask - IDA.KOREA\",\"isPartOf\":{\"@id\":\"https:\/\/idakorea.ee\/#website\"},\"primaryImageOfPage\":{\"@id\":\"https:\/\/idakorea.ee\/product\/round-lab-pine-calming-cica-mask\/#primaryimage\"},\"image\":{\"@id\":\"https:\/\/idakorea.ee\/product\/round-lab-pine-calming-cica-mask\/#primaryimage\"},\"thumbnailUrl\":\"https:\/\/idakorea.ee\/wp-content\/uploads\/2025\/04\/round-lab-pine-calming-cica-mask-sheet-idakorea.jpg\",\"datePublished\":\"2025-04-21T12:05:34+00:00\",\"dateModified\":\"2026-01-30T08:13:03+00:00\",\"description\":\"Round Lab Pine Calming Cica kangasmask - rahustab, niisutab, leevendab \u00e4rritusi ning punetust. Taastab naha p\u00e4rast tuule, p\u00e4ikese ja temperatuurik\u00f5ikumiste.\",\"breadcrumb\":{\"@id\":\"https:\/\/idakorea.ee\/product\/round-lab-pine-calming-cica-mask\/#breadcrumb\"},\"inLanguage\":\"en-US\",\"potentialAction\":[{\"@type\":\"ReadAction\",\"target\":[\"https:\/\/idakorea.ee\/product\/round-lab-pine-calming-cica-mask\/\"]}]},{\"@type\":\"ImageObject\",\"inLanguage\":\"en-US\",\"@id\":\"https:\/\/idakorea.ee\/product\/round-lab-pine-calming-cica-mask\/#primaryimage\",\"url\":\"https:\/\/idakorea.ee\/wp-content\/uploads\/2025\/04\/round-lab-pine-calming-cica-mask-sheet-idakorea.jpg\",\"contentUrl\":\"https:\/\/idakorea.ee\/wp-content\/uploads\/2025\/04\/round-lab-pine-calming-cica-mask-sheet-idakorea.jpg\",\"width\":1000,\"height\":1000},{\"@type\":\"BreadcrumbList\",\"@id\":\"https:\/\/idakorea.ee\/product\/round-lab-pine-calming-cica-mask\/#breadcrumb\",\"itemListElement\":[{\"@type\":\"ListItem\",\"position\":1,\"name\":\"\u0413\u043b\u0430\u0432\u043d\u0430\u044f \u0441\u0442\u0440\u0430\u043d\u0438\u0446\u0430\",\"item\":\"https:\/\/idakorea.ee\/\"},{\"@type\":\"ListItem\",\"position\":2,\"name\":\"Shop\",\"item\":\"https:\/\/idakorea.ee\/shop-2\/\"},{\"@type\":\"ListItem\",\"position\":3,\"name\":\"Rahustav mask m\u00e4nnipuu ja centella ekstraktidega Round Lab Pine Calming Cica Mask\"}]},{\"@type\":\"WebSite\",\"@id\":\"https:\/\/idakorea.ee\/#website\",\"url\":\"https:\/\/idakorea.ee\/\",\"name\":\"IDA.KOREA\",\"description\":\"Korea kosmeetika e-pood\",\"publisher\":{\"@id\":\"https:\/\/idakorea.ee\/#organization\"},\"alternateName\":\"Beauty Shop\",\"potentialAction\":[{\"@type\":\"SearchAction\",\"target\":{\"@type\":\"EntryPoint\",\"urlTemplate\":\"https:\/\/idakorea.ee\/?s={search_term_string}\"},\"query-input\":{\"@type\":\"PropertyValueSpecification\",\"valueRequired\":true,\"valueName\":\"search_term_string\"}}],\"inLanguage\":\"en-US\"},{\"@type\":\"Organization\",\"@id\":\"https:\/\/idakorea.ee\/#organization\",\"name\":\"IDA.KOREA\",\"url\":\"https:\/\/idakorea.ee\/\",\"logo\":{\"@type\":\"ImageObject\",\"inLanguage\":\"en-US\",\"@id\":\"https:\/\/idakorea.ee\/#\/schema\/logo\/image\/\",\"url\":\"https:\/\/idakorea.ee\/wp-content\/uploads\/2024\/05\/cropped-korea3.png\",\"contentUrl\":\"https:\/\/idakorea.ee\/wp-content\/uploads\/2024\/05\/cropped-korea3.png\",\"width\":688,\"height\":126,\"caption\":\"IDA.KOREA\"},\"image\":{\"@id\":\"https:\/\/idakorea.ee\/#\/schema\/logo\/image\/\"},\"sameAs\":[\"https:\/\/www.instagram.com\/ida.korea\/\"]}]}<\/script>\n<!-- \/ Yoast SEO plugin. -->","yoast_head_json":{"title":"Round Lab Pine Calming Cica Mask - IDA.KOREA","description":"Round Lab Pine Calming Cat Fabric Mask - soothes, moisturises, soothes irritation and redness. Restores skin after wind, sun and temperature fluctuations.","robots":{"index":"index","follow":"follow","max-snippet":"max-snippet:-1","max-image-preview":"max-image-preview:large","max-video-preview":"max-video-preview:-1"},"canonical":"https:\/\/idakorea.ee\/en\/product\/round-lab-pine-calming-cica-mask\/","og_locale":"en_US","og_type":"article","og_title":"Round Lab Pine Calming Cica Mask - IDA.KOREA","og_description":"Round Lab Pine Calming Cica kangasmask - rahustab, niisutab, leevendab \u00e4rritusi ning punetust. Taastab naha p\u00e4rast tuule, p\u00e4ikese ja temperatuurik\u00f5ikumiste.","og_url":"https:\/\/idakorea.ee\/en\/product\/round-lab-pine-calming-cica-mask\/","og_site_name":"IDA.KOREA","article_modified_time":"2026-01-30T08:13:03+00:00","og_image":[{"width":1000,"height":1000,"url":"https:\/\/idakorea.ee\/wp-content\/uploads\/2025\/04\/round-lab-pine-calming-cica-mask-sheet-idakorea.jpg","type":"image\/jpeg"}],"twitter_card":"summary_large_image","twitter_misc":{"Est. reading time":"2 minutes"},"schema":{"@context":"https:\/\/schema.org","@graph":[{"@type":"WebPage","@id":"https:\/\/idakorea.ee\/product\/round-lab-pine-calming-cica-mask\/","url":"https:\/\/idakorea.ee\/product\/round-lab-pine-calming-cica-mask\/","name":"Round Lab Pine Calming Cica Mask - IDA.KOREA","isPartOf":{"@id":"https:\/\/idakorea.ee\/#website"},"primaryImageOfPage":{"@id":"https:\/\/idakorea.ee\/product\/round-lab-pine-calming-cica-mask\/#primaryimage"},"image":{"@id":"https:\/\/idakorea.ee\/product\/round-lab-pine-calming-cica-mask\/#primaryimage"},"thumbnailUrl":"https:\/\/idakorea.ee\/wp-content\/uploads\/2025\/04\/round-lab-pine-calming-cica-mask-sheet-idakorea.jpg","datePublished":"2025-04-21T12:05:34+00:00","dateModified":"2026-01-30T08:13:03+00:00","description":"Round Lab Pine Calming Cat Fabric Mask - soothes, moisturises, soothes irritation and redness. Restores skin after wind, sun and temperature fluctuations.","breadcrumb":{"@id":"https:\/\/idakorea.ee\/product\/round-lab-pine-calming-cica-mask\/#breadcrumb"},"inLanguage":"en-US","potentialAction":[{"@type":"ReadAction","target":["https:\/\/idakorea.ee\/product\/round-lab-pine-calming-cica-mask\/"]}]},{"@type":"ImageObject","inLanguage":"en-US","@id":"https:\/\/idakorea.ee\/product\/round-lab-pine-calming-cica-mask\/#primaryimage","url":"https:\/\/idakorea.ee\/wp-content\/uploads\/2025\/04\/round-lab-pine-calming-cica-mask-sheet-idakorea.jpg","contentUrl":"https:\/\/idakorea.ee\/wp-content\/uploads\/2025\/04\/round-lab-pine-calming-cica-mask-sheet-idakorea.jpg","width":1000,"height":1000},{"@type":"BreadcrumbList","@id":"https:\/\/idakorea.ee\/product\/round-lab-pine-calming-cica-mask\/#breadcrumb","itemListElement":[{"@type":"ListItem","position":1,"name":"\u0413\u043b\u0430\u0432\u043d\u0430\u044f \u0441\u0442\u0440\u0430\u043d\u0438\u0446\u0430","item":"https:\/\/idakorea.ee\/"},{"@type":"ListItem","position":2,"name":"Shop","item":"https:\/\/idakorea.ee\/shop-2\/"},{"@type":"ListItem","position":3,"name":"Rahustav mask m\u00e4nnipuu ja centella ekstraktidega Round Lab Pine Calming Cica Mask"}]},{"@type":"WebSite","@id":"https:\/\/idakorea.ee\/#website","url":"https:\/\/idakorea.ee\/","name":"IDA.KOREA","description":"Korean cosmetics e-shop","publisher":{"@id":"https:\/\/idakorea.ee\/#organization"},"alternateName":"Beauty Shop","potentialAction":[{"@type":"SearchAction","target":{"@type":"EntryPoint","urlTemplate":"https:\/\/idakorea.ee\/?s={search_term_string}"},"query-input":{"@type":"PropertyValueSpecification","valueRequired":true,"valueName":"search_term_string"}}],"inLanguage":"en-US"},{"@type":"Organization","@id":"https:\/\/idakorea.ee\/#organization","name":"IDA.KOREA","url":"https:\/\/idakorea.ee\/","logo":{"@type":"ImageObject","inLanguage":"en-US","@id":"https:\/\/idakorea.ee\/#\/schema\/logo\/image\/","url":"https:\/\/idakorea.ee\/wp-content\/uploads\/2024\/05\/cropped-korea3.png","contentUrl":"https:\/\/idakorea.ee\/wp-content\/uploads\/2024\/05\/cropped-korea3.png","width":688,"height":126,"caption":"IDA.KOREA"},"image":{"@id":"https:\/\/idakorea.ee\/#\/schema\/logo\/image\/"},"sameAs":["https:\/\/www.instagram.com\/ida.korea\/"]}]}},"jetpack_sharing_enabled":true,"brands":[{"id":645,"name":"ROUND LAB","slug":"round-lab"}],"_links":{"self":[{"href":"https:\/\/idakorea.ee\/en\/wp-json\/wp\/v2\/product\/13695","targetHints":{"allow":["GET"]}}],"collection":[{"href":"https:\/\/idakorea.ee\/en\/wp-json\/wp\/v2\/product"}],"about":[{"href":"https:\/\/idakorea.ee\/en\/wp-json\/wp\/v2\/types\/product"}],"replies":[{"embeddable":true,"href":"https:\/\/idakorea.ee\/en\/wp-json\/wp\/v2\/comments?post=13695"}],"version-history":[{"count":2,"href":"https:\/\/idakorea.ee\/en\/wp-json\/wp\/v2\/product\/13695\/revisions"}],"predecessor-version":[{"id":15414,"href":"https:\/\/idakorea.ee\/en\/wp-json\/wp\/v2\/product\/13695\/revisions\/15414"}],"wp:featuredmedia":[{"embeddable":true,"href":"https:\/\/idakorea.ee\/en\/wp-json\/wp\/v2\/media\/13696"}],"wp:attachment":[{"href":"https:\/\/idakorea.ee\/en\/wp-json\/wp\/v2\/media?parent=13695"}],"wp:term":[{"taxonomy":"pwb-brand","embeddable":true,"href":"https:\/\/idakorea.ee\/en\/wp-json\/wp\/v2\/pwb-brand?post=13695"},{"taxonomy":"product_brand","embeddable":true,"href":"https:\/\/idakorea.ee\/en\/wp-json\/wp\/v2\/product_brand?post=13695"},{"taxonomy":"product_cat","embeddable":true,"href":"https:\/\/idakorea.ee\/en\/wp-json\/wp\/v2\/product_cat?post=13695"},{"taxonomy":"product_tag","embeddable":true,"href":"https:\/\/idakorea.ee\/en\/wp-json\/wp\/v2\/product_tag?post=13695"}],"curies":[{"name":"wp","href":"https:\/\/api.w.org\/{rel}","templated":true}]}}