{"id":13901,"date":"2025-05-07T09:19:46","date_gmt":"2025-05-07T07:19:46","guid":{"rendered":"https:\/\/idakorea.ee\/?post_type=product&#038;p=13901"},"modified":"2026-04-11T16:13:12","modified_gmt":"2026-04-11T14:13:12","slug":"puhastusoli-celimax-derma-nature-fresh-blackhead-jojoba-cleansing-oil-150ml","status":"publish","type":"product","link":"https:\/\/idakorea.ee\/en\/product\/puhastusoli-celimax-derma-nature-fresh-blackhead-jojoba-cleansing-oil-150ml\/","title":{"rendered":"Celimax Derma Nature Fresh Blackhead Jojoba Cleansing Oil, 150ml"},"content":{"rendered":"<p><strong>Celimax Derma Nature Fresh Blackhead Jojoba Cleansing Oil<\/strong> gently cleanses pores, eliminates oily shine and fights blackheads, while also removing permanent make-up.<\/p>\n<p>Long-term use reduces blackheads, prevents pore clogging and inflammation, is ideal for oily skin and does not irritate the delicate skin around the eyes.<\/p>\n<p>The oil has a light, watery texture that spreads easily over the skin and rinses off easily, leaving it feeling fresh after cleansing without a greasy layer.<\/p>\n<p><strong>Main active ingredients:<\/strong><\/p>\n<ul>\n<li><strong>Jojoba oil (1500 ppm)<\/strong> - structurally similar to human skin, helps to normalise the skin's hydrolipidic balance and reduce oil production.<\/li>\n<li><strong>Sunflower oil<\/strong> - nourishes, moisturises, restores the skin's natural protective barrier and is non-comedogenic (does not clog pores).<\/li>\n<li><strong>Sweet almond oil<\/strong> - Provides antioxidant protection for cells, smoothes, softens and moisturises the skin.<\/li>\n<li><strong>Olive oil<\/strong> - eliminates dryness and scaling, intensively moisturises and nourishes, and has antioxidant action.<\/li>\n<li><strong>Green tea extract<\/strong> - tones and refreshes the skin, fights inflammation, helps protect against the damaging effects of UV rays, soothes and has antimicrobial properties.<\/li>\n<\/ul>\n<p>&nbsp;<\/p>\n<p>Suitable for all skin types.<\/p>\n<p><strong>Usage:<\/strong> apply the oil to dry skin, massage in gentle circular motions over the face, add a little water, massage again and rinse with warm water.<\/p>\n<p>&nbsp;<\/p>","protected":false},"excerpt":{"rendered":"<p>Celimax Derma Nature Fresh Blackhead Jojoba Cleansing Oil gently cleanses pores, eliminates oily shine and fights blackheads, while also removing permanent makeup. Long-term use reduces blackheads, prevents pore clogging and inflammation, perfect for oily skin and does not irritate the delicate skin around the eyes. The oil has a light, watery texture that spreads easily over the skin and rinses off easily,...<\/p>","protected":false},"featured_media":13902,"comment_status":"open","ping_status":"closed","template":"","meta":{"_uf_show_specific_survey":0,"_uf_disable_surveys":false,"_bst_post_transparent":"default","_bst_post_title":"","_bst_post_layout":"default","_bst_post_sidebar_id":"","_bst_post_content_style":"default","_bst_post_vertical_padding":"default","_bst_post_feature":"","_bst_post_feature_position":"","_bst_post_header":false,"_bst_post_footer":false},"pwb-brand":[885],"product_brand":[],"product_cat":[92,452,100],"product_tag":[886,671],"class_list":{"0":"post-13901","1":"product","2":"type-product","3":"status-publish","4":"has-post-thumbnail","6":"pwb-brand-celimax","7":"product_cat-nagu","8":"product_cat-naopuhastusgeelid","9":"product_cat-puhastusvahendid","10":"product_tag-celimax","11":"product_tag-oil","13":"first","14":"instock","15":"sale","16":"shipping-taxable","17":"purchasable","18":"product-type-simple","19":"entry","20":"content-bg","21":"loop-entry"},"supplier_id":null,"supplier_sku":"","barcode":null,"atum_controlled":true,"out_stock_date":null,"out_stock_threshold":null,"inheritable":false,"inbound_stock":0,"stock_on_hold":0,"sold_today":0,"sales_last_days":1,"out_stock_days":0,"lost_sales":0,"has_location":false,"update_date":"2026-04-14T00:05:12","atum_locations":[],"atum_stock_status":"instock","restock_status":false,"low_stock_amount":"","sales_update_date":"2026-04-14T00:05:12","calc_backorders":null,"yoast_head":"<!-- This site is optimized with the Yoast SEO plugin v27.2 - https:\/\/yoast.com\/product\/yoast-seo-wordpress\/ -->\n<title>Celimax Derma Nature Fresh Blackhead Jojoba Cleansing Oil, 150ml - IDA.KOREA<\/title>\n<meta name=\"description\" content=\"Celimax Derma Nature Fresh Blackhead Jojoba puhastus\u00f5li puhastab \u00f5rnalt poore, k\u00f5rvaldab rasuse l\u00e4ike ja v\u00f5itleb mustpeadega, eemaldades ka p\u00fcsiva meigi.\" \/>\n<meta name=\"robots\" content=\"index, follow, max-snippet:-1, max-image-preview:large, max-video-preview:-1\" \/>\n<link rel=\"canonical\" href=\"https:\/\/idakorea.ee\/en\/product\/puhastusoli-celimax-derma-nature-fresh-blackhead-jojoba-cleansing-oil-150ml\/\" \/>\n<meta property=\"og:locale\" content=\"en_US\" \/>\n<meta property=\"og:type\" content=\"article\" \/>\n<meta property=\"og:title\" content=\"Celimax Derma Nature Fresh Blackhead Jojoba Cleansing Oil, 150ml - IDA.KOREA\" \/>\n<meta property=\"og:description\" content=\"Celimax Derma Nature Fresh Blackhead Jojoba puhastus\u00f5li puhastab \u00f5rnalt poore, k\u00f5rvaldab rasuse l\u00e4ike ja v\u00f5itleb mustpeadega, eemaldades ka p\u00fcsiva meigi.\" \/>\n<meta property=\"og:url\" content=\"https:\/\/idakorea.ee\/en\/product\/puhastusoli-celimax-derma-nature-fresh-blackhead-jojoba-cleansing-oil-150ml\/\" \/>\n<meta property=\"og:site_name\" content=\"IDA.KOREA\" \/>\n<meta property=\"article:modified_time\" content=\"2026-04-11T14:13:12+00:00\" \/>\n<meta property=\"og:image\" content=\"https:\/\/idakorea.ee\/wp-content\/uploads\/2025\/05\/celimax-derma-nature-fresh-blackhead-jojoba-cleansing-oil_idakorea.ee_.jpg\" \/>\n\t<meta property=\"og:image:width\" content=\"1000\" \/>\n\t<meta property=\"og:image:height\" content=\"1000\" \/>\n\t<meta property=\"og:image:type\" content=\"image\/jpeg\" \/>\n<meta name=\"twitter:card\" content=\"summary_large_image\" \/>\n<meta name=\"twitter:label1\" content=\"Est. reading time\" \/>\n\t<meta name=\"twitter:data1\" content=\"2 minutes\" \/>\n<script type=\"application\/ld+json\" class=\"yoast-schema-graph\">{\"@context\":\"https:\/\/schema.org\",\"@graph\":[{\"@type\":\"WebPage\",\"@id\":\"https:\/\/idakorea.ee\/product\/puhastusoli-celimax-derma-nature-fresh-blackhead-jojoba-cleansing-oil-150ml\/\",\"url\":\"https:\/\/idakorea.ee\/product\/puhastusoli-celimax-derma-nature-fresh-blackhead-jojoba-cleansing-oil-150ml\/\",\"name\":\"Celimax Derma Nature Fresh Blackhead Jojoba Cleansing Oil, 150ml - IDA.KOREA\",\"isPartOf\":{\"@id\":\"https:\/\/idakorea.ee\/#website\"},\"primaryImageOfPage\":{\"@id\":\"https:\/\/idakorea.ee\/product\/puhastusoli-celimax-derma-nature-fresh-blackhead-jojoba-cleansing-oil-150ml\/#primaryimage\"},\"image\":{\"@id\":\"https:\/\/idakorea.ee\/product\/puhastusoli-celimax-derma-nature-fresh-blackhead-jojoba-cleansing-oil-150ml\/#primaryimage\"},\"thumbnailUrl\":\"https:\/\/idakorea.ee\/wp-content\/uploads\/2025\/05\/celimax-derma-nature-fresh-blackhead-jojoba-cleansing-oil_idakorea.ee_.jpg\",\"datePublished\":\"2025-05-07T07:19:46+00:00\",\"dateModified\":\"2026-04-11T14:13:12+00:00\",\"description\":\"Celimax Derma Nature Fresh Blackhead Jojoba puhastus\u00f5li puhastab \u00f5rnalt poore, k\u00f5rvaldab rasuse l\u00e4ike ja v\u00f5itleb mustpeadega, eemaldades ka p\u00fcsiva meigi.\",\"breadcrumb\":{\"@id\":\"https:\/\/idakorea.ee\/product\/puhastusoli-celimax-derma-nature-fresh-blackhead-jojoba-cleansing-oil-150ml\/#breadcrumb\"},\"inLanguage\":\"en-US\",\"potentialAction\":[{\"@type\":\"ReadAction\",\"target\":[\"https:\/\/idakorea.ee\/product\/puhastusoli-celimax-derma-nature-fresh-blackhead-jojoba-cleansing-oil-150ml\/\"]}]},{\"@type\":\"ImageObject\",\"inLanguage\":\"en-US\",\"@id\":\"https:\/\/idakorea.ee\/product\/puhastusoli-celimax-derma-nature-fresh-blackhead-jojoba-cleansing-oil-150ml\/#primaryimage\",\"url\":\"https:\/\/idakorea.ee\/wp-content\/uploads\/2025\/05\/celimax-derma-nature-fresh-blackhead-jojoba-cleansing-oil_idakorea.ee_.jpg\",\"contentUrl\":\"https:\/\/idakorea.ee\/wp-content\/uploads\/2025\/05\/celimax-derma-nature-fresh-blackhead-jojoba-cleansing-oil_idakorea.ee_.jpg\",\"width\":1000,\"height\":1000},{\"@type\":\"BreadcrumbList\",\"@id\":\"https:\/\/idakorea.ee\/product\/puhastusoli-celimax-derma-nature-fresh-blackhead-jojoba-cleansing-oil-150ml\/#breadcrumb\",\"itemListElement\":[{\"@type\":\"ListItem\",\"position\":1,\"name\":\"\u0413\u043b\u0430\u0432\u043d\u0430\u044f \u0441\u0442\u0440\u0430\u043d\u0438\u0446\u0430\",\"item\":\"https:\/\/idakorea.ee\/\"},{\"@type\":\"ListItem\",\"position\":2,\"name\":\"Shop\",\"item\":\"https:\/\/idakorea.ee\/shop-2\/\"},{\"@type\":\"ListItem\",\"position\":3,\"name\":\"Puhastus\u00f5li Celimax Derma Nature Fresh Blackhead Jojoba Cleansing Oil, 150ml\"}]},{\"@type\":\"WebSite\",\"@id\":\"https:\/\/idakorea.ee\/#website\",\"url\":\"https:\/\/idakorea.ee\/\",\"name\":\"IDA.KOREA\",\"description\":\"Korea kosmeetika e-pood\",\"publisher\":{\"@id\":\"https:\/\/idakorea.ee\/#organization\"},\"alternateName\":\"Beauty Shop\",\"potentialAction\":[{\"@type\":\"SearchAction\",\"target\":{\"@type\":\"EntryPoint\",\"urlTemplate\":\"https:\/\/idakorea.ee\/?s={search_term_string}\"},\"query-input\":{\"@type\":\"PropertyValueSpecification\",\"valueRequired\":true,\"valueName\":\"search_term_string\"}}],\"inLanguage\":\"en-US\"},{\"@type\":\"Organization\",\"@id\":\"https:\/\/idakorea.ee\/#organization\",\"name\":\"IDA.KOREA\",\"url\":\"https:\/\/idakorea.ee\/\",\"logo\":{\"@type\":\"ImageObject\",\"inLanguage\":\"en-US\",\"@id\":\"https:\/\/idakorea.ee\/#\/schema\/logo\/image\/\",\"url\":\"https:\/\/idakorea.ee\/wp-content\/uploads\/2024\/05\/cropped-korea3.png\",\"contentUrl\":\"https:\/\/idakorea.ee\/wp-content\/uploads\/2024\/05\/cropped-korea3.png\",\"width\":688,\"height\":126,\"caption\":\"IDA.KOREA\"},\"image\":{\"@id\":\"https:\/\/idakorea.ee\/#\/schema\/logo\/image\/\"},\"sameAs\":[\"https:\/\/www.instagram.com\/ida.korea\/\"]}]}<\/script>\n<!-- \/ Yoast SEO plugin. -->","yoast_head_json":{"title":"Celimax Derma Nature Fresh Blackhead Jojoba Cleansing Oil, 150ml - IDA.KOREA","description":"Celimax Derma Nature Fresh Blackhead Jojoba Cleansing Oil gently cleanses pores, eliminates oily shine and fights blackheads, while also removing permanent makeup.","robots":{"index":"index","follow":"follow","max-snippet":"max-snippet:-1","max-image-preview":"max-image-preview:large","max-video-preview":"max-video-preview:-1"},"canonical":"https:\/\/idakorea.ee\/en\/product\/puhastusoli-celimax-derma-nature-fresh-blackhead-jojoba-cleansing-oil-150ml\/","og_locale":"en_US","og_type":"article","og_title":"Celimax Derma Nature Fresh Blackhead Jojoba Cleansing Oil, 150ml - IDA.KOREA","og_description":"Celimax Derma Nature Fresh Blackhead Jojoba puhastus\u00f5li puhastab \u00f5rnalt poore, k\u00f5rvaldab rasuse l\u00e4ike ja v\u00f5itleb mustpeadega, eemaldades ka p\u00fcsiva meigi.","og_url":"https:\/\/idakorea.ee\/en\/product\/puhastusoli-celimax-derma-nature-fresh-blackhead-jojoba-cleansing-oil-150ml\/","og_site_name":"IDA.KOREA","article_modified_time":"2026-04-11T14:13:12+00:00","og_image":[{"width":1000,"height":1000,"url":"https:\/\/idakorea.ee\/wp-content\/uploads\/2025\/05\/celimax-derma-nature-fresh-blackhead-jojoba-cleansing-oil_idakorea.ee_.jpg","type":"image\/jpeg"}],"twitter_card":"summary_large_image","twitter_misc":{"Est. reading time":"2 minutes"},"schema":{"@context":"https:\/\/schema.org","@graph":[{"@type":"WebPage","@id":"https:\/\/idakorea.ee\/product\/puhastusoli-celimax-derma-nature-fresh-blackhead-jojoba-cleansing-oil-150ml\/","url":"https:\/\/idakorea.ee\/product\/puhastusoli-celimax-derma-nature-fresh-blackhead-jojoba-cleansing-oil-150ml\/","name":"Celimax Derma Nature Fresh Blackhead Jojoba Cleansing Oil, 150ml - IDA.KOREA","isPartOf":{"@id":"https:\/\/idakorea.ee\/#website"},"primaryImageOfPage":{"@id":"https:\/\/idakorea.ee\/product\/puhastusoli-celimax-derma-nature-fresh-blackhead-jojoba-cleansing-oil-150ml\/#primaryimage"},"image":{"@id":"https:\/\/idakorea.ee\/product\/puhastusoli-celimax-derma-nature-fresh-blackhead-jojoba-cleansing-oil-150ml\/#primaryimage"},"thumbnailUrl":"https:\/\/idakorea.ee\/wp-content\/uploads\/2025\/05\/celimax-derma-nature-fresh-blackhead-jojoba-cleansing-oil_idakorea.ee_.jpg","datePublished":"2025-05-07T07:19:46+00:00","dateModified":"2026-04-11T14:13:12+00:00","description":"Celimax Derma Nature Fresh Blackhead Jojoba Cleansing Oil gently cleanses pores, eliminates oily shine and fights blackheads, while also removing permanent makeup.","breadcrumb":{"@id":"https:\/\/idakorea.ee\/product\/puhastusoli-celimax-derma-nature-fresh-blackhead-jojoba-cleansing-oil-150ml\/#breadcrumb"},"inLanguage":"en-US","potentialAction":[{"@type":"ReadAction","target":["https:\/\/idakorea.ee\/product\/puhastusoli-celimax-derma-nature-fresh-blackhead-jojoba-cleansing-oil-150ml\/"]}]},{"@type":"ImageObject","inLanguage":"en-US","@id":"https:\/\/idakorea.ee\/product\/puhastusoli-celimax-derma-nature-fresh-blackhead-jojoba-cleansing-oil-150ml\/#primaryimage","url":"https:\/\/idakorea.ee\/wp-content\/uploads\/2025\/05\/celimax-derma-nature-fresh-blackhead-jojoba-cleansing-oil_idakorea.ee_.jpg","contentUrl":"https:\/\/idakorea.ee\/wp-content\/uploads\/2025\/05\/celimax-derma-nature-fresh-blackhead-jojoba-cleansing-oil_idakorea.ee_.jpg","width":1000,"height":1000},{"@type":"BreadcrumbList","@id":"https:\/\/idakorea.ee\/product\/puhastusoli-celimax-derma-nature-fresh-blackhead-jojoba-cleansing-oil-150ml\/#breadcrumb","itemListElement":[{"@type":"ListItem","position":1,"name":"\u0413\u043b\u0430\u0432\u043d\u0430\u044f \u0441\u0442\u0440\u0430\u043d\u0438\u0446\u0430","item":"https:\/\/idakorea.ee\/"},{"@type":"ListItem","position":2,"name":"Shop","item":"https:\/\/idakorea.ee\/shop-2\/"},{"@type":"ListItem","position":3,"name":"Puhastus\u00f5li Celimax Derma Nature Fresh Blackhead Jojoba Cleansing Oil, 150ml"}]},{"@type":"WebSite","@id":"https:\/\/idakorea.ee\/#website","url":"https:\/\/idakorea.ee\/","name":"IDA.KOREA","description":"Korean cosmetics e-shop","publisher":{"@id":"https:\/\/idakorea.ee\/#organization"},"alternateName":"Beauty Shop","potentialAction":[{"@type":"SearchAction","target":{"@type":"EntryPoint","urlTemplate":"https:\/\/idakorea.ee\/?s={search_term_string}"},"query-input":{"@type":"PropertyValueSpecification","valueRequired":true,"valueName":"search_term_string"}}],"inLanguage":"en-US"},{"@type":"Organization","@id":"https:\/\/idakorea.ee\/#organization","name":"IDA.KOREA","url":"https:\/\/idakorea.ee\/","logo":{"@type":"ImageObject","inLanguage":"en-US","@id":"https:\/\/idakorea.ee\/#\/schema\/logo\/image\/","url":"https:\/\/idakorea.ee\/wp-content\/uploads\/2024\/05\/cropped-korea3.png","contentUrl":"https:\/\/idakorea.ee\/wp-content\/uploads\/2024\/05\/cropped-korea3.png","width":688,"height":126,"caption":"IDA.KOREA"},"image":{"@id":"https:\/\/idakorea.ee\/#\/schema\/logo\/image\/"},"sameAs":["https:\/\/www.instagram.com\/ida.korea\/"]}]}},"jetpack_sharing_enabled":true,"brands":[{"id":885,"name":"CELIMAX","slug":"celimax"}],"_links":{"self":[{"href":"https:\/\/idakorea.ee\/en\/wp-json\/wp\/v2\/product\/13901","targetHints":{"allow":["GET"]}}],"collection":[{"href":"https:\/\/idakorea.ee\/en\/wp-json\/wp\/v2\/product"}],"about":[{"href":"https:\/\/idakorea.ee\/en\/wp-json\/wp\/v2\/types\/product"}],"replies":[{"embeddable":true,"href":"https:\/\/idakorea.ee\/en\/wp-json\/wp\/v2\/comments?post=13901"}],"version-history":[{"count":1,"href":"https:\/\/idakorea.ee\/en\/wp-json\/wp\/v2\/product\/13901\/revisions"}],"predecessor-version":[{"id":13906,"href":"https:\/\/idakorea.ee\/en\/wp-json\/wp\/v2\/product\/13901\/revisions\/13906"}],"wp:featuredmedia":[{"embeddable":true,"href":"https:\/\/idakorea.ee\/en\/wp-json\/wp\/v2\/media\/13902"}],"wp:attachment":[{"href":"https:\/\/idakorea.ee\/en\/wp-json\/wp\/v2\/media?parent=13901"}],"wp:term":[{"taxonomy":"pwb-brand","embeddable":true,"href":"https:\/\/idakorea.ee\/en\/wp-json\/wp\/v2\/pwb-brand?post=13901"},{"taxonomy":"product_brand","embeddable":true,"href":"https:\/\/idakorea.ee\/en\/wp-json\/wp\/v2\/product_brand?post=13901"},{"taxonomy":"product_cat","embeddable":true,"href":"https:\/\/idakorea.ee\/en\/wp-json\/wp\/v2\/product_cat?post=13901"},{"taxonomy":"product_tag","embeddable":true,"href":"https:\/\/idakorea.ee\/en\/wp-json\/wp\/v2\/product_tag?post=13901"}],"curies":[{"name":"wp","href":"https:\/\/api.w.org\/{rel}","templated":true}]}}