{"id":13929,"date":"2025-05-08T14:12:00","date_gmt":"2025-05-08T12:12:00","guid":{"rendered":"https:\/\/idakorea.ee\/?post_type=product&#038;p=13929"},"modified":"2026-04-12T18:27:03","modified_gmt":"2026-04-12T16:27:03","slug":"tooniv-paikesekaitsekreem-prettyskin-no-sebum-tone-up-sun-cream-spf-50-pa-70-ml","status":"publish","type":"product","link":"https:\/\/idakorea.ee\/en\/product\/tooniv-paikesekaitsekreem-prettyskin-no-sebum-tone-up-sun-cream-spf-50-pa-70-ml\/","title":{"rendered":"PrettySkin No Sebum Tone Up Sun Cream SPF50+ PA++++, 70 ml"},"content":{"rendered":"<p>The cream is sweat and water resistant, helps to moisturise the skin, makes it healthier and removes excess oil and shine.<br \/>\nThe Tinted Sunscreen conditions the complexion and creates a strong barrier against the damaging effects of ultraviolet rays, while also acting as a foundation and primer to even out and perfect the skin tone.<\/p>\n<p>The violet tint of the cream brightens the skin and creates an even matte complexion without shine. The cream controls oil production and helps to prevent excess shine.<\/p>\n<p>Sunscreen reliably protects against the damaging effects of UVA and UVB rays, which cause skin inflammation and premature ageing. It maintains skin elasticity and firmness, improves skin's overall condition, prevents premature ageing and dryness, prevents pigmentation spots, and ensures a safe tan even for people with very fair and sensitive skin.<br \/>\nThe cream has a light texture, absorbs quickly, does not leave a sticky feeling and leaves the skin feeling fresh and comfortable.<\/p>\n<p><strong>Effects of ingredients:<\/strong><\/p>\n<ul>\n<li><strong>Asian water-lily extract<\/strong> increases skin elasticity and moisture levels, creates a protective barrier against UV rays and environmental damage, has anti-inflammatory and wound healing properties, and strengthens blood vessels to help reduce couperose.<\/li>\n<li><strong>The rubber plant<\/strong> acts as an anti-inflammatory and promotes healing of small wounds.<\/li>\n<li><strong>Hydrolysate of fresh water<\/strong> moisturises and makes the skin velvety.<\/li>\n<li><strong>Aloe vera extract<\/strong> moisturises and soothes the skin, speeds up the healing of minor wounds and also supports hair and nail health.<\/li>\n<li><strong>Foam extract<\/strong> soothes and tones with antibacterial and antifungal properties, reduces itching and irritation, strengthens capillaries, reduces swelling and improves microcirculation; as a natural antioxidant, it fights free radicals and slows down the ageing process, repairing oily and problem skin.<\/li>\n<li><strong>Green tea extract<\/strong> tones and smoothes wrinkles, suitable for young, ageing and problem skin.<\/li>\n<li><strong>Collages<\/strong> improves the overall condition of the skin: smoothes and tightens the skin, making it supple and refreshed, supports wound healing and moisture retention in the deeper layers of the skin.<\/li>\n<li><strong>Snail mucus extract (mucin)<\/strong> reduces the depth of wrinkles, stimulates collagen synthesis and has anti-inflammatory and regenerative effects.<\/li>\n<\/ul>\n<p>&nbsp;<\/p>\n<p>Suitable for oily and combination skin.<\/p>\n<p><strong>Usage:<\/strong><br \/>\nAfter your normal skincare routine, apply the cream to the skin using gentle, soft strokes.<\/p>","protected":false},"excerpt":{"rendered":"<p>The cream is sweat and water resistant, helps to moisturise the skin, makes it healthier and removes excess oil and shine. The Tinted Sunscreen conditions the complexion and creates a strong barrier against the damaging effects of ultraviolet rays, while also acting as a make-up remover and primer, evening and perfecting skin tone. The violet tint of the cream brightens the skin and creates an even matte complexion without shine. The cream...<\/p>","protected":false},"featured_media":13930,"comment_status":"open","ping_status":"closed","template":"","meta":{"_uf_show_specific_survey":0,"_uf_disable_surveys":false,"_bst_post_transparent":"default","_bst_post_title":"","_bst_post_layout":"default","_bst_post_sidebar_id":"","_bst_post_content_style":"default","_bst_post_vertical_padding":"default","_bst_post_feature":"","_bst_post_feature_position":"","_bst_post_header":false,"_bst_post_footer":false},"pwb-brand":[851],"product_brand":[],"product_cat":[92,101],"product_tag":[],"class_list":{"0":"post-13929","1":"product","2":"type-product","3":"status-publish","4":"has-post-thumbnail","6":"pwb-brand-prettyskin","7":"product_cat-nagu","8":"product_cat-paikesekaitse","10":"first","11":"outofstock","12":"sale","13":"shipping-taxable","14":"purchasable","15":"product-type-simple","16":"entry","17":"content-bg","18":"loop-entry"},"supplier_id":null,"supplier_sku":"","barcode":null,"atum_controlled":true,"out_stock_date":"2026-04-12 18:27:03","out_stock_threshold":null,"inheritable":false,"inbound_stock":0,"stock_on_hold":0,"sold_today":0,"sales_last_days":4,"out_stock_days":1,"lost_sales":3,"has_location":false,"update_date":"2026-04-14T10:04:21","atum_locations":[],"atum_stock_status":"outofstock","restock_status":false,"low_stock_amount":"","sales_update_date":"2026-04-14T10:04:21","calc_backorders":null,"yoast_head":"<!-- This site is optimized with the Yoast SEO plugin v27.2 - https:\/\/yoast.com\/product\/yoast-seo-wordpress\/ -->\n<title>Tooniv p\u00e4ikesekaitsekreem PrettySkin No Sebum Tone Up Sun Cream SPF50+ PA++++, 70 ml - IDA.KOREA<\/title>\n<meta name=\"description\" content=\"Tooniv p\u00e4ikesekaitsekreem hooldab n\u00e4onahka ja loob tugeva kaitsebarj\u00e4\u00e4ri ultraviolettkiirguse kahjuliku m\u00f5ju vastu, olles samal ajal ka jumestuskreemi ja primeri eest.\" \/>\n<meta name=\"robots\" content=\"index, follow, max-snippet:-1, max-image-preview:large, max-video-preview:-1\" \/>\n<link rel=\"canonical\" href=\"https:\/\/idakorea.ee\/en\/product\/tooniv-paikesekaitsekreem-prettyskin-no-sebum-tone-up-sun-cream-spf-50-pa-70-ml\/\" \/>\n<meta property=\"og:locale\" content=\"en_US\" \/>\n<meta property=\"og:type\" content=\"article\" \/>\n<meta property=\"og:title\" content=\"Tooniv p\u00e4ikesekaitsekreem PrettySkin No Sebum Tone Up Sun Cream SPF50+ PA++++, 70 ml - IDA.KOREA\" \/>\n<meta property=\"og:description\" content=\"Tooniv p\u00e4ikesekaitsekreem hooldab n\u00e4onahka ja loob tugeva kaitsebarj\u00e4\u00e4ri ultraviolettkiirguse kahjuliku m\u00f5ju vastu, olles samal ajal ka jumestuskreemi ja primeri eest.\" \/>\n<meta property=\"og:url\" content=\"https:\/\/idakorea.ee\/en\/product\/tooniv-paikesekaitsekreem-prettyskin-no-sebum-tone-up-sun-cream-spf-50-pa-70-ml\/\" \/>\n<meta property=\"og:site_name\" content=\"IDA.KOREA\" \/>\n<meta property=\"article:modified_time\" content=\"2026-04-12T16:27:03+00:00\" \/>\n<meta property=\"og:image\" content=\"https:\/\/idakorea.ee\/wp-content\/uploads\/2025\/05\/prettyskin-no-sebum-tone-up-sun-cream-spf50-idakorea.ee_.jpg\" \/>\n\t<meta property=\"og:image:width\" content=\"600\" \/>\n\t<meta property=\"og:image:height\" content=\"600\" \/>\n\t<meta property=\"og:image:type\" content=\"image\/jpeg\" \/>\n<meta name=\"twitter:card\" content=\"summary_large_image\" \/>\n<meta name=\"twitter:label1\" content=\"Est. reading time\" \/>\n\t<meta name=\"twitter:data1\" content=\"2 minutes\" \/>\n<script type=\"application\/ld+json\" class=\"yoast-schema-graph\">{\"@context\":\"https:\/\/schema.org\",\"@graph\":[{\"@type\":\"WebPage\",\"@id\":\"https:\/\/idakorea.ee\/product\/tooniv-paikesekaitsekreem-prettyskin-no-sebum-tone-up-sun-cream-spf-50-pa-70-ml\/\",\"url\":\"https:\/\/idakorea.ee\/product\/tooniv-paikesekaitsekreem-prettyskin-no-sebum-tone-up-sun-cream-spf-50-pa-70-ml\/\",\"name\":\"Tooniv p\u00e4ikesekaitsekreem PrettySkin No Sebum Tone Up Sun Cream SPF50+ PA++++, 70 ml - IDA.KOREA\",\"isPartOf\":{\"@id\":\"https:\/\/idakorea.ee\/#website\"},\"primaryImageOfPage\":{\"@id\":\"https:\/\/idakorea.ee\/product\/tooniv-paikesekaitsekreem-prettyskin-no-sebum-tone-up-sun-cream-spf-50-pa-70-ml\/#primaryimage\"},\"image\":{\"@id\":\"https:\/\/idakorea.ee\/product\/tooniv-paikesekaitsekreem-prettyskin-no-sebum-tone-up-sun-cream-spf-50-pa-70-ml\/#primaryimage\"},\"thumbnailUrl\":\"https:\/\/idakorea.ee\/wp-content\/uploads\/2025\/05\/prettyskin-no-sebum-tone-up-sun-cream-spf50-idakorea.ee_.jpg\",\"datePublished\":\"2025-05-08T12:12:00+00:00\",\"dateModified\":\"2026-04-12T16:27:03+00:00\",\"description\":\"Tooniv p\u00e4ikesekaitsekreem hooldab n\u00e4onahka ja loob tugeva kaitsebarj\u00e4\u00e4ri ultraviolettkiirguse kahjuliku m\u00f5ju vastu, olles samal ajal ka jumestuskreemi ja primeri eest.\",\"breadcrumb\":{\"@id\":\"https:\/\/idakorea.ee\/product\/tooniv-paikesekaitsekreem-prettyskin-no-sebum-tone-up-sun-cream-spf-50-pa-70-ml\/#breadcrumb\"},\"inLanguage\":\"en-US\",\"potentialAction\":[{\"@type\":\"ReadAction\",\"target\":[\"https:\/\/idakorea.ee\/product\/tooniv-paikesekaitsekreem-prettyskin-no-sebum-tone-up-sun-cream-spf-50-pa-70-ml\/\"]}]},{\"@type\":\"ImageObject\",\"inLanguage\":\"en-US\",\"@id\":\"https:\/\/idakorea.ee\/product\/tooniv-paikesekaitsekreem-prettyskin-no-sebum-tone-up-sun-cream-spf-50-pa-70-ml\/#primaryimage\",\"url\":\"https:\/\/idakorea.ee\/wp-content\/uploads\/2025\/05\/prettyskin-no-sebum-tone-up-sun-cream-spf50-idakorea.ee_.jpg\",\"contentUrl\":\"https:\/\/idakorea.ee\/wp-content\/uploads\/2025\/05\/prettyskin-no-sebum-tone-up-sun-cream-spf50-idakorea.ee_.jpg\",\"width\":600,\"height\":600},{\"@type\":\"BreadcrumbList\",\"@id\":\"https:\/\/idakorea.ee\/product\/tooniv-paikesekaitsekreem-prettyskin-no-sebum-tone-up-sun-cream-spf-50-pa-70-ml\/#breadcrumb\",\"itemListElement\":[{\"@type\":\"ListItem\",\"position\":1,\"name\":\"\u0413\u043b\u0430\u0432\u043d\u0430\u044f \u0441\u0442\u0440\u0430\u043d\u0438\u0446\u0430\",\"item\":\"https:\/\/idakorea.ee\/\"},{\"@type\":\"ListItem\",\"position\":2,\"name\":\"Shop\",\"item\":\"https:\/\/idakorea.ee\/shop-2\/\"},{\"@type\":\"ListItem\",\"position\":3,\"name\":\"Tooniv p\u00e4ikesekaitsekreem PrettySkin No Sebum Tone Up Sun Cream SPF50+ PA++++, 70 ml\"}]},{\"@type\":\"WebSite\",\"@id\":\"https:\/\/idakorea.ee\/#website\",\"url\":\"https:\/\/idakorea.ee\/\",\"name\":\"IDA.KOREA\",\"description\":\"Korea kosmeetika e-pood\",\"publisher\":{\"@id\":\"https:\/\/idakorea.ee\/#organization\"},\"alternateName\":\"Beauty Shop\",\"potentialAction\":[{\"@type\":\"SearchAction\",\"target\":{\"@type\":\"EntryPoint\",\"urlTemplate\":\"https:\/\/idakorea.ee\/?s={search_term_string}\"},\"query-input\":{\"@type\":\"PropertyValueSpecification\",\"valueRequired\":true,\"valueName\":\"search_term_string\"}}],\"inLanguage\":\"en-US\"},{\"@type\":\"Organization\",\"@id\":\"https:\/\/idakorea.ee\/#organization\",\"name\":\"IDA.KOREA\",\"url\":\"https:\/\/idakorea.ee\/\",\"logo\":{\"@type\":\"ImageObject\",\"inLanguage\":\"en-US\",\"@id\":\"https:\/\/idakorea.ee\/#\/schema\/logo\/image\/\",\"url\":\"https:\/\/idakorea.ee\/wp-content\/uploads\/2024\/05\/cropped-korea3.png\",\"contentUrl\":\"https:\/\/idakorea.ee\/wp-content\/uploads\/2024\/05\/cropped-korea3.png\",\"width\":688,\"height\":126,\"caption\":\"IDA.KOREA\"},\"image\":{\"@id\":\"https:\/\/idakorea.ee\/#\/schema\/logo\/image\/\"},\"sameAs\":[\"https:\/\/www.instagram.com\/ida.korea\/\"]}]}<\/script>\n<!-- \/ Yoast SEO plugin. -->","yoast_head_json":{"title":"PrettySkin No Sebum Tone Up Sun Cream SPF50+ PA++++, 70 ml - IDA.KOREA","description":"Tinted sunscreen nourishes the complexion and creates a strong barrier against the harmful effects of ultraviolet rays, while also protecting against make-up and primer.","robots":{"index":"index","follow":"follow","max-snippet":"max-snippet:-1","max-image-preview":"max-image-preview:large","max-video-preview":"max-video-preview:-1"},"canonical":"https:\/\/idakorea.ee\/en\/product\/tooniv-paikesekaitsekreem-prettyskin-no-sebum-tone-up-sun-cream-spf-50-pa-70-ml\/","og_locale":"en_US","og_type":"article","og_title":"Tooniv p\u00e4ikesekaitsekreem PrettySkin No Sebum Tone Up Sun Cream SPF50+ PA++++, 70 ml - IDA.KOREA","og_description":"Tooniv p\u00e4ikesekaitsekreem hooldab n\u00e4onahka ja loob tugeva kaitsebarj\u00e4\u00e4ri ultraviolettkiirguse kahjuliku m\u00f5ju vastu, olles samal ajal ka jumestuskreemi ja primeri eest.","og_url":"https:\/\/idakorea.ee\/en\/product\/tooniv-paikesekaitsekreem-prettyskin-no-sebum-tone-up-sun-cream-spf-50-pa-70-ml\/","og_site_name":"IDA.KOREA","article_modified_time":"2026-04-12T16:27:03+00:00","og_image":[{"width":600,"height":600,"url":"https:\/\/idakorea.ee\/wp-content\/uploads\/2025\/05\/prettyskin-no-sebum-tone-up-sun-cream-spf50-idakorea.ee_.jpg","type":"image\/jpeg"}],"twitter_card":"summary_large_image","twitter_misc":{"Est. reading time":"2 minutes"},"schema":{"@context":"https:\/\/schema.org","@graph":[{"@type":"WebPage","@id":"https:\/\/idakorea.ee\/product\/tooniv-paikesekaitsekreem-prettyskin-no-sebum-tone-up-sun-cream-spf-50-pa-70-ml\/","url":"https:\/\/idakorea.ee\/product\/tooniv-paikesekaitsekreem-prettyskin-no-sebum-tone-up-sun-cream-spf-50-pa-70-ml\/","name":"PrettySkin No Sebum Tone Up Sun Cream SPF50+ PA++++, 70 ml - IDA.KOREA","isPartOf":{"@id":"https:\/\/idakorea.ee\/#website"},"primaryImageOfPage":{"@id":"https:\/\/idakorea.ee\/product\/tooniv-paikesekaitsekreem-prettyskin-no-sebum-tone-up-sun-cream-spf-50-pa-70-ml\/#primaryimage"},"image":{"@id":"https:\/\/idakorea.ee\/product\/tooniv-paikesekaitsekreem-prettyskin-no-sebum-tone-up-sun-cream-spf-50-pa-70-ml\/#primaryimage"},"thumbnailUrl":"https:\/\/idakorea.ee\/wp-content\/uploads\/2025\/05\/prettyskin-no-sebum-tone-up-sun-cream-spf50-idakorea.ee_.jpg","datePublished":"2025-05-08T12:12:00+00:00","dateModified":"2026-04-12T16:27:03+00:00","description":"Tinted sunscreen nourishes the complexion and creates a strong barrier against the harmful effects of ultraviolet rays, while also protecting against make-up and primer.","breadcrumb":{"@id":"https:\/\/idakorea.ee\/product\/tooniv-paikesekaitsekreem-prettyskin-no-sebum-tone-up-sun-cream-spf-50-pa-70-ml\/#breadcrumb"},"inLanguage":"en-US","potentialAction":[{"@type":"ReadAction","target":["https:\/\/idakorea.ee\/product\/tooniv-paikesekaitsekreem-prettyskin-no-sebum-tone-up-sun-cream-spf-50-pa-70-ml\/"]}]},{"@type":"ImageObject","inLanguage":"en-US","@id":"https:\/\/idakorea.ee\/product\/tooniv-paikesekaitsekreem-prettyskin-no-sebum-tone-up-sun-cream-spf-50-pa-70-ml\/#primaryimage","url":"https:\/\/idakorea.ee\/wp-content\/uploads\/2025\/05\/prettyskin-no-sebum-tone-up-sun-cream-spf50-idakorea.ee_.jpg","contentUrl":"https:\/\/idakorea.ee\/wp-content\/uploads\/2025\/05\/prettyskin-no-sebum-tone-up-sun-cream-spf50-idakorea.ee_.jpg","width":600,"height":600},{"@type":"BreadcrumbList","@id":"https:\/\/idakorea.ee\/product\/tooniv-paikesekaitsekreem-prettyskin-no-sebum-tone-up-sun-cream-spf-50-pa-70-ml\/#breadcrumb","itemListElement":[{"@type":"ListItem","position":1,"name":"\u0413\u043b\u0430\u0432\u043d\u0430\u044f \u0441\u0442\u0440\u0430\u043d\u0438\u0446\u0430","item":"https:\/\/idakorea.ee\/"},{"@type":"ListItem","position":2,"name":"Shop","item":"https:\/\/idakorea.ee\/shop-2\/"},{"@type":"ListItem","position":3,"name":"Tooniv p\u00e4ikesekaitsekreem PrettySkin No Sebum Tone Up Sun Cream SPF50+ PA++++, 70 ml"}]},{"@type":"WebSite","@id":"https:\/\/idakorea.ee\/#website","url":"https:\/\/idakorea.ee\/","name":"IDA.KOREA","description":"Korean cosmetics e-shop","publisher":{"@id":"https:\/\/idakorea.ee\/#organization"},"alternateName":"Beauty Shop","potentialAction":[{"@type":"SearchAction","target":{"@type":"EntryPoint","urlTemplate":"https:\/\/idakorea.ee\/?s={search_term_string}"},"query-input":{"@type":"PropertyValueSpecification","valueRequired":true,"valueName":"search_term_string"}}],"inLanguage":"en-US"},{"@type":"Organization","@id":"https:\/\/idakorea.ee\/#organization","name":"IDA.KOREA","url":"https:\/\/idakorea.ee\/","logo":{"@type":"ImageObject","inLanguage":"en-US","@id":"https:\/\/idakorea.ee\/#\/schema\/logo\/image\/","url":"https:\/\/idakorea.ee\/wp-content\/uploads\/2024\/05\/cropped-korea3.png","contentUrl":"https:\/\/idakorea.ee\/wp-content\/uploads\/2024\/05\/cropped-korea3.png","width":688,"height":126,"caption":"IDA.KOREA"},"image":{"@id":"https:\/\/idakorea.ee\/#\/schema\/logo\/image\/"},"sameAs":["https:\/\/www.instagram.com\/ida.korea\/"]}]}},"jetpack_sharing_enabled":true,"brands":[{"id":851,"name":"PRETTYSKIN.","slug":"prettyskin"}],"_links":{"self":[{"href":"https:\/\/idakorea.ee\/en\/wp-json\/wp\/v2\/product\/13929","targetHints":{"allow":["GET"]}}],"collection":[{"href":"https:\/\/idakorea.ee\/en\/wp-json\/wp\/v2\/product"}],"about":[{"href":"https:\/\/idakorea.ee\/en\/wp-json\/wp\/v2\/types\/product"}],"replies":[{"embeddable":true,"href":"https:\/\/idakorea.ee\/en\/wp-json\/wp\/v2\/comments?post=13929"}],"version-history":[{"count":3,"href":"https:\/\/idakorea.ee\/en\/wp-json\/wp\/v2\/product\/13929\/revisions"}],"predecessor-version":[{"id":17502,"href":"https:\/\/idakorea.ee\/en\/wp-json\/wp\/v2\/product\/13929\/revisions\/17502"}],"wp:featuredmedia":[{"embeddable":true,"href":"https:\/\/idakorea.ee\/en\/wp-json\/wp\/v2\/media\/13930"}],"wp:attachment":[{"href":"https:\/\/idakorea.ee\/en\/wp-json\/wp\/v2\/media?parent=13929"}],"wp:term":[{"taxonomy":"pwb-brand","embeddable":true,"href":"https:\/\/idakorea.ee\/en\/wp-json\/wp\/v2\/pwb-brand?post=13929"},{"taxonomy":"product_brand","embeddable":true,"href":"https:\/\/idakorea.ee\/en\/wp-json\/wp\/v2\/product_brand?post=13929"},{"taxonomy":"product_cat","embeddable":true,"href":"https:\/\/idakorea.ee\/en\/wp-json\/wp\/v2\/product_cat?post=13929"},{"taxonomy":"product_tag","embeddable":true,"href":"https:\/\/idakorea.ee\/en\/wp-json\/wp\/v2\/product_tag?post=13929"}],"curies":[{"name":"wp","href":"https:\/\/api.w.org\/{rel}","templated":true}]}}