{"id":1416,"date":"2024-05-28T07:55:39","date_gmt":"2024-05-28T07:55:39","guid":{"rendered":"https:\/\/idakorea.ee\/?post_type=product&#038;p=1416"},"modified":"2026-04-13T20:27:26","modified_gmt":"2026-04-13T18:27:26","slug":"medi-peel-red-lacto-collagen-wrapping-mask","status":"publish","type":"product","link":"https:\/\/idakorea.ee\/en\/product\/medi-peel-red-lacto-collagen-wrapping-mask\/","title":{"rendered":"Medipeel+ Red Lacto Collagen Wrapping Mask"},"content":{"rendered":"<p><strong>Medi-Peel Red Lacto Collagen Wrapping Mask<\/strong>\u00a0is a gentle gel that hardens the skin, tightens and tightens enlarged pores, making them less visible. The mask reduces the size and depth of pores, smoothing micro-pores.<\/p>\n<p>It eliminates greasy shine, normalizes oil activity, improves elasticity and firmness, smoothes and gives a healthy glow. The nourishing creamy texture adheres tightly to the skin, forming a breathable collagen membrane that allows ingredients to penetrate the skin.<\/p>\n<p>The formulation is based not on water but on 70,2% hydrolysed collagen (702,278 ppm) with a low molecular weight of 300 Da (Dalton), which allows the active ingredient to penetrate deep into the epidermis, moisturising and rejuvenating. Collagen increases tissue strength, strengthens, stimulates its own production of hyaluronic acid, reduces the appearance of age-related changes.<\/p>\n<p><strong>Additional active substances:\u00a0<\/strong><\/p>\n<ul>\n<li>Tannin\u2122 (extracts of persimmon, grape, coffee, saffron, rhododendron, green tea, safflower and chrysanthemum) - a plant complex that relieves itching, irritation and peeling, has astringent and antioxidant properties, tightens pores.<\/li>\n<li>Anti Sebum P\u2122 - a plant complex consisting of extracts of pine, yucca, oslinnik, pueraria. The complex inhibits excessive sebaceous gland activity, normalizes the oil secretion of the skin and eliminates oily shine.<\/li>\n<li>Lactobacillus enzymes (1000 ppm) support the skin's natural microbiota, improve collagen structure, increasing skin elasticity. They have a brightening effect, reducing the appearance of pigmentation.<\/li>\n<li>Amino acids rebuild the epidermal tissue structure, strengthen fibres, make the skin denser. They maintain epidermal integrity, elasticity and firmness.<\/li>\n<li>Type 3 hyaluronic acid moisturizes, softens, strengthens the hydrolipidic barrier and prevents moisture loss.<\/li>\n<\/ul>\n<p>Suitable for combination and oily skin.<\/p>\n<p><strong>Usage:\u00a0<\/strong>after cleansing, toning and moisturising the skin, apply a thin layer of the mask to the face, using your hands or a brush, avoiding the area around the eyes and lips. After 20 to 30 minutes, when the mask has hardened, gently pick it up and remove. Use 2-3 times a week<\/p>","protected":false},"excerpt":{"rendered":"<p>Medi-Peel Red Lacto Collagen Wrapping Mask is a gentle gel that hardens on the skin, tightens and narrows enlarged pores, making them less visible. The mask reduces the size of pores, reduces their depth, smoothes micro-pressure. It eliminates oily sheen, normalizes sebum activity, improves elasticity and firmness, smoothes and gives a healthy glow. The nourishing creamy texture adheres tightly to the skin, forming a breathable collagen membrane that\u2026<\/p>","protected":false},"featured_media":1417,"comment_status":"open","ping_status":"closed","template":"","meta":{"_uf_show_specific_survey":0,"_uf_disable_surveys":false,"_bst_post_transparent":"default","_bst_post_title":"","_bst_post_layout":"default","_bst_post_sidebar_id":"","_bst_post_content_style":"default","_bst_post_vertical_padding":"default","_bst_post_feature":"","_bst_post_feature_position":"","_bst_post_header":false,"_bst_post_footer":false},"pwb-brand":[107],"product_brand":[],"product_cat":[92,98],"product_tag":[614,381,896],"class_list":{"0":"post-1416","1":"product","2":"type-product","3":"status-publish","4":"has-post-thumbnail","6":"pwb-brand-medipeel","7":"product_cat-nagu","8":"product_cat-naomaskid","9":"product_tag-mask","10":"product_tag-medipeel","11":"product_tag-wrapping","13":"first","14":"instock","15":"sale","16":"shipping-taxable","17":"purchasable","18":"product-type-variable","19":"has-default-attributes","20":"entry","21":"content-bg","22":"loop-entry"},"supplier_id":null,"supplier_sku":"","barcode":null,"atum_controlled":true,"out_stock_date":null,"out_stock_threshold":null,"inheritable":true,"inbound_stock":0,"stock_on_hold":0,"sold_today":0,"sales_last_days":4,"out_stock_days":0,"lost_sales":0,"has_location":false,"update_date":"2026-04-14T09:21:51","atum_locations":[],"atum_stock_status":"instock","restock_status":false,"low_stock_amount":"","sales_update_date":"2026-04-14T00:05:14","calc_backorders":null,"yoast_head":"<!-- This site is optimized with the Yoast SEO plugin v27.2 - https:\/\/yoast.com\/product\/yoast-seo-wordpress\/ -->\n<title>Medi-Peel Red Lacto Collagen Wrapping Mask - IDA.KOREA<\/title>\n<meta name=\"description\" content=\"Medi-Peel Red Lacto Collagen Wrapping Mask\u00a0on \u00f5rn geel, mis k\u00f5veneb nahal, pinguldab ja ahendab laienenud poore, muutes need v\u00e4hem n\u00e4htavaks.\" \/>\n<meta name=\"robots\" content=\"index, follow, max-snippet:-1, max-image-preview:large, max-video-preview:-1\" \/>\n<link rel=\"canonical\" href=\"https:\/\/idakorea.ee\/en\/product\/medi-peel-red-lacto-collagen-wrapping-mask\/\" \/>\n<meta property=\"og:locale\" content=\"en_US\" \/>\n<meta property=\"og:type\" content=\"article\" \/>\n<meta property=\"og:title\" content=\"Medi-Peel Red Lacto Collagen Wrapping Mask - IDA.KOREA\" \/>\n<meta property=\"og:description\" content=\"Medi-Peel Red Lacto Collagen Wrapping Mask\u00a0on \u00f5rn geel, mis k\u00f5veneb nahal, pinguldab ja ahendab laienenud poore, muutes need v\u00e4hem n\u00e4htavaks.\" \/>\n<meta property=\"og:url\" content=\"https:\/\/idakorea.ee\/en\/product\/medi-peel-red-lacto-collagen-wrapping-mask\/\" \/>\n<meta property=\"og:site_name\" content=\"IDA.KOREA\" \/>\n<meta property=\"article:modified_time\" content=\"2026-04-13T18:27:26+00:00\" \/>\n<meta property=\"og:image\" content=\"https:\/\/idakorea.ee\/wp-content\/uploads\/2024\/05\/Medi_Peel_-Red-Lacto-Collagen-Wrapping-Mask.jpg\" \/>\n\t<meta property=\"og:image:width\" content=\"1000\" \/>\n\t<meta property=\"og:image:height\" content=\"1000\" \/>\n\t<meta property=\"og:image:type\" content=\"image\/jpeg\" \/>\n<meta name=\"twitter:card\" content=\"summary_large_image\" \/>\n<meta name=\"twitter:label1\" content=\"Est. reading time\" \/>\n\t<meta name=\"twitter:data1\" content=\"2 minutes\" \/>\n<script type=\"application\/ld+json\" class=\"yoast-schema-graph\">{\"@context\":\"https:\/\/schema.org\",\"@graph\":[{\"@type\":\"WebPage\",\"@id\":\"https:\/\/idakorea.ee\/product\/medi-peel-red-lacto-collagen-wrapping-mask\/\",\"url\":\"https:\/\/idakorea.ee\/product\/medi-peel-red-lacto-collagen-wrapping-mask\/\",\"name\":\"Medi-Peel Red Lacto Collagen Wrapping Mask - IDA.KOREA\",\"isPartOf\":{\"@id\":\"https:\/\/idakorea.ee\/#website\"},\"primaryImageOfPage\":{\"@id\":\"https:\/\/idakorea.ee\/product\/medi-peel-red-lacto-collagen-wrapping-mask\/#primaryimage\"},\"image\":{\"@id\":\"https:\/\/idakorea.ee\/product\/medi-peel-red-lacto-collagen-wrapping-mask\/#primaryimage\"},\"thumbnailUrl\":\"https:\/\/idakorea.ee\/wp-content\/uploads\/2024\/05\/Medi_Peel_-Red-Lacto-Collagen-Wrapping-Mask.jpg\",\"datePublished\":\"2024-05-28T07:55:39+00:00\",\"dateModified\":\"2026-04-13T18:27:26+00:00\",\"description\":\"Medi-Peel Red Lacto Collagen Wrapping Mask\u00a0on \u00f5rn geel, mis k\u00f5veneb nahal, pinguldab ja ahendab laienenud poore, muutes need v\u00e4hem n\u00e4htavaks.\",\"breadcrumb\":{\"@id\":\"https:\/\/idakorea.ee\/product\/medi-peel-red-lacto-collagen-wrapping-mask\/#breadcrumb\"},\"inLanguage\":\"en-US\",\"potentialAction\":[{\"@type\":\"ReadAction\",\"target\":[\"https:\/\/idakorea.ee\/product\/medi-peel-red-lacto-collagen-wrapping-mask\/\"]}]},{\"@type\":\"ImageObject\",\"inLanguage\":\"en-US\",\"@id\":\"https:\/\/idakorea.ee\/product\/medi-peel-red-lacto-collagen-wrapping-mask\/#primaryimage\",\"url\":\"https:\/\/idakorea.ee\/wp-content\/uploads\/2024\/05\/Medi_Peel_-Red-Lacto-Collagen-Wrapping-Mask.jpg\",\"contentUrl\":\"https:\/\/idakorea.ee\/wp-content\/uploads\/2024\/05\/Medi_Peel_-Red-Lacto-Collagen-Wrapping-Mask.jpg\",\"width\":1000,\"height\":1000},{\"@type\":\"BreadcrumbList\",\"@id\":\"https:\/\/idakorea.ee\/product\/medi-peel-red-lacto-collagen-wrapping-mask\/#breadcrumb\",\"itemListElement\":[{\"@type\":\"ListItem\",\"position\":1,\"name\":\"\u0413\u043b\u0430\u0432\u043d\u0430\u044f \u0441\u0442\u0440\u0430\u043d\u0438\u0446\u0430\",\"item\":\"https:\/\/idakorea.ee\/\"},{\"@type\":\"ListItem\",\"position\":2,\"name\":\"Shop\",\"item\":\"https:\/\/idakorea.ee\/shop-2\/\"},{\"@type\":\"ListItem\",\"position\":3,\"name\":\"Poore kahandav kollageeni kilemask Medipeel+ Red Lacto Collagen Wrapping Mask\"}]},{\"@type\":\"WebSite\",\"@id\":\"https:\/\/idakorea.ee\/#website\",\"url\":\"https:\/\/idakorea.ee\/\",\"name\":\"IDA.KOREA\",\"description\":\"Korea kosmeetika e-pood\",\"publisher\":{\"@id\":\"https:\/\/idakorea.ee\/#organization\"},\"alternateName\":\"Beauty Shop\",\"potentialAction\":[{\"@type\":\"SearchAction\",\"target\":{\"@type\":\"EntryPoint\",\"urlTemplate\":\"https:\/\/idakorea.ee\/?s={search_term_string}\"},\"query-input\":{\"@type\":\"PropertyValueSpecification\",\"valueRequired\":true,\"valueName\":\"search_term_string\"}}],\"inLanguage\":\"en-US\"},{\"@type\":\"Organization\",\"@id\":\"https:\/\/idakorea.ee\/#organization\",\"name\":\"IDA.KOREA\",\"url\":\"https:\/\/idakorea.ee\/\",\"logo\":{\"@type\":\"ImageObject\",\"inLanguage\":\"en-US\",\"@id\":\"https:\/\/idakorea.ee\/#\/schema\/logo\/image\/\",\"url\":\"https:\/\/idakorea.ee\/wp-content\/uploads\/2024\/05\/cropped-korea3.png\",\"contentUrl\":\"https:\/\/idakorea.ee\/wp-content\/uploads\/2024\/05\/cropped-korea3.png\",\"width\":688,\"height\":126,\"caption\":\"IDA.KOREA\"},\"image\":{\"@id\":\"https:\/\/idakorea.ee\/#\/schema\/logo\/image\/\"},\"sameAs\":[\"https:\/\/www.instagram.com\/ida.korea\/\"]}]}<\/script>\n<!-- \/ Yoast SEO plugin. -->","yoast_head_json":{"title":"Medi-Peel Red Lacto Collagen Wrapping Mask - IDA.KOREA","description":"Medi-Peel Red Lacto Collagen Wrapping Mask is a gentle gel that hardens on the skin, tightening and narrowing enlarged pores, making them less visible.","robots":{"index":"index","follow":"follow","max-snippet":"max-snippet:-1","max-image-preview":"max-image-preview:large","max-video-preview":"max-video-preview:-1"},"canonical":"https:\/\/idakorea.ee\/en\/product\/medi-peel-red-lacto-collagen-wrapping-mask\/","og_locale":"en_US","og_type":"article","og_title":"Medi-Peel Red Lacto Collagen Wrapping Mask - IDA.KOREA","og_description":"Medi-Peel Red Lacto Collagen Wrapping Mask\u00a0on \u00f5rn geel, mis k\u00f5veneb nahal, pinguldab ja ahendab laienenud poore, muutes need v\u00e4hem n\u00e4htavaks.","og_url":"https:\/\/idakorea.ee\/en\/product\/medi-peel-red-lacto-collagen-wrapping-mask\/","og_site_name":"IDA.KOREA","article_modified_time":"2026-04-13T18:27:26+00:00","og_image":[{"width":1000,"height":1000,"url":"https:\/\/idakorea.ee\/wp-content\/uploads\/2024\/05\/Medi_Peel_-Red-Lacto-Collagen-Wrapping-Mask.jpg","type":"image\/jpeg"}],"twitter_card":"summary_large_image","twitter_misc":{"Est. reading time":"2 minutes"},"schema":{"@context":"https:\/\/schema.org","@graph":[{"@type":"WebPage","@id":"https:\/\/idakorea.ee\/product\/medi-peel-red-lacto-collagen-wrapping-mask\/","url":"https:\/\/idakorea.ee\/product\/medi-peel-red-lacto-collagen-wrapping-mask\/","name":"Medi-Peel Red Lacto Collagen Wrapping Mask - IDA.KOREA","isPartOf":{"@id":"https:\/\/idakorea.ee\/#website"},"primaryImageOfPage":{"@id":"https:\/\/idakorea.ee\/product\/medi-peel-red-lacto-collagen-wrapping-mask\/#primaryimage"},"image":{"@id":"https:\/\/idakorea.ee\/product\/medi-peel-red-lacto-collagen-wrapping-mask\/#primaryimage"},"thumbnailUrl":"https:\/\/idakorea.ee\/wp-content\/uploads\/2024\/05\/Medi_Peel_-Red-Lacto-Collagen-Wrapping-Mask.jpg","datePublished":"2024-05-28T07:55:39+00:00","dateModified":"2026-04-13T18:27:26+00:00","description":"Medi-Peel Red Lacto Collagen Wrapping Mask is a gentle gel that hardens on the skin, tightening and narrowing enlarged pores, making them less visible.","breadcrumb":{"@id":"https:\/\/idakorea.ee\/product\/medi-peel-red-lacto-collagen-wrapping-mask\/#breadcrumb"},"inLanguage":"en-US","potentialAction":[{"@type":"ReadAction","target":["https:\/\/idakorea.ee\/product\/medi-peel-red-lacto-collagen-wrapping-mask\/"]}]},{"@type":"ImageObject","inLanguage":"en-US","@id":"https:\/\/idakorea.ee\/product\/medi-peel-red-lacto-collagen-wrapping-mask\/#primaryimage","url":"https:\/\/idakorea.ee\/wp-content\/uploads\/2024\/05\/Medi_Peel_-Red-Lacto-Collagen-Wrapping-Mask.jpg","contentUrl":"https:\/\/idakorea.ee\/wp-content\/uploads\/2024\/05\/Medi_Peel_-Red-Lacto-Collagen-Wrapping-Mask.jpg","width":1000,"height":1000},{"@type":"BreadcrumbList","@id":"https:\/\/idakorea.ee\/product\/medi-peel-red-lacto-collagen-wrapping-mask\/#breadcrumb","itemListElement":[{"@type":"ListItem","position":1,"name":"\u0413\u043b\u0430\u0432\u043d\u0430\u044f \u0441\u0442\u0440\u0430\u043d\u0438\u0446\u0430","item":"https:\/\/idakorea.ee\/"},{"@type":"ListItem","position":2,"name":"Shop","item":"https:\/\/idakorea.ee\/shop-2\/"},{"@type":"ListItem","position":3,"name":"Poore kahandav kollageeni kilemask Medipeel+ Red Lacto Collagen Wrapping Mask"}]},{"@type":"WebSite","@id":"https:\/\/idakorea.ee\/#website","url":"https:\/\/idakorea.ee\/","name":"IDA.KOREA","description":"Korean cosmetics e-shop","publisher":{"@id":"https:\/\/idakorea.ee\/#organization"},"alternateName":"Beauty Shop","potentialAction":[{"@type":"SearchAction","target":{"@type":"EntryPoint","urlTemplate":"https:\/\/idakorea.ee\/?s={search_term_string}"},"query-input":{"@type":"PropertyValueSpecification","valueRequired":true,"valueName":"search_term_string"}}],"inLanguage":"en-US"},{"@type":"Organization","@id":"https:\/\/idakorea.ee\/#organization","name":"IDA.KOREA","url":"https:\/\/idakorea.ee\/","logo":{"@type":"ImageObject","inLanguage":"en-US","@id":"https:\/\/idakorea.ee\/#\/schema\/logo\/image\/","url":"https:\/\/idakorea.ee\/wp-content\/uploads\/2024\/05\/cropped-korea3.png","contentUrl":"https:\/\/idakorea.ee\/wp-content\/uploads\/2024\/05\/cropped-korea3.png","width":688,"height":126,"caption":"IDA.KOREA"},"image":{"@id":"https:\/\/idakorea.ee\/#\/schema\/logo\/image\/"},"sameAs":["https:\/\/www.instagram.com\/ida.korea\/"]}]}},"jetpack_sharing_enabled":true,"brands":[{"id":107,"name":"MEDIPEEL+","slug":"medipeel"}],"_links":{"self":[{"href":"https:\/\/idakorea.ee\/en\/wp-json\/wp\/v2\/product\/1416","targetHints":{"allow":["GET"]}}],"collection":[{"href":"https:\/\/idakorea.ee\/en\/wp-json\/wp\/v2\/product"}],"about":[{"href":"https:\/\/idakorea.ee\/en\/wp-json\/wp\/v2\/types\/product"}],"replies":[{"embeddable":true,"href":"https:\/\/idakorea.ee\/en\/wp-json\/wp\/v2\/comments?post=1416"}],"version-history":[{"count":2,"href":"https:\/\/idakorea.ee\/en\/wp-json\/wp\/v2\/product\/1416\/revisions"}],"predecessor-version":[{"id":14888,"href":"https:\/\/idakorea.ee\/en\/wp-json\/wp\/v2\/product\/1416\/revisions\/14888"}],"wp:featuredmedia":[{"embeddable":true,"href":"https:\/\/idakorea.ee\/en\/wp-json\/wp\/v2\/media\/1417"}],"wp:attachment":[{"href":"https:\/\/idakorea.ee\/en\/wp-json\/wp\/v2\/media?parent=1416"}],"wp:term":[{"taxonomy":"pwb-brand","embeddable":true,"href":"https:\/\/idakorea.ee\/en\/wp-json\/wp\/v2\/pwb-brand?post=1416"},{"taxonomy":"product_brand","embeddable":true,"href":"https:\/\/idakorea.ee\/en\/wp-json\/wp\/v2\/product_brand?post=1416"},{"taxonomy":"product_cat","embeddable":true,"href":"https:\/\/idakorea.ee\/en\/wp-json\/wp\/v2\/product_cat?post=1416"},{"taxonomy":"product_tag","embeddable":true,"href":"https:\/\/idakorea.ee\/en\/wp-json\/wp\/v2\/product_tag?post=1416"}],"curies":[{"name":"wp","href":"https:\/\/api.w.org\/{rel}","templated":true}]}}