{"id":14176,"date":"2025-05-20T12:11:22","date_gmt":"2025-05-20T10:11:22","guid":{"rendered":"https:\/\/idakorea.ee\/?post_type=product&#038;p=14176"},"modified":"2026-03-28T16:20:57","modified_gmt":"2026-03-28T14:20:57","slug":"dear-klairs-maple-energy-infusing-serum-30ml","status":"publish","type":"product","link":"https:\/\/idakorea.ee\/en\/product\/dear-klairs-maple-energy-infusing-serum-30ml\/","title":{"rendered":"Nourishing serum for dry skin Dear, Klairs Maple Energy Infusing Serum, 30ml"},"content":{"rendered":"<p><strong>Dear, Klairs Maple Energy Infusing Serum<\/strong> is a nourishing serum with a revitalizing action that eliminates dull and uneven complexion and restores a healthy glow. Intensely moisturizes, improves skin elasticity and tone, smoothes micro-texture - reduces wrinkles and fine lines and tightens pores.<\/p>\n<p>The main component of the series is the patented complex <strong>Maple Syrop Revitalizer\u2122 (559 830 ppm)<\/strong>, which contains Canadian maple extract. The active ingredient helps retain moisture, stimulates collagen production and supports skin tone. It has a strong antioxidant effect - neutralising the damaging effects of free radicals and strengthening the skin's defences.<\/p>\n<p>The serum has a syrupy, stretchy texture that does not leave a sticky feeling.<\/p>\n<p><strong>Additional components:<\/strong><\/p>\n<ul>\n<li><strong>3 types of peptides<\/strong> - anti-ageing, stimulate renewal, reduce the depth of wrinkles, smooth and firm.<\/li>\n<li><strong>Argireline<\/strong> - a botulinum-like peptide that relaxes facial muscles and helps prevent facial wrinkles.<\/li>\n<li><strong>Routine<\/strong> - a flavonoid that protects against free radicals. Suitable for the prevention of couperose and rosacea: improves microcirculation, reduces swelling and strengthens capillary walls.<\/li>\n<li><strong>Inulin<\/strong> - a natural prebiotic that inhibits the growth of harmful bacteria and balances the skin microbiome.<\/li>\n<li><strong>Betaine<\/strong> - Smoothes and softens, preserves moisture, protects cell membranes and soothes irritation.<\/li>\n<li><strong>Skvalan (15 000 ppm)<\/strong> - protects against moisture loss, regulates metabolism, prevents premature ageing and protects against environmental damage.<\/li>\n<li><strong>Copenhagen<\/strong> - moisturises and softens dry skin, relieves peeling and restores moisture balance.<\/li>\n<li><strong>Mangovy<\/strong> - moisturises, softens and improves elasticity, promoting skin renewal and healing.<\/li>\n<li><strong>Murmur butter<\/strong> - an intensely moisturising ingredient that rebuilds the skin's lipid barrier and strengthens its defence mechanisms.<\/li>\n<\/ul>\n<p>&nbsp;<\/p>\n<p>Suitable for dry, normal and combination skin.<\/p>\n<p><strong>Usage:<\/strong> After cleansing and toning, apply the serum to the face and distribute evenly. Allow to absorb and continue with your normal skincare routine. Suitable for both morning and evening care.<\/p>","protected":false},"excerpt":{"rendered":"<p>Dear, Klairs Maple Energy Infusing Serum is a nourishing serum with skin-revitalizing action that eliminates dull and uneven complexion and restores a healthy glow. Intensely moisturizes, improves skin elasticity and tone, smoothes micro-texture - reduces wrinkles and fine lines and tightens pores. The key ingredient of the range is the patented Maple Syrop Revitalizer\u2122 Complex (559 830 ppm), which contains Canadian Maple Extract. The active...<\/p>","protected":false},"featured_media":14177,"comment_status":"open","ping_status":"closed","template":"","meta":{"_uf_show_specific_survey":0,"_uf_disable_surveys":false,"_bst_post_transparent":"default","_bst_post_title":"","_bst_post_layout":"default","_bst_post_sidebar_id":"","_bst_post_content_style":"default","_bst_post_vertical_padding":"default","_bst_post_feature":"","_bst_post_feature_position":"","_bst_post_header":false,"_bst_post_footer":false},"pwb-brand":[891],"product_brand":[],"product_cat":[92,97],"product_tag":[568,893],"class_list":{"0":"post-14176","1":"product","2":"type-product","3":"status-publish","4":"has-post-thumbnail","6":"pwb-brand-dear","7":"product_cat-nagu","8":"product_cat-naoseerumid-ja-olid","9":"product_tag-korea","10":"product_tag-maple","12":"first","13":"instock","14":"sale","15":"shipping-taxable","16":"purchasable","17":"product-type-simple","18":"entry","19":"content-bg","20":"loop-entry"},"supplier_id":null,"supplier_sku":"","barcode":null,"atum_controlled":true,"out_stock_date":null,"out_stock_threshold":null,"inheritable":false,"inbound_stock":0,"stock_on_hold":0,"sold_today":0,"sales_last_days":1,"out_stock_days":0,"lost_sales":0,"has_location":false,"update_date":"2026-04-14T00:05:10","atum_locations":[],"atum_stock_status":"instock","restock_status":false,"low_stock_amount":"","sales_update_date":"2026-04-14T00:05:10","calc_backorders":null,"yoast_head":"<!-- This site is optimized with the Yoast SEO plugin v27.2 - https:\/\/yoast.com\/product\/yoast-seo-wordpress\/ -->\n<title>Dear, Klairs Maple Energy Infusing Serum, 30ml - IDA.KOREA<\/title>\n<meta name=\"description\" content=\"Dear, Klairs Maple Energy Infusing Serum on nahka taaselustava toimega toitev seerum, mis k\u00f5rvaldab tuhmi ja eba\u00fchtlase jume ning taastab terve s\u00e4ra.\" \/>\n<meta name=\"robots\" content=\"index, follow, max-snippet:-1, max-image-preview:large, max-video-preview:-1\" \/>\n<link rel=\"canonical\" href=\"https:\/\/idakorea.ee\/en\/product\/dear-klairs-maple-energy-infusing-serum-30ml\/\" \/>\n<meta property=\"og:locale\" content=\"en_US\" \/>\n<meta property=\"og:type\" content=\"article\" \/>\n<meta property=\"og:title\" content=\"Dear, Klairs Maple Energy Infusing Serum, 30ml - IDA.KOREA\" \/>\n<meta property=\"og:description\" content=\"Dear, Klairs Maple Energy Infusing Serum on nahka taaselustava toimega toitev seerum, mis k\u00f5rvaldab tuhmi ja eba\u00fchtlase jume ning taastab terve s\u00e4ra.\" \/>\n<meta property=\"og:url\" content=\"https:\/\/idakorea.ee\/en\/product\/dear-klairs-maple-energy-infusing-serum-30ml\/\" \/>\n<meta property=\"og:site_name\" content=\"IDA.KOREA\" \/>\n<meta property=\"article:modified_time\" content=\"2026-03-28T14:20:57+00:00\" \/>\n<meta property=\"og:image\" content=\"https:\/\/idakorea.ee\/wp-content\/uploads\/2025\/05\/dearklairs-maple-serum-idakorea.jpg\" \/>\n\t<meta property=\"og:image:width\" content=\"1000\" \/>\n\t<meta property=\"og:image:height\" content=\"1000\" \/>\n\t<meta property=\"og:image:type\" content=\"image\/jpeg\" \/>\n<meta name=\"twitter:card\" content=\"summary_large_image\" \/>\n<meta name=\"twitter:label1\" content=\"Est. reading time\" \/>\n\t<meta name=\"twitter:data1\" content=\"2 minutes\" \/>\n<script type=\"application\/ld+json\" class=\"yoast-schema-graph\">{\"@context\":\"https:\/\/schema.org\",\"@graph\":[{\"@type\":\"WebPage\",\"@id\":\"https:\/\/idakorea.ee\/product\/dear-klairs-maple-energy-infusing-serum-30ml\/\",\"url\":\"https:\/\/idakorea.ee\/product\/dear-klairs-maple-energy-infusing-serum-30ml\/\",\"name\":\"Dear, Klairs Maple Energy Infusing Serum, 30ml - IDA.KOREA\",\"isPartOf\":{\"@id\":\"https:\/\/idakorea.ee\/#website\"},\"primaryImageOfPage\":{\"@id\":\"https:\/\/idakorea.ee\/product\/dear-klairs-maple-energy-infusing-serum-30ml\/#primaryimage\"},\"image\":{\"@id\":\"https:\/\/idakorea.ee\/product\/dear-klairs-maple-energy-infusing-serum-30ml\/#primaryimage\"},\"thumbnailUrl\":\"https:\/\/idakorea.ee\/wp-content\/uploads\/2025\/05\/dearklairs-maple-serum-idakorea.jpg\",\"datePublished\":\"2025-05-20T10:11:22+00:00\",\"dateModified\":\"2026-03-28T14:20:57+00:00\",\"description\":\"Dear, Klairs Maple Energy Infusing Serum on nahka taaselustava toimega toitev seerum, mis k\u00f5rvaldab tuhmi ja eba\u00fchtlase jume ning taastab terve s\u00e4ra.\",\"breadcrumb\":{\"@id\":\"https:\/\/idakorea.ee\/product\/dear-klairs-maple-energy-infusing-serum-30ml\/#breadcrumb\"},\"inLanguage\":\"en-US\",\"potentialAction\":[{\"@type\":\"ReadAction\",\"target\":[\"https:\/\/idakorea.ee\/product\/dear-klairs-maple-energy-infusing-serum-30ml\/\"]}]},{\"@type\":\"ImageObject\",\"inLanguage\":\"en-US\",\"@id\":\"https:\/\/idakorea.ee\/product\/dear-klairs-maple-energy-infusing-serum-30ml\/#primaryimage\",\"url\":\"https:\/\/idakorea.ee\/wp-content\/uploads\/2025\/05\/dearklairs-maple-serum-idakorea.jpg\",\"contentUrl\":\"https:\/\/idakorea.ee\/wp-content\/uploads\/2025\/05\/dearklairs-maple-serum-idakorea.jpg\",\"width\":1000,\"height\":1000},{\"@type\":\"BreadcrumbList\",\"@id\":\"https:\/\/idakorea.ee\/product\/dear-klairs-maple-energy-infusing-serum-30ml\/#breadcrumb\",\"itemListElement\":[{\"@type\":\"ListItem\",\"position\":1,\"name\":\"\u0413\u043b\u0430\u0432\u043d\u0430\u044f \u0441\u0442\u0440\u0430\u043d\u0438\u0446\u0430\",\"item\":\"https:\/\/idakorea.ee\/\"},{\"@type\":\"ListItem\",\"position\":2,\"name\":\"Shop\",\"item\":\"https:\/\/idakorea.ee\/shop-2\/\"},{\"@type\":\"ListItem\",\"position\":3,\"name\":\"Toitev seerum kuivale nahale Dear, Klairs Maple Energy Infusing Serum, 30ml\"}]},{\"@type\":\"WebSite\",\"@id\":\"https:\/\/idakorea.ee\/#website\",\"url\":\"https:\/\/idakorea.ee\/\",\"name\":\"IDA.KOREA\",\"description\":\"Korea kosmeetika e-pood\",\"publisher\":{\"@id\":\"https:\/\/idakorea.ee\/#organization\"},\"alternateName\":\"Beauty Shop\",\"potentialAction\":[{\"@type\":\"SearchAction\",\"target\":{\"@type\":\"EntryPoint\",\"urlTemplate\":\"https:\/\/idakorea.ee\/?s={search_term_string}\"},\"query-input\":{\"@type\":\"PropertyValueSpecification\",\"valueRequired\":true,\"valueName\":\"search_term_string\"}}],\"inLanguage\":\"en-US\"},{\"@type\":\"Organization\",\"@id\":\"https:\/\/idakorea.ee\/#organization\",\"name\":\"IDA.KOREA\",\"url\":\"https:\/\/idakorea.ee\/\",\"logo\":{\"@type\":\"ImageObject\",\"inLanguage\":\"en-US\",\"@id\":\"https:\/\/idakorea.ee\/#\/schema\/logo\/image\/\",\"url\":\"https:\/\/idakorea.ee\/wp-content\/uploads\/2024\/05\/cropped-korea3.png\",\"contentUrl\":\"https:\/\/idakorea.ee\/wp-content\/uploads\/2024\/05\/cropped-korea3.png\",\"width\":688,\"height\":126,\"caption\":\"IDA.KOREA\"},\"image\":{\"@id\":\"https:\/\/idakorea.ee\/#\/schema\/logo\/image\/\"},\"sameAs\":[\"https:\/\/www.instagram.com\/ida.korea\/\"]}]}<\/script>\n<!-- \/ Yoast SEO plugin. -->","yoast_head_json":{"title":"Dear, Klairs Maple Energy Infusing Serum, 30ml - IDA.KOREA","description":"Dear, Klairs Maple Energy Infusing Serum is a nourishing serum with skin-revitalizing action that eliminates dull and uneven complexion and restores a healthy glow.","robots":{"index":"index","follow":"follow","max-snippet":"max-snippet:-1","max-image-preview":"max-image-preview:large","max-video-preview":"max-video-preview:-1"},"canonical":"https:\/\/idakorea.ee\/en\/product\/dear-klairs-maple-energy-infusing-serum-30ml\/","og_locale":"en_US","og_type":"article","og_title":"Dear, Klairs Maple Energy Infusing Serum, 30ml - IDA.KOREA","og_description":"Dear, Klairs Maple Energy Infusing Serum on nahka taaselustava toimega toitev seerum, mis k\u00f5rvaldab tuhmi ja eba\u00fchtlase jume ning taastab terve s\u00e4ra.","og_url":"https:\/\/idakorea.ee\/en\/product\/dear-klairs-maple-energy-infusing-serum-30ml\/","og_site_name":"IDA.KOREA","article_modified_time":"2026-03-28T14:20:57+00:00","og_image":[{"width":1000,"height":1000,"url":"https:\/\/idakorea.ee\/wp-content\/uploads\/2025\/05\/dearklairs-maple-serum-idakorea.jpg","type":"image\/jpeg"}],"twitter_card":"summary_large_image","twitter_misc":{"Est. reading time":"2 minutes"},"schema":{"@context":"https:\/\/schema.org","@graph":[{"@type":"WebPage","@id":"https:\/\/idakorea.ee\/product\/dear-klairs-maple-energy-infusing-serum-30ml\/","url":"https:\/\/idakorea.ee\/product\/dear-klairs-maple-energy-infusing-serum-30ml\/","name":"Dear, Klairs Maple Energy Infusing Serum, 30ml - IDA.KOREA","isPartOf":{"@id":"https:\/\/idakorea.ee\/#website"},"primaryImageOfPage":{"@id":"https:\/\/idakorea.ee\/product\/dear-klairs-maple-energy-infusing-serum-30ml\/#primaryimage"},"image":{"@id":"https:\/\/idakorea.ee\/product\/dear-klairs-maple-energy-infusing-serum-30ml\/#primaryimage"},"thumbnailUrl":"https:\/\/idakorea.ee\/wp-content\/uploads\/2025\/05\/dearklairs-maple-serum-idakorea.jpg","datePublished":"2025-05-20T10:11:22+00:00","dateModified":"2026-03-28T14:20:57+00:00","description":"Dear, Klairs Maple Energy Infusing Serum is a nourishing serum with skin-revitalizing action that eliminates dull and uneven complexion and restores a healthy glow.","breadcrumb":{"@id":"https:\/\/idakorea.ee\/product\/dear-klairs-maple-energy-infusing-serum-30ml\/#breadcrumb"},"inLanguage":"en-US","potentialAction":[{"@type":"ReadAction","target":["https:\/\/idakorea.ee\/product\/dear-klairs-maple-energy-infusing-serum-30ml\/"]}]},{"@type":"ImageObject","inLanguage":"en-US","@id":"https:\/\/idakorea.ee\/product\/dear-klairs-maple-energy-infusing-serum-30ml\/#primaryimage","url":"https:\/\/idakorea.ee\/wp-content\/uploads\/2025\/05\/dearklairs-maple-serum-idakorea.jpg","contentUrl":"https:\/\/idakorea.ee\/wp-content\/uploads\/2025\/05\/dearklairs-maple-serum-idakorea.jpg","width":1000,"height":1000},{"@type":"BreadcrumbList","@id":"https:\/\/idakorea.ee\/product\/dear-klairs-maple-energy-infusing-serum-30ml\/#breadcrumb","itemListElement":[{"@type":"ListItem","position":1,"name":"\u0413\u043b\u0430\u0432\u043d\u0430\u044f \u0441\u0442\u0440\u0430\u043d\u0438\u0446\u0430","item":"https:\/\/idakorea.ee\/"},{"@type":"ListItem","position":2,"name":"Shop","item":"https:\/\/idakorea.ee\/shop-2\/"},{"@type":"ListItem","position":3,"name":"Toitev seerum kuivale nahale Dear, Klairs Maple Energy Infusing Serum, 30ml"}]},{"@type":"WebSite","@id":"https:\/\/idakorea.ee\/#website","url":"https:\/\/idakorea.ee\/","name":"IDA.KOREA","description":"Korean cosmetics e-shop","publisher":{"@id":"https:\/\/idakorea.ee\/#organization"},"alternateName":"Beauty Shop","potentialAction":[{"@type":"SearchAction","target":{"@type":"EntryPoint","urlTemplate":"https:\/\/idakorea.ee\/?s={search_term_string}"},"query-input":{"@type":"PropertyValueSpecification","valueRequired":true,"valueName":"search_term_string"}}],"inLanguage":"en-US"},{"@type":"Organization","@id":"https:\/\/idakorea.ee\/#organization","name":"IDA.KOREA","url":"https:\/\/idakorea.ee\/","logo":{"@type":"ImageObject","inLanguage":"en-US","@id":"https:\/\/idakorea.ee\/#\/schema\/logo\/image\/","url":"https:\/\/idakorea.ee\/wp-content\/uploads\/2024\/05\/cropped-korea3.png","contentUrl":"https:\/\/idakorea.ee\/wp-content\/uploads\/2024\/05\/cropped-korea3.png","width":688,"height":126,"caption":"IDA.KOREA"},"image":{"@id":"https:\/\/idakorea.ee\/#\/schema\/logo\/image\/"},"sameAs":["https:\/\/www.instagram.com\/ida.korea\/"]}]}},"jetpack_sharing_enabled":true,"brands":[{"id":891,"name":"DEAR, KLAIRS","slug":"dear"}],"_links":{"self":[{"href":"https:\/\/idakorea.ee\/en\/wp-json\/wp\/v2\/product\/14176","targetHints":{"allow":["GET"]}}],"collection":[{"href":"https:\/\/idakorea.ee\/en\/wp-json\/wp\/v2\/product"}],"about":[{"href":"https:\/\/idakorea.ee\/en\/wp-json\/wp\/v2\/types\/product"}],"replies":[{"embeddable":true,"href":"https:\/\/idakorea.ee\/en\/wp-json\/wp\/v2\/comments?post=14176"}],"version-history":[{"count":1,"href":"https:\/\/idakorea.ee\/en\/wp-json\/wp\/v2\/product\/14176\/revisions"}],"predecessor-version":[{"id":14181,"href":"https:\/\/idakorea.ee\/en\/wp-json\/wp\/v2\/product\/14176\/revisions\/14181"}],"wp:featuredmedia":[{"embeddable":true,"href":"https:\/\/idakorea.ee\/en\/wp-json\/wp\/v2\/media\/14177"}],"wp:attachment":[{"href":"https:\/\/idakorea.ee\/en\/wp-json\/wp\/v2\/media?parent=14176"}],"wp:term":[{"taxonomy":"pwb-brand","embeddable":true,"href":"https:\/\/idakorea.ee\/en\/wp-json\/wp\/v2\/pwb-brand?post=14176"},{"taxonomy":"product_brand","embeddable":true,"href":"https:\/\/idakorea.ee\/en\/wp-json\/wp\/v2\/product_brand?post=14176"},{"taxonomy":"product_cat","embeddable":true,"href":"https:\/\/idakorea.ee\/en\/wp-json\/wp\/v2\/product_cat?post=14176"},{"taxonomy":"product_tag","embeddable":true,"href":"https:\/\/idakorea.ee\/en\/wp-json\/wp\/v2\/product_tag?post=14176"}],"curies":[{"name":"wp","href":"https:\/\/api.w.org\/{rel}","templated":true}]}}