{"id":14212,"date":"2025-05-23T09:27:00","date_gmt":"2025-05-23T07:27:00","guid":{"rendered":"https:\/\/idakorea.ee\/?post_type=product&#038;p=14212"},"modified":"2026-04-06T08:09:07","modified_gmt":"2026-04-06T06:09:07","slug":"niisutav-hudrofiilne-oli-sulwhasoo-gentle-cleansing-oil-50ml","status":"publish","type":"product","link":"https:\/\/idakorea.ee\/en\/product\/niisutav-hudrofiilne-oli-sulwhasoo-gentle-cleansing-oil-50ml\/","title":{"rendered":"Hydrating hydrophilic oil Sulwhasoo Gentle Cleansing Oil, 50ml"},"content":{"rendered":"<p><strong>Sulwhasoo Gentle Cleansing Oil<\/strong> is a light, moisturizing hydrophilic oil that gently and effectively cleanses the skin. It removes excess sebum and all dirt particles, eliminates oily shine and refreshes the skin. It prevents clogged pores and inflammation and helps maintain the skin&#039;s optimal moisture and lipid balance.<\/p>\n<p>Hydrophilic oil gently and thoroughly dissolves waterproof makeup and sebum plugs, regulates the work of the sebaceous glands and keeps the skin moisturized. Strengthens the skin&#039;s protective barrier, protects against environmental influences and softens dry areas. Soothes irritations and redness, improves skin elasticity and smoothes texture.<\/p>\n<p>Upon contact with water, the oil turns into a light, milky emulsion that rinses off easily and does not leave the skin feeling tight.<\/p>\n<p><strong>Main active ingredients:<\/strong><\/p>\n<ul>\n<li><strong>Camellia oil<\/strong> deeply restores the skin, improves the barrier function and strengthens the protective layer that prevents moisture evaporation and protects the skin from environmental influences. Helps repair damaged epidermal fibers, stimulates collagen and elastin synthesis and maintains skin density and elasticity.<\/li>\n<li><strong>Apricot kernel oil<\/strong> Enriches the skin with a vitamin complex, tones, relieves redness and irritation. Makes the skin smoother and more elastic, reduces sagging.<\/li>\n<li><strong>Lotus extract<\/strong> Tones, refreshes and stimulates the skin. Evens out skin tone, slightly lightens pigmentation and reduces the appearance of dark spots.<\/li>\n<li><strong>Horse chestnut extract<\/strong> reduces swelling, stops inflammatory processes and helps prevent acne. Improves microcirculation, supports skin tone and reduces the visibility of couperose.<\/li>\n<li><strong>Skvala<\/strong> soothes irritated and damaged skin, acts as an antioxidant, moisturizes and protects the skin from external influences.<\/li>\n<\/ul>\n<p>&nbsp;<\/p>\n<p>Suitable for all skin types.<\/p>\n<p><strong>Usage:<\/strong> Apply a small amount of oil to dry skin, massage gently and rinse with warm water.<\/p>","protected":false},"excerpt":{"rendered":"<p>Sulwhasoo Gentle Cleansing Oil is a light moisturizing hydrophilic oil that gently and effectively cleanses the skin. It removes excess oil and all dirt particles, eliminates oily shine and refreshes the skin. Prevents pore clogging and inflammation and helps to maintain the skin's optimal moisture and lipid balance. The hydrophilic oil gently and thoroughly dissolves waterproof make-up and sebum, regulates the sebaceous glands....<\/p>","protected":false},"featured_media":14214,"comment_status":"open","ping_status":"closed","template":"","meta":{"_uf_show_specific_survey":0,"_uf_disable_surveys":false,"_bst_post_transparent":"default","_bst_post_title":"","_bst_post_layout":"default","_bst_post_sidebar_id":"","_bst_post_content_style":"default","_bst_post_vertical_padding":"default","_bst_post_feature":"","_bst_post_feature_position":"","_bst_post_header":false,"_bst_post_footer":false},"pwb-brand":[106],"product_brand":[],"product_cat":[92,452,100],"product_tag":[568,671,464],"class_list":{"0":"post-14212","1":"product","2":"type-product","3":"status-publish","4":"has-post-thumbnail","6":"pwb-brand-sulwhasoo","7":"product_cat-nagu","8":"product_cat-naopuhastusgeelid","9":"product_cat-puhastusvahendid","10":"product_tag-korea","11":"product_tag-oil","12":"product_tag-sulwhasoo","14":"first","15":"instock","16":"sale","17":"shipping-taxable","18":"purchasable","19":"product-type-simple","20":"entry","21":"content-bg","22":"loop-entry"},"supplier_id":null,"supplier_sku":"","barcode":null,"atum_controlled":true,"out_stock_date":null,"out_stock_threshold":null,"inheritable":false,"inbound_stock":0,"stock_on_hold":0,"sold_today":0,"sales_last_days":3,"out_stock_days":0,"lost_sales":0,"has_location":false,"update_date":"2026-04-14T00:05:04","atum_locations":[],"atum_stock_status":"instock","restock_status":false,"low_stock_amount":"","sales_update_date":"2026-04-14T00:05:04","calc_backorders":null,"yoast_head":"<!-- This site is optimized with the Yoast SEO plugin v27.2 - https:\/\/yoast.com\/product\/yoast-seo-wordpress\/ -->\n<title>Sulwhasoo Gentle Cleansing Oil<\/title>\n<meta name=\"description\" content=\"Sulwhasoo Gentle Cleansing Oil on kerge niisutav h\u00fcdrofiilne \u00f5li, mis puhastab nahka \u00f5rnalt ja t\u00f5husalt. Eemaldab liigse rasu ja k\u00f5ik mustuseosakesed.\" \/>\n<meta name=\"robots\" content=\"index, follow, max-snippet:-1, max-image-preview:large, max-video-preview:-1\" \/>\n<link rel=\"canonical\" href=\"https:\/\/idakorea.ee\/en\/product\/niisutav-hudrofiilne-oli-sulwhasoo-gentle-cleansing-oil-50ml\/\" \/>\n<meta property=\"og:locale\" content=\"en_US\" \/>\n<meta property=\"og:type\" content=\"article\" \/>\n<meta property=\"og:title\" content=\"Sulwhasoo Gentle Cleansing Oil\" \/>\n<meta property=\"og:description\" content=\"Sulwhasoo Gentle Cleansing Oil on kerge niisutav h\u00fcdrofiilne \u00f5li, mis puhastab nahka \u00f5rnalt ja t\u00f5husalt. Eemaldab liigse rasu ja k\u00f5ik mustuseosakesed.\" \/>\n<meta property=\"og:url\" content=\"https:\/\/idakorea.ee\/en\/product\/niisutav-hudrofiilne-oli-sulwhasoo-gentle-cleansing-oil-50ml\/\" \/>\n<meta property=\"og:site_name\" content=\"IDA.KOREA\" \/>\n<meta property=\"article:modified_time\" content=\"2026-04-06T06:09:07+00:00\" \/>\n<meta property=\"og:image\" content=\"https:\/\/idakorea.ee\/wp-content\/uploads\/2025\/05\/sulwhasoo-gentle-cleansing-oil-idakorea.ee_.jpg\" \/>\n\t<meta property=\"og:image:width\" content=\"1500\" \/>\n\t<meta property=\"og:image:height\" content=\"1500\" \/>\n\t<meta property=\"og:image:type\" content=\"image\/jpeg\" \/>\n<meta name=\"twitter:card\" content=\"summary_large_image\" \/>\n<meta name=\"twitter:label1\" content=\"Est. reading time\" \/>\n\t<meta name=\"twitter:data1\" content=\"2 minutes\" \/>\n<script type=\"application\/ld+json\" class=\"yoast-schema-graph\">{\"@context\":\"https:\/\/schema.org\",\"@graph\":[{\"@type\":\"WebPage\",\"@id\":\"https:\/\/idakorea.ee\/product\/niisutav-hudrofiilne-oli-sulwhasoo-gentle-cleansing-oil-50ml\/\",\"url\":\"https:\/\/idakorea.ee\/product\/niisutav-hudrofiilne-oli-sulwhasoo-gentle-cleansing-oil-50ml\/\",\"name\":\"Sulwhasoo Gentle Cleansing Oil\",\"isPartOf\":{\"@id\":\"https:\/\/idakorea.ee\/#website\"},\"primaryImageOfPage\":{\"@id\":\"https:\/\/idakorea.ee\/product\/niisutav-hudrofiilne-oli-sulwhasoo-gentle-cleansing-oil-50ml\/#primaryimage\"},\"image\":{\"@id\":\"https:\/\/idakorea.ee\/product\/niisutav-hudrofiilne-oli-sulwhasoo-gentle-cleansing-oil-50ml\/#primaryimage\"},\"thumbnailUrl\":\"https:\/\/idakorea.ee\/wp-content\/uploads\/2025\/05\/sulwhasoo-gentle-cleansing-oil-idakorea.ee_.jpg\",\"datePublished\":\"2025-05-23T07:27:00+00:00\",\"dateModified\":\"2026-04-06T06:09:07+00:00\",\"description\":\"Sulwhasoo Gentle Cleansing Oil on kerge niisutav h\u00fcdrofiilne \u00f5li, mis puhastab nahka \u00f5rnalt ja t\u00f5husalt. Eemaldab liigse rasu ja k\u00f5ik mustuseosakesed.\",\"breadcrumb\":{\"@id\":\"https:\/\/idakorea.ee\/product\/niisutav-hudrofiilne-oli-sulwhasoo-gentle-cleansing-oil-50ml\/#breadcrumb\"},\"inLanguage\":\"en-US\",\"potentialAction\":[{\"@type\":\"ReadAction\",\"target\":[\"https:\/\/idakorea.ee\/product\/niisutav-hudrofiilne-oli-sulwhasoo-gentle-cleansing-oil-50ml\/\"]}]},{\"@type\":\"ImageObject\",\"inLanguage\":\"en-US\",\"@id\":\"https:\/\/idakorea.ee\/product\/niisutav-hudrofiilne-oli-sulwhasoo-gentle-cleansing-oil-50ml\/#primaryimage\",\"url\":\"https:\/\/idakorea.ee\/wp-content\/uploads\/2025\/05\/sulwhasoo-gentle-cleansing-oil-idakorea.ee_.jpg\",\"contentUrl\":\"https:\/\/idakorea.ee\/wp-content\/uploads\/2025\/05\/sulwhasoo-gentle-cleansing-oil-idakorea.ee_.jpg\",\"width\":1500,\"height\":1500},{\"@type\":\"BreadcrumbList\",\"@id\":\"https:\/\/idakorea.ee\/product\/niisutav-hudrofiilne-oli-sulwhasoo-gentle-cleansing-oil-50ml\/#breadcrumb\",\"itemListElement\":[{\"@type\":\"ListItem\",\"position\":1,\"name\":\"\u0413\u043b\u0430\u0432\u043d\u0430\u044f \u0441\u0442\u0440\u0430\u043d\u0438\u0446\u0430\",\"item\":\"https:\/\/idakorea.ee\/\"},{\"@type\":\"ListItem\",\"position\":2,\"name\":\"Shop\",\"item\":\"https:\/\/idakorea.ee\/shop-2\/\"},{\"@type\":\"ListItem\",\"position\":3,\"name\":\"Niisutav h\u00fcdrofiilne \u00f5li Sulwhasoo Gentle Cleansing Oil, 50ml\"}]},{\"@type\":\"WebSite\",\"@id\":\"https:\/\/idakorea.ee\/#website\",\"url\":\"https:\/\/idakorea.ee\/\",\"name\":\"IDA.KOREA\",\"description\":\"Korea kosmeetika e-pood\",\"publisher\":{\"@id\":\"https:\/\/idakorea.ee\/#organization\"},\"alternateName\":\"Beauty Shop\",\"potentialAction\":[{\"@type\":\"SearchAction\",\"target\":{\"@type\":\"EntryPoint\",\"urlTemplate\":\"https:\/\/idakorea.ee\/?s={search_term_string}\"},\"query-input\":{\"@type\":\"PropertyValueSpecification\",\"valueRequired\":true,\"valueName\":\"search_term_string\"}}],\"inLanguage\":\"en-US\"},{\"@type\":\"Organization\",\"@id\":\"https:\/\/idakorea.ee\/#organization\",\"name\":\"IDA.KOREA\",\"url\":\"https:\/\/idakorea.ee\/\",\"logo\":{\"@type\":\"ImageObject\",\"inLanguage\":\"en-US\",\"@id\":\"https:\/\/idakorea.ee\/#\/schema\/logo\/image\/\",\"url\":\"https:\/\/idakorea.ee\/wp-content\/uploads\/2024\/05\/cropped-korea3.png\",\"contentUrl\":\"https:\/\/idakorea.ee\/wp-content\/uploads\/2024\/05\/cropped-korea3.png\",\"width\":688,\"height\":126,\"caption\":\"IDA.KOREA\"},\"image\":{\"@id\":\"https:\/\/idakorea.ee\/#\/schema\/logo\/image\/\"},\"sameAs\":[\"https:\/\/www.instagram.com\/ida.korea\/\"]}]}<\/script>\n<!-- \/ Yoast SEO plugin. -->","yoast_head_json":{"title":"Sulwhasoo Gentle Cleansing Oil","description":"Sulwhasoo Gentle Cleansing Oil is a lightweight, hydrating, hydrophilic oil that gently and effectively cleanses the skin. It removes excess oil and all dirt particles.","robots":{"index":"index","follow":"follow","max-snippet":"max-snippet:-1","max-image-preview":"max-image-preview:large","max-video-preview":"max-video-preview:-1"},"canonical":"https:\/\/idakorea.ee\/en\/product\/niisutav-hudrofiilne-oli-sulwhasoo-gentle-cleansing-oil-50ml\/","og_locale":"en_US","og_type":"article","og_title":"Sulwhasoo Gentle Cleansing Oil","og_description":"Sulwhasoo Gentle Cleansing Oil on kerge niisutav h\u00fcdrofiilne \u00f5li, mis puhastab nahka \u00f5rnalt ja t\u00f5husalt. Eemaldab liigse rasu ja k\u00f5ik mustuseosakesed.","og_url":"https:\/\/idakorea.ee\/en\/product\/niisutav-hudrofiilne-oli-sulwhasoo-gentle-cleansing-oil-50ml\/","og_site_name":"IDA.KOREA","article_modified_time":"2026-04-06T06:09:07+00:00","og_image":[{"width":1500,"height":1500,"url":"https:\/\/idakorea.ee\/wp-content\/uploads\/2025\/05\/sulwhasoo-gentle-cleansing-oil-idakorea.ee_.jpg","type":"image\/jpeg"}],"twitter_card":"summary_large_image","twitter_misc":{"Est. reading time":"2 minutes"},"schema":{"@context":"https:\/\/schema.org","@graph":[{"@type":"WebPage","@id":"https:\/\/idakorea.ee\/product\/niisutav-hudrofiilne-oli-sulwhasoo-gentle-cleansing-oil-50ml\/","url":"https:\/\/idakorea.ee\/product\/niisutav-hudrofiilne-oli-sulwhasoo-gentle-cleansing-oil-50ml\/","name":"Sulwhasoo Gentle Cleansing Oil","isPartOf":{"@id":"https:\/\/idakorea.ee\/#website"},"primaryImageOfPage":{"@id":"https:\/\/idakorea.ee\/product\/niisutav-hudrofiilne-oli-sulwhasoo-gentle-cleansing-oil-50ml\/#primaryimage"},"image":{"@id":"https:\/\/idakorea.ee\/product\/niisutav-hudrofiilne-oli-sulwhasoo-gentle-cleansing-oil-50ml\/#primaryimage"},"thumbnailUrl":"https:\/\/idakorea.ee\/wp-content\/uploads\/2025\/05\/sulwhasoo-gentle-cleansing-oil-idakorea.ee_.jpg","datePublished":"2025-05-23T07:27:00+00:00","dateModified":"2026-04-06T06:09:07+00:00","description":"Sulwhasoo Gentle Cleansing Oil is a lightweight, hydrating, hydrophilic oil that gently and effectively cleanses the skin. It removes excess oil and all dirt particles.","breadcrumb":{"@id":"https:\/\/idakorea.ee\/product\/niisutav-hudrofiilne-oli-sulwhasoo-gentle-cleansing-oil-50ml\/#breadcrumb"},"inLanguage":"en-US","potentialAction":[{"@type":"ReadAction","target":["https:\/\/idakorea.ee\/product\/niisutav-hudrofiilne-oli-sulwhasoo-gentle-cleansing-oil-50ml\/"]}]},{"@type":"ImageObject","inLanguage":"en-US","@id":"https:\/\/idakorea.ee\/product\/niisutav-hudrofiilne-oli-sulwhasoo-gentle-cleansing-oil-50ml\/#primaryimage","url":"https:\/\/idakorea.ee\/wp-content\/uploads\/2025\/05\/sulwhasoo-gentle-cleansing-oil-idakorea.ee_.jpg","contentUrl":"https:\/\/idakorea.ee\/wp-content\/uploads\/2025\/05\/sulwhasoo-gentle-cleansing-oil-idakorea.ee_.jpg","width":1500,"height":1500},{"@type":"BreadcrumbList","@id":"https:\/\/idakorea.ee\/product\/niisutav-hudrofiilne-oli-sulwhasoo-gentle-cleansing-oil-50ml\/#breadcrumb","itemListElement":[{"@type":"ListItem","position":1,"name":"\u0413\u043b\u0430\u0432\u043d\u0430\u044f \u0441\u0442\u0440\u0430\u043d\u0438\u0446\u0430","item":"https:\/\/idakorea.ee\/"},{"@type":"ListItem","position":2,"name":"Shop","item":"https:\/\/idakorea.ee\/shop-2\/"},{"@type":"ListItem","position":3,"name":"Niisutav h\u00fcdrofiilne \u00f5li Sulwhasoo Gentle Cleansing Oil, 50ml"}]},{"@type":"WebSite","@id":"https:\/\/idakorea.ee\/#website","url":"https:\/\/idakorea.ee\/","name":"IDA.KOREA","description":"Korean cosmetics e-shop","publisher":{"@id":"https:\/\/idakorea.ee\/#organization"},"alternateName":"Beauty Shop","potentialAction":[{"@type":"SearchAction","target":{"@type":"EntryPoint","urlTemplate":"https:\/\/idakorea.ee\/?s={search_term_string}"},"query-input":{"@type":"PropertyValueSpecification","valueRequired":true,"valueName":"search_term_string"}}],"inLanguage":"en-US"},{"@type":"Organization","@id":"https:\/\/idakorea.ee\/#organization","name":"IDA.KOREA","url":"https:\/\/idakorea.ee\/","logo":{"@type":"ImageObject","inLanguage":"en-US","@id":"https:\/\/idakorea.ee\/#\/schema\/logo\/image\/","url":"https:\/\/idakorea.ee\/wp-content\/uploads\/2024\/05\/cropped-korea3.png","contentUrl":"https:\/\/idakorea.ee\/wp-content\/uploads\/2024\/05\/cropped-korea3.png","width":688,"height":126,"caption":"IDA.KOREA"},"image":{"@id":"https:\/\/idakorea.ee\/#\/schema\/logo\/image\/"},"sameAs":["https:\/\/www.instagram.com\/ida.korea\/"]}]}},"jetpack_sharing_enabled":true,"brands":[{"id":106,"name":"SULWHASOO","slug":"sulwhasoo"}],"_links":{"self":[{"href":"https:\/\/idakorea.ee\/en\/wp-json\/wp\/v2\/product\/14212","targetHints":{"allow":["GET"]}}],"collection":[{"href":"https:\/\/idakorea.ee\/en\/wp-json\/wp\/v2\/product"}],"about":[{"href":"https:\/\/idakorea.ee\/en\/wp-json\/wp\/v2\/types\/product"}],"replies":[{"embeddable":true,"href":"https:\/\/idakorea.ee\/en\/wp-json\/wp\/v2\/comments?post=14212"}],"version-history":[{"count":6,"href":"https:\/\/idakorea.ee\/en\/wp-json\/wp\/v2\/product\/14212\/revisions"}],"predecessor-version":[{"id":18364,"href":"https:\/\/idakorea.ee\/en\/wp-json\/wp\/v2\/product\/14212\/revisions\/18364"}],"wp:featuredmedia":[{"embeddable":true,"href":"https:\/\/idakorea.ee\/en\/wp-json\/wp\/v2\/media\/14214"}],"wp:attachment":[{"href":"https:\/\/idakorea.ee\/en\/wp-json\/wp\/v2\/media?parent=14212"}],"wp:term":[{"taxonomy":"pwb-brand","embeddable":true,"href":"https:\/\/idakorea.ee\/en\/wp-json\/wp\/v2\/pwb-brand?post=14212"},{"taxonomy":"product_brand","embeddable":true,"href":"https:\/\/idakorea.ee\/en\/wp-json\/wp\/v2\/product_brand?post=14212"},{"taxonomy":"product_cat","embeddable":true,"href":"https:\/\/idakorea.ee\/en\/wp-json\/wp\/v2\/product_cat?post=14212"},{"taxonomy":"product_tag","embeddable":true,"href":"https:\/\/idakorea.ee\/en\/wp-json\/wp\/v2\/product_tag?post=14212"}],"curies":[{"name":"wp","href":"https:\/\/api.w.org\/{rel}","templated":true}]}}