{"id":14275,"date":"2025-05-27T13:45:09","date_gmt":"2025-05-27T10:45:09","guid":{"rendered":"https:\/\/idakorea.ee\/?post_type=product&#038;p=14275"},"modified":"2026-02-25T16:38:40","modified_gmt":"2026-02-25T14:38:40","slug":"dr-g-brightening-peeling-gel","status":"publish","type":"product","link":"https:\/\/idakorea.ee\/en\/product\/dr-g-brightening-peeling-gel\/","title":{"rendered":"Vitamin-rich exfoliating gel for face Dr.G Brightening Peeling Gel, 120g"},"content":{"rendered":"<p><strong>Vitamin-rich exfoliating gel for the face Dr.G Brightening Peeling Gel<\/strong> gently cleanses, removes scaling, unwanted pigmentation, refreshes and evens skin tone.<\/p>\n<p>The product has a rejuvenating effect: it moisturises the skin, regulates oil secretion, helps fight impurities and prevents inflammation, acne and pore blockage.<\/p>\n<p>The cellulose particles gently remove dirt and dead skin cells as they roll off, polishing the skin surface in a natural way. With a soft texture, the scrub will not irritate or damage the skin.<\/p>\n<p><strong>Main active ingredients:<\/strong><\/p>\n<ul>\n<li><strong>Vitamin C<\/strong> - brightens pigmentation, vitamins the skin, tightens pores, restores hydrolipidic balance, gives a healthy glow, acts as an antioxidant, slows cell ageing and stimulates collagen synthesis.<\/li>\n<li><strong>Arginia<\/strong> - an amino acid with wound healing and skin firming properties, reduces imperfections, improves skin tone and elasticity.<\/li>\n<li><strong>2 types of hyaluronic acid<\/strong> - deeply moisturise, retain moisture in cells, strengthen the skin's protective barrier, prevent dryness and dehydration, reduce the appearance of scaling, improve elasticity and smooth skin contours.<\/li>\n<li><strong>Allantoiin<\/strong> - intensively softens and moisturises, helps tighten pores and normalise oil production, soothes irritated skin and has anti-inflammatory properties.<\/li>\n<li><strong>Panthenol (vitamin B5)<\/strong> - speeds up healing, restores micro-damage, softens and soothes the skin.<\/li>\n<li><strong>Cellulose<\/strong> - a natural cleansing component that removes dirt, excess oil and dead cells from pores.<\/li>\n<\/ul>\n<p>&nbsp;<\/p>\n<p>Suitable for all skin types.<\/p>\n<p><strong>Usage:<\/strong><br \/>\nApply the exfoliator with dry hands to clean, dry skin, avoiding the eye area. Massage gently and rinse with water.<\/p>","protected":false},"excerpt":{"rendered":"<p>Vitamin-rich exfoliating gel for the face Dr.G Brightening Peeling Gel gently cleanses, removes scaling, unwanted pigmentation, refreshes and evens skin tone. The product has a rejuvenating effect: it moisturises the skin, regulates oil secretion, helps fight impurities and prevents inflammation, acne and pore blockage. The cellulose particles gently roll off dirt and dead skin cells, polishing the skin surface in a natural way. With a soft texture, the exfoliator does not...<\/p>","protected":false},"featured_media":14279,"comment_status":"open","ping_status":"closed","template":"","meta":{"_uf_show_specific_survey":0,"_uf_disable_surveys":false,"_bst_post_transparent":"default","_bst_post_title":"","_bst_post_layout":"default","_bst_post_sidebar_id":"","_bst_post_content_style":"default","_bst_post_vertical_padding":"default","_bst_post_feature":"","_bst_post_feature_position":"","_bst_post_header":false,"_bst_post_footer":false},"pwb-brand":[458],"product_brand":[],"product_cat":[92,451,100],"product_tag":[574,899],"class_list":{"0":"post-14275","1":"product","2":"type-product","3":"status-publish","4":"has-post-thumbnail","6":"pwb-brand-dr-g","7":"product_cat-nagu","8":"product_cat-naokoorijad","9":"product_cat-puhastusvahendid","10":"product_tag-dr-g","11":"product_tag-peeling-gel","13":"first","14":"instock","15":"sale","16":"shipping-taxable","17":"purchasable","18":"product-type-simple","19":"entry","20":"content-bg","21":"loop-entry"},"supplier_id":null,"supplier_sku":"","barcode":null,"atum_controlled":true,"out_stock_date":null,"out_stock_threshold":null,"inheritable":false,"inbound_stock":0,"stock_on_hold":0,"sold_today":0,"sales_last_days":0,"out_stock_days":0,"lost_sales":0,"has_location":false,"update_date":"2026-04-14T00:05:07","atum_locations":[],"atum_stock_status":"instock","restock_status":false,"low_stock_amount":"","sales_update_date":"2026-04-14T00:05:07","calc_backorders":null,"yoast_head":"<!-- This site is optimized with the Yoast SEO plugin v27.2 - https:\/\/yoast.com\/product\/yoast-seo-wordpress\/ -->\n<title>Dr.G Brightening Peeling Gel - IDA.KOREA<\/title>\n<meta name=\"description\" content=\"Vitamiinirikas kooriv geel n\u00e4ole Dr.G Brightening Peeling Gel puhastab \u00f5rnalt, eemaldab kestenduse, soovimatu pigmentatsiooni, v\u00e4rskendab ja \u00fchtlustab nahatooni.\" \/>\n<meta name=\"robots\" content=\"index, follow, max-snippet:-1, max-image-preview:large, max-video-preview:-1\" \/>\n<link rel=\"canonical\" href=\"https:\/\/idakorea.ee\/en\/product\/dr-g-brightening-peeling-gel\/\" \/>\n<meta property=\"og:locale\" content=\"en_US\" \/>\n<meta property=\"og:type\" content=\"article\" \/>\n<meta property=\"og:title\" content=\"Dr.G Brightening Peeling Gel - IDA.KOREA\" \/>\n<meta property=\"og:description\" content=\"Vitamiinirikas kooriv geel n\u00e4ole Dr.G Brightening Peeling Gel puhastab \u00f5rnalt, eemaldab kestenduse, soovimatu pigmentatsiooni, v\u00e4rskendab ja \u00fchtlustab nahatooni.\" \/>\n<meta property=\"og:url\" content=\"https:\/\/idakorea.ee\/en\/product\/dr-g-brightening-peeling-gel\/\" \/>\n<meta property=\"og:site_name\" content=\"IDA.KOREA\" \/>\n<meta property=\"article:modified_time\" content=\"2026-02-25T14:38:40+00:00\" \/>\n<meta property=\"og:image\" content=\"https:\/\/idakorea.ee\/wp-content\/uploads\/2025\/05\/dr.g-brightening-peeling-gel-idakorea.ee_.png\" \/>\n\t<meta property=\"og:image:width\" content=\"1000\" \/>\n\t<meta property=\"og:image:height\" content=\"1000\" \/>\n\t<meta property=\"og:image:type\" content=\"image\/png\" \/>\n<meta name=\"twitter:card\" content=\"summary_large_image\" \/>\n<meta name=\"twitter:label1\" content=\"Est. reading time\" \/>\n\t<meta name=\"twitter:data1\" content=\"2 minutes\" \/>\n<script type=\"application\/ld+json\" class=\"yoast-schema-graph\">{\"@context\":\"https:\/\/schema.org\",\"@graph\":[{\"@type\":\"WebPage\",\"@id\":\"https:\/\/idakorea.ee\/product\/dr-g-brightening-peeling-gel\/\",\"url\":\"https:\/\/idakorea.ee\/product\/dr-g-brightening-peeling-gel\/\",\"name\":\"Dr.G Brightening Peeling Gel - IDA.KOREA\",\"isPartOf\":{\"@id\":\"https:\/\/idakorea.ee\/#website\"},\"primaryImageOfPage\":{\"@id\":\"https:\/\/idakorea.ee\/product\/dr-g-brightening-peeling-gel\/#primaryimage\"},\"image\":{\"@id\":\"https:\/\/idakorea.ee\/product\/dr-g-brightening-peeling-gel\/#primaryimage\"},\"thumbnailUrl\":\"https:\/\/idakorea.ee\/wp-content\/uploads\/2025\/05\/dr.g-brightening-peeling-gel-idakorea.ee_.png\",\"datePublished\":\"2025-05-27T10:45:09+00:00\",\"dateModified\":\"2026-02-25T14:38:40+00:00\",\"description\":\"Vitamiinirikas kooriv geel n\u00e4ole Dr.G Brightening Peeling Gel puhastab \u00f5rnalt, eemaldab kestenduse, soovimatu pigmentatsiooni, v\u00e4rskendab ja \u00fchtlustab nahatooni.\",\"breadcrumb\":{\"@id\":\"https:\/\/idakorea.ee\/product\/dr-g-brightening-peeling-gel\/#breadcrumb\"},\"inLanguage\":\"en-US\",\"potentialAction\":[{\"@type\":\"ReadAction\",\"target\":[\"https:\/\/idakorea.ee\/product\/dr-g-brightening-peeling-gel\/\"]}]},{\"@type\":\"ImageObject\",\"inLanguage\":\"en-US\",\"@id\":\"https:\/\/idakorea.ee\/product\/dr-g-brightening-peeling-gel\/#primaryimage\",\"url\":\"https:\/\/idakorea.ee\/wp-content\/uploads\/2025\/05\/dr.g-brightening-peeling-gel-idakorea.ee_.png\",\"contentUrl\":\"https:\/\/idakorea.ee\/wp-content\/uploads\/2025\/05\/dr.g-brightening-peeling-gel-idakorea.ee_.png\",\"width\":1000,\"height\":1000},{\"@type\":\"BreadcrumbList\",\"@id\":\"https:\/\/idakorea.ee\/product\/dr-g-brightening-peeling-gel\/#breadcrumb\",\"itemListElement\":[{\"@type\":\"ListItem\",\"position\":1,\"name\":\"\u0413\u043b\u0430\u0432\u043d\u0430\u044f \u0441\u0442\u0440\u0430\u043d\u0438\u0446\u0430\",\"item\":\"https:\/\/idakorea.ee\/\"},{\"@type\":\"ListItem\",\"position\":2,\"name\":\"Shop\",\"item\":\"https:\/\/idakorea.ee\/shop-2\/\"},{\"@type\":\"ListItem\",\"position\":3,\"name\":\"Vitamiinirikas kooriv geel n\u00e4ole Dr.G Brightening Peeling Gel, 120g\"}]},{\"@type\":\"WebSite\",\"@id\":\"https:\/\/idakorea.ee\/#website\",\"url\":\"https:\/\/idakorea.ee\/\",\"name\":\"IDA.KOREA\",\"description\":\"Korea kosmeetika e-pood\",\"publisher\":{\"@id\":\"https:\/\/idakorea.ee\/#organization\"},\"alternateName\":\"Beauty Shop\",\"potentialAction\":[{\"@type\":\"SearchAction\",\"target\":{\"@type\":\"EntryPoint\",\"urlTemplate\":\"https:\/\/idakorea.ee\/?s={search_term_string}\"},\"query-input\":{\"@type\":\"PropertyValueSpecification\",\"valueRequired\":true,\"valueName\":\"search_term_string\"}}],\"inLanguage\":\"en-US\"},{\"@type\":\"Organization\",\"@id\":\"https:\/\/idakorea.ee\/#organization\",\"name\":\"IDA.KOREA\",\"url\":\"https:\/\/idakorea.ee\/\",\"logo\":{\"@type\":\"ImageObject\",\"inLanguage\":\"en-US\",\"@id\":\"https:\/\/idakorea.ee\/#\/schema\/logo\/image\/\",\"url\":\"https:\/\/idakorea.ee\/wp-content\/uploads\/2024\/05\/cropped-korea3.png\",\"contentUrl\":\"https:\/\/idakorea.ee\/wp-content\/uploads\/2024\/05\/cropped-korea3.png\",\"width\":688,\"height\":126,\"caption\":\"IDA.KOREA\"},\"image\":{\"@id\":\"https:\/\/idakorea.ee\/#\/schema\/logo\/image\/\"},\"sameAs\":[\"https:\/\/www.instagram.com\/ida.korea\/\"]}]}<\/script>\n<!-- \/ Yoast SEO plugin. -->","yoast_head_json":{"title":"Dr.G Brightening Peeling Gel - IDA.KOREA","description":"Vitamin-rich exfoliating gel for the face Dr.G Brightening Peeling Gel gently cleanses, removes scaling, unwanted pigmentation, refreshes and evens skin tone.","robots":{"index":"index","follow":"follow","max-snippet":"max-snippet:-1","max-image-preview":"max-image-preview:large","max-video-preview":"max-video-preview:-1"},"canonical":"https:\/\/idakorea.ee\/en\/product\/dr-g-brightening-peeling-gel\/","og_locale":"en_US","og_type":"article","og_title":"Dr.G Brightening Peeling Gel - IDA.KOREA","og_description":"Vitamiinirikas kooriv geel n\u00e4ole Dr.G Brightening Peeling Gel puhastab \u00f5rnalt, eemaldab kestenduse, soovimatu pigmentatsiooni, v\u00e4rskendab ja \u00fchtlustab nahatooni.","og_url":"https:\/\/idakorea.ee\/en\/product\/dr-g-brightening-peeling-gel\/","og_site_name":"IDA.KOREA","article_modified_time":"2026-02-25T14:38:40+00:00","og_image":[{"width":1000,"height":1000,"url":"https:\/\/idakorea.ee\/wp-content\/uploads\/2025\/05\/dr.g-brightening-peeling-gel-idakorea.ee_.png","type":"image\/png"}],"twitter_card":"summary_large_image","twitter_misc":{"Est. reading time":"2 minutes"},"schema":{"@context":"https:\/\/schema.org","@graph":[{"@type":"WebPage","@id":"https:\/\/idakorea.ee\/product\/dr-g-brightening-peeling-gel\/","url":"https:\/\/idakorea.ee\/product\/dr-g-brightening-peeling-gel\/","name":"Dr.G Brightening Peeling Gel - IDA.KOREA","isPartOf":{"@id":"https:\/\/idakorea.ee\/#website"},"primaryImageOfPage":{"@id":"https:\/\/idakorea.ee\/product\/dr-g-brightening-peeling-gel\/#primaryimage"},"image":{"@id":"https:\/\/idakorea.ee\/product\/dr-g-brightening-peeling-gel\/#primaryimage"},"thumbnailUrl":"https:\/\/idakorea.ee\/wp-content\/uploads\/2025\/05\/dr.g-brightening-peeling-gel-idakorea.ee_.png","datePublished":"2025-05-27T10:45:09+00:00","dateModified":"2026-02-25T14:38:40+00:00","description":"Vitamin-rich exfoliating gel for the face Dr.G Brightening Peeling Gel gently cleanses, removes scaling, unwanted pigmentation, refreshes and evens skin tone.","breadcrumb":{"@id":"https:\/\/idakorea.ee\/product\/dr-g-brightening-peeling-gel\/#breadcrumb"},"inLanguage":"en-US","potentialAction":[{"@type":"ReadAction","target":["https:\/\/idakorea.ee\/product\/dr-g-brightening-peeling-gel\/"]}]},{"@type":"ImageObject","inLanguage":"en-US","@id":"https:\/\/idakorea.ee\/product\/dr-g-brightening-peeling-gel\/#primaryimage","url":"https:\/\/idakorea.ee\/wp-content\/uploads\/2025\/05\/dr.g-brightening-peeling-gel-idakorea.ee_.png","contentUrl":"https:\/\/idakorea.ee\/wp-content\/uploads\/2025\/05\/dr.g-brightening-peeling-gel-idakorea.ee_.png","width":1000,"height":1000},{"@type":"BreadcrumbList","@id":"https:\/\/idakorea.ee\/product\/dr-g-brightening-peeling-gel\/#breadcrumb","itemListElement":[{"@type":"ListItem","position":1,"name":"\u0413\u043b\u0430\u0432\u043d\u0430\u044f \u0441\u0442\u0440\u0430\u043d\u0438\u0446\u0430","item":"https:\/\/idakorea.ee\/"},{"@type":"ListItem","position":2,"name":"Shop","item":"https:\/\/idakorea.ee\/shop-2\/"},{"@type":"ListItem","position":3,"name":"Vitamiinirikas kooriv geel n\u00e4ole Dr.G Brightening Peeling Gel, 120g"}]},{"@type":"WebSite","@id":"https:\/\/idakorea.ee\/#website","url":"https:\/\/idakorea.ee\/","name":"IDA.KOREA","description":"Korean cosmetics e-shop","publisher":{"@id":"https:\/\/idakorea.ee\/#organization"},"alternateName":"Beauty Shop","potentialAction":[{"@type":"SearchAction","target":{"@type":"EntryPoint","urlTemplate":"https:\/\/idakorea.ee\/?s={search_term_string}"},"query-input":{"@type":"PropertyValueSpecification","valueRequired":true,"valueName":"search_term_string"}}],"inLanguage":"en-US"},{"@type":"Organization","@id":"https:\/\/idakorea.ee\/#organization","name":"IDA.KOREA","url":"https:\/\/idakorea.ee\/","logo":{"@type":"ImageObject","inLanguage":"en-US","@id":"https:\/\/idakorea.ee\/#\/schema\/logo\/image\/","url":"https:\/\/idakorea.ee\/wp-content\/uploads\/2024\/05\/cropped-korea3.png","contentUrl":"https:\/\/idakorea.ee\/wp-content\/uploads\/2024\/05\/cropped-korea3.png","width":688,"height":126,"caption":"IDA.KOREA"},"image":{"@id":"https:\/\/idakorea.ee\/#\/schema\/logo\/image\/"},"sameAs":["https:\/\/www.instagram.com\/ida.korea\/"]}]}},"jetpack_sharing_enabled":true,"brands":[{"id":458,"name":"Dr.G","slug":"dr-g"}],"_links":{"self":[{"href":"https:\/\/idakorea.ee\/en\/wp-json\/wp\/v2\/product\/14275","targetHints":{"allow":["GET"]}}],"collection":[{"href":"https:\/\/idakorea.ee\/en\/wp-json\/wp\/v2\/product"}],"about":[{"href":"https:\/\/idakorea.ee\/en\/wp-json\/wp\/v2\/types\/product"}],"replies":[{"embeddable":true,"href":"https:\/\/idakorea.ee\/en\/wp-json\/wp\/v2\/comments?post=14275"}],"version-history":[{"count":1,"href":"https:\/\/idakorea.ee\/en\/wp-json\/wp\/v2\/product\/14275\/revisions"}],"predecessor-version":[{"id":14282,"href":"https:\/\/idakorea.ee\/en\/wp-json\/wp\/v2\/product\/14275\/revisions\/14282"}],"wp:featuredmedia":[{"embeddable":true,"href":"https:\/\/idakorea.ee\/en\/wp-json\/wp\/v2\/media\/14279"}],"wp:attachment":[{"href":"https:\/\/idakorea.ee\/en\/wp-json\/wp\/v2\/media?parent=14275"}],"wp:term":[{"taxonomy":"pwb-brand","embeddable":true,"href":"https:\/\/idakorea.ee\/en\/wp-json\/wp\/v2\/pwb-brand?post=14275"},{"taxonomy":"product_brand","embeddable":true,"href":"https:\/\/idakorea.ee\/en\/wp-json\/wp\/v2\/product_brand?post=14275"},{"taxonomy":"product_cat","embeddable":true,"href":"https:\/\/idakorea.ee\/en\/wp-json\/wp\/v2\/product_cat?post=14275"},{"taxonomy":"product_tag","embeddable":true,"href":"https:\/\/idakorea.ee\/en\/wp-json\/wp\/v2\/product_tag?post=14275"}],"curies":[{"name":"wp","href":"https:\/\/api.w.org\/{rel}","templated":true}]}}