{"id":14552,"date":"2025-06-07T18:06:45","date_gmt":"2025-06-07T15:06:45","guid":{"rendered":"https:\/\/idakorea.ee\/?post_type=product&#038;p=14552"},"modified":"2026-03-13T19:09:01","modified_gmt":"2026-03-13T17:09:01","slug":"celimax-the-real-noni-energy-ampoule-mist-50ml","status":"publish","type":"product","link":"https:\/\/idakorea.ee\/en\/product\/celimax-the-real-noni-energy-ampoule-mist-50ml\/","title":{"rendered":"Face care Celimax The Real Noni Energy Ampoule Mist, 50ml"},"content":{"rendered":"<p><strong>Celimax The Real Noni Energy Ampoule Mist<\/strong> refreshes and soothes the skin, restoring moisture balance. The product, sprayed as a fine mist, penetrates deep into the epidermis, carrying active ingredients that help eliminate dryness and tightness.<\/p>\n<p>The product provides anti-aging care by increasing skin elasticity and reducing the depth of wrinkles through intensive nutrition and antioxidant protection. It also evens out skin tone, gives an inner glow and reduces dullness.<\/p>\n<p>The mist has a hypoallergenic composition, does not irritate the skin and is suitable for sensitive skin: all ingredients are rated according to the EWG Green safety class.<\/p>\n<p>The product does not roll off and can be used before applying makeup.<\/p>\n<p>The main ingredient is 0.8% noni extract \u2014 a tropical superfood rich in vitamins, polyphenols and minerals. Noni softens and soothes the skin, relieves irritation, accelerates tissue regeneration, provides antioxidant protection and slows down the aging process.<\/p>\n<p><strong>Additional active substances:<\/strong><\/p>\n<ul>\n<li><strong>Phytosphingosine<\/strong> \u2013 a phospholipid that prolongs cell youth, has antibacterial and anti-inflammatory effects, strengthens the hydrolipid layer, and accelerates the healing process.<\/li>\n<li><strong>Adenos<\/strong> \u2013 a well-known anti-aging component that stimulates collagen production, strengthening and smoothing the skin and increasing its elasticity.<\/li>\n<li><strong>Ceramides<\/strong> \u2013 strengthen the skin&#039;s protective barrier, preventing moisture loss and the penetration of harmful substances.<\/li>\n<li><strong>2 types of hyaluronic acid<\/strong> \u2013 excellent moisturizers that form an invisible moisture barrier and restore skin elasticity.<\/li>\n<li><strong>Rosemary leaf oil<\/strong> \u2013 stimulates skin renewal, improves microcirculation and has an antiseptic effect.<\/li>\n<\/ul>\n<p>&nbsp;<\/p>\n<p>Suitable for all skin types.<\/p>\n<p><strong>How to use:<\/strong> Spray the mist onto your face from a distance of 10-15 cm, keeping your eyes closed. Use the product whenever your skin needs hydration and nourishment. For a cooling effect, store the product in the refrigerator before use. Also suitable for use instead of toner.<\/p>","protected":false},"excerpt":{"rendered":"<p>Celimax The Real Noni Energy Ampoule Mist refreshes and soothes the skin, restoring its moisture balance. The product, sprayed as a fine mist, penetrates deep into the epidermis, carrying active ingredients that help eliminate dryness and tightness. The product provides anti-aging care, increasing skin elasticity and reducing the depth of wrinkles through intensive nutrition and antioxidant protection. It also evens out skin tone, gives an inner glow and\u2026<\/p>","protected":false},"featured_media":14553,"comment_status":"open","ping_status":"closed","template":"","meta":{"_uf_show_specific_survey":0,"_uf_disable_surveys":false,"_bst_post_transparent":"default","_bst_post_title":"","_bst_post_layout":"default","_bst_post_sidebar_id":"","_bst_post_content_style":"default","_bst_post_vertical_padding":"default","_bst_post_feature":"","_bst_post_feature_position":"","_bst_post_header":false,"_bst_post_footer":false},"pwb-brand":[885],"product_brand":[],"product_cat":[92,158],"product_tag":[886,928,927],"class_list":{"0":"post-14552","1":"product","2":"type-product","3":"status-publish","4":"has-post-thumbnail","6":"pwb-brand-celimax","7":"product_cat-nagu","8":"product_cat-toonik","9":"product_tag-celimax","10":"product_tag-mist","11":"product_tag-noni","13":"first","14":"instock","15":"sale","16":"shipping-taxable","17":"purchasable","18":"product-type-simple","19":"entry","20":"content-bg","21":"loop-entry"},"supplier_id":null,"supplier_sku":"","barcode":null,"atum_controlled":true,"out_stock_date":null,"out_stock_threshold":null,"inheritable":false,"inbound_stock":0,"stock_on_hold":0,"sold_today":0,"sales_last_days":0,"out_stock_days":0,"lost_sales":0,"has_location":false,"update_date":"2026-04-14T00:05:12","atum_locations":[],"atum_stock_status":"instock","restock_status":false,"low_stock_amount":"","sales_update_date":"2026-04-14T00:05:11","calc_backorders":null,"yoast_head":"<!-- This site is optimized with the Yoast SEO plugin v27.2 - https:\/\/yoast.com\/product\/yoast-seo-wordpress\/ -->\n<title>Celimax The Real Noni Energy Ampoule Mist, 50ml - IDA.KOREA<\/title>\n<meta name=\"description\" content=\"Niisutav ja rahustav n\u00e4omist noni ekstraktiga. Pakub vananemisvastast hooldust, taastab elastsuse ja s\u00e4ra, sobib tundlikule nahale. H\u00fcpoallergeenne.\" \/>\n<meta name=\"robots\" content=\"index, follow, max-snippet:-1, max-image-preview:large, max-video-preview:-1\" \/>\n<link rel=\"canonical\" href=\"https:\/\/idakorea.ee\/en\/product\/celimax-the-real-noni-energy-ampoule-mist-50ml\/\" \/>\n<meta property=\"og:locale\" content=\"en_US\" \/>\n<meta property=\"og:type\" content=\"article\" \/>\n<meta property=\"og:title\" content=\"Celimax The Real Noni Energy Ampoule Mist, 50ml - IDA.KOREA\" \/>\n<meta property=\"og:description\" content=\"Niisutav ja rahustav n\u00e4omist noni ekstraktiga. Pakub vananemisvastast hooldust, taastab elastsuse ja s\u00e4ra, sobib tundlikule nahale. H\u00fcpoallergeenne.\" \/>\n<meta property=\"og:url\" content=\"https:\/\/idakorea.ee\/en\/product\/celimax-the-real-noni-energy-ampoule-mist-50ml\/\" \/>\n<meta property=\"og:site_name\" content=\"IDA.KOREA\" \/>\n<meta property=\"article:modified_time\" content=\"2026-03-13T17:09:01+00:00\" \/>\n<meta property=\"og:image\" content=\"https:\/\/idakorea.ee\/wp-content\/uploads\/2025\/06\/celimax-the-real-noni-energy-ampoule-mist.idakorea.jpg\" \/>\n\t<meta property=\"og:image:width\" content=\"1000\" \/>\n\t<meta property=\"og:image:height\" content=\"1000\" \/>\n\t<meta property=\"og:image:type\" content=\"image\/jpeg\" \/>\n<meta name=\"twitter:card\" content=\"summary_large_image\" \/>\n<meta name=\"twitter:label1\" content=\"Est. reading time\" \/>\n\t<meta name=\"twitter:data1\" content=\"2 minutes\" \/>\n<script type=\"application\/ld+json\" class=\"yoast-schema-graph\">{\"@context\":\"https:\/\/schema.org\",\"@graph\":[{\"@type\":\"WebPage\",\"@id\":\"https:\/\/idakorea.ee\/product\/celimax-the-real-noni-energy-ampoule-mist-50ml\/\",\"url\":\"https:\/\/idakorea.ee\/product\/celimax-the-real-noni-energy-ampoule-mist-50ml\/\",\"name\":\"Celimax The Real Noni Energy Ampoule Mist, 50ml - IDA.KOREA\",\"isPartOf\":{\"@id\":\"https:\/\/idakorea.ee\/#website\"},\"primaryImageOfPage\":{\"@id\":\"https:\/\/idakorea.ee\/product\/celimax-the-real-noni-energy-ampoule-mist-50ml\/#primaryimage\"},\"image\":{\"@id\":\"https:\/\/idakorea.ee\/product\/celimax-the-real-noni-energy-ampoule-mist-50ml\/#primaryimage\"},\"thumbnailUrl\":\"https:\/\/idakorea.ee\/wp-content\/uploads\/2025\/06\/celimax-the-real-noni-energy-ampoule-mist.idakorea.jpg\",\"datePublished\":\"2025-06-07T15:06:45+00:00\",\"dateModified\":\"2026-03-13T17:09:01+00:00\",\"description\":\"Niisutav ja rahustav n\u00e4omist noni ekstraktiga. Pakub vananemisvastast hooldust, taastab elastsuse ja s\u00e4ra, sobib tundlikule nahale. H\u00fcpoallergeenne.\",\"breadcrumb\":{\"@id\":\"https:\/\/idakorea.ee\/product\/celimax-the-real-noni-energy-ampoule-mist-50ml\/#breadcrumb\"},\"inLanguage\":\"en-US\",\"potentialAction\":[{\"@type\":\"ReadAction\",\"target\":[\"https:\/\/idakorea.ee\/product\/celimax-the-real-noni-energy-ampoule-mist-50ml\/\"]}]},{\"@type\":\"ImageObject\",\"inLanguage\":\"en-US\",\"@id\":\"https:\/\/idakorea.ee\/product\/celimax-the-real-noni-energy-ampoule-mist-50ml\/#primaryimage\",\"url\":\"https:\/\/idakorea.ee\/wp-content\/uploads\/2025\/06\/celimax-the-real-noni-energy-ampoule-mist.idakorea.jpg\",\"contentUrl\":\"https:\/\/idakorea.ee\/wp-content\/uploads\/2025\/06\/celimax-the-real-noni-energy-ampoule-mist.idakorea.jpg\",\"width\":1000,\"height\":1000},{\"@type\":\"BreadcrumbList\",\"@id\":\"https:\/\/idakorea.ee\/product\/celimax-the-real-noni-energy-ampoule-mist-50ml\/#breadcrumb\",\"itemListElement\":[{\"@type\":\"ListItem\",\"position\":1,\"name\":\"\u0413\u043b\u0430\u0432\u043d\u0430\u044f \u0441\u0442\u0440\u0430\u043d\u0438\u0446\u0430\",\"item\":\"https:\/\/idakorea.ee\/\"},{\"@type\":\"ListItem\",\"position\":2,\"name\":\"Shop\",\"item\":\"https:\/\/idakorea.ee\/shop-2\/\"},{\"@type\":\"ListItem\",\"position\":3,\"name\":\"N\u00e4omist Celimax The Real Noni Energy Ampoule Mist, 50ml\"}]},{\"@type\":\"WebSite\",\"@id\":\"https:\/\/idakorea.ee\/#website\",\"url\":\"https:\/\/idakorea.ee\/\",\"name\":\"IDA.KOREA\",\"description\":\"Korea kosmeetika e-pood\",\"publisher\":{\"@id\":\"https:\/\/idakorea.ee\/#organization\"},\"alternateName\":\"Beauty Shop\",\"potentialAction\":[{\"@type\":\"SearchAction\",\"target\":{\"@type\":\"EntryPoint\",\"urlTemplate\":\"https:\/\/idakorea.ee\/?s={search_term_string}\"},\"query-input\":{\"@type\":\"PropertyValueSpecification\",\"valueRequired\":true,\"valueName\":\"search_term_string\"}}],\"inLanguage\":\"en-US\"},{\"@type\":\"Organization\",\"@id\":\"https:\/\/idakorea.ee\/#organization\",\"name\":\"IDA.KOREA\",\"url\":\"https:\/\/idakorea.ee\/\",\"logo\":{\"@type\":\"ImageObject\",\"inLanguage\":\"en-US\",\"@id\":\"https:\/\/idakorea.ee\/#\/schema\/logo\/image\/\",\"url\":\"https:\/\/idakorea.ee\/wp-content\/uploads\/2024\/05\/cropped-korea3.png\",\"contentUrl\":\"https:\/\/idakorea.ee\/wp-content\/uploads\/2024\/05\/cropped-korea3.png\",\"width\":688,\"height\":126,\"caption\":\"IDA.KOREA\"},\"image\":{\"@id\":\"https:\/\/idakorea.ee\/#\/schema\/logo\/image\/\"},\"sameAs\":[\"https:\/\/www.instagram.com\/ida.korea\/\"]}]}<\/script>\n<!-- \/ Yoast SEO plugin. -->","yoast_head_json":{"title":"Celimax The Real Noni Energy Ampoule Mist, 50ml - IDA.KOREA","description":"Moisturizing and soothing face mask with noni extract. Provides anti-aging care, restores elasticity and radiance, suitable for sensitive skin. Hypoallergenic.","robots":{"index":"index","follow":"follow","max-snippet":"max-snippet:-1","max-image-preview":"max-image-preview:large","max-video-preview":"max-video-preview:-1"},"canonical":"https:\/\/idakorea.ee\/en\/product\/celimax-the-real-noni-energy-ampoule-mist-50ml\/","og_locale":"en_US","og_type":"article","og_title":"Celimax The Real Noni Energy Ampoule Mist, 50ml - IDA.KOREA","og_description":"Niisutav ja rahustav n\u00e4omist noni ekstraktiga. Pakub vananemisvastast hooldust, taastab elastsuse ja s\u00e4ra, sobib tundlikule nahale. H\u00fcpoallergeenne.","og_url":"https:\/\/idakorea.ee\/en\/product\/celimax-the-real-noni-energy-ampoule-mist-50ml\/","og_site_name":"IDA.KOREA","article_modified_time":"2026-03-13T17:09:01+00:00","og_image":[{"width":1000,"height":1000,"url":"https:\/\/idakorea.ee\/wp-content\/uploads\/2025\/06\/celimax-the-real-noni-energy-ampoule-mist.idakorea.jpg","type":"image\/jpeg"}],"twitter_card":"summary_large_image","twitter_misc":{"Est. reading time":"2 minutes"},"schema":{"@context":"https:\/\/schema.org","@graph":[{"@type":"WebPage","@id":"https:\/\/idakorea.ee\/product\/celimax-the-real-noni-energy-ampoule-mist-50ml\/","url":"https:\/\/idakorea.ee\/product\/celimax-the-real-noni-energy-ampoule-mist-50ml\/","name":"Celimax The Real Noni Energy Ampoule Mist, 50ml - IDA.KOREA","isPartOf":{"@id":"https:\/\/idakorea.ee\/#website"},"primaryImageOfPage":{"@id":"https:\/\/idakorea.ee\/product\/celimax-the-real-noni-energy-ampoule-mist-50ml\/#primaryimage"},"image":{"@id":"https:\/\/idakorea.ee\/product\/celimax-the-real-noni-energy-ampoule-mist-50ml\/#primaryimage"},"thumbnailUrl":"https:\/\/idakorea.ee\/wp-content\/uploads\/2025\/06\/celimax-the-real-noni-energy-ampoule-mist.idakorea.jpg","datePublished":"2025-06-07T15:06:45+00:00","dateModified":"2026-03-13T17:09:01+00:00","description":"Moisturizing and soothing face mask with noni extract. Provides anti-aging care, restores elasticity and radiance, suitable for sensitive skin. Hypoallergenic.","breadcrumb":{"@id":"https:\/\/idakorea.ee\/product\/celimax-the-real-noni-energy-ampoule-mist-50ml\/#breadcrumb"},"inLanguage":"en-US","potentialAction":[{"@type":"ReadAction","target":["https:\/\/idakorea.ee\/product\/celimax-the-real-noni-energy-ampoule-mist-50ml\/"]}]},{"@type":"ImageObject","inLanguage":"en-US","@id":"https:\/\/idakorea.ee\/product\/celimax-the-real-noni-energy-ampoule-mist-50ml\/#primaryimage","url":"https:\/\/idakorea.ee\/wp-content\/uploads\/2025\/06\/celimax-the-real-noni-energy-ampoule-mist.idakorea.jpg","contentUrl":"https:\/\/idakorea.ee\/wp-content\/uploads\/2025\/06\/celimax-the-real-noni-energy-ampoule-mist.idakorea.jpg","width":1000,"height":1000},{"@type":"BreadcrumbList","@id":"https:\/\/idakorea.ee\/product\/celimax-the-real-noni-energy-ampoule-mist-50ml\/#breadcrumb","itemListElement":[{"@type":"ListItem","position":1,"name":"\u0413\u043b\u0430\u0432\u043d\u0430\u044f \u0441\u0442\u0440\u0430\u043d\u0438\u0446\u0430","item":"https:\/\/idakorea.ee\/"},{"@type":"ListItem","position":2,"name":"Shop","item":"https:\/\/idakorea.ee\/shop-2\/"},{"@type":"ListItem","position":3,"name":"N\u00e4omist Celimax The Real Noni Energy Ampoule Mist, 50ml"}]},{"@type":"WebSite","@id":"https:\/\/idakorea.ee\/#website","url":"https:\/\/idakorea.ee\/","name":"IDA.KOREA","description":"Korean cosmetics e-shop","publisher":{"@id":"https:\/\/idakorea.ee\/#organization"},"alternateName":"Beauty Shop","potentialAction":[{"@type":"SearchAction","target":{"@type":"EntryPoint","urlTemplate":"https:\/\/idakorea.ee\/?s={search_term_string}"},"query-input":{"@type":"PropertyValueSpecification","valueRequired":true,"valueName":"search_term_string"}}],"inLanguage":"en-US"},{"@type":"Organization","@id":"https:\/\/idakorea.ee\/#organization","name":"IDA.KOREA","url":"https:\/\/idakorea.ee\/","logo":{"@type":"ImageObject","inLanguage":"en-US","@id":"https:\/\/idakorea.ee\/#\/schema\/logo\/image\/","url":"https:\/\/idakorea.ee\/wp-content\/uploads\/2024\/05\/cropped-korea3.png","contentUrl":"https:\/\/idakorea.ee\/wp-content\/uploads\/2024\/05\/cropped-korea3.png","width":688,"height":126,"caption":"IDA.KOREA"},"image":{"@id":"https:\/\/idakorea.ee\/#\/schema\/logo\/image\/"},"sameAs":["https:\/\/www.instagram.com\/ida.korea\/"]}]}},"jetpack_sharing_enabled":true,"brands":[{"id":885,"name":"CELIMAX","slug":"celimax"}],"_links":{"self":[{"href":"https:\/\/idakorea.ee\/en\/wp-json\/wp\/v2\/product\/14552","targetHints":{"allow":["GET"]}}],"collection":[{"href":"https:\/\/idakorea.ee\/en\/wp-json\/wp\/v2\/product"}],"about":[{"href":"https:\/\/idakorea.ee\/en\/wp-json\/wp\/v2\/types\/product"}],"replies":[{"embeddable":true,"href":"https:\/\/idakorea.ee\/en\/wp-json\/wp\/v2\/comments?post=14552"}],"version-history":[{"count":1,"href":"https:\/\/idakorea.ee\/en\/wp-json\/wp\/v2\/product\/14552\/revisions"}],"predecessor-version":[{"id":14557,"href":"https:\/\/idakorea.ee\/en\/wp-json\/wp\/v2\/product\/14552\/revisions\/14557"}],"wp:featuredmedia":[{"embeddable":true,"href":"https:\/\/idakorea.ee\/en\/wp-json\/wp\/v2\/media\/14553"}],"wp:attachment":[{"href":"https:\/\/idakorea.ee\/en\/wp-json\/wp\/v2\/media?parent=14552"}],"wp:term":[{"taxonomy":"pwb-brand","embeddable":true,"href":"https:\/\/idakorea.ee\/en\/wp-json\/wp\/v2\/pwb-brand?post=14552"},{"taxonomy":"product_brand","embeddable":true,"href":"https:\/\/idakorea.ee\/en\/wp-json\/wp\/v2\/product_brand?post=14552"},{"taxonomy":"product_cat","embeddable":true,"href":"https:\/\/idakorea.ee\/en\/wp-json\/wp\/v2\/product_cat?post=14552"},{"taxonomy":"product_tag","embeddable":true,"href":"https:\/\/idakorea.ee\/en\/wp-json\/wp\/v2\/product_tag?post=14552"}],"curies":[{"name":"wp","href":"https:\/\/api.w.org\/{rel}","templated":true}]}}