{"id":14565,"date":"2025-06-07T18:38:30","date_gmt":"2025-06-07T15:38:30","guid":{"rendered":"https:\/\/idakorea.ee\/?post_type=product&#038;p=14565"},"modified":"2026-02-02T23:49:50","modified_gmt":"2026-02-02T21:49:50","slug":"dearklairs-rich-moist-soothing-serum-80ml","status":"publish","type":"product","link":"https:\/\/idakorea.ee\/en\/product\/dearklairs-rich-moist-soothing-serum-80ml\/","title":{"rendered":"Dear,Klairs Rich Moist Soothing Serum, 80ml"},"content":{"rendered":"<p>The serum binds and retains moisture within the skin, eliminating dehydration, tightness and flaking. With regular use, the skin becomes stronger from the inside, smoother and visually younger and brighter.<\/p>\n<p>The serum has a gel-like texture, spreads easily on the skin, absorbs quickly, and gives the skin instant smoothness, elasticity, and softness.<\/p>\n<p><strong>Main active ingredients:<\/strong><\/p>\n<ul>\n<li><strong>Centella Asiatica Extract<\/strong> \u2013 moisturizes, soothes and reduces inflammation.<\/li>\n<li><strong>Extract of liquorice root<\/strong> \u2013 helps fade acne scars and other unwanted pigmentation, evens out skin tone and improves complexion.<\/li>\n<li><strong>Panthenol (vitamin B5)<\/strong> \u2013 moisturizes, soothes and smoothes the skin, accelerates healing.<\/li>\n<li><strong>Arginia<\/strong> \u2013 has a regenerating and wound-healing effect.<\/li>\n<li><strong>Beta glucan<\/strong> \u2013 natural polysaccharide from oats, strengthens skin immunity, has an antioxidant effect, protects and restores damaged skin, and prevents premature aging.<\/li>\n<li><strong>Lavender extract<\/strong> \u2013 disinfects, soothes and helps with inflammation.<\/li>\n<li><strong>Eucalyptus oil<\/strong> \u2013 antiseptic and anti-inflammatory, balances sebum secretion.<\/li>\n<li><strong>Orange and lemon oils<\/strong> \u2013 tightens pores, gently exfoliates and evens out skin tone.<\/li>\n<li><strong>Portulaca extract<\/strong> \u2013 soothes, reduces redness and irritation.<\/li>\n<li><strong>Carrot, rice and tomato extracts<\/strong> \u2013 give the skin a natural glow and improve the complexion, making it bright, fresh and healthy.<\/li>\n<\/ul>\n<p>The product does not contain silicones, parabens or mineral oils and its composition is completely safe and natural.<\/p>\n<p>&nbsp;<\/p>\n<p>Suitable for all skin types.<\/p>\n<p><strong>Usage:<\/strong> Apply the serum to your face after cleansing and toning. Suitable for daily use, morning and evening.<\/p>\n<p>&nbsp;<\/p>","protected":false},"excerpt":{"rendered":"<p>The serum binds and retains moisture in the skin, eliminates dehydration, tightness and flaking. With regular use, the skin becomes stronger from the inside, smoother and visually younger and brighter. The serum has a gel texture, spreads easily on the skin, absorbs quickly and gives the skin instant smoothness, elasticity and softness. Main active ingredients: Asian centella extract \u2013 moisturizes, soothes and reduces inflammation\u2026.<\/p>","protected":false},"featured_media":14566,"comment_status":"open","ping_status":"closed","template":"","meta":{"_uf_show_specific_survey":0,"_uf_disable_surveys":false,"_bst_post_transparent":"default","_bst_post_title":"","_bst_post_layout":"default","_bst_post_sidebar_id":"","_bst_post_content_style":"default","_bst_post_vertical_padding":"default","_bst_post_feature":"","_bst_post_feature_position":"","_bst_post_header":false,"_bst_post_footer":false},"pwb-brand":[891],"product_brand":[],"product_cat":[92,97],"product_tag":[931,930,635],"class_list":{"0":"post-14565","1":"product","2":"type-product","3":"status-publish","4":"has-post-thumbnail","6":"pwb-brand-dear","7":"product_cat-nagu","8":"product_cat-naoseerumid-ja-olid","9":"product_tag-dry","10":"product_tag-moist","11":"product_tag-serum","13":"first","14":"instock","15":"sale","16":"shipping-taxable","17":"purchasable","18":"product-type-simple","19":"entry","20":"content-bg","21":"loop-entry"},"supplier_id":null,"supplier_sku":"","barcode":null,"atum_controlled":true,"out_stock_date":null,"out_stock_threshold":null,"inheritable":false,"inbound_stock":0,"stock_on_hold":0,"sold_today":0,"sales_last_days":0,"out_stock_days":0,"lost_sales":0,"has_location":false,"update_date":"2026-04-14T00:05:05","atum_locations":[],"atum_stock_status":"instock","restock_status":false,"low_stock_amount":"","sales_update_date":"2026-04-14T00:05:04","calc_backorders":null,"yoast_head":"<!-- This site is optimized with the Yoast SEO plugin v27.2 - https:\/\/yoast.com\/product\/yoast-seo-wordpress\/ -->\n<title>Dear,Klairs Rich Moist Soothing Serum, 80ml - IDA.KOREA<\/title>\n<meta name=\"description\" content=\"S\u00fcgavniisutav ja rahustav seerum k\u00f5ikidele nahat\u00fc\u00fcpidele. Taastab niiskustasakaalu, silub ja rahustab nahka. Ilma parabeenide ja silikoonideta.\" \/>\n<meta name=\"robots\" content=\"index, follow, max-snippet:-1, max-image-preview:large, max-video-preview:-1\" \/>\n<link rel=\"canonical\" href=\"https:\/\/idakorea.ee\/en\/product\/dearklairs-rich-moist-soothing-serum-80ml\/\" \/>\n<meta property=\"og:locale\" content=\"en_US\" \/>\n<meta property=\"og:type\" content=\"article\" \/>\n<meta property=\"og:title\" content=\"Dear,Klairs Rich Moist Soothing Serum, 80ml - IDA.KOREA\" \/>\n<meta property=\"og:description\" content=\"S\u00fcgavniisutav ja rahustav seerum k\u00f5ikidele nahat\u00fc\u00fcpidele. Taastab niiskustasakaalu, silub ja rahustab nahka. Ilma parabeenide ja silikoonideta.\" \/>\n<meta property=\"og:url\" content=\"https:\/\/idakorea.ee\/en\/product\/dearklairs-rich-moist-soothing-serum-80ml\/\" \/>\n<meta property=\"og:site_name\" content=\"IDA.KOREA\" \/>\n<meta property=\"article:modified_time\" content=\"2026-02-02T21:49:50+00:00\" \/>\n<meta property=\"og:image\" content=\"https:\/\/idakorea.ee\/wp-content\/uploads\/2025\/06\/dear-klairs-rich-moist-soothing-serum-idakorea.ee_.jpg\" \/>\n\t<meta property=\"og:image:width\" content=\"1024\" \/>\n\t<meta property=\"og:image:height\" content=\"1024\" \/>\n\t<meta property=\"og:image:type\" content=\"image\/jpeg\" \/>\n<meta name=\"twitter:card\" content=\"summary_large_image\" \/>\n<meta name=\"twitter:label1\" content=\"Est. reading time\" \/>\n\t<meta name=\"twitter:data1\" content=\"2 minutes\" \/>\n<script type=\"application\/ld+json\" class=\"yoast-schema-graph\">{\"@context\":\"https:\/\/schema.org\",\"@graph\":[{\"@type\":\"WebPage\",\"@id\":\"https:\/\/idakorea.ee\/product\/dearklairs-rich-moist-soothing-serum-80ml\/\",\"url\":\"https:\/\/idakorea.ee\/product\/dearklairs-rich-moist-soothing-serum-80ml\/\",\"name\":\"Dear,Klairs Rich Moist Soothing Serum, 80ml - IDA.KOREA\",\"isPartOf\":{\"@id\":\"https:\/\/idakorea.ee\/#website\"},\"primaryImageOfPage\":{\"@id\":\"https:\/\/idakorea.ee\/product\/dearklairs-rich-moist-soothing-serum-80ml\/#primaryimage\"},\"image\":{\"@id\":\"https:\/\/idakorea.ee\/product\/dearklairs-rich-moist-soothing-serum-80ml\/#primaryimage\"},\"thumbnailUrl\":\"https:\/\/idakorea.ee\/wp-content\/uploads\/2025\/06\/dear-klairs-rich-moist-soothing-serum-idakorea.ee_.jpg\",\"datePublished\":\"2025-06-07T15:38:30+00:00\",\"dateModified\":\"2026-02-02T21:49:50+00:00\",\"description\":\"S\u00fcgavniisutav ja rahustav seerum k\u00f5ikidele nahat\u00fc\u00fcpidele. Taastab niiskustasakaalu, silub ja rahustab nahka. Ilma parabeenide ja silikoonideta.\",\"breadcrumb\":{\"@id\":\"https:\/\/idakorea.ee\/product\/dearklairs-rich-moist-soothing-serum-80ml\/#breadcrumb\"},\"inLanguage\":\"en-US\",\"potentialAction\":[{\"@type\":\"ReadAction\",\"target\":[\"https:\/\/idakorea.ee\/product\/dearklairs-rich-moist-soothing-serum-80ml\/\"]}]},{\"@type\":\"ImageObject\",\"inLanguage\":\"en-US\",\"@id\":\"https:\/\/idakorea.ee\/product\/dearklairs-rich-moist-soothing-serum-80ml\/#primaryimage\",\"url\":\"https:\/\/idakorea.ee\/wp-content\/uploads\/2025\/06\/dear-klairs-rich-moist-soothing-serum-idakorea.ee_.jpg\",\"contentUrl\":\"https:\/\/idakorea.ee\/wp-content\/uploads\/2025\/06\/dear-klairs-rich-moist-soothing-serum-idakorea.ee_.jpg\",\"width\":1024,\"height\":1024},{\"@type\":\"BreadcrumbList\",\"@id\":\"https:\/\/idakorea.ee\/product\/dearklairs-rich-moist-soothing-serum-80ml\/#breadcrumb\",\"itemListElement\":[{\"@type\":\"ListItem\",\"position\":1,\"name\":\"\u0413\u043b\u0430\u0432\u043d\u0430\u044f \u0441\u0442\u0440\u0430\u043d\u0438\u0446\u0430\",\"item\":\"https:\/\/idakorea.ee\/\"},{\"@type\":\"ListItem\",\"position\":2,\"name\":\"Shop\",\"item\":\"https:\/\/idakorea.ee\/shop-2\/\"},{\"@type\":\"ListItem\",\"position\":3,\"name\":\"S\u00fcgavniisutav seerum Dear,Klairs Rich Moist Soothing Serum, 80ml\"}]},{\"@type\":\"WebSite\",\"@id\":\"https:\/\/idakorea.ee\/#website\",\"url\":\"https:\/\/idakorea.ee\/\",\"name\":\"IDA.KOREA\",\"description\":\"Korea kosmeetika e-pood\",\"publisher\":{\"@id\":\"https:\/\/idakorea.ee\/#organization\"},\"alternateName\":\"Beauty Shop\",\"potentialAction\":[{\"@type\":\"SearchAction\",\"target\":{\"@type\":\"EntryPoint\",\"urlTemplate\":\"https:\/\/idakorea.ee\/?s={search_term_string}\"},\"query-input\":{\"@type\":\"PropertyValueSpecification\",\"valueRequired\":true,\"valueName\":\"search_term_string\"}}],\"inLanguage\":\"en-US\"},{\"@type\":\"Organization\",\"@id\":\"https:\/\/idakorea.ee\/#organization\",\"name\":\"IDA.KOREA\",\"url\":\"https:\/\/idakorea.ee\/\",\"logo\":{\"@type\":\"ImageObject\",\"inLanguage\":\"en-US\",\"@id\":\"https:\/\/idakorea.ee\/#\/schema\/logo\/image\/\",\"url\":\"https:\/\/idakorea.ee\/wp-content\/uploads\/2024\/05\/cropped-korea3.png\",\"contentUrl\":\"https:\/\/idakorea.ee\/wp-content\/uploads\/2024\/05\/cropped-korea3.png\",\"width\":688,\"height\":126,\"caption\":\"IDA.KOREA\"},\"image\":{\"@id\":\"https:\/\/idakorea.ee\/#\/schema\/logo\/image\/\"},\"sameAs\":[\"https:\/\/www.instagram.com\/ida.korea\/\"]}]}<\/script>\n<!-- \/ Yoast SEO plugin. -->","yoast_head_json":{"title":"Dear, Klairs Rich Moist Soothing Serum, 80ml - IDA.KOREA","description":"Deeply hydrating and soothing serum for all skin types. Restores moisture balance, smoothes and soothes the skin. Free of parabens and silicones.","robots":{"index":"index","follow":"follow","max-snippet":"max-snippet:-1","max-image-preview":"max-image-preview:large","max-video-preview":"max-video-preview:-1"},"canonical":"https:\/\/idakorea.ee\/en\/product\/dearklairs-rich-moist-soothing-serum-80ml\/","og_locale":"en_US","og_type":"article","og_title":"Dear,Klairs Rich Moist Soothing Serum, 80ml - IDA.KOREA","og_description":"S\u00fcgavniisutav ja rahustav seerum k\u00f5ikidele nahat\u00fc\u00fcpidele. Taastab niiskustasakaalu, silub ja rahustab nahka. Ilma parabeenide ja silikoonideta.","og_url":"https:\/\/idakorea.ee\/en\/product\/dearklairs-rich-moist-soothing-serum-80ml\/","og_site_name":"IDA.KOREA","article_modified_time":"2026-02-02T21:49:50+00:00","og_image":[{"width":1024,"height":1024,"url":"https:\/\/idakorea.ee\/wp-content\/uploads\/2025\/06\/dear-klairs-rich-moist-soothing-serum-idakorea.ee_.jpg","type":"image\/jpeg"}],"twitter_card":"summary_large_image","twitter_misc":{"Est. reading time":"2 minutes"},"schema":{"@context":"https:\/\/schema.org","@graph":[{"@type":"WebPage","@id":"https:\/\/idakorea.ee\/product\/dearklairs-rich-moist-soothing-serum-80ml\/","url":"https:\/\/idakorea.ee\/product\/dearklairs-rich-moist-soothing-serum-80ml\/","name":"Dear, Klairs Rich Moist Soothing Serum, 80ml - IDA.KOREA","isPartOf":{"@id":"https:\/\/idakorea.ee\/#website"},"primaryImageOfPage":{"@id":"https:\/\/idakorea.ee\/product\/dearklairs-rich-moist-soothing-serum-80ml\/#primaryimage"},"image":{"@id":"https:\/\/idakorea.ee\/product\/dearklairs-rich-moist-soothing-serum-80ml\/#primaryimage"},"thumbnailUrl":"https:\/\/idakorea.ee\/wp-content\/uploads\/2025\/06\/dear-klairs-rich-moist-soothing-serum-idakorea.ee_.jpg","datePublished":"2025-06-07T15:38:30+00:00","dateModified":"2026-02-02T21:49:50+00:00","description":"Deeply hydrating and soothing serum for all skin types. Restores moisture balance, smoothes and soothes the skin. Free of parabens and silicones.","breadcrumb":{"@id":"https:\/\/idakorea.ee\/product\/dearklairs-rich-moist-soothing-serum-80ml\/#breadcrumb"},"inLanguage":"en-US","potentialAction":[{"@type":"ReadAction","target":["https:\/\/idakorea.ee\/product\/dearklairs-rich-moist-soothing-serum-80ml\/"]}]},{"@type":"ImageObject","inLanguage":"en-US","@id":"https:\/\/idakorea.ee\/product\/dearklairs-rich-moist-soothing-serum-80ml\/#primaryimage","url":"https:\/\/idakorea.ee\/wp-content\/uploads\/2025\/06\/dear-klairs-rich-moist-soothing-serum-idakorea.ee_.jpg","contentUrl":"https:\/\/idakorea.ee\/wp-content\/uploads\/2025\/06\/dear-klairs-rich-moist-soothing-serum-idakorea.ee_.jpg","width":1024,"height":1024},{"@type":"BreadcrumbList","@id":"https:\/\/idakorea.ee\/product\/dearklairs-rich-moist-soothing-serum-80ml\/#breadcrumb","itemListElement":[{"@type":"ListItem","position":1,"name":"\u0413\u043b\u0430\u0432\u043d\u0430\u044f \u0441\u0442\u0440\u0430\u043d\u0438\u0446\u0430","item":"https:\/\/idakorea.ee\/"},{"@type":"ListItem","position":2,"name":"Shop","item":"https:\/\/idakorea.ee\/shop-2\/"},{"@type":"ListItem","position":3,"name":"S\u00fcgavniisutav seerum Dear,Klairs Rich Moist Soothing Serum, 80ml"}]},{"@type":"WebSite","@id":"https:\/\/idakorea.ee\/#website","url":"https:\/\/idakorea.ee\/","name":"IDA.KOREA","description":"Korean cosmetics e-shop","publisher":{"@id":"https:\/\/idakorea.ee\/#organization"},"alternateName":"Beauty Shop","potentialAction":[{"@type":"SearchAction","target":{"@type":"EntryPoint","urlTemplate":"https:\/\/idakorea.ee\/?s={search_term_string}"},"query-input":{"@type":"PropertyValueSpecification","valueRequired":true,"valueName":"search_term_string"}}],"inLanguage":"en-US"},{"@type":"Organization","@id":"https:\/\/idakorea.ee\/#organization","name":"IDA.KOREA","url":"https:\/\/idakorea.ee\/","logo":{"@type":"ImageObject","inLanguage":"en-US","@id":"https:\/\/idakorea.ee\/#\/schema\/logo\/image\/","url":"https:\/\/idakorea.ee\/wp-content\/uploads\/2024\/05\/cropped-korea3.png","contentUrl":"https:\/\/idakorea.ee\/wp-content\/uploads\/2024\/05\/cropped-korea3.png","width":688,"height":126,"caption":"IDA.KOREA"},"image":{"@id":"https:\/\/idakorea.ee\/#\/schema\/logo\/image\/"},"sameAs":["https:\/\/www.instagram.com\/ida.korea\/"]}]}},"jetpack_sharing_enabled":true,"brands":[{"id":891,"name":"DEAR, KLAIRS","slug":"dear"}],"_links":{"self":[{"href":"https:\/\/idakorea.ee\/en\/wp-json\/wp\/v2\/product\/14565","targetHints":{"allow":["GET"]}}],"collection":[{"href":"https:\/\/idakorea.ee\/en\/wp-json\/wp\/v2\/product"}],"about":[{"href":"https:\/\/idakorea.ee\/en\/wp-json\/wp\/v2\/types\/product"}],"replies":[{"embeddable":true,"href":"https:\/\/idakorea.ee\/en\/wp-json\/wp\/v2\/comments?post=14565"}],"version-history":[{"count":2,"href":"https:\/\/idakorea.ee\/en\/wp-json\/wp\/v2\/product\/14565\/revisions"}],"predecessor-version":[{"id":17120,"href":"https:\/\/idakorea.ee\/en\/wp-json\/wp\/v2\/product\/14565\/revisions\/17120"}],"wp:featuredmedia":[{"embeddable":true,"href":"https:\/\/idakorea.ee\/en\/wp-json\/wp\/v2\/media\/14566"}],"wp:attachment":[{"href":"https:\/\/idakorea.ee\/en\/wp-json\/wp\/v2\/media?parent=14565"}],"wp:term":[{"taxonomy":"pwb-brand","embeddable":true,"href":"https:\/\/idakorea.ee\/en\/wp-json\/wp\/v2\/pwb-brand?post=14565"},{"taxonomy":"product_brand","embeddable":true,"href":"https:\/\/idakorea.ee\/en\/wp-json\/wp\/v2\/product_brand?post=14565"},{"taxonomy":"product_cat","embeddable":true,"href":"https:\/\/idakorea.ee\/en\/wp-json\/wp\/v2\/product_cat?post=14565"},{"taxonomy":"product_tag","embeddable":true,"href":"https:\/\/idakorea.ee\/en\/wp-json\/wp\/v2\/product_tag?post=14565"}],"curies":[{"name":"wp","href":"https:\/\/api.w.org\/{rel}","templated":true}]}}