{"id":14605,"date":"2025-06-12T09:56:22","date_gmt":"2025-06-12T06:56:22","guid":{"rendered":"https:\/\/idakorea.ee\/?post_type=product&#038;p=14605"},"modified":"2026-04-11T16:30:44","modified_gmt":"2026-04-11T14:30:44","slug":"haruharu-wonder-black-rice-moisture-airyfit-spf50-pa-50ml","status":"publish","type":"product","link":"https:\/\/idakorea.ee\/en\/product\/haruharu-wonder-black-rice-moisture-airyfit-spf50-pa-50ml\/","title":{"rendered":"Light moisturising sunscreen Haruharu Wonder Black Rice Moisture Airyfit SPF50+ PA++++, 50ml"},"content":{"rendered":"<p>Lightweight moisturizing sunscreen<strong> Branch Wonder Black Rice Moisture Airyfit SPF50+ PA++++<\/strong> leaves a silky finish without white residue and stickiness. Perfectly soothes sun-irritated skin, prevents dryness and tightness. New generation chemical filters reliably protect against the aggressive effects of UV radiation, block melanin synthesis and prevent the formation of age spots. Feels comfortable on the skin throughout the day and does not roll.<\/p>\n<p><strong>Main active ingredients:<\/strong><\/p>\n<ul>\n<li><strong>Black rice extract<\/strong> \u2013 a strong antioxidant, neutralizes the effects of free radicals, improves complexion and tones the skin. Reduces oxidative processes in cells and prolongs the youthfulness of the skin.<\/li>\n<li><strong>The rubber plant<\/strong> \u2013 soothes, relieves irritation and redness, accelerates skin regeneration. Improves the absorption of other active ingredients.<\/li>\n<li><strong>Ceramides<\/strong> \u2013 restore and strengthen the skin&#039;s protective barrier, improve moisture balance and protect against dehydration. Have a rejuvenating effect.<\/li>\n<li><strong>Houttuynia extract<\/strong> \u2013 has a strong anti-inflammatory and healing effect. Soothes the skin, reduces inflammation and irritation.<\/li>\n<li><strong>Moringa oil<\/strong> \u2013 antioxidant, protects against environmental influences and free radicals, soothes.<\/li>\n<li><strong>Sunflower oil<\/strong> \u2013 contains vitamin E (tocopherol), vitamins A, B, D and E, minerals, proteins, tannins and fatty acids. Soothes and promotes skin renewal.<\/li>\n<\/ul>\n<p>&nbsp;<\/p>\n<p>Suitable for dry, normal and combination skin.<\/p>\n<p><strong>Usage:<\/strong><br \/>\nAfter the last step of your daily care routine, apply approximately 1.2 ml of cream to your face and neck. Reapply every 2-3 hours when exposed to the sun (e.g. at the beach).<\/p>\n<p>&nbsp;<\/p>","protected":false},"excerpt":{"rendered":"<p>Light moisturizing sunscreen Haruharu Wonder Black Rice Moisture Airyfit SPF50+ PA++++ leaves a silky finish without white marks and stickiness. Perfectly soothes skin irritated by the sun, prevents dryness and a feeling of tightness. New generation chemical filters reliably protect against the aggressive effects of UV radiation, block melanin synthesis and prevent the formation of age spots. Feels comfortable on the skin throughout the day and does not\u2026<\/p>","protected":false},"featured_media":14606,"comment_status":"open","ping_status":"closed","template":"","meta":{"_uf_show_specific_survey":0,"_uf_disable_surveys":false,"_bst_post_transparent":"default","_bst_post_title":"","_bst_post_layout":"default","_bst_post_sidebar_id":"","_bst_post_content_style":"default","_bst_post_vertical_padding":"default","_bst_post_feature":"","_bst_post_feature_position":"","_bst_post_header":false,"_bst_post_footer":false},"pwb-brand":[763],"product_brand":[],"product_cat":[92,101],"product_tag":[864,935],"class_list":{"0":"post-14605","1":"product","2":"type-product","3":"status-publish","4":"has-post-thumbnail","6":"pwb-brand-haruharu-wonder","7":"product_cat-nagu","8":"product_cat-paikesekaitse","9":"product_tag-spf","10":"product_tag-sunscreen","12":"first","13":"instock","14":"sale","15":"shipping-taxable","16":"purchasable","17":"product-type-simple","18":"entry","19":"content-bg","20":"loop-entry"},"supplier_id":null,"supplier_sku":"","barcode":null,"atum_controlled":true,"out_stock_date":null,"out_stock_threshold":null,"inheritable":false,"inbound_stock":0,"stock_on_hold":0,"sold_today":0,"sales_last_days":0,"out_stock_days":0,"lost_sales":0,"has_location":false,"update_date":"2026-04-14T00:05:12","atum_locations":[],"atum_stock_status":"instock","restock_status":false,"low_stock_amount":"","sales_update_date":"2026-04-14T00:05:12","calc_backorders":null,"yoast_head":"<!-- This site is optimized with the Yoast SEO plugin v27.2 - https:\/\/yoast.com\/product\/yoast-seo-wordpress\/ -->\n<title>Haruharu Wonder Black Rice Moisture Airyfit SPF50+ PA++++, 50ml - IDA.KOREA<\/title>\n<meta name=\"description\" content=\"Kerge SPF50+ p\u00e4ikesekaitsekreem Haruharu Wonder niisutab, kaitseb pigmentatsiooni eest ja rahustab p\u00e4ikese k\u00e4es \u00e4rritunud nahka. Sobib kuivale ja normaalsele nahale.\" \/>\n<meta name=\"robots\" content=\"index, follow, max-snippet:-1, max-image-preview:large, max-video-preview:-1\" \/>\n<link rel=\"canonical\" href=\"https:\/\/idakorea.ee\/en\/product\/haruharu-wonder-black-rice-moisture-airyfit-spf50-pa-50ml\/\" \/>\n<meta property=\"og:locale\" content=\"en_US\" \/>\n<meta property=\"og:type\" content=\"article\" \/>\n<meta property=\"og:title\" content=\"Haruharu Wonder Black Rice Moisture Airyfit SPF50+ PA++++, 50ml - IDA.KOREA\" \/>\n<meta property=\"og:description\" content=\"Kerge SPF50+ p\u00e4ikesekaitsekreem Haruharu Wonder niisutab, kaitseb pigmentatsiooni eest ja rahustab p\u00e4ikese k\u00e4es \u00e4rritunud nahka. Sobib kuivale ja normaalsele nahale.\" \/>\n<meta property=\"og:url\" content=\"https:\/\/idakorea.ee\/en\/product\/haruharu-wonder-black-rice-moisture-airyfit-spf50-pa-50ml\/\" \/>\n<meta property=\"og:site_name\" content=\"IDA.KOREA\" \/>\n<meta property=\"article:modified_time\" content=\"2026-04-11T14:30:44+00:00\" \/>\n<meta property=\"og:image\" content=\"https:\/\/idakorea.ee\/wp-content\/uploads\/2025\/06\/haruharu-wonder-black-rice-moisture-airyfit-spf50-idakorea.jpg\" \/>\n\t<meta property=\"og:image:width\" content=\"1000\" \/>\n\t<meta property=\"og:image:height\" content=\"1000\" \/>\n\t<meta property=\"og:image:type\" content=\"image\/jpeg\" \/>\n<meta name=\"twitter:card\" content=\"summary_large_image\" \/>\n<meta name=\"twitter:label1\" content=\"Est. reading time\" \/>\n\t<meta name=\"twitter:data1\" content=\"2 minutes\" \/>\n<script type=\"application\/ld+json\" class=\"yoast-schema-graph\">{\"@context\":\"https:\/\/schema.org\",\"@graph\":[{\"@type\":\"WebPage\",\"@id\":\"https:\/\/idakorea.ee\/product\/haruharu-wonder-black-rice-moisture-airyfit-spf50-pa-50ml\/\",\"url\":\"https:\/\/idakorea.ee\/product\/haruharu-wonder-black-rice-moisture-airyfit-spf50-pa-50ml\/\",\"name\":\"Haruharu Wonder Black Rice Moisture Airyfit SPF50+ PA++++, 50ml - IDA.KOREA\",\"isPartOf\":{\"@id\":\"https:\/\/idakorea.ee\/#website\"},\"primaryImageOfPage\":{\"@id\":\"https:\/\/idakorea.ee\/product\/haruharu-wonder-black-rice-moisture-airyfit-spf50-pa-50ml\/#primaryimage\"},\"image\":{\"@id\":\"https:\/\/idakorea.ee\/product\/haruharu-wonder-black-rice-moisture-airyfit-spf50-pa-50ml\/#primaryimage\"},\"thumbnailUrl\":\"https:\/\/idakorea.ee\/wp-content\/uploads\/2025\/06\/haruharu-wonder-black-rice-moisture-airyfit-spf50-idakorea.jpg\",\"datePublished\":\"2025-06-12T06:56:22+00:00\",\"dateModified\":\"2026-04-11T14:30:44+00:00\",\"description\":\"Kerge SPF50+ p\u00e4ikesekaitsekreem Haruharu Wonder niisutab, kaitseb pigmentatsiooni eest ja rahustab p\u00e4ikese k\u00e4es \u00e4rritunud nahka. Sobib kuivale ja normaalsele nahale.\",\"breadcrumb\":{\"@id\":\"https:\/\/idakorea.ee\/product\/haruharu-wonder-black-rice-moisture-airyfit-spf50-pa-50ml\/#breadcrumb\"},\"inLanguage\":\"en-US\",\"potentialAction\":[{\"@type\":\"ReadAction\",\"target\":[\"https:\/\/idakorea.ee\/product\/haruharu-wonder-black-rice-moisture-airyfit-spf50-pa-50ml\/\"]}]},{\"@type\":\"ImageObject\",\"inLanguage\":\"en-US\",\"@id\":\"https:\/\/idakorea.ee\/product\/haruharu-wonder-black-rice-moisture-airyfit-spf50-pa-50ml\/#primaryimage\",\"url\":\"https:\/\/idakorea.ee\/wp-content\/uploads\/2025\/06\/haruharu-wonder-black-rice-moisture-airyfit-spf50-idakorea.jpg\",\"contentUrl\":\"https:\/\/idakorea.ee\/wp-content\/uploads\/2025\/06\/haruharu-wonder-black-rice-moisture-airyfit-spf50-idakorea.jpg\",\"width\":1000,\"height\":1000},{\"@type\":\"BreadcrumbList\",\"@id\":\"https:\/\/idakorea.ee\/product\/haruharu-wonder-black-rice-moisture-airyfit-spf50-pa-50ml\/#breadcrumb\",\"itemListElement\":[{\"@type\":\"ListItem\",\"position\":1,\"name\":\"\u0413\u043b\u0430\u0432\u043d\u0430\u044f \u0441\u0442\u0440\u0430\u043d\u0438\u0446\u0430\",\"item\":\"https:\/\/idakorea.ee\/\"},{\"@type\":\"ListItem\",\"position\":2,\"name\":\"Shop\",\"item\":\"https:\/\/idakorea.ee\/shop-2\/\"},{\"@type\":\"ListItem\",\"position\":3,\"name\":\"Kerge niisutav p\u00e4ikesekaitsekreem Haruharu Wonder Black Rice Moisture Airyfit SPF50+ PA++++, 50ml\"}]},{\"@type\":\"WebSite\",\"@id\":\"https:\/\/idakorea.ee\/#website\",\"url\":\"https:\/\/idakorea.ee\/\",\"name\":\"IDA.KOREA\",\"description\":\"Korea kosmeetika e-pood\",\"publisher\":{\"@id\":\"https:\/\/idakorea.ee\/#organization\"},\"alternateName\":\"Beauty Shop\",\"potentialAction\":[{\"@type\":\"SearchAction\",\"target\":{\"@type\":\"EntryPoint\",\"urlTemplate\":\"https:\/\/idakorea.ee\/?s={search_term_string}\"},\"query-input\":{\"@type\":\"PropertyValueSpecification\",\"valueRequired\":true,\"valueName\":\"search_term_string\"}}],\"inLanguage\":\"en-US\"},{\"@type\":\"Organization\",\"@id\":\"https:\/\/idakorea.ee\/#organization\",\"name\":\"IDA.KOREA\",\"url\":\"https:\/\/idakorea.ee\/\",\"logo\":{\"@type\":\"ImageObject\",\"inLanguage\":\"en-US\",\"@id\":\"https:\/\/idakorea.ee\/#\/schema\/logo\/image\/\",\"url\":\"https:\/\/idakorea.ee\/wp-content\/uploads\/2024\/05\/cropped-korea3.png\",\"contentUrl\":\"https:\/\/idakorea.ee\/wp-content\/uploads\/2024\/05\/cropped-korea3.png\",\"width\":688,\"height\":126,\"caption\":\"IDA.KOREA\"},\"image\":{\"@id\":\"https:\/\/idakorea.ee\/#\/schema\/logo\/image\/\"},\"sameAs\":[\"https:\/\/www.instagram.com\/ida.korea\/\"]}]}<\/script>\n<!-- \/ Yoast SEO plugin. -->","yoast_head_json":{"title":"Haruharu Wonder Black Rice Moisture Airyfit SPF50+ PA++++, 50ml - IDA.KOREA","description":"Haruharu Wonder SPF50+ sunscreen moisturizes, protects against pigmentation, and soothes sun-irritated skin. Suitable for dry and normal skin.","robots":{"index":"index","follow":"follow","max-snippet":"max-snippet:-1","max-image-preview":"max-image-preview:large","max-video-preview":"max-video-preview:-1"},"canonical":"https:\/\/idakorea.ee\/en\/product\/haruharu-wonder-black-rice-moisture-airyfit-spf50-pa-50ml\/","og_locale":"en_US","og_type":"article","og_title":"Haruharu Wonder Black Rice Moisture Airyfit SPF50+ PA++++, 50ml - IDA.KOREA","og_description":"Kerge SPF50+ p\u00e4ikesekaitsekreem Haruharu Wonder niisutab, kaitseb pigmentatsiooni eest ja rahustab p\u00e4ikese k\u00e4es \u00e4rritunud nahka. Sobib kuivale ja normaalsele nahale.","og_url":"https:\/\/idakorea.ee\/en\/product\/haruharu-wonder-black-rice-moisture-airyfit-spf50-pa-50ml\/","og_site_name":"IDA.KOREA","article_modified_time":"2026-04-11T14:30:44+00:00","og_image":[{"width":1000,"height":1000,"url":"https:\/\/idakorea.ee\/wp-content\/uploads\/2025\/06\/haruharu-wonder-black-rice-moisture-airyfit-spf50-idakorea.jpg","type":"image\/jpeg"}],"twitter_card":"summary_large_image","twitter_misc":{"Est. reading time":"2 minutes"},"schema":{"@context":"https:\/\/schema.org","@graph":[{"@type":"WebPage","@id":"https:\/\/idakorea.ee\/product\/haruharu-wonder-black-rice-moisture-airyfit-spf50-pa-50ml\/","url":"https:\/\/idakorea.ee\/product\/haruharu-wonder-black-rice-moisture-airyfit-spf50-pa-50ml\/","name":"Haruharu Wonder Black Rice Moisture Airyfit SPF50+ PA++++, 50ml - IDA.KOREA","isPartOf":{"@id":"https:\/\/idakorea.ee\/#website"},"primaryImageOfPage":{"@id":"https:\/\/idakorea.ee\/product\/haruharu-wonder-black-rice-moisture-airyfit-spf50-pa-50ml\/#primaryimage"},"image":{"@id":"https:\/\/idakorea.ee\/product\/haruharu-wonder-black-rice-moisture-airyfit-spf50-pa-50ml\/#primaryimage"},"thumbnailUrl":"https:\/\/idakorea.ee\/wp-content\/uploads\/2025\/06\/haruharu-wonder-black-rice-moisture-airyfit-spf50-idakorea.jpg","datePublished":"2025-06-12T06:56:22+00:00","dateModified":"2026-04-11T14:30:44+00:00","description":"Haruharu Wonder SPF50+ sunscreen moisturizes, protects against pigmentation, and soothes sun-irritated skin. Suitable for dry and normal skin.","breadcrumb":{"@id":"https:\/\/idakorea.ee\/product\/haruharu-wonder-black-rice-moisture-airyfit-spf50-pa-50ml\/#breadcrumb"},"inLanguage":"en-US","potentialAction":[{"@type":"ReadAction","target":["https:\/\/idakorea.ee\/product\/haruharu-wonder-black-rice-moisture-airyfit-spf50-pa-50ml\/"]}]},{"@type":"ImageObject","inLanguage":"en-US","@id":"https:\/\/idakorea.ee\/product\/haruharu-wonder-black-rice-moisture-airyfit-spf50-pa-50ml\/#primaryimage","url":"https:\/\/idakorea.ee\/wp-content\/uploads\/2025\/06\/haruharu-wonder-black-rice-moisture-airyfit-spf50-idakorea.jpg","contentUrl":"https:\/\/idakorea.ee\/wp-content\/uploads\/2025\/06\/haruharu-wonder-black-rice-moisture-airyfit-spf50-idakorea.jpg","width":1000,"height":1000},{"@type":"BreadcrumbList","@id":"https:\/\/idakorea.ee\/product\/haruharu-wonder-black-rice-moisture-airyfit-spf50-pa-50ml\/#breadcrumb","itemListElement":[{"@type":"ListItem","position":1,"name":"\u0413\u043b\u0430\u0432\u043d\u0430\u044f \u0441\u0442\u0440\u0430\u043d\u0438\u0446\u0430","item":"https:\/\/idakorea.ee\/"},{"@type":"ListItem","position":2,"name":"Shop","item":"https:\/\/idakorea.ee\/shop-2\/"},{"@type":"ListItem","position":3,"name":"Kerge niisutav p\u00e4ikesekaitsekreem Haruharu Wonder Black Rice Moisture Airyfit SPF50+ PA++++, 50ml"}]},{"@type":"WebSite","@id":"https:\/\/idakorea.ee\/#website","url":"https:\/\/idakorea.ee\/","name":"IDA.KOREA","description":"Korean cosmetics e-shop","publisher":{"@id":"https:\/\/idakorea.ee\/#organization"},"alternateName":"Beauty Shop","potentialAction":[{"@type":"SearchAction","target":{"@type":"EntryPoint","urlTemplate":"https:\/\/idakorea.ee\/?s={search_term_string}"},"query-input":{"@type":"PropertyValueSpecification","valueRequired":true,"valueName":"search_term_string"}}],"inLanguage":"en-US"},{"@type":"Organization","@id":"https:\/\/idakorea.ee\/#organization","name":"IDA.KOREA","url":"https:\/\/idakorea.ee\/","logo":{"@type":"ImageObject","inLanguage":"en-US","@id":"https:\/\/idakorea.ee\/#\/schema\/logo\/image\/","url":"https:\/\/idakorea.ee\/wp-content\/uploads\/2024\/05\/cropped-korea3.png","contentUrl":"https:\/\/idakorea.ee\/wp-content\/uploads\/2024\/05\/cropped-korea3.png","width":688,"height":126,"caption":"IDA.KOREA"},"image":{"@id":"https:\/\/idakorea.ee\/#\/schema\/logo\/image\/"},"sameAs":["https:\/\/www.instagram.com\/ida.korea\/"]}]}},"jetpack_sharing_enabled":true,"brands":[{"id":763,"name":"HARUHARU WONDER","slug":"haruharu-wonder"}],"_links":{"self":[{"href":"https:\/\/idakorea.ee\/en\/wp-json\/wp\/v2\/product\/14605","targetHints":{"allow":["GET"]}}],"collection":[{"href":"https:\/\/idakorea.ee\/en\/wp-json\/wp\/v2\/product"}],"about":[{"href":"https:\/\/idakorea.ee\/en\/wp-json\/wp\/v2\/types\/product"}],"replies":[{"embeddable":true,"href":"https:\/\/idakorea.ee\/en\/wp-json\/wp\/v2\/comments?post=14605"}],"version-history":[{"count":1,"href":"https:\/\/idakorea.ee\/en\/wp-json\/wp\/v2\/product\/14605\/revisions"}],"predecessor-version":[{"id":14609,"href":"https:\/\/idakorea.ee\/en\/wp-json\/wp\/v2\/product\/14605\/revisions\/14609"}],"wp:featuredmedia":[{"embeddable":true,"href":"https:\/\/idakorea.ee\/en\/wp-json\/wp\/v2\/media\/14606"}],"wp:attachment":[{"href":"https:\/\/idakorea.ee\/en\/wp-json\/wp\/v2\/media?parent=14605"}],"wp:term":[{"taxonomy":"pwb-brand","embeddable":true,"href":"https:\/\/idakorea.ee\/en\/wp-json\/wp\/v2\/pwb-brand?post=14605"},{"taxonomy":"product_brand","embeddable":true,"href":"https:\/\/idakorea.ee\/en\/wp-json\/wp\/v2\/product_brand?post=14605"},{"taxonomy":"product_cat","embeddable":true,"href":"https:\/\/idakorea.ee\/en\/wp-json\/wp\/v2\/product_cat?post=14605"},{"taxonomy":"product_tag","embeddable":true,"href":"https:\/\/idakorea.ee\/en\/wp-json\/wp\/v2\/product_tag?post=14605"}],"curies":[{"name":"wp","href":"https:\/\/api.w.org\/{rel}","templated":true}]}}