{"id":14610,"date":"2025-06-17T15:39:33","date_gmt":"2025-06-17T12:39:33","guid":{"rendered":"https:\/\/idakorea.ee\/?post_type=product&#038;p=14610"},"modified":"2026-01-29T16:52:35","modified_gmt":"2026-01-29T14:52:35","slug":"abib-glutathiosome-cc-sunscreen-toning-tube-spf50-pa-50-ml","status":"publish","type":"product","link":"https:\/\/idakorea.ee\/en\/product\/abib-glutathiosome-cc-sunscreen-toning-tube-spf50-pa-50-ml\/","title":{"rendered":"Abib Glutathiosome CC Sunscreen Toning Tube SPF50+ PA++++, 50 ml"},"content":{"rendered":"<p>Abib Glutathiosome CC Sunscreen Toning Tube SPF50+ PA++++ is based on stable new generation chemical filters and physical filters. Suitable for daily use, it effectively protects the skin from the harmful effects of sunlight and helps to even out and brighten the skin tone.<\/p>\n<p>The high protection factor SPF50+ PA++++ provides reliable protection against UV radiation, helps prevent the formation of age spots and preserves the youthfulness of the skin.<\/p>\n<p>The main ingredient of the cream is glutathione \u2013 one of the most powerful antioxidants, which reduces melanin levels and contributes to skin lightening. Contains a large amount of amino acids, is completely safe to use, neutralizes free radicals and removes toxins that damage skin cells. Glutathione is encapsulated in liposomes, which allows active ingredients to penetrate deep into the epidermis, improving their absorption and enhancing the effect.<\/p>\n<p>Ceramides restore the skin&#039;s natural lipid barrier, provide long-term protection for dry and sensitive skin, improve skin moisture levels and reduce moisture loss, strengthen skin elasticity, have a firming effect, and protect against the harmful effects of the external environment.<\/p>\n<p>&nbsp;<\/p>\n<p>Suitable for all skin types.<\/p>\n<p><strong>Usage:<\/strong><br \/>\nApply the required amount of cream as the last step of your care routine 15\u201320 minutes before going out in the sun.<\/p>\n<p>&nbsp;<\/p>","protected":false},"excerpt":{"rendered":"<p>Abib Glutathiosome CC Sunscreen Toning Tube SPF50+ PA++++ is based on stable new generation chemical filters and physical filters. Suitable for daily use, it effectively protects the skin from the harmful effects of sunlight and helps to even out and brighten the skin tone. High protection factor SPF50+ PA++++ provides reliable protection against UV radiation, helps prevent the formation of age spots and maintain youthful skin. The main\u2026<\/p>","protected":false},"featured_media":14611,"comment_status":"open","ping_status":"closed","template":"","meta":{"_uf_show_specific_survey":0,"_uf_disable_surveys":false,"_bst_post_transparent":"default","_bst_post_title":"","_bst_post_layout":"default","_bst_post_sidebar_id":"","_bst_post_content_style":"default","_bst_post_vertical_padding":"default","_bst_post_feature":"","_bst_post_feature_position":"","_bst_post_header":false,"_bst_post_footer":false},"pwb-brand":[883],"product_brand":[],"product_cat":[92,101],"product_tag":[936,864],"class_list":{"0":"post-14610","1":"product","2":"type-product","3":"status-publish","4":"has-post-thumbnail","6":"pwb-brand-abib","7":"product_cat-nagu","8":"product_cat-paikesekaitse","9":"product_tag-cc","10":"product_tag-spf","12":"first","13":"instock","14":"sale","15":"shipping-taxable","16":"purchasable","17":"product-type-simple","18":"entry","19":"content-bg","20":"loop-entry"},"supplier_id":null,"supplier_sku":"","barcode":null,"atum_controlled":true,"out_stock_date":null,"out_stock_threshold":null,"inheritable":false,"inbound_stock":0,"stock_on_hold":0,"sold_today":0,"sales_last_days":0,"out_stock_days":0,"lost_sales":0,"has_location":false,"update_date":"2026-04-14T00:05:07","atum_locations":[],"atum_stock_status":"instock","restock_status":false,"low_stock_amount":"","sales_update_date":"2026-04-14T00:05:07","calc_backorders":null,"yoast_head":"<!-- This site is optimized with the Yoast SEO plugin v27.2 - https:\/\/yoast.com\/product\/yoast-seo-wordpress\/ -->\n<title>Abib Glutathiosome CC Sunscreen Toning Tube SPF50+ PA++++, 50 ml - IDA.KOREA<\/title>\n<meta name=\"description\" content=\"Tooniv p\u00e4ikesekaitsekreem glutatiooniga \u00fchtlustab nahatooni ja kaitseb t\u00f5husalt UV-kiirguse eest. SPF50+ PA++++, sobib igap\u00e4evaseks kasutamiseks.\" \/>\n<meta name=\"robots\" content=\"index, follow, max-snippet:-1, max-image-preview:large, max-video-preview:-1\" \/>\n<link rel=\"canonical\" href=\"https:\/\/idakorea.ee\/en\/product\/abib-glutathiosome-cc-sunscreen-toning-tube-spf50-pa-50-ml\/\" \/>\n<meta property=\"og:locale\" content=\"en_US\" \/>\n<meta property=\"og:type\" content=\"article\" \/>\n<meta property=\"og:title\" content=\"Abib Glutathiosome CC Sunscreen Toning Tube SPF50+ PA++++, 50 ml - IDA.KOREA\" \/>\n<meta property=\"og:description\" content=\"Tooniv p\u00e4ikesekaitsekreem glutatiooniga \u00fchtlustab nahatooni ja kaitseb t\u00f5husalt UV-kiirguse eest. SPF50+ PA++++, sobib igap\u00e4evaseks kasutamiseks.\" \/>\n<meta property=\"og:url\" content=\"https:\/\/idakorea.ee\/en\/product\/abib-glutathiosome-cc-sunscreen-toning-tube-spf50-pa-50-ml\/\" \/>\n<meta property=\"og:site_name\" content=\"IDA.KOREA\" \/>\n<meta property=\"article:modified_time\" content=\"2026-01-29T14:52:35+00:00\" \/>\n<meta property=\"og:image\" content=\"https:\/\/idakorea.ee\/wp-content\/uploads\/2025\/06\/abib-glutathiosome-cc-sunscreen-toning-tube-idakorea.webp\" \/>\n\t<meta property=\"og:image:width\" content=\"640\" \/>\n\t<meta property=\"og:image:height\" content=\"640\" \/>\n\t<meta property=\"og:image:type\" content=\"image\/webp\" \/>\n<meta name=\"twitter:card\" content=\"summary_large_image\" \/>\n<meta name=\"twitter:label1\" content=\"Est. reading time\" \/>\n\t<meta name=\"twitter:data1\" content=\"2 minutes\" \/>\n<script type=\"application\/ld+json\" class=\"yoast-schema-graph\">{\"@context\":\"https:\/\/schema.org\",\"@graph\":[{\"@type\":\"WebPage\",\"@id\":\"https:\/\/idakorea.ee\/product\/abib-glutathiosome-cc-sunscreen-toning-tube-spf50-pa-50-ml\/\",\"url\":\"https:\/\/idakorea.ee\/product\/abib-glutathiosome-cc-sunscreen-toning-tube-spf50-pa-50-ml\/\",\"name\":\"Abib Glutathiosome CC Sunscreen Toning Tube SPF50+ PA++++, 50 ml - IDA.KOREA\",\"isPartOf\":{\"@id\":\"https:\/\/idakorea.ee\/#website\"},\"primaryImageOfPage\":{\"@id\":\"https:\/\/idakorea.ee\/product\/abib-glutathiosome-cc-sunscreen-toning-tube-spf50-pa-50-ml\/#primaryimage\"},\"image\":{\"@id\":\"https:\/\/idakorea.ee\/product\/abib-glutathiosome-cc-sunscreen-toning-tube-spf50-pa-50-ml\/#primaryimage\"},\"thumbnailUrl\":\"https:\/\/idakorea.ee\/wp-content\/uploads\/2025\/06\/abib-glutathiosome-cc-sunscreen-toning-tube-idakorea.webp\",\"datePublished\":\"2025-06-17T12:39:33+00:00\",\"dateModified\":\"2026-01-29T14:52:35+00:00\",\"description\":\"Tooniv p\u00e4ikesekaitsekreem glutatiooniga \u00fchtlustab nahatooni ja kaitseb t\u00f5husalt UV-kiirguse eest. SPF50+ PA++++, sobib igap\u00e4evaseks kasutamiseks.\",\"breadcrumb\":{\"@id\":\"https:\/\/idakorea.ee\/product\/abib-glutathiosome-cc-sunscreen-toning-tube-spf50-pa-50-ml\/#breadcrumb\"},\"inLanguage\":\"en-US\",\"potentialAction\":[{\"@type\":\"ReadAction\",\"target\":[\"https:\/\/idakorea.ee\/product\/abib-glutathiosome-cc-sunscreen-toning-tube-spf50-pa-50-ml\/\"]}]},{\"@type\":\"ImageObject\",\"inLanguage\":\"en-US\",\"@id\":\"https:\/\/idakorea.ee\/product\/abib-glutathiosome-cc-sunscreen-toning-tube-spf50-pa-50-ml\/#primaryimage\",\"url\":\"https:\/\/idakorea.ee\/wp-content\/uploads\/2025\/06\/abib-glutathiosome-cc-sunscreen-toning-tube-idakorea.webp\",\"contentUrl\":\"https:\/\/idakorea.ee\/wp-content\/uploads\/2025\/06\/abib-glutathiosome-cc-sunscreen-toning-tube-idakorea.webp\",\"width\":640,\"height\":640},{\"@type\":\"BreadcrumbList\",\"@id\":\"https:\/\/idakorea.ee\/product\/abib-glutathiosome-cc-sunscreen-toning-tube-spf50-pa-50-ml\/#breadcrumb\",\"itemListElement\":[{\"@type\":\"ListItem\",\"position\":1,\"name\":\"\u0413\u043b\u0430\u0432\u043d\u0430\u044f \u0441\u0442\u0440\u0430\u043d\u0438\u0446\u0430\",\"item\":\"https:\/\/idakorea.ee\/\"},{\"@type\":\"ListItem\",\"position\":2,\"name\":\"Shop\",\"item\":\"https:\/\/idakorea.ee\/shop-2\/\"},{\"@type\":\"ListItem\",\"position\":3,\"name\":\"Tooniv p\u00e4ikesekaitsekreem Abib Glutathiosome CC Sunscreen Toning Tube SPF50+ PA++++, 50 ml\"}]},{\"@type\":\"WebSite\",\"@id\":\"https:\/\/idakorea.ee\/#website\",\"url\":\"https:\/\/idakorea.ee\/\",\"name\":\"IDA.KOREA\",\"description\":\"Korea kosmeetika e-pood\",\"publisher\":{\"@id\":\"https:\/\/idakorea.ee\/#organization\"},\"alternateName\":\"Beauty Shop\",\"potentialAction\":[{\"@type\":\"SearchAction\",\"target\":{\"@type\":\"EntryPoint\",\"urlTemplate\":\"https:\/\/idakorea.ee\/?s={search_term_string}\"},\"query-input\":{\"@type\":\"PropertyValueSpecification\",\"valueRequired\":true,\"valueName\":\"search_term_string\"}}],\"inLanguage\":\"en-US\"},{\"@type\":\"Organization\",\"@id\":\"https:\/\/idakorea.ee\/#organization\",\"name\":\"IDA.KOREA\",\"url\":\"https:\/\/idakorea.ee\/\",\"logo\":{\"@type\":\"ImageObject\",\"inLanguage\":\"en-US\",\"@id\":\"https:\/\/idakorea.ee\/#\/schema\/logo\/image\/\",\"url\":\"https:\/\/idakorea.ee\/wp-content\/uploads\/2024\/05\/cropped-korea3.png\",\"contentUrl\":\"https:\/\/idakorea.ee\/wp-content\/uploads\/2024\/05\/cropped-korea3.png\",\"width\":688,\"height\":126,\"caption\":\"IDA.KOREA\"},\"image\":{\"@id\":\"https:\/\/idakorea.ee\/#\/schema\/logo\/image\/\"},\"sameAs\":[\"https:\/\/www.instagram.com\/ida.korea\/\"]}]}<\/script>\n<!-- \/ Yoast SEO plugin. -->","yoast_head_json":{"title":"Abib Glutathiosome CC Sunscreen Toning Tube SPF50+ PA++++, 50 ml - IDA.KOREA","description":"Tinted sunscreen with glutathione evens out skin tone and effectively protects against UV radiation. SPF50+ PA++++, suitable for daily use.","robots":{"index":"index","follow":"follow","max-snippet":"max-snippet:-1","max-image-preview":"max-image-preview:large","max-video-preview":"max-video-preview:-1"},"canonical":"https:\/\/idakorea.ee\/en\/product\/abib-glutathiosome-cc-sunscreen-toning-tube-spf50-pa-50-ml\/","og_locale":"en_US","og_type":"article","og_title":"Abib Glutathiosome CC Sunscreen Toning Tube SPF50+ PA++++, 50 ml - IDA.KOREA","og_description":"Tooniv p\u00e4ikesekaitsekreem glutatiooniga \u00fchtlustab nahatooni ja kaitseb t\u00f5husalt UV-kiirguse eest. SPF50+ PA++++, sobib igap\u00e4evaseks kasutamiseks.","og_url":"https:\/\/idakorea.ee\/en\/product\/abib-glutathiosome-cc-sunscreen-toning-tube-spf50-pa-50-ml\/","og_site_name":"IDA.KOREA","article_modified_time":"2026-01-29T14:52:35+00:00","og_image":[{"width":640,"height":640,"url":"https:\/\/idakorea.ee\/wp-content\/uploads\/2025\/06\/abib-glutathiosome-cc-sunscreen-toning-tube-idakorea.webp","type":"image\/webp"}],"twitter_card":"summary_large_image","twitter_misc":{"Est. reading time":"2 minutes"},"schema":{"@context":"https:\/\/schema.org","@graph":[{"@type":"WebPage","@id":"https:\/\/idakorea.ee\/product\/abib-glutathiosome-cc-sunscreen-toning-tube-spf50-pa-50-ml\/","url":"https:\/\/idakorea.ee\/product\/abib-glutathiosome-cc-sunscreen-toning-tube-spf50-pa-50-ml\/","name":"Abib Glutathiosome CC Sunscreen Toning Tube SPF50+ PA++++, 50 ml - IDA.KOREA","isPartOf":{"@id":"https:\/\/idakorea.ee\/#website"},"primaryImageOfPage":{"@id":"https:\/\/idakorea.ee\/product\/abib-glutathiosome-cc-sunscreen-toning-tube-spf50-pa-50-ml\/#primaryimage"},"image":{"@id":"https:\/\/idakorea.ee\/product\/abib-glutathiosome-cc-sunscreen-toning-tube-spf50-pa-50-ml\/#primaryimage"},"thumbnailUrl":"https:\/\/idakorea.ee\/wp-content\/uploads\/2025\/06\/abib-glutathiosome-cc-sunscreen-toning-tube-idakorea.webp","datePublished":"2025-06-17T12:39:33+00:00","dateModified":"2026-01-29T14:52:35+00:00","description":"Tinted sunscreen with glutathione evens out skin tone and effectively protects against UV radiation. SPF50+ PA++++, suitable for daily use.","breadcrumb":{"@id":"https:\/\/idakorea.ee\/product\/abib-glutathiosome-cc-sunscreen-toning-tube-spf50-pa-50-ml\/#breadcrumb"},"inLanguage":"en-US","potentialAction":[{"@type":"ReadAction","target":["https:\/\/idakorea.ee\/product\/abib-glutathiosome-cc-sunscreen-toning-tube-spf50-pa-50-ml\/"]}]},{"@type":"ImageObject","inLanguage":"en-US","@id":"https:\/\/idakorea.ee\/product\/abib-glutathiosome-cc-sunscreen-toning-tube-spf50-pa-50-ml\/#primaryimage","url":"https:\/\/idakorea.ee\/wp-content\/uploads\/2025\/06\/abib-glutathiosome-cc-sunscreen-toning-tube-idakorea.webp","contentUrl":"https:\/\/idakorea.ee\/wp-content\/uploads\/2025\/06\/abib-glutathiosome-cc-sunscreen-toning-tube-idakorea.webp","width":640,"height":640},{"@type":"BreadcrumbList","@id":"https:\/\/idakorea.ee\/product\/abib-glutathiosome-cc-sunscreen-toning-tube-spf50-pa-50-ml\/#breadcrumb","itemListElement":[{"@type":"ListItem","position":1,"name":"\u0413\u043b\u0430\u0432\u043d\u0430\u044f \u0441\u0442\u0440\u0430\u043d\u0438\u0446\u0430","item":"https:\/\/idakorea.ee\/"},{"@type":"ListItem","position":2,"name":"Shop","item":"https:\/\/idakorea.ee\/shop-2\/"},{"@type":"ListItem","position":3,"name":"Tooniv p\u00e4ikesekaitsekreem Abib Glutathiosome CC Sunscreen Toning Tube SPF50+ PA++++, 50 ml"}]},{"@type":"WebSite","@id":"https:\/\/idakorea.ee\/#website","url":"https:\/\/idakorea.ee\/","name":"IDA.KOREA","description":"Korean cosmetics e-shop","publisher":{"@id":"https:\/\/idakorea.ee\/#organization"},"alternateName":"Beauty Shop","potentialAction":[{"@type":"SearchAction","target":{"@type":"EntryPoint","urlTemplate":"https:\/\/idakorea.ee\/?s={search_term_string}"},"query-input":{"@type":"PropertyValueSpecification","valueRequired":true,"valueName":"search_term_string"}}],"inLanguage":"en-US"},{"@type":"Organization","@id":"https:\/\/idakorea.ee\/#organization","name":"IDA.KOREA","url":"https:\/\/idakorea.ee\/","logo":{"@type":"ImageObject","inLanguage":"en-US","@id":"https:\/\/idakorea.ee\/#\/schema\/logo\/image\/","url":"https:\/\/idakorea.ee\/wp-content\/uploads\/2024\/05\/cropped-korea3.png","contentUrl":"https:\/\/idakorea.ee\/wp-content\/uploads\/2024\/05\/cropped-korea3.png","width":688,"height":126,"caption":"IDA.KOREA"},"image":{"@id":"https:\/\/idakorea.ee\/#\/schema\/logo\/image\/"},"sameAs":["https:\/\/www.instagram.com\/ida.korea\/"]}]}},"jetpack_sharing_enabled":true,"brands":[{"id":883,"name":"ABIB","slug":"abib"}],"_links":{"self":[{"href":"https:\/\/idakorea.ee\/en\/wp-json\/wp\/v2\/product\/14610","targetHints":{"allow":["GET"]}}],"collection":[{"href":"https:\/\/idakorea.ee\/en\/wp-json\/wp\/v2\/product"}],"about":[{"href":"https:\/\/idakorea.ee\/en\/wp-json\/wp\/v2\/types\/product"}],"replies":[{"embeddable":true,"href":"https:\/\/idakorea.ee\/en\/wp-json\/wp\/v2\/comments?post=14610"}],"version-history":[{"count":1,"href":"https:\/\/idakorea.ee\/en\/wp-json\/wp\/v2\/product\/14610\/revisions"}],"predecessor-version":[{"id":14614,"href":"https:\/\/idakorea.ee\/en\/wp-json\/wp\/v2\/product\/14610\/revisions\/14614"}],"wp:featuredmedia":[{"embeddable":true,"href":"https:\/\/idakorea.ee\/en\/wp-json\/wp\/v2\/media\/14611"}],"wp:attachment":[{"href":"https:\/\/idakorea.ee\/en\/wp-json\/wp\/v2\/media?parent=14610"}],"wp:term":[{"taxonomy":"pwb-brand","embeddable":true,"href":"https:\/\/idakorea.ee\/en\/wp-json\/wp\/v2\/pwb-brand?post=14610"},{"taxonomy":"product_brand","embeddable":true,"href":"https:\/\/idakorea.ee\/en\/wp-json\/wp\/v2\/product_brand?post=14610"},{"taxonomy":"product_cat","embeddable":true,"href":"https:\/\/idakorea.ee\/en\/wp-json\/wp\/v2\/product_cat?post=14610"},{"taxonomy":"product_tag","embeddable":true,"href":"https:\/\/idakorea.ee\/en\/wp-json\/wp\/v2\/product_tag?post=14610"}],"curies":[{"name":"wp","href":"https:\/\/api.w.org\/{rel}","templated":true}]}}