{"id":14642,"date":"2025-06-12T15:04:01","date_gmt":"2025-06-12T12:04:01","guid":{"rendered":"https:\/\/idakorea.ee\/?post_type=product&#038;p=14642"},"modified":"2026-01-29T16:54:17","modified_gmt":"2026-01-29T14:54:17","slug":"kundal-protein-bonding-care-treatment-250ml","status":"publish","type":"product","link":"https:\/\/idakorea.ee\/en\/product\/kundal-protein-bonding-care-treatment-250ml\/","title":{"rendered":"Hair Mask Kundal Protein Bonding Care Treatment, 250ml"},"content":{"rendered":"<p data-start=\"34\" data-end=\"305\"><strong data-start=\"34\" data-end=\"75\">Kundal Protein Bonding Care Treatment<\/strong> \u2013 hair mask restores shine to damaged hair and effectively nourishes it. Extracts of Provence rose, tulip and hibiscus make lifeless and frizzy hair beautifully shiny and healthy-looking \u2013 just like after a visit to the salon!<\/p>\n<p data-start=\"307\" data-end=\"683\">Innovative <strong data-start=\"320\" data-end=\"343\">Double Care Bonding<\/strong> technology effectively moisturizes, strengthens hair by adding protein bonds to the hair cuticle and protects against heat treatment from the first use. The mask is gentle and rich in nutrients, including rice protein and jojoba and camellia oils, which care for hair from root to tip. The result is silky soft and shiny hair!<\/p>\n<p data-start=\"685\" data-end=\"907\">Vegan hair mask reveals enchanting <strong data-start=\"722\" data-end=\"739\">Violet Muguet<\/strong> A fragrance that combines powdery, sweet and slightly spicy floral notes. Sweet violet and fresh lily of the valley create a beautiful interpretation of spring blossoms.<\/p>\n<p data-start=\"909\" data-end=\"924\"><strong data-start=\"909\" data-end=\"924\">Usage:<\/strong><\/p>\n<p data-start=\"909\" data-end=\"924\">Apply an appropriate amount of mask to hair. Massage gently. Leave on for 2-3 minutes and rinse thoroughly.<\/p>","protected":false},"excerpt":{"rendered":"<p>Kundal Protein Bonding Care Treatment \u2013 hair mask restores shine to damaged hair and nourishes it effectively. Extracts of Provence rose, tulip and hibiscus make lifeless and frizzy hair beautifully shiny and healthy-looking \u2013 just like after a visit to the salon! Innovative Double Care Bonding technology effectively moisturizes, strengthens hair by adding protein bonds to the hair cuticle and protects against heat treatment from the first\u2026<\/p>","protected":false},"featured_media":14643,"comment_status":"open","ping_status":"closed","template":"","meta":{"_uf_show_specific_survey":0,"_uf_disable_surveys":false,"_bst_post_transparent":"default","_bst_post_title":"","_bst_post_layout":"default","_bst_post_sidebar_id":"","_bst_post_content_style":"default","_bst_post_vertical_padding":"default","_bst_post_feature":"","_bst_post_feature_position":"","_bst_post_header":false,"_bst_post_footer":false},"pwb-brand":[924],"product_brand":[],"product_cat":[923],"product_tag":[937,925,614],"class_list":{"0":"post-14642","1":"product","2":"type-product","3":"status-publish","4":"has-post-thumbnail","6":"pwb-brand-kundal","7":"product_cat-juuksed","8":"product_tag-juuksemask","9":"product_tag-kundal","10":"product_tag-mask","12":"first","13":"outofstock","14":"sale","15":"shipping-taxable","16":"purchasable","17":"product-type-simple","18":"entry","19":"content-bg","20":"loop-entry"},"supplier_id":null,"supplier_sku":"","barcode":null,"atum_controlled":true,"out_stock_date":"2025-11-21 11:18:19","out_stock_threshold":null,"inheritable":false,"inbound_stock":0,"stock_on_hold":0,"sold_today":0,"sales_last_days":0,"out_stock_days":143,"lost_sales":0,"has_location":false,"update_date":"2026-04-14T00:05:05","atum_locations":[],"atum_stock_status":"outofstock","restock_status":false,"low_stock_amount":"","sales_update_date":"2026-04-14T00:05:05","calc_backorders":null,"yoast_head":"<!-- This site is optimized with the Yoast SEO plugin v27.2 - https:\/\/yoast.com\/product\/yoast-seo-wordpress\/ -->\n<title>Kundal Protein Bonding Care Treatment, 250ml - IDA.KOREA<\/title>\n<meta name=\"description\" content=\"Kundal Protein Bonding Care Treatment \u2013 juuksemask taastab s\u00e4ra kahjustatud juustele ja toidab neid t\u00f5husalt - just nagu p\u00e4rast salongi k\u00fclastust!\" \/>\n<meta name=\"robots\" content=\"index, follow, max-snippet:-1, max-image-preview:large, max-video-preview:-1\" \/>\n<link rel=\"canonical\" href=\"https:\/\/idakorea.ee\/en\/product\/kundal-protein-bonding-care-treatment-250ml\/\" \/>\n<meta property=\"og:locale\" content=\"en_US\" \/>\n<meta property=\"og:type\" content=\"article\" \/>\n<meta property=\"og:title\" content=\"Kundal Protein Bonding Care Treatment, 250ml - IDA.KOREA\" \/>\n<meta property=\"og:description\" content=\"Kundal Protein Bonding Care Treatment \u2013 juuksemask taastab s\u00e4ra kahjustatud juustele ja toidab neid t\u00f5husalt - just nagu p\u00e4rast salongi k\u00fclastust!\" \/>\n<meta property=\"og:url\" content=\"https:\/\/idakorea.ee\/en\/product\/kundal-protein-bonding-care-treatment-250ml\/\" \/>\n<meta property=\"og:site_name\" content=\"IDA.KOREA\" \/>\n<meta property=\"article:modified_time\" content=\"2026-01-29T14:54:17+00:00\" \/>\n<meta property=\"og:image\" content=\"https:\/\/idakorea.ee\/wp-content\/uploads\/2025\/06\/kundal-protein-bonding-treatment-idakorea.ee_.webp\" \/>\n\t<meta property=\"og:image:width\" content=\"800\" \/>\n\t<meta property=\"og:image:height\" content=\"800\" \/>\n\t<meta property=\"og:image:type\" content=\"image\/webp\" \/>\n<meta name=\"twitter:card\" content=\"summary_large_image\" \/>\n<meta name=\"twitter:label1\" content=\"Est. reading time\" \/>\n\t<meta name=\"twitter:data1\" content=\"1 minute\" \/>\n<script type=\"application\/ld+json\" class=\"yoast-schema-graph\">{\"@context\":\"https:\/\/schema.org\",\"@graph\":[{\"@type\":\"WebPage\",\"@id\":\"https:\/\/idakorea.ee\/product\/kundal-protein-bonding-care-treatment-250ml\/\",\"url\":\"https:\/\/idakorea.ee\/product\/kundal-protein-bonding-care-treatment-250ml\/\",\"name\":\"Kundal Protein Bonding Care Treatment, 250ml - IDA.KOREA\",\"isPartOf\":{\"@id\":\"https:\/\/idakorea.ee\/#website\"},\"primaryImageOfPage\":{\"@id\":\"https:\/\/idakorea.ee\/product\/kundal-protein-bonding-care-treatment-250ml\/#primaryimage\"},\"image\":{\"@id\":\"https:\/\/idakorea.ee\/product\/kundal-protein-bonding-care-treatment-250ml\/#primaryimage\"},\"thumbnailUrl\":\"https:\/\/idakorea.ee\/wp-content\/uploads\/2025\/06\/kundal-protein-bonding-treatment-idakorea.ee_.webp\",\"datePublished\":\"2025-06-12T12:04:01+00:00\",\"dateModified\":\"2026-01-29T14:54:17+00:00\",\"description\":\"Kundal Protein Bonding Care Treatment \u2013 juuksemask taastab s\u00e4ra kahjustatud juustele ja toidab neid t\u00f5husalt - just nagu p\u00e4rast salongi k\u00fclastust!\",\"breadcrumb\":{\"@id\":\"https:\/\/idakorea.ee\/product\/kundal-protein-bonding-care-treatment-250ml\/#breadcrumb\"},\"inLanguage\":\"en-US\",\"potentialAction\":[{\"@type\":\"ReadAction\",\"target\":[\"https:\/\/idakorea.ee\/product\/kundal-protein-bonding-care-treatment-250ml\/\"]}]},{\"@type\":\"ImageObject\",\"inLanguage\":\"en-US\",\"@id\":\"https:\/\/idakorea.ee\/product\/kundal-protein-bonding-care-treatment-250ml\/#primaryimage\",\"url\":\"https:\/\/idakorea.ee\/wp-content\/uploads\/2025\/06\/kundal-protein-bonding-treatment-idakorea.ee_.webp\",\"contentUrl\":\"https:\/\/idakorea.ee\/wp-content\/uploads\/2025\/06\/kundal-protein-bonding-treatment-idakorea.ee_.webp\",\"width\":800,\"height\":800},{\"@type\":\"BreadcrumbList\",\"@id\":\"https:\/\/idakorea.ee\/product\/kundal-protein-bonding-care-treatment-250ml\/#breadcrumb\",\"itemListElement\":[{\"@type\":\"ListItem\",\"position\":1,\"name\":\"\u0413\u043b\u0430\u0432\u043d\u0430\u044f \u0441\u0442\u0440\u0430\u043d\u0438\u0446\u0430\",\"item\":\"https:\/\/idakorea.ee\/\"},{\"@type\":\"ListItem\",\"position\":2,\"name\":\"Shop\",\"item\":\"https:\/\/idakorea.ee\/shop-2\/\"},{\"@type\":\"ListItem\",\"position\":3,\"name\":\"Juuksemask Kundal Protein Bonding Care Treatment, 250ml\"}]},{\"@type\":\"WebSite\",\"@id\":\"https:\/\/idakorea.ee\/#website\",\"url\":\"https:\/\/idakorea.ee\/\",\"name\":\"IDA.KOREA\",\"description\":\"Korea kosmeetika e-pood\",\"publisher\":{\"@id\":\"https:\/\/idakorea.ee\/#organization\"},\"alternateName\":\"Beauty Shop\",\"potentialAction\":[{\"@type\":\"SearchAction\",\"target\":{\"@type\":\"EntryPoint\",\"urlTemplate\":\"https:\/\/idakorea.ee\/?s={search_term_string}\"},\"query-input\":{\"@type\":\"PropertyValueSpecification\",\"valueRequired\":true,\"valueName\":\"search_term_string\"}}],\"inLanguage\":\"en-US\"},{\"@type\":\"Organization\",\"@id\":\"https:\/\/idakorea.ee\/#organization\",\"name\":\"IDA.KOREA\",\"url\":\"https:\/\/idakorea.ee\/\",\"logo\":{\"@type\":\"ImageObject\",\"inLanguage\":\"en-US\",\"@id\":\"https:\/\/idakorea.ee\/#\/schema\/logo\/image\/\",\"url\":\"https:\/\/idakorea.ee\/wp-content\/uploads\/2024\/05\/cropped-korea3.png\",\"contentUrl\":\"https:\/\/idakorea.ee\/wp-content\/uploads\/2024\/05\/cropped-korea3.png\",\"width\":688,\"height\":126,\"caption\":\"IDA.KOREA\"},\"image\":{\"@id\":\"https:\/\/idakorea.ee\/#\/schema\/logo\/image\/\"},\"sameAs\":[\"https:\/\/www.instagram.com\/ida.korea\/\"]}]}<\/script>\n<!-- \/ Yoast SEO plugin. -->","yoast_head_json":{"title":"Kundal Protein Bonding Care Treatment, 250ml - IDA.KOREA","description":"Kundal Protein Bonding Care Treatment \u2013 hair mask restores shine to damaged hair and nourishes it effectively - just like after a visit to the salon!","robots":{"index":"index","follow":"follow","max-snippet":"max-snippet:-1","max-image-preview":"max-image-preview:large","max-video-preview":"max-video-preview:-1"},"canonical":"https:\/\/idakorea.ee\/en\/product\/kundal-protein-bonding-care-treatment-250ml\/","og_locale":"en_US","og_type":"article","og_title":"Kundal Protein Bonding Care Treatment, 250ml - IDA.KOREA","og_description":"Kundal Protein Bonding Care Treatment \u2013 juuksemask taastab s\u00e4ra kahjustatud juustele ja toidab neid t\u00f5husalt - just nagu p\u00e4rast salongi k\u00fclastust!","og_url":"https:\/\/idakorea.ee\/en\/product\/kundal-protein-bonding-care-treatment-250ml\/","og_site_name":"IDA.KOREA","article_modified_time":"2026-01-29T14:54:17+00:00","og_image":[{"width":800,"height":800,"url":"https:\/\/idakorea.ee\/wp-content\/uploads\/2025\/06\/kundal-protein-bonding-treatment-idakorea.ee_.webp","type":"image\/webp"}],"twitter_card":"summary_large_image","twitter_misc":{"Est. reading time":"1 minute"},"schema":{"@context":"https:\/\/schema.org","@graph":[{"@type":"WebPage","@id":"https:\/\/idakorea.ee\/product\/kundal-protein-bonding-care-treatment-250ml\/","url":"https:\/\/idakorea.ee\/product\/kundal-protein-bonding-care-treatment-250ml\/","name":"Kundal Protein Bonding Care Treatment, 250ml - IDA.KOREA","isPartOf":{"@id":"https:\/\/idakorea.ee\/#website"},"primaryImageOfPage":{"@id":"https:\/\/idakorea.ee\/product\/kundal-protein-bonding-care-treatment-250ml\/#primaryimage"},"image":{"@id":"https:\/\/idakorea.ee\/product\/kundal-protein-bonding-care-treatment-250ml\/#primaryimage"},"thumbnailUrl":"https:\/\/idakorea.ee\/wp-content\/uploads\/2025\/06\/kundal-protein-bonding-treatment-idakorea.ee_.webp","datePublished":"2025-06-12T12:04:01+00:00","dateModified":"2026-01-29T14:54:17+00:00","description":"Kundal Protein Bonding Care Treatment \u2013 hair mask restores shine to damaged hair and nourishes it effectively - just like after a visit to the salon!","breadcrumb":{"@id":"https:\/\/idakorea.ee\/product\/kundal-protein-bonding-care-treatment-250ml\/#breadcrumb"},"inLanguage":"en-US","potentialAction":[{"@type":"ReadAction","target":["https:\/\/idakorea.ee\/product\/kundal-protein-bonding-care-treatment-250ml\/"]}]},{"@type":"ImageObject","inLanguage":"en-US","@id":"https:\/\/idakorea.ee\/product\/kundal-protein-bonding-care-treatment-250ml\/#primaryimage","url":"https:\/\/idakorea.ee\/wp-content\/uploads\/2025\/06\/kundal-protein-bonding-treatment-idakorea.ee_.webp","contentUrl":"https:\/\/idakorea.ee\/wp-content\/uploads\/2025\/06\/kundal-protein-bonding-treatment-idakorea.ee_.webp","width":800,"height":800},{"@type":"BreadcrumbList","@id":"https:\/\/idakorea.ee\/product\/kundal-protein-bonding-care-treatment-250ml\/#breadcrumb","itemListElement":[{"@type":"ListItem","position":1,"name":"\u0413\u043b\u0430\u0432\u043d\u0430\u044f \u0441\u0442\u0440\u0430\u043d\u0438\u0446\u0430","item":"https:\/\/idakorea.ee\/"},{"@type":"ListItem","position":2,"name":"Shop","item":"https:\/\/idakorea.ee\/shop-2\/"},{"@type":"ListItem","position":3,"name":"Juuksemask Kundal Protein Bonding Care Treatment, 250ml"}]},{"@type":"WebSite","@id":"https:\/\/idakorea.ee\/#website","url":"https:\/\/idakorea.ee\/","name":"IDA.KOREA","description":"Korean cosmetics e-shop","publisher":{"@id":"https:\/\/idakorea.ee\/#organization"},"alternateName":"Beauty Shop","potentialAction":[{"@type":"SearchAction","target":{"@type":"EntryPoint","urlTemplate":"https:\/\/idakorea.ee\/?s={search_term_string}"},"query-input":{"@type":"PropertyValueSpecification","valueRequired":true,"valueName":"search_term_string"}}],"inLanguage":"en-US"},{"@type":"Organization","@id":"https:\/\/idakorea.ee\/#organization","name":"IDA.KOREA","url":"https:\/\/idakorea.ee\/","logo":{"@type":"ImageObject","inLanguage":"en-US","@id":"https:\/\/idakorea.ee\/#\/schema\/logo\/image\/","url":"https:\/\/idakorea.ee\/wp-content\/uploads\/2024\/05\/cropped-korea3.png","contentUrl":"https:\/\/idakorea.ee\/wp-content\/uploads\/2024\/05\/cropped-korea3.png","width":688,"height":126,"caption":"IDA.KOREA"},"image":{"@id":"https:\/\/idakorea.ee\/#\/schema\/logo\/image\/"},"sameAs":["https:\/\/www.instagram.com\/ida.korea\/"]}]}},"jetpack_sharing_enabled":true,"brands":[{"id":924,"name":"KUNDAL","slug":"kundal"}],"_links":{"self":[{"href":"https:\/\/idakorea.ee\/en\/wp-json\/wp\/v2\/product\/14642","targetHints":{"allow":["GET"]}}],"collection":[{"href":"https:\/\/idakorea.ee\/en\/wp-json\/wp\/v2\/product"}],"about":[{"href":"https:\/\/idakorea.ee\/en\/wp-json\/wp\/v2\/types\/product"}],"replies":[{"embeddable":true,"href":"https:\/\/idakorea.ee\/en\/wp-json\/wp\/v2\/comments?post=14642"}],"version-history":[{"count":3,"href":"https:\/\/idakorea.ee\/en\/wp-json\/wp\/v2\/product\/14642\/revisions"}],"predecessor-version":[{"id":15016,"href":"https:\/\/idakorea.ee\/en\/wp-json\/wp\/v2\/product\/14642\/revisions\/15016"}],"wp:featuredmedia":[{"embeddable":true,"href":"https:\/\/idakorea.ee\/en\/wp-json\/wp\/v2\/media\/14643"}],"wp:attachment":[{"href":"https:\/\/idakorea.ee\/en\/wp-json\/wp\/v2\/media?parent=14642"}],"wp:term":[{"taxonomy":"pwb-brand","embeddable":true,"href":"https:\/\/idakorea.ee\/en\/wp-json\/wp\/v2\/pwb-brand?post=14642"},{"taxonomy":"product_brand","embeddable":true,"href":"https:\/\/idakorea.ee\/en\/wp-json\/wp\/v2\/product_brand?post=14642"},{"taxonomy":"product_cat","embeddable":true,"href":"https:\/\/idakorea.ee\/en\/wp-json\/wp\/v2\/product_cat?post=14642"},{"taxonomy":"product_tag","embeddable":true,"href":"https:\/\/idakorea.ee\/en\/wp-json\/wp\/v2\/product_tag?post=14642"}],"curies":[{"name":"wp","href":"https:\/\/api.w.org\/{rel}","templated":true}]}}