{"id":14652,"date":"2025-06-12T18:51:07","date_gmt":"2025-06-12T15:51:07","guid":{"rendered":"https:\/\/idakorea.ee\/?post_type=product&#038;p=14652"},"modified":"2026-01-29T16:54:11","modified_gmt":"2026-01-29T14:54:11","slug":"kundal-protein-bonding-care-hair-mist-serum-150ml","status":"publish","type":"product","link":"https:\/\/idakorea.ee\/en\/product\/kundal-protein-bonding-care-hair-mist-serum-150ml\/","title":{"rendered":"Kundal Protein Bonding Care Hair Mist Serum, 150ml"},"content":{"rendered":"<p>Thanks to its gentle vegan formula and carefully selected ingredients, this serum promises to deliver remarkable results in just 14 days. The blend of plant extracts and nutrients provides deep hydration, prevents hair damage, and contributes to hair health and shine.<\/p>\n<p><strong>Main features:<\/strong><\/p>\n<ul>\n<li><strong>Deep hydration:<\/strong> The rose, hibiscus extract and ceramics in the formula intensely moisturize, keeping hair moisturized and vibrant.<\/li>\n<li><strong>Restoration and strengthening:<\/strong> Tulip extract and protein complex restore hair&#039;s strength and elasticity, making it soft and more resistant to damage.<\/li>\n<li><strong>Preventing split ends:<\/strong> helps maintain the integrity of hair ends and reduces split ends, smoothes texture.<\/li>\n<li><strong>Heat protection:<\/strong> protects hair from heat up to 230\u00b0C, creating a protective barrier against heat styling products.<\/li>\n<li><strong>Environmental impact protection:<\/strong> forms a protective layer that reduces hair breakage and loss and protects against UV radiation.<\/li>\n<li><strong>Texture smoothing:<\/strong> makes hair smooth and silky.<\/li>\n<\/ul>\n<p><strong>Active ingredients:<\/strong><\/p>\n<ul>\n<li><strong>Rose extract<\/strong> \u2013 softens, reduces frizz, adds shine, prevents split ends, deeply moisturizes.<\/li>\n<li><strong>Hibiscus flower extract<\/strong> \u2013 adds volume and moisturizes.<\/li>\n<li><strong>Tulip extract<\/strong> \u2013 strengthens the protein structure of hair.<\/li>\n<li><strong>Panthenol (provitamin B5)<\/strong> \u2013 moisturizes and adds shine, helps maintain moisture balance.<\/li>\n<li><strong>Ceramides<\/strong> \u2013 protect the hair&#039;s natural moisture barrier.<\/li>\n<li><strong>Protein complex<\/strong> \u2013 enriches hair with amino acids and silk proteins, strengthening and restoring them.<\/li>\n<\/ul>\n<p><strong>Suitable for: <\/strong>For damaged hair, dry hair, brittle or easily broken hair, hair with split ends.<\/p>\n<p><strong>Scent description:<\/strong><\/p>\n<ul>\n<li>Top notes: bergamot<\/li>\n<li>Heart notes: white lily, violet<\/li>\n<li>Base notes: vanilla<\/li>\n<\/ul>\n<p><strong>Usage:<\/strong><\/p>\n<p>Shake the bottle before use to mix the ingredients. Spray onto damp or dry hair from a distance of 10-20 cm. Style or dry naturally or with a hairdryer.<\/p>","protected":false},"excerpt":{"rendered":"<p>Thanks to its gentle vegan formula and carefully selected ingredients, this serum promises to bring significant results in just 14 days. The blend of plant extracts and nutrients ensures deep hydration, prevents hair damage and contributes to hair health and shine. Key features: Deep hydration: rose, hibiscus extract and ceramics in the formula moisturize intensively, keeping hair hydrated and vibrant. Restoration and strengthening: tulip extract\u2026<\/p>","protected":false},"featured_media":14653,"comment_status":"open","ping_status":"closed","template":"","meta":{"_uf_show_specific_survey":0,"_uf_disable_surveys":false,"_bst_post_transparent":"default","_bst_post_title":"","_bst_post_layout":"default","_bst_post_sidebar_id":"","_bst_post_content_style":"default","_bst_post_vertical_padding":"default","_bst_post_feature":"","_bst_post_feature_position":"","_bst_post_header":false,"_bst_post_footer":false},"pwb-brand":[924],"product_brand":[],"product_cat":[923],"product_tag":[],"class_list":{"0":"post-14652","1":"product","2":"type-product","3":"status-publish","4":"has-post-thumbnail","6":"pwb-brand-kundal","7":"product_cat-juuksed","9":"first","10":"outofstock","11":"sale","12":"shipping-taxable","13":"purchasable","14":"product-type-simple","15":"entry","16":"content-bg","17":"loop-entry"},"supplier_id":null,"supplier_sku":"","barcode":null,"atum_controlled":true,"out_stock_date":"2026-01-09 15:30:06","out_stock_threshold":null,"inheritable":false,"inbound_stock":0,"stock_on_hold":0,"sold_today":0,"sales_last_days":0,"out_stock_days":95,"lost_sales":297,"has_location":false,"update_date":"2026-04-15T00:05:10","atum_locations":[],"atum_stock_status":"outofstock","restock_status":false,"low_stock_amount":"","sales_update_date":"2026-04-15T00:05:10","calc_backorders":null,"yoast_head":"<!-- This site is optimized with the Yoast SEO plugin v27.2 - https:\/\/yoast.com\/product\/yoast-seo-wordpress\/ -->\n<title>Kundal Protein Bonding Care Hair Mist Serum, 150ml - IDA.KOREA<\/title>\n<meta name=\"description\" content=\"Kundal seerum niisutab, tugevdab ja kaitseb juukseid kuumuse ja keskkonnam\u00f5jude eest. Tulemuseks on siledad, s\u00e4ravad ja terved juuksed juba 14 p\u00e4evaga.\" \/>\n<meta name=\"robots\" content=\"index, follow, max-snippet:-1, max-image-preview:large, max-video-preview:-1\" \/>\n<link rel=\"canonical\" href=\"https:\/\/idakorea.ee\/en\/product\/kundal-protein-bonding-care-hair-mist-serum-150ml\/\" \/>\n<meta property=\"og:locale\" content=\"en_US\" \/>\n<meta property=\"og:type\" content=\"article\" \/>\n<meta property=\"og:title\" content=\"Kundal Protein Bonding Care Hair Mist Serum, 150ml - IDA.KOREA\" \/>\n<meta property=\"og:description\" content=\"Kundal seerum niisutab, tugevdab ja kaitseb juukseid kuumuse ja keskkonnam\u00f5jude eest. Tulemuseks on siledad, s\u00e4ravad ja terved juuksed juba 14 p\u00e4evaga.\" \/>\n<meta property=\"og:url\" content=\"https:\/\/idakorea.ee\/en\/product\/kundal-protein-bonding-care-hair-mist-serum-150ml\/\" \/>\n<meta property=\"og:site_name\" content=\"IDA.KOREA\" \/>\n<meta property=\"article:modified_time\" content=\"2026-01-29T14:54:11+00:00\" \/>\n<meta property=\"og:image\" content=\"https:\/\/idakorea.ee\/wp-content\/uploads\/2025\/06\/kundal-protein-bonding-hair-mist-serum-idakorea.ee_.webp\" \/>\n\t<meta property=\"og:image:width\" content=\"800\" \/>\n\t<meta property=\"og:image:height\" content=\"800\" \/>\n\t<meta property=\"og:image:type\" content=\"image\/webp\" \/>\n<meta name=\"twitter:card\" content=\"summary_large_image\" \/>\n<meta name=\"twitter:label1\" content=\"Est. reading time\" \/>\n\t<meta name=\"twitter:data1\" content=\"2 minutes\" \/>\n<script type=\"application\/ld+json\" class=\"yoast-schema-graph\">{\"@context\":\"https:\/\/schema.org\",\"@graph\":[{\"@type\":\"WebPage\",\"@id\":\"https:\/\/idakorea.ee\/product\/kundal-protein-bonding-care-hair-mist-serum-150ml\/\",\"url\":\"https:\/\/idakorea.ee\/product\/kundal-protein-bonding-care-hair-mist-serum-150ml\/\",\"name\":\"Kundal Protein Bonding Care Hair Mist Serum, 150ml - IDA.KOREA\",\"isPartOf\":{\"@id\":\"https:\/\/idakorea.ee\/#website\"},\"primaryImageOfPage\":{\"@id\":\"https:\/\/idakorea.ee\/product\/kundal-protein-bonding-care-hair-mist-serum-150ml\/#primaryimage\"},\"image\":{\"@id\":\"https:\/\/idakorea.ee\/product\/kundal-protein-bonding-care-hair-mist-serum-150ml\/#primaryimage\"},\"thumbnailUrl\":\"https:\/\/idakorea.ee\/wp-content\/uploads\/2025\/06\/kundal-protein-bonding-hair-mist-serum-idakorea.ee_.webp\",\"datePublished\":\"2025-06-12T15:51:07+00:00\",\"dateModified\":\"2026-01-29T14:54:11+00:00\",\"description\":\"Kundal seerum niisutab, tugevdab ja kaitseb juukseid kuumuse ja keskkonnam\u00f5jude eest. Tulemuseks on siledad, s\u00e4ravad ja terved juuksed juba 14 p\u00e4evaga.\",\"breadcrumb\":{\"@id\":\"https:\/\/idakorea.ee\/product\/kundal-protein-bonding-care-hair-mist-serum-150ml\/#breadcrumb\"},\"inLanguage\":\"en-US\",\"potentialAction\":[{\"@type\":\"ReadAction\",\"target\":[\"https:\/\/idakorea.ee\/product\/kundal-protein-bonding-care-hair-mist-serum-150ml\/\"]}]},{\"@type\":\"ImageObject\",\"inLanguage\":\"en-US\",\"@id\":\"https:\/\/idakorea.ee\/product\/kundal-protein-bonding-care-hair-mist-serum-150ml\/#primaryimage\",\"url\":\"https:\/\/idakorea.ee\/wp-content\/uploads\/2025\/06\/kundal-protein-bonding-hair-mist-serum-idakorea.ee_.webp\",\"contentUrl\":\"https:\/\/idakorea.ee\/wp-content\/uploads\/2025\/06\/kundal-protein-bonding-hair-mist-serum-idakorea.ee_.webp\",\"width\":800,\"height\":800},{\"@type\":\"BreadcrumbList\",\"@id\":\"https:\/\/idakorea.ee\/product\/kundal-protein-bonding-care-hair-mist-serum-150ml\/#breadcrumb\",\"itemListElement\":[{\"@type\":\"ListItem\",\"position\":1,\"name\":\"\u0413\u043b\u0430\u0432\u043d\u0430\u044f \u0441\u0442\u0440\u0430\u043d\u0438\u0446\u0430\",\"item\":\"https:\/\/idakorea.ee\/\"},{\"@type\":\"ListItem\",\"position\":2,\"name\":\"Shop\",\"item\":\"https:\/\/idakorea.ee\/shop-2\/\"},{\"@type\":\"ListItem\",\"position\":3,\"name\":\"Taastav juukseseerum kuumakaitsega Kundal Protein Bonding Care Hair Mist Serum, 150ml\"}]},{\"@type\":\"WebSite\",\"@id\":\"https:\/\/idakorea.ee\/#website\",\"url\":\"https:\/\/idakorea.ee\/\",\"name\":\"IDA.KOREA\",\"description\":\"Korea kosmeetika e-pood\",\"publisher\":{\"@id\":\"https:\/\/idakorea.ee\/#organization\"},\"alternateName\":\"Beauty Shop\",\"potentialAction\":[{\"@type\":\"SearchAction\",\"target\":{\"@type\":\"EntryPoint\",\"urlTemplate\":\"https:\/\/idakorea.ee\/?s={search_term_string}\"},\"query-input\":{\"@type\":\"PropertyValueSpecification\",\"valueRequired\":true,\"valueName\":\"search_term_string\"}}],\"inLanguage\":\"en-US\"},{\"@type\":\"Organization\",\"@id\":\"https:\/\/idakorea.ee\/#organization\",\"name\":\"IDA.KOREA\",\"url\":\"https:\/\/idakorea.ee\/\",\"logo\":{\"@type\":\"ImageObject\",\"inLanguage\":\"en-US\",\"@id\":\"https:\/\/idakorea.ee\/#\/schema\/logo\/image\/\",\"url\":\"https:\/\/idakorea.ee\/wp-content\/uploads\/2024\/05\/cropped-korea3.png\",\"contentUrl\":\"https:\/\/idakorea.ee\/wp-content\/uploads\/2024\/05\/cropped-korea3.png\",\"width\":688,\"height\":126,\"caption\":\"IDA.KOREA\"},\"image\":{\"@id\":\"https:\/\/idakorea.ee\/#\/schema\/logo\/image\/\"},\"sameAs\":[\"https:\/\/www.instagram.com\/ida.korea\/\"]}]}<\/script>\n<!-- \/ Yoast SEO plugin. -->","yoast_head_json":{"title":"Kundal Protein Bonding Care Hair Mist Serum, 150ml - IDA.KOREA","description":"Kundal Serum moisturizes, strengthens and protects hair from heat and environmental damage. The result is smooth, shiny and healthy hair in just 14 days.","robots":{"index":"index","follow":"follow","max-snippet":"max-snippet:-1","max-image-preview":"max-image-preview:large","max-video-preview":"max-video-preview:-1"},"canonical":"https:\/\/idakorea.ee\/en\/product\/kundal-protein-bonding-care-hair-mist-serum-150ml\/","og_locale":"en_US","og_type":"article","og_title":"Kundal Protein Bonding Care Hair Mist Serum, 150ml - IDA.KOREA","og_description":"Kundal seerum niisutab, tugevdab ja kaitseb juukseid kuumuse ja keskkonnam\u00f5jude eest. Tulemuseks on siledad, s\u00e4ravad ja terved juuksed juba 14 p\u00e4evaga.","og_url":"https:\/\/idakorea.ee\/en\/product\/kundal-protein-bonding-care-hair-mist-serum-150ml\/","og_site_name":"IDA.KOREA","article_modified_time":"2026-01-29T14:54:11+00:00","og_image":[{"width":800,"height":800,"url":"https:\/\/idakorea.ee\/wp-content\/uploads\/2025\/06\/kundal-protein-bonding-hair-mist-serum-idakorea.ee_.webp","type":"image\/webp"}],"twitter_card":"summary_large_image","twitter_misc":{"Est. reading time":"2 minutes"},"schema":{"@context":"https:\/\/schema.org","@graph":[{"@type":"WebPage","@id":"https:\/\/idakorea.ee\/product\/kundal-protein-bonding-care-hair-mist-serum-150ml\/","url":"https:\/\/idakorea.ee\/product\/kundal-protein-bonding-care-hair-mist-serum-150ml\/","name":"Kundal Protein Bonding Care Hair Mist Serum, 150ml - IDA.KOREA","isPartOf":{"@id":"https:\/\/idakorea.ee\/#website"},"primaryImageOfPage":{"@id":"https:\/\/idakorea.ee\/product\/kundal-protein-bonding-care-hair-mist-serum-150ml\/#primaryimage"},"image":{"@id":"https:\/\/idakorea.ee\/product\/kundal-protein-bonding-care-hair-mist-serum-150ml\/#primaryimage"},"thumbnailUrl":"https:\/\/idakorea.ee\/wp-content\/uploads\/2025\/06\/kundal-protein-bonding-hair-mist-serum-idakorea.ee_.webp","datePublished":"2025-06-12T15:51:07+00:00","dateModified":"2026-01-29T14:54:11+00:00","description":"Kundal Serum moisturizes, strengthens and protects hair from heat and environmental damage. The result is smooth, shiny and healthy hair in just 14 days.","breadcrumb":{"@id":"https:\/\/idakorea.ee\/product\/kundal-protein-bonding-care-hair-mist-serum-150ml\/#breadcrumb"},"inLanguage":"en-US","potentialAction":[{"@type":"ReadAction","target":["https:\/\/idakorea.ee\/product\/kundal-protein-bonding-care-hair-mist-serum-150ml\/"]}]},{"@type":"ImageObject","inLanguage":"en-US","@id":"https:\/\/idakorea.ee\/product\/kundal-protein-bonding-care-hair-mist-serum-150ml\/#primaryimage","url":"https:\/\/idakorea.ee\/wp-content\/uploads\/2025\/06\/kundal-protein-bonding-hair-mist-serum-idakorea.ee_.webp","contentUrl":"https:\/\/idakorea.ee\/wp-content\/uploads\/2025\/06\/kundal-protein-bonding-hair-mist-serum-idakorea.ee_.webp","width":800,"height":800},{"@type":"BreadcrumbList","@id":"https:\/\/idakorea.ee\/product\/kundal-protein-bonding-care-hair-mist-serum-150ml\/#breadcrumb","itemListElement":[{"@type":"ListItem","position":1,"name":"\u0413\u043b\u0430\u0432\u043d\u0430\u044f \u0441\u0442\u0440\u0430\u043d\u0438\u0446\u0430","item":"https:\/\/idakorea.ee\/"},{"@type":"ListItem","position":2,"name":"Shop","item":"https:\/\/idakorea.ee\/shop-2\/"},{"@type":"ListItem","position":3,"name":"Taastav juukseseerum kuumakaitsega Kundal Protein Bonding Care Hair Mist Serum, 150ml"}]},{"@type":"WebSite","@id":"https:\/\/idakorea.ee\/#website","url":"https:\/\/idakorea.ee\/","name":"IDA.KOREA","description":"Korean cosmetics e-shop","publisher":{"@id":"https:\/\/idakorea.ee\/#organization"},"alternateName":"Beauty Shop","potentialAction":[{"@type":"SearchAction","target":{"@type":"EntryPoint","urlTemplate":"https:\/\/idakorea.ee\/?s={search_term_string}"},"query-input":{"@type":"PropertyValueSpecification","valueRequired":true,"valueName":"search_term_string"}}],"inLanguage":"en-US"},{"@type":"Organization","@id":"https:\/\/idakorea.ee\/#organization","name":"IDA.KOREA","url":"https:\/\/idakorea.ee\/","logo":{"@type":"ImageObject","inLanguage":"en-US","@id":"https:\/\/idakorea.ee\/#\/schema\/logo\/image\/","url":"https:\/\/idakorea.ee\/wp-content\/uploads\/2024\/05\/cropped-korea3.png","contentUrl":"https:\/\/idakorea.ee\/wp-content\/uploads\/2024\/05\/cropped-korea3.png","width":688,"height":126,"caption":"IDA.KOREA"},"image":{"@id":"https:\/\/idakorea.ee\/#\/schema\/logo\/image\/"},"sameAs":["https:\/\/www.instagram.com\/ida.korea\/"]}]}},"jetpack_sharing_enabled":true,"brands":[{"id":924,"name":"KUNDAL","slug":"kundal"}],"_links":{"self":[{"href":"https:\/\/idakorea.ee\/en\/wp-json\/wp\/v2\/product\/14652","targetHints":{"allow":["GET"]}}],"collection":[{"href":"https:\/\/idakorea.ee\/en\/wp-json\/wp\/v2\/product"}],"about":[{"href":"https:\/\/idakorea.ee\/en\/wp-json\/wp\/v2\/types\/product"}],"replies":[{"embeddable":true,"href":"https:\/\/idakorea.ee\/en\/wp-json\/wp\/v2\/comments?post=14652"}],"version-history":[{"count":2,"href":"https:\/\/idakorea.ee\/en\/wp-json\/wp\/v2\/product\/14652\/revisions"}],"predecessor-version":[{"id":14812,"href":"https:\/\/idakorea.ee\/en\/wp-json\/wp\/v2\/product\/14652\/revisions\/14812"}],"wp:featuredmedia":[{"embeddable":true,"href":"https:\/\/idakorea.ee\/en\/wp-json\/wp\/v2\/media\/14653"}],"wp:attachment":[{"href":"https:\/\/idakorea.ee\/en\/wp-json\/wp\/v2\/media?parent=14652"}],"wp:term":[{"taxonomy":"pwb-brand","embeddable":true,"href":"https:\/\/idakorea.ee\/en\/wp-json\/wp\/v2\/pwb-brand?post=14652"},{"taxonomy":"product_brand","embeddable":true,"href":"https:\/\/idakorea.ee\/en\/wp-json\/wp\/v2\/product_brand?post=14652"},{"taxonomy":"product_cat","embeddable":true,"href":"https:\/\/idakorea.ee\/en\/wp-json\/wp\/v2\/product_cat?post=14652"},{"taxonomy":"product_tag","embeddable":true,"href":"https:\/\/idakorea.ee\/en\/wp-json\/wp\/v2\/product_tag?post=14652"}],"curies":[{"name":"wp","href":"https:\/\/api.w.org\/{rel}","templated":true}]}}