{"id":14688,"date":"2025-06-17T09:57:29","date_gmt":"2025-06-17T07:57:29","guid":{"rendered":"https:\/\/idakorea.ee\/?post_type=product&#038;p=14688"},"modified":"2026-03-21T21:54:27","modified_gmt":"2026-03-21T19:54:27","slug":"round-lab-birch-juice-moisturizing-cleansing-pad","status":"publish","type":"product","link":"https:\/\/idakorea.ee\/en\/product\/round-lab-birch-juice-moisturizing-cleansing-pad\/","title":{"rendered":"Round Lab Birch Juice Moisturizing Cleansing Pads, 60 pcs"},"content":{"rendered":"<p><strong>Round Lab Birch Juice Moisturizing Cleansing Pad <\/strong>The makeup remover pads gently remove all dirt, makeup and excess oil without damaging the skin&#039;s lipid barrier or irritating even the most sensitive and thin skin. The pads also remove sunscreen and makeup products and cleanse pores. They have a neutral pH level, do not dry out or create a feeling of tightness. After use, the skin remains soft, nourished and moisturized.<\/p>\n<p>The pads have a large diameter \u2014 8 cm \u2014 and are very comfortable to use. They are ideal for traveling or taking to the gym. Thanks to the rich essence-infused formula, makeup can be removed quickly and without water, providing deep hydration and a soothing effect on the skin.<\/p>\n<p><strong>Active ingredients:<\/strong><\/p>\n<ul>\n<li><strong>Birch sap (10,069 ppm):<\/strong> A rich source of minerals, trace elements and amino acids. Strengthens the skin&#039;s protective functions, reduces sensitivity and irritation, and promotes skin healing.<\/li>\n<li><strong>Pantenol:<\/strong> relieves redness and irritation, accelerates skin renewal and promotes wound healing.<\/li>\n<li><strong>Glyceryl glucoside:<\/strong> a derivative of glycerin and glucose that improves the function of aquaporins, helping the skin better absorb and retain moisture.<\/li>\n<li><strong>Hyaluronic acid:<\/strong> Penetrates deep into the skin, intensely moisturizes and creates a protective layer that reduces moisture loss.<\/li>\n<li><strong>Ascorbic acid (vitamin C):<\/strong> a powerful antioxidant that protects the skin from UV damage, stimulates collagen production and improves skin elasticity.<\/li>\n<\/ul>\n<p>&nbsp;<\/p>\n<p>Suitable for all skin types.<\/p>\n<p><strong>Usage:<\/strong> Gently wipe your skin with the pad to remove makeup and dirt. Then follow up with a gel or foam cleanser.<\/p>\n<p>&nbsp;<\/p>","protected":false},"excerpt":{"rendered":"<p>Round Lab Birch Juice Moisturizing Cleansing Pads gently remove all dirt, makeup and excess oil without damaging the skin&#039;s lipid barrier or irritating even the most sensitive and thin skin. The pads also remove sunscreen and makeup products and cleanse pores. They have a neutral pH level, do not dry out or create a feeling of tightness. After use, the skin is left soft, nourished and moisturized\u2026.<\/p>","protected":false},"featured_media":14689,"comment_status":"open","ping_status":"closed","template":"","meta":{"_uf_show_specific_survey":0,"_uf_disable_surveys":false,"_bst_post_transparent":"default","_bst_post_title":"","_bst_post_layout":"default","_bst_post_sidebar_id":"","_bst_post_content_style":"default","_bst_post_vertical_padding":"default","_bst_post_feature":"","_bst_post_feature_position":"","_bst_post_header":false,"_bst_post_footer":false},"pwb-brand":[645],"product_brand":[],"product_cat":[1029,92],"product_tag":[919,737],"class_list":{"0":"post-14688","1":"product","2":"type-product","3":"status-publish","4":"has-post-thumbnail","6":"pwb-brand-round-lab","7":"product_cat-meigieemaldus","8":"product_cat-nagu","9":"product_tag-birch","10":"product_tag-pad","12":"first","13":"outofstock","14":"sale","15":"shipping-taxable","16":"purchasable","17":"product-type-simple","18":"entry","19":"content-bg","20":"loop-entry"},"supplier_id":null,"supplier_sku":"","barcode":null,"atum_controlled":true,"out_stock_date":"2026-03-20 15:11:34","out_stock_threshold":null,"inheritable":false,"inbound_stock":0,"stock_on_hold":0,"sold_today":0,"sales_last_days":2,"out_stock_days":24,"lost_sales":136,"has_location":false,"update_date":"2026-04-14T00:05:09","atum_locations":[],"atum_stock_status":"outofstock","restock_status":false,"low_stock_amount":"","sales_update_date":"2026-04-14T00:05:09","calc_backorders":null,"yoast_head":"<!-- This site is optimized with the Yoast SEO plugin v27.2 - https:\/\/yoast.com\/product\/yoast-seo-wordpress\/ -->\n<title>Round Lab Birch Juice Moisturizing Cleansing Pad, 60tk - IDA.KOREA<\/title>\n<meta name=\"description\" content=\"Niisutavad ja rahustavad meigieemalduspadjad kase mahlaga. Eemaldavad \u00f5rnalt meigi, p\u00e4ikesekaitse ja mustuse, s\u00e4ilitades naha niiskustasakaalu. Kiire tarne!\" \/>\n<meta name=\"robots\" content=\"index, follow, max-snippet:-1, max-image-preview:large, max-video-preview:-1\" \/>\n<link rel=\"canonical\" href=\"https:\/\/idakorea.ee\/en\/product\/round-lab-birch-juice-moisturizing-cleansing-pad\/\" \/>\n<meta property=\"og:locale\" content=\"en_US\" \/>\n<meta property=\"og:type\" content=\"article\" \/>\n<meta property=\"og:title\" content=\"Round Lab Birch Juice Moisturizing Cleansing Pad, 60tk - IDA.KOREA\" \/>\n<meta property=\"og:description\" content=\"Niisutavad ja rahustavad meigieemalduspadjad kase mahlaga. Eemaldavad \u00f5rnalt meigi, p\u00e4ikesekaitse ja mustuse, s\u00e4ilitades naha niiskustasakaalu. Kiire tarne!\" \/>\n<meta property=\"og:url\" content=\"https:\/\/idakorea.ee\/en\/product\/round-lab-birch-juice-moisturizing-cleansing-pad\/\" \/>\n<meta property=\"og:site_name\" content=\"IDA.KOREA\" \/>\n<meta property=\"article:modified_time\" content=\"2026-03-21T19:54:27+00:00\" \/>\n<meta property=\"og:image\" content=\"https:\/\/idakorea.ee\/wp-content\/uploads\/2025\/06\/round-lab-birch-juice-moisturizing-cleansing-pad-idakorea.jpg\" \/>\n\t<meta property=\"og:image:width\" content=\"650\" \/>\n\t<meta property=\"og:image:height\" content=\"650\" \/>\n\t<meta property=\"og:image:type\" content=\"image\/jpeg\" \/>\n<meta name=\"twitter:card\" content=\"summary_large_image\" \/>\n<meta name=\"twitter:label1\" content=\"Est. reading time\" \/>\n\t<meta name=\"twitter:data1\" content=\"2 minutes\" \/>\n<script type=\"application\/ld+json\" class=\"yoast-schema-graph\">{\"@context\":\"https:\/\/schema.org\",\"@graph\":[{\"@type\":\"WebPage\",\"@id\":\"https:\/\/idakorea.ee\/product\/round-lab-birch-juice-moisturizing-cleansing-pad\/\",\"url\":\"https:\/\/idakorea.ee\/product\/round-lab-birch-juice-moisturizing-cleansing-pad\/\",\"name\":\"Round Lab Birch Juice Moisturizing Cleansing Pad, 60tk - IDA.KOREA\",\"isPartOf\":{\"@id\":\"https:\/\/idakorea.ee\/#website\"},\"primaryImageOfPage\":{\"@id\":\"https:\/\/idakorea.ee\/product\/round-lab-birch-juice-moisturizing-cleansing-pad\/#primaryimage\"},\"image\":{\"@id\":\"https:\/\/idakorea.ee\/product\/round-lab-birch-juice-moisturizing-cleansing-pad\/#primaryimage\"},\"thumbnailUrl\":\"https:\/\/idakorea.ee\/wp-content\/uploads\/2025\/06\/round-lab-birch-juice-moisturizing-cleansing-pad-idakorea.jpg\",\"datePublished\":\"2025-06-17T07:57:29+00:00\",\"dateModified\":\"2026-03-21T19:54:27+00:00\",\"description\":\"Niisutavad ja rahustavad meigieemalduspadjad kase mahlaga. Eemaldavad \u00f5rnalt meigi, p\u00e4ikesekaitse ja mustuse, s\u00e4ilitades naha niiskustasakaalu. Kiire tarne!\",\"breadcrumb\":{\"@id\":\"https:\/\/idakorea.ee\/product\/round-lab-birch-juice-moisturizing-cleansing-pad\/#breadcrumb\"},\"inLanguage\":\"en-US\",\"potentialAction\":[{\"@type\":\"ReadAction\",\"target\":[\"https:\/\/idakorea.ee\/product\/round-lab-birch-juice-moisturizing-cleansing-pad\/\"]}]},{\"@type\":\"ImageObject\",\"inLanguage\":\"en-US\",\"@id\":\"https:\/\/idakorea.ee\/product\/round-lab-birch-juice-moisturizing-cleansing-pad\/#primaryimage\",\"url\":\"https:\/\/idakorea.ee\/wp-content\/uploads\/2025\/06\/round-lab-birch-juice-moisturizing-cleansing-pad-idakorea.jpg\",\"contentUrl\":\"https:\/\/idakorea.ee\/wp-content\/uploads\/2025\/06\/round-lab-birch-juice-moisturizing-cleansing-pad-idakorea.jpg\",\"width\":650,\"height\":650},{\"@type\":\"BreadcrumbList\",\"@id\":\"https:\/\/idakorea.ee\/product\/round-lab-birch-juice-moisturizing-cleansing-pad\/#breadcrumb\",\"itemListElement\":[{\"@type\":\"ListItem\",\"position\":1,\"name\":\"\u0413\u043b\u0430\u0432\u043d\u0430\u044f \u0441\u0442\u0440\u0430\u043d\u0438\u0446\u0430\",\"item\":\"https:\/\/idakorea.ee\/\"},{\"@type\":\"ListItem\",\"position\":2,\"name\":\"Shop\",\"item\":\"https:\/\/idakorea.ee\/shop-2\/\"},{\"@type\":\"ListItem\",\"position\":3,\"name\":\"Meigieemalduspadjad Round Lab Birch Juice Moisturizing Cleansing Pad, 60tk\"}]},{\"@type\":\"WebSite\",\"@id\":\"https:\/\/idakorea.ee\/#website\",\"url\":\"https:\/\/idakorea.ee\/\",\"name\":\"IDA.KOREA\",\"description\":\"Korea kosmeetika e-pood\",\"publisher\":{\"@id\":\"https:\/\/idakorea.ee\/#organization\"},\"alternateName\":\"Beauty Shop\",\"potentialAction\":[{\"@type\":\"SearchAction\",\"target\":{\"@type\":\"EntryPoint\",\"urlTemplate\":\"https:\/\/idakorea.ee\/?s={search_term_string}\"},\"query-input\":{\"@type\":\"PropertyValueSpecification\",\"valueRequired\":true,\"valueName\":\"search_term_string\"}}],\"inLanguage\":\"en-US\"},{\"@type\":\"Organization\",\"@id\":\"https:\/\/idakorea.ee\/#organization\",\"name\":\"IDA.KOREA\",\"url\":\"https:\/\/idakorea.ee\/\",\"logo\":{\"@type\":\"ImageObject\",\"inLanguage\":\"en-US\",\"@id\":\"https:\/\/idakorea.ee\/#\/schema\/logo\/image\/\",\"url\":\"https:\/\/idakorea.ee\/wp-content\/uploads\/2024\/05\/cropped-korea3.png\",\"contentUrl\":\"https:\/\/idakorea.ee\/wp-content\/uploads\/2024\/05\/cropped-korea3.png\",\"width\":688,\"height\":126,\"caption\":\"IDA.KOREA\"},\"image\":{\"@id\":\"https:\/\/idakorea.ee\/#\/schema\/logo\/image\/\"},\"sameAs\":[\"https:\/\/www.instagram.com\/ida.korea\/\"]}]}<\/script>\n<!-- \/ Yoast SEO plugin. -->","yoast_head_json":{"title":"Round Lab Birch Juice Moisturizing Cleansing Pad, 60pcs - IDA.KOREA","description":"Moisturizing and soothing makeup removal pads with birch sap. Gently remove makeup, sunscreen and dirt, while maintaining the skin&#039;s moisture balance. Fast delivery!","robots":{"index":"index","follow":"follow","max-snippet":"max-snippet:-1","max-image-preview":"max-image-preview:large","max-video-preview":"max-video-preview:-1"},"canonical":"https:\/\/idakorea.ee\/en\/product\/round-lab-birch-juice-moisturizing-cleansing-pad\/","og_locale":"en_US","og_type":"article","og_title":"Round Lab Birch Juice Moisturizing Cleansing Pad, 60tk - IDA.KOREA","og_description":"Niisutavad ja rahustavad meigieemalduspadjad kase mahlaga. Eemaldavad \u00f5rnalt meigi, p\u00e4ikesekaitse ja mustuse, s\u00e4ilitades naha niiskustasakaalu. Kiire tarne!","og_url":"https:\/\/idakorea.ee\/en\/product\/round-lab-birch-juice-moisturizing-cleansing-pad\/","og_site_name":"IDA.KOREA","article_modified_time":"2026-03-21T19:54:27+00:00","og_image":[{"width":650,"height":650,"url":"https:\/\/idakorea.ee\/wp-content\/uploads\/2025\/06\/round-lab-birch-juice-moisturizing-cleansing-pad-idakorea.jpg","type":"image\/jpeg"}],"twitter_card":"summary_large_image","twitter_misc":{"Est. reading time":"2 minutes"},"schema":{"@context":"https:\/\/schema.org","@graph":[{"@type":"WebPage","@id":"https:\/\/idakorea.ee\/product\/round-lab-birch-juice-moisturizing-cleansing-pad\/","url":"https:\/\/idakorea.ee\/product\/round-lab-birch-juice-moisturizing-cleansing-pad\/","name":"Round Lab Birch Juice Moisturizing Cleansing Pad, 60pcs - IDA.KOREA","isPartOf":{"@id":"https:\/\/idakorea.ee\/#website"},"primaryImageOfPage":{"@id":"https:\/\/idakorea.ee\/product\/round-lab-birch-juice-moisturizing-cleansing-pad\/#primaryimage"},"image":{"@id":"https:\/\/idakorea.ee\/product\/round-lab-birch-juice-moisturizing-cleansing-pad\/#primaryimage"},"thumbnailUrl":"https:\/\/idakorea.ee\/wp-content\/uploads\/2025\/06\/round-lab-birch-juice-moisturizing-cleansing-pad-idakorea.jpg","datePublished":"2025-06-17T07:57:29+00:00","dateModified":"2026-03-21T19:54:27+00:00","description":"Moisturizing and soothing makeup removal pads with birch sap. Gently remove makeup, sunscreen and dirt, while maintaining the skin&#039;s moisture balance. Fast delivery!","breadcrumb":{"@id":"https:\/\/idakorea.ee\/product\/round-lab-birch-juice-moisturizing-cleansing-pad\/#breadcrumb"},"inLanguage":"en-US","potentialAction":[{"@type":"ReadAction","target":["https:\/\/idakorea.ee\/product\/round-lab-birch-juice-moisturizing-cleansing-pad\/"]}]},{"@type":"ImageObject","inLanguage":"en-US","@id":"https:\/\/idakorea.ee\/product\/round-lab-birch-juice-moisturizing-cleansing-pad\/#primaryimage","url":"https:\/\/idakorea.ee\/wp-content\/uploads\/2025\/06\/round-lab-birch-juice-moisturizing-cleansing-pad-idakorea.jpg","contentUrl":"https:\/\/idakorea.ee\/wp-content\/uploads\/2025\/06\/round-lab-birch-juice-moisturizing-cleansing-pad-idakorea.jpg","width":650,"height":650},{"@type":"BreadcrumbList","@id":"https:\/\/idakorea.ee\/product\/round-lab-birch-juice-moisturizing-cleansing-pad\/#breadcrumb","itemListElement":[{"@type":"ListItem","position":1,"name":"\u0413\u043b\u0430\u0432\u043d\u0430\u044f \u0441\u0442\u0440\u0430\u043d\u0438\u0446\u0430","item":"https:\/\/idakorea.ee\/"},{"@type":"ListItem","position":2,"name":"Shop","item":"https:\/\/idakorea.ee\/shop-2\/"},{"@type":"ListItem","position":3,"name":"Meigieemalduspadjad Round Lab Birch Juice Moisturizing Cleansing Pad, 60tk"}]},{"@type":"WebSite","@id":"https:\/\/idakorea.ee\/#website","url":"https:\/\/idakorea.ee\/","name":"IDA.KOREA","description":"Korean cosmetics e-shop","publisher":{"@id":"https:\/\/idakorea.ee\/#organization"},"alternateName":"Beauty Shop","potentialAction":[{"@type":"SearchAction","target":{"@type":"EntryPoint","urlTemplate":"https:\/\/idakorea.ee\/?s={search_term_string}"},"query-input":{"@type":"PropertyValueSpecification","valueRequired":true,"valueName":"search_term_string"}}],"inLanguage":"en-US"},{"@type":"Organization","@id":"https:\/\/idakorea.ee\/#organization","name":"IDA.KOREA","url":"https:\/\/idakorea.ee\/","logo":{"@type":"ImageObject","inLanguage":"en-US","@id":"https:\/\/idakorea.ee\/#\/schema\/logo\/image\/","url":"https:\/\/idakorea.ee\/wp-content\/uploads\/2024\/05\/cropped-korea3.png","contentUrl":"https:\/\/idakorea.ee\/wp-content\/uploads\/2024\/05\/cropped-korea3.png","width":688,"height":126,"caption":"IDA.KOREA"},"image":{"@id":"https:\/\/idakorea.ee\/#\/schema\/logo\/image\/"},"sameAs":["https:\/\/www.instagram.com\/ida.korea\/"]}]}},"jetpack_sharing_enabled":true,"brands":[{"id":645,"name":"ROUND LAB","slug":"round-lab"}],"_links":{"self":[{"href":"https:\/\/idakorea.ee\/en\/wp-json\/wp\/v2\/product\/14688","targetHints":{"allow":["GET"]}}],"collection":[{"href":"https:\/\/idakorea.ee\/en\/wp-json\/wp\/v2\/product"}],"about":[{"href":"https:\/\/idakorea.ee\/en\/wp-json\/wp\/v2\/types\/product"}],"replies":[{"embeddable":true,"href":"https:\/\/idakorea.ee\/en\/wp-json\/wp\/v2\/comments?post=14688"}],"version-history":[{"count":4,"href":"https:\/\/idakorea.ee\/en\/wp-json\/wp\/v2\/product\/14688\/revisions"}],"predecessor-version":[{"id":18192,"href":"https:\/\/idakorea.ee\/en\/wp-json\/wp\/v2\/product\/14688\/revisions\/18192"}],"wp:featuredmedia":[{"embeddable":true,"href":"https:\/\/idakorea.ee\/en\/wp-json\/wp\/v2\/media\/14689"}],"wp:attachment":[{"href":"https:\/\/idakorea.ee\/en\/wp-json\/wp\/v2\/media?parent=14688"}],"wp:term":[{"taxonomy":"pwb-brand","embeddable":true,"href":"https:\/\/idakorea.ee\/en\/wp-json\/wp\/v2\/pwb-brand?post=14688"},{"taxonomy":"product_brand","embeddable":true,"href":"https:\/\/idakorea.ee\/en\/wp-json\/wp\/v2\/product_brand?post=14688"},{"taxonomy":"product_cat","embeddable":true,"href":"https:\/\/idakorea.ee\/en\/wp-json\/wp\/v2\/product_cat?post=14688"},{"taxonomy":"product_tag","embeddable":true,"href":"https:\/\/idakorea.ee\/en\/wp-json\/wp\/v2\/product_tag?post=14688"}],"curies":[{"name":"wp","href":"https:\/\/api.w.org\/{rel}","templated":true}]}}