{"id":14723,"date":"2025-06-19T11:43:02","date_gmt":"2025-06-19T08:43:02","guid":{"rendered":"https:\/\/idakorea.ee\/?post_type=product&#038;p=14723"},"modified":"2026-04-04T11:08:08","modified_gmt":"2026-04-04T09:08:08","slug":"round-lab-birch-juice-moisturizing-tone-up-sunscreen-spf50","status":"publish","type":"product","link":"https:\/\/idakorea.ee\/en\/product\/round-lab-birch-juice-moisturizing-tone-up-sunscreen-spf50\/","title":{"rendered":"Round Lab Birch Juice Moisturizing Tone-Up Sunscreen SPF50+ PA++++, 50ml"},"content":{"rendered":"<p><strong>Round Lab Birch Juice Moisturizing Tone-Up Sunscreen SPF50+ PA++++<\/strong> adapts to skin tone and protects against ultraviolet radiation, preventing photoaging, pigment spots and sunburn.<\/p>\n<p>The cream has a milky lotion-like texture that forms a thin and smooth coating \u2013 it evens out skin tone, reduces redness, and visually narrows enlarged pores.<\/p>\n<p>The product moisturizes the skin, prevents dryness and flaking, gives a natural glow, and supplies the skin with antioxidants, helping to combat oxidative stress caused by UV radiation.<\/p>\n<p>Contains a hypoallergenic physical filter (titanium dioxide) and photostable chemical UV filters in a new generation formula that does not require renewal for up to 8 hours in urban conditions:<\/p>\n<ul>\n<li><strong>Uvinul A Plus (Diethylamino Hydroxybenzoyl Hexyl Benzoate)<\/strong> \u2013 protects against UVA rays.<\/li>\n<li><strong>Uvinul T 150 (Ethylhexyl Triazone)<\/strong> \u2013 protects against UVB radiation.<\/li>\n<li><strong>Iscotrizinol \/ Uvasorb HEB (Diethylhexyl Butamido Triazone)<\/strong> \u2013 highly photostable broad-spectrum filter, protects against UVA and UVB, loses approximately 10% of its effectiveness in only 25 hours.<\/li>\n<\/ul>\n<p><strong>Main active ingredients:<\/strong><\/p>\n<ul>\n<li><strong>Birch sap<\/strong> \u2013 contains vitamins, fructose, sucrose and organic acids. Enriches the skin with minerals, tones, reduces signs of aging and balances the work of the sebaceous glands.<\/li>\n<li><strong>Glyceryl glucoside<\/strong> \u2013 a derivative of glycerin and glucose, improves the function of aquaporins, which help the skin absorb and retain moisture. Reduces dryness.<\/li>\n<li><strong>Ascorbic acid (vitamin C)<\/strong> \u2013 a strong antioxidant that maintains skin elasticity and youthfulness, evens out and brightens skin tone.<\/li>\n<li><strong>Pine seed oil<\/strong> \u2013 antioxidant and anti-inflammatory effect.<\/li>\n<li><strong>The rubber plant<\/strong> \u2013 soothes and relieves irritation, softens and protects against free radicals.<\/li>\n<li><strong>Allantoiin<\/strong> \u2013 antioxidant, slows down cell aging, reduces sensitivity and stimulates regeneration.<\/li>\n<li><strong>Portulaca extract<\/strong> \u2013 accelerates healing processes, tightens pores and reduces sebum secretion.<\/li>\n<\/ul>\n<p>&nbsp;<\/p>\n<p>Suitable for all skin types.<\/p>\n<p><strong>Usage:<\/strong><\/p>\n<p>After completing your daily skincare routine, apply approximately 1.2 ml of product to your face and neck. Apply sunscreen to other exposed skin 20-30 minutes before going outside. If you are in direct sunlight (e.g. at the beach), reapply every 2-3 hours.<\/p>\n<p>&nbsp;<\/p>","protected":false},"excerpt":{"rendered":"<p>Round Lab Birch Juice Moisturizing Tone-Up Sunscreen SPF50+ PA++++ adapts to your skin tone and protects against ultraviolet radiation, preventing photoaging, pigmentation and sunburn. The cream has a milky lotion-like texture that forms a thin and smooth coating - it evens out skin tone, reduces redness and visually narrows enlarged pores. The product moisturizes the skin, prevents dryness and flaking, gives a natural glow and\u2026<\/p>","protected":false},"featured_media":14724,"comment_status":"open","ping_status":"closed","template":"","meta":{"_uf_show_specific_survey":0,"_uf_disable_surveys":false,"_bst_post_transparent":"default","_bst_post_title":"","_bst_post_layout":"default","_bst_post_sidebar_id":"","_bst_post_content_style":"default","_bst_post_vertical_padding":"default","_bst_post_feature":"","_bst_post_feature_position":"","_bst_post_header":false,"_bst_post_footer":false},"pwb-brand":[645],"product_brand":[],"product_cat":[92,101],"product_tag":[919,864,940],"class_list":{"0":"post-14723","1":"product","2":"type-product","3":"status-publish","4":"has-post-thumbnail","6":"pwb-brand-round-lab","7":"product_cat-nagu","8":"product_cat-paikesekaitse","9":"product_tag-birch","10":"product_tag-spf","11":"product_tag-toon","13":"first","14":"instock","15":"sale","16":"shipping-taxable","17":"purchasable","18":"product-type-simple","19":"entry","20":"content-bg","21":"loop-entry"},"supplier_id":null,"supplier_sku":"","barcode":null,"atum_controlled":true,"out_stock_date":null,"out_stock_threshold":null,"inheritable":false,"inbound_stock":0,"stock_on_hold":0,"sold_today":0,"sales_last_days":1,"out_stock_days":0,"lost_sales":0,"has_location":false,"update_date":"2026-04-14T00:05:03","atum_locations":[],"atum_stock_status":"instock","restock_status":false,"low_stock_amount":"","sales_update_date":"2026-04-14T00:05:03","calc_backorders":null,"yoast_head":"<!-- This site is optimized with the Yoast SEO plugin v27.2 - https:\/\/yoast.com\/product\/yoast-seo-wordpress\/ -->\n<title>Round Lab Birch Juice Moisturizing Tone-Up Sunscreen SPF50+ PA++++, 50ml - IDA.KOREA<\/title>\n<meta name=\"description\" content=\"Tooniv ja niisutav p\u00e4ikesekaitsekreem SPF50+ PA++++ kaitseb nahka UV-kiirguse eest, ennetab pigmendilaike ja annab terve s\u00e4ra. Sobib k\u00f5igile nahat\u00fc\u00fcpidele.\" \/>\n<meta name=\"robots\" content=\"index, follow, max-snippet:-1, max-image-preview:large, max-video-preview:-1\" \/>\n<link rel=\"canonical\" href=\"https:\/\/idakorea.ee\/en\/product\/round-lab-birch-juice-moisturizing-tone-up-sunscreen-spf50\/\" \/>\n<meta property=\"og:locale\" content=\"en_US\" \/>\n<meta property=\"og:type\" content=\"article\" \/>\n<meta property=\"og:title\" content=\"Round Lab Birch Juice Moisturizing Tone-Up Sunscreen SPF50+ PA++++, 50ml - IDA.KOREA\" \/>\n<meta property=\"og:description\" content=\"Tooniv ja niisutav p\u00e4ikesekaitsekreem SPF50+ PA++++ kaitseb nahka UV-kiirguse eest, ennetab pigmendilaike ja annab terve s\u00e4ra. Sobib k\u00f5igile nahat\u00fc\u00fcpidele.\" \/>\n<meta property=\"og:url\" content=\"https:\/\/idakorea.ee\/en\/product\/round-lab-birch-juice-moisturizing-tone-up-sunscreen-spf50\/\" \/>\n<meta property=\"og:site_name\" content=\"IDA.KOREA\" \/>\n<meta property=\"article:modified_time\" content=\"2026-04-04T09:08:08+00:00\" \/>\n<meta property=\"og:image\" content=\"https:\/\/idakorea.ee\/wp-content\/uploads\/2025\/06\/roundlabbirchjuicemoisturizingtone-upsunscreenspf50_idakorea.ee_.webp\" \/>\n\t<meta property=\"og:image:width\" content=\"950\" \/>\n\t<meta property=\"og:image:height\" content=\"950\" \/>\n\t<meta property=\"og:image:type\" content=\"image\/webp\" \/>\n<meta name=\"twitter:card\" content=\"summary_large_image\" \/>\n<meta name=\"twitter:label1\" content=\"Est. reading time\" \/>\n\t<meta name=\"twitter:data1\" content=\"2 minutes\" \/>\n<script type=\"application\/ld+json\" class=\"yoast-schema-graph\">{\"@context\":\"https:\/\/schema.org\",\"@graph\":[{\"@type\":\"WebPage\",\"@id\":\"https:\/\/idakorea.ee\/product\/round-lab-birch-juice-moisturizing-tone-up-sunscreen-spf50\/\",\"url\":\"https:\/\/idakorea.ee\/product\/round-lab-birch-juice-moisturizing-tone-up-sunscreen-spf50\/\",\"name\":\"Round Lab Birch Juice Moisturizing Tone-Up Sunscreen SPF50+ PA++++, 50ml - IDA.KOREA\",\"isPartOf\":{\"@id\":\"https:\/\/idakorea.ee\/#website\"},\"primaryImageOfPage\":{\"@id\":\"https:\/\/idakorea.ee\/product\/round-lab-birch-juice-moisturizing-tone-up-sunscreen-spf50\/#primaryimage\"},\"image\":{\"@id\":\"https:\/\/idakorea.ee\/product\/round-lab-birch-juice-moisturizing-tone-up-sunscreen-spf50\/#primaryimage\"},\"thumbnailUrl\":\"https:\/\/idakorea.ee\/wp-content\/uploads\/2025\/06\/roundlabbirchjuicemoisturizingtone-upsunscreenspf50_idakorea.ee_.webp\",\"datePublished\":\"2025-06-19T08:43:02+00:00\",\"dateModified\":\"2026-04-04T09:08:08+00:00\",\"description\":\"Tooniv ja niisutav p\u00e4ikesekaitsekreem SPF50+ PA++++ kaitseb nahka UV-kiirguse eest, ennetab pigmendilaike ja annab terve s\u00e4ra. Sobib k\u00f5igile nahat\u00fc\u00fcpidele.\",\"breadcrumb\":{\"@id\":\"https:\/\/idakorea.ee\/product\/round-lab-birch-juice-moisturizing-tone-up-sunscreen-spf50\/#breadcrumb\"},\"inLanguage\":\"en-US\",\"potentialAction\":[{\"@type\":\"ReadAction\",\"target\":[\"https:\/\/idakorea.ee\/product\/round-lab-birch-juice-moisturizing-tone-up-sunscreen-spf50\/\"]}]},{\"@type\":\"ImageObject\",\"inLanguage\":\"en-US\",\"@id\":\"https:\/\/idakorea.ee\/product\/round-lab-birch-juice-moisturizing-tone-up-sunscreen-spf50\/#primaryimage\",\"url\":\"https:\/\/idakorea.ee\/wp-content\/uploads\/2025\/06\/roundlabbirchjuicemoisturizingtone-upsunscreenspf50_idakorea.ee_.webp\",\"contentUrl\":\"https:\/\/idakorea.ee\/wp-content\/uploads\/2025\/06\/roundlabbirchjuicemoisturizingtone-upsunscreenspf50_idakorea.ee_.webp\",\"width\":950,\"height\":950},{\"@type\":\"BreadcrumbList\",\"@id\":\"https:\/\/idakorea.ee\/product\/round-lab-birch-juice-moisturizing-tone-up-sunscreen-spf50\/#breadcrumb\",\"itemListElement\":[{\"@type\":\"ListItem\",\"position\":1,\"name\":\"\u0413\u043b\u0430\u0432\u043d\u0430\u044f \u0441\u0442\u0440\u0430\u043d\u0438\u0446\u0430\",\"item\":\"https:\/\/idakorea.ee\/\"},{\"@type\":\"ListItem\",\"position\":2,\"name\":\"Shop\",\"item\":\"https:\/\/idakorea.ee\/shop-2\/\"},{\"@type\":\"ListItem\",\"position\":3,\"name\":\"Tooni andev p\u00e4kesekreem Round Lab Birch Juice Moisturizing Tone-Up Sunscreen SPF50+ PA++++, 50ml\"}]},{\"@type\":\"WebSite\",\"@id\":\"https:\/\/idakorea.ee\/#website\",\"url\":\"https:\/\/idakorea.ee\/\",\"name\":\"IDA.KOREA\",\"description\":\"Korea kosmeetika e-pood\",\"publisher\":{\"@id\":\"https:\/\/idakorea.ee\/#organization\"},\"alternateName\":\"Beauty Shop\",\"potentialAction\":[{\"@type\":\"SearchAction\",\"target\":{\"@type\":\"EntryPoint\",\"urlTemplate\":\"https:\/\/idakorea.ee\/?s={search_term_string}\"},\"query-input\":{\"@type\":\"PropertyValueSpecification\",\"valueRequired\":true,\"valueName\":\"search_term_string\"}}],\"inLanguage\":\"en-US\"},{\"@type\":\"Organization\",\"@id\":\"https:\/\/idakorea.ee\/#organization\",\"name\":\"IDA.KOREA\",\"url\":\"https:\/\/idakorea.ee\/\",\"logo\":{\"@type\":\"ImageObject\",\"inLanguage\":\"en-US\",\"@id\":\"https:\/\/idakorea.ee\/#\/schema\/logo\/image\/\",\"url\":\"https:\/\/idakorea.ee\/wp-content\/uploads\/2024\/05\/cropped-korea3.png\",\"contentUrl\":\"https:\/\/idakorea.ee\/wp-content\/uploads\/2024\/05\/cropped-korea3.png\",\"width\":688,\"height\":126,\"caption\":\"IDA.KOREA\"},\"image\":{\"@id\":\"https:\/\/idakorea.ee\/#\/schema\/logo\/image\/\"},\"sameAs\":[\"https:\/\/www.instagram.com\/ida.korea\/\"]}]}<\/script>\n<!-- \/ Yoast SEO plugin. -->","yoast_head_json":{"title":"Round Lab Birch Juice Moisturizing Tone-Up Sunscreen SPF50+ PA++++, 50ml - IDA.KOREA","description":"Tinted and moisturizing sunscreen SPF50+ PA++++ protects the skin from UV radiation, prevents age spots and gives a healthy glow. Suitable for all skin types.","robots":{"index":"index","follow":"follow","max-snippet":"max-snippet:-1","max-image-preview":"max-image-preview:large","max-video-preview":"max-video-preview:-1"},"canonical":"https:\/\/idakorea.ee\/en\/product\/round-lab-birch-juice-moisturizing-tone-up-sunscreen-spf50\/","og_locale":"en_US","og_type":"article","og_title":"Round Lab Birch Juice Moisturizing Tone-Up Sunscreen SPF50+ PA++++, 50ml - IDA.KOREA","og_description":"Tooniv ja niisutav p\u00e4ikesekaitsekreem SPF50+ PA++++ kaitseb nahka UV-kiirguse eest, ennetab pigmendilaike ja annab terve s\u00e4ra. Sobib k\u00f5igile nahat\u00fc\u00fcpidele.","og_url":"https:\/\/idakorea.ee\/en\/product\/round-lab-birch-juice-moisturizing-tone-up-sunscreen-spf50\/","og_site_name":"IDA.KOREA","article_modified_time":"2026-04-04T09:08:08+00:00","og_image":[{"width":950,"height":950,"url":"https:\/\/idakorea.ee\/wp-content\/uploads\/2025\/06\/roundlabbirchjuicemoisturizingtone-upsunscreenspf50_idakorea.ee_.webp","type":"image\/webp"}],"twitter_card":"summary_large_image","twitter_misc":{"Est. reading time":"2 minutes"},"schema":{"@context":"https:\/\/schema.org","@graph":[{"@type":"WebPage","@id":"https:\/\/idakorea.ee\/product\/round-lab-birch-juice-moisturizing-tone-up-sunscreen-spf50\/","url":"https:\/\/idakorea.ee\/product\/round-lab-birch-juice-moisturizing-tone-up-sunscreen-spf50\/","name":"Round Lab Birch Juice Moisturizing Tone-Up Sunscreen SPF50+ PA++++, 50ml - IDA.KOREA","isPartOf":{"@id":"https:\/\/idakorea.ee\/#website"},"primaryImageOfPage":{"@id":"https:\/\/idakorea.ee\/product\/round-lab-birch-juice-moisturizing-tone-up-sunscreen-spf50\/#primaryimage"},"image":{"@id":"https:\/\/idakorea.ee\/product\/round-lab-birch-juice-moisturizing-tone-up-sunscreen-spf50\/#primaryimage"},"thumbnailUrl":"https:\/\/idakorea.ee\/wp-content\/uploads\/2025\/06\/roundlabbirchjuicemoisturizingtone-upsunscreenspf50_idakorea.ee_.webp","datePublished":"2025-06-19T08:43:02+00:00","dateModified":"2026-04-04T09:08:08+00:00","description":"Tinted and moisturizing sunscreen SPF50+ PA++++ protects the skin from UV radiation, prevents age spots and gives a healthy glow. Suitable for all skin types.","breadcrumb":{"@id":"https:\/\/idakorea.ee\/product\/round-lab-birch-juice-moisturizing-tone-up-sunscreen-spf50\/#breadcrumb"},"inLanguage":"en-US","potentialAction":[{"@type":"ReadAction","target":["https:\/\/idakorea.ee\/product\/round-lab-birch-juice-moisturizing-tone-up-sunscreen-spf50\/"]}]},{"@type":"ImageObject","inLanguage":"en-US","@id":"https:\/\/idakorea.ee\/product\/round-lab-birch-juice-moisturizing-tone-up-sunscreen-spf50\/#primaryimage","url":"https:\/\/idakorea.ee\/wp-content\/uploads\/2025\/06\/roundlabbirchjuicemoisturizingtone-upsunscreenspf50_idakorea.ee_.webp","contentUrl":"https:\/\/idakorea.ee\/wp-content\/uploads\/2025\/06\/roundlabbirchjuicemoisturizingtone-upsunscreenspf50_idakorea.ee_.webp","width":950,"height":950},{"@type":"BreadcrumbList","@id":"https:\/\/idakorea.ee\/product\/round-lab-birch-juice-moisturizing-tone-up-sunscreen-spf50\/#breadcrumb","itemListElement":[{"@type":"ListItem","position":1,"name":"\u0413\u043b\u0430\u0432\u043d\u0430\u044f \u0441\u0442\u0440\u0430\u043d\u0438\u0446\u0430","item":"https:\/\/idakorea.ee\/"},{"@type":"ListItem","position":2,"name":"Shop","item":"https:\/\/idakorea.ee\/shop-2\/"},{"@type":"ListItem","position":3,"name":"Tooni andev p\u00e4kesekreem Round Lab Birch Juice Moisturizing Tone-Up Sunscreen SPF50+ PA++++, 50ml"}]},{"@type":"WebSite","@id":"https:\/\/idakorea.ee\/#website","url":"https:\/\/idakorea.ee\/","name":"IDA.KOREA","description":"Korean cosmetics e-shop","publisher":{"@id":"https:\/\/idakorea.ee\/#organization"},"alternateName":"Beauty Shop","potentialAction":[{"@type":"SearchAction","target":{"@type":"EntryPoint","urlTemplate":"https:\/\/idakorea.ee\/?s={search_term_string}"},"query-input":{"@type":"PropertyValueSpecification","valueRequired":true,"valueName":"search_term_string"}}],"inLanguage":"en-US"},{"@type":"Organization","@id":"https:\/\/idakorea.ee\/#organization","name":"IDA.KOREA","url":"https:\/\/idakorea.ee\/","logo":{"@type":"ImageObject","inLanguage":"en-US","@id":"https:\/\/idakorea.ee\/#\/schema\/logo\/image\/","url":"https:\/\/idakorea.ee\/wp-content\/uploads\/2024\/05\/cropped-korea3.png","contentUrl":"https:\/\/idakorea.ee\/wp-content\/uploads\/2024\/05\/cropped-korea3.png","width":688,"height":126,"caption":"IDA.KOREA"},"image":{"@id":"https:\/\/idakorea.ee\/#\/schema\/logo\/image\/"},"sameAs":["https:\/\/www.instagram.com\/ida.korea\/"]}]}},"jetpack_sharing_enabled":true,"brands":[{"id":645,"name":"ROUND LAB","slug":"round-lab"}],"_links":{"self":[{"href":"https:\/\/idakorea.ee\/en\/wp-json\/wp\/v2\/product\/14723","targetHints":{"allow":["GET"]}}],"collection":[{"href":"https:\/\/idakorea.ee\/en\/wp-json\/wp\/v2\/product"}],"about":[{"href":"https:\/\/idakorea.ee\/en\/wp-json\/wp\/v2\/types\/product"}],"replies":[{"embeddable":true,"href":"https:\/\/idakorea.ee\/en\/wp-json\/wp\/v2\/comments?post=14723"}],"version-history":[{"count":2,"href":"https:\/\/idakorea.ee\/en\/wp-json\/wp\/v2\/product\/14723\/revisions"}],"predecessor-version":[{"id":17489,"href":"https:\/\/idakorea.ee\/en\/wp-json\/wp\/v2\/product\/14723\/revisions\/17489"}],"wp:featuredmedia":[{"embeddable":true,"href":"https:\/\/idakorea.ee\/en\/wp-json\/wp\/v2\/media\/14724"}],"wp:attachment":[{"href":"https:\/\/idakorea.ee\/en\/wp-json\/wp\/v2\/media?parent=14723"}],"wp:term":[{"taxonomy":"pwb-brand","embeddable":true,"href":"https:\/\/idakorea.ee\/en\/wp-json\/wp\/v2\/pwb-brand?post=14723"},{"taxonomy":"product_brand","embeddable":true,"href":"https:\/\/idakorea.ee\/en\/wp-json\/wp\/v2\/product_brand?post=14723"},{"taxonomy":"product_cat","embeddable":true,"href":"https:\/\/idakorea.ee\/en\/wp-json\/wp\/v2\/product_cat?post=14723"},{"taxonomy":"product_tag","embeddable":true,"href":"https:\/\/idakorea.ee\/en\/wp-json\/wp\/v2\/product_tag?post=14723"}],"curies":[{"name":"wp","href":"https:\/\/api.w.org\/{rel}","templated":true}]}}