{"id":14749,"date":"2025-06-19T13:22:15","date_gmt":"2025-06-19T10:22:15","guid":{"rendered":"https:\/\/idakorea.ee\/?post_type=product&#038;p=14749"},"modified":"2026-03-16T19:20:49","modified_gmt":"2026-03-16T17:20:49","slug":"masil-8-seconds-liquid-hair-mask","status":"publish","type":"product","link":"https:\/\/idakorea.ee\/en\/product\/masil-8-seconds-liquid-hair-mask\/","title":{"rendered":"Masil 8 Seconds Liquid Hair Mask, 8ml"},"content":{"rendered":"<p><strong>Masil 8 Seconds Liquid Hair Mask<\/strong> Restores hair structure in just a few moments, strengthens it and restores its natural shine and vitality. Gives volume to the roots, makes hair smoother and easier to manage and helps reduce excessive sebum production on the scalp.<\/p>\n<p>The mask gently cares for thin, weakened and lifeless hair, actively nourishes and repairs damaged areas. Restores moisture balance, prevents split ends and creates a protective layer that protects hair from the harmful effects of a hairdryer, heat and tap water.<\/p>\n<p>The mask also improves the condition of the scalp, normalizes its natural pH level, reduces oiliness, strengthens the roots, and helps prevent hair loss.<\/p>\n<p>The product takes effect in just 8 seconds \u2013 it is a transparent essence that acts directly on the hair and scalp.<\/p>\n<p><strong>Main active ingredients:<\/strong><\/p>\n<ul>\n<li><strong>Salicylic acid<\/strong> \u2013 effectively cleanses the scalp, removes dirt and dead skin cells.<\/li>\n<li><strong>Panthenol (vitamin B5)<\/strong> \u2013 supports the formation of new hair roots, prevents hair loss and ensures long-lasting hydration.<\/li>\n<li><strong>Silk proteins<\/strong> \u2013 give hair softness, smoothness and elasticity, make it easy to comb and style, and protect against UV rays.<\/li>\n<li><strong>Hydrolysed collagen<\/strong> \u2013 improves hair structure, reduces breakage and hair loss, restores shine and flexibility.<\/li>\n<li><strong>Lactobacillus enzymes<\/strong> \u2013 stimulate cell renewal and hair growth, moisturize hair and give it smoothness and shine.<\/li>\n<li><strong>Amino acid complex<\/strong> \u2013 restores hair, improves its appearance and creates a protective layer that retains moisture.<\/li>\n<li><strong>Plant extracts<\/strong> \u2013 soothes irritated scalp, relieves inflammation, reduces itching and discomfort.<\/li>\n<\/ul>\n<p>&nbsp;<\/p>\n<p>Suitable for weakened and damaged hair.<\/p>\n<p><strong>Usage:<\/strong><\/p>\n<p>Apply the mask to washed and damp hair, distribute evenly throughout the length. Leave on for at least 8 seconds, 3\u20135 minutes for more intensive restoration, massage gently and rinse thoroughly with warm water.<\/p>\n<p>&nbsp;<\/p>","protected":false},"excerpt":{"rendered":"<p>Masil 8 Seconds Liquid Hair Mask restores hair structure in just a few moments, strengthens it and restores its natural shine and vitality. Gives volume to the roots, makes hair smoother and easier to manage and helps reduce excessive sebum secretion from the scalp. The mask gently cares for thin, weakened and lifeless hair, actively nourishes and repairs damaged areas. Restores moisture balance, prevents split ends and creates\u2026<\/p>","protected":false},"featured_media":14750,"comment_status":"open","ping_status":"closed","template":"","meta":{"_uf_show_specific_survey":0,"_uf_disable_surveys":false,"_bst_post_transparent":"default","_bst_post_title":"","_bst_post_layout":"default","_bst_post_sidebar_id":"","_bst_post_content_style":"default","_bst_post_vertical_padding":"default","_bst_post_feature":"","_bst_post_feature_position":"","_bst_post_header":false,"_bst_post_footer":false},"pwb-brand":[489],"product_brand":[],"product_cat":[923],"product_tag":[941,614],"class_list":{"0":"post-14749","1":"product","2":"type-product","3":"status-publish","4":"has-post-thumbnail","6":"pwb-brand-masil","7":"product_cat-juuksed","8":"product_tag-masil","9":"product_tag-mask","11":"first","12":"instock","13":"sale","14":"shipping-taxable","15":"purchasable","16":"product-type-simple","17":"entry","18":"content-bg","19":"loop-entry"},"supplier_id":null,"supplier_sku":"","barcode":null,"atum_controlled":true,"out_stock_date":null,"out_stock_threshold":null,"inheritable":false,"inbound_stock":0,"stock_on_hold":0,"sold_today":0,"sales_last_days":1,"out_stock_days":0,"lost_sales":0,"has_location":false,"update_date":"2026-04-14T00:05:09","atum_locations":[],"atum_stock_status":"instock","restock_status":false,"low_stock_amount":"","sales_update_date":"2026-04-14T00:05:09","calc_backorders":null,"yoast_head":"<!-- This site is optimized with the Yoast SEO plugin v27.2 - https:\/\/yoast.com\/product\/yoast-seo-wordpress\/ -->\n<title>Masil 8 Seconds Liquid Hair Mask, 8ml - IDA.KOREA<\/title>\n<meta name=\"description\" content=\"Kiirtoimeline juuksemask taastab juuste struktuuri vaid 8 sekundiga, lisab vol\u00fc\u00fcmi, silendab ja v\u00e4hendab rasusust. Sobib \u00f5hukestele ja n\u00f5rgenenud juustele.\" \/>\n<meta name=\"robots\" content=\"index, follow, max-snippet:-1, max-image-preview:large, max-video-preview:-1\" \/>\n<link rel=\"canonical\" href=\"https:\/\/idakorea.ee\/en\/product\/masil-8-seconds-liquid-hair-mask\/\" \/>\n<meta property=\"og:locale\" content=\"en_US\" \/>\n<meta property=\"og:type\" content=\"article\" \/>\n<meta property=\"og:title\" content=\"Masil 8 Seconds Liquid Hair Mask, 8ml - IDA.KOREA\" \/>\n<meta property=\"og:description\" content=\"Kiirtoimeline juuksemask taastab juuste struktuuri vaid 8 sekundiga, lisab vol\u00fc\u00fcmi, silendab ja v\u00e4hendab rasusust. Sobib \u00f5hukestele ja n\u00f5rgenenud juustele.\" \/>\n<meta property=\"og:url\" content=\"https:\/\/idakorea.ee\/en\/product\/masil-8-seconds-liquid-hair-mask\/\" \/>\n<meta property=\"og:site_name\" content=\"IDA.KOREA\" \/>\n<meta property=\"article:modified_time\" content=\"2026-03-16T17:20:49+00:00\" \/>\n<meta property=\"og:image\" content=\"https:\/\/idakorea.ee\/wp-content\/uploads\/2025\/06\/masil-8-seconds-liquid-hair-mask-idakorea.ee_.jpg\" \/>\n\t<meta property=\"og:image:width\" content=\"1000\" \/>\n\t<meta property=\"og:image:height\" content=\"1000\" \/>\n\t<meta property=\"og:image:type\" content=\"image\/jpeg\" \/>\n<meta name=\"twitter:card\" content=\"summary_large_image\" \/>\n<meta name=\"twitter:label1\" content=\"Est. reading time\" \/>\n\t<meta name=\"twitter:data1\" content=\"2 minutes\" \/>\n<script type=\"application\/ld+json\" class=\"yoast-schema-graph\">{\"@context\":\"https:\/\/schema.org\",\"@graph\":[{\"@type\":\"WebPage\",\"@id\":\"https:\/\/idakorea.ee\/product\/masil-8-seconds-liquid-hair-mask\/\",\"url\":\"https:\/\/idakorea.ee\/product\/masil-8-seconds-liquid-hair-mask\/\",\"name\":\"Masil 8 Seconds Liquid Hair Mask, 8ml - IDA.KOREA\",\"isPartOf\":{\"@id\":\"https:\/\/idakorea.ee\/#website\"},\"primaryImageOfPage\":{\"@id\":\"https:\/\/idakorea.ee\/product\/masil-8-seconds-liquid-hair-mask\/#primaryimage\"},\"image\":{\"@id\":\"https:\/\/idakorea.ee\/product\/masil-8-seconds-liquid-hair-mask\/#primaryimage\"},\"thumbnailUrl\":\"https:\/\/idakorea.ee\/wp-content\/uploads\/2025\/06\/masil-8-seconds-liquid-hair-mask-idakorea.ee_.jpg\",\"datePublished\":\"2025-06-19T10:22:15+00:00\",\"dateModified\":\"2026-03-16T17:20:49+00:00\",\"description\":\"Kiirtoimeline juuksemask taastab juuste struktuuri vaid 8 sekundiga, lisab vol\u00fc\u00fcmi, silendab ja v\u00e4hendab rasusust. Sobib \u00f5hukestele ja n\u00f5rgenenud juustele.\",\"breadcrumb\":{\"@id\":\"https:\/\/idakorea.ee\/product\/masil-8-seconds-liquid-hair-mask\/#breadcrumb\"},\"inLanguage\":\"en-US\",\"potentialAction\":[{\"@type\":\"ReadAction\",\"target\":[\"https:\/\/idakorea.ee\/product\/masil-8-seconds-liquid-hair-mask\/\"]}]},{\"@type\":\"ImageObject\",\"inLanguage\":\"en-US\",\"@id\":\"https:\/\/idakorea.ee\/product\/masil-8-seconds-liquid-hair-mask\/#primaryimage\",\"url\":\"https:\/\/idakorea.ee\/wp-content\/uploads\/2025\/06\/masil-8-seconds-liquid-hair-mask-idakorea.ee_.jpg\",\"contentUrl\":\"https:\/\/idakorea.ee\/wp-content\/uploads\/2025\/06\/masil-8-seconds-liquid-hair-mask-idakorea.ee_.jpg\",\"width\":1000,\"height\":1000},{\"@type\":\"BreadcrumbList\",\"@id\":\"https:\/\/idakorea.ee\/product\/masil-8-seconds-liquid-hair-mask\/#breadcrumb\",\"itemListElement\":[{\"@type\":\"ListItem\",\"position\":1,\"name\":\"\u0413\u043b\u0430\u0432\u043d\u0430\u044f \u0441\u0442\u0440\u0430\u043d\u0438\u0446\u0430\",\"item\":\"https:\/\/idakorea.ee\/\"},{\"@type\":\"ListItem\",\"position\":2,\"name\":\"Shop\",\"item\":\"https:\/\/idakorea.ee\/shop-2\/\"},{\"@type\":\"ListItem\",\"position\":3,\"name\":\"Vol\u00fc\u00fcmi andev kiirmask juustele Masil 8 Seconds Liquid Hair Mask, 8ml\"}]},{\"@type\":\"WebSite\",\"@id\":\"https:\/\/idakorea.ee\/#website\",\"url\":\"https:\/\/idakorea.ee\/\",\"name\":\"IDA.KOREA\",\"description\":\"Korea kosmeetika e-pood\",\"publisher\":{\"@id\":\"https:\/\/idakorea.ee\/#organization\"},\"alternateName\":\"Beauty Shop\",\"potentialAction\":[{\"@type\":\"SearchAction\",\"target\":{\"@type\":\"EntryPoint\",\"urlTemplate\":\"https:\/\/idakorea.ee\/?s={search_term_string}\"},\"query-input\":{\"@type\":\"PropertyValueSpecification\",\"valueRequired\":true,\"valueName\":\"search_term_string\"}}],\"inLanguage\":\"en-US\"},{\"@type\":\"Organization\",\"@id\":\"https:\/\/idakorea.ee\/#organization\",\"name\":\"IDA.KOREA\",\"url\":\"https:\/\/idakorea.ee\/\",\"logo\":{\"@type\":\"ImageObject\",\"inLanguage\":\"en-US\",\"@id\":\"https:\/\/idakorea.ee\/#\/schema\/logo\/image\/\",\"url\":\"https:\/\/idakorea.ee\/wp-content\/uploads\/2024\/05\/cropped-korea3.png\",\"contentUrl\":\"https:\/\/idakorea.ee\/wp-content\/uploads\/2024\/05\/cropped-korea3.png\",\"width\":688,\"height\":126,\"caption\":\"IDA.KOREA\"},\"image\":{\"@id\":\"https:\/\/idakorea.ee\/#\/schema\/logo\/image\/\"},\"sameAs\":[\"https:\/\/www.instagram.com\/ida.korea\/\"]}]}<\/script>\n<!-- \/ Yoast SEO plugin. -->","yoast_head_json":{"title":"Masil 8 Seconds Liquid Hair Mask, 8ml - IDA.KOREA","description":"Fast-acting hair mask restores hair structure in just 8 seconds, adds volume, smoothes and reduces oiliness. Suitable for thin and weakened hair.","robots":{"index":"index","follow":"follow","max-snippet":"max-snippet:-1","max-image-preview":"max-image-preview:large","max-video-preview":"max-video-preview:-1"},"canonical":"https:\/\/idakorea.ee\/en\/product\/masil-8-seconds-liquid-hair-mask\/","og_locale":"en_US","og_type":"article","og_title":"Masil 8 Seconds Liquid Hair Mask, 8ml - IDA.KOREA","og_description":"Kiirtoimeline juuksemask taastab juuste struktuuri vaid 8 sekundiga, lisab vol\u00fc\u00fcmi, silendab ja v\u00e4hendab rasusust. Sobib \u00f5hukestele ja n\u00f5rgenenud juustele.","og_url":"https:\/\/idakorea.ee\/en\/product\/masil-8-seconds-liquid-hair-mask\/","og_site_name":"IDA.KOREA","article_modified_time":"2026-03-16T17:20:49+00:00","og_image":[{"width":1000,"height":1000,"url":"https:\/\/idakorea.ee\/wp-content\/uploads\/2025\/06\/masil-8-seconds-liquid-hair-mask-idakorea.ee_.jpg","type":"image\/jpeg"}],"twitter_card":"summary_large_image","twitter_misc":{"Est. reading time":"2 minutes"},"schema":{"@context":"https:\/\/schema.org","@graph":[{"@type":"WebPage","@id":"https:\/\/idakorea.ee\/product\/masil-8-seconds-liquid-hair-mask\/","url":"https:\/\/idakorea.ee\/product\/masil-8-seconds-liquid-hair-mask\/","name":"Masil 8 Seconds Liquid Hair Mask, 8ml - IDA.KOREA","isPartOf":{"@id":"https:\/\/idakorea.ee\/#website"},"primaryImageOfPage":{"@id":"https:\/\/idakorea.ee\/product\/masil-8-seconds-liquid-hair-mask\/#primaryimage"},"image":{"@id":"https:\/\/idakorea.ee\/product\/masil-8-seconds-liquid-hair-mask\/#primaryimage"},"thumbnailUrl":"https:\/\/idakorea.ee\/wp-content\/uploads\/2025\/06\/masil-8-seconds-liquid-hair-mask-idakorea.ee_.jpg","datePublished":"2025-06-19T10:22:15+00:00","dateModified":"2026-03-16T17:20:49+00:00","description":"Fast-acting hair mask restores hair structure in just 8 seconds, adds volume, smoothes and reduces oiliness. Suitable for thin and weakened hair.","breadcrumb":{"@id":"https:\/\/idakorea.ee\/product\/masil-8-seconds-liquid-hair-mask\/#breadcrumb"},"inLanguage":"en-US","potentialAction":[{"@type":"ReadAction","target":["https:\/\/idakorea.ee\/product\/masil-8-seconds-liquid-hair-mask\/"]}]},{"@type":"ImageObject","inLanguage":"en-US","@id":"https:\/\/idakorea.ee\/product\/masil-8-seconds-liquid-hair-mask\/#primaryimage","url":"https:\/\/idakorea.ee\/wp-content\/uploads\/2025\/06\/masil-8-seconds-liquid-hair-mask-idakorea.ee_.jpg","contentUrl":"https:\/\/idakorea.ee\/wp-content\/uploads\/2025\/06\/masil-8-seconds-liquid-hair-mask-idakorea.ee_.jpg","width":1000,"height":1000},{"@type":"BreadcrumbList","@id":"https:\/\/idakorea.ee\/product\/masil-8-seconds-liquid-hair-mask\/#breadcrumb","itemListElement":[{"@type":"ListItem","position":1,"name":"\u0413\u043b\u0430\u0432\u043d\u0430\u044f \u0441\u0442\u0440\u0430\u043d\u0438\u0446\u0430","item":"https:\/\/idakorea.ee\/"},{"@type":"ListItem","position":2,"name":"Shop","item":"https:\/\/idakorea.ee\/shop-2\/"},{"@type":"ListItem","position":3,"name":"Vol\u00fc\u00fcmi andev kiirmask juustele Masil 8 Seconds Liquid Hair Mask, 8ml"}]},{"@type":"WebSite","@id":"https:\/\/idakorea.ee\/#website","url":"https:\/\/idakorea.ee\/","name":"IDA.KOREA","description":"Korean cosmetics e-shop","publisher":{"@id":"https:\/\/idakorea.ee\/#organization"},"alternateName":"Beauty Shop","potentialAction":[{"@type":"SearchAction","target":{"@type":"EntryPoint","urlTemplate":"https:\/\/idakorea.ee\/?s={search_term_string}"},"query-input":{"@type":"PropertyValueSpecification","valueRequired":true,"valueName":"search_term_string"}}],"inLanguage":"en-US"},{"@type":"Organization","@id":"https:\/\/idakorea.ee\/#organization","name":"IDA.KOREA","url":"https:\/\/idakorea.ee\/","logo":{"@type":"ImageObject","inLanguage":"en-US","@id":"https:\/\/idakorea.ee\/#\/schema\/logo\/image\/","url":"https:\/\/idakorea.ee\/wp-content\/uploads\/2024\/05\/cropped-korea3.png","contentUrl":"https:\/\/idakorea.ee\/wp-content\/uploads\/2024\/05\/cropped-korea3.png","width":688,"height":126,"caption":"IDA.KOREA"},"image":{"@id":"https:\/\/idakorea.ee\/#\/schema\/logo\/image\/"},"sameAs":["https:\/\/www.instagram.com\/ida.korea\/"]}]}},"jetpack_sharing_enabled":true,"brands":[{"id":489,"name":"MASIL","slug":"masil"}],"_links":{"self":[{"href":"https:\/\/idakorea.ee\/en\/wp-json\/wp\/v2\/product\/14749","targetHints":{"allow":["GET"]}}],"collection":[{"href":"https:\/\/idakorea.ee\/en\/wp-json\/wp\/v2\/product"}],"about":[{"href":"https:\/\/idakorea.ee\/en\/wp-json\/wp\/v2\/types\/product"}],"replies":[{"embeddable":true,"href":"https:\/\/idakorea.ee\/en\/wp-json\/wp\/v2\/comments?post=14749"}],"version-history":[{"count":1,"href":"https:\/\/idakorea.ee\/en\/wp-json\/wp\/v2\/product\/14749\/revisions"}],"predecessor-version":[{"id":14751,"href":"https:\/\/idakorea.ee\/en\/wp-json\/wp\/v2\/product\/14749\/revisions\/14751"}],"wp:featuredmedia":[{"embeddable":true,"href":"https:\/\/idakorea.ee\/en\/wp-json\/wp\/v2\/media\/14750"}],"wp:attachment":[{"href":"https:\/\/idakorea.ee\/en\/wp-json\/wp\/v2\/media?parent=14749"}],"wp:term":[{"taxonomy":"pwb-brand","embeddable":true,"href":"https:\/\/idakorea.ee\/en\/wp-json\/wp\/v2\/pwb-brand?post=14749"},{"taxonomy":"product_brand","embeddable":true,"href":"https:\/\/idakorea.ee\/en\/wp-json\/wp\/v2\/product_brand?post=14749"},{"taxonomy":"product_cat","embeddable":true,"href":"https:\/\/idakorea.ee\/en\/wp-json\/wp\/v2\/product_cat?post=14749"},{"taxonomy":"product_tag","embeddable":true,"href":"https:\/\/idakorea.ee\/en\/wp-json\/wp\/v2\/product_tag?post=14749"}],"curies":[{"name":"wp","href":"https:\/\/api.w.org\/{rel}","templated":true}]}}