{"id":14752,"date":"2025-06-19T12:30:39","date_gmt":"2025-06-19T10:30:39","guid":{"rendered":"https:\/\/idakorea.ee\/?post_type=product&#038;p=14752"},"modified":"2026-04-09T14:43:15","modified_gmt":"2026-04-09T12:43:15","slug":"masil-8-seconds-salon-super-mild-hair-mask","status":"publish","type":"product","link":"https:\/\/idakorea.ee\/en\/product\/masil-8-seconds-salon-super-mild-hair-mask\/","title":{"rendered":"Restorative hair mask Masil 8 Seconds Salon Super Mild Hair Mask, 8ml"},"content":{"rendered":"<p><strong>Masil 8 Seconds Salon Super Mild Hair Mask<\/strong> It has a restorative and strengthening effect on damaged hair, improves its structure and makes it silky soft and easy to manage. Prevents breakage and frizz, adding natural shine and vitality to the hair.<\/p>\n<p>The mask makes hair smoother and easier to comb, restores shine and creates an invisible protective layer that helps restore hair after blow-drying, coloring, chemical curling or straightening. Improves the flow of nutrients to the scalp, strengthens hair follicles and promotes hair growth.<\/p>\n<p>In water, the product becomes gently creamy, spreading evenly and easily on the hair.<\/p>\n<p><strong>Main active ingredients:<\/strong><\/p>\n<ul>\n<li><strong>Amino acid complex<\/strong> \u2013 restores hair structure, improves appearance, adds smoothness and shine, protects against moisture loss and makes hair more elastic.<\/li>\n<li><strong>Haricot puju extract<\/strong> \u2013 reduces dandruff, regulates the work of the sebaceous glands, strengthens the roots.<\/li>\n<li><strong>Peppermint extract<\/strong> \u2013 gives the scalp a cooling and soothing feeling, relieves irritation.<\/li>\n<li><strong>Lavender extract<\/strong> \u2013 reduces hair loss, has antibacterial effects and helps prevent dandruff.<\/li>\n<li><strong>Vegetable protein complex<\/strong> \u2013 gives hair silkiness, smoothness and elasticity, makes it more manageable and protects against UV radiation.<\/li>\n<li><strong>Maple extract (Witch Hazel)<\/strong> \u2013 soothes sensitive scalp and makes hair soft and easy to comb.<\/li>\n<\/ul>\n<p>&nbsp;<\/p>\n<p>Suitable for weakened and damaged hair.<\/p>\n<p><strong>Usage:<\/strong><\/p>\n<p>Apply the mask to clean and damp hair and scalp, massage gently and rinse thoroughly with warm water.<\/p>\n<p>&nbsp;<\/p>\n<p>&nbsp;<\/p>","protected":false},"excerpt":{"rendered":"<p>Masil 8 Seconds Salon Super Mild Hair Mask has a restorative and strengthening effect on damaged hair, improves its structure and makes it silky soft and easy to manage. Prevents breakage and frizz, adding natural shine and vitality to the hair. The mask makes hair smoother and easier to comb, restores shine and creates an invisible protective layer that helps hair recover after\u2026<\/p>","protected":false},"featured_media":14753,"comment_status":"open","ping_status":"closed","template":"","meta":{"_uf_show_specific_survey":0,"_uf_disable_surveys":false,"_bst_post_transparent":"default","_bst_post_title":"","_bst_post_layout":"default","_bst_post_sidebar_id":"","_bst_post_content_style":"default","_bst_post_vertical_padding":"default","_bst_post_feature":"","_bst_post_feature_position":"","_bst_post_header":false,"_bst_post_footer":false},"pwb-brand":[489],"product_brand":[],"product_cat":[923],"product_tag":[941,614],"class_list":{"0":"post-14752","1":"product","2":"type-product","3":"status-publish","4":"has-post-thumbnail","6":"pwb-brand-masil","7":"product_cat-juuksed","8":"product_tag-masil","9":"product_tag-mask","11":"first","12":"instock","13":"sale","14":"shipping-taxable","15":"purchasable","16":"product-type-simple","17":"entry","18":"content-bg","19":"loop-entry"},"supplier_id":null,"supplier_sku":"","barcode":null,"atum_controlled":true,"out_stock_date":null,"out_stock_threshold":null,"inheritable":false,"inbound_stock":0,"stock_on_hold":0,"sold_today":0,"sales_last_days":5,"out_stock_days":0,"lost_sales":0,"has_location":false,"update_date":"2026-04-14T10:03:41","atum_locations":[],"atum_stock_status":"instock","restock_status":false,"low_stock_amount":"","sales_update_date":"2026-04-14T10:03:41","calc_backorders":null,"yoast_head":"<!-- This site is optimized with the Yoast SEO plugin v27.2 - https:\/\/yoast.com\/product\/yoast-seo-wordpress\/ -->\n<title>Masil 8 Seconds Salon Super Mild Hair Mask, 8ml - IDA.KOREA<\/title>\n<meta name=\"description\" content=\"\u00d5rn taastav juuksemask parandab kahjustatud juukseid, lisab pehmust ja s\u00e4ra, hoiab \u00e4ra katkemise ning soodustab kasvu. Sobib n\u00f5rgenenud juustele.\" \/>\n<meta name=\"robots\" content=\"index, follow, max-snippet:-1, max-image-preview:large, max-video-preview:-1\" \/>\n<link rel=\"canonical\" href=\"https:\/\/idakorea.ee\/en\/product\/masil-8-seconds-salon-super-mild-hair-mask\/\" \/>\n<meta property=\"og:locale\" content=\"en_US\" \/>\n<meta property=\"og:type\" content=\"article\" \/>\n<meta property=\"og:title\" content=\"Masil 8 Seconds Salon Super Mild Hair Mask, 8ml - IDA.KOREA\" \/>\n<meta property=\"og:description\" content=\"\u00d5rn taastav juuksemask parandab kahjustatud juukseid, lisab pehmust ja s\u00e4ra, hoiab \u00e4ra katkemise ning soodustab kasvu. Sobib n\u00f5rgenenud juustele.\" \/>\n<meta property=\"og:url\" content=\"https:\/\/idakorea.ee\/en\/product\/masil-8-seconds-salon-super-mild-hair-mask\/\" \/>\n<meta property=\"og:site_name\" content=\"IDA.KOREA\" \/>\n<meta property=\"article:modified_time\" content=\"2026-04-09T12:43:15+00:00\" \/>\n<meta property=\"og:image\" content=\"https:\/\/idakorea.ee\/wp-content\/uploads\/2025\/06\/masil_8_seconds_salon_super_mild_hair_mask-idakorea.ee_.jpg\" \/>\n\t<meta property=\"og:image:width\" content=\"1000\" \/>\n\t<meta property=\"og:image:height\" content=\"1000\" \/>\n\t<meta property=\"og:image:type\" content=\"image\/jpeg\" \/>\n<meta name=\"twitter:card\" content=\"summary_large_image\" \/>\n<meta name=\"twitter:label1\" content=\"Est. reading time\" \/>\n\t<meta name=\"twitter:data1\" content=\"2 minutes\" \/>\n<script type=\"application\/ld+json\" class=\"yoast-schema-graph\">{\"@context\":\"https:\/\/schema.org\",\"@graph\":[{\"@type\":\"WebPage\",\"@id\":\"https:\/\/idakorea.ee\/product\/masil-8-seconds-salon-super-mild-hair-mask\/\",\"url\":\"https:\/\/idakorea.ee\/product\/masil-8-seconds-salon-super-mild-hair-mask\/\",\"name\":\"Masil 8 Seconds Salon Super Mild Hair Mask, 8ml - IDA.KOREA\",\"isPartOf\":{\"@id\":\"https:\/\/idakorea.ee\/#website\"},\"primaryImageOfPage\":{\"@id\":\"https:\/\/idakorea.ee\/product\/masil-8-seconds-salon-super-mild-hair-mask\/#primaryimage\"},\"image\":{\"@id\":\"https:\/\/idakorea.ee\/product\/masil-8-seconds-salon-super-mild-hair-mask\/#primaryimage\"},\"thumbnailUrl\":\"https:\/\/idakorea.ee\/wp-content\/uploads\/2025\/06\/masil_8_seconds_salon_super_mild_hair_mask-idakorea.ee_.jpg\",\"datePublished\":\"2025-06-19T10:30:39+00:00\",\"dateModified\":\"2026-04-09T12:43:15+00:00\",\"description\":\"\u00d5rn taastav juuksemask parandab kahjustatud juukseid, lisab pehmust ja s\u00e4ra, hoiab \u00e4ra katkemise ning soodustab kasvu. Sobib n\u00f5rgenenud juustele.\",\"breadcrumb\":{\"@id\":\"https:\/\/idakorea.ee\/product\/masil-8-seconds-salon-super-mild-hair-mask\/#breadcrumb\"},\"inLanguage\":\"en-US\",\"potentialAction\":[{\"@type\":\"ReadAction\",\"target\":[\"https:\/\/idakorea.ee\/product\/masil-8-seconds-salon-super-mild-hair-mask\/\"]}]},{\"@type\":\"ImageObject\",\"inLanguage\":\"en-US\",\"@id\":\"https:\/\/idakorea.ee\/product\/masil-8-seconds-salon-super-mild-hair-mask\/#primaryimage\",\"url\":\"https:\/\/idakorea.ee\/wp-content\/uploads\/2025\/06\/masil_8_seconds_salon_super_mild_hair_mask-idakorea.ee_.jpg\",\"contentUrl\":\"https:\/\/idakorea.ee\/wp-content\/uploads\/2025\/06\/masil_8_seconds_salon_super_mild_hair_mask-idakorea.ee_.jpg\",\"width\":1000,\"height\":1000},{\"@type\":\"BreadcrumbList\",\"@id\":\"https:\/\/idakorea.ee\/product\/masil-8-seconds-salon-super-mild-hair-mask\/#breadcrumb\",\"itemListElement\":[{\"@type\":\"ListItem\",\"position\":1,\"name\":\"\u0413\u043b\u0430\u0432\u043d\u0430\u044f \u0441\u0442\u0440\u0430\u043d\u0438\u0446\u0430\",\"item\":\"https:\/\/idakorea.ee\/\"},{\"@type\":\"ListItem\",\"position\":2,\"name\":\"Shop\",\"item\":\"https:\/\/idakorea.ee\/shop-2\/\"},{\"@type\":\"ListItem\",\"position\":3,\"name\":\"Taastav juuksemask Masil 8 Seconds Salon Super Mild Hair Mask, 8ml\"}]},{\"@type\":\"WebSite\",\"@id\":\"https:\/\/idakorea.ee\/#website\",\"url\":\"https:\/\/idakorea.ee\/\",\"name\":\"IDA.KOREA\",\"description\":\"Korea kosmeetika e-pood\",\"publisher\":{\"@id\":\"https:\/\/idakorea.ee\/#organization\"},\"alternateName\":\"Beauty Shop\",\"potentialAction\":[{\"@type\":\"SearchAction\",\"target\":{\"@type\":\"EntryPoint\",\"urlTemplate\":\"https:\/\/idakorea.ee\/?s={search_term_string}\"},\"query-input\":{\"@type\":\"PropertyValueSpecification\",\"valueRequired\":true,\"valueName\":\"search_term_string\"}}],\"inLanguage\":\"en-US\"},{\"@type\":\"Organization\",\"@id\":\"https:\/\/idakorea.ee\/#organization\",\"name\":\"IDA.KOREA\",\"url\":\"https:\/\/idakorea.ee\/\",\"logo\":{\"@type\":\"ImageObject\",\"inLanguage\":\"en-US\",\"@id\":\"https:\/\/idakorea.ee\/#\/schema\/logo\/image\/\",\"url\":\"https:\/\/idakorea.ee\/wp-content\/uploads\/2024\/05\/cropped-korea3.png\",\"contentUrl\":\"https:\/\/idakorea.ee\/wp-content\/uploads\/2024\/05\/cropped-korea3.png\",\"width\":688,\"height\":126,\"caption\":\"IDA.KOREA\"},\"image\":{\"@id\":\"https:\/\/idakorea.ee\/#\/schema\/logo\/image\/\"},\"sameAs\":[\"https:\/\/www.instagram.com\/ida.korea\/\"]}]}<\/script>\n<!-- \/ Yoast SEO plugin. -->","yoast_head_json":{"title":"Masil 8 Seconds Salon Super Mild Hair Mask, 8ml - IDA.KOREA","description":"A gentle restorative hair mask that repairs damaged hair, adds softness and shine, prevents breakage, and promotes growth. Suitable for weakened hair.","robots":{"index":"index","follow":"follow","max-snippet":"max-snippet:-1","max-image-preview":"max-image-preview:large","max-video-preview":"max-video-preview:-1"},"canonical":"https:\/\/idakorea.ee\/en\/product\/masil-8-seconds-salon-super-mild-hair-mask\/","og_locale":"en_US","og_type":"article","og_title":"Masil 8 Seconds Salon Super Mild Hair Mask, 8ml - IDA.KOREA","og_description":"\u00d5rn taastav juuksemask parandab kahjustatud juukseid, lisab pehmust ja s\u00e4ra, hoiab \u00e4ra katkemise ning soodustab kasvu. Sobib n\u00f5rgenenud juustele.","og_url":"https:\/\/idakorea.ee\/en\/product\/masil-8-seconds-salon-super-mild-hair-mask\/","og_site_name":"IDA.KOREA","article_modified_time":"2026-04-09T12:43:15+00:00","og_image":[{"width":1000,"height":1000,"url":"https:\/\/idakorea.ee\/wp-content\/uploads\/2025\/06\/masil_8_seconds_salon_super_mild_hair_mask-idakorea.ee_.jpg","type":"image\/jpeg"}],"twitter_card":"summary_large_image","twitter_misc":{"Est. reading time":"2 minutes"},"schema":{"@context":"https:\/\/schema.org","@graph":[{"@type":"WebPage","@id":"https:\/\/idakorea.ee\/product\/masil-8-seconds-salon-super-mild-hair-mask\/","url":"https:\/\/idakorea.ee\/product\/masil-8-seconds-salon-super-mild-hair-mask\/","name":"Masil 8 Seconds Salon Super Mild Hair Mask, 8ml - IDA.KOREA","isPartOf":{"@id":"https:\/\/idakorea.ee\/#website"},"primaryImageOfPage":{"@id":"https:\/\/idakorea.ee\/product\/masil-8-seconds-salon-super-mild-hair-mask\/#primaryimage"},"image":{"@id":"https:\/\/idakorea.ee\/product\/masil-8-seconds-salon-super-mild-hair-mask\/#primaryimage"},"thumbnailUrl":"https:\/\/idakorea.ee\/wp-content\/uploads\/2025\/06\/masil_8_seconds_salon_super_mild_hair_mask-idakorea.ee_.jpg","datePublished":"2025-06-19T10:30:39+00:00","dateModified":"2026-04-09T12:43:15+00:00","description":"A gentle restorative hair mask that repairs damaged hair, adds softness and shine, prevents breakage, and promotes growth. Suitable for weakened hair.","breadcrumb":{"@id":"https:\/\/idakorea.ee\/product\/masil-8-seconds-salon-super-mild-hair-mask\/#breadcrumb"},"inLanguage":"en-US","potentialAction":[{"@type":"ReadAction","target":["https:\/\/idakorea.ee\/product\/masil-8-seconds-salon-super-mild-hair-mask\/"]}]},{"@type":"ImageObject","inLanguage":"en-US","@id":"https:\/\/idakorea.ee\/product\/masil-8-seconds-salon-super-mild-hair-mask\/#primaryimage","url":"https:\/\/idakorea.ee\/wp-content\/uploads\/2025\/06\/masil_8_seconds_salon_super_mild_hair_mask-idakorea.ee_.jpg","contentUrl":"https:\/\/idakorea.ee\/wp-content\/uploads\/2025\/06\/masil_8_seconds_salon_super_mild_hair_mask-idakorea.ee_.jpg","width":1000,"height":1000},{"@type":"BreadcrumbList","@id":"https:\/\/idakorea.ee\/product\/masil-8-seconds-salon-super-mild-hair-mask\/#breadcrumb","itemListElement":[{"@type":"ListItem","position":1,"name":"\u0413\u043b\u0430\u0432\u043d\u0430\u044f \u0441\u0442\u0440\u0430\u043d\u0438\u0446\u0430","item":"https:\/\/idakorea.ee\/"},{"@type":"ListItem","position":2,"name":"Shop","item":"https:\/\/idakorea.ee\/shop-2\/"},{"@type":"ListItem","position":3,"name":"Taastav juuksemask Masil 8 Seconds Salon Super Mild Hair Mask, 8ml"}]},{"@type":"WebSite","@id":"https:\/\/idakorea.ee\/#website","url":"https:\/\/idakorea.ee\/","name":"IDA.KOREA","description":"Korean cosmetics e-shop","publisher":{"@id":"https:\/\/idakorea.ee\/#organization"},"alternateName":"Beauty Shop","potentialAction":[{"@type":"SearchAction","target":{"@type":"EntryPoint","urlTemplate":"https:\/\/idakorea.ee\/?s={search_term_string}"},"query-input":{"@type":"PropertyValueSpecification","valueRequired":true,"valueName":"search_term_string"}}],"inLanguage":"en-US"},{"@type":"Organization","@id":"https:\/\/idakorea.ee\/#organization","name":"IDA.KOREA","url":"https:\/\/idakorea.ee\/","logo":{"@type":"ImageObject","inLanguage":"en-US","@id":"https:\/\/idakorea.ee\/#\/schema\/logo\/image\/","url":"https:\/\/idakorea.ee\/wp-content\/uploads\/2024\/05\/cropped-korea3.png","contentUrl":"https:\/\/idakorea.ee\/wp-content\/uploads\/2024\/05\/cropped-korea3.png","width":688,"height":126,"caption":"IDA.KOREA"},"image":{"@id":"https:\/\/idakorea.ee\/#\/schema\/logo\/image\/"},"sameAs":["https:\/\/www.instagram.com\/ida.korea\/"]}]}},"jetpack_sharing_enabled":true,"brands":[{"id":489,"name":"MASIL","slug":"masil"}],"_links":{"self":[{"href":"https:\/\/idakorea.ee\/en\/wp-json\/wp\/v2\/product\/14752","targetHints":{"allow":["GET"]}}],"collection":[{"href":"https:\/\/idakorea.ee\/en\/wp-json\/wp\/v2\/product"}],"about":[{"href":"https:\/\/idakorea.ee\/en\/wp-json\/wp\/v2\/types\/product"}],"replies":[{"embeddable":true,"href":"https:\/\/idakorea.ee\/en\/wp-json\/wp\/v2\/comments?post=14752"}],"version-history":[{"count":3,"href":"https:\/\/idakorea.ee\/en\/wp-json\/wp\/v2\/product\/14752\/revisions"}],"predecessor-version":[{"id":17876,"href":"https:\/\/idakorea.ee\/en\/wp-json\/wp\/v2\/product\/14752\/revisions\/17876"}],"wp:featuredmedia":[{"embeddable":true,"href":"https:\/\/idakorea.ee\/en\/wp-json\/wp\/v2\/media\/14753"}],"wp:attachment":[{"href":"https:\/\/idakorea.ee\/en\/wp-json\/wp\/v2\/media?parent=14752"}],"wp:term":[{"taxonomy":"pwb-brand","embeddable":true,"href":"https:\/\/idakorea.ee\/en\/wp-json\/wp\/v2\/pwb-brand?post=14752"},{"taxonomy":"product_brand","embeddable":true,"href":"https:\/\/idakorea.ee\/en\/wp-json\/wp\/v2\/product_brand?post=14752"},{"taxonomy":"product_cat","embeddable":true,"href":"https:\/\/idakorea.ee\/en\/wp-json\/wp\/v2\/product_cat?post=14752"},{"taxonomy":"product_tag","embeddable":true,"href":"https:\/\/idakorea.ee\/en\/wp-json\/wp\/v2\/product_tag?post=14752"}],"curies":[{"name":"wp","href":"https:\/\/api.w.org\/{rel}","templated":true}]}}