{"id":14755,"date":"2025-06-19T13:39:18","date_gmt":"2025-06-19T10:39:18","guid":{"rendered":"https:\/\/idakorea.ee\/?post_type=product&#038;p=14755"},"modified":"2026-03-12T10:31:47","modified_gmt":"2026-03-12T08:31:47","slug":"masil-8-seconds-salon-hair-mask","status":"publish","type":"product","link":"https:\/\/idakorea.ee\/en\/product\/masil-8-seconds-salon-hair-mask\/","title":{"rendered":"Intensive hair mask Masil 8 Seconds Salon Hair Mask, 8ml"},"content":{"rendered":"<p><strong>Masil 8 Seconds Salon Hair Mask<\/strong> is an intensive instant mask that makes hair silky, smooth and vibrant in just 8 seconds. Provides natural shine and softness, restores damaged hair from root to tip.<\/p>\n<p>The highly concentrated formula penetrates deep into the hair cuticle, improving the structure and restoring elasticity even in the most damaged hair. The mask also cares for the scalp, balances pH, reduces oiliness, strengthens the roots and helps prevent hair loss.<\/p>\n<p>The product contains 16 herbal extracts, including licorice, green tea, lavender, lemon, centella, orange, gingko, and more \u2014 all of these ingredients strengthen hair, reduce brittleness, and give it a beautiful, shiny finish.<\/p>\n<p>In essence form, the product spreads easily and starts working immediately \u2014 in just 8 seconds, the result is stronger, smoother, and healthier hair.<\/p>\n<p><strong>Main active ingredients:<\/strong><\/p>\n<ul>\n<li><strong>Hydrolyzed keratin<\/strong> \u2013 restores hair, smoothes and adds elasticity, forms a protective layer to retain moisture.<\/li>\n<li><strong>Hydrolysed collagen<\/strong> \u2013 makes hair soft and bouncy, reduces breakage and restores natural shine.<\/li>\n<li><strong>Ceramides<\/strong> \u2013 strengthen hair fibers, restore damaged areas, give hair strength and silky smoothness.<\/li>\n<li><strong>Silk proteins<\/strong> \u2013 provide silky softness and UV protection, improve combability and hold.<\/li>\n<li><strong>Spirulina extract<\/strong> \u2013 stimulates hair growth, strengthens roots, improves cell metabolism and intensely moisturizes.<\/li>\n<\/ul>\n<p>&nbsp;<\/p>\n<p><strong>Usage:<\/strong><\/p>\n<p>Apply the mask to damp and clean hair. Distribute evenly throughout the length. Leave on for at least 8 seconds, for severely damaged hair 3-5 minutes. Rinse thoroughly with warm water.<\/p>\n<p>&nbsp;<\/p>\n<p>&nbsp;<\/p>\n<p>&nbsp;<\/p>","protected":false},"excerpt":{"rendered":"<p>Masil 8 Seconds Salon Hair Mask is an intensive instant mask that makes hair silky, smooth and vibrant in just 8 seconds. Provides natural shine and softness, restores damaged hair from root to tip. The highly concentrated formula penetrates deep into the hair cuticle, improves structure and restores elasticity even in the most damaged hair. The mask also cares for the scalp, balances pH, reduces oiliness, strengthens roots and helps\u2026<\/p>","protected":false},"featured_media":14756,"comment_status":"open","ping_status":"closed","template":"","meta":{"_uf_show_specific_survey":0,"_uf_disable_surveys":false,"_bst_post_transparent":"default","_bst_post_title":"","_bst_post_layout":"default","_bst_post_sidebar_id":"","_bst_post_content_style":"default","_bst_post_vertical_padding":"default","_bst_post_feature":"","_bst_post_feature_position":"","_bst_post_header":false,"_bst_post_footer":false},"pwb-brand":[489],"product_brand":[],"product_cat":[923],"product_tag":[941,614],"class_list":{"0":"post-14755","1":"product","2":"type-product","3":"status-publish","4":"has-post-thumbnail","6":"pwb-brand-masil","7":"product_cat-juuksed","8":"product_tag-masil","9":"product_tag-mask","11":"first","12":"instock","13":"sale","14":"shipping-taxable","15":"purchasable","16":"product-type-simple","17":"entry","18":"content-bg","19":"loop-entry"},"supplier_id":null,"supplier_sku":"","barcode":null,"atum_controlled":true,"out_stock_date":null,"out_stock_threshold":null,"inheritable":false,"inbound_stock":0,"stock_on_hold":0,"sold_today":0,"sales_last_days":0,"out_stock_days":0,"lost_sales":0,"has_location":false,"update_date":"2026-04-14T00:05:08","atum_locations":[],"atum_stock_status":"instock","restock_status":false,"low_stock_amount":"","sales_update_date":"2026-04-14T00:05:08","calc_backorders":null,"yoast_head":"<!-- This site is optimized with the Yoast SEO plugin v27.2 - https:\/\/yoast.com\/product\/yoast-seo-wordpress\/ -->\n<title>Masil 8 Seconds Salon Hair Mask, 8ml - IDA.KOREA<\/title>\n<meta name=\"description\" content=\"Kiirm\u00f5juline juuksemask taastab kahjustatud juukseid juba 8 sekundiga, lisab sileduse ja s\u00e4ra, tugevdab juuri ja v\u00e4hendab juuste v\u00e4ljalangemist.\" \/>\n<meta name=\"robots\" content=\"index, follow, max-snippet:-1, max-image-preview:large, max-video-preview:-1\" \/>\n<link rel=\"canonical\" href=\"https:\/\/idakorea.ee\/en\/product\/masil-8-seconds-salon-hair-mask\/\" \/>\n<meta property=\"og:locale\" content=\"en_US\" \/>\n<meta property=\"og:type\" content=\"article\" \/>\n<meta property=\"og:title\" content=\"Masil 8 Seconds Salon Hair Mask, 8ml - IDA.KOREA\" \/>\n<meta property=\"og:description\" content=\"Kiirm\u00f5juline juuksemask taastab kahjustatud juukseid juba 8 sekundiga, lisab sileduse ja s\u00e4ra, tugevdab juuri ja v\u00e4hendab juuste v\u00e4ljalangemist.\" \/>\n<meta property=\"og:url\" content=\"https:\/\/idakorea.ee\/en\/product\/masil-8-seconds-salon-hair-mask\/\" \/>\n<meta property=\"og:site_name\" content=\"IDA.KOREA\" \/>\n<meta property=\"article:modified_time\" content=\"2026-03-12T08:31:47+00:00\" \/>\n<meta property=\"og:image\" content=\"https:\/\/idakorea.ee\/wp-content\/uploads\/2025\/06\/masil_8_seconds_salon_hair_mask_8-idakorea.ee_.jpg\" \/>\n\t<meta property=\"og:image:width\" content=\"1000\" \/>\n\t<meta property=\"og:image:height\" content=\"1000\" \/>\n\t<meta property=\"og:image:type\" content=\"image\/jpeg\" \/>\n<meta name=\"twitter:card\" content=\"summary_large_image\" \/>\n<meta name=\"twitter:label1\" content=\"Est. reading time\" \/>\n\t<meta name=\"twitter:data1\" content=\"2 minutes\" \/>\n<script type=\"application\/ld+json\" class=\"yoast-schema-graph\">{\"@context\":\"https:\/\/schema.org\",\"@graph\":[{\"@type\":\"WebPage\",\"@id\":\"https:\/\/idakorea.ee\/product\/masil-8-seconds-salon-hair-mask\/\",\"url\":\"https:\/\/idakorea.ee\/product\/masil-8-seconds-salon-hair-mask\/\",\"name\":\"Masil 8 Seconds Salon Hair Mask, 8ml - IDA.KOREA\",\"isPartOf\":{\"@id\":\"https:\/\/idakorea.ee\/#website\"},\"primaryImageOfPage\":{\"@id\":\"https:\/\/idakorea.ee\/product\/masil-8-seconds-salon-hair-mask\/#primaryimage\"},\"image\":{\"@id\":\"https:\/\/idakorea.ee\/product\/masil-8-seconds-salon-hair-mask\/#primaryimage\"},\"thumbnailUrl\":\"https:\/\/idakorea.ee\/wp-content\/uploads\/2025\/06\/masil_8_seconds_salon_hair_mask_8-idakorea.ee_.jpg\",\"datePublished\":\"2025-06-19T10:39:18+00:00\",\"dateModified\":\"2026-03-12T08:31:47+00:00\",\"description\":\"Kiirm\u00f5juline juuksemask taastab kahjustatud juukseid juba 8 sekundiga, lisab sileduse ja s\u00e4ra, tugevdab juuri ja v\u00e4hendab juuste v\u00e4ljalangemist.\",\"breadcrumb\":{\"@id\":\"https:\/\/idakorea.ee\/product\/masil-8-seconds-salon-hair-mask\/#breadcrumb\"},\"inLanguage\":\"en-US\",\"potentialAction\":[{\"@type\":\"ReadAction\",\"target\":[\"https:\/\/idakorea.ee\/product\/masil-8-seconds-salon-hair-mask\/\"]}]},{\"@type\":\"ImageObject\",\"inLanguage\":\"en-US\",\"@id\":\"https:\/\/idakorea.ee\/product\/masil-8-seconds-salon-hair-mask\/#primaryimage\",\"url\":\"https:\/\/idakorea.ee\/wp-content\/uploads\/2025\/06\/masil_8_seconds_salon_hair_mask_8-idakorea.ee_.jpg\",\"contentUrl\":\"https:\/\/idakorea.ee\/wp-content\/uploads\/2025\/06\/masil_8_seconds_salon_hair_mask_8-idakorea.ee_.jpg\",\"width\":1000,\"height\":1000},{\"@type\":\"BreadcrumbList\",\"@id\":\"https:\/\/idakorea.ee\/product\/masil-8-seconds-salon-hair-mask\/#breadcrumb\",\"itemListElement\":[{\"@type\":\"ListItem\",\"position\":1,\"name\":\"\u0413\u043b\u0430\u0432\u043d\u0430\u044f \u0441\u0442\u0440\u0430\u043d\u0438\u0446\u0430\",\"item\":\"https:\/\/idakorea.ee\/\"},{\"@type\":\"ListItem\",\"position\":2,\"name\":\"Shop\",\"item\":\"https:\/\/idakorea.ee\/shop-2\/\"},{\"@type\":\"ListItem\",\"position\":3,\"name\":\"Intensiivne juuksemask Masil 8 Seconds Salon Hair Mask, 8ml\"}]},{\"@type\":\"WebSite\",\"@id\":\"https:\/\/idakorea.ee\/#website\",\"url\":\"https:\/\/idakorea.ee\/\",\"name\":\"IDA.KOREA\",\"description\":\"Korea kosmeetika e-pood\",\"publisher\":{\"@id\":\"https:\/\/idakorea.ee\/#organization\"},\"alternateName\":\"Beauty Shop\",\"potentialAction\":[{\"@type\":\"SearchAction\",\"target\":{\"@type\":\"EntryPoint\",\"urlTemplate\":\"https:\/\/idakorea.ee\/?s={search_term_string}\"},\"query-input\":{\"@type\":\"PropertyValueSpecification\",\"valueRequired\":true,\"valueName\":\"search_term_string\"}}],\"inLanguage\":\"en-US\"},{\"@type\":\"Organization\",\"@id\":\"https:\/\/idakorea.ee\/#organization\",\"name\":\"IDA.KOREA\",\"url\":\"https:\/\/idakorea.ee\/\",\"logo\":{\"@type\":\"ImageObject\",\"inLanguage\":\"en-US\",\"@id\":\"https:\/\/idakorea.ee\/#\/schema\/logo\/image\/\",\"url\":\"https:\/\/idakorea.ee\/wp-content\/uploads\/2024\/05\/cropped-korea3.png\",\"contentUrl\":\"https:\/\/idakorea.ee\/wp-content\/uploads\/2024\/05\/cropped-korea3.png\",\"width\":688,\"height\":126,\"caption\":\"IDA.KOREA\"},\"image\":{\"@id\":\"https:\/\/idakorea.ee\/#\/schema\/logo\/image\/\"},\"sameAs\":[\"https:\/\/www.instagram.com\/ida.korea\/\"]}]}<\/script>\n<!-- \/ Yoast SEO plugin. -->","yoast_head_json":{"title":"Masil 8 Seconds Salon Hair Mask, 8ml - IDA.KOREA","description":"The fast-acting hair mask restores damaged hair in just 8 seconds, adds smoothness and shine, strengthens roots, and reduces hair loss.","robots":{"index":"index","follow":"follow","max-snippet":"max-snippet:-1","max-image-preview":"max-image-preview:large","max-video-preview":"max-video-preview:-1"},"canonical":"https:\/\/idakorea.ee\/en\/product\/masil-8-seconds-salon-hair-mask\/","og_locale":"en_US","og_type":"article","og_title":"Masil 8 Seconds Salon Hair Mask, 8ml - IDA.KOREA","og_description":"Kiirm\u00f5juline juuksemask taastab kahjustatud juukseid juba 8 sekundiga, lisab sileduse ja s\u00e4ra, tugevdab juuri ja v\u00e4hendab juuste v\u00e4ljalangemist.","og_url":"https:\/\/idakorea.ee\/en\/product\/masil-8-seconds-salon-hair-mask\/","og_site_name":"IDA.KOREA","article_modified_time":"2026-03-12T08:31:47+00:00","og_image":[{"width":1000,"height":1000,"url":"https:\/\/idakorea.ee\/wp-content\/uploads\/2025\/06\/masil_8_seconds_salon_hair_mask_8-idakorea.ee_.jpg","type":"image\/jpeg"}],"twitter_card":"summary_large_image","twitter_misc":{"Est. reading time":"2 minutes"},"schema":{"@context":"https:\/\/schema.org","@graph":[{"@type":"WebPage","@id":"https:\/\/idakorea.ee\/product\/masil-8-seconds-salon-hair-mask\/","url":"https:\/\/idakorea.ee\/product\/masil-8-seconds-salon-hair-mask\/","name":"Masil 8 Seconds Salon Hair Mask, 8ml - IDA.KOREA","isPartOf":{"@id":"https:\/\/idakorea.ee\/#website"},"primaryImageOfPage":{"@id":"https:\/\/idakorea.ee\/product\/masil-8-seconds-salon-hair-mask\/#primaryimage"},"image":{"@id":"https:\/\/idakorea.ee\/product\/masil-8-seconds-salon-hair-mask\/#primaryimage"},"thumbnailUrl":"https:\/\/idakorea.ee\/wp-content\/uploads\/2025\/06\/masil_8_seconds_salon_hair_mask_8-idakorea.ee_.jpg","datePublished":"2025-06-19T10:39:18+00:00","dateModified":"2026-03-12T08:31:47+00:00","description":"The fast-acting hair mask restores damaged hair in just 8 seconds, adds smoothness and shine, strengthens roots, and reduces hair loss.","breadcrumb":{"@id":"https:\/\/idakorea.ee\/product\/masil-8-seconds-salon-hair-mask\/#breadcrumb"},"inLanguage":"en-US","potentialAction":[{"@type":"ReadAction","target":["https:\/\/idakorea.ee\/product\/masil-8-seconds-salon-hair-mask\/"]}]},{"@type":"ImageObject","inLanguage":"en-US","@id":"https:\/\/idakorea.ee\/product\/masil-8-seconds-salon-hair-mask\/#primaryimage","url":"https:\/\/idakorea.ee\/wp-content\/uploads\/2025\/06\/masil_8_seconds_salon_hair_mask_8-idakorea.ee_.jpg","contentUrl":"https:\/\/idakorea.ee\/wp-content\/uploads\/2025\/06\/masil_8_seconds_salon_hair_mask_8-idakorea.ee_.jpg","width":1000,"height":1000},{"@type":"BreadcrumbList","@id":"https:\/\/idakorea.ee\/product\/masil-8-seconds-salon-hair-mask\/#breadcrumb","itemListElement":[{"@type":"ListItem","position":1,"name":"\u0413\u043b\u0430\u0432\u043d\u0430\u044f \u0441\u0442\u0440\u0430\u043d\u0438\u0446\u0430","item":"https:\/\/idakorea.ee\/"},{"@type":"ListItem","position":2,"name":"Shop","item":"https:\/\/idakorea.ee\/shop-2\/"},{"@type":"ListItem","position":3,"name":"Intensiivne juuksemask Masil 8 Seconds Salon Hair Mask, 8ml"}]},{"@type":"WebSite","@id":"https:\/\/idakorea.ee\/#website","url":"https:\/\/idakorea.ee\/","name":"IDA.KOREA","description":"Korean cosmetics e-shop","publisher":{"@id":"https:\/\/idakorea.ee\/#organization"},"alternateName":"Beauty Shop","potentialAction":[{"@type":"SearchAction","target":{"@type":"EntryPoint","urlTemplate":"https:\/\/idakorea.ee\/?s={search_term_string}"},"query-input":{"@type":"PropertyValueSpecification","valueRequired":true,"valueName":"search_term_string"}}],"inLanguage":"en-US"},{"@type":"Organization","@id":"https:\/\/idakorea.ee\/#organization","name":"IDA.KOREA","url":"https:\/\/idakorea.ee\/","logo":{"@type":"ImageObject","inLanguage":"en-US","@id":"https:\/\/idakorea.ee\/#\/schema\/logo\/image\/","url":"https:\/\/idakorea.ee\/wp-content\/uploads\/2024\/05\/cropped-korea3.png","contentUrl":"https:\/\/idakorea.ee\/wp-content\/uploads\/2024\/05\/cropped-korea3.png","width":688,"height":126,"caption":"IDA.KOREA"},"image":{"@id":"https:\/\/idakorea.ee\/#\/schema\/logo\/image\/"},"sameAs":["https:\/\/www.instagram.com\/ida.korea\/"]}]}},"jetpack_sharing_enabled":true,"brands":[{"id":489,"name":"MASIL","slug":"masil"}],"_links":{"self":[{"href":"https:\/\/idakorea.ee\/en\/wp-json\/wp\/v2\/product\/14755","targetHints":{"allow":["GET"]}}],"collection":[{"href":"https:\/\/idakorea.ee\/en\/wp-json\/wp\/v2\/product"}],"about":[{"href":"https:\/\/idakorea.ee\/en\/wp-json\/wp\/v2\/types\/product"}],"replies":[{"embeddable":true,"href":"https:\/\/idakorea.ee\/en\/wp-json\/wp\/v2\/comments?post=14755"}],"version-history":[{"count":1,"href":"https:\/\/idakorea.ee\/en\/wp-json\/wp\/v2\/product\/14755\/revisions"}],"predecessor-version":[{"id":14757,"href":"https:\/\/idakorea.ee\/en\/wp-json\/wp\/v2\/product\/14755\/revisions\/14757"}],"wp:featuredmedia":[{"embeddable":true,"href":"https:\/\/idakorea.ee\/en\/wp-json\/wp\/v2\/media\/14756"}],"wp:attachment":[{"href":"https:\/\/idakorea.ee\/en\/wp-json\/wp\/v2\/media?parent=14755"}],"wp:term":[{"taxonomy":"pwb-brand","embeddable":true,"href":"https:\/\/idakorea.ee\/en\/wp-json\/wp\/v2\/pwb-brand?post=14755"},{"taxonomy":"product_brand","embeddable":true,"href":"https:\/\/idakorea.ee\/en\/wp-json\/wp\/v2\/product_brand?post=14755"},{"taxonomy":"product_cat","embeddable":true,"href":"https:\/\/idakorea.ee\/en\/wp-json\/wp\/v2\/product_cat?post=14755"},{"taxonomy":"product_tag","embeddable":true,"href":"https:\/\/idakorea.ee\/en\/wp-json\/wp\/v2\/product_tag?post=14755"}],"curies":[{"name":"wp","href":"https:\/\/api.w.org\/{rel}","templated":true}]}}