{"id":14758,"date":"2025-06-19T14:36:15","date_gmt":"2025-06-19T11:36:15","guid":{"rendered":"https:\/\/idakorea.ee\/?post_type=product&#038;p=14758"},"modified":"2026-04-04T18:38:09","modified_gmt":"2026-04-04T16:38:09","slug":"medicube-txa-niacinamide-15-serum","status":"publish","type":"product","link":"https:\/\/idakorea.ee\/en\/product\/medicube-txa-niacinamide-15-serum\/","title":{"rendered":"Skin tone-evening serum Medicube TXA Niacinamide 15% Serum, 30ml"},"content":{"rendered":"<p>This hydrating and brightening serum evens out skin tone, leaving skin smoother and more well-groomed. Powerful antioxidants help slow down the aging process, protect against environmental aggressors, and reduce skin photosensitivity.<\/p>\n<p>The product reduces the activity of tyrosinase \u2013 an enzyme involved in the production of melanin \u2013 helping to combat age spots and acne scars. Intensive hydration is provided by a complex of 10 hyaluronic acids with different molecular weights, which moisturize both the surface and deeper layers of the skin. The skin becomes soft, elastic and the moisture balance is restored. The serum has anti-aging and anti-inflammatory effects.<\/p>\n<p>The light, quickly absorbed texture leaves no sticky layer or greasy shine on the skin.<\/p>\n<p><strong>Main active ingredients:<\/strong><\/p>\n<ul>\n<li><strong>Niacinamide (100,000 ppm)<\/strong> \u2013 reduces melanin production, brightens and evens out skin tone, improves the skin&#039;s protective barrier, tightens pores, reduces sebum secretion, and gives the skin freshness and radiance.<\/li>\n<li><strong>Tranexamic acid (50,000 ppm)<\/strong> \u2013 safe and effective against pigmentation, inhibits tyrosinase activity and does not cause photosensitivity.<\/li>\n<li><strong>Arbutiin<\/strong> \u2013 brightens the skin, soothes irritations, reduces pigment spots and acne scars.<\/li>\n<li><strong>Adenos<\/strong> \u2013 stimulates collagen production, improves skin elasticity and helps smooth wrinkles, soothes redness and protects against free radicals.<\/li>\n<li><strong>Guava extract<\/strong> \u2013 moisturizes and nourishes the skin, relieves inflammation, improves skin tone and gives freshness.<\/li>\n<li><strong>Pantenol<\/strong> \u2013 promotes skin cell renewal, moisturizes and relieves dryness and irritation, reduces the visibility of wrinkles.<\/li>\n<li><strong>Betaine<\/strong> \u2013 moisturizes and softens the skin, restores water balance.<\/li>\n<li><strong>Rose oil<\/strong> \u2013 has an antioxidant effect, soothes and rejuvenates the skin, evens out skin tone and regulates sebum secretion.<\/li>\n<li><strong>Ferulic acid<\/strong> \u2013 a powerful natural antioxidant, protects against stress and aging, reduces pigmentation and inflammation.<\/li>\n<li><strong>Glutathione<\/strong> \u2013 a powerful antioxidant, brightens and smoothes the skin, reduces age spots and slows down the aging process.<\/li>\n<li><strong>10-hyaluronic acid complex<\/strong> \u2013 intensively moisturizes both superficial and deep layers, improves skin elasticity, reduces wrinkles and smoothes texture.<\/li>\n<li><strong>Peptide complex (Acetyl Tetrapeptide-5, Hexapeptide-9, Palmitoyl Tripeptide-5)<\/strong> \u2013 stimulates the production of collagen and elastin, tightens the skin, smoothes wrinkles and helps reduce swelling, and provides a visible lifting effect.<\/li>\n<\/ul>\n<p>&nbsp;<\/p>\n<p>Suitable for all skin types, including sensitive.<\/p>\n<p><strong>Usage:<\/strong><\/p>\n<p>After cleansing and toning, apply the required amount of serum to your face and gently pat until completely absorbed.<\/p>\n<p>&nbsp;<\/p>","protected":false},"excerpt":{"rendered":"<p>This hydrating and brightening serum evens out skin tone, leaving skin smoother and more well-groomed. Powerful antioxidants help slow down the aging process, protect against environmental aggressors, and reduce skin photosensitivity. The product reduces the activity of tyrosinase \u2013 an enzyme involved in melanin production \u2013 helping to combat age spots and acne scars. Intensive hydration is provided by a complex of 10 hyaluronic acids with different molecular weights, which moisturizes both the skin\u2019s surface and the\u2026<\/p>","protected":false},"featured_media":14759,"comment_status":"open","ping_status":"closed","template":"","meta":{"_uf_show_specific_survey":0,"_uf_disable_surveys":false,"_bst_post_transparent":"default","_bst_post_title":"","_bst_post_layout":"default","_bst_post_sidebar_id":"","_bst_post_content_style":"default","_bst_post_vertical_padding":"default","_bst_post_feature":"","_bst_post_feature_position":"","_bst_post_header":false,"_bst_post_footer":false},"pwb-brand":[490],"product_brand":[],"product_cat":[92,97],"product_tag":[721,943,942],"class_list":{"0":"post-14758","1":"product","2":"type-product","3":"status-publish","4":"has-post-thumbnail","6":"pwb-brand-medicube","7":"product_cat-nagu","8":"product_cat-naoseerumid-ja-olid","9":"product_tag-medicube","10":"product_tag-niacinamide","11":"product_tag-txa","13":"first","14":"instock","15":"sale","16":"shipping-taxable","17":"purchasable","18":"product-type-simple","19":"entry","20":"content-bg","21":"loop-entry"},"supplier_id":null,"supplier_sku":"","barcode":null,"atum_controlled":true,"out_stock_date":null,"out_stock_threshold":null,"inheritable":false,"inbound_stock":0,"stock_on_hold":0,"sold_today":0,"sales_last_days":1,"out_stock_days":0,"lost_sales":0,"has_location":false,"update_date":"2026-04-14T00:05:09","atum_locations":[],"atum_stock_status":"instock","restock_status":false,"low_stock_amount":"","sales_update_date":"2026-04-14T00:05:09","calc_backorders":null,"yoast_head":"<!-- This site is optimized with the Yoast SEO plugin v27.2 - https:\/\/yoast.com\/product\/yoast-seo-wordpress\/ -->\n<title>Medicube TXA Niacinamide 15% Serum, 30ml - IDA.KOREA<\/title>\n<meta name=\"description\" content=\"Niatsiinamiidi ja h\u00fcaluroonhappega seerum \u00fchtlustab nahatooni, v\u00e4hendab pigmentatsiooni, niisutab s\u00fcgavuti ja annab nahale terve s\u00e4ra.\" \/>\n<meta name=\"robots\" content=\"index, follow, max-snippet:-1, max-image-preview:large, max-video-preview:-1\" \/>\n<link rel=\"canonical\" href=\"https:\/\/idakorea.ee\/en\/product\/medicube-txa-niacinamide-15-serum\/\" \/>\n<meta property=\"og:locale\" content=\"en_US\" \/>\n<meta property=\"og:type\" content=\"article\" \/>\n<meta property=\"og:title\" content=\"Medicube TXA Niacinamide 15% Serum, 30ml - IDA.KOREA\" \/>\n<meta property=\"og:description\" content=\"Niatsiinamiidi ja h\u00fcaluroonhappega seerum \u00fchtlustab nahatooni, v\u00e4hendab pigmentatsiooni, niisutab s\u00fcgavuti ja annab nahale terve s\u00e4ra.\" \/>\n<meta property=\"og:url\" content=\"https:\/\/idakorea.ee\/en\/product\/medicube-txa-niacinamide-15-serum\/\" \/>\n<meta property=\"og:site_name\" content=\"IDA.KOREA\" \/>\n<meta property=\"article:modified_time\" content=\"2026-04-04T16:38:09+00:00\" \/>\n<meta property=\"og:image\" content=\"https:\/\/idakorea.ee\/wp-content\/uploads\/2025\/06\/medicube-txa-niacinamide-15-serum-idakorea.ee_.webp\" \/>\n\t<meta property=\"og:image:width\" content=\"640\" \/>\n\t<meta property=\"og:image:height\" content=\"640\" \/>\n\t<meta property=\"og:image:type\" content=\"image\/webp\" \/>\n<meta name=\"twitter:card\" content=\"summary_large_image\" \/>\n<meta name=\"twitter:label1\" content=\"Est. reading time\" \/>\n\t<meta name=\"twitter:data1\" content=\"2 minutes\" \/>\n<script type=\"application\/ld+json\" class=\"yoast-schema-graph\">{\"@context\":\"https:\/\/schema.org\",\"@graph\":[{\"@type\":\"WebPage\",\"@id\":\"https:\/\/idakorea.ee\/product\/medicube-txa-niacinamide-15-serum\/\",\"url\":\"https:\/\/idakorea.ee\/product\/medicube-txa-niacinamide-15-serum\/\",\"name\":\"Medicube TXA Niacinamide 15% Serum, 30ml - IDA.KOREA\",\"isPartOf\":{\"@id\":\"https:\/\/idakorea.ee\/#website\"},\"primaryImageOfPage\":{\"@id\":\"https:\/\/idakorea.ee\/product\/medicube-txa-niacinamide-15-serum\/#primaryimage\"},\"image\":{\"@id\":\"https:\/\/idakorea.ee\/product\/medicube-txa-niacinamide-15-serum\/#primaryimage\"},\"thumbnailUrl\":\"https:\/\/idakorea.ee\/wp-content\/uploads\/2025\/06\/medicube-txa-niacinamide-15-serum-idakorea.ee_.webp\",\"datePublished\":\"2025-06-19T11:36:15+00:00\",\"dateModified\":\"2026-04-04T16:38:09+00:00\",\"description\":\"Niatsiinamiidi ja h\u00fcaluroonhappega seerum \u00fchtlustab nahatooni, v\u00e4hendab pigmentatsiooni, niisutab s\u00fcgavuti ja annab nahale terve s\u00e4ra.\",\"breadcrumb\":{\"@id\":\"https:\/\/idakorea.ee\/product\/medicube-txa-niacinamide-15-serum\/#breadcrumb\"},\"inLanguage\":\"en-US\",\"potentialAction\":[{\"@type\":\"ReadAction\",\"target\":[\"https:\/\/idakorea.ee\/product\/medicube-txa-niacinamide-15-serum\/\"]}]},{\"@type\":\"ImageObject\",\"inLanguage\":\"en-US\",\"@id\":\"https:\/\/idakorea.ee\/product\/medicube-txa-niacinamide-15-serum\/#primaryimage\",\"url\":\"https:\/\/idakorea.ee\/wp-content\/uploads\/2025\/06\/medicube-txa-niacinamide-15-serum-idakorea.ee_.webp\",\"contentUrl\":\"https:\/\/idakorea.ee\/wp-content\/uploads\/2025\/06\/medicube-txa-niacinamide-15-serum-idakorea.ee_.webp\",\"width\":640,\"height\":640},{\"@type\":\"BreadcrumbList\",\"@id\":\"https:\/\/idakorea.ee\/product\/medicube-txa-niacinamide-15-serum\/#breadcrumb\",\"itemListElement\":[{\"@type\":\"ListItem\",\"position\":1,\"name\":\"\u0413\u043b\u0430\u0432\u043d\u0430\u044f \u0441\u0442\u0440\u0430\u043d\u0438\u0446\u0430\",\"item\":\"https:\/\/idakorea.ee\/\"},{\"@type\":\"ListItem\",\"position\":2,\"name\":\"Shop\",\"item\":\"https:\/\/idakorea.ee\/shop-2\/\"},{\"@type\":\"ListItem\",\"position\":3,\"name\":\"Nahatooni \u00fchtlustav seerum Medicube TXA Niacinamide 15% Serum, 30ml\"}]},{\"@type\":\"WebSite\",\"@id\":\"https:\/\/idakorea.ee\/#website\",\"url\":\"https:\/\/idakorea.ee\/\",\"name\":\"IDA.KOREA\",\"description\":\"Korea kosmeetika e-pood\",\"publisher\":{\"@id\":\"https:\/\/idakorea.ee\/#organization\"},\"alternateName\":\"Beauty Shop\",\"potentialAction\":[{\"@type\":\"SearchAction\",\"target\":{\"@type\":\"EntryPoint\",\"urlTemplate\":\"https:\/\/idakorea.ee\/?s={search_term_string}\"},\"query-input\":{\"@type\":\"PropertyValueSpecification\",\"valueRequired\":true,\"valueName\":\"search_term_string\"}}],\"inLanguage\":\"en-US\"},{\"@type\":\"Organization\",\"@id\":\"https:\/\/idakorea.ee\/#organization\",\"name\":\"IDA.KOREA\",\"url\":\"https:\/\/idakorea.ee\/\",\"logo\":{\"@type\":\"ImageObject\",\"inLanguage\":\"en-US\",\"@id\":\"https:\/\/idakorea.ee\/#\/schema\/logo\/image\/\",\"url\":\"https:\/\/idakorea.ee\/wp-content\/uploads\/2024\/05\/cropped-korea3.png\",\"contentUrl\":\"https:\/\/idakorea.ee\/wp-content\/uploads\/2024\/05\/cropped-korea3.png\",\"width\":688,\"height\":126,\"caption\":\"IDA.KOREA\"},\"image\":{\"@id\":\"https:\/\/idakorea.ee\/#\/schema\/logo\/image\/\"},\"sameAs\":[\"https:\/\/www.instagram.com\/ida.korea\/\"]}]}<\/script>\n<!-- \/ Yoast SEO plugin. -->","yoast_head_json":{"title":"Medicube TXA Niacinamide 15% Serum, 30ml - IDA.KOREA","description":"The serum with niacinamide and hyaluronic acid evens out skin tone, reduces pigmentation, deeply moisturizes, and gives the skin a healthy glow.","robots":{"index":"index","follow":"follow","max-snippet":"max-snippet:-1","max-image-preview":"max-image-preview:large","max-video-preview":"max-video-preview:-1"},"canonical":"https:\/\/idakorea.ee\/en\/product\/medicube-txa-niacinamide-15-serum\/","og_locale":"en_US","og_type":"article","og_title":"Medicube TXA Niacinamide 15% Serum, 30ml - IDA.KOREA","og_description":"Niatsiinamiidi ja h\u00fcaluroonhappega seerum \u00fchtlustab nahatooni, v\u00e4hendab pigmentatsiooni, niisutab s\u00fcgavuti ja annab nahale terve s\u00e4ra.","og_url":"https:\/\/idakorea.ee\/en\/product\/medicube-txa-niacinamide-15-serum\/","og_site_name":"IDA.KOREA","article_modified_time":"2026-04-04T16:38:09+00:00","og_image":[{"width":640,"height":640,"url":"https:\/\/idakorea.ee\/wp-content\/uploads\/2025\/06\/medicube-txa-niacinamide-15-serum-idakorea.ee_.webp","type":"image\/webp"}],"twitter_card":"summary_large_image","twitter_misc":{"Est. reading time":"2 minutes"},"schema":{"@context":"https:\/\/schema.org","@graph":[{"@type":"WebPage","@id":"https:\/\/idakorea.ee\/product\/medicube-txa-niacinamide-15-serum\/","url":"https:\/\/idakorea.ee\/product\/medicube-txa-niacinamide-15-serum\/","name":"Medicube TXA Niacinamide 15% Serum, 30ml - IDA.KOREA","isPartOf":{"@id":"https:\/\/idakorea.ee\/#website"},"primaryImageOfPage":{"@id":"https:\/\/idakorea.ee\/product\/medicube-txa-niacinamide-15-serum\/#primaryimage"},"image":{"@id":"https:\/\/idakorea.ee\/product\/medicube-txa-niacinamide-15-serum\/#primaryimage"},"thumbnailUrl":"https:\/\/idakorea.ee\/wp-content\/uploads\/2025\/06\/medicube-txa-niacinamide-15-serum-idakorea.ee_.webp","datePublished":"2025-06-19T11:36:15+00:00","dateModified":"2026-04-04T16:38:09+00:00","description":"The serum with niacinamide and hyaluronic acid evens out skin tone, reduces pigmentation, deeply moisturizes, and gives the skin a healthy glow.","breadcrumb":{"@id":"https:\/\/idakorea.ee\/product\/medicube-txa-niacinamide-15-serum\/#breadcrumb"},"inLanguage":"en-US","potentialAction":[{"@type":"ReadAction","target":["https:\/\/idakorea.ee\/product\/medicube-txa-niacinamide-15-serum\/"]}]},{"@type":"ImageObject","inLanguage":"en-US","@id":"https:\/\/idakorea.ee\/product\/medicube-txa-niacinamide-15-serum\/#primaryimage","url":"https:\/\/idakorea.ee\/wp-content\/uploads\/2025\/06\/medicube-txa-niacinamide-15-serum-idakorea.ee_.webp","contentUrl":"https:\/\/idakorea.ee\/wp-content\/uploads\/2025\/06\/medicube-txa-niacinamide-15-serum-idakorea.ee_.webp","width":640,"height":640},{"@type":"BreadcrumbList","@id":"https:\/\/idakorea.ee\/product\/medicube-txa-niacinamide-15-serum\/#breadcrumb","itemListElement":[{"@type":"ListItem","position":1,"name":"\u0413\u043b\u0430\u0432\u043d\u0430\u044f \u0441\u0442\u0440\u0430\u043d\u0438\u0446\u0430","item":"https:\/\/idakorea.ee\/"},{"@type":"ListItem","position":2,"name":"Shop","item":"https:\/\/idakorea.ee\/shop-2\/"},{"@type":"ListItem","position":3,"name":"Nahatooni \u00fchtlustav seerum Medicube TXA Niacinamide 15% Serum, 30ml"}]},{"@type":"WebSite","@id":"https:\/\/idakorea.ee\/#website","url":"https:\/\/idakorea.ee\/","name":"IDA.KOREA","description":"Korean cosmetics e-shop","publisher":{"@id":"https:\/\/idakorea.ee\/#organization"},"alternateName":"Beauty Shop","potentialAction":[{"@type":"SearchAction","target":{"@type":"EntryPoint","urlTemplate":"https:\/\/idakorea.ee\/?s={search_term_string}"},"query-input":{"@type":"PropertyValueSpecification","valueRequired":true,"valueName":"search_term_string"}}],"inLanguage":"en-US"},{"@type":"Organization","@id":"https:\/\/idakorea.ee\/#organization","name":"IDA.KOREA","url":"https:\/\/idakorea.ee\/","logo":{"@type":"ImageObject","inLanguage":"en-US","@id":"https:\/\/idakorea.ee\/#\/schema\/logo\/image\/","url":"https:\/\/idakorea.ee\/wp-content\/uploads\/2024\/05\/cropped-korea3.png","contentUrl":"https:\/\/idakorea.ee\/wp-content\/uploads\/2024\/05\/cropped-korea3.png","width":688,"height":126,"caption":"IDA.KOREA"},"image":{"@id":"https:\/\/idakorea.ee\/#\/schema\/logo\/image\/"},"sameAs":["https:\/\/www.instagram.com\/ida.korea\/"]}]}},"jetpack_sharing_enabled":true,"brands":[{"id":490,"name":"MEDICUBE","slug":"medicube"}],"_links":{"self":[{"href":"https:\/\/idakorea.ee\/en\/wp-json\/wp\/v2\/product\/14758","targetHints":{"allow":["GET"]}}],"collection":[{"href":"https:\/\/idakorea.ee\/en\/wp-json\/wp\/v2\/product"}],"about":[{"href":"https:\/\/idakorea.ee\/en\/wp-json\/wp\/v2\/types\/product"}],"replies":[{"embeddable":true,"href":"https:\/\/idakorea.ee\/en\/wp-json\/wp\/v2\/comments?post=14758"}],"version-history":[{"count":2,"href":"https:\/\/idakorea.ee\/en\/wp-json\/wp\/v2\/product\/14758\/revisions"}],"predecessor-version":[{"id":15007,"href":"https:\/\/idakorea.ee\/en\/wp-json\/wp\/v2\/product\/14758\/revisions\/15007"}],"wp:featuredmedia":[{"embeddable":true,"href":"https:\/\/idakorea.ee\/en\/wp-json\/wp\/v2\/media\/14759"}],"wp:attachment":[{"href":"https:\/\/idakorea.ee\/en\/wp-json\/wp\/v2\/media?parent=14758"}],"wp:term":[{"taxonomy":"pwb-brand","embeddable":true,"href":"https:\/\/idakorea.ee\/en\/wp-json\/wp\/v2\/pwb-brand?post=14758"},{"taxonomy":"product_brand","embeddable":true,"href":"https:\/\/idakorea.ee\/en\/wp-json\/wp\/v2\/product_brand?post=14758"},{"taxonomy":"product_cat","embeddable":true,"href":"https:\/\/idakorea.ee\/en\/wp-json\/wp\/v2\/product_cat?post=14758"},{"taxonomy":"product_tag","embeddable":true,"href":"https:\/\/idakorea.ee\/en\/wp-json\/wp\/v2\/product_tag?post=14758"}],"curies":[{"name":"wp","href":"https:\/\/api.w.org\/{rel}","templated":true}]}}