{"id":14780,"date":"2025-06-20T11:09:15","date_gmt":"2025-06-20T08:09:15","guid":{"rendered":"https:\/\/idakorea.ee\/?post_type=product&#038;p=14780"},"modified":"2026-03-24T08:20:13","modified_gmt":"2026-03-24T06:20:13","slug":"medicube-hyaluronic-multi-peptide-serum","status":"publish","type":"product","link":"https:\/\/idakorea.ee\/en\/product\/medicube-hyaluronic-multi-peptide-serum\/","title":{"rendered":"Medicube Hyaluronic Multi Peptide Serum, 30ml"},"content":{"rendered":"<p><strong>Medicube Hyaluronic Multi Peptide Serum<\/strong> is an intensive hydrating serum that combines 99% pure hyaluronic acid, a polypeptide complex and PDRN to give skin a plump, radiant and healthy appearance.<\/p>\n<p><strong>Deeply moisturizes and leaves skin radiant<\/strong><\/p>\n<ul>\n<li>Provides up to 144 hours of moisture &#039;plumping&#039; effect, improving skin elasticity and texture.<\/li>\n<li>Double-layer water serum: oil locks in moisture, serum deeply regenerates.<\/li>\n<\/ul>\n<p><strong>Firming and anti-aging effect<\/strong><\/p>\n<ul>\n<li>Peptides and PDRN stimulate collagen and elastin production, smoothing wrinkles and accelerating cell regeneration.<\/li>\n<li>Visibly improves skin silkiness and reduces the appearance of wrinkles.<\/li>\n<\/ul>\n<p><strong>Gentle, quickly absorbed texture<\/strong><\/p>\n<ul>\n<li>Lightweight, non-sticky \u2013 ideal for both morning and evening beauty rituals for all skin types.<\/li>\n<\/ul>\n<p><strong>Main active ingredients<\/strong><\/p>\n<ul>\n<li><strong>99 % hyaluronic acid<\/strong>\u2013 deeply moisturizing, helps plump the skin without being greasy.<\/li>\n<li><strong>PDRN (salmon DNA)<\/strong>\u2013 promotes regeneration and evens out tone.<\/li>\n<li><strong>Polypeptide complex<\/strong>(including sixteen peptides, e.g. Acetyl-tetrapeptide-3, Palmitoyl-pentapeptide-4, Cooper Tripeptide-1, etc.) \u2013 strong anti-aging effect, tightens and improves elasticity.<\/li>\n<li><strong>Niacinamide<\/strong>\u2013 whitening effect and pore tightening.<\/li>\n<li><strong>Squalane, panthenol, allantoin, arbutin, plant extracts<\/strong>\u2013 a soothing, moisturizing and protective blend.<\/li>\n<\/ul>\n<p>&nbsp;<\/p>\n<p>For all skin types, especially dry, tired or aging skin that wants instant radiance and hydration.<\/p>\n<p><strong>Usage:<\/strong><\/p>\n<p>Cleanse and tone skin. Shake the bottle to mix the oil and serum layers. Apply a few drops to the face and pat gently until absorbed.<\/p>\n<p>&nbsp;<\/p>","protected":false},"excerpt":{"rendered":"<p>Medicube Hyaluronic Multi Peptide Serum is an intensive moisturizing serum that combines 99% pure hyaluronic acid, a polypeptide complex and PDRN to achieve a plump, radiant and healthy appearance to the skin. Deeply moisturizes and leaves the skin radiant. Provides up to 144 hours of moisture &#039;plumping&#039; effect, improving skin elasticity and texture. Two-layer water serum: oil locks in moisture, serum regenerates deeply. Firming and anti-aging effect Peptides\u2026<\/p>","protected":false},"featured_media":14781,"comment_status":"open","ping_status":"closed","template":"","meta":{"_uf_show_specific_survey":0,"_uf_disable_surveys":false,"_bst_post_transparent":"default","_bst_post_title":"","_bst_post_layout":"default","_bst_post_sidebar_id":"","_bst_post_content_style":"default","_bst_post_vertical_padding":"default","_bst_post_feature":"","_bst_post_feature_position":"","_bst_post_header":false,"_bst_post_footer":false},"pwb-brand":[490],"product_brand":[],"product_cat":[92,97],"product_tag":[721,789,830],"class_list":{"0":"post-14780","1":"product","2":"type-product","3":"status-publish","4":"has-post-thumbnail","6":"pwb-brand-medicube","7":"product_cat-nagu","8":"product_cat-naoseerumid-ja-olid","9":"product_tag-medicube","10":"product_tag-pdrn","11":"product_tag-peptide","13":"first","14":"instock","15":"sale","16":"shipping-taxable","17":"purchasable","18":"product-type-simple","19":"entry","20":"content-bg","21":"loop-entry"},"supplier_id":null,"supplier_sku":"","barcode":null,"atum_controlled":true,"out_stock_date":null,"out_stock_threshold":null,"inheritable":false,"inbound_stock":0,"stock_on_hold":0,"sold_today":0,"sales_last_days":1,"out_stock_days":0,"lost_sales":0,"has_location":false,"update_date":"2026-04-15T00:05:15","atum_locations":[],"atum_stock_status":"instock","restock_status":false,"low_stock_amount":"","sales_update_date":"2026-04-15T00:05:15","calc_backorders":null,"yoast_head":"<!-- This site is optimized with the Yoast SEO plugin v27.2 - https:\/\/yoast.com\/product\/yoast-seo-wordpress\/ -->\n<title>Medicube Hyaluronic Multi Peptide Serum, 30ml - IDA.KOREA<\/title>\n<meta name=\"description\" content=\"Niatsiinamiidi, h\u00fcaluroonhappe ja peptiididega rikastatud kahekihiline seerum, mis niisutab, taastab ja silub nahka. Sobib k\u00f5ikidele nahat\u00fc\u00fcpidele.\" \/>\n<meta name=\"robots\" content=\"index, follow, max-snippet:-1, max-image-preview:large, max-video-preview:-1\" \/>\n<link rel=\"canonical\" href=\"https:\/\/idakorea.ee\/en\/product\/medicube-hyaluronic-multi-peptide-serum\/\" \/>\n<meta property=\"og:locale\" content=\"en_US\" \/>\n<meta property=\"og:type\" content=\"article\" \/>\n<meta property=\"og:title\" content=\"Medicube Hyaluronic Multi Peptide Serum, 30ml - IDA.KOREA\" \/>\n<meta property=\"og:description\" content=\"Niatsiinamiidi, h\u00fcaluroonhappe ja peptiididega rikastatud kahekihiline seerum, mis niisutab, taastab ja silub nahka. Sobib k\u00f5ikidele nahat\u00fc\u00fcpidele.\" \/>\n<meta property=\"og:url\" content=\"https:\/\/idakorea.ee\/en\/product\/medicube-hyaluronic-multi-peptide-serum\/\" \/>\n<meta property=\"og:site_name\" content=\"IDA.KOREA\" \/>\n<meta property=\"article:modified_time\" content=\"2026-03-24T06:20:13+00:00\" \/>\n<meta property=\"og:image\" content=\"https:\/\/idakorea.ee\/wp-content\/uploads\/2025\/06\/medicube-hyaluronic-multi-peptide-serum-idakorea.ee_.webp\" \/>\n\t<meta property=\"og:image:width\" content=\"640\" \/>\n\t<meta property=\"og:image:height\" content=\"640\" \/>\n\t<meta property=\"og:image:type\" content=\"image\/webp\" \/>\n<meta name=\"twitter:card\" content=\"summary_large_image\" \/>\n<meta name=\"twitter:label1\" content=\"Est. reading time\" \/>\n\t<meta name=\"twitter:data1\" content=\"2 minutes\" \/>\n<script type=\"application\/ld+json\" class=\"yoast-schema-graph\">{\"@context\":\"https:\/\/schema.org\",\"@graph\":[{\"@type\":\"WebPage\",\"@id\":\"https:\/\/idakorea.ee\/product\/medicube-hyaluronic-multi-peptide-serum\/\",\"url\":\"https:\/\/idakorea.ee\/product\/medicube-hyaluronic-multi-peptide-serum\/\",\"name\":\"Medicube Hyaluronic Multi Peptide Serum, 30ml - IDA.KOREA\",\"isPartOf\":{\"@id\":\"https:\/\/idakorea.ee\/#website\"},\"primaryImageOfPage\":{\"@id\":\"https:\/\/idakorea.ee\/product\/medicube-hyaluronic-multi-peptide-serum\/#primaryimage\"},\"image\":{\"@id\":\"https:\/\/idakorea.ee\/product\/medicube-hyaluronic-multi-peptide-serum\/#primaryimage\"},\"thumbnailUrl\":\"https:\/\/idakorea.ee\/wp-content\/uploads\/2025\/06\/medicube-hyaluronic-multi-peptide-serum-idakorea.ee_.webp\",\"datePublished\":\"2025-06-20T08:09:15+00:00\",\"dateModified\":\"2026-03-24T06:20:13+00:00\",\"description\":\"Niatsiinamiidi, h\u00fcaluroonhappe ja peptiididega rikastatud kahekihiline seerum, mis niisutab, taastab ja silub nahka. Sobib k\u00f5ikidele nahat\u00fc\u00fcpidele.\",\"breadcrumb\":{\"@id\":\"https:\/\/idakorea.ee\/product\/medicube-hyaluronic-multi-peptide-serum\/#breadcrumb\"},\"inLanguage\":\"en-US\",\"potentialAction\":[{\"@type\":\"ReadAction\",\"target\":[\"https:\/\/idakorea.ee\/product\/medicube-hyaluronic-multi-peptide-serum\/\"]}]},{\"@type\":\"ImageObject\",\"inLanguage\":\"en-US\",\"@id\":\"https:\/\/idakorea.ee\/product\/medicube-hyaluronic-multi-peptide-serum\/#primaryimage\",\"url\":\"https:\/\/idakorea.ee\/wp-content\/uploads\/2025\/06\/medicube-hyaluronic-multi-peptide-serum-idakorea.ee_.webp\",\"contentUrl\":\"https:\/\/idakorea.ee\/wp-content\/uploads\/2025\/06\/medicube-hyaluronic-multi-peptide-serum-idakorea.ee_.webp\",\"width\":640,\"height\":640},{\"@type\":\"BreadcrumbList\",\"@id\":\"https:\/\/idakorea.ee\/product\/medicube-hyaluronic-multi-peptide-serum\/#breadcrumb\",\"itemListElement\":[{\"@type\":\"ListItem\",\"position\":1,\"name\":\"\u0413\u043b\u0430\u0432\u043d\u0430\u044f \u0441\u0442\u0440\u0430\u043d\u0438\u0446\u0430\",\"item\":\"https:\/\/idakorea.ee\/\"},{\"@type\":\"ListItem\",\"position\":2,\"name\":\"Shop\",\"item\":\"https:\/\/idakorea.ee\/shop-2\/\"},{\"@type\":\"ListItem\",\"position\":3,\"name\":\"Niisutav seerum Medicube Hyaluronic Multi Peptide Serum, 30ml\"}]},{\"@type\":\"WebSite\",\"@id\":\"https:\/\/idakorea.ee\/#website\",\"url\":\"https:\/\/idakorea.ee\/\",\"name\":\"IDA.KOREA\",\"description\":\"Korea kosmeetika e-pood\",\"publisher\":{\"@id\":\"https:\/\/idakorea.ee\/#organization\"},\"alternateName\":\"Beauty Shop\",\"potentialAction\":[{\"@type\":\"SearchAction\",\"target\":{\"@type\":\"EntryPoint\",\"urlTemplate\":\"https:\/\/idakorea.ee\/?s={search_term_string}\"},\"query-input\":{\"@type\":\"PropertyValueSpecification\",\"valueRequired\":true,\"valueName\":\"search_term_string\"}}],\"inLanguage\":\"en-US\"},{\"@type\":\"Organization\",\"@id\":\"https:\/\/idakorea.ee\/#organization\",\"name\":\"IDA.KOREA\",\"url\":\"https:\/\/idakorea.ee\/\",\"logo\":{\"@type\":\"ImageObject\",\"inLanguage\":\"en-US\",\"@id\":\"https:\/\/idakorea.ee\/#\/schema\/logo\/image\/\",\"url\":\"https:\/\/idakorea.ee\/wp-content\/uploads\/2024\/05\/cropped-korea3.png\",\"contentUrl\":\"https:\/\/idakorea.ee\/wp-content\/uploads\/2024\/05\/cropped-korea3.png\",\"width\":688,\"height\":126,\"caption\":\"IDA.KOREA\"},\"image\":{\"@id\":\"https:\/\/idakorea.ee\/#\/schema\/logo\/image\/\"},\"sameAs\":[\"https:\/\/www.instagram.com\/ida.korea\/\"]}]}<\/script>\n<!-- \/ Yoast SEO plugin. -->","yoast_head_json":{"title":"Medicube Hyaluronic Multi Peptide Serum, 30ml - IDA.KOREA","description":"A two-layer serum enriched with niacinamide, hyaluronic acid and peptides that hydrates, restores and smoothes the skin. Suitable for all skin types.","robots":{"index":"index","follow":"follow","max-snippet":"max-snippet:-1","max-image-preview":"max-image-preview:large","max-video-preview":"max-video-preview:-1"},"canonical":"https:\/\/idakorea.ee\/en\/product\/medicube-hyaluronic-multi-peptide-serum\/","og_locale":"en_US","og_type":"article","og_title":"Medicube Hyaluronic Multi Peptide Serum, 30ml - IDA.KOREA","og_description":"Niatsiinamiidi, h\u00fcaluroonhappe ja peptiididega rikastatud kahekihiline seerum, mis niisutab, taastab ja silub nahka. Sobib k\u00f5ikidele nahat\u00fc\u00fcpidele.","og_url":"https:\/\/idakorea.ee\/en\/product\/medicube-hyaluronic-multi-peptide-serum\/","og_site_name":"IDA.KOREA","article_modified_time":"2026-03-24T06:20:13+00:00","og_image":[{"width":640,"height":640,"url":"https:\/\/idakorea.ee\/wp-content\/uploads\/2025\/06\/medicube-hyaluronic-multi-peptide-serum-idakorea.ee_.webp","type":"image\/webp"}],"twitter_card":"summary_large_image","twitter_misc":{"Est. reading time":"2 minutes"},"schema":{"@context":"https:\/\/schema.org","@graph":[{"@type":"WebPage","@id":"https:\/\/idakorea.ee\/product\/medicube-hyaluronic-multi-peptide-serum\/","url":"https:\/\/idakorea.ee\/product\/medicube-hyaluronic-multi-peptide-serum\/","name":"Medicube Hyaluronic Multi Peptide Serum, 30ml - IDA.KOREA","isPartOf":{"@id":"https:\/\/idakorea.ee\/#website"},"primaryImageOfPage":{"@id":"https:\/\/idakorea.ee\/product\/medicube-hyaluronic-multi-peptide-serum\/#primaryimage"},"image":{"@id":"https:\/\/idakorea.ee\/product\/medicube-hyaluronic-multi-peptide-serum\/#primaryimage"},"thumbnailUrl":"https:\/\/idakorea.ee\/wp-content\/uploads\/2025\/06\/medicube-hyaluronic-multi-peptide-serum-idakorea.ee_.webp","datePublished":"2025-06-20T08:09:15+00:00","dateModified":"2026-03-24T06:20:13+00:00","description":"A two-layer serum enriched with niacinamide, hyaluronic acid and peptides that hydrates, restores and smoothes the skin. Suitable for all skin types.","breadcrumb":{"@id":"https:\/\/idakorea.ee\/product\/medicube-hyaluronic-multi-peptide-serum\/#breadcrumb"},"inLanguage":"en-US","potentialAction":[{"@type":"ReadAction","target":["https:\/\/idakorea.ee\/product\/medicube-hyaluronic-multi-peptide-serum\/"]}]},{"@type":"ImageObject","inLanguage":"en-US","@id":"https:\/\/idakorea.ee\/product\/medicube-hyaluronic-multi-peptide-serum\/#primaryimage","url":"https:\/\/idakorea.ee\/wp-content\/uploads\/2025\/06\/medicube-hyaluronic-multi-peptide-serum-idakorea.ee_.webp","contentUrl":"https:\/\/idakorea.ee\/wp-content\/uploads\/2025\/06\/medicube-hyaluronic-multi-peptide-serum-idakorea.ee_.webp","width":640,"height":640},{"@type":"BreadcrumbList","@id":"https:\/\/idakorea.ee\/product\/medicube-hyaluronic-multi-peptide-serum\/#breadcrumb","itemListElement":[{"@type":"ListItem","position":1,"name":"\u0413\u043b\u0430\u0432\u043d\u0430\u044f \u0441\u0442\u0440\u0430\u043d\u0438\u0446\u0430","item":"https:\/\/idakorea.ee\/"},{"@type":"ListItem","position":2,"name":"Shop","item":"https:\/\/idakorea.ee\/shop-2\/"},{"@type":"ListItem","position":3,"name":"Niisutav seerum Medicube Hyaluronic Multi Peptide Serum, 30ml"}]},{"@type":"WebSite","@id":"https:\/\/idakorea.ee\/#website","url":"https:\/\/idakorea.ee\/","name":"IDA.KOREA","description":"Korean cosmetics e-shop","publisher":{"@id":"https:\/\/idakorea.ee\/#organization"},"alternateName":"Beauty Shop","potentialAction":[{"@type":"SearchAction","target":{"@type":"EntryPoint","urlTemplate":"https:\/\/idakorea.ee\/?s={search_term_string}"},"query-input":{"@type":"PropertyValueSpecification","valueRequired":true,"valueName":"search_term_string"}}],"inLanguage":"en-US"},{"@type":"Organization","@id":"https:\/\/idakorea.ee\/#organization","name":"IDA.KOREA","url":"https:\/\/idakorea.ee\/","logo":{"@type":"ImageObject","inLanguage":"en-US","@id":"https:\/\/idakorea.ee\/#\/schema\/logo\/image\/","url":"https:\/\/idakorea.ee\/wp-content\/uploads\/2024\/05\/cropped-korea3.png","contentUrl":"https:\/\/idakorea.ee\/wp-content\/uploads\/2024\/05\/cropped-korea3.png","width":688,"height":126,"caption":"IDA.KOREA"},"image":{"@id":"https:\/\/idakorea.ee\/#\/schema\/logo\/image\/"},"sameAs":["https:\/\/www.instagram.com\/ida.korea\/"]}]}},"jetpack_sharing_enabled":true,"brands":[{"id":490,"name":"MEDICUBE","slug":"medicube"}],"_links":{"self":[{"href":"https:\/\/idakorea.ee\/en\/wp-json\/wp\/v2\/product\/14780","targetHints":{"allow":["GET"]}}],"collection":[{"href":"https:\/\/idakorea.ee\/en\/wp-json\/wp\/v2\/product"}],"about":[{"href":"https:\/\/idakorea.ee\/en\/wp-json\/wp\/v2\/types\/product"}],"replies":[{"embeddable":true,"href":"https:\/\/idakorea.ee\/en\/wp-json\/wp\/v2\/comments?post=14780"}],"version-history":[{"count":1,"href":"https:\/\/idakorea.ee\/en\/wp-json\/wp\/v2\/product\/14780\/revisions"}],"predecessor-version":[{"id":14784,"href":"https:\/\/idakorea.ee\/en\/wp-json\/wp\/v2\/product\/14780\/revisions\/14784"}],"wp:featuredmedia":[{"embeddable":true,"href":"https:\/\/idakorea.ee\/en\/wp-json\/wp\/v2\/media\/14781"}],"wp:attachment":[{"href":"https:\/\/idakorea.ee\/en\/wp-json\/wp\/v2\/media?parent=14780"}],"wp:term":[{"taxonomy":"pwb-brand","embeddable":true,"href":"https:\/\/idakorea.ee\/en\/wp-json\/wp\/v2\/pwb-brand?post=14780"},{"taxonomy":"product_brand","embeddable":true,"href":"https:\/\/idakorea.ee\/en\/wp-json\/wp\/v2\/product_brand?post=14780"},{"taxonomy":"product_cat","embeddable":true,"href":"https:\/\/idakorea.ee\/en\/wp-json\/wp\/v2\/product_cat?post=14780"},{"taxonomy":"product_tag","embeddable":true,"href":"https:\/\/idakorea.ee\/en\/wp-json\/wp\/v2\/product_tag?post=14780"}],"curies":[{"name":"wp","href":"https:\/\/api.w.org\/{rel}","templated":true}]}}