{"id":14813,"date":"2025-06-24T16:08:35","date_gmt":"2025-06-24T13:08:35","guid":{"rendered":"https:\/\/idakorea.ee\/?post_type=product&#038;p=14813"},"modified":"2026-01-29T16:47:15","modified_gmt":"2026-01-29T14:47:15","slug":"kundal-natural-caffeine-hair-care-cherry-blossom-500ml","status":"publish","type":"product","link":"https:\/\/idakorea.ee\/en\/product\/kundal-natural-caffeine-hair-care-cherry-blossom-500ml\/","title":{"rendered":"Shampoo with caffeine complex Kundal Natural Caffeine Hair Care+ Cherry Blossom, 500ml"},"content":{"rendered":"<p>An effective solution against hair loss and thinning!<br \/>\nKundal Natural Caffeine Hair Care+ Shampoo is a clinically tested anti-hair loss treatment that contains an effective caffeine complex and a blend of plant extracts that stimulate the scalp and hair follicles, reducing hair loss and promoting healthy hair growth.<\/p>\n<p>The composition includes:<br \/>\n<strong>Caffeine complex<\/strong><br \/>\n<strong>24 herbal extracts<\/strong><br \/>\n<strong>Panthenol, niacinamide, salicylic acid<\/strong> \u2013 nourish and strengthen hair<br \/>\n<strong>Coconut-based cleaning agents<\/strong> \u2013 gentle but thorough cleaning<\/p>\n<p>The shampoo is suitable for all hair types and is suitable for daily use. It helps make hair stronger, healthier and more vibrant.<\/p>\n<p><strong>Usage: <\/strong>Wet hair and scalp with warm water. Gently massage shampoo into scalp. Leave on for 2-3 minutes. Rinse thoroughly with lukewarm water.<\/p>\n<p>&nbsp;<\/p>","protected":false},"excerpt":{"rendered":"<p>An effective solution for hair loss and thinning! Kundal Natural Caffeine Hair Care+ shampoo is a clinically tested anti-hair loss treatment that contains an effective caffeine complex and a blend of plant extracts that stimulate the scalp and hair follicles, reducing hair loss and promoting healthy hair growth. Contains: Caffeine complex 24 plant extracts Panthenol, niacinamide, salicylic acid \u2013 nourish and strengthen hair Coconut-based cleansing agents \u2013\u2026<\/p>","protected":false},"featured_media":14814,"comment_status":"open","ping_status":"closed","template":"","meta":{"_uf_show_specific_survey":0,"_uf_disable_surveys":false,"_bst_post_transparent":"default","_bst_post_title":"","_bst_post_layout":"default","_bst_post_sidebar_id":"","_bst_post_content_style":"default","_bst_post_vertical_padding":"default","_bst_post_feature":"","_bst_post_feature_position":"","_bst_post_header":false,"_bst_post_footer":false},"pwb-brand":[924],"product_brand":[],"product_cat":[923],"product_tag":[925],"class_list":{"0":"post-14813","1":"product","2":"type-product","3":"status-publish","4":"has-post-thumbnail","6":"pwb-brand-kundal","7":"product_cat-juuksed","8":"product_tag-kundal","10":"first","11":"outofstock","12":"sale","13":"shipping-taxable","14":"purchasable","15":"product-type-simple","16":"entry","17":"content-bg","18":"loop-entry"},"supplier_id":null,"supplier_sku":"","barcode":null,"atum_controlled":true,"out_stock_date":"2025-08-28 15:01:48","out_stock_threshold":null,"inheritable":false,"inbound_stock":0,"stock_on_hold":0,"sold_today":0,"sales_last_days":0,"out_stock_days":228,"lost_sales":0,"has_location":false,"update_date":"2026-04-14T00:05:04","atum_locations":[],"atum_stock_status":"outofstock","restock_status":false,"low_stock_amount":"","sales_update_date":"2026-04-14T00:05:04","calc_backorders":null,"yoast_head":"<!-- This site is optimized with the Yoast SEO plugin v27.2 - https:\/\/yoast.com\/product\/yoast-seo-wordpress\/ -->\n<title>Kundal Natural Caffeine Hair Care+ Cherry Blossom, 500ml - IDA.KOREA<\/title>\n<meta name=\"description\" content=\"Juuste v\u00e4ljalangemise vastu kofeiinikompleksiga \u0161ampoon, mis tugevdab, ergutab kasvu ja puhastab \u00f5rnalt kookosep\u00f5histe ainetega. - Kiire tarne!\" \/>\n<meta name=\"robots\" content=\"index, follow, max-snippet:-1, max-image-preview:large, max-video-preview:-1\" \/>\n<link rel=\"canonical\" href=\"https:\/\/idakorea.ee\/en\/product\/kundal-natural-caffeine-hair-care-cherry-blossom-500ml\/\" \/>\n<meta property=\"og:locale\" content=\"en_US\" \/>\n<meta property=\"og:type\" content=\"article\" \/>\n<meta property=\"og:title\" content=\"Kundal Natural Caffeine Hair Care+ Cherry Blossom, 500ml - IDA.KOREA\" \/>\n<meta property=\"og:description\" content=\"Juuste v\u00e4ljalangemise vastu kofeiinikompleksiga \u0161ampoon, mis tugevdab, ergutab kasvu ja puhastab \u00f5rnalt kookosep\u00f5histe ainetega. - Kiire tarne!\" \/>\n<meta property=\"og:url\" content=\"https:\/\/idakorea.ee\/en\/product\/kundal-natural-caffeine-hair-care-cherry-blossom-500ml\/\" \/>\n<meta property=\"og:site_name\" content=\"IDA.KOREA\" \/>\n<meta property=\"article:modified_time\" content=\"2026-01-29T14:47:15+00:00\" \/>\n<meta property=\"og:image\" content=\"https:\/\/idakorea.ee\/wp-content\/uploads\/2025\/06\/kundal-natural-caffeine-hair-care-shampoo-cherry-blossom-idakorea.ee_.jpg\" \/>\n\t<meta property=\"og:image:width\" content=\"1500\" \/>\n\t<meta property=\"og:image:height\" content=\"1500\" \/>\n\t<meta property=\"og:image:type\" content=\"image\/jpeg\" \/>\n<meta name=\"twitter:card\" content=\"summary_large_image\" \/>\n<meta name=\"twitter:label1\" content=\"Est. reading time\" \/>\n\t<meta name=\"twitter:data1\" content=\"1 minute\" \/>\n<script type=\"application\/ld+json\" class=\"yoast-schema-graph\">{\"@context\":\"https:\/\/schema.org\",\"@graph\":[{\"@type\":\"WebPage\",\"@id\":\"https:\/\/idakorea.ee\/product\/kundal-natural-caffeine-hair-care-cherry-blossom-500ml\/\",\"url\":\"https:\/\/idakorea.ee\/product\/kundal-natural-caffeine-hair-care-cherry-blossom-500ml\/\",\"name\":\"Kundal Natural Caffeine Hair Care+ Cherry Blossom, 500ml - IDA.KOREA\",\"isPartOf\":{\"@id\":\"https:\/\/idakorea.ee\/#website\"},\"primaryImageOfPage\":{\"@id\":\"https:\/\/idakorea.ee\/product\/kundal-natural-caffeine-hair-care-cherry-blossom-500ml\/#primaryimage\"},\"image\":{\"@id\":\"https:\/\/idakorea.ee\/product\/kundal-natural-caffeine-hair-care-cherry-blossom-500ml\/#primaryimage\"},\"thumbnailUrl\":\"https:\/\/idakorea.ee\/wp-content\/uploads\/2025\/06\/kundal-natural-caffeine-hair-care-shampoo-cherry-blossom-idakorea.ee_.jpg\",\"datePublished\":\"2025-06-24T13:08:35+00:00\",\"dateModified\":\"2026-01-29T14:47:15+00:00\",\"description\":\"Juuste v\u00e4ljalangemise vastu kofeiinikompleksiga \u0161ampoon, mis tugevdab, ergutab kasvu ja puhastab \u00f5rnalt kookosep\u00f5histe ainetega. - Kiire tarne!\",\"breadcrumb\":{\"@id\":\"https:\/\/idakorea.ee\/product\/kundal-natural-caffeine-hair-care-cherry-blossom-500ml\/#breadcrumb\"},\"inLanguage\":\"en-US\",\"potentialAction\":[{\"@type\":\"ReadAction\",\"target\":[\"https:\/\/idakorea.ee\/product\/kundal-natural-caffeine-hair-care-cherry-blossom-500ml\/\"]}]},{\"@type\":\"ImageObject\",\"inLanguage\":\"en-US\",\"@id\":\"https:\/\/idakorea.ee\/product\/kundal-natural-caffeine-hair-care-cherry-blossom-500ml\/#primaryimage\",\"url\":\"https:\/\/idakorea.ee\/wp-content\/uploads\/2025\/06\/kundal-natural-caffeine-hair-care-shampoo-cherry-blossom-idakorea.ee_.jpg\",\"contentUrl\":\"https:\/\/idakorea.ee\/wp-content\/uploads\/2025\/06\/kundal-natural-caffeine-hair-care-shampoo-cherry-blossom-idakorea.ee_.jpg\",\"width\":1500,\"height\":1500},{\"@type\":\"BreadcrumbList\",\"@id\":\"https:\/\/idakorea.ee\/product\/kundal-natural-caffeine-hair-care-cherry-blossom-500ml\/#breadcrumb\",\"itemListElement\":[{\"@type\":\"ListItem\",\"position\":1,\"name\":\"\u0413\u043b\u0430\u0432\u043d\u0430\u044f \u0441\u0442\u0440\u0430\u043d\u0438\u0446\u0430\",\"item\":\"https:\/\/idakorea.ee\/\"},{\"@type\":\"ListItem\",\"position\":2,\"name\":\"Shop\",\"item\":\"https:\/\/idakorea.ee\/shop-2\/\"},{\"@type\":\"ListItem\",\"position\":3,\"name\":\"\u0160ampoon kofeiinikompleksiga Kundal Natural Caffeine Hair Care+ Cherry Blossom, 500ml\"}]},{\"@type\":\"WebSite\",\"@id\":\"https:\/\/idakorea.ee\/#website\",\"url\":\"https:\/\/idakorea.ee\/\",\"name\":\"IDA.KOREA\",\"description\":\"Korea kosmeetika e-pood\",\"publisher\":{\"@id\":\"https:\/\/idakorea.ee\/#organization\"},\"alternateName\":\"Beauty Shop\",\"potentialAction\":[{\"@type\":\"SearchAction\",\"target\":{\"@type\":\"EntryPoint\",\"urlTemplate\":\"https:\/\/idakorea.ee\/?s={search_term_string}\"},\"query-input\":{\"@type\":\"PropertyValueSpecification\",\"valueRequired\":true,\"valueName\":\"search_term_string\"}}],\"inLanguage\":\"en-US\"},{\"@type\":\"Organization\",\"@id\":\"https:\/\/idakorea.ee\/#organization\",\"name\":\"IDA.KOREA\",\"url\":\"https:\/\/idakorea.ee\/\",\"logo\":{\"@type\":\"ImageObject\",\"inLanguage\":\"en-US\",\"@id\":\"https:\/\/idakorea.ee\/#\/schema\/logo\/image\/\",\"url\":\"https:\/\/idakorea.ee\/wp-content\/uploads\/2024\/05\/cropped-korea3.png\",\"contentUrl\":\"https:\/\/idakorea.ee\/wp-content\/uploads\/2024\/05\/cropped-korea3.png\",\"width\":688,\"height\":126,\"caption\":\"IDA.KOREA\"},\"image\":{\"@id\":\"https:\/\/idakorea.ee\/#\/schema\/logo\/image\/\"},\"sameAs\":[\"https:\/\/www.instagram.com\/ida.korea\/\"]}]}<\/script>\n<!-- \/ Yoast SEO plugin. -->","yoast_head_json":{"title":"Kundal Natural Caffeine Hair Care+ Cherry Blossom, 500ml - IDA.KOREA","description":"Anti-hair loss shampoo with caffeine complex that strengthens, stimulates growth and gently cleanses with coconut-based ingredients. - Fast delivery!","robots":{"index":"index","follow":"follow","max-snippet":"max-snippet:-1","max-image-preview":"max-image-preview:large","max-video-preview":"max-video-preview:-1"},"canonical":"https:\/\/idakorea.ee\/en\/product\/kundal-natural-caffeine-hair-care-cherry-blossom-500ml\/","og_locale":"en_US","og_type":"article","og_title":"Kundal Natural Caffeine Hair Care+ Cherry Blossom, 500ml - IDA.KOREA","og_description":"Juuste v\u00e4ljalangemise vastu kofeiinikompleksiga \u0161ampoon, mis tugevdab, ergutab kasvu ja puhastab \u00f5rnalt kookosep\u00f5histe ainetega. - Kiire tarne!","og_url":"https:\/\/idakorea.ee\/en\/product\/kundal-natural-caffeine-hair-care-cherry-blossom-500ml\/","og_site_name":"IDA.KOREA","article_modified_time":"2026-01-29T14:47:15+00:00","og_image":[{"width":1500,"height":1500,"url":"https:\/\/idakorea.ee\/wp-content\/uploads\/2025\/06\/kundal-natural-caffeine-hair-care-shampoo-cherry-blossom-idakorea.ee_.jpg","type":"image\/jpeg"}],"twitter_card":"summary_large_image","twitter_misc":{"Est. reading time":"1 minute"},"schema":{"@context":"https:\/\/schema.org","@graph":[{"@type":"WebPage","@id":"https:\/\/idakorea.ee\/product\/kundal-natural-caffeine-hair-care-cherry-blossom-500ml\/","url":"https:\/\/idakorea.ee\/product\/kundal-natural-caffeine-hair-care-cherry-blossom-500ml\/","name":"Kundal Natural Caffeine Hair Care+ Cherry Blossom, 500ml - IDA.KOREA","isPartOf":{"@id":"https:\/\/idakorea.ee\/#website"},"primaryImageOfPage":{"@id":"https:\/\/idakorea.ee\/product\/kundal-natural-caffeine-hair-care-cherry-blossom-500ml\/#primaryimage"},"image":{"@id":"https:\/\/idakorea.ee\/product\/kundal-natural-caffeine-hair-care-cherry-blossom-500ml\/#primaryimage"},"thumbnailUrl":"https:\/\/idakorea.ee\/wp-content\/uploads\/2025\/06\/kundal-natural-caffeine-hair-care-shampoo-cherry-blossom-idakorea.ee_.jpg","datePublished":"2025-06-24T13:08:35+00:00","dateModified":"2026-01-29T14:47:15+00:00","description":"Anti-hair loss shampoo with caffeine complex that strengthens, stimulates growth and gently cleanses with coconut-based ingredients. - Fast delivery!","breadcrumb":{"@id":"https:\/\/idakorea.ee\/product\/kundal-natural-caffeine-hair-care-cherry-blossom-500ml\/#breadcrumb"},"inLanguage":"en-US","potentialAction":[{"@type":"ReadAction","target":["https:\/\/idakorea.ee\/product\/kundal-natural-caffeine-hair-care-cherry-blossom-500ml\/"]}]},{"@type":"ImageObject","inLanguage":"en-US","@id":"https:\/\/idakorea.ee\/product\/kundal-natural-caffeine-hair-care-cherry-blossom-500ml\/#primaryimage","url":"https:\/\/idakorea.ee\/wp-content\/uploads\/2025\/06\/kundal-natural-caffeine-hair-care-shampoo-cherry-blossom-idakorea.ee_.jpg","contentUrl":"https:\/\/idakorea.ee\/wp-content\/uploads\/2025\/06\/kundal-natural-caffeine-hair-care-shampoo-cherry-blossom-idakorea.ee_.jpg","width":1500,"height":1500},{"@type":"BreadcrumbList","@id":"https:\/\/idakorea.ee\/product\/kundal-natural-caffeine-hair-care-cherry-blossom-500ml\/#breadcrumb","itemListElement":[{"@type":"ListItem","position":1,"name":"\u0413\u043b\u0430\u0432\u043d\u0430\u044f \u0441\u0442\u0440\u0430\u043d\u0438\u0446\u0430","item":"https:\/\/idakorea.ee\/"},{"@type":"ListItem","position":2,"name":"Shop","item":"https:\/\/idakorea.ee\/shop-2\/"},{"@type":"ListItem","position":3,"name":"\u0160ampoon kofeiinikompleksiga Kundal Natural Caffeine Hair Care+ Cherry Blossom, 500ml"}]},{"@type":"WebSite","@id":"https:\/\/idakorea.ee\/#website","url":"https:\/\/idakorea.ee\/","name":"IDA.KOREA","description":"Korean cosmetics e-shop","publisher":{"@id":"https:\/\/idakorea.ee\/#organization"},"alternateName":"Beauty Shop","potentialAction":[{"@type":"SearchAction","target":{"@type":"EntryPoint","urlTemplate":"https:\/\/idakorea.ee\/?s={search_term_string}"},"query-input":{"@type":"PropertyValueSpecification","valueRequired":true,"valueName":"search_term_string"}}],"inLanguage":"en-US"},{"@type":"Organization","@id":"https:\/\/idakorea.ee\/#organization","name":"IDA.KOREA","url":"https:\/\/idakorea.ee\/","logo":{"@type":"ImageObject","inLanguage":"en-US","@id":"https:\/\/idakorea.ee\/#\/schema\/logo\/image\/","url":"https:\/\/idakorea.ee\/wp-content\/uploads\/2024\/05\/cropped-korea3.png","contentUrl":"https:\/\/idakorea.ee\/wp-content\/uploads\/2024\/05\/cropped-korea3.png","width":688,"height":126,"caption":"IDA.KOREA"},"image":{"@id":"https:\/\/idakorea.ee\/#\/schema\/logo\/image\/"},"sameAs":["https:\/\/www.instagram.com\/ida.korea\/"]}]}},"jetpack_sharing_enabled":true,"brands":[{"id":924,"name":"KUNDAL","slug":"kundal"}],"_links":{"self":[{"href":"https:\/\/idakorea.ee\/en\/wp-json\/wp\/v2\/product\/14813","targetHints":{"allow":["GET"]}}],"collection":[{"href":"https:\/\/idakorea.ee\/en\/wp-json\/wp\/v2\/product"}],"about":[{"href":"https:\/\/idakorea.ee\/en\/wp-json\/wp\/v2\/types\/product"}],"replies":[{"embeddable":true,"href":"https:\/\/idakorea.ee\/en\/wp-json\/wp\/v2\/comments?post=14813"}],"version-history":[{"count":1,"href":"https:\/\/idakorea.ee\/en\/wp-json\/wp\/v2\/product\/14813\/revisions"}],"predecessor-version":[{"id":14815,"href":"https:\/\/idakorea.ee\/en\/wp-json\/wp\/v2\/product\/14813\/revisions\/14815"}],"wp:featuredmedia":[{"embeddable":true,"href":"https:\/\/idakorea.ee\/en\/wp-json\/wp\/v2\/media\/14814"}],"wp:attachment":[{"href":"https:\/\/idakorea.ee\/en\/wp-json\/wp\/v2\/media?parent=14813"}],"wp:term":[{"taxonomy":"pwb-brand","embeddable":true,"href":"https:\/\/idakorea.ee\/en\/wp-json\/wp\/v2\/pwb-brand?post=14813"},{"taxonomy":"product_brand","embeddable":true,"href":"https:\/\/idakorea.ee\/en\/wp-json\/wp\/v2\/product_brand?post=14813"},{"taxonomy":"product_cat","embeddable":true,"href":"https:\/\/idakorea.ee\/en\/wp-json\/wp\/v2\/product_cat?post=14813"},{"taxonomy":"product_tag","embeddable":true,"href":"https:\/\/idakorea.ee\/en\/wp-json\/wp\/v2\/product_tag?post=14813"}],"curies":[{"name":"wp","href":"https:\/\/api.w.org\/{rel}","templated":true}]}}