{"id":14861,"date":"2025-06-25T20:33:31","date_gmt":"2025-06-25T17:33:31","guid":{"rendered":"https:\/\/idakorea.ee\/?post_type=product&#038;p=14861"},"modified":"2026-03-29T15:51:51","modified_gmt":"2026-03-29T13:51:51","slug":"vt-reedle-shot-facial-radiance-glutathione-essence","status":"publish","type":"product","link":"https:\/\/idakorea.ee\/en\/product\/vt-reedle-shot-facial-radiance-glutathione-essence\/","title":{"rendered":"VT Reedle Shot Facial Radiance Glutathione Essence"},"content":{"rendered":"<p data-start=\"131\" data-end=\"342\">This innovative essence uses microneedling technology to deliver glutathione deep into the skin, resulting in a brighter, more radiant complexion. Ideal for reducing age spots and evens out uneven skin tone.<\/p>\n<p data-start=\"344\" data-end=\"363\"><strong data-start=\"344\" data-end=\"363\">Main effects:<\/strong><\/p>\n<ul data-start=\"365\" data-end=\"693\">\n<li data-start=\"365\" data-end=\"470\">\n<p data-start=\"367\" data-end=\"470\"><strong data-start=\"367\" data-end=\"400\">Brighter and more even skin tone:<\/strong> Glutathione helps reduce dark spots and even out skin tone.<\/p>\n<\/li>\n<li data-start=\"471\" data-end=\"567\">\n<p data-start=\"473\" data-end=\"567\"><strong data-start=\"473\" data-end=\"500\">A brighter and healthier complexion:<\/strong> Improves the overall radiance of the skin, increasing its vitality and health.<\/p>\n<\/li>\n<li data-start=\"568\" data-end=\"693\">\n<p data-start=\"570\" data-end=\"693\"><strong data-start=\"570\" data-end=\"598\">Microneedle technology:<\/strong> Small needles allow active ingredients to penetrate deeper into the skin, increasing the effectiveness of the product.<\/p>\n<\/li>\n<\/ul>\n<p data-start=\"695\" data-end=\"777\">Suitable for all skin types, especially for dull or uneven skin tone.<\/p>\n<p data-start=\"779\" data-end=\"967\"><strong data-start=\"779\" data-end=\"794\">Usage:<\/strong> Cleanse and tone skin. Shake the ampoule gently to mix the contents. Open and apply to skin, patting gently until fully absorbed. Follow with serum and moisturizer.<\/p>","protected":false},"excerpt":{"rendered":"<p>This innovative essence uses microneedling technology to deliver glutathione deep into the skin, ensuring a brighter and more radiant complexion. Ideal for reducing age spots and evens out uneven skin tone. Key benefits: Brighter and more even skin tone: Glutathione helps reduce dark spots and evens out skin tone. Brighter and healthier complexion: Improves the overall radiance of the skin, increasing its vitality and health. Microneedling technology: Tiny needles\u2026<\/p>","protected":false},"featured_media":14914,"comment_status":"open","ping_status":"closed","template":"","meta":{"_uf_show_specific_survey":0,"_uf_disable_surveys":false,"_bst_post_transparent":"default","_bst_post_title":"","_bst_post_layout":"default","_bst_post_sidebar_id":"","_bst_post_content_style":"default","_bst_post_vertical_padding":"default","_bst_post_feature":"","_bst_post_feature_position":"","_bst_post_header":false,"_bst_post_footer":false},"pwb-brand":[493],"product_brand":[],"product_cat":[92,97],"product_tag":[950,624,462],"class_list":{"0":"post-14861","1":"product","2":"type-product","3":"status-publish","4":"has-post-thumbnail","6":"pwb-brand-vt","7":"product_cat-nagu","8":"product_cat-naoseerumid-ja-olid","9":"product_tag-glutatione","10":"product_tag-reedle","11":"product_tag-vt","13":"first","14":"instock","15":"sale","16":"shipping-taxable","17":"purchasable","18":"product-type-variable","19":"has-default-attributes","20":"entry","21":"content-bg","22":"loop-entry"},"supplier_id":null,"supplier_sku":"","barcode":null,"atum_controlled":true,"out_stock_date":null,"out_stock_threshold":null,"inheritable":true,"inbound_stock":0,"stock_on_hold":0,"sold_today":0,"sales_last_days":0,"out_stock_days":0,"lost_sales":0,"has_location":false,"update_date":"2026-04-14T00:05:05","atum_locations":[],"atum_stock_status":"instock","restock_status":false,"low_stock_amount":"","sales_update_date":"2026-04-14T00:05:05","calc_backorders":null,"yoast_head":"<!-- This site is optimized with the Yoast SEO plugin v27.2 - https:\/\/yoast.com\/product\/yoast-seo-wordpress\/ -->\n<title>VT Reedle Shot Facial Radiance Glutathione Essence - IDA.KOREA<\/title>\n<meta name=\"description\" content=\"Innovatiivne glutatiooni essents mikron\u00f5elte tehnoloogiaga \u2013 heledam, s\u00e4ravam ja \u00fchtlasem nahk. T\u00f5hus pigmendilaikude v\u00e4hendamisel. - Kiire tarne!\" \/>\n<meta name=\"robots\" content=\"index, follow, max-snippet:-1, max-image-preview:large, max-video-preview:-1\" \/>\n<link rel=\"canonical\" href=\"https:\/\/idakorea.ee\/en\/product\/vt-reedle-shot-facial-radiance-glutathione-essence\/\" \/>\n<meta property=\"og:locale\" content=\"en_US\" \/>\n<meta property=\"og:type\" content=\"article\" \/>\n<meta property=\"og:title\" content=\"VT Reedle Shot Facial Radiance Glutathione Essence - IDA.KOREA\" \/>\n<meta property=\"og:description\" content=\"Innovatiivne glutatiooni essents mikron\u00f5elte tehnoloogiaga \u2013 heledam, s\u00e4ravam ja \u00fchtlasem nahk. T\u00f5hus pigmendilaikude v\u00e4hendamisel. - Kiire tarne!\" \/>\n<meta property=\"og:url\" content=\"https:\/\/idakorea.ee\/en\/product\/vt-reedle-shot-facial-radiance-glutathione-essence\/\" \/>\n<meta property=\"og:site_name\" content=\"IDA.KOREA\" \/>\n<meta property=\"article:modified_time\" content=\"2026-03-29T13:51:51+00:00\" \/>\n<meta property=\"og:image\" content=\"https:\/\/idakorea.ee\/wp-content\/uploads\/2025\/06\/reedle_shot_glutathione-idakorea.ee_.png\" \/>\n\t<meta property=\"og:image:width\" content=\"433\" \/>\n\t<meta property=\"og:image:height\" content=\"576\" \/>\n\t<meta property=\"og:image:type\" content=\"image\/png\" \/>\n<meta name=\"twitter:card\" content=\"summary_large_image\" \/>\n<meta name=\"twitter:label1\" content=\"Est. reading time\" \/>\n\t<meta name=\"twitter:data1\" content=\"1 minute\" \/>\n<script type=\"application\/ld+json\" class=\"yoast-schema-graph\">{\"@context\":\"https:\/\/schema.org\",\"@graph\":[{\"@type\":\"WebPage\",\"@id\":\"https:\/\/idakorea.ee\/product\/vt-reedle-shot-facial-radiance-glutathione-essence\/\",\"url\":\"https:\/\/idakorea.ee\/product\/vt-reedle-shot-facial-radiance-glutathione-essence\/\",\"name\":\"VT Reedle Shot Facial Radiance Glutathione Essence - IDA.KOREA\",\"isPartOf\":{\"@id\":\"https:\/\/idakorea.ee\/#website\"},\"primaryImageOfPage\":{\"@id\":\"https:\/\/idakorea.ee\/product\/vt-reedle-shot-facial-radiance-glutathione-essence\/#primaryimage\"},\"image\":{\"@id\":\"https:\/\/idakorea.ee\/product\/vt-reedle-shot-facial-radiance-glutathione-essence\/#primaryimage\"},\"thumbnailUrl\":\"https:\/\/idakorea.ee\/wp-content\/uploads\/2025\/06\/reedle_shot_glutathione-idakorea.ee_.png\",\"datePublished\":\"2025-06-25T17:33:31+00:00\",\"dateModified\":\"2026-03-29T13:51:51+00:00\",\"description\":\"Innovatiivne glutatiooni essents mikron\u00f5elte tehnoloogiaga \u2013 heledam, s\u00e4ravam ja \u00fchtlasem nahk. T\u00f5hus pigmendilaikude v\u00e4hendamisel. - Kiire tarne!\",\"breadcrumb\":{\"@id\":\"https:\/\/idakorea.ee\/product\/vt-reedle-shot-facial-radiance-glutathione-essence\/#breadcrumb\"},\"inLanguage\":\"en-US\",\"potentialAction\":[{\"@type\":\"ReadAction\",\"target\":[\"https:\/\/idakorea.ee\/product\/vt-reedle-shot-facial-radiance-glutathione-essence\/\"]}]},{\"@type\":\"ImageObject\",\"inLanguage\":\"en-US\",\"@id\":\"https:\/\/idakorea.ee\/product\/vt-reedle-shot-facial-radiance-glutathione-essence\/#primaryimage\",\"url\":\"https:\/\/idakorea.ee\/wp-content\/uploads\/2025\/06\/reedle_shot_glutathione-idakorea.ee_.png\",\"contentUrl\":\"https:\/\/idakorea.ee\/wp-content\/uploads\/2025\/06\/reedle_shot_glutathione-idakorea.ee_.png\",\"width\":433,\"height\":576},{\"@type\":\"BreadcrumbList\",\"@id\":\"https:\/\/idakorea.ee\/product\/vt-reedle-shot-facial-radiance-glutathione-essence\/#breadcrumb\",\"itemListElement\":[{\"@type\":\"ListItem\",\"position\":1,\"name\":\"\u0413\u043b\u0430\u0432\u043d\u0430\u044f \u0441\u0442\u0440\u0430\u043d\u0438\u0446\u0430\",\"item\":\"https:\/\/idakorea.ee\/\"},{\"@type\":\"ListItem\",\"position\":2,\"name\":\"Shop\",\"item\":\"https:\/\/idakorea.ee\/shop-2\/\"},{\"@type\":\"ListItem\",\"position\":3,\"name\":\"Esseents glutatiooniga VT Reedle Shot Facial Radiance Glutathione Essence\"}]},{\"@type\":\"WebSite\",\"@id\":\"https:\/\/idakorea.ee\/#website\",\"url\":\"https:\/\/idakorea.ee\/\",\"name\":\"IDA.KOREA\",\"description\":\"Korea kosmeetika e-pood\",\"publisher\":{\"@id\":\"https:\/\/idakorea.ee\/#organization\"},\"alternateName\":\"Beauty Shop\",\"potentialAction\":[{\"@type\":\"SearchAction\",\"target\":{\"@type\":\"EntryPoint\",\"urlTemplate\":\"https:\/\/idakorea.ee\/?s={search_term_string}\"},\"query-input\":{\"@type\":\"PropertyValueSpecification\",\"valueRequired\":true,\"valueName\":\"search_term_string\"}}],\"inLanguage\":\"en-US\"},{\"@type\":\"Organization\",\"@id\":\"https:\/\/idakorea.ee\/#organization\",\"name\":\"IDA.KOREA\",\"url\":\"https:\/\/idakorea.ee\/\",\"logo\":{\"@type\":\"ImageObject\",\"inLanguage\":\"en-US\",\"@id\":\"https:\/\/idakorea.ee\/#\/schema\/logo\/image\/\",\"url\":\"https:\/\/idakorea.ee\/wp-content\/uploads\/2024\/05\/cropped-korea3.png\",\"contentUrl\":\"https:\/\/idakorea.ee\/wp-content\/uploads\/2024\/05\/cropped-korea3.png\",\"width\":688,\"height\":126,\"caption\":\"IDA.KOREA\"},\"image\":{\"@id\":\"https:\/\/idakorea.ee\/#\/schema\/logo\/image\/\"},\"sameAs\":[\"https:\/\/www.instagram.com\/ida.korea\/\"]}]}<\/script>\n<!-- \/ Yoast SEO plugin. -->","yoast_head_json":{"title":"SEE Reedle Shot Facial Radiance Glutathione Essence - IDA.KOREA","description":"Innovative glutathione essence with microneedle technology - brighter, more radiant and even skin. Effective in reducing age spots. - Fast delivery!","robots":{"index":"index","follow":"follow","max-snippet":"max-snippet:-1","max-image-preview":"max-image-preview:large","max-video-preview":"max-video-preview:-1"},"canonical":"https:\/\/idakorea.ee\/en\/product\/vt-reedle-shot-facial-radiance-glutathione-essence\/","og_locale":"en_US","og_type":"article","og_title":"VT Reedle Shot Facial Radiance Glutathione Essence - IDA.KOREA","og_description":"Innovatiivne glutatiooni essents mikron\u00f5elte tehnoloogiaga \u2013 heledam, s\u00e4ravam ja \u00fchtlasem nahk. T\u00f5hus pigmendilaikude v\u00e4hendamisel. - Kiire tarne!","og_url":"https:\/\/idakorea.ee\/en\/product\/vt-reedle-shot-facial-radiance-glutathione-essence\/","og_site_name":"IDA.KOREA","article_modified_time":"2026-03-29T13:51:51+00:00","og_image":[{"width":433,"height":576,"url":"https:\/\/idakorea.ee\/wp-content\/uploads\/2025\/06\/reedle_shot_glutathione-idakorea.ee_.png","type":"image\/png"}],"twitter_card":"summary_large_image","twitter_misc":{"Est. reading time":"1 minute"},"schema":{"@context":"https:\/\/schema.org","@graph":[{"@type":"WebPage","@id":"https:\/\/idakorea.ee\/product\/vt-reedle-shot-facial-radiance-glutathione-essence\/","url":"https:\/\/idakorea.ee\/product\/vt-reedle-shot-facial-radiance-glutathione-essence\/","name":"SEE Reedle Shot Facial Radiance Glutathione Essence - IDA.KOREA","isPartOf":{"@id":"https:\/\/idakorea.ee\/#website"},"primaryImageOfPage":{"@id":"https:\/\/idakorea.ee\/product\/vt-reedle-shot-facial-radiance-glutathione-essence\/#primaryimage"},"image":{"@id":"https:\/\/idakorea.ee\/product\/vt-reedle-shot-facial-radiance-glutathione-essence\/#primaryimage"},"thumbnailUrl":"https:\/\/idakorea.ee\/wp-content\/uploads\/2025\/06\/reedle_shot_glutathione-idakorea.ee_.png","datePublished":"2025-06-25T17:33:31+00:00","dateModified":"2026-03-29T13:51:51+00:00","description":"Innovative glutathione essence with microneedle technology - brighter, more radiant and even skin. Effective in reducing age spots. - Fast delivery!","breadcrumb":{"@id":"https:\/\/idakorea.ee\/product\/vt-reedle-shot-facial-radiance-glutathione-essence\/#breadcrumb"},"inLanguage":"en-US","potentialAction":[{"@type":"ReadAction","target":["https:\/\/idakorea.ee\/product\/vt-reedle-shot-facial-radiance-glutathione-essence\/"]}]},{"@type":"ImageObject","inLanguage":"en-US","@id":"https:\/\/idakorea.ee\/product\/vt-reedle-shot-facial-radiance-glutathione-essence\/#primaryimage","url":"https:\/\/idakorea.ee\/wp-content\/uploads\/2025\/06\/reedle_shot_glutathione-idakorea.ee_.png","contentUrl":"https:\/\/idakorea.ee\/wp-content\/uploads\/2025\/06\/reedle_shot_glutathione-idakorea.ee_.png","width":433,"height":576},{"@type":"BreadcrumbList","@id":"https:\/\/idakorea.ee\/product\/vt-reedle-shot-facial-radiance-glutathione-essence\/#breadcrumb","itemListElement":[{"@type":"ListItem","position":1,"name":"\u0413\u043b\u0430\u0432\u043d\u0430\u044f \u0441\u0442\u0440\u0430\u043d\u0438\u0446\u0430","item":"https:\/\/idakorea.ee\/"},{"@type":"ListItem","position":2,"name":"Shop","item":"https:\/\/idakorea.ee\/shop-2\/"},{"@type":"ListItem","position":3,"name":"Esseents glutatiooniga VT Reedle Shot Facial Radiance Glutathione Essence"}]},{"@type":"WebSite","@id":"https:\/\/idakorea.ee\/#website","url":"https:\/\/idakorea.ee\/","name":"IDA.KOREA","description":"Korean cosmetics e-shop","publisher":{"@id":"https:\/\/idakorea.ee\/#organization"},"alternateName":"Beauty Shop","potentialAction":[{"@type":"SearchAction","target":{"@type":"EntryPoint","urlTemplate":"https:\/\/idakorea.ee\/?s={search_term_string}"},"query-input":{"@type":"PropertyValueSpecification","valueRequired":true,"valueName":"search_term_string"}}],"inLanguage":"en-US"},{"@type":"Organization","@id":"https:\/\/idakorea.ee\/#organization","name":"IDA.KOREA","url":"https:\/\/idakorea.ee\/","logo":{"@type":"ImageObject","inLanguage":"en-US","@id":"https:\/\/idakorea.ee\/#\/schema\/logo\/image\/","url":"https:\/\/idakorea.ee\/wp-content\/uploads\/2024\/05\/cropped-korea3.png","contentUrl":"https:\/\/idakorea.ee\/wp-content\/uploads\/2024\/05\/cropped-korea3.png","width":688,"height":126,"caption":"IDA.KOREA"},"image":{"@id":"https:\/\/idakorea.ee\/#\/schema\/logo\/image\/"},"sameAs":["https:\/\/www.instagram.com\/ida.korea\/"]}]}},"jetpack_sharing_enabled":true,"brands":[{"id":493,"name":"VT COSMETICS","slug":"vt"}],"_links":{"self":[{"href":"https:\/\/idakorea.ee\/en\/wp-json\/wp\/v2\/product\/14861","targetHints":{"allow":["GET"]}}],"collection":[{"href":"https:\/\/idakorea.ee\/en\/wp-json\/wp\/v2\/product"}],"about":[{"href":"https:\/\/idakorea.ee\/en\/wp-json\/wp\/v2\/types\/product"}],"replies":[{"embeddable":true,"href":"https:\/\/idakorea.ee\/en\/wp-json\/wp\/v2\/comments?post=14861"}],"version-history":[{"count":5,"href":"https:\/\/idakorea.ee\/en\/wp-json\/wp\/v2\/product\/14861\/revisions"}],"predecessor-version":[{"id":14915,"href":"https:\/\/idakorea.ee\/en\/wp-json\/wp\/v2\/product\/14861\/revisions\/14915"}],"wp:featuredmedia":[{"embeddable":true,"href":"https:\/\/idakorea.ee\/en\/wp-json\/wp\/v2\/media\/14914"}],"wp:attachment":[{"href":"https:\/\/idakorea.ee\/en\/wp-json\/wp\/v2\/media?parent=14861"}],"wp:term":[{"taxonomy":"pwb-brand","embeddable":true,"href":"https:\/\/idakorea.ee\/en\/wp-json\/wp\/v2\/pwb-brand?post=14861"},{"taxonomy":"product_brand","embeddable":true,"href":"https:\/\/idakorea.ee\/en\/wp-json\/wp\/v2\/product_brand?post=14861"},{"taxonomy":"product_cat","embeddable":true,"href":"https:\/\/idakorea.ee\/en\/wp-json\/wp\/v2\/product_cat?post=14861"},{"taxonomy":"product_tag","embeddable":true,"href":"https:\/\/idakorea.ee\/en\/wp-json\/wp\/v2\/product_tag?post=14861"}],"curies":[{"name":"wp","href":"https:\/\/api.w.org\/{rel}","templated":true}]}}