{"id":14924,"date":"2025-06-28T20:34:06","date_gmt":"2025-06-28T17:34:06","guid":{"rendered":"https:\/\/idakorea.ee\/?post_type=product&#038;p=14924"},"modified":"2026-04-03T11:08:40","modified_gmt":"2026-04-03T09:08:40","slug":"round-lab-mugwort-calming-cleanser-150ml","status":"publish","type":"product","link":"https:\/\/idakorea.ee\/en\/product\/round-lab-mugwort-calming-cleanser-150ml\/","title":{"rendered":"Round Lab Mugwort Calming Cleanser, 150ml"},"content":{"rendered":"<p data-start=\"181\" data-end=\"300\">The cleansing foam is ideal for daily facial cleansing of sensitive and problematic skin thanks to its gentle composition.<\/p>\n<p data-start=\"302\" data-end=\"487\">The product cleanses pores of dead skin cells and excess sebum without causing irritation. The slightly acidic formula strengthens the skin&#039;s natural hydrolipidic barrier, which helps prevent dryness.<\/p>\n<p data-start=\"489\" data-end=\"701\">The foam removes all impurities, reduces moisture loss and protects against external factors, softens and smoothes the skin&#039;s texture. It has a creamy texture and a light scent with notes of mugwort, black tea and sage.<\/p>\n<p data-start=\"703\" data-end=\"865\"><strong data-start=\"703\" data-end=\"724\">Main active substance<\/strong> \u2014 <strong data-start=\"727\" data-end=\"757\">elderberry extract (10,045 ppm)<\/strong> \u2014 soothes inflammation, has antibacterial and antiseptic effects, reduces the appearance of couperose and acne.<\/p>\n<p data-start=\"867\" data-end=\"887\"><strong data-start=\"867\" data-end=\"887\">Additional components:<\/strong><\/p>\n<ul data-start=\"888\" data-end=\"1644\">\n<li data-start=\"888\" data-end=\"1064\">\n<p data-start=\"890\" data-end=\"1064\"><strong data-start=\"890\" data-end=\"909\">4-CICA complex<\/strong> (Madecassoside, Asiaticoside, Asiatic Acid, Madecassic Acid) \u2013 soothes the skin, reduces redness and irritation, strengthens capillaries and improves elasticity.<\/p>\n<\/li>\n<li data-start=\"1065\" data-end=\"1196\">\n<p data-start=\"1067\" data-end=\"1196\"><strong data-start=\"1067\" data-end=\"1094\">Panthenol (vitamin B5)<\/strong> \u2013 accelerates the healing of micro-damages, softens and soothes the skin, strengthens the skin&#039;s protective barrier.<\/p>\n<\/li>\n<li data-start=\"1197\" data-end=\"1330\">\n<p data-start=\"1199\" data-end=\"1330\"><strong data-start=\"1199\" data-end=\"1213\">Allantoiin<\/strong> \u2013 soothes, promotes regeneration, eliminates dryness and reduces sensitivity, protects against free radicals.<\/p>\n<\/li>\n<li data-start=\"1331\" data-end=\"1461\">\n<p data-start=\"1333\" data-end=\"1461\"><strong data-start=\"1333\" data-end=\"1358\">Green tea extract<\/strong> \u2013 refreshes and tones, fights oxidative stress, slowing down the skin aging process.<\/p>\n<\/li>\n<li data-start=\"1462\" data-end=\"1644\">\n<p data-start=\"1464\" data-end=\"1644\"><strong data-start=\"1464\" data-end=\"1507\">Betaine from coconut (Coco-Betaine)<\/strong> \u2013 a gentle cleanser with antibacterial properties; removes dirt without drying or irritating the skin, creating a soft foam.<\/p>\n<\/li>\n<\/ul>\n<p data-start=\"1646\" data-end=\"1718\">Suitable for all skin types, including sensitive and acne-prone skin.<\/p>\n<p data-start=\"1720\" data-end=\"1888\"><strong data-start=\"1720\" data-end=\"1735\">Usage:<\/strong><br data-start=\"1735\" data-end=\"1738\" \/>Rub a small amount of product between wet hands to create a lather, apply to face and massage until a soft lather forms. Rinse with warm water and continue with your usual skincare routine.<\/p>","protected":false},"excerpt":{"rendered":"<p>The cleansing foam is ideal for daily facial cleansing for sensitive and problematic skin thanks to its gentle formula. The product cleanses pores of dead skin cells and excess sebum without causing irritation. The slightly acidic formula strengthens the skin&#039;s natural hydrolipid barrier, which helps prevent dryness. The foam removes all pollutants, reduces moisture loss and protects against external factors, softens and smoothes the skin&#039;s texture. It has a creamy formula and a light\u2026<\/p>","protected":false},"featured_media":14925,"comment_status":"open","ping_status":"closed","template":"","meta":{"_uf_show_specific_survey":0,"_uf_disable_surveys":false,"_bst_post_transparent":"default","_bst_post_title":"","_bst_post_layout":"default","_bst_post_sidebar_id":"","_bst_post_content_style":"default","_bst_post_vertical_padding":"default","_bst_post_feature":"","_bst_post_feature_position":"","_bst_post_header":false,"_bst_post_footer":false},"pwb-brand":[645],"product_brand":[],"product_cat":[92,452,100],"product_tag":[953,954],"class_list":{"0":"post-14924","1":"product","2":"type-product","3":"status-publish","4":"has-post-thumbnail","6":"pwb-brand-round-lab","7":"product_cat-nagu","8":"product_cat-naopuhastusgeelid","9":"product_cat-puhastusvahendid","10":"product_tag-mugwort","11":"product_tag-puhastus","13":"first","14":"instock","15":"sale","16":"shipping-taxable","17":"purchasable","18":"product-type-simple","19":"entry","20":"content-bg","21":"loop-entry"},"supplier_id":null,"supplier_sku":"","barcode":null,"atum_controlled":true,"out_stock_date":null,"out_stock_threshold":null,"inheritable":false,"inbound_stock":0,"stock_on_hold":0,"sold_today":0,"sales_last_days":0,"out_stock_days":0,"lost_sales":0,"has_location":false,"update_date":"2026-04-14T00:05:10","atum_locations":[],"atum_stock_status":"instock","restock_status":false,"low_stock_amount":"","sales_update_date":"2026-04-14T00:05:10","calc_backorders":null,"yoast_head":"<!-- This site is optimized with the Yoast SEO plugin v27.2 - https:\/\/yoast.com\/product\/yoast-seo-wordpress\/ -->\n<title>Round Lab Mugwort Calming Cleanser, 150ml - IDA.KOREA<\/title>\n<meta name=\"description\" content=\"\u00d5rn puhastusvaht puju ja CICA kompleksiga tundlikule ja aknele kalduvale nahale. Rahustab, niisutab ja kaitseb naha kaitsebarj\u00e4\u00e4ri, sobib igap\u00e4evaseks kasutamiseks.\" \/>\n<meta name=\"robots\" content=\"index, follow, max-snippet:-1, max-image-preview:large, max-video-preview:-1\" \/>\n<link rel=\"canonical\" href=\"https:\/\/idakorea.ee\/en\/product\/round-lab-mugwort-calming-cleanser-150ml\/\" \/>\n<meta property=\"og:locale\" content=\"en_US\" \/>\n<meta property=\"og:type\" content=\"article\" \/>\n<meta property=\"og:title\" content=\"Round Lab Mugwort Calming Cleanser, 150ml - IDA.KOREA\" \/>\n<meta property=\"og:description\" content=\"\u00d5rn puhastusvaht puju ja CICA kompleksiga tundlikule ja aknele kalduvale nahale. Rahustab, niisutab ja kaitseb naha kaitsebarj\u00e4\u00e4ri, sobib igap\u00e4evaseks kasutamiseks.\" \/>\n<meta property=\"og:url\" content=\"https:\/\/idakorea.ee\/en\/product\/round-lab-mugwort-calming-cleanser-150ml\/\" \/>\n<meta property=\"og:site_name\" content=\"IDA.KOREA\" \/>\n<meta property=\"article:modified_time\" content=\"2026-04-03T09:08:40+00:00\" \/>\n<meta property=\"og:image\" content=\"https:\/\/idakorea.ee\/wp-content\/uploads\/2025\/06\/round-lab-mugwort-calming-cleanser-idakorea.ee_.jpg\" \/>\n\t<meta property=\"og:image:width\" content=\"1000\" \/>\n\t<meta property=\"og:image:height\" content=\"1000\" \/>\n\t<meta property=\"og:image:type\" content=\"image\/jpeg\" \/>\n<meta name=\"twitter:card\" content=\"summary_large_image\" \/>\n<meta name=\"twitter:label1\" content=\"Est. reading time\" \/>\n\t<meta name=\"twitter:data1\" content=\"2 minutes\" \/>\n<script type=\"application\/ld+json\" class=\"yoast-schema-graph\">{\"@context\":\"https:\/\/schema.org\",\"@graph\":[{\"@type\":\"WebPage\",\"@id\":\"https:\/\/idakorea.ee\/product\/round-lab-mugwort-calming-cleanser-150ml\/\",\"url\":\"https:\/\/idakorea.ee\/product\/round-lab-mugwort-calming-cleanser-150ml\/\",\"name\":\"Round Lab Mugwort Calming Cleanser, 150ml - IDA.KOREA\",\"isPartOf\":{\"@id\":\"https:\/\/idakorea.ee\/#website\"},\"primaryImageOfPage\":{\"@id\":\"https:\/\/idakorea.ee\/product\/round-lab-mugwort-calming-cleanser-150ml\/#primaryimage\"},\"image\":{\"@id\":\"https:\/\/idakorea.ee\/product\/round-lab-mugwort-calming-cleanser-150ml\/#primaryimage\"},\"thumbnailUrl\":\"https:\/\/idakorea.ee\/wp-content\/uploads\/2025\/06\/round-lab-mugwort-calming-cleanser-idakorea.ee_.jpg\",\"datePublished\":\"2025-06-28T17:34:06+00:00\",\"dateModified\":\"2026-04-03T09:08:40+00:00\",\"description\":\"\u00d5rn puhastusvaht puju ja CICA kompleksiga tundlikule ja aknele kalduvale nahale. Rahustab, niisutab ja kaitseb naha kaitsebarj\u00e4\u00e4ri, sobib igap\u00e4evaseks kasutamiseks.\",\"breadcrumb\":{\"@id\":\"https:\/\/idakorea.ee\/product\/round-lab-mugwort-calming-cleanser-150ml\/#breadcrumb\"},\"inLanguage\":\"en-US\",\"potentialAction\":[{\"@type\":\"ReadAction\",\"target\":[\"https:\/\/idakorea.ee\/product\/round-lab-mugwort-calming-cleanser-150ml\/\"]}]},{\"@type\":\"ImageObject\",\"inLanguage\":\"en-US\",\"@id\":\"https:\/\/idakorea.ee\/product\/round-lab-mugwort-calming-cleanser-150ml\/#primaryimage\",\"url\":\"https:\/\/idakorea.ee\/wp-content\/uploads\/2025\/06\/round-lab-mugwort-calming-cleanser-idakorea.ee_.jpg\",\"contentUrl\":\"https:\/\/idakorea.ee\/wp-content\/uploads\/2025\/06\/round-lab-mugwort-calming-cleanser-idakorea.ee_.jpg\",\"width\":1000,\"height\":1000},{\"@type\":\"BreadcrumbList\",\"@id\":\"https:\/\/idakorea.ee\/product\/round-lab-mugwort-calming-cleanser-150ml\/#breadcrumb\",\"itemListElement\":[{\"@type\":\"ListItem\",\"position\":1,\"name\":\"\u0413\u043b\u0430\u0432\u043d\u0430\u044f \u0441\u0442\u0440\u0430\u043d\u0438\u0446\u0430\",\"item\":\"https:\/\/idakorea.ee\/\"},{\"@type\":\"ListItem\",\"position\":2,\"name\":\"Shop\",\"item\":\"https:\/\/idakorea.ee\/shop-2\/\"},{\"@type\":\"ListItem\",\"position\":3,\"name\":\"Puhastusvaht Round Lab Mugwort Calming Cleanser, 150ml\"}]},{\"@type\":\"WebSite\",\"@id\":\"https:\/\/idakorea.ee\/#website\",\"url\":\"https:\/\/idakorea.ee\/\",\"name\":\"IDA.KOREA\",\"description\":\"Korea kosmeetika e-pood\",\"publisher\":{\"@id\":\"https:\/\/idakorea.ee\/#organization\"},\"alternateName\":\"Beauty Shop\",\"potentialAction\":[{\"@type\":\"SearchAction\",\"target\":{\"@type\":\"EntryPoint\",\"urlTemplate\":\"https:\/\/idakorea.ee\/?s={search_term_string}\"},\"query-input\":{\"@type\":\"PropertyValueSpecification\",\"valueRequired\":true,\"valueName\":\"search_term_string\"}}],\"inLanguage\":\"en-US\"},{\"@type\":\"Organization\",\"@id\":\"https:\/\/idakorea.ee\/#organization\",\"name\":\"IDA.KOREA\",\"url\":\"https:\/\/idakorea.ee\/\",\"logo\":{\"@type\":\"ImageObject\",\"inLanguage\":\"en-US\",\"@id\":\"https:\/\/idakorea.ee\/#\/schema\/logo\/image\/\",\"url\":\"https:\/\/idakorea.ee\/wp-content\/uploads\/2024\/05\/cropped-korea3.png\",\"contentUrl\":\"https:\/\/idakorea.ee\/wp-content\/uploads\/2024\/05\/cropped-korea3.png\",\"width\":688,\"height\":126,\"caption\":\"IDA.KOREA\"},\"image\":{\"@id\":\"https:\/\/idakorea.ee\/#\/schema\/logo\/image\/\"},\"sameAs\":[\"https:\/\/www.instagram.com\/ida.korea\/\"]}]}<\/script>\n<!-- \/ Yoast SEO plugin. -->","yoast_head_json":{"title":"Round Lab Mugwort Calming Cleanser, 150ml - IDA.KOREA","description":"Gentle cleansing foam with witch hazel and CICA complex for sensitive and acne-prone skin. Soothes, moisturizes and protects the skin&#039;s protective barrier, suitable for daily use.","robots":{"index":"index","follow":"follow","max-snippet":"max-snippet:-1","max-image-preview":"max-image-preview:large","max-video-preview":"max-video-preview:-1"},"canonical":"https:\/\/idakorea.ee\/en\/product\/round-lab-mugwort-calming-cleanser-150ml\/","og_locale":"en_US","og_type":"article","og_title":"Round Lab Mugwort Calming Cleanser, 150ml - IDA.KOREA","og_description":"\u00d5rn puhastusvaht puju ja CICA kompleksiga tundlikule ja aknele kalduvale nahale. Rahustab, niisutab ja kaitseb naha kaitsebarj\u00e4\u00e4ri, sobib igap\u00e4evaseks kasutamiseks.","og_url":"https:\/\/idakorea.ee\/en\/product\/round-lab-mugwort-calming-cleanser-150ml\/","og_site_name":"IDA.KOREA","article_modified_time":"2026-04-03T09:08:40+00:00","og_image":[{"width":1000,"height":1000,"url":"https:\/\/idakorea.ee\/wp-content\/uploads\/2025\/06\/round-lab-mugwort-calming-cleanser-idakorea.ee_.jpg","type":"image\/jpeg"}],"twitter_card":"summary_large_image","twitter_misc":{"Est. reading time":"2 minutes"},"schema":{"@context":"https:\/\/schema.org","@graph":[{"@type":"WebPage","@id":"https:\/\/idakorea.ee\/product\/round-lab-mugwort-calming-cleanser-150ml\/","url":"https:\/\/idakorea.ee\/product\/round-lab-mugwort-calming-cleanser-150ml\/","name":"Round Lab Mugwort Calming Cleanser, 150ml - IDA.KOREA","isPartOf":{"@id":"https:\/\/idakorea.ee\/#website"},"primaryImageOfPage":{"@id":"https:\/\/idakorea.ee\/product\/round-lab-mugwort-calming-cleanser-150ml\/#primaryimage"},"image":{"@id":"https:\/\/idakorea.ee\/product\/round-lab-mugwort-calming-cleanser-150ml\/#primaryimage"},"thumbnailUrl":"https:\/\/idakorea.ee\/wp-content\/uploads\/2025\/06\/round-lab-mugwort-calming-cleanser-idakorea.ee_.jpg","datePublished":"2025-06-28T17:34:06+00:00","dateModified":"2026-04-03T09:08:40+00:00","description":"Gentle cleansing foam with witch hazel and CICA complex for sensitive and acne-prone skin. Soothes, moisturizes and protects the skin&#039;s protective barrier, suitable for daily use.","breadcrumb":{"@id":"https:\/\/idakorea.ee\/product\/round-lab-mugwort-calming-cleanser-150ml\/#breadcrumb"},"inLanguage":"en-US","potentialAction":[{"@type":"ReadAction","target":["https:\/\/idakorea.ee\/product\/round-lab-mugwort-calming-cleanser-150ml\/"]}]},{"@type":"ImageObject","inLanguage":"en-US","@id":"https:\/\/idakorea.ee\/product\/round-lab-mugwort-calming-cleanser-150ml\/#primaryimage","url":"https:\/\/idakorea.ee\/wp-content\/uploads\/2025\/06\/round-lab-mugwort-calming-cleanser-idakorea.ee_.jpg","contentUrl":"https:\/\/idakorea.ee\/wp-content\/uploads\/2025\/06\/round-lab-mugwort-calming-cleanser-idakorea.ee_.jpg","width":1000,"height":1000},{"@type":"BreadcrumbList","@id":"https:\/\/idakorea.ee\/product\/round-lab-mugwort-calming-cleanser-150ml\/#breadcrumb","itemListElement":[{"@type":"ListItem","position":1,"name":"\u0413\u043b\u0430\u0432\u043d\u0430\u044f \u0441\u0442\u0440\u0430\u043d\u0438\u0446\u0430","item":"https:\/\/idakorea.ee\/"},{"@type":"ListItem","position":2,"name":"Shop","item":"https:\/\/idakorea.ee\/shop-2\/"},{"@type":"ListItem","position":3,"name":"Puhastusvaht Round Lab Mugwort Calming Cleanser, 150ml"}]},{"@type":"WebSite","@id":"https:\/\/idakorea.ee\/#website","url":"https:\/\/idakorea.ee\/","name":"IDA.KOREA","description":"Korean cosmetics e-shop","publisher":{"@id":"https:\/\/idakorea.ee\/#organization"},"alternateName":"Beauty Shop","potentialAction":[{"@type":"SearchAction","target":{"@type":"EntryPoint","urlTemplate":"https:\/\/idakorea.ee\/?s={search_term_string}"},"query-input":{"@type":"PropertyValueSpecification","valueRequired":true,"valueName":"search_term_string"}}],"inLanguage":"en-US"},{"@type":"Organization","@id":"https:\/\/idakorea.ee\/#organization","name":"IDA.KOREA","url":"https:\/\/idakorea.ee\/","logo":{"@type":"ImageObject","inLanguage":"en-US","@id":"https:\/\/idakorea.ee\/#\/schema\/logo\/image\/","url":"https:\/\/idakorea.ee\/wp-content\/uploads\/2024\/05\/cropped-korea3.png","contentUrl":"https:\/\/idakorea.ee\/wp-content\/uploads\/2024\/05\/cropped-korea3.png","width":688,"height":126,"caption":"IDA.KOREA"},"image":{"@id":"https:\/\/idakorea.ee\/#\/schema\/logo\/image\/"},"sameAs":["https:\/\/www.instagram.com\/ida.korea\/"]}]}},"jetpack_sharing_enabled":true,"brands":[{"id":645,"name":"ROUND LAB","slug":"round-lab"}],"_links":{"self":[{"href":"https:\/\/idakorea.ee\/en\/wp-json\/wp\/v2\/product\/14924","targetHints":{"allow":["GET"]}}],"collection":[{"href":"https:\/\/idakorea.ee\/en\/wp-json\/wp\/v2\/product"}],"about":[{"href":"https:\/\/idakorea.ee\/en\/wp-json\/wp\/v2\/types\/product"}],"replies":[{"embeddable":true,"href":"https:\/\/idakorea.ee\/en\/wp-json\/wp\/v2\/comments?post=14924"}],"version-history":[{"count":2,"href":"https:\/\/idakorea.ee\/en\/wp-json\/wp\/v2\/product\/14924\/revisions"}],"predecessor-version":[{"id":15010,"href":"https:\/\/idakorea.ee\/en\/wp-json\/wp\/v2\/product\/14924\/revisions\/15010"}],"wp:featuredmedia":[{"embeddable":true,"href":"https:\/\/idakorea.ee\/en\/wp-json\/wp\/v2\/media\/14925"}],"wp:attachment":[{"href":"https:\/\/idakorea.ee\/en\/wp-json\/wp\/v2\/media?parent=14924"}],"wp:term":[{"taxonomy":"pwb-brand","embeddable":true,"href":"https:\/\/idakorea.ee\/en\/wp-json\/wp\/v2\/pwb-brand?post=14924"},{"taxonomy":"product_brand","embeddable":true,"href":"https:\/\/idakorea.ee\/en\/wp-json\/wp\/v2\/product_brand?post=14924"},{"taxonomy":"product_cat","embeddable":true,"href":"https:\/\/idakorea.ee\/en\/wp-json\/wp\/v2\/product_cat?post=14924"},{"taxonomy":"product_tag","embeddable":true,"href":"https:\/\/idakorea.ee\/en\/wp-json\/wp\/v2\/product_tag?post=14924"}],"curies":[{"name":"wp","href":"https:\/\/api.w.org\/{rel}","templated":true}]}}