{"id":14974,"date":"2025-07-01T18:53:37","date_gmt":"2025-07-01T15:53:37","guid":{"rendered":"https:\/\/idakorea.ee\/?post_type=product&#038;p=14974"},"modified":"2026-04-04T11:08:08","modified_gmt":"2026-04-04T09:08:08","slug":"lifting-efektiga-mask-avajar-rejuvenating-double-v-mask","status":"publish","type":"product","link":"https:\/\/idakorea.ee\/en\/product\/lifting-efektiga-mask-avajar-rejuvenating-double-v-mask\/","title":{"rendered":"Avajar Rejuvenating Double V Mask"},"content":{"rendered":"<p data-start=\"98\" data-end=\"256\"><strong data-start=\"98\" data-end=\"135\">Avajar Rejuvenating Double V Mask<\/strong> \u2013 a high-tech lifting mask designed to improve facial contours and reduce the appearance of wrinkles.<\/p>\n<p data-start=\"258\" data-end=\"450\">Thanks to its innovative formula, which contains a complex of active ingredients such as collagen, hyaluronic acid and aloe, the mask intensely moisturizes and nourishes the skin, restoring its elasticity and firmness.<\/p>\n<p data-start=\"452\" data-end=\"535\">The fabric is impregnated with a moisturizing hydrogel essence. Immediate and visible results.<\/p>\n<p data-start=\"537\" data-end=\"823\">Provides a temporary but permanent lifting effect, improving skin smoothness and elasticity after the first use.<\/p>\n<p data-start=\"825\" data-end=\"912\">Ideal for those who want to achieve a lifting effect without surgical intervention.<\/p>\n<p data-start=\"914\" data-end=\"944\">Convenient and easy to use<\/p>\n<p data-start=\"945\" data-end=\"1090\">The specially developed shape allows for precise adaptation to the facial contour, providing an effective effect on problem areas such as the chin and jawline.<\/p>\n<p data-start=\"1092\" data-end=\"1141\">Clinically and dermatologically tested<\/p>\n<p data-start=\"1142\" data-end=\"1226\">Suitable for all skin types, including sensitive, very dry and oily skin.<\/p>\n<p data-start=\"1233\" data-end=\"1254\"><strong data-start=\"1237\" data-end=\"1252\">Usage:<\/strong><\/p>\n<p data-start=\"1255\" data-end=\"1490\">Open the mask and remove the protective layer. Place your chin in the center of the bandage and pull the ends around your ears. Leave on for 30 minutes to 1 hour. Then remove the mask and gently massage your skin with your fingertips until the essence is fully absorbed.<\/p>","protected":false},"excerpt":{"rendered":"<p>Avajar Rejuvenating Double V Mask \u2013 a high-tech lifting mask designed to improve facial contours and reduce the appearance of wrinkles. Thanks to its innovative formula, which contains a complex of active ingredients such as collagen, hyaluronic acid and aloe, the mask intensively moisturizes and nourishes the skin, restoring its elasticity and firmness. The fabric is impregnated with a moisturizing hydrogel essence. Immediate and visible results. Provides a temporary but permanent lifting effect,\u2026<\/p>","protected":false},"featured_media":14975,"comment_status":"open","ping_status":"closed","template":"","meta":{"_uf_show_specific_survey":0,"_uf_disable_surveys":false,"_bst_post_transparent":"default","_bst_post_title":"","_bst_post_layout":"default","_bst_post_sidebar_id":"","_bst_post_content_style":"default","_bst_post_vertical_padding":"default","_bst_post_feature":"","_bst_post_feature_position":"","_bst_post_header":false,"_bst_post_footer":false},"pwb-brand":[782],"product_brand":[],"product_cat":[92,98],"product_tag":[],"class_list":{"0":"post-14974","1":"product","2":"type-product","3":"status-publish","4":"has-post-thumbnail","6":"pwb-brand-avajar","7":"product_cat-nagu","8":"product_cat-naomaskid","10":"first","11":"outofstock","12":"sale","13":"shipping-taxable","14":"purchasable","15":"product-type-simple","16":"entry","17":"content-bg","18":"loop-entry"},"supplier_id":null,"supplier_sku":"","barcode":null,"atum_controlled":true,"out_stock_date":"2026-04-04 11:08:08","out_stock_threshold":null,"inheritable":false,"inbound_stock":0,"stock_on_hold":0,"sold_today":0,"sales_last_days":1,"out_stock_days":9,"lost_sales":10,"has_location":false,"update_date":"2026-04-14T00:05:04","atum_locations":[],"atum_stock_status":"outofstock","restock_status":false,"low_stock_amount":"","sales_update_date":"2026-04-14T00:05:04","calc_backorders":null,"yoast_head":"<!-- This site is optimized with the Yoast SEO plugin v27.2 - https:\/\/yoast.com\/product\/yoast-seo-wordpress\/ -->\n<title>Avajar Rejuvenating Double V Mask - IDA.KOREA<\/title>\n<meta name=\"description\" content=\"Avajar Rejuvenating Double V Mask \u2013 uuenduslik l\u00f5ua- ja p\u00f5sepiirkonda t\u00f5stev n\u00e4omask. Sisaldab kollageeni ja h\u00fcaluroonhapet, parandab n\u00e4okontuuri ja naha elastsust.\" \/>\n<meta name=\"robots\" content=\"index, follow, max-snippet:-1, max-image-preview:large, max-video-preview:-1\" \/>\n<link rel=\"canonical\" href=\"https:\/\/idakorea.ee\/en\/product\/lifting-efektiga-mask-avajar-rejuvenating-double-v-mask\/\" \/>\n<meta property=\"og:locale\" content=\"en_US\" \/>\n<meta property=\"og:type\" content=\"article\" \/>\n<meta property=\"og:title\" content=\"Avajar Rejuvenating Double V Mask - IDA.KOREA\" \/>\n<meta property=\"og:description\" content=\"Avajar Rejuvenating Double V Mask \u2013 uuenduslik l\u00f5ua- ja p\u00f5sepiirkonda t\u00f5stev n\u00e4omask. Sisaldab kollageeni ja h\u00fcaluroonhapet, parandab n\u00e4okontuuri ja naha elastsust.\" \/>\n<meta property=\"og:url\" content=\"https:\/\/idakorea.ee\/en\/product\/lifting-efektiga-mask-avajar-rejuvenating-double-v-mask\/\" \/>\n<meta property=\"og:site_name\" content=\"IDA.KOREA\" \/>\n<meta property=\"article:modified_time\" content=\"2026-04-04T09:08:08+00:00\" \/>\n<meta property=\"og:image\" content=\"https:\/\/idakorea.ee\/wp-content\/uploads\/2025\/07\/avajar-rejuvenating-double-v-mask-idakorea.webp\" \/>\n\t<meta property=\"og:image:width\" content=\"2000\" \/>\n\t<meta property=\"og:image:height\" content=\"2000\" \/>\n\t<meta property=\"og:image:type\" content=\"image\/webp\" \/>\n<meta name=\"twitter:card\" content=\"summary_large_image\" \/>\n<meta name=\"twitter:label1\" content=\"Est. reading time\" \/>\n\t<meta name=\"twitter:data1\" content=\"1 minute\" \/>\n<script type=\"application\/ld+json\" class=\"yoast-schema-graph\">{\"@context\":\"https:\/\/schema.org\",\"@graph\":[{\"@type\":\"WebPage\",\"@id\":\"https:\/\/idakorea.ee\/product\/lifting-efektiga-mask-avajar-rejuvenating-double-v-mask\/\",\"url\":\"https:\/\/idakorea.ee\/product\/lifting-efektiga-mask-avajar-rejuvenating-double-v-mask\/\",\"name\":\"Avajar Rejuvenating Double V Mask - IDA.KOREA\",\"isPartOf\":{\"@id\":\"https:\/\/idakorea.ee\/#website\"},\"primaryImageOfPage\":{\"@id\":\"https:\/\/idakorea.ee\/product\/lifting-efektiga-mask-avajar-rejuvenating-double-v-mask\/#primaryimage\"},\"image\":{\"@id\":\"https:\/\/idakorea.ee\/product\/lifting-efektiga-mask-avajar-rejuvenating-double-v-mask\/#primaryimage\"},\"thumbnailUrl\":\"https:\/\/idakorea.ee\/wp-content\/uploads\/2025\/07\/avajar-rejuvenating-double-v-mask-idakorea.webp\",\"datePublished\":\"2025-07-01T15:53:37+00:00\",\"dateModified\":\"2026-04-04T09:08:08+00:00\",\"description\":\"Avajar Rejuvenating Double V Mask \u2013 uuenduslik l\u00f5ua- ja p\u00f5sepiirkonda t\u00f5stev n\u00e4omask. Sisaldab kollageeni ja h\u00fcaluroonhapet, parandab n\u00e4okontuuri ja naha elastsust.\",\"breadcrumb\":{\"@id\":\"https:\/\/idakorea.ee\/product\/lifting-efektiga-mask-avajar-rejuvenating-double-v-mask\/#breadcrumb\"},\"inLanguage\":\"en-US\",\"potentialAction\":[{\"@type\":\"ReadAction\",\"target\":[\"https:\/\/idakorea.ee\/product\/lifting-efektiga-mask-avajar-rejuvenating-double-v-mask\/\"]}]},{\"@type\":\"ImageObject\",\"inLanguage\":\"en-US\",\"@id\":\"https:\/\/idakorea.ee\/product\/lifting-efektiga-mask-avajar-rejuvenating-double-v-mask\/#primaryimage\",\"url\":\"https:\/\/idakorea.ee\/wp-content\/uploads\/2025\/07\/avajar-rejuvenating-double-v-mask-idakorea.webp\",\"contentUrl\":\"https:\/\/idakorea.ee\/wp-content\/uploads\/2025\/07\/avajar-rejuvenating-double-v-mask-idakorea.webp\",\"width\":2000,\"height\":2000},{\"@type\":\"BreadcrumbList\",\"@id\":\"https:\/\/idakorea.ee\/product\/lifting-efektiga-mask-avajar-rejuvenating-double-v-mask\/#breadcrumb\",\"itemListElement\":[{\"@type\":\"ListItem\",\"position\":1,\"name\":\"\u0413\u043b\u0430\u0432\u043d\u0430\u044f \u0441\u0442\u0440\u0430\u043d\u0438\u0446\u0430\",\"item\":\"https:\/\/idakorea.ee\/\"},{\"@type\":\"ListItem\",\"position\":2,\"name\":\"Shop\",\"item\":\"https:\/\/idakorea.ee\/shop-2\/\"},{\"@type\":\"ListItem\",\"position\":3,\"name\":\"Lifting-efektiga mask Avajar Rejuvenating Double V Mask\"}]},{\"@type\":\"WebSite\",\"@id\":\"https:\/\/idakorea.ee\/#website\",\"url\":\"https:\/\/idakorea.ee\/\",\"name\":\"IDA.KOREA\",\"description\":\"Korea kosmeetika e-pood\",\"publisher\":{\"@id\":\"https:\/\/idakorea.ee\/#organization\"},\"alternateName\":\"Beauty Shop\",\"potentialAction\":[{\"@type\":\"SearchAction\",\"target\":{\"@type\":\"EntryPoint\",\"urlTemplate\":\"https:\/\/idakorea.ee\/?s={search_term_string}\"},\"query-input\":{\"@type\":\"PropertyValueSpecification\",\"valueRequired\":true,\"valueName\":\"search_term_string\"}}],\"inLanguage\":\"en-US\"},{\"@type\":\"Organization\",\"@id\":\"https:\/\/idakorea.ee\/#organization\",\"name\":\"IDA.KOREA\",\"url\":\"https:\/\/idakorea.ee\/\",\"logo\":{\"@type\":\"ImageObject\",\"inLanguage\":\"en-US\",\"@id\":\"https:\/\/idakorea.ee\/#\/schema\/logo\/image\/\",\"url\":\"https:\/\/idakorea.ee\/wp-content\/uploads\/2024\/05\/cropped-korea3.png\",\"contentUrl\":\"https:\/\/idakorea.ee\/wp-content\/uploads\/2024\/05\/cropped-korea3.png\",\"width\":688,\"height\":126,\"caption\":\"IDA.KOREA\"},\"image\":{\"@id\":\"https:\/\/idakorea.ee\/#\/schema\/logo\/image\/\"},\"sameAs\":[\"https:\/\/www.instagram.com\/ida.korea\/\"]}]}<\/script>\n<!-- \/ Yoast SEO plugin. -->","yoast_head_json":{"title":"Avajar Rejuvenating Double V Mask - IDA.KOREA","description":"Avajar Rejuvenating Double V Mask \u2013 an innovative face mask that lifts the chin and cheek area. Contains collagen and hyaluronic acid, improves facial contour and skin elasticity.","robots":{"index":"index","follow":"follow","max-snippet":"max-snippet:-1","max-image-preview":"max-image-preview:large","max-video-preview":"max-video-preview:-1"},"canonical":"https:\/\/idakorea.ee\/en\/product\/lifting-efektiga-mask-avajar-rejuvenating-double-v-mask\/","og_locale":"en_US","og_type":"article","og_title":"Avajar Rejuvenating Double V Mask - IDA.KOREA","og_description":"Avajar Rejuvenating Double V Mask \u2013 uuenduslik l\u00f5ua- ja p\u00f5sepiirkonda t\u00f5stev n\u00e4omask. Sisaldab kollageeni ja h\u00fcaluroonhapet, parandab n\u00e4okontuuri ja naha elastsust.","og_url":"https:\/\/idakorea.ee\/en\/product\/lifting-efektiga-mask-avajar-rejuvenating-double-v-mask\/","og_site_name":"IDA.KOREA","article_modified_time":"2026-04-04T09:08:08+00:00","og_image":[{"width":2000,"height":2000,"url":"https:\/\/idakorea.ee\/wp-content\/uploads\/2025\/07\/avajar-rejuvenating-double-v-mask-idakorea.webp","type":"image\/webp"}],"twitter_card":"summary_large_image","twitter_misc":{"Est. reading time":"1 minute"},"schema":{"@context":"https:\/\/schema.org","@graph":[{"@type":"WebPage","@id":"https:\/\/idakorea.ee\/product\/lifting-efektiga-mask-avajar-rejuvenating-double-v-mask\/","url":"https:\/\/idakorea.ee\/product\/lifting-efektiga-mask-avajar-rejuvenating-double-v-mask\/","name":"Avajar Rejuvenating Double V Mask - IDA.KOREA","isPartOf":{"@id":"https:\/\/idakorea.ee\/#website"},"primaryImageOfPage":{"@id":"https:\/\/idakorea.ee\/product\/lifting-efektiga-mask-avajar-rejuvenating-double-v-mask\/#primaryimage"},"image":{"@id":"https:\/\/idakorea.ee\/product\/lifting-efektiga-mask-avajar-rejuvenating-double-v-mask\/#primaryimage"},"thumbnailUrl":"https:\/\/idakorea.ee\/wp-content\/uploads\/2025\/07\/avajar-rejuvenating-double-v-mask-idakorea.webp","datePublished":"2025-07-01T15:53:37+00:00","dateModified":"2026-04-04T09:08:08+00:00","description":"Avajar Rejuvenating Double V Mask \u2013 an innovative face mask that lifts the chin and cheek area. Contains collagen and hyaluronic acid, improves facial contour and skin elasticity.","breadcrumb":{"@id":"https:\/\/idakorea.ee\/product\/lifting-efektiga-mask-avajar-rejuvenating-double-v-mask\/#breadcrumb"},"inLanguage":"en-US","potentialAction":[{"@type":"ReadAction","target":["https:\/\/idakorea.ee\/product\/lifting-efektiga-mask-avajar-rejuvenating-double-v-mask\/"]}]},{"@type":"ImageObject","inLanguage":"en-US","@id":"https:\/\/idakorea.ee\/product\/lifting-efektiga-mask-avajar-rejuvenating-double-v-mask\/#primaryimage","url":"https:\/\/idakorea.ee\/wp-content\/uploads\/2025\/07\/avajar-rejuvenating-double-v-mask-idakorea.webp","contentUrl":"https:\/\/idakorea.ee\/wp-content\/uploads\/2025\/07\/avajar-rejuvenating-double-v-mask-idakorea.webp","width":2000,"height":2000},{"@type":"BreadcrumbList","@id":"https:\/\/idakorea.ee\/product\/lifting-efektiga-mask-avajar-rejuvenating-double-v-mask\/#breadcrumb","itemListElement":[{"@type":"ListItem","position":1,"name":"\u0413\u043b\u0430\u0432\u043d\u0430\u044f \u0441\u0442\u0440\u0430\u043d\u0438\u0446\u0430","item":"https:\/\/idakorea.ee\/"},{"@type":"ListItem","position":2,"name":"Shop","item":"https:\/\/idakorea.ee\/shop-2\/"},{"@type":"ListItem","position":3,"name":"Lifting-efektiga mask Avajar Rejuvenating Double V Mask"}]},{"@type":"WebSite","@id":"https:\/\/idakorea.ee\/#website","url":"https:\/\/idakorea.ee\/","name":"IDA.KOREA","description":"Korean cosmetics e-shop","publisher":{"@id":"https:\/\/idakorea.ee\/#organization"},"alternateName":"Beauty Shop","potentialAction":[{"@type":"SearchAction","target":{"@type":"EntryPoint","urlTemplate":"https:\/\/idakorea.ee\/?s={search_term_string}"},"query-input":{"@type":"PropertyValueSpecification","valueRequired":true,"valueName":"search_term_string"}}],"inLanguage":"en-US"},{"@type":"Organization","@id":"https:\/\/idakorea.ee\/#organization","name":"IDA.KOREA","url":"https:\/\/idakorea.ee\/","logo":{"@type":"ImageObject","inLanguage":"en-US","@id":"https:\/\/idakorea.ee\/#\/schema\/logo\/image\/","url":"https:\/\/idakorea.ee\/wp-content\/uploads\/2024\/05\/cropped-korea3.png","contentUrl":"https:\/\/idakorea.ee\/wp-content\/uploads\/2024\/05\/cropped-korea3.png","width":688,"height":126,"caption":"IDA.KOREA"},"image":{"@id":"https:\/\/idakorea.ee\/#\/schema\/logo\/image\/"},"sameAs":["https:\/\/www.instagram.com\/ida.korea\/"]}]}},"jetpack_sharing_enabled":true,"brands":[{"id":782,"name":"AVAJAR","slug":"avajar"}],"_links":{"self":[{"href":"https:\/\/idakorea.ee\/en\/wp-json\/wp\/v2\/product\/14974","targetHints":{"allow":["GET"]}}],"collection":[{"href":"https:\/\/idakorea.ee\/en\/wp-json\/wp\/v2\/product"}],"about":[{"href":"https:\/\/idakorea.ee\/en\/wp-json\/wp\/v2\/types\/product"}],"replies":[{"embeddable":true,"href":"https:\/\/idakorea.ee\/en\/wp-json\/wp\/v2\/comments?post=14974"}],"version-history":[{"count":2,"href":"https:\/\/idakorea.ee\/en\/wp-json\/wp\/v2\/product\/14974\/revisions"}],"predecessor-version":[{"id":14979,"href":"https:\/\/idakorea.ee\/en\/wp-json\/wp\/v2\/product\/14974\/revisions\/14979"}],"wp:featuredmedia":[{"embeddable":true,"href":"https:\/\/idakorea.ee\/en\/wp-json\/wp\/v2\/media\/14975"}],"wp:attachment":[{"href":"https:\/\/idakorea.ee\/en\/wp-json\/wp\/v2\/media?parent=14974"}],"wp:term":[{"taxonomy":"pwb-brand","embeddable":true,"href":"https:\/\/idakorea.ee\/en\/wp-json\/wp\/v2\/pwb-brand?post=14974"},{"taxonomy":"product_brand","embeddable":true,"href":"https:\/\/idakorea.ee\/en\/wp-json\/wp\/v2\/product_brand?post=14974"},{"taxonomy":"product_cat","embeddable":true,"href":"https:\/\/idakorea.ee\/en\/wp-json\/wp\/v2\/product_cat?post=14974"},{"taxonomy":"product_tag","embeddable":true,"href":"https:\/\/idakorea.ee\/en\/wp-json\/wp\/v2\/product_tag?post=14974"}],"curies":[{"name":"wp","href":"https:\/\/api.w.org\/{rel}","templated":true}]}}