{"id":14997,"date":"2025-07-03T13:55:32","date_gmt":"2025-07-03T10:55:32","guid":{"rendered":"https:\/\/idakorea.ee\/?post_type=product&#038;p=14997"},"modified":"2026-04-03T09:22:23","modified_gmt":"2026-04-03T07:22:23","slug":"dr-althea-cushion-veil-calming-mask","status":"publish","type":"product","link":"https:\/\/idakorea.ee\/en\/product\/dr-althea-cushion-veil-calming-mask\/","title":{"rendered":"Dr.Althea Cushion Veil Calming Mask"},"content":{"rendered":"<p>Fabric mask with cooling effect<strong> Dr. Althea Cushion Veil Calming Mask<\/strong> is designed for intensive care of sensitive and irritated skin. Relieves redness, strengthens the skin barrier and regulates sebum secretion.<\/p>\n<p>CICA complex (Centella Asiatica Extract, Asiaticoside, Madecassoside, Asiatic Acid, Madecassic Acid) has anti-inflammatory and wound-healing effects, strengthens the skin&#039;s protective barrier and reduces sensitivity.<\/p>\n<p>The mask has a cooling effect thanks to <strong>Cold Stone Powder<\/strong> ingredient that lowers skin temperature and relieves local inflammation. The mask has a double gel base.<\/p>\n<p>Main active ingredients:<\/p>\n<ul>\n<li><strong>Panthenol (vitamin B5)<\/strong> \u2013 relieves redness and itching, strengthens the hydrolipid barrier, reduces moisture loss and accelerates the recovery of damaged skin.<\/li>\n<li><strong>Arginia<\/strong> \u2013 an amino acid that has a moisturizing and regenerating effect, preventing skin dryness.<\/li>\n<li><strong>Wormwood extract<\/strong> \u2013 helps against couperose, balances the skin, has anti-inflammatory and regenerating effects.<\/li>\n<li><strong>Asian water-lily extract<\/strong> \u2013 restores the skin&#039;s hydrolipidic layer, soothes the skin, reduces redness and flaking.<\/li>\n<li><strong>Birch sap<\/strong> \u2013 enriches the skin with necessary minerals and amino acids, strengthens the skin&#039;s protective functions, improves moisture retention and stimulates regeneration processes.<\/li>\n<\/ul>\n<p>Suitable for all skin types.<\/p>\n<p><strong>Usage:<\/strong><\/p>\n<p>After cleansing, toning and serum, apply the mask to your face and smooth it evenly. Remove after 10-20 minutes and allow the essence to absorb into your skin. If necessary, apply a moisturizer.<\/p>\n<p>&nbsp;<\/p>","protected":false},"excerpt":{"rendered":"<p>Dr.Althea Cushion Veil Calming Mask is a cooling sheet mask designed for intensive care of sensitive and irritated skin. It reduces redness, strengthens the skin barrier and regulates sebum secretion. The CICA complex (Centella Asiatica Extract, Asiaticoside, Madecassoside, Asiatic Acid, Madecassic Acid) has anti-inflammatory and wound-healing effects, strengthens the skin&#039;s protective barrier and reduces sensitivity. The mask has a cooling effect thanks to the Cold Stone Powder ingredient, which\u2026<\/p>","protected":false},"featured_media":14998,"comment_status":"open","ping_status":"closed","template":"","meta":{"_uf_show_specific_survey":0,"_uf_disable_surveys":false,"_bst_post_transparent":"default","_bst_post_title":"","_bst_post_layout":"default","_bst_post_sidebar_id":"","_bst_post_content_style":"default","_bst_post_vertical_padding":"default","_bst_post_feature":"","_bst_post_feature_position":"","_bst_post_header":false,"_bst_post_footer":false},"pwb-brand":[480],"product_brand":[],"product_cat":[92,98],"product_tag":[956,957],"class_list":{"0":"post-14997","1":"product","2":"type-product","3":"status-publish","4":"has-post-thumbnail","6":"pwb-brand-dr-althea","7":"product_cat-nagu","8":"product_cat-naomaskid","9":"product_tag-maska","10":"product_tag-uspokaivayushhaya","12":"first","13":"instock","14":"sale","15":"shipping-taxable","16":"purchasable","17":"product-type-simple","18":"entry","19":"content-bg","20":"loop-entry"},"supplier_id":null,"supplier_sku":"","barcode":null,"atum_controlled":true,"out_stock_date":null,"out_stock_threshold":null,"inheritable":false,"inbound_stock":0,"stock_on_hold":0,"sold_today":0,"sales_last_days":1,"out_stock_days":0,"lost_sales":0,"has_location":false,"update_date":"2026-04-14T00:05:09","atum_locations":[],"atum_stock_status":"instock","restock_status":false,"low_stock_amount":"","sales_update_date":"2026-04-14T00:05:09","calc_backorders":null,"yoast_head":"<!-- This site is optimized with the Yoast SEO plugin v27.2 - https:\/\/yoast.com\/product\/yoast-seo-wordpress\/ -->\n<title>Dr.Althea Cushion Veil Calming Mask - IDA.KOREA<\/title>\n<meta name=\"description\" content=\"Dr.Althea rahustav kangasmask tundlikule nahale jahutava efektiga. CICA-kompleks, pantenool ja kase mahl leevendavad punetust, tugevdavad nahabarj\u00e4\u00e4ri ja v\u00e4hendavad \u00e4rritust.\" \/>\n<meta name=\"robots\" content=\"index, follow, max-snippet:-1, max-image-preview:large, max-video-preview:-1\" \/>\n<link rel=\"canonical\" href=\"https:\/\/idakorea.ee\/en\/product\/dr-althea-cushion-veil-calming-mask\/\" \/>\n<meta property=\"og:locale\" content=\"en_US\" \/>\n<meta property=\"og:type\" content=\"article\" \/>\n<meta property=\"og:title\" content=\"Dr.Althea Cushion Veil Calming Mask - IDA.KOREA\" \/>\n<meta property=\"og:description\" content=\"Dr.Althea rahustav kangasmask tundlikule nahale jahutava efektiga. CICA-kompleks, pantenool ja kase mahl leevendavad punetust, tugevdavad nahabarj\u00e4\u00e4ri ja v\u00e4hendavad \u00e4rritust.\" \/>\n<meta property=\"og:url\" content=\"https:\/\/idakorea.ee\/en\/product\/dr-althea-cushion-veil-calming-mask\/\" \/>\n<meta property=\"og:site_name\" content=\"IDA.KOREA\" \/>\n<meta property=\"article:modified_time\" content=\"2026-04-03T07:22:23+00:00\" \/>\n<meta property=\"og:image\" content=\"https:\/\/idakorea.ee\/wp-content\/uploads\/2025\/07\/dr.althea-cushion-veil-calming-mask-idakorea.ee_.jpg\" \/>\n\t<meta property=\"og:image:width\" content=\"1000\" \/>\n\t<meta property=\"og:image:height\" content=\"1000\" \/>\n\t<meta property=\"og:image:type\" content=\"image\/jpeg\" \/>\n<meta name=\"twitter:card\" content=\"summary_large_image\" \/>\n<meta name=\"twitter:label1\" content=\"Est. reading time\" \/>\n\t<meta name=\"twitter:data1\" content=\"2 minutes\" \/>\n<script type=\"application\/ld+json\" class=\"yoast-schema-graph\">{\"@context\":\"https:\/\/schema.org\",\"@graph\":[{\"@type\":\"WebPage\",\"@id\":\"https:\/\/idakorea.ee\/product\/dr-althea-cushion-veil-calming-mask\/\",\"url\":\"https:\/\/idakorea.ee\/product\/dr-althea-cushion-veil-calming-mask\/\",\"name\":\"Dr.Althea Cushion Veil Calming Mask - IDA.KOREA\",\"isPartOf\":{\"@id\":\"https:\/\/idakorea.ee\/#website\"},\"primaryImageOfPage\":{\"@id\":\"https:\/\/idakorea.ee\/product\/dr-althea-cushion-veil-calming-mask\/#primaryimage\"},\"image\":{\"@id\":\"https:\/\/idakorea.ee\/product\/dr-althea-cushion-veil-calming-mask\/#primaryimage\"},\"thumbnailUrl\":\"https:\/\/idakorea.ee\/wp-content\/uploads\/2025\/07\/dr.althea-cushion-veil-calming-mask-idakorea.ee_.jpg\",\"datePublished\":\"2025-07-03T10:55:32+00:00\",\"dateModified\":\"2026-04-03T07:22:23+00:00\",\"description\":\"Dr.Althea rahustav kangasmask tundlikule nahale jahutava efektiga. CICA-kompleks, pantenool ja kase mahl leevendavad punetust, tugevdavad nahabarj\u00e4\u00e4ri ja v\u00e4hendavad \u00e4rritust.\",\"breadcrumb\":{\"@id\":\"https:\/\/idakorea.ee\/product\/dr-althea-cushion-veil-calming-mask\/#breadcrumb\"},\"inLanguage\":\"en-US\",\"potentialAction\":[{\"@type\":\"ReadAction\",\"target\":[\"https:\/\/idakorea.ee\/product\/dr-althea-cushion-veil-calming-mask\/\"]}]},{\"@type\":\"ImageObject\",\"inLanguage\":\"en-US\",\"@id\":\"https:\/\/idakorea.ee\/product\/dr-althea-cushion-veil-calming-mask\/#primaryimage\",\"url\":\"https:\/\/idakorea.ee\/wp-content\/uploads\/2025\/07\/dr.althea-cushion-veil-calming-mask-idakorea.ee_.jpg\",\"contentUrl\":\"https:\/\/idakorea.ee\/wp-content\/uploads\/2025\/07\/dr.althea-cushion-veil-calming-mask-idakorea.ee_.jpg\",\"width\":1000,\"height\":1000},{\"@type\":\"BreadcrumbList\",\"@id\":\"https:\/\/idakorea.ee\/product\/dr-althea-cushion-veil-calming-mask\/#breadcrumb\",\"itemListElement\":[{\"@type\":\"ListItem\",\"position\":1,\"name\":\"\u0413\u043b\u0430\u0432\u043d\u0430\u044f \u0441\u0442\u0440\u0430\u043d\u0438\u0446\u0430\",\"item\":\"https:\/\/idakorea.ee\/\"},{\"@type\":\"ListItem\",\"position\":2,\"name\":\"Shop\",\"item\":\"https:\/\/idakorea.ee\/shop-2\/\"},{\"@type\":\"ListItem\",\"position\":3,\"name\":\"Kangasmask jahutava efektiga Dr.Althea Cushion Veil Calming Mask\"}]},{\"@type\":\"WebSite\",\"@id\":\"https:\/\/idakorea.ee\/#website\",\"url\":\"https:\/\/idakorea.ee\/\",\"name\":\"IDA.KOREA\",\"description\":\"Korea kosmeetika e-pood\",\"publisher\":{\"@id\":\"https:\/\/idakorea.ee\/#organization\"},\"alternateName\":\"Beauty Shop\",\"potentialAction\":[{\"@type\":\"SearchAction\",\"target\":{\"@type\":\"EntryPoint\",\"urlTemplate\":\"https:\/\/idakorea.ee\/?s={search_term_string}\"},\"query-input\":{\"@type\":\"PropertyValueSpecification\",\"valueRequired\":true,\"valueName\":\"search_term_string\"}}],\"inLanguage\":\"en-US\"},{\"@type\":\"Organization\",\"@id\":\"https:\/\/idakorea.ee\/#organization\",\"name\":\"IDA.KOREA\",\"url\":\"https:\/\/idakorea.ee\/\",\"logo\":{\"@type\":\"ImageObject\",\"inLanguage\":\"en-US\",\"@id\":\"https:\/\/idakorea.ee\/#\/schema\/logo\/image\/\",\"url\":\"https:\/\/idakorea.ee\/wp-content\/uploads\/2024\/05\/cropped-korea3.png\",\"contentUrl\":\"https:\/\/idakorea.ee\/wp-content\/uploads\/2024\/05\/cropped-korea3.png\",\"width\":688,\"height\":126,\"caption\":\"IDA.KOREA\"},\"image\":{\"@id\":\"https:\/\/idakorea.ee\/#\/schema\/logo\/image\/\"},\"sameAs\":[\"https:\/\/www.instagram.com\/ida.korea\/\"]}]}<\/script>\n<!-- \/ Yoast SEO plugin. -->","yoast_head_json":{"title":"Dr.Althea Cushion Veil Calming Mask - IDA.KOREA","description":"Dr.Althea soothing sheet mask with a cooling effect for sensitive skin. CICA complex, panthenol and birch sap relieve redness, strengthen the skin barrier and reduce irritation.","robots":{"index":"index","follow":"follow","max-snippet":"max-snippet:-1","max-image-preview":"max-image-preview:large","max-video-preview":"max-video-preview:-1"},"canonical":"https:\/\/idakorea.ee\/en\/product\/dr-althea-cushion-veil-calming-mask\/","og_locale":"en_US","og_type":"article","og_title":"Dr.Althea Cushion Veil Calming Mask - IDA.KOREA","og_description":"Dr.Althea rahustav kangasmask tundlikule nahale jahutava efektiga. CICA-kompleks, pantenool ja kase mahl leevendavad punetust, tugevdavad nahabarj\u00e4\u00e4ri ja v\u00e4hendavad \u00e4rritust.","og_url":"https:\/\/idakorea.ee\/en\/product\/dr-althea-cushion-veil-calming-mask\/","og_site_name":"IDA.KOREA","article_modified_time":"2026-04-03T07:22:23+00:00","og_image":[{"width":1000,"height":1000,"url":"https:\/\/idakorea.ee\/wp-content\/uploads\/2025\/07\/dr.althea-cushion-veil-calming-mask-idakorea.ee_.jpg","type":"image\/jpeg"}],"twitter_card":"summary_large_image","twitter_misc":{"Est. reading time":"2 minutes"},"schema":{"@context":"https:\/\/schema.org","@graph":[{"@type":"WebPage","@id":"https:\/\/idakorea.ee\/product\/dr-althea-cushion-veil-calming-mask\/","url":"https:\/\/idakorea.ee\/product\/dr-althea-cushion-veil-calming-mask\/","name":"Dr.Althea Cushion Veil Calming Mask - IDA.KOREA","isPartOf":{"@id":"https:\/\/idakorea.ee\/#website"},"primaryImageOfPage":{"@id":"https:\/\/idakorea.ee\/product\/dr-althea-cushion-veil-calming-mask\/#primaryimage"},"image":{"@id":"https:\/\/idakorea.ee\/product\/dr-althea-cushion-veil-calming-mask\/#primaryimage"},"thumbnailUrl":"https:\/\/idakorea.ee\/wp-content\/uploads\/2025\/07\/dr.althea-cushion-veil-calming-mask-idakorea.ee_.jpg","datePublished":"2025-07-03T10:55:32+00:00","dateModified":"2026-04-03T07:22:23+00:00","description":"Dr.Althea soothing sheet mask with a cooling effect for sensitive skin. CICA complex, panthenol and birch sap relieve redness, strengthen the skin barrier and reduce irritation.","breadcrumb":{"@id":"https:\/\/idakorea.ee\/product\/dr-althea-cushion-veil-calming-mask\/#breadcrumb"},"inLanguage":"en-US","potentialAction":[{"@type":"ReadAction","target":["https:\/\/idakorea.ee\/product\/dr-althea-cushion-veil-calming-mask\/"]}]},{"@type":"ImageObject","inLanguage":"en-US","@id":"https:\/\/idakorea.ee\/product\/dr-althea-cushion-veil-calming-mask\/#primaryimage","url":"https:\/\/idakorea.ee\/wp-content\/uploads\/2025\/07\/dr.althea-cushion-veil-calming-mask-idakorea.ee_.jpg","contentUrl":"https:\/\/idakorea.ee\/wp-content\/uploads\/2025\/07\/dr.althea-cushion-veil-calming-mask-idakorea.ee_.jpg","width":1000,"height":1000},{"@type":"BreadcrumbList","@id":"https:\/\/idakorea.ee\/product\/dr-althea-cushion-veil-calming-mask\/#breadcrumb","itemListElement":[{"@type":"ListItem","position":1,"name":"\u0413\u043b\u0430\u0432\u043d\u0430\u044f \u0441\u0442\u0440\u0430\u043d\u0438\u0446\u0430","item":"https:\/\/idakorea.ee\/"},{"@type":"ListItem","position":2,"name":"Shop","item":"https:\/\/idakorea.ee\/shop-2\/"},{"@type":"ListItem","position":3,"name":"Kangasmask jahutava efektiga Dr.Althea Cushion Veil Calming Mask"}]},{"@type":"WebSite","@id":"https:\/\/idakorea.ee\/#website","url":"https:\/\/idakorea.ee\/","name":"IDA.KOREA","description":"Korean cosmetics e-shop","publisher":{"@id":"https:\/\/idakorea.ee\/#organization"},"alternateName":"Beauty Shop","potentialAction":[{"@type":"SearchAction","target":{"@type":"EntryPoint","urlTemplate":"https:\/\/idakorea.ee\/?s={search_term_string}"},"query-input":{"@type":"PropertyValueSpecification","valueRequired":true,"valueName":"search_term_string"}}],"inLanguage":"en-US"},{"@type":"Organization","@id":"https:\/\/idakorea.ee\/#organization","name":"IDA.KOREA","url":"https:\/\/idakorea.ee\/","logo":{"@type":"ImageObject","inLanguage":"en-US","@id":"https:\/\/idakorea.ee\/#\/schema\/logo\/image\/","url":"https:\/\/idakorea.ee\/wp-content\/uploads\/2024\/05\/cropped-korea3.png","contentUrl":"https:\/\/idakorea.ee\/wp-content\/uploads\/2024\/05\/cropped-korea3.png","width":688,"height":126,"caption":"IDA.KOREA"},"image":{"@id":"https:\/\/idakorea.ee\/#\/schema\/logo\/image\/"},"sameAs":["https:\/\/www.instagram.com\/ida.korea\/"]}]}},"jetpack_sharing_enabled":true,"brands":[{"id":480,"name":"DR.ALTHEA","slug":"dr-althea"}],"_links":{"self":[{"href":"https:\/\/idakorea.ee\/en\/wp-json\/wp\/v2\/product\/14997","targetHints":{"allow":["GET"]}}],"collection":[{"href":"https:\/\/idakorea.ee\/en\/wp-json\/wp\/v2\/product"}],"about":[{"href":"https:\/\/idakorea.ee\/en\/wp-json\/wp\/v2\/types\/product"}],"replies":[{"embeddable":true,"href":"https:\/\/idakorea.ee\/en\/wp-json\/wp\/v2\/comments?post=14997"}],"version-history":[{"count":1,"href":"https:\/\/idakorea.ee\/en\/wp-json\/wp\/v2\/product\/14997\/revisions"}],"predecessor-version":[{"id":15001,"href":"https:\/\/idakorea.ee\/en\/wp-json\/wp\/v2\/product\/14997\/revisions\/15001"}],"wp:featuredmedia":[{"embeddable":true,"href":"https:\/\/idakorea.ee\/en\/wp-json\/wp\/v2\/media\/14998"}],"wp:attachment":[{"href":"https:\/\/idakorea.ee\/en\/wp-json\/wp\/v2\/media?parent=14997"}],"wp:term":[{"taxonomy":"pwb-brand","embeddable":true,"href":"https:\/\/idakorea.ee\/en\/wp-json\/wp\/v2\/pwb-brand?post=14997"},{"taxonomy":"product_brand","embeddable":true,"href":"https:\/\/idakorea.ee\/en\/wp-json\/wp\/v2\/product_brand?post=14997"},{"taxonomy":"product_cat","embeddable":true,"href":"https:\/\/idakorea.ee\/en\/wp-json\/wp\/v2\/product_cat?post=14997"},{"taxonomy":"product_tag","embeddable":true,"href":"https:\/\/idakorea.ee\/en\/wp-json\/wp\/v2\/product_tag?post=14997"}],"curies":[{"name":"wp","href":"https:\/\/api.w.org\/{rel}","templated":true}]}}