{"id":15112,"date":"2025-07-08T13:40:32","date_gmt":"2025-07-08T11:40:32","guid":{"rendered":"https:\/\/idakorea.ee\/?post_type=product&#038;p=15112"},"modified":"2026-04-15T22:07:01","modified_gmt":"2026-04-15T20:07:01","slug":"purito-dermide-relief-barrier-moisturizer-100ml","status":"publish","type":"product","link":"https:\/\/idakorea.ee\/en\/product\/purito-dermide-relief-barrier-moisturizer-100ml\/","title":{"rendered":"Purito Luminous Ceramide Moisturizer, 100ml"},"content":{"rendered":"<p data-start=\"244\" data-end=\"467\"><strong data-start=\"244\" data-end=\"289\">Purito Dermide Relief Barrier Moisturizer<\/strong> is a deeply moisturizing and skin-restoring cream that softens and smoothes the skin, reduces redness, dryness, tightness and flaking. Makes the skin soft, elastic and firm.<\/p>\n<p data-start=\"469\" data-end=\"569\">The product restores dry, rough and damaged areas, reduces sensitivity and relieves irritation.<\/p>\n<p data-start=\"571\" data-end=\"847\">The main active ingredient of the cream is 5 types of ceramides (5000 ppm: Ceramide NP, NS, EOP, AS, AP) \u2014 natural lipids that resemble the properties of the skin&#039;s stratum corneum and help strengthen the hydrolipidic barrier. Ceramides moisturize, soothe, prevent dehydration and inflammation.<\/p>\n<p data-start=\"849\" data-end=\"1033\">Hypoallergenic, vegan, fragrance-free and essential oil-free, the cream has a light texture that absorbs quickly and leaves no sticky residue.<\/p>\n<p data-start=\"1035\" data-end=\"1182\">The environmentally friendly packaging is made from recycled materials, protects the product from air and allows for hygienic and precise dosing.<\/p>\n<p data-start=\"1184\" data-end=\"1203\"><strong data-start=\"1184\" data-end=\"1203\">Additional ingredients:<\/strong><\/p>\n<ul data-start=\"1204\" data-end=\"1769\">\n<li data-start=\"1204\" data-end=\"1315\">\n<p data-start=\"1206\" data-end=\"1315\"><strong data-start=\"1206\" data-end=\"1233\">Panthenol (vitamin B5)<\/strong> \u2013 accelerates healing, soothes and strengthens the skin&#039;s protective layer, reduces redness.<\/p>\n<\/li>\n<li data-start=\"1316\" data-end=\"1431\">\n<p data-start=\"1318\" data-end=\"1431\"><strong data-start=\"1318\" data-end=\"1356\">Meadowfoam Seed Oil<\/strong> \u2013 rich in fatty acids, moisturizes, nourishes and slows down skin aging.<\/p>\n<\/li>\n<li data-start=\"1432\" data-end=\"1534\">\n<p data-start=\"1434\" data-end=\"1534\"><strong data-start=\"1434\" data-end=\"1448\">Allantoiin<\/strong> \u2013 soothes and softens, regulates sebum secretion, tightens pores and reduces inflammation.<\/p>\n<\/li>\n<li data-start=\"1535\" data-end=\"1649\">\n<p data-start=\"1537\" data-end=\"1649\"><strong data-start=\"1537\" data-end=\"1549\">Skvala<\/strong> \u2013 improves cell respiration, retains moisture, protects against environmental influences and smoothes the signs of aging.<\/p>\n<\/li>\n<li data-start=\"1650\" data-end=\"1769\">\n<p data-start=\"1652\" data-end=\"1769\"><strong data-start=\"1652\" data-end=\"1686\">Shea butter and macadamia nut oil<\/strong> \u2013 quickly absorbed, nourishes and restores, smoothes and protects against aging.<\/p>\n<\/li>\n<\/ul>\n<p data-start=\"1771\" data-end=\"1810\">Suitable for dry and sensitive skin.<\/p>\n<p data-start=\"1812\" data-end=\"2001\"><strong data-start=\"1812\" data-end=\"1827\">Usage:<\/strong> Shake the container before first use. Apply the cream to cleansed, toned and serum-prepped skin. Pay special attention to dry areas on the face and body.<\/p>","protected":false},"excerpt":{"rendered":"<p>Purito Dermide Relief Barrier Moisturizer is a deep moisturizing and skin-restoring cream that softens and smoothes the skin, reduces redness, dryness, tightness and flaking. Makes the skin soft, elastic and firm. The product restores dry, rough and damaged areas, reduces sensitivity and relieves irritation. The main active ingredient of the cream is 5 types of ceramides (5000 ppm: Ceramide NP, NS, EOP, AS,\u2026<\/p>","protected":false},"featured_media":17684,"comment_status":"open","ping_status":"closed","template":"","meta":{"_uf_show_specific_survey":0,"_uf_disable_surveys":false,"_bst_post_transparent":"default","_bst_post_title":"","_bst_post_layout":"default","_bst_post_sidebar_id":"","_bst_post_content_style":"default","_bst_post_vertical_padding":"default","_bst_post_feature":"","_bst_post_feature_position":"","_bst_post_header":false,"_bst_post_footer":false},"pwb-brand":[491],"product_brand":[],"product_cat":[92,96],"product_tag":[929,677],"class_list":{"0":"post-15112","1":"product","2":"type-product","3":"status-publish","4":"has-post-thumbnail","6":"pwb-brand-purito","7":"product_cat-nagu","8":"product_cat-naokreemid","9":"product_tag-barrier","10":"product_tag-purito","12":"first","13":"instock","14":"sale","15":"shipping-taxable","16":"purchasable","17":"product-type-simple","18":"entry","19":"content-bg","20":"loop-entry"},"supplier_id":null,"supplier_sku":"","barcode":null,"atum_controlled":true,"out_stock_date":null,"out_stock_threshold":null,"inheritable":false,"inbound_stock":0,"stock_on_hold":1,"sold_today":1,"sales_last_days":4,"out_stock_days":0,"lost_sales":0,"has_location":false,"update_date":"2026-04-15T20:07:10","atum_locations":[],"atum_stock_status":"instock","restock_status":false,"low_stock_amount":"","sales_update_date":"2026-04-15T20:07:10","calc_backorders":null,"yoast_head":"<!-- This site is optimized with the Yoast SEO plugin v27.2 - https:\/\/yoast.com\/product\/yoast-seo-wordpress\/ -->\n<title>Purito Dermide Relief Barrier Moisturizer, 100ml - IDA.KOREA<\/title>\n<meta name=\"description\" content=\"Purito Dermide Relief Barrier Moisturizer taastab kuiva ja tundliku naha, tugevdab barj\u00e4\u00e4ri tseramiididega, rahustab ja toidab ilma \u00e4rrituseta. L\u00f5hnavaba.\" \/>\n<meta name=\"robots\" content=\"index, follow, max-snippet:-1, max-image-preview:large, max-video-preview:-1\" \/>\n<link rel=\"canonical\" href=\"https:\/\/idakorea.ee\/en\/product\/purito-dermide-relief-barrier-moisturizer-100ml\/\" \/>\n<meta property=\"og:locale\" content=\"en_US\" \/>\n<meta property=\"og:type\" content=\"article\" \/>\n<meta property=\"og:title\" content=\"Purito Dermide Relief Barrier Moisturizer, 100ml - IDA.KOREA\" \/>\n<meta property=\"og:description\" content=\"Purito Dermide Relief Barrier Moisturizer taastab kuiva ja tundliku naha, tugevdab barj\u00e4\u00e4ri tseramiididega, rahustab ja toidab ilma \u00e4rrituseta. L\u00f5hnavaba.\" \/>\n<meta property=\"og:url\" content=\"https:\/\/idakorea.ee\/en\/product\/purito-dermide-relief-barrier-moisturizer-100ml\/\" \/>\n<meta property=\"og:site_name\" content=\"IDA.KOREA\" \/>\n<meta property=\"article:modified_time\" content=\"2026-04-15T20:07:01+00:00\" \/>\n<meta property=\"og:image\" content=\"https:\/\/idakorea.ee\/wp-content\/uploads\/2025\/07\/purito_luminous_ceramide_moisturizer-idakorea.webp\" \/>\n\t<meta property=\"og:image:width\" content=\"1200\" \/>\n\t<meta property=\"og:image:height\" content=\"1200\" \/>\n\t<meta property=\"og:image:type\" content=\"image\/webp\" \/>\n<meta name=\"twitter:card\" content=\"summary_large_image\" \/>\n<meta name=\"twitter:label1\" content=\"Est. reading time\" \/>\n\t<meta name=\"twitter:data1\" content=\"2 minutes\" \/>\n<script type=\"application\/ld+json\" class=\"yoast-schema-graph\">{\"@context\":\"https:\/\/schema.org\",\"@graph\":[{\"@type\":\"WebPage\",\"@id\":\"https:\/\/idakorea.ee\/product\/purito-dermide-relief-barrier-moisturizer-100ml\/\",\"url\":\"https:\/\/idakorea.ee\/product\/purito-dermide-relief-barrier-moisturizer-100ml\/\",\"name\":\"Purito Dermide Relief Barrier Moisturizer, 100ml - IDA.KOREA\",\"isPartOf\":{\"@id\":\"https:\/\/idakorea.ee\/#website\"},\"primaryImageOfPage\":{\"@id\":\"https:\/\/idakorea.ee\/product\/purito-dermide-relief-barrier-moisturizer-100ml\/#primaryimage\"},\"image\":{\"@id\":\"https:\/\/idakorea.ee\/product\/purito-dermide-relief-barrier-moisturizer-100ml\/#primaryimage\"},\"thumbnailUrl\":\"https:\/\/idakorea.ee\/wp-content\/uploads\/2025\/07\/purito_luminous_ceramide_moisturizer-idakorea.webp\",\"datePublished\":\"2025-07-08T11:40:32+00:00\",\"dateModified\":\"2026-04-15T20:07:01+00:00\",\"description\":\"Purito Dermide Relief Barrier Moisturizer taastab kuiva ja tundliku naha, tugevdab barj\u00e4\u00e4ri tseramiididega, rahustab ja toidab ilma \u00e4rrituseta. L\u00f5hnavaba.\",\"breadcrumb\":{\"@id\":\"https:\/\/idakorea.ee\/product\/purito-dermide-relief-barrier-moisturizer-100ml\/#breadcrumb\"},\"inLanguage\":\"en-US\",\"potentialAction\":[{\"@type\":\"ReadAction\",\"target\":[\"https:\/\/idakorea.ee\/product\/purito-dermide-relief-barrier-moisturizer-100ml\/\"]}]},{\"@type\":\"ImageObject\",\"inLanguage\":\"en-US\",\"@id\":\"https:\/\/idakorea.ee\/product\/purito-dermide-relief-barrier-moisturizer-100ml\/#primaryimage\",\"url\":\"https:\/\/idakorea.ee\/wp-content\/uploads\/2025\/07\/purito_luminous_ceramide_moisturizer-idakorea.webp\",\"contentUrl\":\"https:\/\/idakorea.ee\/wp-content\/uploads\/2025\/07\/purito_luminous_ceramide_moisturizer-idakorea.webp\",\"width\":1200,\"height\":1200},{\"@type\":\"BreadcrumbList\",\"@id\":\"https:\/\/idakorea.ee\/product\/purito-dermide-relief-barrier-moisturizer-100ml\/#breadcrumb\",\"itemListElement\":[{\"@type\":\"ListItem\",\"position\":1,\"name\":\"\u0413\u043b\u0430\u0432\u043d\u0430\u044f \u0441\u0442\u0440\u0430\u043d\u0438\u0446\u0430\",\"item\":\"https:\/\/idakorea.ee\/\"},{\"@type\":\"ListItem\",\"position\":2,\"name\":\"Shop\",\"item\":\"https:\/\/idakorea.ee\/shop-2\/\"},{\"@type\":\"ListItem\",\"position\":3,\"name\":\"Taastav kreem Purito Luminous Ceramide Moisturizer, 100ml\"}]},{\"@type\":\"WebSite\",\"@id\":\"https:\/\/idakorea.ee\/#website\",\"url\":\"https:\/\/idakorea.ee\/\",\"name\":\"IDA.KOREA\",\"description\":\"Korea kosmeetika e-pood\",\"publisher\":{\"@id\":\"https:\/\/idakorea.ee\/#organization\"},\"alternateName\":\"Beauty Shop\",\"potentialAction\":[{\"@type\":\"SearchAction\",\"target\":{\"@type\":\"EntryPoint\",\"urlTemplate\":\"https:\/\/idakorea.ee\/?s={search_term_string}\"},\"query-input\":{\"@type\":\"PropertyValueSpecification\",\"valueRequired\":true,\"valueName\":\"search_term_string\"}}],\"inLanguage\":\"en-US\"},{\"@type\":\"Organization\",\"@id\":\"https:\/\/idakorea.ee\/#organization\",\"name\":\"IDA.KOREA\",\"url\":\"https:\/\/idakorea.ee\/\",\"logo\":{\"@type\":\"ImageObject\",\"inLanguage\":\"en-US\",\"@id\":\"https:\/\/idakorea.ee\/#\/schema\/logo\/image\/\",\"url\":\"https:\/\/idakorea.ee\/wp-content\/uploads\/2024\/05\/cropped-korea3.png\",\"contentUrl\":\"https:\/\/idakorea.ee\/wp-content\/uploads\/2024\/05\/cropped-korea3.png\",\"width\":688,\"height\":126,\"caption\":\"IDA.KOREA\"},\"image\":{\"@id\":\"https:\/\/idakorea.ee\/#\/schema\/logo\/image\/\"},\"sameAs\":[\"https:\/\/www.instagram.com\/ida.korea\/\"]}]}<\/script>\n<!-- \/ Yoast SEO plugin. -->","yoast_head_json":{"title":"Purito Dermide Relief Barrier Moisturizer, 100ml - IDA.KOREA","description":"Purito Dermide Relief Barrier Moisturizer restores dry and sensitive skin, strengthens the barrier with ceramides, soothes and nourishes without irritation. Fragrance-free.","robots":{"index":"index","follow":"follow","max-snippet":"max-snippet:-1","max-image-preview":"max-image-preview:large","max-video-preview":"max-video-preview:-1"},"canonical":"https:\/\/idakorea.ee\/en\/product\/purito-dermide-relief-barrier-moisturizer-100ml\/","og_locale":"en_US","og_type":"article","og_title":"Purito Dermide Relief Barrier Moisturizer, 100ml - IDA.KOREA","og_description":"Purito Dermide Relief Barrier Moisturizer taastab kuiva ja tundliku naha, tugevdab barj\u00e4\u00e4ri tseramiididega, rahustab ja toidab ilma \u00e4rrituseta. L\u00f5hnavaba.","og_url":"https:\/\/idakorea.ee\/en\/product\/purito-dermide-relief-barrier-moisturizer-100ml\/","og_site_name":"IDA.KOREA","article_modified_time":"2026-04-15T20:07:01+00:00","og_image":[{"width":1200,"height":1200,"url":"https:\/\/idakorea.ee\/wp-content\/uploads\/2025\/07\/purito_luminous_ceramide_moisturizer-idakorea.webp","type":"image\/webp"}],"twitter_card":"summary_large_image","twitter_misc":{"Est. reading time":"2 minutes"},"schema":{"@context":"https:\/\/schema.org","@graph":[{"@type":"WebPage","@id":"https:\/\/idakorea.ee\/product\/purito-dermide-relief-barrier-moisturizer-100ml\/","url":"https:\/\/idakorea.ee\/product\/purito-dermide-relief-barrier-moisturizer-100ml\/","name":"Purito Dermide Relief Barrier Moisturizer, 100ml - IDA.KOREA","isPartOf":{"@id":"https:\/\/idakorea.ee\/#website"},"primaryImageOfPage":{"@id":"https:\/\/idakorea.ee\/product\/purito-dermide-relief-barrier-moisturizer-100ml\/#primaryimage"},"image":{"@id":"https:\/\/idakorea.ee\/product\/purito-dermide-relief-barrier-moisturizer-100ml\/#primaryimage"},"thumbnailUrl":"https:\/\/idakorea.ee\/wp-content\/uploads\/2025\/07\/purito_luminous_ceramide_moisturizer-idakorea.webp","datePublished":"2025-07-08T11:40:32+00:00","dateModified":"2026-04-15T20:07:01+00:00","description":"Purito Dermide Relief Barrier Moisturizer restores dry and sensitive skin, strengthens the barrier with ceramides, soothes and nourishes without irritation. Fragrance-free.","breadcrumb":{"@id":"https:\/\/idakorea.ee\/product\/purito-dermide-relief-barrier-moisturizer-100ml\/#breadcrumb"},"inLanguage":"en-US","potentialAction":[{"@type":"ReadAction","target":["https:\/\/idakorea.ee\/product\/purito-dermide-relief-barrier-moisturizer-100ml\/"]}]},{"@type":"ImageObject","inLanguage":"en-US","@id":"https:\/\/idakorea.ee\/product\/purito-dermide-relief-barrier-moisturizer-100ml\/#primaryimage","url":"https:\/\/idakorea.ee\/wp-content\/uploads\/2025\/07\/purito_luminous_ceramide_moisturizer-idakorea.webp","contentUrl":"https:\/\/idakorea.ee\/wp-content\/uploads\/2025\/07\/purito_luminous_ceramide_moisturizer-idakorea.webp","width":1200,"height":1200},{"@type":"BreadcrumbList","@id":"https:\/\/idakorea.ee\/product\/purito-dermide-relief-barrier-moisturizer-100ml\/#breadcrumb","itemListElement":[{"@type":"ListItem","position":1,"name":"\u0413\u043b\u0430\u0432\u043d\u0430\u044f \u0441\u0442\u0440\u0430\u043d\u0438\u0446\u0430","item":"https:\/\/idakorea.ee\/"},{"@type":"ListItem","position":2,"name":"Shop","item":"https:\/\/idakorea.ee\/shop-2\/"},{"@type":"ListItem","position":3,"name":"Taastav kreem Purito Luminous Ceramide Moisturizer, 100ml"}]},{"@type":"WebSite","@id":"https:\/\/idakorea.ee\/#website","url":"https:\/\/idakorea.ee\/","name":"IDA.KOREA","description":"Korean cosmetics e-shop","publisher":{"@id":"https:\/\/idakorea.ee\/#organization"},"alternateName":"Beauty Shop","potentialAction":[{"@type":"SearchAction","target":{"@type":"EntryPoint","urlTemplate":"https:\/\/idakorea.ee\/?s={search_term_string}"},"query-input":{"@type":"PropertyValueSpecification","valueRequired":true,"valueName":"search_term_string"}}],"inLanguage":"en-US"},{"@type":"Organization","@id":"https:\/\/idakorea.ee\/#organization","name":"IDA.KOREA","url":"https:\/\/idakorea.ee\/","logo":{"@type":"ImageObject","inLanguage":"en-US","@id":"https:\/\/idakorea.ee\/#\/schema\/logo\/image\/","url":"https:\/\/idakorea.ee\/wp-content\/uploads\/2024\/05\/cropped-korea3.png","contentUrl":"https:\/\/idakorea.ee\/wp-content\/uploads\/2024\/05\/cropped-korea3.png","width":688,"height":126,"caption":"IDA.KOREA"},"image":{"@id":"https:\/\/idakorea.ee\/#\/schema\/logo\/image\/"},"sameAs":["https:\/\/www.instagram.com\/ida.korea\/"]}]}},"jetpack_sharing_enabled":true,"brands":[{"id":491,"name":"PURITO","slug":"purito"}],"_links":{"self":[{"href":"https:\/\/idakorea.ee\/en\/wp-json\/wp\/v2\/product\/15112","targetHints":{"allow":["GET"]}}],"collection":[{"href":"https:\/\/idakorea.ee\/en\/wp-json\/wp\/v2\/product"}],"about":[{"href":"https:\/\/idakorea.ee\/en\/wp-json\/wp\/v2\/types\/product"}],"replies":[{"embeddable":true,"href":"https:\/\/idakorea.ee\/en\/wp-json\/wp\/v2\/comments?post=15112"}],"version-history":[{"count":4,"href":"https:\/\/idakorea.ee\/en\/wp-json\/wp\/v2\/product\/15112\/revisions"}],"predecessor-version":[{"id":17775,"href":"https:\/\/idakorea.ee\/en\/wp-json\/wp\/v2\/product\/15112\/revisions\/17775"}],"wp:featuredmedia":[{"embeddable":true,"href":"https:\/\/idakorea.ee\/en\/wp-json\/wp\/v2\/media\/17684"}],"wp:attachment":[{"href":"https:\/\/idakorea.ee\/en\/wp-json\/wp\/v2\/media?parent=15112"}],"wp:term":[{"taxonomy":"pwb-brand","embeddable":true,"href":"https:\/\/idakorea.ee\/en\/wp-json\/wp\/v2\/pwb-brand?post=15112"},{"taxonomy":"product_brand","embeddable":true,"href":"https:\/\/idakorea.ee\/en\/wp-json\/wp\/v2\/product_brand?post=15112"},{"taxonomy":"product_cat","embeddable":true,"href":"https:\/\/idakorea.ee\/en\/wp-json\/wp\/v2\/product_cat?post=15112"},{"taxonomy":"product_tag","embeddable":true,"href":"https:\/\/idakorea.ee\/en\/wp-json\/wp\/v2\/product_tag?post=15112"}],"curies":[{"name":"wp","href":"https:\/\/api.w.org\/{rel}","templated":true}]}}