{"id":15250,"date":"2025-07-21T11:27:56","date_gmt":"2025-07-21T08:27:56","guid":{"rendered":"https:\/\/idakorea.ee\/?post_type=product&#038;p=15250"},"modified":"2026-03-27T14:36:20","modified_gmt":"2026-03-27T12:36:20","slug":"medipeel-pearl-collagen-mask","status":"publish","type":"product","link":"https:\/\/idakorea.ee\/en\/product\/medipeel-pearl-collagen-mask\/","title":{"rendered":"MediPeel Pearl Collagen Mask"},"content":{"rendered":"<p>Smoothing pearl and collagen face mask<strong> MediPeel Pearl Collagen Mask<\/strong> has a strong regenerating effect, significantly improves skin elasticity and firmness, eliminates dryness and flaking.<\/p>\n<p>The product stimulates the production of collagen and elastin fibers, fights the signs of aging, smoothes wrinkles and prevents the formation of new ones. It has a strong anti-inflammatory and anti-edema effect and regulates sebum secretion.<\/p>\n<p>The mask intensely moisturizes and locks moisture into the deeper layers of the skin, evens out the complexion and gives the skin a natural and healthy glow. Makes the skin soft, smooth and evens out the texture.<\/p>\n<p>The essence with which the mask is impregnated improves blood circulation and triggers cellular renewal processes. Lightly lightens pigment spots, protects the skin from external environmental factors - cold, heat, dry air and UV radiation.<\/p>\n<p><strong>Main active ingredients:<\/strong><\/p>\n<ul>\n<li><strong>Pearl powder (10 ppm)<\/strong> and <strong>pearl extract (1.75 ppm)<\/strong> \u2013 with a strong rejuvenating effect, slightly brightening, helps reduce dark circles under the eyes and unwanted pigmentation.<\/li>\n<li><strong>5 types of collagen<\/strong> \u2013 improve the overall condition of the skin, smooth and tighten, support the smoothing of small wrinkles, accelerate healing processes and retain moisture in the deep layers of the skin.<\/li>\n<li><strong>Hyaluronic acid<\/strong> \u2013 provides deep hydration and maintains the skin&#039;s natural pH balance, forms a protective layer that prevents moisture evaporation and provides a feeling of freshness.<\/li>\n<li><strong>Adenos<\/strong> \u2013 an effective anti-aging component, slows down skin aging.<\/li>\n<li><strong>Allantoiin<\/strong> \u2013 softens, intensely moisturizes, tightens pores, normalizes sebum secretion and soothes irritated skin.<\/li>\n<li><strong>Macadamia nut oil<\/strong> \u2013 nourishes and softens, absorbs quickly, promotes skin renewal, is an antioxidant and is suitable for dry and aging skin.<\/li>\n<li><strong>Argan oil<\/strong> \u2013 restores the skin&#039;s hydrolipidic barrier, increases elasticity, acts as a strong antioxidant and soothes sensitive skin.<\/li>\n<li><strong>Betaine<\/strong> \u2013 active moisturizer, softens and soothes the skin, enhances the conditioning effect of other components and improves the appearance of the skin.<\/li>\n<li><strong>Complex of herbal extracts<\/strong> \u2013 tones and soothes, has an antibacterial effect, enriches the skin with nutrients, improves complexion.<\/li>\n<\/ul>\n<p>&nbsp;<\/p>\n<p>Suitable for dry, dehydrated and mature skin.<\/p>\n<p><strong>Usage:<\/strong><\/p>\n<p>Cleanse skin and apply toner. Place sheet mask on face and leave on for 20-30 minutes. Gently massage remaining essence into face, neck and d\u00e9collet\u00e9.<\/p>","protected":false},"excerpt":{"rendered":"<p>Smoothing face mask with pearl and collagen MediPeel Pearl Collagen Mask has a strong regenerating effect, significantly improves skin elasticity and firmness, eliminates dryness and flaking. The product stimulates the production of collagen and elastin fibers, fights the signs of aging, smoothes wrinkles and prevents the appearance of new ones. Has a strong anti-inflammatory and anti-edema effect and regulates sebum secretion. The mask intensely moisturizes and locks moisture into the deeper layers of the skin\u2026<\/p>","protected":false},"featured_media":15251,"comment_status":"open","ping_status":"closed","template":"","meta":{"_uf_show_specific_survey":0,"_uf_disable_surveys":false,"_bst_post_transparent":"default","_bst_post_title":"","_bst_post_layout":"default","_bst_post_sidebar_id":"","_bst_post_content_style":"default","_bst_post_vertical_padding":"default","_bst_post_feature":"","_bst_post_feature_position":"","_bst_post_header":false,"_bst_post_footer":false},"pwb-brand":[107],"product_brand":[],"product_cat":[92,98],"product_tag":[614,381],"class_list":{"0":"post-15250","1":"product","2":"type-product","3":"status-publish","4":"has-post-thumbnail","6":"pwb-brand-medipeel","7":"product_cat-nagu","8":"product_cat-naomaskid","9":"product_tag-mask","10":"product_tag-medipeel","12":"first","13":"outofstock","14":"sale","15":"shipping-taxable","16":"purchasable","17":"product-type-simple","18":"entry","19":"content-bg","20":"loop-entry"},"supplier_id":null,"supplier_sku":"","barcode":null,"atum_controlled":true,"out_stock_date":"2026-03-27 14:36:20","out_stock_threshold":null,"inheritable":false,"inbound_stock":0,"stock_on_hold":0,"sold_today":0,"sales_last_days":5,"out_stock_days":17,"lost_sales":30,"has_location":false,"update_date":"2026-04-14T00:05:11","atum_locations":[],"atum_stock_status":"outofstock","restock_status":false,"low_stock_amount":"","sales_update_date":"2026-04-14T00:05:11","calc_backorders":null,"yoast_head":"<!-- This site is optimized with the Yoast SEO plugin v27.2 - https:\/\/yoast.com\/product\/yoast-seo-wordpress\/ -->\n<title>MediPeel Pearl Collagen Mask - IDA.KOREA<\/title>\n<meta name=\"description\" content=\"Avasta Medi-Peel Pearl Collagen Mask \u2013 n\u00e4omask p\u00e4rli ja kollageeniga, mis niisutab s\u00fcgavalt, silub kortse ja taastab naha s\u00e4ra. - Telli kohe!\" \/>\n<meta name=\"robots\" content=\"index, follow, max-snippet:-1, max-image-preview:large, max-video-preview:-1\" \/>\n<link rel=\"canonical\" href=\"https:\/\/idakorea.ee\/en\/product\/medipeel-pearl-collagen-mask\/\" \/>\n<meta property=\"og:locale\" content=\"en_US\" \/>\n<meta property=\"og:type\" content=\"article\" \/>\n<meta property=\"og:title\" content=\"MediPeel Pearl Collagen Mask - IDA.KOREA\" \/>\n<meta property=\"og:description\" content=\"Avasta Medi-Peel Pearl Collagen Mask \u2013 n\u00e4omask p\u00e4rli ja kollageeniga, mis niisutab s\u00fcgavalt, silub kortse ja taastab naha s\u00e4ra. - Telli kohe!\" \/>\n<meta property=\"og:url\" content=\"https:\/\/idakorea.ee\/en\/product\/medipeel-pearl-collagen-mask\/\" \/>\n<meta property=\"og:site_name\" content=\"IDA.KOREA\" \/>\n<meta property=\"article:modified_time\" content=\"2026-03-27T12:36:20+00:00\" \/>\n<meta property=\"og:image\" content=\"https:\/\/idakorea.ee\/wp-content\/uploads\/2025\/07\/medi-peel-pearl-collagen-mask-idakorea.ee_.webp\" \/>\n\t<meta property=\"og:image:width\" content=\"650\" \/>\n\t<meta property=\"og:image:height\" content=\"650\" \/>\n\t<meta property=\"og:image:type\" content=\"image\/webp\" \/>\n<meta name=\"twitter:card\" content=\"summary_large_image\" \/>\n<meta name=\"twitter:label1\" content=\"Est. reading time\" \/>\n\t<meta name=\"twitter:data1\" content=\"2 minutes\" \/>\n<script type=\"application\/ld+json\" class=\"yoast-schema-graph\">{\"@context\":\"https:\/\/schema.org\",\"@graph\":[{\"@type\":\"WebPage\",\"@id\":\"https:\/\/idakorea.ee\/product\/medipeel-pearl-collagen-mask\/\",\"url\":\"https:\/\/idakorea.ee\/product\/medipeel-pearl-collagen-mask\/\",\"name\":\"MediPeel Pearl Collagen Mask - IDA.KOREA\",\"isPartOf\":{\"@id\":\"https:\/\/idakorea.ee\/#website\"},\"primaryImageOfPage\":{\"@id\":\"https:\/\/idakorea.ee\/product\/medipeel-pearl-collagen-mask\/#primaryimage\"},\"image\":{\"@id\":\"https:\/\/idakorea.ee\/product\/medipeel-pearl-collagen-mask\/#primaryimage\"},\"thumbnailUrl\":\"https:\/\/idakorea.ee\/wp-content\/uploads\/2025\/07\/medi-peel-pearl-collagen-mask-idakorea.ee_.webp\",\"datePublished\":\"2025-07-21T08:27:56+00:00\",\"dateModified\":\"2026-03-27T12:36:20+00:00\",\"description\":\"Avasta Medi-Peel Pearl Collagen Mask \u2013 n\u00e4omask p\u00e4rli ja kollageeniga, mis niisutab s\u00fcgavalt, silub kortse ja taastab naha s\u00e4ra. - Telli kohe!\",\"breadcrumb\":{\"@id\":\"https:\/\/idakorea.ee\/product\/medipeel-pearl-collagen-mask\/#breadcrumb\"},\"inLanguage\":\"en-US\",\"potentialAction\":[{\"@type\":\"ReadAction\",\"target\":[\"https:\/\/idakorea.ee\/product\/medipeel-pearl-collagen-mask\/\"]}]},{\"@type\":\"ImageObject\",\"inLanguage\":\"en-US\",\"@id\":\"https:\/\/idakorea.ee\/product\/medipeel-pearl-collagen-mask\/#primaryimage\",\"url\":\"https:\/\/idakorea.ee\/wp-content\/uploads\/2025\/07\/medi-peel-pearl-collagen-mask-idakorea.ee_.webp\",\"contentUrl\":\"https:\/\/idakorea.ee\/wp-content\/uploads\/2025\/07\/medi-peel-pearl-collagen-mask-idakorea.ee_.webp\",\"width\":650,\"height\":650},{\"@type\":\"BreadcrumbList\",\"@id\":\"https:\/\/idakorea.ee\/product\/medipeel-pearl-collagen-mask\/#breadcrumb\",\"itemListElement\":[{\"@type\":\"ListItem\",\"position\":1,\"name\":\"\u0413\u043b\u0430\u0432\u043d\u0430\u044f \u0441\u0442\u0440\u0430\u043d\u0438\u0446\u0430\",\"item\":\"https:\/\/idakorea.ee\/\"},{\"@type\":\"ListItem\",\"position\":2,\"name\":\"Shop\",\"item\":\"https:\/\/idakorea.ee\/shop-2\/\"},{\"@type\":\"ListItem\",\"position\":3,\"name\":\"Silendav n\u00e4omask MediPeel Pearl Collagen Mask\"}]},{\"@type\":\"WebSite\",\"@id\":\"https:\/\/idakorea.ee\/#website\",\"url\":\"https:\/\/idakorea.ee\/\",\"name\":\"IDA.KOREA\",\"description\":\"Korea kosmeetika e-pood\",\"publisher\":{\"@id\":\"https:\/\/idakorea.ee\/#organization\"},\"alternateName\":\"Beauty Shop\",\"potentialAction\":[{\"@type\":\"SearchAction\",\"target\":{\"@type\":\"EntryPoint\",\"urlTemplate\":\"https:\/\/idakorea.ee\/?s={search_term_string}\"},\"query-input\":{\"@type\":\"PropertyValueSpecification\",\"valueRequired\":true,\"valueName\":\"search_term_string\"}}],\"inLanguage\":\"en-US\"},{\"@type\":\"Organization\",\"@id\":\"https:\/\/idakorea.ee\/#organization\",\"name\":\"IDA.KOREA\",\"url\":\"https:\/\/idakorea.ee\/\",\"logo\":{\"@type\":\"ImageObject\",\"inLanguage\":\"en-US\",\"@id\":\"https:\/\/idakorea.ee\/#\/schema\/logo\/image\/\",\"url\":\"https:\/\/idakorea.ee\/wp-content\/uploads\/2024\/05\/cropped-korea3.png\",\"contentUrl\":\"https:\/\/idakorea.ee\/wp-content\/uploads\/2024\/05\/cropped-korea3.png\",\"width\":688,\"height\":126,\"caption\":\"IDA.KOREA\"},\"image\":{\"@id\":\"https:\/\/idakorea.ee\/#\/schema\/logo\/image\/\"},\"sameAs\":[\"https:\/\/www.instagram.com\/ida.korea\/\"]}]}<\/script>\n<!-- \/ Yoast SEO plugin. -->","yoast_head_json":{"title":"MediPeel Pearl Collagen Mask - IDA.KOREA","description":"Discover Medi-Peel Pearl Collagen Mask \u2013 a face mask with pearl and collagen that deeply moisturizes, smoothes wrinkles and restores skin radiance. - Order now!","robots":{"index":"index","follow":"follow","max-snippet":"max-snippet:-1","max-image-preview":"max-image-preview:large","max-video-preview":"max-video-preview:-1"},"canonical":"https:\/\/idakorea.ee\/en\/product\/medipeel-pearl-collagen-mask\/","og_locale":"en_US","og_type":"article","og_title":"MediPeel Pearl Collagen Mask - IDA.KOREA","og_description":"Avasta Medi-Peel Pearl Collagen Mask \u2013 n\u00e4omask p\u00e4rli ja kollageeniga, mis niisutab s\u00fcgavalt, silub kortse ja taastab naha s\u00e4ra. - Telli kohe!","og_url":"https:\/\/idakorea.ee\/en\/product\/medipeel-pearl-collagen-mask\/","og_site_name":"IDA.KOREA","article_modified_time":"2026-03-27T12:36:20+00:00","og_image":[{"width":650,"height":650,"url":"https:\/\/idakorea.ee\/wp-content\/uploads\/2025\/07\/medi-peel-pearl-collagen-mask-idakorea.ee_.webp","type":"image\/webp"}],"twitter_card":"summary_large_image","twitter_misc":{"Est. reading time":"2 minutes"},"schema":{"@context":"https:\/\/schema.org","@graph":[{"@type":"WebPage","@id":"https:\/\/idakorea.ee\/product\/medipeel-pearl-collagen-mask\/","url":"https:\/\/idakorea.ee\/product\/medipeel-pearl-collagen-mask\/","name":"MediPeel Pearl Collagen Mask - IDA.KOREA","isPartOf":{"@id":"https:\/\/idakorea.ee\/#website"},"primaryImageOfPage":{"@id":"https:\/\/idakorea.ee\/product\/medipeel-pearl-collagen-mask\/#primaryimage"},"image":{"@id":"https:\/\/idakorea.ee\/product\/medipeel-pearl-collagen-mask\/#primaryimage"},"thumbnailUrl":"https:\/\/idakorea.ee\/wp-content\/uploads\/2025\/07\/medi-peel-pearl-collagen-mask-idakorea.ee_.webp","datePublished":"2025-07-21T08:27:56+00:00","dateModified":"2026-03-27T12:36:20+00:00","description":"Discover Medi-Peel Pearl Collagen Mask \u2013 a face mask with pearl and collagen that deeply moisturizes, smoothes wrinkles and restores skin radiance. - Order now!","breadcrumb":{"@id":"https:\/\/idakorea.ee\/product\/medipeel-pearl-collagen-mask\/#breadcrumb"},"inLanguage":"en-US","potentialAction":[{"@type":"ReadAction","target":["https:\/\/idakorea.ee\/product\/medipeel-pearl-collagen-mask\/"]}]},{"@type":"ImageObject","inLanguage":"en-US","@id":"https:\/\/idakorea.ee\/product\/medipeel-pearl-collagen-mask\/#primaryimage","url":"https:\/\/idakorea.ee\/wp-content\/uploads\/2025\/07\/medi-peel-pearl-collagen-mask-idakorea.ee_.webp","contentUrl":"https:\/\/idakorea.ee\/wp-content\/uploads\/2025\/07\/medi-peel-pearl-collagen-mask-idakorea.ee_.webp","width":650,"height":650},{"@type":"BreadcrumbList","@id":"https:\/\/idakorea.ee\/product\/medipeel-pearl-collagen-mask\/#breadcrumb","itemListElement":[{"@type":"ListItem","position":1,"name":"\u0413\u043b\u0430\u0432\u043d\u0430\u044f \u0441\u0442\u0440\u0430\u043d\u0438\u0446\u0430","item":"https:\/\/idakorea.ee\/"},{"@type":"ListItem","position":2,"name":"Shop","item":"https:\/\/idakorea.ee\/shop-2\/"},{"@type":"ListItem","position":3,"name":"Silendav n\u00e4omask MediPeel Pearl Collagen Mask"}]},{"@type":"WebSite","@id":"https:\/\/idakorea.ee\/#website","url":"https:\/\/idakorea.ee\/","name":"IDA.KOREA","description":"Korean cosmetics e-shop","publisher":{"@id":"https:\/\/idakorea.ee\/#organization"},"alternateName":"Beauty Shop","potentialAction":[{"@type":"SearchAction","target":{"@type":"EntryPoint","urlTemplate":"https:\/\/idakorea.ee\/?s={search_term_string}"},"query-input":{"@type":"PropertyValueSpecification","valueRequired":true,"valueName":"search_term_string"}}],"inLanguage":"en-US"},{"@type":"Organization","@id":"https:\/\/idakorea.ee\/#organization","name":"IDA.KOREA","url":"https:\/\/idakorea.ee\/","logo":{"@type":"ImageObject","inLanguage":"en-US","@id":"https:\/\/idakorea.ee\/#\/schema\/logo\/image\/","url":"https:\/\/idakorea.ee\/wp-content\/uploads\/2024\/05\/cropped-korea3.png","contentUrl":"https:\/\/idakorea.ee\/wp-content\/uploads\/2024\/05\/cropped-korea3.png","width":688,"height":126,"caption":"IDA.KOREA"},"image":{"@id":"https:\/\/idakorea.ee\/#\/schema\/logo\/image\/"},"sameAs":["https:\/\/www.instagram.com\/ida.korea\/"]}]}},"jetpack_sharing_enabled":true,"brands":[{"id":107,"name":"MEDIPEEL+","slug":"medipeel"}],"_links":{"self":[{"href":"https:\/\/idakorea.ee\/en\/wp-json\/wp\/v2\/product\/15250","targetHints":{"allow":["GET"]}}],"collection":[{"href":"https:\/\/idakorea.ee\/en\/wp-json\/wp\/v2\/product"}],"about":[{"href":"https:\/\/idakorea.ee\/en\/wp-json\/wp\/v2\/types\/product"}],"replies":[{"embeddable":true,"href":"https:\/\/idakorea.ee\/en\/wp-json\/wp\/v2\/comments?post=15250"}],"version-history":[{"count":1,"href":"https:\/\/idakorea.ee\/en\/wp-json\/wp\/v2\/product\/15250\/revisions"}],"predecessor-version":[{"id":15253,"href":"https:\/\/idakorea.ee\/en\/wp-json\/wp\/v2\/product\/15250\/revisions\/15253"}],"wp:featuredmedia":[{"embeddable":true,"href":"https:\/\/idakorea.ee\/en\/wp-json\/wp\/v2\/media\/15251"}],"wp:attachment":[{"href":"https:\/\/idakorea.ee\/en\/wp-json\/wp\/v2\/media?parent=15250"}],"wp:term":[{"taxonomy":"pwb-brand","embeddable":true,"href":"https:\/\/idakorea.ee\/en\/wp-json\/wp\/v2\/pwb-brand?post=15250"},{"taxonomy":"product_brand","embeddable":true,"href":"https:\/\/idakorea.ee\/en\/wp-json\/wp\/v2\/product_brand?post=15250"},{"taxonomy":"product_cat","embeddable":true,"href":"https:\/\/idakorea.ee\/en\/wp-json\/wp\/v2\/product_cat?post=15250"},{"taxonomy":"product_tag","embeddable":true,"href":"https:\/\/idakorea.ee\/en\/wp-json\/wp\/v2\/product_tag?post=15250"}],"curies":[{"name":"wp","href":"https:\/\/api.w.org\/{rel}","templated":true}]}}