{"id":15258,"date":"2025-07-22T09:28:13","date_gmt":"2025-07-22T06:28:13","guid":{"rendered":"https:\/\/idakorea.ee\/?post_type=product&#038;p=15258"},"modified":"2026-03-18T15:13:42","modified_gmt":"2026-03-18T13:13:42","slug":"masil-5-probiotics-scalp-scaling-shampoo-8ml","status":"publish","type":"product","link":"https:\/\/idakorea.ee\/en\/product\/masil-5-probiotics-scalp-scaling-shampoo-8ml\/","title":{"rendered":"Deep cleansing shampoo with probiotics Masil 5 Probiotics Scalp Scaling Shampoo, 8ml"},"content":{"rendered":"<p data-start=\"140\" data-end=\"400\">Masil 5 Probiotic Deep Cleansing Shampoo thoroughly removes all kinds of dirt particles, exfoliates dead skin cells, and normalizes the function of the sebaceous glands. Restores optimal water and lipid balance, prevents dandruff, and reduces scalp oiliness.<\/p>\n<p data-start=\"402\" data-end=\"688\">The shampoo effectively cleanses, improves microcirculation and increases the supply of nutrients to the hair roots. Strengthens the skin&#039;s protective layer, relieves discomfort and itching, soothes irritated skin. Strengthens hair follicles, accelerates hair growth, helps prevent brittleness and hair loss.<\/p>\n<p data-start=\"690\" data-end=\"788\">The shampoo gives the scalp a pleasant feeling of freshness and rinses out easily without leaving a dry feeling.<\/p>\n<p data-start=\"790\" data-end=\"814\"><strong data-start=\"790\" data-end=\"814\">Main active ingredients:<\/strong><\/p>\n<ul data-start=\"815\" data-end=\"1680\">\n<li data-start=\"815\" data-end=\"964\">\n<p data-start=\"817\" data-end=\"964\"><strong data-start=\"817\" data-end=\"845\">Lactobacillus enzymes<\/strong> strengthen hair, support the protective layer, increase resistance to external irritants, and provide smoothness and strength.<\/p>\n<\/li>\n<li data-start=\"965\" data-end=\"1123\">\n<p data-start=\"967\" data-end=\"1123\"><strong data-start=\"967\" data-end=\"988\">Polyquaternium-10<\/strong> is a polymer that strengthens the hair&#039;s protective layer. Reduces static electricity, makes combing and styling easier, and adds volume.<\/p>\n<\/li>\n<li data-start=\"1124\" data-end=\"1232\">\n<p data-start=\"1126\" data-end=\"1232\"><strong data-start=\"1126\" data-end=\"1153\">Panthenol (vitamin B5)<\/strong> deeply moisturizes, accelerates healing processes, eliminates dryness and fragility.<\/p>\n<\/li>\n<li data-start=\"1233\" data-end=\"1321\">\n<p data-start=\"1235\" data-end=\"1321\"><strong data-start=\"1235\" data-end=\"1258\">BHA (salicylic acid)<\/strong> Gently exfoliates dead skin and effectively removes dirt.<\/p>\n<\/li>\n<li data-start=\"1322\" data-end=\"1514\">\n<p data-start=\"1324\" data-end=\"1514\"><strong data-start=\"1324\" data-end=\"1340\">Derma Clera\u2122<\/strong> (cinnamon extract, water, butylene glycol) is a soothing complex that strengthens the protective function of the epidermis, reduces scalp inflammation, softens and promotes healing.<\/p>\n<\/li>\n<li data-start=\"1515\" data-end=\"1576\">\n<p data-start=\"1517\" data-end=\"1576\"><strong data-start=\"1517\" data-end=\"1528\">Menthol<\/strong> cools, eliminates discomfort and itching.<\/p>\n<\/li>\n<li data-start=\"1577\" data-end=\"1680\">\n<p data-start=\"1579\" data-end=\"1680\"><strong data-start=\"1579\" data-end=\"1615\">Peppermint and lemon balm extracts<\/strong> relaxes and refreshes the scalp and prevents dandruff.<\/p>\n<\/li>\n<\/ul>\n<p data-start=\"1682\" data-end=\"1716\">Suitable for all hair types.<\/p>\n<p data-start=\"1718\" data-end=\"1835\"><strong data-start=\"1718\" data-end=\"1734\">How to use:<\/strong><br data-start=\"1734\" data-end=\"1737\" \/>Apply the shampoo to a wet scalp, massage gently for 2-3 minutes and rinse thoroughly with warm water.<\/p>","protected":false},"excerpt":{"rendered":"<p>Masil 5 deep cleansing shampoo with probiotics thoroughly removes all kinds of dirt particles, exfoliates dead skin cells and normalizes the work of the sebaceous glands. Restores optimal water and lipid balance, prevents dandruff and reduces scalp oiliness. The shampoo effectively cleanses, improves microcirculation and increases the supply of nutrients to the hair roots. Strengthens the skin&#039;s protective layer, relieves discomfort and itching, soothes irritated skin. Strengthens hair follicles, accelerates hair growth, helps prevent brittleness\u2026<\/p>","protected":false},"featured_media":15259,"comment_status":"open","ping_status":"closed","template":"","meta":{"_uf_show_specific_survey":0,"_uf_disable_surveys":false,"_bst_post_transparent":"default","_bst_post_title":"","_bst_post_layout":"default","_bst_post_sidebar_id":"","_bst_post_content_style":"default","_bst_post_vertical_padding":"default","_bst_post_feature":"","_bst_post_feature_position":"","_bst_post_header":false,"_bst_post_footer":false},"pwb-brand":[489],"product_brand":[],"product_cat":[923],"product_tag":[941],"class_list":{"0":"post-15258","1":"product","2":"type-product","3":"status-publish","4":"has-post-thumbnail","6":"pwb-brand-masil","7":"product_cat-juuksed","8":"product_tag-masil","10":"first","11":"instock","12":"sale","13":"shipping-taxable","14":"purchasable","15":"product-type-simple","16":"entry","17":"content-bg","18":"loop-entry"},"supplier_id":null,"supplier_sku":"","barcode":null,"atum_controlled":true,"out_stock_date":null,"out_stock_threshold":null,"inheritable":false,"inbound_stock":0,"stock_on_hold":0,"sold_today":0,"sales_last_days":1,"out_stock_days":0,"lost_sales":0,"has_location":false,"update_date":"2026-04-14T00:05:08","atum_locations":[],"atum_stock_status":"instock","restock_status":false,"low_stock_amount":"","sales_update_date":"2026-04-14T00:05:08","calc_backorders":null,"yoast_head":"<!-- This site is optimized with the Yoast SEO plugin v27.2 - https:\/\/yoast.com\/product\/yoast-seo-wordpress\/ -->\n<title>Masil 5 Probiotics Scalp Scaling Shampoo, 8ml - IDA.KOREA<\/title>\n<meta name=\"description\" content=\"Masil 5 probiootikumidega s\u00fcgavpuhastav \u0161ampoon eemaldab p\u00f5hjalikult mustuseosakesed, koorib sarvestunud naharakke, normaliseerib rasun\u00e4\u00e4rmete t\u00f6\u00f6d.\" \/>\n<meta name=\"robots\" content=\"index, follow, max-snippet:-1, max-image-preview:large, max-video-preview:-1\" \/>\n<link rel=\"canonical\" href=\"https:\/\/idakorea.ee\/en\/product\/masil-5-probiotics-scalp-scaling-shampoo-8ml\/\" \/>\n<meta property=\"og:locale\" content=\"en_US\" \/>\n<meta property=\"og:type\" content=\"article\" \/>\n<meta property=\"og:title\" content=\"Masil 5 Probiotics Scalp Scaling Shampoo, 8ml - IDA.KOREA\" \/>\n<meta property=\"og:description\" content=\"Masil 5 probiootikumidega s\u00fcgavpuhastav \u0161ampoon eemaldab p\u00f5hjalikult mustuseosakesed, koorib sarvestunud naharakke, normaliseerib rasun\u00e4\u00e4rmete t\u00f6\u00f6d.\" \/>\n<meta property=\"og:url\" content=\"https:\/\/idakorea.ee\/en\/product\/masil-5-probiotics-scalp-scaling-shampoo-8ml\/\" \/>\n<meta property=\"og:site_name\" content=\"IDA.KOREA\" \/>\n<meta property=\"article:modified_time\" content=\"2026-03-18T13:13:42+00:00\" \/>\n<meta property=\"og:image\" content=\"https:\/\/idakorea.ee\/wp-content\/uploads\/2025\/07\/masil-5-probiotics-scalp-scaling-shampoo8-_idakorea.ee_.jpg\" \/>\n\t<meta property=\"og:image:width\" content=\"1000\" \/>\n\t<meta property=\"og:image:height\" content=\"1000\" \/>\n\t<meta property=\"og:image:type\" content=\"image\/jpeg\" \/>\n<meta name=\"twitter:card\" content=\"summary_large_image\" \/>\n<meta name=\"twitter:label1\" content=\"Est. reading time\" \/>\n\t<meta name=\"twitter:data1\" content=\"2 minutes\" \/>\n<script type=\"application\/ld+json\" class=\"yoast-schema-graph\">{\"@context\":\"https:\/\/schema.org\",\"@graph\":[{\"@type\":\"WebPage\",\"@id\":\"https:\/\/idakorea.ee\/product\/masil-5-probiotics-scalp-scaling-shampoo-8ml\/\",\"url\":\"https:\/\/idakorea.ee\/product\/masil-5-probiotics-scalp-scaling-shampoo-8ml\/\",\"name\":\"Masil 5 Probiotics Scalp Scaling Shampoo, 8ml - IDA.KOREA\",\"isPartOf\":{\"@id\":\"https:\/\/idakorea.ee\/#website\"},\"primaryImageOfPage\":{\"@id\":\"https:\/\/idakorea.ee\/product\/masil-5-probiotics-scalp-scaling-shampoo-8ml\/#primaryimage\"},\"image\":{\"@id\":\"https:\/\/idakorea.ee\/product\/masil-5-probiotics-scalp-scaling-shampoo-8ml\/#primaryimage\"},\"thumbnailUrl\":\"https:\/\/idakorea.ee\/wp-content\/uploads\/2025\/07\/masil-5-probiotics-scalp-scaling-shampoo8-_idakorea.ee_.jpg\",\"datePublished\":\"2025-07-22T06:28:13+00:00\",\"dateModified\":\"2026-03-18T13:13:42+00:00\",\"description\":\"Masil 5 probiootikumidega s\u00fcgavpuhastav \u0161ampoon eemaldab p\u00f5hjalikult mustuseosakesed, koorib sarvestunud naharakke, normaliseerib rasun\u00e4\u00e4rmete t\u00f6\u00f6d.\",\"breadcrumb\":{\"@id\":\"https:\/\/idakorea.ee\/product\/masil-5-probiotics-scalp-scaling-shampoo-8ml\/#breadcrumb\"},\"inLanguage\":\"en-US\",\"potentialAction\":[{\"@type\":\"ReadAction\",\"target\":[\"https:\/\/idakorea.ee\/product\/masil-5-probiotics-scalp-scaling-shampoo-8ml\/\"]}]},{\"@type\":\"ImageObject\",\"inLanguage\":\"en-US\",\"@id\":\"https:\/\/idakorea.ee\/product\/masil-5-probiotics-scalp-scaling-shampoo-8ml\/#primaryimage\",\"url\":\"https:\/\/idakorea.ee\/wp-content\/uploads\/2025\/07\/masil-5-probiotics-scalp-scaling-shampoo8-_idakorea.ee_.jpg\",\"contentUrl\":\"https:\/\/idakorea.ee\/wp-content\/uploads\/2025\/07\/masil-5-probiotics-scalp-scaling-shampoo8-_idakorea.ee_.jpg\",\"width\":1000,\"height\":1000},{\"@type\":\"BreadcrumbList\",\"@id\":\"https:\/\/idakorea.ee\/product\/masil-5-probiotics-scalp-scaling-shampoo-8ml\/#breadcrumb\",\"itemListElement\":[{\"@type\":\"ListItem\",\"position\":1,\"name\":\"\u0413\u043b\u0430\u0432\u043d\u0430\u044f \u0441\u0442\u0440\u0430\u043d\u0438\u0446\u0430\",\"item\":\"https:\/\/idakorea.ee\/\"},{\"@type\":\"ListItem\",\"position\":2,\"name\":\"Shop\",\"item\":\"https:\/\/idakorea.ee\/shop-2\/\"},{\"@type\":\"ListItem\",\"position\":3,\"name\":\"S\u00fcgavpuhastav probiootikumidega \u0161ampoon Masil 5 Probiotics Scalp Scaling Shampoo, 8ml\"}]},{\"@type\":\"WebSite\",\"@id\":\"https:\/\/idakorea.ee\/#website\",\"url\":\"https:\/\/idakorea.ee\/\",\"name\":\"IDA.KOREA\",\"description\":\"Korea kosmeetika e-pood\",\"publisher\":{\"@id\":\"https:\/\/idakorea.ee\/#organization\"},\"alternateName\":\"Beauty Shop\",\"potentialAction\":[{\"@type\":\"SearchAction\",\"target\":{\"@type\":\"EntryPoint\",\"urlTemplate\":\"https:\/\/idakorea.ee\/?s={search_term_string}\"},\"query-input\":{\"@type\":\"PropertyValueSpecification\",\"valueRequired\":true,\"valueName\":\"search_term_string\"}}],\"inLanguage\":\"en-US\"},{\"@type\":\"Organization\",\"@id\":\"https:\/\/idakorea.ee\/#organization\",\"name\":\"IDA.KOREA\",\"url\":\"https:\/\/idakorea.ee\/\",\"logo\":{\"@type\":\"ImageObject\",\"inLanguage\":\"en-US\",\"@id\":\"https:\/\/idakorea.ee\/#\/schema\/logo\/image\/\",\"url\":\"https:\/\/idakorea.ee\/wp-content\/uploads\/2024\/05\/cropped-korea3.png\",\"contentUrl\":\"https:\/\/idakorea.ee\/wp-content\/uploads\/2024\/05\/cropped-korea3.png\",\"width\":688,\"height\":126,\"caption\":\"IDA.KOREA\"},\"image\":{\"@id\":\"https:\/\/idakorea.ee\/#\/schema\/logo\/image\/\"},\"sameAs\":[\"https:\/\/www.instagram.com\/ida.korea\/\"]}]}<\/script>\n<!-- \/ Yoast SEO plugin. -->","yoast_head_json":{"title":"Masil 5 Probiotics Scalp Scaling Shampoo, 8ml - IDA.KOREA","description":"Masil 5 deep cleansing shampoo with probiotics thoroughly removes dirt particles, exfoliates dead skin cells, and normalizes the function of the sebaceous glands.","robots":{"index":"index","follow":"follow","max-snippet":"max-snippet:-1","max-image-preview":"max-image-preview:large","max-video-preview":"max-video-preview:-1"},"canonical":"https:\/\/idakorea.ee\/en\/product\/masil-5-probiotics-scalp-scaling-shampoo-8ml\/","og_locale":"en_US","og_type":"article","og_title":"Masil 5 Probiotics Scalp Scaling Shampoo, 8ml - IDA.KOREA","og_description":"Masil 5 probiootikumidega s\u00fcgavpuhastav \u0161ampoon eemaldab p\u00f5hjalikult mustuseosakesed, koorib sarvestunud naharakke, normaliseerib rasun\u00e4\u00e4rmete t\u00f6\u00f6d.","og_url":"https:\/\/idakorea.ee\/en\/product\/masil-5-probiotics-scalp-scaling-shampoo-8ml\/","og_site_name":"IDA.KOREA","article_modified_time":"2026-03-18T13:13:42+00:00","og_image":[{"width":1000,"height":1000,"url":"https:\/\/idakorea.ee\/wp-content\/uploads\/2025\/07\/masil-5-probiotics-scalp-scaling-shampoo8-_idakorea.ee_.jpg","type":"image\/jpeg"}],"twitter_card":"summary_large_image","twitter_misc":{"Est. reading time":"2 minutes"},"schema":{"@context":"https:\/\/schema.org","@graph":[{"@type":"WebPage","@id":"https:\/\/idakorea.ee\/product\/masil-5-probiotics-scalp-scaling-shampoo-8ml\/","url":"https:\/\/idakorea.ee\/product\/masil-5-probiotics-scalp-scaling-shampoo-8ml\/","name":"Masil 5 Probiotics Scalp Scaling Shampoo, 8ml - IDA.KOREA","isPartOf":{"@id":"https:\/\/idakorea.ee\/#website"},"primaryImageOfPage":{"@id":"https:\/\/idakorea.ee\/product\/masil-5-probiotics-scalp-scaling-shampoo-8ml\/#primaryimage"},"image":{"@id":"https:\/\/idakorea.ee\/product\/masil-5-probiotics-scalp-scaling-shampoo-8ml\/#primaryimage"},"thumbnailUrl":"https:\/\/idakorea.ee\/wp-content\/uploads\/2025\/07\/masil-5-probiotics-scalp-scaling-shampoo8-_idakorea.ee_.jpg","datePublished":"2025-07-22T06:28:13+00:00","dateModified":"2026-03-18T13:13:42+00:00","description":"Masil 5 deep cleansing shampoo with probiotics thoroughly removes dirt particles, exfoliates dead skin cells, and normalizes the function of the sebaceous glands.","breadcrumb":{"@id":"https:\/\/idakorea.ee\/product\/masil-5-probiotics-scalp-scaling-shampoo-8ml\/#breadcrumb"},"inLanguage":"en-US","potentialAction":[{"@type":"ReadAction","target":["https:\/\/idakorea.ee\/product\/masil-5-probiotics-scalp-scaling-shampoo-8ml\/"]}]},{"@type":"ImageObject","inLanguage":"en-US","@id":"https:\/\/idakorea.ee\/product\/masil-5-probiotics-scalp-scaling-shampoo-8ml\/#primaryimage","url":"https:\/\/idakorea.ee\/wp-content\/uploads\/2025\/07\/masil-5-probiotics-scalp-scaling-shampoo8-_idakorea.ee_.jpg","contentUrl":"https:\/\/idakorea.ee\/wp-content\/uploads\/2025\/07\/masil-5-probiotics-scalp-scaling-shampoo8-_idakorea.ee_.jpg","width":1000,"height":1000},{"@type":"BreadcrumbList","@id":"https:\/\/idakorea.ee\/product\/masil-5-probiotics-scalp-scaling-shampoo-8ml\/#breadcrumb","itemListElement":[{"@type":"ListItem","position":1,"name":"\u0413\u043b\u0430\u0432\u043d\u0430\u044f \u0441\u0442\u0440\u0430\u043d\u0438\u0446\u0430","item":"https:\/\/idakorea.ee\/"},{"@type":"ListItem","position":2,"name":"Shop","item":"https:\/\/idakorea.ee\/shop-2\/"},{"@type":"ListItem","position":3,"name":"S\u00fcgavpuhastav probiootikumidega \u0161ampoon Masil 5 Probiotics Scalp Scaling Shampoo, 8ml"}]},{"@type":"WebSite","@id":"https:\/\/idakorea.ee\/#website","url":"https:\/\/idakorea.ee\/","name":"IDA.KOREA","description":"Korean cosmetics e-shop","publisher":{"@id":"https:\/\/idakorea.ee\/#organization"},"alternateName":"Beauty Shop","potentialAction":[{"@type":"SearchAction","target":{"@type":"EntryPoint","urlTemplate":"https:\/\/idakorea.ee\/?s={search_term_string}"},"query-input":{"@type":"PropertyValueSpecification","valueRequired":true,"valueName":"search_term_string"}}],"inLanguage":"en-US"},{"@type":"Organization","@id":"https:\/\/idakorea.ee\/#organization","name":"IDA.KOREA","url":"https:\/\/idakorea.ee\/","logo":{"@type":"ImageObject","inLanguage":"en-US","@id":"https:\/\/idakorea.ee\/#\/schema\/logo\/image\/","url":"https:\/\/idakorea.ee\/wp-content\/uploads\/2024\/05\/cropped-korea3.png","contentUrl":"https:\/\/idakorea.ee\/wp-content\/uploads\/2024\/05\/cropped-korea3.png","width":688,"height":126,"caption":"IDA.KOREA"},"image":{"@id":"https:\/\/idakorea.ee\/#\/schema\/logo\/image\/"},"sameAs":["https:\/\/www.instagram.com\/ida.korea\/"]}]}},"jetpack_sharing_enabled":true,"brands":[{"id":489,"name":"MASIL","slug":"masil"}],"_links":{"self":[{"href":"https:\/\/idakorea.ee\/en\/wp-json\/wp\/v2\/product\/15258","targetHints":{"allow":["GET"]}}],"collection":[{"href":"https:\/\/idakorea.ee\/en\/wp-json\/wp\/v2\/product"}],"about":[{"href":"https:\/\/idakorea.ee\/en\/wp-json\/wp\/v2\/types\/product"}],"replies":[{"embeddable":true,"href":"https:\/\/idakorea.ee\/en\/wp-json\/wp\/v2\/comments?post=15258"}],"version-history":[{"count":3,"href":"https:\/\/idakorea.ee\/en\/wp-json\/wp\/v2\/product\/15258\/revisions"}],"predecessor-version":[{"id":17483,"href":"https:\/\/idakorea.ee\/en\/wp-json\/wp\/v2\/product\/15258\/revisions\/17483"}],"wp:featuredmedia":[{"embeddable":true,"href":"https:\/\/idakorea.ee\/en\/wp-json\/wp\/v2\/media\/15259"}],"wp:attachment":[{"href":"https:\/\/idakorea.ee\/en\/wp-json\/wp\/v2\/media?parent=15258"}],"wp:term":[{"taxonomy":"pwb-brand","embeddable":true,"href":"https:\/\/idakorea.ee\/en\/wp-json\/wp\/v2\/pwb-brand?post=15258"},{"taxonomy":"product_brand","embeddable":true,"href":"https:\/\/idakorea.ee\/en\/wp-json\/wp\/v2\/product_brand?post=15258"},{"taxonomy":"product_cat","embeddable":true,"href":"https:\/\/idakorea.ee\/en\/wp-json\/wp\/v2\/product_cat?post=15258"},{"taxonomy":"product_tag","embeddable":true,"href":"https:\/\/idakorea.ee\/en\/wp-json\/wp\/v2\/product_tag?post=15258"}],"curies":[{"name":"wp","href":"https:\/\/api.w.org\/{rel}","templated":true}]}}