{"id":15262,"date":"2025-07-22T09:34:01","date_gmt":"2025-07-22T06:34:01","guid":{"rendered":"https:\/\/idakorea.ee\/?post_type=product&#038;p=15262"},"modified":"2026-03-01T10:47:55","modified_gmt":"2026-03-01T08:47:55","slug":"masil-5-probiotics-color-radiance-shampoo-8ml","status":"publish","type":"product","link":"https:\/\/idakorea.ee\/en\/product\/masil-5-probiotics-color-radiance-shampoo-8ml\/","title":{"rendered":"Shampoo with probiotics for colored hair Masil 5 Probiotics Color Radiance Shampoo, 8ml"},"content":{"rendered":"<p data-start=\"138\" data-end=\"341\">Masil 5 Probiotics Color Radiance shampoo with probiotics restores healthy hair color and prevents dullness. Gently cleanses, strengthens hair roots, and makes strands smoother and silkier.<\/p>\n<p data-start=\"343\" data-end=\"660\">Prevents fading caused by hair dryer heat and UV radiation, helping to maintain natural tone. Strengthens hair structure, reduces breakage and frizz, makes combing and styling easier. Forms an invisible protective layer, improves skin barrier functions and maintains optimal hydrolipidic balance.<\/p>\n<p data-start=\"662\" data-end=\"781\">Sulfate-free shampoo gently yet effectively cleanses both hair and scalp, relieving itching and discomfort.<\/p>\n<p data-start=\"783\" data-end=\"807\"><strong data-start=\"783\" data-end=\"807\">Main active ingredients:<\/strong><\/p>\n<ul data-start=\"808\" data-end=\"1548\">\n<li data-start=\"808\" data-end=\"978\">\n<p data-start=\"810\" data-end=\"978\"><strong data-start=\"810\" data-end=\"838\">Lactobacillus enzymes<\/strong> balance the scalp microbiome, relieve itching and flaking, thereby strengthening the hair and giving it smoothness and strength.<\/p>\n<\/li>\n<li data-start=\"979\" data-end=\"1081\">\n<p data-start=\"981\" data-end=\"1081\"><strong data-start=\"981\" data-end=\"997\">Rice bran oil<\/strong> has an antioxidant effect, protecting the brilliance of hair color. Nourishes and softens hair.<\/p>\n<\/li>\n<li data-start=\"1082\" data-end=\"1227\">\n<p data-start=\"1084\" data-end=\"1227\"><strong data-start=\"1084\" data-end=\"1105\">Polyquaternium-10<\/strong> is a polymer that strengthens the hair&#039;s protective layer. Reduces frizz, makes combing and styling easier, and adds volume.<\/p>\n<\/li>\n<li data-start=\"1228\" data-end=\"1336\">\n<p data-start=\"1230\" data-end=\"1336\"><strong data-start=\"1230\" data-end=\"1251\">Breast milk extract<\/strong> strengthens the protective barrier, reduces breakage and dullness, and gives hair vitality.<\/p>\n<\/li>\n<li data-start=\"1337\" data-end=\"1441\">\n<p data-start=\"1339\" data-end=\"1441\"><strong data-start=\"1339\" data-end=\"1362\">Peppermint extract<\/strong> pleasantly cools, soothes itching and prevents dandruff and irritation.<\/p>\n<\/li>\n<li data-start=\"1442\" data-end=\"1548\">\n<p data-start=\"1444\" data-end=\"1548\"><strong data-start=\"1444\" data-end=\"1463\">Tea tree extract<\/strong> regulates the work of the sebaceous glands, prevents oiliness and helps keep hair clean for longer.<\/p>\n<\/li>\n<\/ul>\n<p data-start=\"1550\" data-end=\"1584\">Suitable for all hair types.<\/p>\n<p data-start=\"1586\" data-end=\"1731\"><strong data-start=\"1586\" data-end=\"1602\">How to use:<\/strong><br data-start=\"1602\" data-end=\"1605\" \/>Apply the shampoo to damp, clean hair and scalp, massage gently for 2\u20133 minutes and rinse thoroughly with warm water.<\/p>","protected":false},"excerpt":{"rendered":"<p>Masil 5 Probiotics Color Radiance shampoo with probiotics restores healthy hair color and prevents dullness. Gently cleanses, strengthens hair roots, and makes strands smoother and silkier. Prevents fading caused by hair dryer heat and UV radiation, helping to maintain natural color. Strengthens hair structure, reduces breakage and frizz, makes combing and styling easier. Forms an invisible protective layer, improves skin\u2026<\/p>","protected":false},"featured_media":15263,"comment_status":"open","ping_status":"closed","template":"","meta":{"_uf_show_specific_survey":0,"_uf_disable_surveys":false,"_bst_post_transparent":"default","_bst_post_title":"","_bst_post_layout":"default","_bst_post_sidebar_id":"","_bst_post_content_style":"default","_bst_post_vertical_padding":"default","_bst_post_feature":"","_bst_post_feature_position":"","_bst_post_header":false,"_bst_post_footer":false},"pwb-brand":[489],"product_brand":[],"product_cat":[923],"product_tag":[961,941],"class_list":{"0":"post-15262","1":"product","2":"type-product","3":"status-publish","4":"has-post-thumbnail","6":"pwb-brand-masil","7":"product_cat-juuksed","8":"product_tag-color","9":"product_tag-masil","11":"first","12":"instock","13":"sale","14":"shipping-taxable","15":"purchasable","16":"product-type-simple","17":"entry","18":"content-bg","19":"loop-entry"},"supplier_id":null,"supplier_sku":"","barcode":null,"atum_controlled":true,"out_stock_date":null,"out_stock_threshold":null,"inheritable":false,"inbound_stock":0,"stock_on_hold":0,"sold_today":0,"sales_last_days":0,"out_stock_days":0,"lost_sales":0,"has_location":false,"update_date":"2026-04-14T00:05:08","atum_locations":[],"atum_stock_status":"instock","restock_status":false,"low_stock_amount":"","sales_update_date":"2026-04-14T00:05:08","calc_backorders":null,"yoast_head":"<!-- This site is optimized with the Yoast SEO plugin v27.2 - https:\/\/yoast.com\/product\/yoast-seo-wordpress\/ -->\n<title>Masil 5 Probiotics Color Radiance Shampoo, 8ml - IDA.KOREA<\/title>\n<meta name=\"description\" content=\"Sulfaatideta probiootikumidega \u0161ampoon Masil 5 taastab juuksev\u00e4rvi kirkuse, tugevdab juuri, v\u00e4hendab s\u00fcgelust ja kaitseb UV-kahjustuste eest. - Telli kohe!\" \/>\n<meta name=\"robots\" content=\"index, follow, max-snippet:-1, max-image-preview:large, max-video-preview:-1\" \/>\n<link rel=\"canonical\" href=\"https:\/\/idakorea.ee\/en\/product\/masil-5-probiotics-color-radiance-shampoo-8ml\/\" \/>\n<meta property=\"og:locale\" content=\"en_US\" \/>\n<meta property=\"og:type\" content=\"article\" \/>\n<meta property=\"og:title\" content=\"Masil 5 Probiotics Color Radiance Shampoo, 8ml - IDA.KOREA\" \/>\n<meta property=\"og:description\" content=\"Sulfaatideta probiootikumidega \u0161ampoon Masil 5 taastab juuksev\u00e4rvi kirkuse, tugevdab juuri, v\u00e4hendab s\u00fcgelust ja kaitseb UV-kahjustuste eest. - Telli kohe!\" \/>\n<meta property=\"og:url\" content=\"https:\/\/idakorea.ee\/en\/product\/masil-5-probiotics-color-radiance-shampoo-8ml\/\" \/>\n<meta property=\"og:site_name\" content=\"IDA.KOREA\" \/>\n<meta property=\"article:modified_time\" content=\"2026-03-01T08:47:55+00:00\" \/>\n<meta property=\"og:image\" content=\"https:\/\/idakorea.ee\/wp-content\/uploads\/2025\/07\/masil-5-probiotics-color-radiance-shampoo8ml-idakorea.jpg\" \/>\n\t<meta property=\"og:image:width\" content=\"1000\" \/>\n\t<meta property=\"og:image:height\" content=\"1000\" \/>\n\t<meta property=\"og:image:type\" content=\"image\/jpeg\" \/>\n<meta name=\"twitter:card\" content=\"summary_large_image\" \/>\n<meta name=\"twitter:label1\" content=\"Est. reading time\" \/>\n\t<meta name=\"twitter:data1\" content=\"2 minutes\" \/>\n<script type=\"application\/ld+json\" class=\"yoast-schema-graph\">{\"@context\":\"https:\/\/schema.org\",\"@graph\":[{\"@type\":\"WebPage\",\"@id\":\"https:\/\/idakorea.ee\/product\/masil-5-probiotics-color-radiance-shampoo-8ml\/\",\"url\":\"https:\/\/idakorea.ee\/product\/masil-5-probiotics-color-radiance-shampoo-8ml\/\",\"name\":\"Masil 5 Probiotics Color Radiance Shampoo, 8ml - IDA.KOREA\",\"isPartOf\":{\"@id\":\"https:\/\/idakorea.ee\/#website\"},\"primaryImageOfPage\":{\"@id\":\"https:\/\/idakorea.ee\/product\/masil-5-probiotics-color-radiance-shampoo-8ml\/#primaryimage\"},\"image\":{\"@id\":\"https:\/\/idakorea.ee\/product\/masil-5-probiotics-color-radiance-shampoo-8ml\/#primaryimage\"},\"thumbnailUrl\":\"https:\/\/idakorea.ee\/wp-content\/uploads\/2025\/07\/masil-5-probiotics-color-radiance-shampoo8ml-idakorea.jpg\",\"datePublished\":\"2025-07-22T06:34:01+00:00\",\"dateModified\":\"2026-03-01T08:47:55+00:00\",\"description\":\"Sulfaatideta probiootikumidega \u0161ampoon Masil 5 taastab juuksev\u00e4rvi kirkuse, tugevdab juuri, v\u00e4hendab s\u00fcgelust ja kaitseb UV-kahjustuste eest. - Telli kohe!\",\"breadcrumb\":{\"@id\":\"https:\/\/idakorea.ee\/product\/masil-5-probiotics-color-radiance-shampoo-8ml\/#breadcrumb\"},\"inLanguage\":\"en-US\",\"potentialAction\":[{\"@type\":\"ReadAction\",\"target\":[\"https:\/\/idakorea.ee\/product\/masil-5-probiotics-color-radiance-shampoo-8ml\/\"]}]},{\"@type\":\"ImageObject\",\"inLanguage\":\"en-US\",\"@id\":\"https:\/\/idakorea.ee\/product\/masil-5-probiotics-color-radiance-shampoo-8ml\/#primaryimage\",\"url\":\"https:\/\/idakorea.ee\/wp-content\/uploads\/2025\/07\/masil-5-probiotics-color-radiance-shampoo8ml-idakorea.jpg\",\"contentUrl\":\"https:\/\/idakorea.ee\/wp-content\/uploads\/2025\/07\/masil-5-probiotics-color-radiance-shampoo8ml-idakorea.jpg\",\"width\":1000,\"height\":1000},{\"@type\":\"BreadcrumbList\",\"@id\":\"https:\/\/idakorea.ee\/product\/masil-5-probiotics-color-radiance-shampoo-8ml\/#breadcrumb\",\"itemListElement\":[{\"@type\":\"ListItem\",\"position\":1,\"name\":\"\u0413\u043b\u0430\u0432\u043d\u0430\u044f \u0441\u0442\u0440\u0430\u043d\u0438\u0446\u0430\",\"item\":\"https:\/\/idakorea.ee\/\"},{\"@type\":\"ListItem\",\"position\":2,\"name\":\"Shop\",\"item\":\"https:\/\/idakorea.ee\/shop-2\/\"},{\"@type\":\"ListItem\",\"position\":3,\"name\":\"Probiootikumidega \u0161ampoon v\u00e4rvitud juustele Masil 5 Probiotics Color Radiance Shampoo, 8ml\"}]},{\"@type\":\"WebSite\",\"@id\":\"https:\/\/idakorea.ee\/#website\",\"url\":\"https:\/\/idakorea.ee\/\",\"name\":\"IDA.KOREA\",\"description\":\"Korea kosmeetika e-pood\",\"publisher\":{\"@id\":\"https:\/\/idakorea.ee\/#organization\"},\"alternateName\":\"Beauty Shop\",\"potentialAction\":[{\"@type\":\"SearchAction\",\"target\":{\"@type\":\"EntryPoint\",\"urlTemplate\":\"https:\/\/idakorea.ee\/?s={search_term_string}\"},\"query-input\":{\"@type\":\"PropertyValueSpecification\",\"valueRequired\":true,\"valueName\":\"search_term_string\"}}],\"inLanguage\":\"en-US\"},{\"@type\":\"Organization\",\"@id\":\"https:\/\/idakorea.ee\/#organization\",\"name\":\"IDA.KOREA\",\"url\":\"https:\/\/idakorea.ee\/\",\"logo\":{\"@type\":\"ImageObject\",\"inLanguage\":\"en-US\",\"@id\":\"https:\/\/idakorea.ee\/#\/schema\/logo\/image\/\",\"url\":\"https:\/\/idakorea.ee\/wp-content\/uploads\/2024\/05\/cropped-korea3.png\",\"contentUrl\":\"https:\/\/idakorea.ee\/wp-content\/uploads\/2024\/05\/cropped-korea3.png\",\"width\":688,\"height\":126,\"caption\":\"IDA.KOREA\"},\"image\":{\"@id\":\"https:\/\/idakorea.ee\/#\/schema\/logo\/image\/\"},\"sameAs\":[\"https:\/\/www.instagram.com\/ida.korea\/\"]}]}<\/script>\n<!-- \/ Yoast SEO plugin. -->","yoast_head_json":{"title":"Masil 5 Probiotics Color Radiance Shampoo, 8ml - IDA.KOREA","description":"Masil 5 sulfate-free probiotic shampoo restores the brightness of hair color, strengthens roots, reduces itching and protects against UV damage. - Order now!","robots":{"index":"index","follow":"follow","max-snippet":"max-snippet:-1","max-image-preview":"max-image-preview:large","max-video-preview":"max-video-preview:-1"},"canonical":"https:\/\/idakorea.ee\/en\/product\/masil-5-probiotics-color-radiance-shampoo-8ml\/","og_locale":"en_US","og_type":"article","og_title":"Masil 5 Probiotics Color Radiance Shampoo, 8ml - IDA.KOREA","og_description":"Sulfaatideta probiootikumidega \u0161ampoon Masil 5 taastab juuksev\u00e4rvi kirkuse, tugevdab juuri, v\u00e4hendab s\u00fcgelust ja kaitseb UV-kahjustuste eest. - Telli kohe!","og_url":"https:\/\/idakorea.ee\/en\/product\/masil-5-probiotics-color-radiance-shampoo-8ml\/","og_site_name":"IDA.KOREA","article_modified_time":"2026-03-01T08:47:55+00:00","og_image":[{"width":1000,"height":1000,"url":"https:\/\/idakorea.ee\/wp-content\/uploads\/2025\/07\/masil-5-probiotics-color-radiance-shampoo8ml-idakorea.jpg","type":"image\/jpeg"}],"twitter_card":"summary_large_image","twitter_misc":{"Est. reading time":"2 minutes"},"schema":{"@context":"https:\/\/schema.org","@graph":[{"@type":"WebPage","@id":"https:\/\/idakorea.ee\/product\/masil-5-probiotics-color-radiance-shampoo-8ml\/","url":"https:\/\/idakorea.ee\/product\/masil-5-probiotics-color-radiance-shampoo-8ml\/","name":"Masil 5 Probiotics Color Radiance Shampoo, 8ml - IDA.KOREA","isPartOf":{"@id":"https:\/\/idakorea.ee\/#website"},"primaryImageOfPage":{"@id":"https:\/\/idakorea.ee\/product\/masil-5-probiotics-color-radiance-shampoo-8ml\/#primaryimage"},"image":{"@id":"https:\/\/idakorea.ee\/product\/masil-5-probiotics-color-radiance-shampoo-8ml\/#primaryimage"},"thumbnailUrl":"https:\/\/idakorea.ee\/wp-content\/uploads\/2025\/07\/masil-5-probiotics-color-radiance-shampoo8ml-idakorea.jpg","datePublished":"2025-07-22T06:34:01+00:00","dateModified":"2026-03-01T08:47:55+00:00","description":"Masil 5 sulfate-free probiotic shampoo restores the brightness of hair color, strengthens roots, reduces itching and protects against UV damage. - Order now!","breadcrumb":{"@id":"https:\/\/idakorea.ee\/product\/masil-5-probiotics-color-radiance-shampoo-8ml\/#breadcrumb"},"inLanguage":"en-US","potentialAction":[{"@type":"ReadAction","target":["https:\/\/idakorea.ee\/product\/masil-5-probiotics-color-radiance-shampoo-8ml\/"]}]},{"@type":"ImageObject","inLanguage":"en-US","@id":"https:\/\/idakorea.ee\/product\/masil-5-probiotics-color-radiance-shampoo-8ml\/#primaryimage","url":"https:\/\/idakorea.ee\/wp-content\/uploads\/2025\/07\/masil-5-probiotics-color-radiance-shampoo8ml-idakorea.jpg","contentUrl":"https:\/\/idakorea.ee\/wp-content\/uploads\/2025\/07\/masil-5-probiotics-color-radiance-shampoo8ml-idakorea.jpg","width":1000,"height":1000},{"@type":"BreadcrumbList","@id":"https:\/\/idakorea.ee\/product\/masil-5-probiotics-color-radiance-shampoo-8ml\/#breadcrumb","itemListElement":[{"@type":"ListItem","position":1,"name":"\u0413\u043b\u0430\u0432\u043d\u0430\u044f \u0441\u0442\u0440\u0430\u043d\u0438\u0446\u0430","item":"https:\/\/idakorea.ee\/"},{"@type":"ListItem","position":2,"name":"Shop","item":"https:\/\/idakorea.ee\/shop-2\/"},{"@type":"ListItem","position":3,"name":"Probiootikumidega \u0161ampoon v\u00e4rvitud juustele Masil 5 Probiotics Color Radiance Shampoo, 8ml"}]},{"@type":"WebSite","@id":"https:\/\/idakorea.ee\/#website","url":"https:\/\/idakorea.ee\/","name":"IDA.KOREA","description":"Korean cosmetics e-shop","publisher":{"@id":"https:\/\/idakorea.ee\/#organization"},"alternateName":"Beauty Shop","potentialAction":[{"@type":"SearchAction","target":{"@type":"EntryPoint","urlTemplate":"https:\/\/idakorea.ee\/?s={search_term_string}"},"query-input":{"@type":"PropertyValueSpecification","valueRequired":true,"valueName":"search_term_string"}}],"inLanguage":"en-US"},{"@type":"Organization","@id":"https:\/\/idakorea.ee\/#organization","name":"IDA.KOREA","url":"https:\/\/idakorea.ee\/","logo":{"@type":"ImageObject","inLanguage":"en-US","@id":"https:\/\/idakorea.ee\/#\/schema\/logo\/image\/","url":"https:\/\/idakorea.ee\/wp-content\/uploads\/2024\/05\/cropped-korea3.png","contentUrl":"https:\/\/idakorea.ee\/wp-content\/uploads\/2024\/05\/cropped-korea3.png","width":688,"height":126,"caption":"IDA.KOREA"},"image":{"@id":"https:\/\/idakorea.ee\/#\/schema\/logo\/image\/"},"sameAs":["https:\/\/www.instagram.com\/ida.korea\/"]}]}},"jetpack_sharing_enabled":true,"brands":[{"id":489,"name":"MASIL","slug":"masil"}],"_links":{"self":[{"href":"https:\/\/idakorea.ee\/en\/wp-json\/wp\/v2\/product\/15262","targetHints":{"allow":["GET"]}}],"collection":[{"href":"https:\/\/idakorea.ee\/en\/wp-json\/wp\/v2\/product"}],"about":[{"href":"https:\/\/idakorea.ee\/en\/wp-json\/wp\/v2\/types\/product"}],"replies":[{"embeddable":true,"href":"https:\/\/idakorea.ee\/en\/wp-json\/wp\/v2\/comments?post=15262"}],"version-history":[{"count":2,"href":"https:\/\/idakorea.ee\/en\/wp-json\/wp\/v2\/product\/15262\/revisions"}],"predecessor-version":[{"id":17482,"href":"https:\/\/idakorea.ee\/en\/wp-json\/wp\/v2\/product\/15262\/revisions\/17482"}],"wp:featuredmedia":[{"embeddable":true,"href":"https:\/\/idakorea.ee\/en\/wp-json\/wp\/v2\/media\/15263"}],"wp:attachment":[{"href":"https:\/\/idakorea.ee\/en\/wp-json\/wp\/v2\/media?parent=15262"}],"wp:term":[{"taxonomy":"pwb-brand","embeddable":true,"href":"https:\/\/idakorea.ee\/en\/wp-json\/wp\/v2\/pwb-brand?post=15262"},{"taxonomy":"product_brand","embeddable":true,"href":"https:\/\/idakorea.ee\/en\/wp-json\/wp\/v2\/product_brand?post=15262"},{"taxonomy":"product_cat","embeddable":true,"href":"https:\/\/idakorea.ee\/en\/wp-json\/wp\/v2\/product_cat?post=15262"},{"taxonomy":"product_tag","embeddable":true,"href":"https:\/\/idakorea.ee\/en\/wp-json\/wp\/v2\/product_tag?post=15262"}],"curies":[{"name":"wp","href":"https:\/\/api.w.org\/{rel}","templated":true}]}}