{"id":15265,"date":"2025-07-22T09:48:19","date_gmt":"2025-07-22T06:48:19","guid":{"rendered":"https:\/\/idakorea.ee\/?post_type=product&#038;p=15265"},"modified":"2026-01-29T16:35:06","modified_gmt":"2026-01-29T14:35:06","slug":"masil-5-probiotics-perfect-volume-shampoo-8ml","status":"publish","type":"product","link":"https:\/\/idakorea.ee\/en\/product\/masil-5-probiotics-perfect-volume-shampoo-8ml\/","title":{"rendered":"Shampoo with probiotics to restore hair volume Masil 5 Probiotics Perfect Volume Shampoo, 8ml"},"content":{"rendered":"<p data-start=\"201\" data-end=\"446\">Masil 5 Probiotics Perfect Volume shampoo \u201crevitalizes\u201d hair, removes dullness and restores shine, making curls silky and easy to manage. Regulates the work of the sebaceous glands, reduces scalp oiliness and gently exfoliates dead skin cells.<\/p>\n<p data-start=\"448\" data-end=\"752\">The shampoo strengthens the protective layer and improves the barrier function of cells, helping to retain moisture. Relieves dryness and flaking, restores the scalp microbiome and increases the flow of nutrients to the hair roots. Improves the structure of damaged hair, restores natural volume and smoothes the keratin layer.<\/p>\n<p data-start=\"754\" data-end=\"917\">The product is pleasantly refreshing, forms a rich foam and rinses out easily. Does not contain silicones or sulfates. The pH of the shampoo is slightly acidic \u2013 5.0\u20136.0.<\/p>\n<p data-start=\"919\" data-end=\"943\"><strong data-start=\"919\" data-end=\"943\">Main active ingredients:<\/strong><\/p>\n<ul data-start=\"944\" data-end=\"1797\">\n<li data-start=\"944\" data-end=\"1090\">\n<p data-start=\"946\" data-end=\"1090\"><strong data-start=\"946\" data-end=\"974\">Lactobacillus enzymes<\/strong> strengthen hair, support the protective layer, increase resistance to environmental factors, add smoothness and strength.<\/p>\n<\/li>\n<li data-start=\"1091\" data-end=\"1225\">\n<p data-start=\"1093\" data-end=\"1225\"><strong data-start=\"1093\" data-end=\"1114\">Polyquaternium-10<\/strong> strengthens the hair&#039;s protective layer, reduces static electricity, makes combing and styling easier, and adds volume.<\/p>\n<\/li>\n<li data-start=\"1226\" data-end=\"1363\">\n<p data-start=\"1228\" data-end=\"1363\"><strong data-start=\"1228\" data-end=\"1251\">Centella extract<\/strong> improves hair elasticity and moisturizes cells, forming a protective barrier against UV protection and environmental influences.<\/p>\n<\/li>\n<li data-start=\"1364\" data-end=\"1491\">\n<p data-start=\"1366\" data-end=\"1491\"><strong data-start=\"1366\" data-end=\"1391\">Pumpkin extract<\/strong> has antibacterial and soothing effects, regulates the activity of the sebaceous glands and reduces oiliness.<\/p>\n<\/li>\n<li data-start=\"1492\" data-end=\"1663\">\n<p data-start=\"1494\" data-end=\"1663\"><strong data-start=\"1494\" data-end=\"1517\">Peppermint extract<\/strong> cools and soothes the skin, relieves irritation and inflammation, normalizes sebum secretion, promotes skin healing and has an antiseptic effect.<\/p>\n<\/li>\n<li data-start=\"1664\" data-end=\"1797\">\n<p data-start=\"1666\" data-end=\"1797\"><strong data-start=\"1666\" data-end=\"1687\">Licorice extract<\/strong> supports the skin&#039;s natural microflora, improves recovery and renewal processes, and promotes microcirculation.<\/p>\n<\/li>\n<\/ul>\n<p data-start=\"1799\" data-end=\"1828\">Suitable for oily scalp.<\/p>\n<p data-start=\"1830\" data-end=\"1974\"><strong data-start=\"1830\" data-end=\"1846\">How to use:<\/strong><br data-start=\"1846\" data-end=\"1849\" \/>Apply the shampoo to wet, clean hair and scalp, massage gently for 2\u20133 minutes and rinse thoroughly with warm water.<\/p>","protected":false},"excerpt":{"rendered":"<p>Masil 5 Probiotics Perfect Volume shampoo \u201crevitalizes\u201d hair, removes dullness and restores shine, making curls silky and easy to manage. Regulates the work of the sebaceous glands, reduces scalp oiliness and gently exfoliates dead skin cells. The shampoo strengthens the protective layer and improves cell barrier functions, helping to retain moisture. Relieves dryness and flaking, restores the scalp microbiome and increases the flow of nutrients to the hair roots. Repairs damaged hair\u2026<\/p>","protected":false},"featured_media":15266,"comment_status":"open","ping_status":"closed","template":"","meta":{"_uf_show_specific_survey":0,"_uf_disable_surveys":false,"_bst_post_transparent":"default","_bst_post_title":"","_bst_post_layout":"default","_bst_post_sidebar_id":"","_bst_post_content_style":"default","_bst_post_vertical_padding":"default","_bst_post_feature":"","_bst_post_feature_position":"","_bst_post_header":false,"_bst_post_footer":false},"pwb-brand":[489],"product_brand":[],"product_cat":[923],"product_tag":[941,962,963],"class_list":{"0":"post-15265","1":"product","2":"type-product","3":"status-publish","4":"has-post-thumbnail","6":"pwb-brand-masil","7":"product_cat-juuksed","8":"product_tag-masil","9":"product_tag-masil-sampoon","10":"product_tag-voluumi-andev-sampoon","12":"first","13":"instock","14":"sale","15":"shipping-taxable","16":"purchasable","17":"product-type-simple","18":"entry","19":"content-bg","20":"loop-entry"},"supplier_id":null,"supplier_sku":"","barcode":null,"atum_controlled":true,"out_stock_date":null,"out_stock_threshold":null,"inheritable":false,"inbound_stock":0,"stock_on_hold":0,"sold_today":0,"sales_last_days":0,"out_stock_days":0,"lost_sales":0,"has_location":false,"update_date":"2026-04-14T00:05:07","atum_locations":[],"atum_stock_status":"instock","restock_status":false,"low_stock_amount":"","sales_update_date":"2026-04-14T00:05:07","calc_backorders":null,"yoast_head":"<!-- This site is optimized with the Yoast SEO plugin v27.2 - https:\/\/yoast.com\/product\/yoast-seo-wordpress\/ -->\n<title>Masil 5 Probiotics Perfect Volume Shampoo, 8ml - IDA.KOREA<\/title>\n<meta name=\"description\" content=\"Probiootikumidega vol\u00fc\u00fcmi\u0161ampoon Masil 5 tugevdab juukseid, v\u00e4hendab rasusust, taastab loomuliku kohevuse ja niisutab peanahka. Sulfaadi- ja silikoonivaba.\" \/>\n<meta name=\"robots\" content=\"index, follow, max-snippet:-1, max-image-preview:large, max-video-preview:-1\" \/>\n<link rel=\"canonical\" href=\"https:\/\/idakorea.ee\/en\/product\/masil-5-probiotics-perfect-volume-shampoo-8ml\/\" \/>\n<meta property=\"og:locale\" content=\"en_US\" \/>\n<meta property=\"og:type\" content=\"article\" \/>\n<meta property=\"og:title\" content=\"Masil 5 Probiotics Perfect Volume Shampoo, 8ml - IDA.KOREA\" \/>\n<meta property=\"og:description\" content=\"Probiootikumidega vol\u00fc\u00fcmi\u0161ampoon Masil 5 tugevdab juukseid, v\u00e4hendab rasusust, taastab loomuliku kohevuse ja niisutab peanahka. Sulfaadi- ja silikoonivaba.\" \/>\n<meta property=\"og:url\" content=\"https:\/\/idakorea.ee\/en\/product\/masil-5-probiotics-perfect-volume-shampoo-8ml\/\" \/>\n<meta property=\"og:site_name\" content=\"IDA.KOREA\" \/>\n<meta property=\"article:modified_time\" content=\"2026-01-29T14:35:06+00:00\" \/>\n<meta property=\"og:image\" content=\"https:\/\/idakorea.ee\/wp-content\/uploads\/2025\/07\/masil-5-probiotics-perfect-volume-shampoo-idakorea.jpg\" \/>\n\t<meta property=\"og:image:width\" content=\"1062\" \/>\n\t<meta property=\"og:image:height\" content=\"1042\" \/>\n\t<meta property=\"og:image:type\" content=\"image\/jpeg\" \/>\n<meta name=\"twitter:card\" content=\"summary_large_image\" \/>\n<meta name=\"twitter:label1\" content=\"Est. reading time\" \/>\n\t<meta name=\"twitter:data1\" content=\"2 minutes\" \/>\n<script type=\"application\/ld+json\" class=\"yoast-schema-graph\">{\"@context\":\"https:\/\/schema.org\",\"@graph\":[{\"@type\":\"WebPage\",\"@id\":\"https:\/\/idakorea.ee\/product\/masil-5-probiotics-perfect-volume-shampoo-8ml\/\",\"url\":\"https:\/\/idakorea.ee\/product\/masil-5-probiotics-perfect-volume-shampoo-8ml\/\",\"name\":\"Masil 5 Probiotics Perfect Volume Shampoo, 8ml - IDA.KOREA\",\"isPartOf\":{\"@id\":\"https:\/\/idakorea.ee\/#website\"},\"primaryImageOfPage\":{\"@id\":\"https:\/\/idakorea.ee\/product\/masil-5-probiotics-perfect-volume-shampoo-8ml\/#primaryimage\"},\"image\":{\"@id\":\"https:\/\/idakorea.ee\/product\/masil-5-probiotics-perfect-volume-shampoo-8ml\/#primaryimage\"},\"thumbnailUrl\":\"https:\/\/idakorea.ee\/wp-content\/uploads\/2025\/07\/masil-5-probiotics-perfect-volume-shampoo-idakorea.jpg\",\"datePublished\":\"2025-07-22T06:48:19+00:00\",\"dateModified\":\"2026-01-29T14:35:06+00:00\",\"description\":\"Probiootikumidega vol\u00fc\u00fcmi\u0161ampoon Masil 5 tugevdab juukseid, v\u00e4hendab rasusust, taastab loomuliku kohevuse ja niisutab peanahka. Sulfaadi- ja silikoonivaba.\",\"breadcrumb\":{\"@id\":\"https:\/\/idakorea.ee\/product\/masil-5-probiotics-perfect-volume-shampoo-8ml\/#breadcrumb\"},\"inLanguage\":\"en-US\",\"potentialAction\":[{\"@type\":\"ReadAction\",\"target\":[\"https:\/\/idakorea.ee\/product\/masil-5-probiotics-perfect-volume-shampoo-8ml\/\"]}]},{\"@type\":\"ImageObject\",\"inLanguage\":\"en-US\",\"@id\":\"https:\/\/idakorea.ee\/product\/masil-5-probiotics-perfect-volume-shampoo-8ml\/#primaryimage\",\"url\":\"https:\/\/idakorea.ee\/wp-content\/uploads\/2025\/07\/masil-5-probiotics-perfect-volume-shampoo-idakorea.jpg\",\"contentUrl\":\"https:\/\/idakorea.ee\/wp-content\/uploads\/2025\/07\/masil-5-probiotics-perfect-volume-shampoo-idakorea.jpg\",\"width\":1062,\"height\":1042},{\"@type\":\"BreadcrumbList\",\"@id\":\"https:\/\/idakorea.ee\/product\/masil-5-probiotics-perfect-volume-shampoo-8ml\/#breadcrumb\",\"itemListElement\":[{\"@type\":\"ListItem\",\"position\":1,\"name\":\"\u0413\u043b\u0430\u0432\u043d\u0430\u044f \u0441\u0442\u0440\u0430\u043d\u0438\u0446\u0430\",\"item\":\"https:\/\/idakorea.ee\/\"},{\"@type\":\"ListItem\",\"position\":2,\"name\":\"Shop\",\"item\":\"https:\/\/idakorea.ee\/shop-2\/\"},{\"@type\":\"ListItem\",\"position\":3,\"name\":\"Probiootikumidega \u0161ampoon juuste vol\u00fc\u00fcmi taastamiseks Masil 5 Probiotics Perfect Volume Shampoo, 8ml\"}]},{\"@type\":\"WebSite\",\"@id\":\"https:\/\/idakorea.ee\/#website\",\"url\":\"https:\/\/idakorea.ee\/\",\"name\":\"IDA.KOREA\",\"description\":\"Korea kosmeetika e-pood\",\"publisher\":{\"@id\":\"https:\/\/idakorea.ee\/#organization\"},\"alternateName\":\"Beauty Shop\",\"potentialAction\":[{\"@type\":\"SearchAction\",\"target\":{\"@type\":\"EntryPoint\",\"urlTemplate\":\"https:\/\/idakorea.ee\/?s={search_term_string}\"},\"query-input\":{\"@type\":\"PropertyValueSpecification\",\"valueRequired\":true,\"valueName\":\"search_term_string\"}}],\"inLanguage\":\"en-US\"},{\"@type\":\"Organization\",\"@id\":\"https:\/\/idakorea.ee\/#organization\",\"name\":\"IDA.KOREA\",\"url\":\"https:\/\/idakorea.ee\/\",\"logo\":{\"@type\":\"ImageObject\",\"inLanguage\":\"en-US\",\"@id\":\"https:\/\/idakorea.ee\/#\/schema\/logo\/image\/\",\"url\":\"https:\/\/idakorea.ee\/wp-content\/uploads\/2024\/05\/cropped-korea3.png\",\"contentUrl\":\"https:\/\/idakorea.ee\/wp-content\/uploads\/2024\/05\/cropped-korea3.png\",\"width\":688,\"height\":126,\"caption\":\"IDA.KOREA\"},\"image\":{\"@id\":\"https:\/\/idakorea.ee\/#\/schema\/logo\/image\/\"},\"sameAs\":[\"https:\/\/www.instagram.com\/ida.korea\/\"]}]}<\/script>\n<!-- \/ Yoast SEO plugin. -->","yoast_head_json":{"title":"Masil 5 Probiotics Perfect Volume Shampoo, 8ml - IDA.KOREA","description":"Masil 5 volume shampoo with probiotics strengthens hair, reduces oiliness, restores natural volume and moisturizes the scalp. Sulfate and silicone free.","robots":{"index":"index","follow":"follow","max-snippet":"max-snippet:-1","max-image-preview":"max-image-preview:large","max-video-preview":"max-video-preview:-1"},"canonical":"https:\/\/idakorea.ee\/en\/product\/masil-5-probiotics-perfect-volume-shampoo-8ml\/","og_locale":"en_US","og_type":"article","og_title":"Masil 5 Probiotics Perfect Volume Shampoo, 8ml - IDA.KOREA","og_description":"Probiootikumidega vol\u00fc\u00fcmi\u0161ampoon Masil 5 tugevdab juukseid, v\u00e4hendab rasusust, taastab loomuliku kohevuse ja niisutab peanahka. Sulfaadi- ja silikoonivaba.","og_url":"https:\/\/idakorea.ee\/en\/product\/masil-5-probiotics-perfect-volume-shampoo-8ml\/","og_site_name":"IDA.KOREA","article_modified_time":"2026-01-29T14:35:06+00:00","og_image":[{"width":1062,"height":1042,"url":"https:\/\/idakorea.ee\/wp-content\/uploads\/2025\/07\/masil-5-probiotics-perfect-volume-shampoo-idakorea.jpg","type":"image\/jpeg"}],"twitter_card":"summary_large_image","twitter_misc":{"Est. reading time":"2 minutes"},"schema":{"@context":"https:\/\/schema.org","@graph":[{"@type":"WebPage","@id":"https:\/\/idakorea.ee\/product\/masil-5-probiotics-perfect-volume-shampoo-8ml\/","url":"https:\/\/idakorea.ee\/product\/masil-5-probiotics-perfect-volume-shampoo-8ml\/","name":"Masil 5 Probiotics Perfect Volume Shampoo, 8ml - IDA.KOREA","isPartOf":{"@id":"https:\/\/idakorea.ee\/#website"},"primaryImageOfPage":{"@id":"https:\/\/idakorea.ee\/product\/masil-5-probiotics-perfect-volume-shampoo-8ml\/#primaryimage"},"image":{"@id":"https:\/\/idakorea.ee\/product\/masil-5-probiotics-perfect-volume-shampoo-8ml\/#primaryimage"},"thumbnailUrl":"https:\/\/idakorea.ee\/wp-content\/uploads\/2025\/07\/masil-5-probiotics-perfect-volume-shampoo-idakorea.jpg","datePublished":"2025-07-22T06:48:19+00:00","dateModified":"2026-01-29T14:35:06+00:00","description":"Masil 5 volume shampoo with probiotics strengthens hair, reduces oiliness, restores natural volume and moisturizes the scalp. Sulfate and silicone free.","breadcrumb":{"@id":"https:\/\/idakorea.ee\/product\/masil-5-probiotics-perfect-volume-shampoo-8ml\/#breadcrumb"},"inLanguage":"en-US","potentialAction":[{"@type":"ReadAction","target":["https:\/\/idakorea.ee\/product\/masil-5-probiotics-perfect-volume-shampoo-8ml\/"]}]},{"@type":"ImageObject","inLanguage":"en-US","@id":"https:\/\/idakorea.ee\/product\/masil-5-probiotics-perfect-volume-shampoo-8ml\/#primaryimage","url":"https:\/\/idakorea.ee\/wp-content\/uploads\/2025\/07\/masil-5-probiotics-perfect-volume-shampoo-idakorea.jpg","contentUrl":"https:\/\/idakorea.ee\/wp-content\/uploads\/2025\/07\/masil-5-probiotics-perfect-volume-shampoo-idakorea.jpg","width":1062,"height":1042},{"@type":"BreadcrumbList","@id":"https:\/\/idakorea.ee\/product\/masil-5-probiotics-perfect-volume-shampoo-8ml\/#breadcrumb","itemListElement":[{"@type":"ListItem","position":1,"name":"\u0413\u043b\u0430\u0432\u043d\u0430\u044f \u0441\u0442\u0440\u0430\u043d\u0438\u0446\u0430","item":"https:\/\/idakorea.ee\/"},{"@type":"ListItem","position":2,"name":"Shop","item":"https:\/\/idakorea.ee\/shop-2\/"},{"@type":"ListItem","position":3,"name":"Probiootikumidega \u0161ampoon juuste vol\u00fc\u00fcmi taastamiseks Masil 5 Probiotics Perfect Volume Shampoo, 8ml"}]},{"@type":"WebSite","@id":"https:\/\/idakorea.ee\/#website","url":"https:\/\/idakorea.ee\/","name":"IDA.KOREA","description":"Korean cosmetics e-shop","publisher":{"@id":"https:\/\/idakorea.ee\/#organization"},"alternateName":"Beauty Shop","potentialAction":[{"@type":"SearchAction","target":{"@type":"EntryPoint","urlTemplate":"https:\/\/idakorea.ee\/?s={search_term_string}"},"query-input":{"@type":"PropertyValueSpecification","valueRequired":true,"valueName":"search_term_string"}}],"inLanguage":"en-US"},{"@type":"Organization","@id":"https:\/\/idakorea.ee\/#organization","name":"IDA.KOREA","url":"https:\/\/idakorea.ee\/","logo":{"@type":"ImageObject","inLanguage":"en-US","@id":"https:\/\/idakorea.ee\/#\/schema\/logo\/image\/","url":"https:\/\/idakorea.ee\/wp-content\/uploads\/2024\/05\/cropped-korea3.png","contentUrl":"https:\/\/idakorea.ee\/wp-content\/uploads\/2024\/05\/cropped-korea3.png","width":688,"height":126,"caption":"IDA.KOREA"},"image":{"@id":"https:\/\/idakorea.ee\/#\/schema\/logo\/image\/"},"sameAs":["https:\/\/www.instagram.com\/ida.korea\/"]}]}},"jetpack_sharing_enabled":true,"brands":[{"id":489,"name":"MASIL","slug":"masil"}],"_links":{"self":[{"href":"https:\/\/idakorea.ee\/en\/wp-json\/wp\/v2\/product\/15265","targetHints":{"allow":["GET"]}}],"collection":[{"href":"https:\/\/idakorea.ee\/en\/wp-json\/wp\/v2\/product"}],"about":[{"href":"https:\/\/idakorea.ee\/en\/wp-json\/wp\/v2\/types\/product"}],"replies":[{"embeddable":true,"href":"https:\/\/idakorea.ee\/en\/wp-json\/wp\/v2\/comments?post=15265"}],"version-history":[{"count":2,"href":"https:\/\/idakorea.ee\/en\/wp-json\/wp\/v2\/product\/15265\/revisions"}],"predecessor-version":[{"id":17481,"href":"https:\/\/idakorea.ee\/en\/wp-json\/wp\/v2\/product\/15265\/revisions\/17481"}],"wp:featuredmedia":[{"embeddable":true,"href":"https:\/\/idakorea.ee\/en\/wp-json\/wp\/v2\/media\/15266"}],"wp:attachment":[{"href":"https:\/\/idakorea.ee\/en\/wp-json\/wp\/v2\/media?parent=15265"}],"wp:term":[{"taxonomy":"pwb-brand","embeddable":true,"href":"https:\/\/idakorea.ee\/en\/wp-json\/wp\/v2\/pwb-brand?post=15265"},{"taxonomy":"product_brand","embeddable":true,"href":"https:\/\/idakorea.ee\/en\/wp-json\/wp\/v2\/product_brand?post=15265"},{"taxonomy":"product_cat","embeddable":true,"href":"https:\/\/idakorea.ee\/en\/wp-json\/wp\/v2\/product_cat?post=15265"},{"taxonomy":"product_tag","embeddable":true,"href":"https:\/\/idakorea.ee\/en\/wp-json\/wp\/v2\/product_tag?post=15265"}],"curies":[{"name":"wp","href":"https:\/\/api.w.org\/{rel}","templated":true}]}}