{"id":15268,"date":"2025-07-22T10:00:22","date_gmt":"2025-07-22T07:00:22","guid":{"rendered":"https:\/\/idakorea.ee\/?post_type=product&#038;p=15268"},"modified":"2026-01-29T16:34:40","modified_gmt":"2026-01-29T14:34:40","slug":"masil-5-probiotics-apple-vinegar-shampoo-8ml","status":"publish","type":"product","link":"https:\/\/idakorea.ee\/en\/product\/masil-5-probiotics-apple-vinegar-shampoo-8ml\/","title":{"rendered":"Shampoo with probiotics against dandruff Masil 5 Probiotics Apple Vinegar Shampoo, 8ml"},"content":{"rendered":"<p data-start=\"201\" data-end=\"443\">Masil 5 Probiotics Apple Vinegar Shampoo deeply cleanses without causing dryness or flaking. Softens hair and makes it more manageable. Exfoliates dead skin cells, moisturizes and nourishes the scalp, and strengthens the protective barrier.<\/p>\n<p data-start=\"445\" data-end=\"674\">Helps restore hydrolipidic balance, reduces scalp oiliness and regulates sebaceous gland function. Gently removes all dirt, has antibacterial effect and strengthens weakened hair. Relieves itching and irritation.<\/p>\n<p data-start=\"676\" data-end=\"829\">The shampoo has a gel-like texture, is pleasantly refreshing and rinses off easily with water. The pH level is ~5.0\u20136.0. Does not contain sulfates, silicones or CMIT\/MIT.<\/p>\n<p data-start=\"831\" data-end=\"855\"><strong data-start=\"831\" data-end=\"855\">Main active ingredients:<\/strong><\/p>\n<ul data-start=\"856\" data-end=\"1510\">\n<li data-start=\"856\" data-end=\"984\">\n<p data-start=\"858\" data-end=\"984\"><strong data-start=\"858\" data-end=\"886\">Lactobacillus enzymes<\/strong> strengthen hair and support the protective layer, giving it smoothness and resistance to environmental influences.<\/p>\n<\/li>\n<li data-start=\"985\" data-end=\"1084\">\n<p data-start=\"987\" data-end=\"1084\"><strong data-start=\"987\" data-end=\"1008\">Polyquaternium-10<\/strong> strengthens the hair&#039;s protective layer, reduces static electricity and adds volume.<\/p>\n<\/li>\n<li data-start=\"1085\" data-end=\"1241\">\n<p data-start=\"1087\" data-end=\"1241\"><strong data-start=\"1087\" data-end=\"1102\">Apple cider vinegar<\/strong> balances the pH of the scalp, stimulates healthy hair growth, adds shine, cleanses and refreshes, fights dandruff and promotes blood circulation.<\/p>\n<\/li>\n<li data-start=\"1242\" data-end=\"1322\">\n<p data-start=\"1244\" data-end=\"1322\"><strong data-start=\"1244\" data-end=\"1267\">BHA (salicylic acid)<\/strong> Effectively cleanses the scalp and exfoliates dead skin cells.<\/p>\n<\/li>\n<li data-start=\"1323\" data-end=\"1415\">\n<p data-start=\"1325\" data-end=\"1415\"><strong data-start=\"1325\" data-end=\"1347\">Magnolia extract<\/strong> soothes and acts antiseptically, relieves irritation and itching.<\/p>\n<\/li>\n<li data-start=\"1416\" data-end=\"1510\">\n<p data-start=\"1418\" data-end=\"1510\"><strong data-start=\"1418\" data-end=\"1437\">Potato extract<\/strong> eliminates dryness, softens and smoothes hair, making it more elastic.<\/p>\n<\/li>\n<\/ul>\n<p data-start=\"1512\" data-end=\"1541\">Suitable for oily scalp.<\/p>\n<p data-start=\"1543\" data-end=\"1678\"><strong data-start=\"1543\" data-end=\"1559\">How to use:<\/strong><br data-start=\"1559\" data-end=\"1562\" \/>Apply the shampoo to wet, clean hair and scalp, massage for 2-3 minutes and rinse thoroughly with warm water.<\/p>","protected":false},"excerpt":{"rendered":"<p>Masil 5 Probiotics Apple Vinegar Shampoo cleanses deeply without causing dryness or flaking. Softens hair and makes it more manageable. Exfoliates dead skin cells, moisturizes and nourishes the scalp and strengthens the protective barrier. Helps restore hydrolipidic balance, reduces scalp oiliness and regulates the work of the sebaceous glands. Gently removes all dirt, has an antibacterial effect and strengthens weakened hair. Relieves itching and irritation\u2026.<\/p>","protected":false},"featured_media":15269,"comment_status":"open","ping_status":"closed","template":"","meta":{"_uf_show_specific_survey":0,"_uf_disable_surveys":false,"_bst_post_transparent":"default","_bst_post_title":"","_bst_post_layout":"default","_bst_post_sidebar_id":"","_bst_post_content_style":"default","_bst_post_vertical_padding":"default","_bst_post_feature":"","_bst_post_feature_position":"","_bst_post_header":false,"_bst_post_footer":false},"pwb-brand":[489],"product_brand":[],"product_cat":[923],"product_tag":[962,964],"class_list":{"0":"post-15268","1":"product","2":"type-product","3":"status-publish","4":"has-post-thumbnail","6":"pwb-brand-masil","7":"product_cat-juuksed","8":"product_tag-masil-sampoon","9":"product_tag-ounaaadika-sampoon","11":"first","12":"instock","13":"sale","14":"shipping-taxable","15":"purchasable","16":"product-type-simple","17":"entry","18":"content-bg","19":"loop-entry"},"supplier_id":null,"supplier_sku":"","barcode":null,"atum_controlled":true,"out_stock_date":null,"out_stock_threshold":null,"inheritable":false,"inbound_stock":0,"stock_on_hold":0,"sold_today":0,"sales_last_days":0,"out_stock_days":0,"lost_sales":0,"has_location":false,"update_date":"2026-04-14T00:05:03","atum_locations":[],"atum_stock_status":"instock","restock_status":false,"low_stock_amount":"","sales_update_date":"2026-04-14T00:05:03","calc_backorders":null,"yoast_head":"<!-- This site is optimized with the Yoast SEO plugin v27.2 - https:\/\/yoast.com\/product\/yoast-seo-wordpress\/ -->\n<title>Masil 5 Probiotics Apple Vinegar Shampoo, 8ml - IDA.KOREA<\/title>\n<meta name=\"description\" content=\"K\u00f5\u00f5mavastane Masil \u00f5una\u00e4\u00e4dikaga \u0161ampoon puhastab s\u00fcgavuti, v\u00e4hendab s\u00fcgelust ja rasusust, taastab peanaha tasakaalu. Sulfaadi- ja silikoonivaba.\" \/>\n<meta name=\"robots\" content=\"index, follow, max-snippet:-1, max-image-preview:large, max-video-preview:-1\" \/>\n<link rel=\"canonical\" href=\"https:\/\/idakorea.ee\/en\/product\/masil-5-probiotics-apple-vinegar-shampoo-8ml\/\" \/>\n<meta property=\"og:locale\" content=\"en_US\" \/>\n<meta property=\"og:type\" content=\"article\" \/>\n<meta property=\"og:title\" content=\"Masil 5 Probiotics Apple Vinegar Shampoo, 8ml - IDA.KOREA\" \/>\n<meta property=\"og:description\" content=\"K\u00f5\u00f5mavastane Masil \u00f5una\u00e4\u00e4dikaga \u0161ampoon puhastab s\u00fcgavuti, v\u00e4hendab s\u00fcgelust ja rasusust, taastab peanaha tasakaalu. Sulfaadi- ja silikoonivaba.\" \/>\n<meta property=\"og:url\" content=\"https:\/\/idakorea.ee\/en\/product\/masil-5-probiotics-apple-vinegar-shampoo-8ml\/\" \/>\n<meta property=\"og:site_name\" content=\"IDA.KOREA\" \/>\n<meta property=\"article:modified_time\" content=\"2026-01-29T14:34:40+00:00\" \/>\n<meta property=\"og:image\" content=\"https:\/\/idakorea.ee\/wp-content\/uploads\/2025\/07\/masil-5-probiotics-apple-vinegar-shampoo-idakorea.jpg\" \/>\n\t<meta property=\"og:image:width\" content=\"1042\" \/>\n\t<meta property=\"og:image:height\" content=\"1042\" \/>\n\t<meta property=\"og:image:type\" content=\"image\/jpeg\" \/>\n<meta name=\"twitter:card\" content=\"summary_large_image\" \/>\n<meta name=\"twitter:label1\" content=\"Est. reading time\" \/>\n\t<meta name=\"twitter:data1\" content=\"1 minute\" \/>\n<script type=\"application\/ld+json\" class=\"yoast-schema-graph\">{\"@context\":\"https:\/\/schema.org\",\"@graph\":[{\"@type\":\"WebPage\",\"@id\":\"https:\/\/idakorea.ee\/product\/masil-5-probiotics-apple-vinegar-shampoo-8ml\/\",\"url\":\"https:\/\/idakorea.ee\/product\/masil-5-probiotics-apple-vinegar-shampoo-8ml\/\",\"name\":\"Masil 5 Probiotics Apple Vinegar Shampoo, 8ml - IDA.KOREA\",\"isPartOf\":{\"@id\":\"https:\/\/idakorea.ee\/#website\"},\"primaryImageOfPage\":{\"@id\":\"https:\/\/idakorea.ee\/product\/masil-5-probiotics-apple-vinegar-shampoo-8ml\/#primaryimage\"},\"image\":{\"@id\":\"https:\/\/idakorea.ee\/product\/masil-5-probiotics-apple-vinegar-shampoo-8ml\/#primaryimage\"},\"thumbnailUrl\":\"https:\/\/idakorea.ee\/wp-content\/uploads\/2025\/07\/masil-5-probiotics-apple-vinegar-shampoo-idakorea.jpg\",\"datePublished\":\"2025-07-22T07:00:22+00:00\",\"dateModified\":\"2026-01-29T14:34:40+00:00\",\"description\":\"K\u00f5\u00f5mavastane Masil \u00f5una\u00e4\u00e4dikaga \u0161ampoon puhastab s\u00fcgavuti, v\u00e4hendab s\u00fcgelust ja rasusust, taastab peanaha tasakaalu. Sulfaadi- ja silikoonivaba.\",\"breadcrumb\":{\"@id\":\"https:\/\/idakorea.ee\/product\/masil-5-probiotics-apple-vinegar-shampoo-8ml\/#breadcrumb\"},\"inLanguage\":\"en-US\",\"potentialAction\":[{\"@type\":\"ReadAction\",\"target\":[\"https:\/\/idakorea.ee\/product\/masil-5-probiotics-apple-vinegar-shampoo-8ml\/\"]}]},{\"@type\":\"ImageObject\",\"inLanguage\":\"en-US\",\"@id\":\"https:\/\/idakorea.ee\/product\/masil-5-probiotics-apple-vinegar-shampoo-8ml\/#primaryimage\",\"url\":\"https:\/\/idakorea.ee\/wp-content\/uploads\/2025\/07\/masil-5-probiotics-apple-vinegar-shampoo-idakorea.jpg\",\"contentUrl\":\"https:\/\/idakorea.ee\/wp-content\/uploads\/2025\/07\/masil-5-probiotics-apple-vinegar-shampoo-idakorea.jpg\",\"width\":1042,\"height\":1042},{\"@type\":\"BreadcrumbList\",\"@id\":\"https:\/\/idakorea.ee\/product\/masil-5-probiotics-apple-vinegar-shampoo-8ml\/#breadcrumb\",\"itemListElement\":[{\"@type\":\"ListItem\",\"position\":1,\"name\":\"\u0413\u043b\u0430\u0432\u043d\u0430\u044f \u0441\u0442\u0440\u0430\u043d\u0438\u0446\u0430\",\"item\":\"https:\/\/idakorea.ee\/\"},{\"@type\":\"ListItem\",\"position\":2,\"name\":\"Shop\",\"item\":\"https:\/\/idakorea.ee\/shop-2\/\"},{\"@type\":\"ListItem\",\"position\":3,\"name\":\"Probiootikumidega \u0161ampoon k\u00f5\u00f5ma vastu Masil 5 Probiotics Apple Vinegar Shampoo, 8ml\"}]},{\"@type\":\"WebSite\",\"@id\":\"https:\/\/idakorea.ee\/#website\",\"url\":\"https:\/\/idakorea.ee\/\",\"name\":\"IDA.KOREA\",\"description\":\"Korea kosmeetika e-pood\",\"publisher\":{\"@id\":\"https:\/\/idakorea.ee\/#organization\"},\"alternateName\":\"Beauty Shop\",\"potentialAction\":[{\"@type\":\"SearchAction\",\"target\":{\"@type\":\"EntryPoint\",\"urlTemplate\":\"https:\/\/idakorea.ee\/?s={search_term_string}\"},\"query-input\":{\"@type\":\"PropertyValueSpecification\",\"valueRequired\":true,\"valueName\":\"search_term_string\"}}],\"inLanguage\":\"en-US\"},{\"@type\":\"Organization\",\"@id\":\"https:\/\/idakorea.ee\/#organization\",\"name\":\"IDA.KOREA\",\"url\":\"https:\/\/idakorea.ee\/\",\"logo\":{\"@type\":\"ImageObject\",\"inLanguage\":\"en-US\",\"@id\":\"https:\/\/idakorea.ee\/#\/schema\/logo\/image\/\",\"url\":\"https:\/\/idakorea.ee\/wp-content\/uploads\/2024\/05\/cropped-korea3.png\",\"contentUrl\":\"https:\/\/idakorea.ee\/wp-content\/uploads\/2024\/05\/cropped-korea3.png\",\"width\":688,\"height\":126,\"caption\":\"IDA.KOREA\"},\"image\":{\"@id\":\"https:\/\/idakorea.ee\/#\/schema\/logo\/image\/\"},\"sameAs\":[\"https:\/\/www.instagram.com\/ida.korea\/\"]}]}<\/script>\n<!-- \/ Yoast SEO plugin. -->","yoast_head_json":{"title":"Masil 5 Probiotics Apple Vinegar Shampoo, 8ml - IDA.KOREA","description":"Anti-dandruff Masil apple cider vinegar shampoo deeply cleanses, reduces itching and oiliness, and restores scalp balance. Sulfate and silicone-free.","robots":{"index":"index","follow":"follow","max-snippet":"max-snippet:-1","max-image-preview":"max-image-preview:large","max-video-preview":"max-video-preview:-1"},"canonical":"https:\/\/idakorea.ee\/en\/product\/masil-5-probiotics-apple-vinegar-shampoo-8ml\/","og_locale":"en_US","og_type":"article","og_title":"Masil 5 Probiotics Apple Vinegar Shampoo, 8ml - IDA.KOREA","og_description":"K\u00f5\u00f5mavastane Masil \u00f5una\u00e4\u00e4dikaga \u0161ampoon puhastab s\u00fcgavuti, v\u00e4hendab s\u00fcgelust ja rasusust, taastab peanaha tasakaalu. Sulfaadi- ja silikoonivaba.","og_url":"https:\/\/idakorea.ee\/en\/product\/masil-5-probiotics-apple-vinegar-shampoo-8ml\/","og_site_name":"IDA.KOREA","article_modified_time":"2026-01-29T14:34:40+00:00","og_image":[{"width":1042,"height":1042,"url":"https:\/\/idakorea.ee\/wp-content\/uploads\/2025\/07\/masil-5-probiotics-apple-vinegar-shampoo-idakorea.jpg","type":"image\/jpeg"}],"twitter_card":"summary_large_image","twitter_misc":{"Est. reading time":"1 minute"},"schema":{"@context":"https:\/\/schema.org","@graph":[{"@type":"WebPage","@id":"https:\/\/idakorea.ee\/product\/masil-5-probiotics-apple-vinegar-shampoo-8ml\/","url":"https:\/\/idakorea.ee\/product\/masil-5-probiotics-apple-vinegar-shampoo-8ml\/","name":"Masil 5 Probiotics Apple Vinegar Shampoo, 8ml - IDA.KOREA","isPartOf":{"@id":"https:\/\/idakorea.ee\/#website"},"primaryImageOfPage":{"@id":"https:\/\/idakorea.ee\/product\/masil-5-probiotics-apple-vinegar-shampoo-8ml\/#primaryimage"},"image":{"@id":"https:\/\/idakorea.ee\/product\/masil-5-probiotics-apple-vinegar-shampoo-8ml\/#primaryimage"},"thumbnailUrl":"https:\/\/idakorea.ee\/wp-content\/uploads\/2025\/07\/masil-5-probiotics-apple-vinegar-shampoo-idakorea.jpg","datePublished":"2025-07-22T07:00:22+00:00","dateModified":"2026-01-29T14:34:40+00:00","description":"Anti-dandruff Masil apple cider vinegar shampoo deeply cleanses, reduces itching and oiliness, and restores scalp balance. Sulfate and silicone-free.","breadcrumb":{"@id":"https:\/\/idakorea.ee\/product\/masil-5-probiotics-apple-vinegar-shampoo-8ml\/#breadcrumb"},"inLanguage":"en-US","potentialAction":[{"@type":"ReadAction","target":["https:\/\/idakorea.ee\/product\/masil-5-probiotics-apple-vinegar-shampoo-8ml\/"]}]},{"@type":"ImageObject","inLanguage":"en-US","@id":"https:\/\/idakorea.ee\/product\/masil-5-probiotics-apple-vinegar-shampoo-8ml\/#primaryimage","url":"https:\/\/idakorea.ee\/wp-content\/uploads\/2025\/07\/masil-5-probiotics-apple-vinegar-shampoo-idakorea.jpg","contentUrl":"https:\/\/idakorea.ee\/wp-content\/uploads\/2025\/07\/masil-5-probiotics-apple-vinegar-shampoo-idakorea.jpg","width":1042,"height":1042},{"@type":"BreadcrumbList","@id":"https:\/\/idakorea.ee\/product\/masil-5-probiotics-apple-vinegar-shampoo-8ml\/#breadcrumb","itemListElement":[{"@type":"ListItem","position":1,"name":"\u0413\u043b\u0430\u0432\u043d\u0430\u044f \u0441\u0442\u0440\u0430\u043d\u0438\u0446\u0430","item":"https:\/\/idakorea.ee\/"},{"@type":"ListItem","position":2,"name":"Shop","item":"https:\/\/idakorea.ee\/shop-2\/"},{"@type":"ListItem","position":3,"name":"Probiootikumidega \u0161ampoon k\u00f5\u00f5ma vastu Masil 5 Probiotics Apple Vinegar Shampoo, 8ml"}]},{"@type":"WebSite","@id":"https:\/\/idakorea.ee\/#website","url":"https:\/\/idakorea.ee\/","name":"IDA.KOREA","description":"Korean cosmetics e-shop","publisher":{"@id":"https:\/\/idakorea.ee\/#organization"},"alternateName":"Beauty Shop","potentialAction":[{"@type":"SearchAction","target":{"@type":"EntryPoint","urlTemplate":"https:\/\/idakorea.ee\/?s={search_term_string}"},"query-input":{"@type":"PropertyValueSpecification","valueRequired":true,"valueName":"search_term_string"}}],"inLanguage":"en-US"},{"@type":"Organization","@id":"https:\/\/idakorea.ee\/#organization","name":"IDA.KOREA","url":"https:\/\/idakorea.ee\/","logo":{"@type":"ImageObject","inLanguage":"en-US","@id":"https:\/\/idakorea.ee\/#\/schema\/logo\/image\/","url":"https:\/\/idakorea.ee\/wp-content\/uploads\/2024\/05\/cropped-korea3.png","contentUrl":"https:\/\/idakorea.ee\/wp-content\/uploads\/2024\/05\/cropped-korea3.png","width":688,"height":126,"caption":"IDA.KOREA"},"image":{"@id":"https:\/\/idakorea.ee\/#\/schema\/logo\/image\/"},"sameAs":["https:\/\/www.instagram.com\/ida.korea\/"]}]}},"jetpack_sharing_enabled":true,"brands":[{"id":489,"name":"MASIL","slug":"masil"}],"_links":{"self":[{"href":"https:\/\/idakorea.ee\/en\/wp-json\/wp\/v2\/product\/15268","targetHints":{"allow":["GET"]}}],"collection":[{"href":"https:\/\/idakorea.ee\/en\/wp-json\/wp\/v2\/product"}],"about":[{"href":"https:\/\/idakorea.ee\/en\/wp-json\/wp\/v2\/types\/product"}],"replies":[{"embeddable":true,"href":"https:\/\/idakorea.ee\/en\/wp-json\/wp\/v2\/comments?post=15268"}],"version-history":[{"count":3,"href":"https:\/\/idakorea.ee\/en\/wp-json\/wp\/v2\/product\/15268\/revisions"}],"predecessor-version":[{"id":17479,"href":"https:\/\/idakorea.ee\/en\/wp-json\/wp\/v2\/product\/15268\/revisions\/17479"}],"wp:featuredmedia":[{"embeddable":true,"href":"https:\/\/idakorea.ee\/en\/wp-json\/wp\/v2\/media\/15269"}],"wp:attachment":[{"href":"https:\/\/idakorea.ee\/en\/wp-json\/wp\/v2\/media?parent=15268"}],"wp:term":[{"taxonomy":"pwb-brand","embeddable":true,"href":"https:\/\/idakorea.ee\/en\/wp-json\/wp\/v2\/pwb-brand?post=15268"},{"taxonomy":"product_brand","embeddable":true,"href":"https:\/\/idakorea.ee\/en\/wp-json\/wp\/v2\/product_brand?post=15268"},{"taxonomy":"product_cat","embeddable":true,"href":"https:\/\/idakorea.ee\/en\/wp-json\/wp\/v2\/product_cat?post=15268"},{"taxonomy":"product_tag","embeddable":true,"href":"https:\/\/idakorea.ee\/en\/wp-json\/wp\/v2\/product_tag?post=15268"}],"curies":[{"name":"wp","href":"https:\/\/api.w.org\/{rel}","templated":true}]}}