{"id":15324,"date":"2025-07-26T11:15:16","date_gmt":"2025-07-26T08:15:16","guid":{"rendered":"https:\/\/idakorea.ee\/?post_type=product&#038;p=15324"},"modified":"2026-02-10T14:16:27","modified_gmt":"2026-02-10T12:16:27","slug":"geelmask-abib-collagen-gel-mask-sedum-jelly-35g","status":"publish","type":"product","link":"https:\/\/idakorea.ee\/en\/product\/geelmask-abib-collagen-gel-mask-sedum-jelly-35g\/","title":{"rendered":"Gel mask Abib Collagen Gel Mask Sedum Jelly, 35g"},"content":{"rendered":"<p data-start=\"47\" data-end=\"306\">Gel mask<strong data-start=\"47\" data-end=\"94\"> Collagen Gel Mask Sedum Jelly helps<\/strong> softens, moisturizes and smoothes the skin, providing intensive nourishment and increased elasticity. The product improves skin texture, reduces the appearance of wrinkles and pores, and stimulates natural collagen production.<\/p>\n<p data-start=\"308\" data-end=\"460\">The product pleasantly cools and refreshes, fits snugly to the skin and transports active ingredients deep into the epidermis. Evens out the complexion and gives a natural glow.<\/p>\n<p data-start=\"462\" data-end=\"628\">The mask is V-Label certified, which means it is completely vegan and free of animal ingredients. The formula is non-irritating and suitable for sensitive skin.<\/p>\n<p data-start=\"630\" data-end=\"798\"><strong data-start=\"630\" data-end=\"662\">Vegan collagen (10,005 ppm)<\/strong>, obtained through yeast fermentation, intensely moisturizes, reduces wrinkles, smoothes microrelief and improves the overall appearance of the skin.<\/p>\n<p data-start=\"800\" data-end=\"1033\"><strong data-start=\"800\" data-end=\"826\">8 types of hyaluronic acid<\/strong> with different molecular weights work in the deeper layers of the skin and on the surface: they moisturize, strengthen the skin&#039;s natural moisture barrier, reduce dryness and tightness, and maintain skin elasticity and firmness.<\/p>\n<p data-start=\"1035\" data-end=\"1061\"><strong data-start=\"1035\" data-end=\"1061\">Additional active substances:<\/strong><\/p>\n<ul data-start=\"1062\" data-end=\"1818\">\n<li data-start=\"1062\" data-end=\"1212\">\n<p data-start=\"1064\" data-end=\"1212\"><strong data-start=\"1064\" data-end=\"1090\">Palmitoyl tripeptide-5<\/strong> \u2013 a low-molecular peptide that prevents collagen breakdown, strengthens the extracellular matrix and smoothes skin texture.<\/p>\n<\/li>\n<li data-start=\"1213\" data-end=\"1387\">\n<p data-start=\"1215\" data-end=\"1387\"><strong data-start=\"1215\" data-end=\"1245\">Ascorbic acid (vitamin C)<\/strong> \u2013 a powerful antioxidant, protects skin cells from free radicals, slows down aging and helps reduce age spots and even out the complexion.<\/p>\n<\/li>\n<li data-start=\"1388\" data-end=\"1568\">\n<p data-start=\"1390\" data-end=\"1568\"><strong data-start=\"1390\" data-end=\"1421\">Niacinamide (vitamin B3)<\/strong> \u2013 evens out skin tone, improves complexion, stimulates collagen production, reduces melanin transport in the epidermis and strengthens the hydrolipid barrier.<\/p>\n<\/li>\n<li data-start=\"1569\" data-end=\"1704\">\n<p data-start=\"1571\" data-end=\"1704\"><strong data-start=\"1571\" data-end=\"1598\">Panthenol (vitamin B5)<\/strong> \u2013 soothes redness and itching, strengthens the skin barrier, prevents moisture loss and supports skin regeneration.<\/p>\n<\/li>\n<li data-start=\"1705\" data-end=\"1818\">\n<p data-start=\"1707\" data-end=\"1818\"><strong data-start=\"1707\" data-end=\"1721\">Allantoiin<\/strong> \u2013 an antioxidant that slows down cell aging, reduces skin sensitivity, and supports regeneration.<\/p>\n<\/li>\n<\/ul>\n<p data-start=\"1820\" data-end=\"1854\">Suitable for all skin types.<\/p>\n<p data-start=\"1856\" data-end=\"1976\" data-is-last-node=\"\" data-is-only-node=\"\"><strong data-start=\"1856\" data-end=\"1871\">Usage:<\/strong> Take the mask out of the packaging, remove the protective film and place both parts of the mask on your face. Remove after 20\u201330 minutes.<\/p>","protected":false},"excerpt":{"rendered":"<p>Gel mask Abib Collagen Gel Mask Sedum Jelly softens, moisturizes and smoothes the skin, providing intensive nourishment and increased elasticity. The product improves skin texture, reduces the visibility of wrinkles and pores and stimulates the production of natural collagen. The product cools and refreshes pleasantly, fits tightly to the skin and transports active ingredients deep into the epidermis. Evens out the complexion and gives a natural glow. The mask has a V-Label certificate,\u2026<\/p>","protected":false},"featured_media":15325,"comment_status":"open","ping_status":"closed","template":"","meta":{"_uf_show_specific_survey":0,"_uf_disable_surveys":false,"_bst_post_transparent":"default","_bst_post_title":"","_bst_post_layout":"default","_bst_post_sidebar_id":"","_bst_post_content_style":"default","_bst_post_vertical_padding":"default","_bst_post_feature":"","_bst_post_feature_position":"","_bst_post_header":false,"_bst_post_footer":false},"pwb-brand":[883],"product_brand":[],"product_cat":[92,98],"product_tag":[884,517,956],"class_list":{"0":"post-15324","1":"product","2":"type-product","3":"status-publish","4":"has-post-thumbnail","6":"pwb-brand-abib","7":"product_cat-nagu","8":"product_cat-naomaskid","9":"product_tag-abib","10":"product_tag-collagen","11":"product_tag-maska","13":"first","14":"instock","15":"sale","16":"shipping-taxable","17":"purchasable","18":"product-type-simple","19":"entry","20":"content-bg","21":"loop-entry"},"supplier_id":null,"supplier_sku":"","barcode":null,"atum_controlled":true,"out_stock_date":null,"out_stock_threshold":null,"inheritable":false,"inbound_stock":0,"stock_on_hold":0,"sold_today":0,"sales_last_days":0,"out_stock_days":0,"lost_sales":0,"has_location":false,"update_date":"2026-04-14T00:05:07","atum_locations":[],"atum_stock_status":"instock","restock_status":false,"low_stock_amount":"","sales_update_date":"2026-04-14T00:05:07","calc_backorders":null,"yoast_head":"<!-- This site is optimized with the Yoast SEO plugin v27.2 - https:\/\/yoast.com\/product\/yoast-seo-wordpress\/ -->\n<title>Abib Collagen Gel Mask Sedum Jelly, 35g - IDA.KOREA<\/title>\n<meta name=\"description\" content=\"V\u00e4rskendav ja niisutav Abibi kollageen-geelmask pinguldab ja silub nahka, v\u00e4hendab kortse, \u00fchtlustab tooni ning sisaldab 100% vegan koostisosi. Kiire tarne!\" \/>\n<meta name=\"robots\" content=\"index, follow, max-snippet:-1, max-image-preview:large, max-video-preview:-1\" \/>\n<link rel=\"canonical\" href=\"https:\/\/idakorea.ee\/en\/product\/geelmask-abib-collagen-gel-mask-sedum-jelly-35g\/\" \/>\n<meta property=\"og:locale\" content=\"en_US\" \/>\n<meta property=\"og:type\" content=\"article\" \/>\n<meta property=\"og:title\" content=\"Abib Collagen Gel Mask Sedum Jelly, 35g - IDA.KOREA\" \/>\n<meta property=\"og:description\" content=\"V\u00e4rskendav ja niisutav Abibi kollageen-geelmask pinguldab ja silub nahka, v\u00e4hendab kortse, \u00fchtlustab tooni ning sisaldab 100% vegan koostisosi. Kiire tarne!\" \/>\n<meta property=\"og:url\" content=\"https:\/\/idakorea.ee\/en\/product\/geelmask-abib-collagen-gel-mask-sedum-jelly-35g\/\" \/>\n<meta property=\"og:site_name\" content=\"IDA.KOREA\" \/>\n<meta property=\"article:modified_time\" content=\"2026-02-10T12:16:27+00:00\" \/>\n<meta property=\"og:image\" content=\"https:\/\/idakorea.ee\/wp-content\/uploads\/2025\/07\/abib-collagen-gel-mask-sedum-jelly-_idakorea.ee_.jpg\" \/>\n\t<meta property=\"og:image:width\" content=\"1000\" \/>\n\t<meta property=\"og:image:height\" content=\"1000\" \/>\n\t<meta property=\"og:image:type\" content=\"image\/jpeg\" \/>\n<meta name=\"twitter:card\" content=\"summary_large_image\" \/>\n<meta name=\"twitter:label1\" content=\"Est. reading time\" \/>\n\t<meta name=\"twitter:data1\" content=\"2 minutes\" \/>\n<script type=\"application\/ld+json\" class=\"yoast-schema-graph\">{\"@context\":\"https:\/\/schema.org\",\"@graph\":[{\"@type\":\"WebPage\",\"@id\":\"https:\/\/idakorea.ee\/product\/geelmask-abib-collagen-gel-mask-sedum-jelly-35g\/\",\"url\":\"https:\/\/idakorea.ee\/product\/geelmask-abib-collagen-gel-mask-sedum-jelly-35g\/\",\"name\":\"Abib Collagen Gel Mask Sedum Jelly, 35g - IDA.KOREA\",\"isPartOf\":{\"@id\":\"https:\/\/idakorea.ee\/#website\"},\"primaryImageOfPage\":{\"@id\":\"https:\/\/idakorea.ee\/product\/geelmask-abib-collagen-gel-mask-sedum-jelly-35g\/#primaryimage\"},\"image\":{\"@id\":\"https:\/\/idakorea.ee\/product\/geelmask-abib-collagen-gel-mask-sedum-jelly-35g\/#primaryimage\"},\"thumbnailUrl\":\"https:\/\/idakorea.ee\/wp-content\/uploads\/2025\/07\/abib-collagen-gel-mask-sedum-jelly-_idakorea.ee_.jpg\",\"datePublished\":\"2025-07-26T08:15:16+00:00\",\"dateModified\":\"2026-02-10T12:16:27+00:00\",\"description\":\"V\u00e4rskendav ja niisutav Abibi kollageen-geelmask pinguldab ja silub nahka, v\u00e4hendab kortse, \u00fchtlustab tooni ning sisaldab 100% vegan koostisosi. Kiire tarne!\",\"breadcrumb\":{\"@id\":\"https:\/\/idakorea.ee\/product\/geelmask-abib-collagen-gel-mask-sedum-jelly-35g\/#breadcrumb\"},\"inLanguage\":\"en-US\",\"potentialAction\":[{\"@type\":\"ReadAction\",\"target\":[\"https:\/\/idakorea.ee\/product\/geelmask-abib-collagen-gel-mask-sedum-jelly-35g\/\"]}]},{\"@type\":\"ImageObject\",\"inLanguage\":\"en-US\",\"@id\":\"https:\/\/idakorea.ee\/product\/geelmask-abib-collagen-gel-mask-sedum-jelly-35g\/#primaryimage\",\"url\":\"https:\/\/idakorea.ee\/wp-content\/uploads\/2025\/07\/abib-collagen-gel-mask-sedum-jelly-_idakorea.ee_.jpg\",\"contentUrl\":\"https:\/\/idakorea.ee\/wp-content\/uploads\/2025\/07\/abib-collagen-gel-mask-sedum-jelly-_idakorea.ee_.jpg\",\"width\":1000,\"height\":1000},{\"@type\":\"BreadcrumbList\",\"@id\":\"https:\/\/idakorea.ee\/product\/geelmask-abib-collagen-gel-mask-sedum-jelly-35g\/#breadcrumb\",\"itemListElement\":[{\"@type\":\"ListItem\",\"position\":1,\"name\":\"\u0413\u043b\u0430\u0432\u043d\u0430\u044f \u0441\u0442\u0440\u0430\u043d\u0438\u0446\u0430\",\"item\":\"https:\/\/idakorea.ee\/\"},{\"@type\":\"ListItem\",\"position\":2,\"name\":\"Shop\",\"item\":\"https:\/\/idakorea.ee\/shop-2\/\"},{\"@type\":\"ListItem\",\"position\":3,\"name\":\"Geelmask Abib Collagen Gel Mask Sedum Jelly, 35g\"}]},{\"@type\":\"WebSite\",\"@id\":\"https:\/\/idakorea.ee\/#website\",\"url\":\"https:\/\/idakorea.ee\/\",\"name\":\"IDA.KOREA\",\"description\":\"Korea kosmeetika e-pood\",\"publisher\":{\"@id\":\"https:\/\/idakorea.ee\/#organization\"},\"alternateName\":\"Beauty Shop\",\"potentialAction\":[{\"@type\":\"SearchAction\",\"target\":{\"@type\":\"EntryPoint\",\"urlTemplate\":\"https:\/\/idakorea.ee\/?s={search_term_string}\"},\"query-input\":{\"@type\":\"PropertyValueSpecification\",\"valueRequired\":true,\"valueName\":\"search_term_string\"}}],\"inLanguage\":\"en-US\"},{\"@type\":\"Organization\",\"@id\":\"https:\/\/idakorea.ee\/#organization\",\"name\":\"IDA.KOREA\",\"url\":\"https:\/\/idakorea.ee\/\",\"logo\":{\"@type\":\"ImageObject\",\"inLanguage\":\"en-US\",\"@id\":\"https:\/\/idakorea.ee\/#\/schema\/logo\/image\/\",\"url\":\"https:\/\/idakorea.ee\/wp-content\/uploads\/2024\/05\/cropped-korea3.png\",\"contentUrl\":\"https:\/\/idakorea.ee\/wp-content\/uploads\/2024\/05\/cropped-korea3.png\",\"width\":688,\"height\":126,\"caption\":\"IDA.KOREA\"},\"image\":{\"@id\":\"https:\/\/idakorea.ee\/#\/schema\/logo\/image\/\"},\"sameAs\":[\"https:\/\/www.instagram.com\/ida.korea\/\"]}]}<\/script>\n<!-- \/ Yoast SEO plugin. -->","yoast_head_json":{"title":"Abib Collagen Gel Mask Sedum Jelly, 35g - IDA.KOREA","description":"Refreshing and moisturizing Abibi collagen gel mask tightens and smoothes the skin, reduces wrinkles, evens out skin tone and contains 100% vegan ingredients. Fast delivery!","robots":{"index":"index","follow":"follow","max-snippet":"max-snippet:-1","max-image-preview":"max-image-preview:large","max-video-preview":"max-video-preview:-1"},"canonical":"https:\/\/idakorea.ee\/en\/product\/geelmask-abib-collagen-gel-mask-sedum-jelly-35g\/","og_locale":"en_US","og_type":"article","og_title":"Abib Collagen Gel Mask Sedum Jelly, 35g - IDA.KOREA","og_description":"V\u00e4rskendav ja niisutav Abibi kollageen-geelmask pinguldab ja silub nahka, v\u00e4hendab kortse, \u00fchtlustab tooni ning sisaldab 100% vegan koostisosi. Kiire tarne!","og_url":"https:\/\/idakorea.ee\/en\/product\/geelmask-abib-collagen-gel-mask-sedum-jelly-35g\/","og_site_name":"IDA.KOREA","article_modified_time":"2026-02-10T12:16:27+00:00","og_image":[{"width":1000,"height":1000,"url":"https:\/\/idakorea.ee\/wp-content\/uploads\/2025\/07\/abib-collagen-gel-mask-sedum-jelly-_idakorea.ee_.jpg","type":"image\/jpeg"}],"twitter_card":"summary_large_image","twitter_misc":{"Est. reading time":"2 minutes"},"schema":{"@context":"https:\/\/schema.org","@graph":[{"@type":"WebPage","@id":"https:\/\/idakorea.ee\/product\/geelmask-abib-collagen-gel-mask-sedum-jelly-35g\/","url":"https:\/\/idakorea.ee\/product\/geelmask-abib-collagen-gel-mask-sedum-jelly-35g\/","name":"Abib Collagen Gel Mask Sedum Jelly, 35g - IDA.KOREA","isPartOf":{"@id":"https:\/\/idakorea.ee\/#website"},"primaryImageOfPage":{"@id":"https:\/\/idakorea.ee\/product\/geelmask-abib-collagen-gel-mask-sedum-jelly-35g\/#primaryimage"},"image":{"@id":"https:\/\/idakorea.ee\/product\/geelmask-abib-collagen-gel-mask-sedum-jelly-35g\/#primaryimage"},"thumbnailUrl":"https:\/\/idakorea.ee\/wp-content\/uploads\/2025\/07\/abib-collagen-gel-mask-sedum-jelly-_idakorea.ee_.jpg","datePublished":"2025-07-26T08:15:16+00:00","dateModified":"2026-02-10T12:16:27+00:00","description":"Refreshing and moisturizing Abibi collagen gel mask tightens and smoothes the skin, reduces wrinkles, evens out skin tone and contains 100% vegan ingredients. Fast delivery!","breadcrumb":{"@id":"https:\/\/idakorea.ee\/product\/geelmask-abib-collagen-gel-mask-sedum-jelly-35g\/#breadcrumb"},"inLanguage":"en-US","potentialAction":[{"@type":"ReadAction","target":["https:\/\/idakorea.ee\/product\/geelmask-abib-collagen-gel-mask-sedum-jelly-35g\/"]}]},{"@type":"ImageObject","inLanguage":"en-US","@id":"https:\/\/idakorea.ee\/product\/geelmask-abib-collagen-gel-mask-sedum-jelly-35g\/#primaryimage","url":"https:\/\/idakorea.ee\/wp-content\/uploads\/2025\/07\/abib-collagen-gel-mask-sedum-jelly-_idakorea.ee_.jpg","contentUrl":"https:\/\/idakorea.ee\/wp-content\/uploads\/2025\/07\/abib-collagen-gel-mask-sedum-jelly-_idakorea.ee_.jpg","width":1000,"height":1000},{"@type":"BreadcrumbList","@id":"https:\/\/idakorea.ee\/product\/geelmask-abib-collagen-gel-mask-sedum-jelly-35g\/#breadcrumb","itemListElement":[{"@type":"ListItem","position":1,"name":"\u0413\u043b\u0430\u0432\u043d\u0430\u044f \u0441\u0442\u0440\u0430\u043d\u0438\u0446\u0430","item":"https:\/\/idakorea.ee\/"},{"@type":"ListItem","position":2,"name":"Shop","item":"https:\/\/idakorea.ee\/shop-2\/"},{"@type":"ListItem","position":3,"name":"Geelmask Abib Collagen Gel Mask Sedum Jelly, 35g"}]},{"@type":"WebSite","@id":"https:\/\/idakorea.ee\/#website","url":"https:\/\/idakorea.ee\/","name":"IDA.KOREA","description":"Korean cosmetics e-shop","publisher":{"@id":"https:\/\/idakorea.ee\/#organization"},"alternateName":"Beauty Shop","potentialAction":[{"@type":"SearchAction","target":{"@type":"EntryPoint","urlTemplate":"https:\/\/idakorea.ee\/?s={search_term_string}"},"query-input":{"@type":"PropertyValueSpecification","valueRequired":true,"valueName":"search_term_string"}}],"inLanguage":"en-US"},{"@type":"Organization","@id":"https:\/\/idakorea.ee\/#organization","name":"IDA.KOREA","url":"https:\/\/idakorea.ee\/","logo":{"@type":"ImageObject","inLanguage":"en-US","@id":"https:\/\/idakorea.ee\/#\/schema\/logo\/image\/","url":"https:\/\/idakorea.ee\/wp-content\/uploads\/2024\/05\/cropped-korea3.png","contentUrl":"https:\/\/idakorea.ee\/wp-content\/uploads\/2024\/05\/cropped-korea3.png","width":688,"height":126,"caption":"IDA.KOREA"},"image":{"@id":"https:\/\/idakorea.ee\/#\/schema\/logo\/image\/"},"sameAs":["https:\/\/www.instagram.com\/ida.korea\/"]}]}},"jetpack_sharing_enabled":true,"brands":[{"id":883,"name":"ABIB","slug":"abib"}],"_links":{"self":[{"href":"https:\/\/idakorea.ee\/en\/wp-json\/wp\/v2\/product\/15324","targetHints":{"allow":["GET"]}}],"collection":[{"href":"https:\/\/idakorea.ee\/en\/wp-json\/wp\/v2\/product"}],"about":[{"href":"https:\/\/idakorea.ee\/en\/wp-json\/wp\/v2\/types\/product"}],"replies":[{"embeddable":true,"href":"https:\/\/idakorea.ee\/en\/wp-json\/wp\/v2\/comments?post=15324"}],"version-history":[{"count":2,"href":"https:\/\/idakorea.ee\/en\/wp-json\/wp\/v2\/product\/15324\/revisions"}],"predecessor-version":[{"id":15728,"href":"https:\/\/idakorea.ee\/en\/wp-json\/wp\/v2\/product\/15324\/revisions\/15728"}],"wp:featuredmedia":[{"embeddable":true,"href":"https:\/\/idakorea.ee\/en\/wp-json\/wp\/v2\/media\/15325"}],"wp:attachment":[{"href":"https:\/\/idakorea.ee\/en\/wp-json\/wp\/v2\/media?parent=15324"}],"wp:term":[{"taxonomy":"pwb-brand","embeddable":true,"href":"https:\/\/idakorea.ee\/en\/wp-json\/wp\/v2\/pwb-brand?post=15324"},{"taxonomy":"product_brand","embeddable":true,"href":"https:\/\/idakorea.ee\/en\/wp-json\/wp\/v2\/product_brand?post=15324"},{"taxonomy":"product_cat","embeddable":true,"href":"https:\/\/idakorea.ee\/en\/wp-json\/wp\/v2\/product_cat?post=15324"},{"taxonomy":"product_tag","embeddable":true,"href":"https:\/\/idakorea.ee\/en\/wp-json\/wp\/v2\/product_tag?post=15324"}],"curies":[{"name":"wp","href":"https:\/\/api.w.org\/{rel}","templated":true}]}}