{"id":15344,"date":"2025-07-27T19:49:19","date_gmt":"2025-07-27T16:49:19","guid":{"rendered":"https:\/\/idakorea.ee\/?post_type=product&#038;p=15344"},"modified":"2026-04-11T16:19:00","modified_gmt":"2026-04-11T14:19:00","slug":"medicube-age-r-glutathione-glow-capsule-cream","status":"publish","type":"product","link":"https:\/\/idakorea.ee\/en\/product\/medicube-age-r-glutathione-glow-capsule-cream\/","title":{"rendered":"Capsule cream with glutathione and peptides Medicube Age-R Glutathione Glow Capsule Cream, 50ml"},"content":{"rendered":"<p data-start=\"37\" data-end=\"233\">Cream<strong data-start=\"37\" data-end=\"92\"> Medicube Age-R Glutathione Glow Capsule Cream<\/strong> provides anti-aging care and intensive hydration, while helping to prevent the formation of pigment spots and keep the skin smooth and radiant.<\/p>\n<p data-start=\"235\" data-end=\"330\">The cream brightens the complexion, removes dullness, reduces the appearance of wrinkles, and prevents dryness.<\/p>\n<p data-start=\"332\" data-end=\"478\">With regular use, the cream tightens the skin on the forehead, around the eyes and in the nasolabial area. Thanks to the lifting effect, the cream narrows enlarged pores.<\/p>\n<p data-start=\"480\" data-end=\"546\">The light gel texture contains cream capsules that melt on the skin.<\/p>\n<p data-start=\"548\" data-end=\"572\"><strong data-start=\"548\" data-end=\"572\">Main active ingredients:<\/strong><\/p>\n<ul data-start=\"573\" data-end=\"1639\">\n<li data-start=\"573\" data-end=\"763\">\n<p data-start=\"575\" data-end=\"763\"><strong data-start=\"575\" data-end=\"589\">Glutathione<\/strong> \u2013 a powerful antioxidant that helps lighten age spots and acne scars, soothes redness, and slows down the skin&#039;s aging process by improving elasticity and smoothing wrinkles.<\/p>\n<\/li>\n<li data-start=\"764\" data-end=\"891\">\n<p data-start=\"766\" data-end=\"891\"><strong data-start=\"766\" data-end=\"803\">Argireline (Acetyl Hexapeptide-8)<\/strong> \u2013 a botox-like peptide that relaxes facial muscles and reduces facial wrinkles.<\/p>\n<\/li>\n<li data-start=\"892\" data-end=\"1028\">\n<p data-start=\"894\" data-end=\"1028\"><strong data-start=\"894\" data-end=\"920\">Palmitoyl Tripeptide-5<\/strong> \u2013 strengthens the extracellular matrix, makes the skin tighter and more elastic, and helps to tighten pores.<\/p>\n<\/li>\n<li data-start=\"1029\" data-end=\"1197\">\n<p data-start=\"1031\" data-end=\"1197\"><strong data-start=\"1031\" data-end=\"1065\">Acetyl Dipeptide-1 Cetyl Ester<\/strong> \u2013 reduces irritation caused by external environmental factors, prevents glycation of fibroblasts and increases skin elasticity.<\/p>\n<\/li>\n<li data-start=\"1198\" data-end=\"1321\">\n<p data-start=\"1200\" data-end=\"1321\"><strong data-start=\"1200\" data-end=\"1227\">Hydrolysed collagen<\/strong> \u2013 intensely moisturizes, improves skin texture, supports regeneration processes and smoothes wrinkles.<\/p>\n<\/li>\n<li data-start=\"1322\" data-end=\"1496\">\n<p data-start=\"1324\" data-end=\"1496\"><strong data-start=\"1324\" data-end=\"1355\">Niacinamide (vitamin B3)<\/strong> \u2013 evens out complexion, stimulates collagen production, brightens and strengthens the skin&#039;s protective barrier by slowing down the movement of melanin into the epidermis.<\/p>\n<\/li>\n<li data-start=\"1497\" data-end=\"1639\">\n<p data-start=\"1499\" data-end=\"1639\"><strong data-start=\"1499\" data-end=\"1514\">Ceramides<\/strong> \u2013 similar to the skin&#039;s natural lipids, strengthen the protective layer, prevent moisture loss, soothe and reduce sensitivity.<\/p>\n<\/li>\n<\/ul>\n<p data-start=\"1641\" data-end=\"1675\">Suitable for all skin types.<\/p>\n<p data-start=\"1677\" data-end=\"1785\" data-is-last-node=\"\" data-is-only-node=\"\"><strong data-start=\"1677\" data-end=\"1692\">Usage:<\/strong> After cleansing the skin, using toner and serum, apply the cream to the face and distribute evenly.<\/p>","protected":false},"excerpt":{"rendered":"<p>Medicube Age-R Glutathione Glow Capsule Cream provides anti-aging care and intensive hydration, while helping to prevent the formation of age spots and keep the skin smooth and radiant. The cream brightens the complexion, removes dullness, reduces the appearance of wrinkles and prevents dryness. With regular use, it tightens the skin on the forehead, around the eyes and in the nasolabial area. Thanks to the lifting effect, the cream narrows enlarged pores. The light gel texture contains\u2026<\/p>","protected":false},"featured_media":15345,"comment_status":"open","ping_status":"closed","template":"","meta":{"_uf_show_specific_survey":0,"_uf_disable_surveys":false,"_bst_post_transparent":"default","_bst_post_title":"","_bst_post_layout":"default","_bst_post_sidebar_id":"","_bst_post_content_style":"default","_bst_post_vertical_padding":"default","_bst_post_feature":"","_bst_post_feature_position":"","_bst_post_header":false,"_bst_post_footer":false},"pwb-brand":[490],"product_brand":[],"product_cat":[92,96],"product_tag":[567,965,721],"class_list":{"0":"post-15344","1":"product","2":"type-product","3":"status-publish","4":"has-post-thumbnail","6":"pwb-brand-medicube","7":"product_cat-nagu","8":"product_cat-naokreemid","9":"product_tag-glow","10":"product_tag-glutathione","11":"product_tag-medicube","13":"first","14":"instock","15":"shipping-taxable","16":"purchasable","17":"product-type-simple","18":"entry","19":"content-bg","20":"loop-entry"},"supplier_id":null,"supplier_sku":"","barcode":null,"atum_controlled":true,"out_stock_date":null,"out_stock_threshold":null,"inheritable":false,"inbound_stock":0,"stock_on_hold":0,"sold_today":0,"sales_last_days":1,"out_stock_days":0,"lost_sales":0,"has_location":false,"update_date":"2026-05-01T00:11:44","atum_locations":[],"atum_stock_status":"instock","restock_status":false,"low_stock_amount":"","sales_update_date":"2026-05-01T00:11:44","calc_backorders":null,"yoast_head":"<!-- This site is optimized with the Yoast SEO plugin v27.2 - https:\/\/yoast.com\/product\/yoast-seo-wordpress\/ -->\n<title>Medicube Age-R Glutathione Glow Capsule Cream, 50ml - IDA.KOREA<\/title>\n<meta name=\"description\" content=\"Luksuslik vananemisvastane kapselkreem glutatiooni ja peptiididega. Pinguldab, niisutab, silub kortse ja \u00fchtlustab nahatooni. Sobib k\u00f5ikidele nahat\u00fc\u00fcpidele.\" \/>\n<meta name=\"robots\" content=\"index, follow, max-snippet:-1, max-image-preview:large, max-video-preview:-1\" \/>\n<link rel=\"canonical\" href=\"https:\/\/idakorea.ee\/en\/product\/medicube-age-r-glutathione-glow-capsule-cream\/\" \/>\n<meta property=\"og:locale\" content=\"en_US\" \/>\n<meta property=\"og:type\" content=\"article\" \/>\n<meta property=\"og:title\" content=\"Medicube Age-R Glutathione Glow Capsule Cream, 50ml - IDA.KOREA\" \/>\n<meta property=\"og:description\" content=\"Luksuslik vananemisvastane kapselkreem glutatiooni ja peptiididega. Pinguldab, niisutab, silub kortse ja \u00fchtlustab nahatooni. Sobib k\u00f5ikidele nahat\u00fc\u00fcpidele.\" \/>\n<meta property=\"og:url\" content=\"https:\/\/idakorea.ee\/en\/product\/medicube-age-r-glutathione-glow-capsule-cream\/\" \/>\n<meta property=\"og:site_name\" content=\"IDA.KOREA\" \/>\n<meta property=\"article:modified_time\" content=\"2026-04-11T14:19:00+00:00\" \/>\n<meta property=\"og:image\" content=\"https:\/\/idakorea.ee\/wp-content\/uploads\/2025\/07\/medicube-age_r-glutathione-glow-capsule-cream-idakorea.jpg\" \/>\n\t<meta property=\"og:image:width\" content=\"1000\" \/>\n\t<meta property=\"og:image:height\" content=\"1000\" \/>\n\t<meta property=\"og:image:type\" content=\"image\/jpeg\" \/>\n<meta name=\"twitter:card\" content=\"summary_large_image\" \/>\n<meta name=\"twitter:label1\" content=\"Est. reading time\" \/>\n\t<meta name=\"twitter:data1\" content=\"2 minutes\" \/>\n<script type=\"application\/ld+json\" class=\"yoast-schema-graph\">{\"@context\":\"https:\/\/schema.org\",\"@graph\":[{\"@type\":\"WebPage\",\"@id\":\"https:\/\/idakorea.ee\/product\/medicube-age-r-glutathione-glow-capsule-cream\/\",\"url\":\"https:\/\/idakorea.ee\/product\/medicube-age-r-glutathione-glow-capsule-cream\/\",\"name\":\"Medicube Age-R Glutathione Glow Capsule Cream, 50ml - IDA.KOREA\",\"isPartOf\":{\"@id\":\"https:\/\/idakorea.ee\/#website\"},\"primaryImageOfPage\":{\"@id\":\"https:\/\/idakorea.ee\/product\/medicube-age-r-glutathione-glow-capsule-cream\/#primaryimage\"},\"image\":{\"@id\":\"https:\/\/idakorea.ee\/product\/medicube-age-r-glutathione-glow-capsule-cream\/#primaryimage\"},\"thumbnailUrl\":\"https:\/\/idakorea.ee\/wp-content\/uploads\/2025\/07\/medicube-age_r-glutathione-glow-capsule-cream-idakorea.jpg\",\"datePublished\":\"2025-07-27T16:49:19+00:00\",\"dateModified\":\"2026-04-11T14:19:00+00:00\",\"description\":\"Luksuslik vananemisvastane kapselkreem glutatiooni ja peptiididega. Pinguldab, niisutab, silub kortse ja \u00fchtlustab nahatooni. Sobib k\u00f5ikidele nahat\u00fc\u00fcpidele.\",\"breadcrumb\":{\"@id\":\"https:\/\/idakorea.ee\/product\/medicube-age-r-glutathione-glow-capsule-cream\/#breadcrumb\"},\"inLanguage\":\"en-US\",\"potentialAction\":[{\"@type\":\"ReadAction\",\"target\":[\"https:\/\/idakorea.ee\/product\/medicube-age-r-glutathione-glow-capsule-cream\/\"]}]},{\"@type\":\"ImageObject\",\"inLanguage\":\"en-US\",\"@id\":\"https:\/\/idakorea.ee\/product\/medicube-age-r-glutathione-glow-capsule-cream\/#primaryimage\",\"url\":\"https:\/\/idakorea.ee\/wp-content\/uploads\/2025\/07\/medicube-age_r-glutathione-glow-capsule-cream-idakorea.jpg\",\"contentUrl\":\"https:\/\/idakorea.ee\/wp-content\/uploads\/2025\/07\/medicube-age_r-glutathione-glow-capsule-cream-idakorea.jpg\",\"width\":1000,\"height\":1000},{\"@type\":\"BreadcrumbList\",\"@id\":\"https:\/\/idakorea.ee\/product\/medicube-age-r-glutathione-glow-capsule-cream\/#breadcrumb\",\"itemListElement\":[{\"@type\":\"ListItem\",\"position\":1,\"name\":\"\u0413\u043b\u0430\u0432\u043d\u0430\u044f \u0441\u0442\u0440\u0430\u043d\u0438\u0446\u0430\",\"item\":\"https:\/\/idakorea.ee\/\"},{\"@type\":\"ListItem\",\"position\":2,\"name\":\"Shop\",\"item\":\"https:\/\/idakorea.ee\/shop-2\/\"},{\"@type\":\"ListItem\",\"position\":3,\"name\":\"Kapselkreem glutatiooni ja peptiididega Medicube Age-R Glutathione Glow Capsule Cream, 50ml\"}]},{\"@type\":\"WebSite\",\"@id\":\"https:\/\/idakorea.ee\/#website\",\"url\":\"https:\/\/idakorea.ee\/\",\"name\":\"IDA.KOREA\",\"description\":\"Korea kosmeetika e-pood\",\"publisher\":{\"@id\":\"https:\/\/idakorea.ee\/#organization\"},\"alternateName\":\"Beauty Shop\",\"potentialAction\":[{\"@type\":\"SearchAction\",\"target\":{\"@type\":\"EntryPoint\",\"urlTemplate\":\"https:\/\/idakorea.ee\/?s={search_term_string}\"},\"query-input\":{\"@type\":\"PropertyValueSpecification\",\"valueRequired\":true,\"valueName\":\"search_term_string\"}}],\"inLanguage\":\"en-US\"},{\"@type\":\"Organization\",\"@id\":\"https:\/\/idakorea.ee\/#organization\",\"name\":\"IDA.KOREA\",\"url\":\"https:\/\/idakorea.ee\/\",\"logo\":{\"@type\":\"ImageObject\",\"inLanguage\":\"en-US\",\"@id\":\"https:\/\/idakorea.ee\/#\/schema\/logo\/image\/\",\"url\":\"https:\/\/idakorea.ee\/wp-content\/uploads\/2024\/05\/cropped-korea3.png\",\"contentUrl\":\"https:\/\/idakorea.ee\/wp-content\/uploads\/2024\/05\/cropped-korea3.png\",\"width\":688,\"height\":126,\"caption\":\"IDA.KOREA\"},\"image\":{\"@id\":\"https:\/\/idakorea.ee\/#\/schema\/logo\/image\/\"},\"sameAs\":[\"https:\/\/www.instagram.com\/ida.korea\/\"]}]}<\/script>\n<!-- \/ Yoast SEO plugin. -->","yoast_head_json":{"title":"Medicube Age-R Glutathione Glow Capsule Cream, 50ml - IDA.KOREA","description":"Luxurious anti-aging capsule cream with glutathione and peptides. Firms, moisturizes, smoothes wrinkles and evens out skin tone. Suitable for all skin types.","robots":{"index":"index","follow":"follow","max-snippet":"max-snippet:-1","max-image-preview":"max-image-preview:large","max-video-preview":"max-video-preview:-1"},"canonical":"https:\/\/idakorea.ee\/en\/product\/medicube-age-r-glutathione-glow-capsule-cream\/","og_locale":"en_US","og_type":"article","og_title":"Medicube Age-R Glutathione Glow Capsule Cream, 50ml - IDA.KOREA","og_description":"Luksuslik vananemisvastane kapselkreem glutatiooni ja peptiididega. Pinguldab, niisutab, silub kortse ja \u00fchtlustab nahatooni. Sobib k\u00f5ikidele nahat\u00fc\u00fcpidele.","og_url":"https:\/\/idakorea.ee\/en\/product\/medicube-age-r-glutathione-glow-capsule-cream\/","og_site_name":"IDA.KOREA","article_modified_time":"2026-04-11T14:19:00+00:00","og_image":[{"width":1000,"height":1000,"url":"https:\/\/idakorea.ee\/wp-content\/uploads\/2025\/07\/medicube-age_r-glutathione-glow-capsule-cream-idakorea.jpg","type":"image\/jpeg"}],"twitter_card":"summary_large_image","twitter_misc":{"Est. reading time":"2 minutes"},"schema":{"@context":"https:\/\/schema.org","@graph":[{"@type":"WebPage","@id":"https:\/\/idakorea.ee\/product\/medicube-age-r-glutathione-glow-capsule-cream\/","url":"https:\/\/idakorea.ee\/product\/medicube-age-r-glutathione-glow-capsule-cream\/","name":"Medicube Age-R Glutathione Glow Capsule Cream, 50ml - IDA.KOREA","isPartOf":{"@id":"https:\/\/idakorea.ee\/#website"},"primaryImageOfPage":{"@id":"https:\/\/idakorea.ee\/product\/medicube-age-r-glutathione-glow-capsule-cream\/#primaryimage"},"image":{"@id":"https:\/\/idakorea.ee\/product\/medicube-age-r-glutathione-glow-capsule-cream\/#primaryimage"},"thumbnailUrl":"https:\/\/idakorea.ee\/wp-content\/uploads\/2025\/07\/medicube-age_r-glutathione-glow-capsule-cream-idakorea.jpg","datePublished":"2025-07-27T16:49:19+00:00","dateModified":"2026-04-11T14:19:00+00:00","description":"Luxurious anti-aging capsule cream with glutathione and peptides. Firms, moisturizes, smoothes wrinkles and evens out skin tone. Suitable for all skin types.","breadcrumb":{"@id":"https:\/\/idakorea.ee\/product\/medicube-age-r-glutathione-glow-capsule-cream\/#breadcrumb"},"inLanguage":"en-US","potentialAction":[{"@type":"ReadAction","target":["https:\/\/idakorea.ee\/product\/medicube-age-r-glutathione-glow-capsule-cream\/"]}]},{"@type":"ImageObject","inLanguage":"en-US","@id":"https:\/\/idakorea.ee\/product\/medicube-age-r-glutathione-glow-capsule-cream\/#primaryimage","url":"https:\/\/idakorea.ee\/wp-content\/uploads\/2025\/07\/medicube-age_r-glutathione-glow-capsule-cream-idakorea.jpg","contentUrl":"https:\/\/idakorea.ee\/wp-content\/uploads\/2025\/07\/medicube-age_r-glutathione-glow-capsule-cream-idakorea.jpg","width":1000,"height":1000},{"@type":"BreadcrumbList","@id":"https:\/\/idakorea.ee\/product\/medicube-age-r-glutathione-glow-capsule-cream\/#breadcrumb","itemListElement":[{"@type":"ListItem","position":1,"name":"\u0413\u043b\u0430\u0432\u043d\u0430\u044f \u0441\u0442\u0440\u0430\u043d\u0438\u0446\u0430","item":"https:\/\/idakorea.ee\/"},{"@type":"ListItem","position":2,"name":"Shop","item":"https:\/\/idakorea.ee\/shop-2\/"},{"@type":"ListItem","position":3,"name":"Kapselkreem glutatiooni ja peptiididega Medicube Age-R Glutathione Glow Capsule Cream, 50ml"}]},{"@type":"WebSite","@id":"https:\/\/idakorea.ee\/#website","url":"https:\/\/idakorea.ee\/","name":"IDA.KOREA","description":"Korean cosmetics e-shop","publisher":{"@id":"https:\/\/idakorea.ee\/#organization"},"alternateName":"Beauty Shop","potentialAction":[{"@type":"SearchAction","target":{"@type":"EntryPoint","urlTemplate":"https:\/\/idakorea.ee\/?s={search_term_string}"},"query-input":{"@type":"PropertyValueSpecification","valueRequired":true,"valueName":"search_term_string"}}],"inLanguage":"en-US"},{"@type":"Organization","@id":"https:\/\/idakorea.ee\/#organization","name":"IDA.KOREA","url":"https:\/\/idakorea.ee\/","logo":{"@type":"ImageObject","inLanguage":"en-US","@id":"https:\/\/idakorea.ee\/#\/schema\/logo\/image\/","url":"https:\/\/idakorea.ee\/wp-content\/uploads\/2024\/05\/cropped-korea3.png","contentUrl":"https:\/\/idakorea.ee\/wp-content\/uploads\/2024\/05\/cropped-korea3.png","width":688,"height":126,"caption":"IDA.KOREA"},"image":{"@id":"https:\/\/idakorea.ee\/#\/schema\/logo\/image\/"},"sameAs":["https:\/\/www.instagram.com\/ida.korea\/"]}]}},"jetpack_sharing_enabled":true,"brands":[{"id":490,"name":"MEDICUBE","slug":"medicube"}],"_links":{"self":[{"href":"https:\/\/idakorea.ee\/en\/wp-json\/wp\/v2\/product\/15344","targetHints":{"allow":["GET"]}}],"collection":[{"href":"https:\/\/idakorea.ee\/en\/wp-json\/wp\/v2\/product"}],"about":[{"href":"https:\/\/idakorea.ee\/en\/wp-json\/wp\/v2\/types\/product"}],"replies":[{"embeddable":true,"href":"https:\/\/idakorea.ee\/en\/wp-json\/wp\/v2\/comments?post=15344"}],"version-history":[{"count":3,"href":"https:\/\/idakorea.ee\/en\/wp-json\/wp\/v2\/product\/15344\/revisions"}],"predecessor-version":[{"id":15350,"href":"https:\/\/idakorea.ee\/en\/wp-json\/wp\/v2\/product\/15344\/revisions\/15350"}],"wp:featuredmedia":[{"embeddable":true,"href":"https:\/\/idakorea.ee\/en\/wp-json\/wp\/v2\/media\/15345"}],"wp:attachment":[{"href":"https:\/\/idakorea.ee\/en\/wp-json\/wp\/v2\/media?parent=15344"}],"wp:term":[{"taxonomy":"pwb-brand","embeddable":true,"href":"https:\/\/idakorea.ee\/en\/wp-json\/wp\/v2\/pwb-brand?post=15344"},{"taxonomy":"product_brand","embeddable":true,"href":"https:\/\/idakorea.ee\/en\/wp-json\/wp\/v2\/product_brand?post=15344"},{"taxonomy":"product_cat","embeddable":true,"href":"https:\/\/idakorea.ee\/en\/wp-json\/wp\/v2\/product_cat?post=15344"},{"taxonomy":"product_tag","embeddable":true,"href":"https:\/\/idakorea.ee\/en\/wp-json\/wp\/v2\/product_tag?post=15344"}],"curies":[{"name":"wp","href":"https:\/\/api.w.org\/{rel}","templated":true}]}}