{"id":15370,"date":"2025-07-30T11:39:50","date_gmt":"2025-07-30T08:39:50","guid":{"rendered":"https:\/\/idakorea.ee\/?post_type=product&#038;p=15370"},"modified":"2026-02-21T14:12:14","modified_gmt":"2026-02-21T12:12:14","slug":"arencia-deep-water-surge-serum-30-50ml","status":"publish","type":"product","link":"https:\/\/idakorea.ee\/en\/product\/arencia-deep-water-surge-serum-30-50ml\/","title":{"rendered":"Arencia Deep Water Surge Serum 30, 50ml"},"content":{"rendered":"<p data-start=\"47\" data-end=\"310\">Intensive serum<strong data-start=\"47\" data-end=\"103\"> Arencia Deep Water Surge Serum 30<\/strong> replaces several care steps and is also suitable for use without cream. The serum provides deep and long-lasting hydration, soothes irritated skin, reduces redness and scaling, and restores damaged stratum corneum.<\/p>\n<p data-start=\"312\" data-end=\"618\">The complex of peptides and amino acids stimulates the synthesis of collagen and elastin, which are necessary for maintaining skin elasticity and preventing sagging. The product provides strong antioxidant protection and slows down photoaging: smoothes mimic and static wrinkles, improves skin texture and evens out tone.<\/p>\n<p data-start=\"620\" data-end=\"705\">The light gel texture absorbs quickly without leaving a sticky or filmy feeling on the skin.<\/p>\n<p data-start=\"707\" data-end=\"735\"><strong data-start=\"711\" data-end=\"735\">Main active ingredients:<\/strong><\/p>\n<ul data-start=\"736\" data-end=\"1789\">\n<li data-start=\"736\" data-end=\"998\">\n<p data-start=\"738\" data-end=\"998\"><strong data-start=\"738\" data-end=\"764\">3 types of hyaluronic acid<\/strong> with different molecular weights: high molecular weight hyaluronic acid strengthens the skin&#039;s surface protective layer, promotes healing and reduces dryness; low molecular weight molecules penetrate deeper, protecting the moisture balance between cells.<\/p>\n<\/li>\n<li data-start=\"999\" data-end=\"1141\">\n<p data-start=\"1001\" data-end=\"1141\"><strong data-start=\"1001\" data-end=\"1033\">Plant-based PDRN (Hydrolyzed DNA)<\/strong> stimulates epidermal cell renewal, accelerates recovery, reduces wrinkles and improves skin elasticity.<\/p>\n<\/li>\n<li data-start=\"1142\" data-end=\"1267\">\n<p data-start=\"1144\" data-end=\"1267\"><strong data-start=\"1144\" data-end=\"1170\">Palmitoyl tripeptide-1<\/strong> \u2013 a low-molecular peptide that prevents the breakdown of collagen fibers and smoothes the skin structure.<\/p>\n<\/li>\n<li data-start=\"1268\" data-end=\"1422\">\n<p data-start=\"1270\" data-end=\"1422\"><strong data-start=\"1270\" data-end=\"1298\">Palmitoyl pentapeptide-4<\/strong> \u2013 a well-researched rejuvenating peptide that stimulates skin regeneration processes; similar to retinol, but without causing irritation.<\/p>\n<\/li>\n<li data-start=\"1423\" data-end=\"1530\">\n<p data-start=\"1425\" data-end=\"1530\"><strong data-start=\"1425\" data-end=\"1442\">Hexapeptide-9<\/strong> \u2013 activates fibroblasts and improves collagen production, prevents post-acne changes.<\/p>\n<\/li>\n<li data-start=\"1531\" data-end=\"1638\">\n<p data-start=\"1533\" data-end=\"1638\"><strong data-start=\"1533\" data-end=\"1548\">Ceramides<\/strong> restore the skin barrier, protect against external influences and prevent dryness and flaking.<\/p>\n<\/li>\n<li data-start=\"1639\" data-end=\"1789\">\n<p data-start=\"1641\" data-end=\"1789\"><strong data-start=\"1641\" data-end=\"1656\">Amino acids<\/strong> restore skin structure, strengthen collagen and elastin fibers, and help maintain moisture balance and give skin vitality.<\/p>\n<\/li>\n<\/ul>\n<p data-start=\"1791\" data-end=\"1825\">Suitable for all skin types.<\/p>\n<p data-start=\"1827\" data-end=\"1998\" data-is-last-node=\"\" data-is-only-node=\"\"><strong data-start=\"1827\" data-end=\"1842\">Usage:<\/strong> After cleansing and toning, apply serum to face and distribute evenly. Apply cream if necessary. Can also be used as a night serum or night mask.<\/p>","protected":false},"excerpt":{"rendered":"<p>Intensive serum Arencia Deep Water Surge Serum 30 replaces several care steps and is also suitable for use without a cream. The serum provides deep and long-lasting hydration, soothes irritated skin, reduces redness and peeling, and restores damaged stratum corneum. The complex of peptides and amino acids stimulates the synthesis of collagen and elastin, which is necessary to maintain skin elasticity and prevent sagging. The product offers strong\u2026<\/p>","protected":false},"featured_media":15371,"comment_status":"open","ping_status":"closed","template":"","meta":{"_uf_show_specific_survey":0,"_uf_disable_surveys":false,"_bst_post_transparent":"default","_bst_post_title":"","_bst_post_layout":"default","_bst_post_sidebar_id":"","_bst_post_content_style":"default","_bst_post_vertical_padding":"default","_bst_post_feature":"","_bst_post_feature_position":"","_bst_post_header":false,"_bst_post_footer":false},"pwb-brand":[821],"product_brand":[],"product_cat":[92,97],"product_tag":[822,789,635],"class_list":{"0":"post-15370","1":"product","2":"type-product","3":"status-publish","4":"has-post-thumbnail","6":"pwb-brand-arencia","7":"product_cat-nagu","8":"product_cat-naoseerumid-ja-olid","9":"product_tag-arencia","10":"product_tag-pdrn","11":"product_tag-serum","13":"first","14":"outofstock","15":"sale","16":"shipping-taxable","17":"purchasable","18":"product-type-simple","19":"entry","20":"content-bg","21":"loop-entry"},"supplier_id":null,"supplier_sku":"","barcode":null,"atum_controlled":true,"out_stock_date":"2026-02-21 14:12:14","out_stock_threshold":null,"inheritable":false,"inbound_stock":0,"stock_on_hold":0,"sold_today":0,"sales_last_days":0,"out_stock_days":52,"lost_sales":177,"has_location":false,"update_date":"2026-04-15T00:05:10","atum_locations":[],"atum_stock_status":"outofstock","restock_status":false,"low_stock_amount":"","sales_update_date":"2026-04-15T00:05:10","calc_backorders":null,"yoast_head":"<!-- This site is optimized with the Yoast SEO plugin v27.2 - https:\/\/yoast.com\/product\/yoast-seo-wordpress\/ -->\n<title>Arencia Deep Water Surge Serum 30, 50ml - IDA.KOREA<\/title>\n<meta name=\"description\" content=\"S\u00fcgavniisutav seerum peptiidide ja h\u00fcaluroonhappega. Rahustab \u00e4rritust, taastab naha ja silub kortse. Sobib ka ilma kreemita kasutamiseks. - Kiire tarne!\" \/>\n<meta name=\"robots\" content=\"index, follow, max-snippet:-1, max-image-preview:large, max-video-preview:-1\" \/>\n<link rel=\"canonical\" href=\"https:\/\/idakorea.ee\/en\/product\/arencia-deep-water-surge-serum-30-50ml\/\" \/>\n<meta property=\"og:locale\" content=\"en_US\" \/>\n<meta property=\"og:type\" content=\"article\" \/>\n<meta property=\"og:title\" content=\"Arencia Deep Water Surge Serum 30, 50ml - IDA.KOREA\" \/>\n<meta property=\"og:description\" content=\"S\u00fcgavniisutav seerum peptiidide ja h\u00fcaluroonhappega. Rahustab \u00e4rritust, taastab naha ja silub kortse. Sobib ka ilma kreemita kasutamiseks. - Kiire tarne!\" \/>\n<meta property=\"og:url\" content=\"https:\/\/idakorea.ee\/en\/product\/arencia-deep-water-surge-serum-30-50ml\/\" \/>\n<meta property=\"og:site_name\" content=\"IDA.KOREA\" \/>\n<meta property=\"article:modified_time\" content=\"2026-02-21T12:12:14+00:00\" \/>\n<meta property=\"og:image\" content=\"https:\/\/idakorea.ee\/wp-content\/uploads\/2025\/07\/arencia-deep-water-surge-serum-30-idakorea.png\" \/>\n\t<meta property=\"og:image:width\" content=\"1000\" \/>\n\t<meta property=\"og:image:height\" content=\"1000\" \/>\n\t<meta property=\"og:image:type\" content=\"image\/png\" \/>\n<meta name=\"twitter:card\" content=\"summary_large_image\" \/>\n<meta name=\"twitter:label1\" content=\"Est. reading time\" \/>\n\t<meta name=\"twitter:data1\" content=\"2 minutes\" \/>\n<script type=\"application\/ld+json\" class=\"yoast-schema-graph\">{\"@context\":\"https:\/\/schema.org\",\"@graph\":[{\"@type\":\"WebPage\",\"@id\":\"https:\/\/idakorea.ee\/product\/arencia-deep-water-surge-serum-30-50ml\/\",\"url\":\"https:\/\/idakorea.ee\/product\/arencia-deep-water-surge-serum-30-50ml\/\",\"name\":\"Arencia Deep Water Surge Serum 30, 50ml - IDA.KOREA\",\"isPartOf\":{\"@id\":\"https:\/\/idakorea.ee\/#website\"},\"primaryImageOfPage\":{\"@id\":\"https:\/\/idakorea.ee\/product\/arencia-deep-water-surge-serum-30-50ml\/#primaryimage\"},\"image\":{\"@id\":\"https:\/\/idakorea.ee\/product\/arencia-deep-water-surge-serum-30-50ml\/#primaryimage\"},\"thumbnailUrl\":\"https:\/\/idakorea.ee\/wp-content\/uploads\/2025\/07\/arencia-deep-water-surge-serum-30-idakorea.png\",\"datePublished\":\"2025-07-30T08:39:50+00:00\",\"dateModified\":\"2026-02-21T12:12:14+00:00\",\"description\":\"S\u00fcgavniisutav seerum peptiidide ja h\u00fcaluroonhappega. Rahustab \u00e4rritust, taastab naha ja silub kortse. Sobib ka ilma kreemita kasutamiseks. - Kiire tarne!\",\"breadcrumb\":{\"@id\":\"https:\/\/idakorea.ee\/product\/arencia-deep-water-surge-serum-30-50ml\/#breadcrumb\"},\"inLanguage\":\"en-US\",\"potentialAction\":[{\"@type\":\"ReadAction\",\"target\":[\"https:\/\/idakorea.ee\/product\/arencia-deep-water-surge-serum-30-50ml\/\"]}]},{\"@type\":\"ImageObject\",\"inLanguage\":\"en-US\",\"@id\":\"https:\/\/idakorea.ee\/product\/arencia-deep-water-surge-serum-30-50ml\/#primaryimage\",\"url\":\"https:\/\/idakorea.ee\/wp-content\/uploads\/2025\/07\/arencia-deep-water-surge-serum-30-idakorea.png\",\"contentUrl\":\"https:\/\/idakorea.ee\/wp-content\/uploads\/2025\/07\/arencia-deep-water-surge-serum-30-idakorea.png\",\"width\":1000,\"height\":1000},{\"@type\":\"BreadcrumbList\",\"@id\":\"https:\/\/idakorea.ee\/product\/arencia-deep-water-surge-serum-30-50ml\/#breadcrumb\",\"itemListElement\":[{\"@type\":\"ListItem\",\"position\":1,\"name\":\"\u0413\u043b\u0430\u0432\u043d\u0430\u044f \u0441\u0442\u0440\u0430\u043d\u0438\u0446\u0430\",\"item\":\"https:\/\/idakorea.ee\/\"},{\"@type\":\"ListItem\",\"position\":2,\"name\":\"Shop\",\"item\":\"https:\/\/idakorea.ee\/shop-2\/\"},{\"@type\":\"ListItem\",\"position\":3,\"name\":\"Intensiivne seerum Arencia Deep Water Surge Serum 30, 50ml\"}]},{\"@type\":\"WebSite\",\"@id\":\"https:\/\/idakorea.ee\/#website\",\"url\":\"https:\/\/idakorea.ee\/\",\"name\":\"IDA.KOREA\",\"description\":\"Korea kosmeetika e-pood\",\"publisher\":{\"@id\":\"https:\/\/idakorea.ee\/#organization\"},\"alternateName\":\"Beauty Shop\",\"potentialAction\":[{\"@type\":\"SearchAction\",\"target\":{\"@type\":\"EntryPoint\",\"urlTemplate\":\"https:\/\/idakorea.ee\/?s={search_term_string}\"},\"query-input\":{\"@type\":\"PropertyValueSpecification\",\"valueRequired\":true,\"valueName\":\"search_term_string\"}}],\"inLanguage\":\"en-US\"},{\"@type\":\"Organization\",\"@id\":\"https:\/\/idakorea.ee\/#organization\",\"name\":\"IDA.KOREA\",\"url\":\"https:\/\/idakorea.ee\/\",\"logo\":{\"@type\":\"ImageObject\",\"inLanguage\":\"en-US\",\"@id\":\"https:\/\/idakorea.ee\/#\/schema\/logo\/image\/\",\"url\":\"https:\/\/idakorea.ee\/wp-content\/uploads\/2024\/05\/cropped-korea3.png\",\"contentUrl\":\"https:\/\/idakorea.ee\/wp-content\/uploads\/2024\/05\/cropped-korea3.png\",\"width\":688,\"height\":126,\"caption\":\"IDA.KOREA\"},\"image\":{\"@id\":\"https:\/\/idakorea.ee\/#\/schema\/logo\/image\/\"},\"sameAs\":[\"https:\/\/www.instagram.com\/ida.korea\/\"]}]}<\/script>\n<!-- \/ Yoast SEO plugin. -->","yoast_head_json":{"title":"Arencia Deep Water Surge Serum 30, 50ml - IDA.KOREA","description":"Deeply hydrating serum with peptides and hyaluronic acid. Soothes irritation, regenerates the skin and smoothes wrinkles. Also suitable for use without cream. - Fast delivery!","robots":{"index":"index","follow":"follow","max-snippet":"max-snippet:-1","max-image-preview":"max-image-preview:large","max-video-preview":"max-video-preview:-1"},"canonical":"https:\/\/idakorea.ee\/en\/product\/arencia-deep-water-surge-serum-30-50ml\/","og_locale":"en_US","og_type":"article","og_title":"Arencia Deep Water Surge Serum 30, 50ml - IDA.KOREA","og_description":"S\u00fcgavniisutav seerum peptiidide ja h\u00fcaluroonhappega. Rahustab \u00e4rritust, taastab naha ja silub kortse. Sobib ka ilma kreemita kasutamiseks. - Kiire tarne!","og_url":"https:\/\/idakorea.ee\/en\/product\/arencia-deep-water-surge-serum-30-50ml\/","og_site_name":"IDA.KOREA","article_modified_time":"2026-02-21T12:12:14+00:00","og_image":[{"width":1000,"height":1000,"url":"https:\/\/idakorea.ee\/wp-content\/uploads\/2025\/07\/arencia-deep-water-surge-serum-30-idakorea.png","type":"image\/png"}],"twitter_card":"summary_large_image","twitter_misc":{"Est. reading time":"2 minutes"},"schema":{"@context":"https:\/\/schema.org","@graph":[{"@type":"WebPage","@id":"https:\/\/idakorea.ee\/product\/arencia-deep-water-surge-serum-30-50ml\/","url":"https:\/\/idakorea.ee\/product\/arencia-deep-water-surge-serum-30-50ml\/","name":"Arencia Deep Water Surge Serum 30, 50ml - IDA.KOREA","isPartOf":{"@id":"https:\/\/idakorea.ee\/#website"},"primaryImageOfPage":{"@id":"https:\/\/idakorea.ee\/product\/arencia-deep-water-surge-serum-30-50ml\/#primaryimage"},"image":{"@id":"https:\/\/idakorea.ee\/product\/arencia-deep-water-surge-serum-30-50ml\/#primaryimage"},"thumbnailUrl":"https:\/\/idakorea.ee\/wp-content\/uploads\/2025\/07\/arencia-deep-water-surge-serum-30-idakorea.png","datePublished":"2025-07-30T08:39:50+00:00","dateModified":"2026-02-21T12:12:14+00:00","description":"Deeply hydrating serum with peptides and hyaluronic acid. Soothes irritation, regenerates the skin and smoothes wrinkles. Also suitable for use without cream. - Fast delivery!","breadcrumb":{"@id":"https:\/\/idakorea.ee\/product\/arencia-deep-water-surge-serum-30-50ml\/#breadcrumb"},"inLanguage":"en-US","potentialAction":[{"@type":"ReadAction","target":["https:\/\/idakorea.ee\/product\/arencia-deep-water-surge-serum-30-50ml\/"]}]},{"@type":"ImageObject","inLanguage":"en-US","@id":"https:\/\/idakorea.ee\/product\/arencia-deep-water-surge-serum-30-50ml\/#primaryimage","url":"https:\/\/idakorea.ee\/wp-content\/uploads\/2025\/07\/arencia-deep-water-surge-serum-30-idakorea.png","contentUrl":"https:\/\/idakorea.ee\/wp-content\/uploads\/2025\/07\/arencia-deep-water-surge-serum-30-idakorea.png","width":1000,"height":1000},{"@type":"BreadcrumbList","@id":"https:\/\/idakorea.ee\/product\/arencia-deep-water-surge-serum-30-50ml\/#breadcrumb","itemListElement":[{"@type":"ListItem","position":1,"name":"\u0413\u043b\u0430\u0432\u043d\u0430\u044f \u0441\u0442\u0440\u0430\u043d\u0438\u0446\u0430","item":"https:\/\/idakorea.ee\/"},{"@type":"ListItem","position":2,"name":"Shop","item":"https:\/\/idakorea.ee\/shop-2\/"},{"@type":"ListItem","position":3,"name":"Intensiivne seerum Arencia Deep Water Surge Serum 30, 50ml"}]},{"@type":"WebSite","@id":"https:\/\/idakorea.ee\/#website","url":"https:\/\/idakorea.ee\/","name":"IDA.KOREA","description":"Korean cosmetics e-shop","publisher":{"@id":"https:\/\/idakorea.ee\/#organization"},"alternateName":"Beauty Shop","potentialAction":[{"@type":"SearchAction","target":{"@type":"EntryPoint","urlTemplate":"https:\/\/idakorea.ee\/?s={search_term_string}"},"query-input":{"@type":"PropertyValueSpecification","valueRequired":true,"valueName":"search_term_string"}}],"inLanguage":"en-US"},{"@type":"Organization","@id":"https:\/\/idakorea.ee\/#organization","name":"IDA.KOREA","url":"https:\/\/idakorea.ee\/","logo":{"@type":"ImageObject","inLanguage":"en-US","@id":"https:\/\/idakorea.ee\/#\/schema\/logo\/image\/","url":"https:\/\/idakorea.ee\/wp-content\/uploads\/2024\/05\/cropped-korea3.png","contentUrl":"https:\/\/idakorea.ee\/wp-content\/uploads\/2024\/05\/cropped-korea3.png","width":688,"height":126,"caption":"IDA.KOREA"},"image":{"@id":"https:\/\/idakorea.ee\/#\/schema\/logo\/image\/"},"sameAs":["https:\/\/www.instagram.com\/ida.korea\/"]}]}},"jetpack_sharing_enabled":true,"brands":[{"id":821,"name":"ARENCIA","slug":"arencia"}],"_links":{"self":[{"href":"https:\/\/idakorea.ee\/en\/wp-json\/wp\/v2\/product\/15370","targetHints":{"allow":["GET"]}}],"collection":[{"href":"https:\/\/idakorea.ee\/en\/wp-json\/wp\/v2\/product"}],"about":[{"href":"https:\/\/idakorea.ee\/en\/wp-json\/wp\/v2\/types\/product"}],"replies":[{"embeddable":true,"href":"https:\/\/idakorea.ee\/en\/wp-json\/wp\/v2\/comments?post=15370"}],"version-history":[{"count":3,"href":"https:\/\/idakorea.ee\/en\/wp-json\/wp\/v2\/product\/15370\/revisions"}],"predecessor-version":[{"id":17475,"href":"https:\/\/idakorea.ee\/en\/wp-json\/wp\/v2\/product\/15370\/revisions\/17475"}],"wp:featuredmedia":[{"embeddable":true,"href":"https:\/\/idakorea.ee\/en\/wp-json\/wp\/v2\/media\/15371"}],"wp:attachment":[{"href":"https:\/\/idakorea.ee\/en\/wp-json\/wp\/v2\/media?parent=15370"}],"wp:term":[{"taxonomy":"pwb-brand","embeddable":true,"href":"https:\/\/idakorea.ee\/en\/wp-json\/wp\/v2\/pwb-brand?post=15370"},{"taxonomy":"product_brand","embeddable":true,"href":"https:\/\/idakorea.ee\/en\/wp-json\/wp\/v2\/product_brand?post=15370"},{"taxonomy":"product_cat","embeddable":true,"href":"https:\/\/idakorea.ee\/en\/wp-json\/wp\/v2\/product_cat?post=15370"},{"taxonomy":"product_tag","embeddable":true,"href":"https:\/\/idakorea.ee\/en\/wp-json\/wp\/v2\/product_tag?post=15370"}],"curies":[{"name":"wp","href":"https:\/\/api.w.org\/{rel}","templated":true}]}}