{"id":15486,"date":"2025-08-11T10:36:21","date_gmt":"2025-08-11T07:36:21","guid":{"rendered":"https:\/\/idakorea.ee\/?post_type=product&#038;p=15486"},"modified":"2026-03-17T12:12:50","modified_gmt":"2026-03-17T10:12:50","slug":"jayjun-real-water-brightening-hydro-sleeping-pack-4ml","status":"publish","type":"product","link":"https:\/\/idakorea.ee\/en\/product\/jayjun-real-water-brightening-hydro-sleeping-pack-4ml\/","title":{"rendered":"JAYJUN Real Water Brightening Hydro Sleeping Pack, 4ml"},"content":{"rendered":"<p data-start=\"0\" data-end=\"285\">Night mask with a balancing effect <strong data-start=\"29\" data-end=\"82\">JAYJUN Real Water Brightening Hydro Sleeping Pack<\/strong> Gently brightens the skin, reduces dullness and redness, and gives the face a healthy and rested appearance. The product deeply nourishes the skin, fills the cells with moisture, smoothes the skin&#039;s relief, and reduces the depth of wrinkles.<\/p>\n<p data-start=\"287\" data-end=\"579\">The mask effectively eliminates dryness and tightness, restores the skin&#039;s natural hydrolipidic balance, helps retain moisture for a long time, prevents dehydration and moisture loss. Improves metabolism, regulates melanin production, prevents the formation of pigment spots and brightens post-acne.<\/p>\n<p data-start=\"581\" data-end=\"683\">The compact, single-use packaging (sachet) allows the mask to be conveniently carried and used hygienically.<\/p>\n<p data-start=\"685\" data-end=\"894\">The product enhances the regeneration processes that occur at night. The mask has a light creamy texture. It actively saturates the skin with beneficial substances, making it more elastic and toned, and giving it a soft matte glow.<\/p>\n<p data-start=\"896\" data-end=\"922\"><strong data-start=\"896\" data-end=\"920\">Main active ingredients:<\/strong><\/p>\n<ul data-start=\"923\" data-end=\"1855\">\n<li data-start=\"923\" data-end=\"1118\">\n<p data-start=\"925\" data-end=\"1118\"><strong data-start=\"925\" data-end=\"945\">Irrigation complex<\/strong> from volcanic, glacial and carbonated water enriches the skin with minerals, vitamins and microelements, tones, improves complexion and increases the skin&#039;s local immunity.<\/p>\n<\/li>\n<li data-start=\"1119\" data-end=\"1375\">\n<p data-start=\"1121\" data-end=\"1375\"><strong data-start=\"1121\" data-end=\"1156\">Type 8 hyaluronic acid complex<\/strong> Moisturizes the skin at all levels, penetrates into the deep layers of the epidermis, increases the cells&#039; ability to retain moisture. Forms a protective layer that prevents moisture evaporation and regulates the water and lipid balance.<\/p>\n<\/li>\n<li data-start=\"1376\" data-end=\"1676\">\n<p data-start=\"1378\" data-end=\"1676\"><strong data-start=\"1378\" data-end=\"1401\">8 peptide complex<\/strong> ensures continuous cell renewal and regeneration, has a deep anti-aging effect, reduces the visibility of wrinkles and prevents the formation of new ones, stimulates the production of collagen and elastin, smoothes the skin and evens out the relief. Improves complexion, gives the skin elasticity and a healthy glow.<\/p>\n<\/li>\n<li data-start=\"1677\" data-end=\"1855\">\n<p data-start=\"1679\" data-end=\"1855\"><strong data-start=\"1679\" data-end=\"1694\">Ceramides<\/strong> strengthen skin cells and protect them from damage, retain moisture and promote long-term hydration, and support optimal hydrolipidic balance.<\/p>\n<\/li>\n<\/ul>\n<p data-start=\"1857\" data-end=\"1889\">Suitable for all skin types.<\/p>\n<p data-start=\"1891\" data-end=\"2059\" data-is-last-node=\"\" data-is-only-node=\"\"><strong data-start=\"1891\" data-end=\"1906\">Usage:<\/strong> Apply the mask to your skin as the last step of your skincare routine, avoiding the eye area, and leave it on overnight. In the morning, wash with warm water, carefully removing any remaining mask.<\/p>","protected":false},"excerpt":{"rendered":"<p>The night mask with a smoothing effect JAYJUN Real Water Brightening Hydro Sleeping Pack gently brightens the skin, reduces dullness and redness, and gives the face a healthy and rested appearance. The product deeply nourishes the skin, fills cells with moisture, smoothes the skin&#039;s relief and reduces the depth of wrinkles. The mask effectively eliminates dryness and a feeling of tightness, restores the skin&#039;s natural hydrolipidic balance, helps retain moisture for a long time,\u2026<\/p>","protected":false},"featured_media":15487,"comment_status":"open","ping_status":"closed","template":"","meta":{"_uf_show_specific_survey":0,"_uf_disable_surveys":false,"_bst_post_transparent":"default","_bst_post_title":"","_bst_post_layout":"default","_bst_post_sidebar_id":"","_bst_post_content_style":"default","_bst_post_vertical_padding":"default","_bst_post_feature":"","_bst_post_feature_position":"","_bst_post_header":false,"_bst_post_footer":false},"pwb-brand":[460],"product_brand":[],"product_cat":[92,98],"product_tag":[614,971],"class_list":{"0":"post-15486","1":"product","2":"type-product","3":"status-publish","4":"has-post-thumbnail","6":"pwb-brand-jayjun","7":"product_cat-nagu","8":"product_cat-naomaskid","9":"product_tag-mask","10":"product_tag-sleep","12":"first","13":"instock","14":"sale","15":"shipping-taxable","16":"purchasable","17":"product-type-simple","18":"entry","19":"content-bg","20":"loop-entry"},"supplier_id":null,"supplier_sku":"","barcode":null,"atum_controlled":true,"out_stock_date":null,"out_stock_threshold":null,"inheritable":false,"inbound_stock":0,"stock_on_hold":0,"sold_today":0,"sales_last_days":4,"out_stock_days":0,"lost_sales":0,"has_location":false,"update_date":"2026-04-14T00:05:11","atum_locations":[],"atum_stock_status":"instock","restock_status":false,"low_stock_amount":"","sales_update_date":"2026-04-14T00:05:11","calc_backorders":null,"yoast_head":"<!-- This site is optimized with the Yoast SEO plugin v27.2 - https:\/\/yoast.com\/product\/yoast-seo-wordpress\/ -->\n<title>JAYJUN Real Water Brightening Hydro Sleeping Pack, 4ml - IDA.KOREA<\/title>\n<meta name=\"description\" content=\"\u00d6ine mask niisutab ja taastab naha \u00f6\u00f6 jooksul. Sisaldab 8 t\u00fc\u00fcpi h\u00fcaluroonhapet, 8 peptiidi ja tseramiide, mis siluvad kortse ja annavad tervisliku s\u00e4ra.\" \/>\n<meta name=\"robots\" content=\"index, follow, max-snippet:-1, max-image-preview:large, max-video-preview:-1\" \/>\n<link rel=\"canonical\" href=\"https:\/\/idakorea.ee\/en\/product\/jayjun-real-water-brightening-hydro-sleeping-pack-4ml\/\" \/>\n<meta property=\"og:locale\" content=\"en_US\" \/>\n<meta property=\"og:type\" content=\"article\" \/>\n<meta property=\"og:title\" content=\"JAYJUN Real Water Brightening Hydro Sleeping Pack, 4ml - IDA.KOREA\" \/>\n<meta property=\"og:description\" content=\"\u00d6ine mask niisutab ja taastab naha \u00f6\u00f6 jooksul. Sisaldab 8 t\u00fc\u00fcpi h\u00fcaluroonhapet, 8 peptiidi ja tseramiide, mis siluvad kortse ja annavad tervisliku s\u00e4ra.\" \/>\n<meta property=\"og:url\" content=\"https:\/\/idakorea.ee\/en\/product\/jayjun-real-water-brightening-hydro-sleeping-pack-4ml\/\" \/>\n<meta property=\"og:site_name\" content=\"IDA.KOREA\" \/>\n<meta property=\"article:modified_time\" content=\"2026-03-17T10:12:50+00:00\" \/>\n<meta property=\"og:image\" content=\"https:\/\/idakorea.ee\/wp-content\/uploads\/2025\/08\/jayjun-real-water-brightening-hydro-sleeping-pack-idakorea.jpg\" \/>\n\t<meta property=\"og:image:width\" content=\"1000\" \/>\n\t<meta property=\"og:image:height\" content=\"1000\" \/>\n\t<meta property=\"og:image:type\" content=\"image\/jpeg\" \/>\n<meta name=\"twitter:card\" content=\"summary_large_image\" \/>\n<meta name=\"twitter:label1\" content=\"Est. reading time\" \/>\n\t<meta name=\"twitter:data1\" content=\"2 minutes\" \/>\n<script type=\"application\/ld+json\" class=\"yoast-schema-graph\">{\"@context\":\"https:\/\/schema.org\",\"@graph\":[{\"@type\":\"WebPage\",\"@id\":\"https:\/\/idakorea.ee\/product\/jayjun-real-water-brightening-hydro-sleeping-pack-4ml\/\",\"url\":\"https:\/\/idakorea.ee\/product\/jayjun-real-water-brightening-hydro-sleeping-pack-4ml\/\",\"name\":\"JAYJUN Real Water Brightening Hydro Sleeping Pack, 4ml - IDA.KOREA\",\"isPartOf\":{\"@id\":\"https:\/\/idakorea.ee\/#website\"},\"primaryImageOfPage\":{\"@id\":\"https:\/\/idakorea.ee\/product\/jayjun-real-water-brightening-hydro-sleeping-pack-4ml\/#primaryimage\"},\"image\":{\"@id\":\"https:\/\/idakorea.ee\/product\/jayjun-real-water-brightening-hydro-sleeping-pack-4ml\/#primaryimage\"},\"thumbnailUrl\":\"https:\/\/idakorea.ee\/wp-content\/uploads\/2025\/08\/jayjun-real-water-brightening-hydro-sleeping-pack-idakorea.jpg\",\"datePublished\":\"2025-08-11T07:36:21+00:00\",\"dateModified\":\"2026-03-17T10:12:50+00:00\",\"description\":\"\u00d6ine mask niisutab ja taastab naha \u00f6\u00f6 jooksul. Sisaldab 8 t\u00fc\u00fcpi h\u00fcaluroonhapet, 8 peptiidi ja tseramiide, mis siluvad kortse ja annavad tervisliku s\u00e4ra.\",\"breadcrumb\":{\"@id\":\"https:\/\/idakorea.ee\/product\/jayjun-real-water-brightening-hydro-sleeping-pack-4ml\/#breadcrumb\"},\"inLanguage\":\"en-US\",\"potentialAction\":[{\"@type\":\"ReadAction\",\"target\":[\"https:\/\/idakorea.ee\/product\/jayjun-real-water-brightening-hydro-sleeping-pack-4ml\/\"]}]},{\"@type\":\"ImageObject\",\"inLanguage\":\"en-US\",\"@id\":\"https:\/\/idakorea.ee\/product\/jayjun-real-water-brightening-hydro-sleeping-pack-4ml\/#primaryimage\",\"url\":\"https:\/\/idakorea.ee\/wp-content\/uploads\/2025\/08\/jayjun-real-water-brightening-hydro-sleeping-pack-idakorea.jpg\",\"contentUrl\":\"https:\/\/idakorea.ee\/wp-content\/uploads\/2025\/08\/jayjun-real-water-brightening-hydro-sleeping-pack-idakorea.jpg\",\"width\":1000,\"height\":1000},{\"@type\":\"BreadcrumbList\",\"@id\":\"https:\/\/idakorea.ee\/product\/jayjun-real-water-brightening-hydro-sleeping-pack-4ml\/#breadcrumb\",\"itemListElement\":[{\"@type\":\"ListItem\",\"position\":1,\"name\":\"\u0413\u043b\u0430\u0432\u043d\u0430\u044f \u0441\u0442\u0440\u0430\u043d\u0438\u0446\u0430\",\"item\":\"https:\/\/idakorea.ee\/\"},{\"@type\":\"ListItem\",\"position\":2,\"name\":\"Shop\",\"item\":\"https:\/\/idakorea.ee\/shop-2\/\"},{\"@type\":\"ListItem\",\"position\":3,\"name\":\"\u00d6ine \u00fchtlustava toimega mask JAYJUN Real Water Brightening Hydro Sleeping Pack, 4ml\"}]},{\"@type\":\"WebSite\",\"@id\":\"https:\/\/idakorea.ee\/#website\",\"url\":\"https:\/\/idakorea.ee\/\",\"name\":\"IDA.KOREA\",\"description\":\"Korea kosmeetika e-pood\",\"publisher\":{\"@id\":\"https:\/\/idakorea.ee\/#organization\"},\"alternateName\":\"Beauty Shop\",\"potentialAction\":[{\"@type\":\"SearchAction\",\"target\":{\"@type\":\"EntryPoint\",\"urlTemplate\":\"https:\/\/idakorea.ee\/?s={search_term_string}\"},\"query-input\":{\"@type\":\"PropertyValueSpecification\",\"valueRequired\":true,\"valueName\":\"search_term_string\"}}],\"inLanguage\":\"en-US\"},{\"@type\":\"Organization\",\"@id\":\"https:\/\/idakorea.ee\/#organization\",\"name\":\"IDA.KOREA\",\"url\":\"https:\/\/idakorea.ee\/\",\"logo\":{\"@type\":\"ImageObject\",\"inLanguage\":\"en-US\",\"@id\":\"https:\/\/idakorea.ee\/#\/schema\/logo\/image\/\",\"url\":\"https:\/\/idakorea.ee\/wp-content\/uploads\/2024\/05\/cropped-korea3.png\",\"contentUrl\":\"https:\/\/idakorea.ee\/wp-content\/uploads\/2024\/05\/cropped-korea3.png\",\"width\":688,\"height\":126,\"caption\":\"IDA.KOREA\"},\"image\":{\"@id\":\"https:\/\/idakorea.ee\/#\/schema\/logo\/image\/\"},\"sameAs\":[\"https:\/\/www.instagram.com\/ida.korea\/\"]}]}<\/script>\n<!-- \/ Yoast SEO plugin. -->","yoast_head_json":{"title":"JAYJUN Real Water Brightening Hydro Sleeping Pack, 4ml - IDA.KOREA","description":"The night mask moisturizes and restores the skin overnight. Contains 8 types of hyaluronic acid, 8 peptides and ceramides that smooth wrinkles and give a healthy glow.","robots":{"index":"index","follow":"follow","max-snippet":"max-snippet:-1","max-image-preview":"max-image-preview:large","max-video-preview":"max-video-preview:-1"},"canonical":"https:\/\/idakorea.ee\/en\/product\/jayjun-real-water-brightening-hydro-sleeping-pack-4ml\/","og_locale":"en_US","og_type":"article","og_title":"JAYJUN Real Water Brightening Hydro Sleeping Pack, 4ml - IDA.KOREA","og_description":"\u00d6ine mask niisutab ja taastab naha \u00f6\u00f6 jooksul. Sisaldab 8 t\u00fc\u00fcpi h\u00fcaluroonhapet, 8 peptiidi ja tseramiide, mis siluvad kortse ja annavad tervisliku s\u00e4ra.","og_url":"https:\/\/idakorea.ee\/en\/product\/jayjun-real-water-brightening-hydro-sleeping-pack-4ml\/","og_site_name":"IDA.KOREA","article_modified_time":"2026-03-17T10:12:50+00:00","og_image":[{"width":1000,"height":1000,"url":"https:\/\/idakorea.ee\/wp-content\/uploads\/2025\/08\/jayjun-real-water-brightening-hydro-sleeping-pack-idakorea.jpg","type":"image\/jpeg"}],"twitter_card":"summary_large_image","twitter_misc":{"Est. reading time":"2 minutes"},"schema":{"@context":"https:\/\/schema.org","@graph":[{"@type":"WebPage","@id":"https:\/\/idakorea.ee\/product\/jayjun-real-water-brightening-hydro-sleeping-pack-4ml\/","url":"https:\/\/idakorea.ee\/product\/jayjun-real-water-brightening-hydro-sleeping-pack-4ml\/","name":"JAYJUN Real Water Brightening Hydro Sleeping Pack, 4ml - IDA.KOREA","isPartOf":{"@id":"https:\/\/idakorea.ee\/#website"},"primaryImageOfPage":{"@id":"https:\/\/idakorea.ee\/product\/jayjun-real-water-brightening-hydro-sleeping-pack-4ml\/#primaryimage"},"image":{"@id":"https:\/\/idakorea.ee\/product\/jayjun-real-water-brightening-hydro-sleeping-pack-4ml\/#primaryimage"},"thumbnailUrl":"https:\/\/idakorea.ee\/wp-content\/uploads\/2025\/08\/jayjun-real-water-brightening-hydro-sleeping-pack-idakorea.jpg","datePublished":"2025-08-11T07:36:21+00:00","dateModified":"2026-03-17T10:12:50+00:00","description":"The night mask moisturizes and restores the skin overnight. Contains 8 types of hyaluronic acid, 8 peptides and ceramides that smooth wrinkles and give a healthy glow.","breadcrumb":{"@id":"https:\/\/idakorea.ee\/product\/jayjun-real-water-brightening-hydro-sleeping-pack-4ml\/#breadcrumb"},"inLanguage":"en-US","potentialAction":[{"@type":"ReadAction","target":["https:\/\/idakorea.ee\/product\/jayjun-real-water-brightening-hydro-sleeping-pack-4ml\/"]}]},{"@type":"ImageObject","inLanguage":"en-US","@id":"https:\/\/idakorea.ee\/product\/jayjun-real-water-brightening-hydro-sleeping-pack-4ml\/#primaryimage","url":"https:\/\/idakorea.ee\/wp-content\/uploads\/2025\/08\/jayjun-real-water-brightening-hydro-sleeping-pack-idakorea.jpg","contentUrl":"https:\/\/idakorea.ee\/wp-content\/uploads\/2025\/08\/jayjun-real-water-brightening-hydro-sleeping-pack-idakorea.jpg","width":1000,"height":1000},{"@type":"BreadcrumbList","@id":"https:\/\/idakorea.ee\/product\/jayjun-real-water-brightening-hydro-sleeping-pack-4ml\/#breadcrumb","itemListElement":[{"@type":"ListItem","position":1,"name":"\u0413\u043b\u0430\u0432\u043d\u0430\u044f \u0441\u0442\u0440\u0430\u043d\u0438\u0446\u0430","item":"https:\/\/idakorea.ee\/"},{"@type":"ListItem","position":2,"name":"Shop","item":"https:\/\/idakorea.ee\/shop-2\/"},{"@type":"ListItem","position":3,"name":"\u00d6ine \u00fchtlustava toimega mask JAYJUN Real Water Brightening Hydro Sleeping Pack, 4ml"}]},{"@type":"WebSite","@id":"https:\/\/idakorea.ee\/#website","url":"https:\/\/idakorea.ee\/","name":"IDA.KOREA","description":"Korean cosmetics e-shop","publisher":{"@id":"https:\/\/idakorea.ee\/#organization"},"alternateName":"Beauty Shop","potentialAction":[{"@type":"SearchAction","target":{"@type":"EntryPoint","urlTemplate":"https:\/\/idakorea.ee\/?s={search_term_string}"},"query-input":{"@type":"PropertyValueSpecification","valueRequired":true,"valueName":"search_term_string"}}],"inLanguage":"en-US"},{"@type":"Organization","@id":"https:\/\/idakorea.ee\/#organization","name":"IDA.KOREA","url":"https:\/\/idakorea.ee\/","logo":{"@type":"ImageObject","inLanguage":"en-US","@id":"https:\/\/idakorea.ee\/#\/schema\/logo\/image\/","url":"https:\/\/idakorea.ee\/wp-content\/uploads\/2024\/05\/cropped-korea3.png","contentUrl":"https:\/\/idakorea.ee\/wp-content\/uploads\/2024\/05\/cropped-korea3.png","width":688,"height":126,"caption":"IDA.KOREA"},"image":{"@id":"https:\/\/idakorea.ee\/#\/schema\/logo\/image\/"},"sameAs":["https:\/\/www.instagram.com\/ida.korea\/"]}]}},"jetpack_sharing_enabled":true,"brands":[{"id":460,"name":"JAYJUN","slug":"jayjun"}],"_links":{"self":[{"href":"https:\/\/idakorea.ee\/en\/wp-json\/wp\/v2\/product\/15486","targetHints":{"allow":["GET"]}}],"collection":[{"href":"https:\/\/idakorea.ee\/en\/wp-json\/wp\/v2\/product"}],"about":[{"href":"https:\/\/idakorea.ee\/en\/wp-json\/wp\/v2\/types\/product"}],"replies":[{"embeddable":true,"href":"https:\/\/idakorea.ee\/en\/wp-json\/wp\/v2\/comments?post=15486"}],"version-history":[{"count":2,"href":"https:\/\/idakorea.ee\/en\/wp-json\/wp\/v2\/product\/15486\/revisions"}],"predecessor-version":[{"id":15817,"href":"https:\/\/idakorea.ee\/en\/wp-json\/wp\/v2\/product\/15486\/revisions\/15817"}],"wp:featuredmedia":[{"embeddable":true,"href":"https:\/\/idakorea.ee\/en\/wp-json\/wp\/v2\/media\/15487"}],"wp:attachment":[{"href":"https:\/\/idakorea.ee\/en\/wp-json\/wp\/v2\/media?parent=15486"}],"wp:term":[{"taxonomy":"pwb-brand","embeddable":true,"href":"https:\/\/idakorea.ee\/en\/wp-json\/wp\/v2\/pwb-brand?post=15486"},{"taxonomy":"product_brand","embeddable":true,"href":"https:\/\/idakorea.ee\/en\/wp-json\/wp\/v2\/product_brand?post=15486"},{"taxonomy":"product_cat","embeddable":true,"href":"https:\/\/idakorea.ee\/en\/wp-json\/wp\/v2\/product_cat?post=15486"},{"taxonomy":"product_tag","embeddable":true,"href":"https:\/\/idakorea.ee\/en\/wp-json\/wp\/v2\/product_tag?post=15486"}],"curies":[{"name":"wp","href":"https:\/\/api.w.org\/{rel}","templated":true}]}}