{"id":15507,"date":"2025-08-11T14:50:09","date_gmt":"2025-08-11T11:50:09","guid":{"rendered":"https:\/\/idakorea.ee\/?post_type=product&#038;p=15507"},"modified":"2026-03-28T11:22:02","modified_gmt":"2026-03-28T09:22:02","slug":"pyunkang-yul-1-3-cotton-pad-160tk","status":"publish","type":"product","link":"https:\/\/idakorea.ee\/en\/product\/pyunkang-yul-1-3-cotton-pad-160tk\/","title":{"rendered":"Multi-purpose cotton pads Pyunkang Yul 1\/3 Cotton Pad, 160pcs"},"content":{"rendered":"<p>Multipurpose cotton pads <strong>Pyunkang Yul 1\/3 Cotton Pad<\/strong> are perfect for a variety of purposes: removing makeup and cleansing the skin, applying toner or essence, as well as using as a fast-acting topical mask. Made of soft cotton, they absorb liquids well and return them to the skin without causing irritation.<\/p>\n<p>Thanks to their good absorbency and permeability, the pads allow you to use toner very sparingly \u2013 only 1\/3 of the usual amount is needed. Made of elastic and soft, sponge-like material, the pads do not leave traces or lint on the skin when applying the product.<\/p>\n<p><strong>Usage:<\/strong> Apply the desired product to the pad and wipe your face with it. Can also be used as a topical mask \u2013 moisten the pad generously and place on the desired area for 10\u201315 minutes.<\/p>","protected":false},"excerpt":{"rendered":"<p>Pyunkang Yul 1\/3 Cotton Pads are perfect for a variety of purposes: removing makeup and cleansing the skin, applying toner or essence, and as a fast-acting topical mask. Made of soft cotton, they absorb liquids well and return them to the skin without causing irritation. Thanks to their good absorbency and permeability, the pads allow you to use toner extremely sparingly - only 1\/3 of the usual amount is needed\u2026<\/p>","protected":false},"featured_media":15508,"comment_status":"open","ping_status":"closed","template":"","meta":{"_uf_show_specific_survey":0,"_uf_disable_surveys":false,"_bst_post_transparent":"default","_bst_post_title":"","_bst_post_layout":"default","_bst_post_sidebar_id":"","_bst_post_content_style":"default","_bst_post_vertical_padding":"default","_bst_post_feature":"","_bst_post_feature_position":"","_bst_post_header":false,"_bst_post_footer":false},"pwb-brand":[474],"product_brand":[],"product_cat":[463],"product_tag":[],"class_list":{"0":"post-15507","1":"product","2":"type-product","3":"status-publish","4":"has-post-thumbnail","6":"pwb-brand-pyunkang-yul","7":"product_cat-tarvikud","9":"first","10":"instock","11":"sale","12":"shipping-taxable","13":"purchasable","14":"product-type-simple","15":"entry","16":"content-bg","17":"loop-entry"},"supplier_id":null,"supplier_sku":"","barcode":null,"atum_controlled":true,"out_stock_date":null,"out_stock_threshold":null,"inheritable":false,"inbound_stock":0,"stock_on_hold":0,"sold_today":0,"sales_last_days":8,"out_stock_days":0,"lost_sales":0,"has_location":false,"update_date":"2026-04-14T00:05:12","atum_locations":[],"atum_stock_status":"instock","restock_status":false,"low_stock_amount":"","sales_update_date":"2026-04-14T00:05:12","calc_backorders":null,"yoast_head":"<!-- This site is optimized with the Yoast SEO plugin v27.2 - https:\/\/yoast.com\/product\/yoast-seo-wordpress\/ -->\n<title>Pyunkang Yul 1\/3 Cotton Pad, 160tk - IDA.KOREA<\/title>\n<meta name=\"description\" content=\"Mitmeotstarbelised vatipadjad sobivad suurep\u00e4raselt erinevateks eesm\u00e4rkideks: meigi eemaldamiseks, naha puhastamiseks, tooniku v\u00f5i essentsi pealekandmiseks, samuti kiiretoimelise lokaalse maskina kasutamiseks.\" \/>\n<meta name=\"robots\" content=\"index, follow, max-snippet:-1, max-image-preview:large, max-video-preview:-1\" \/>\n<link rel=\"canonical\" href=\"https:\/\/idakorea.ee\/en\/product\/pyunkang-yul-1-3-cotton-pad-160tk\/\" \/>\n<meta property=\"og:locale\" content=\"en_US\" \/>\n<meta property=\"og:type\" content=\"article\" \/>\n<meta property=\"og:title\" content=\"Pyunkang Yul 1\/3 Cotton Pad, 160tk - IDA.KOREA\" \/>\n<meta property=\"og:description\" content=\"Mitmeotstarbelised vatipadjad sobivad suurep\u00e4raselt erinevateks eesm\u00e4rkideks: meigi eemaldamiseks, naha puhastamiseks, tooniku v\u00f5i essentsi pealekandmiseks, samuti kiiretoimelise lokaalse maskina kasutamiseks.\" \/>\n<meta property=\"og:url\" content=\"https:\/\/idakorea.ee\/en\/product\/pyunkang-yul-1-3-cotton-pad-160tk\/\" \/>\n<meta property=\"og:site_name\" content=\"IDA.KOREA\" \/>\n<meta property=\"article:modified_time\" content=\"2026-03-28T09:22:02+00:00\" \/>\n<meta property=\"og:image\" content=\"https:\/\/idakorea.ee\/wp-content\/uploads\/2025\/08\/pyunkang-yul-cotton-pad-idakorea.png\" \/>\n\t<meta property=\"og:image:width\" content=\"1000\" \/>\n\t<meta property=\"og:image:height\" content=\"1000\" \/>\n\t<meta property=\"og:image:type\" content=\"image\/png\" \/>\n<meta name=\"twitter:card\" content=\"summary_large_image\" \/>\n<meta name=\"twitter:label1\" content=\"Est. reading time\" \/>\n\t<meta name=\"twitter:data1\" content=\"1 minute\" \/>\n<script type=\"application\/ld+json\" class=\"yoast-schema-graph\">{\"@context\":\"https:\/\/schema.org\",\"@graph\":[{\"@type\":\"WebPage\",\"@id\":\"https:\/\/idakorea.ee\/product\/pyunkang-yul-1-3-cotton-pad-160tk\/\",\"url\":\"https:\/\/idakorea.ee\/product\/pyunkang-yul-1-3-cotton-pad-160tk\/\",\"name\":\"Pyunkang Yul 1\/3 Cotton Pad, 160tk - IDA.KOREA\",\"isPartOf\":{\"@id\":\"https:\/\/idakorea.ee\/#website\"},\"primaryImageOfPage\":{\"@id\":\"https:\/\/idakorea.ee\/product\/pyunkang-yul-1-3-cotton-pad-160tk\/#primaryimage\"},\"image\":{\"@id\":\"https:\/\/idakorea.ee\/product\/pyunkang-yul-1-3-cotton-pad-160tk\/#primaryimage\"},\"thumbnailUrl\":\"https:\/\/idakorea.ee\/wp-content\/uploads\/2025\/08\/pyunkang-yul-cotton-pad-idakorea.png\",\"datePublished\":\"2025-08-11T11:50:09+00:00\",\"dateModified\":\"2026-03-28T09:22:02+00:00\",\"description\":\"Mitmeotstarbelised vatipadjad sobivad suurep\u00e4raselt erinevateks eesm\u00e4rkideks: meigi eemaldamiseks, naha puhastamiseks, tooniku v\u00f5i essentsi pealekandmiseks, samuti kiiretoimelise lokaalse maskina kasutamiseks.\",\"breadcrumb\":{\"@id\":\"https:\/\/idakorea.ee\/product\/pyunkang-yul-1-3-cotton-pad-160tk\/#breadcrumb\"},\"inLanguage\":\"en-US\",\"potentialAction\":[{\"@type\":\"ReadAction\",\"target\":[\"https:\/\/idakorea.ee\/product\/pyunkang-yul-1-3-cotton-pad-160tk\/\"]}]},{\"@type\":\"ImageObject\",\"inLanguage\":\"en-US\",\"@id\":\"https:\/\/idakorea.ee\/product\/pyunkang-yul-1-3-cotton-pad-160tk\/#primaryimage\",\"url\":\"https:\/\/idakorea.ee\/wp-content\/uploads\/2025\/08\/pyunkang-yul-cotton-pad-idakorea.png\",\"contentUrl\":\"https:\/\/idakorea.ee\/wp-content\/uploads\/2025\/08\/pyunkang-yul-cotton-pad-idakorea.png\",\"width\":1000,\"height\":1000},{\"@type\":\"BreadcrumbList\",\"@id\":\"https:\/\/idakorea.ee\/product\/pyunkang-yul-1-3-cotton-pad-160tk\/#breadcrumb\",\"itemListElement\":[{\"@type\":\"ListItem\",\"position\":1,\"name\":\"\u0413\u043b\u0430\u0432\u043d\u0430\u044f \u0441\u0442\u0440\u0430\u043d\u0438\u0446\u0430\",\"item\":\"https:\/\/idakorea.ee\/\"},{\"@type\":\"ListItem\",\"position\":2,\"name\":\"Shop\",\"item\":\"https:\/\/idakorea.ee\/shop-2\/\"},{\"@type\":\"ListItem\",\"position\":3,\"name\":\"Mitmeotstarbelised vatipadjad Pyunkang Yul 1\/3 Cotton Pad, 160tk\"}]},{\"@type\":\"WebSite\",\"@id\":\"https:\/\/idakorea.ee\/#website\",\"url\":\"https:\/\/idakorea.ee\/\",\"name\":\"IDA.KOREA\",\"description\":\"Korea kosmeetika e-pood\",\"publisher\":{\"@id\":\"https:\/\/idakorea.ee\/#organization\"},\"alternateName\":\"Beauty Shop\",\"potentialAction\":[{\"@type\":\"SearchAction\",\"target\":{\"@type\":\"EntryPoint\",\"urlTemplate\":\"https:\/\/idakorea.ee\/?s={search_term_string}\"},\"query-input\":{\"@type\":\"PropertyValueSpecification\",\"valueRequired\":true,\"valueName\":\"search_term_string\"}}],\"inLanguage\":\"en-US\"},{\"@type\":\"Organization\",\"@id\":\"https:\/\/idakorea.ee\/#organization\",\"name\":\"IDA.KOREA\",\"url\":\"https:\/\/idakorea.ee\/\",\"logo\":{\"@type\":\"ImageObject\",\"inLanguage\":\"en-US\",\"@id\":\"https:\/\/idakorea.ee\/#\/schema\/logo\/image\/\",\"url\":\"https:\/\/idakorea.ee\/wp-content\/uploads\/2024\/05\/cropped-korea3.png\",\"contentUrl\":\"https:\/\/idakorea.ee\/wp-content\/uploads\/2024\/05\/cropped-korea3.png\",\"width\":688,\"height\":126,\"caption\":\"IDA.KOREA\"},\"image\":{\"@id\":\"https:\/\/idakorea.ee\/#\/schema\/logo\/image\/\"},\"sameAs\":[\"https:\/\/www.instagram.com\/ida.korea\/\"]}]}<\/script>\n<!-- \/ Yoast SEO plugin. -->","yoast_head_json":{"title":"Pyunkang Yul 1\/3 Cotton Pad, 160pcs - IDA.KOREA","description":"Multi-purpose cotton pads are perfect for a variety of purposes: removing makeup, cleansing the skin, applying toner or essence, as well as using them as a fast-acting topical mask.","robots":{"index":"index","follow":"follow","max-snippet":"max-snippet:-1","max-image-preview":"max-image-preview:large","max-video-preview":"max-video-preview:-1"},"canonical":"https:\/\/idakorea.ee\/en\/product\/pyunkang-yul-1-3-cotton-pad-160tk\/","og_locale":"en_US","og_type":"article","og_title":"Pyunkang Yul 1\/3 Cotton Pad, 160tk - IDA.KOREA","og_description":"Mitmeotstarbelised vatipadjad sobivad suurep\u00e4raselt erinevateks eesm\u00e4rkideks: meigi eemaldamiseks, naha puhastamiseks, tooniku v\u00f5i essentsi pealekandmiseks, samuti kiiretoimelise lokaalse maskina kasutamiseks.","og_url":"https:\/\/idakorea.ee\/en\/product\/pyunkang-yul-1-3-cotton-pad-160tk\/","og_site_name":"IDA.KOREA","article_modified_time":"2026-03-28T09:22:02+00:00","og_image":[{"width":1000,"height":1000,"url":"https:\/\/idakorea.ee\/wp-content\/uploads\/2025\/08\/pyunkang-yul-cotton-pad-idakorea.png","type":"image\/png"}],"twitter_card":"summary_large_image","twitter_misc":{"Est. reading time":"1 minute"},"schema":{"@context":"https:\/\/schema.org","@graph":[{"@type":"WebPage","@id":"https:\/\/idakorea.ee\/product\/pyunkang-yul-1-3-cotton-pad-160tk\/","url":"https:\/\/idakorea.ee\/product\/pyunkang-yul-1-3-cotton-pad-160tk\/","name":"Pyunkang Yul 1\/3 Cotton Pad, 160pcs - IDA.KOREA","isPartOf":{"@id":"https:\/\/idakorea.ee\/#website"},"primaryImageOfPage":{"@id":"https:\/\/idakorea.ee\/product\/pyunkang-yul-1-3-cotton-pad-160tk\/#primaryimage"},"image":{"@id":"https:\/\/idakorea.ee\/product\/pyunkang-yul-1-3-cotton-pad-160tk\/#primaryimage"},"thumbnailUrl":"https:\/\/idakorea.ee\/wp-content\/uploads\/2025\/08\/pyunkang-yul-cotton-pad-idakorea.png","datePublished":"2025-08-11T11:50:09+00:00","dateModified":"2026-03-28T09:22:02+00:00","description":"Multi-purpose cotton pads are perfect for a variety of purposes: removing makeup, cleansing the skin, applying toner or essence, as well as using them as a fast-acting topical mask.","breadcrumb":{"@id":"https:\/\/idakorea.ee\/product\/pyunkang-yul-1-3-cotton-pad-160tk\/#breadcrumb"},"inLanguage":"en-US","potentialAction":[{"@type":"ReadAction","target":["https:\/\/idakorea.ee\/product\/pyunkang-yul-1-3-cotton-pad-160tk\/"]}]},{"@type":"ImageObject","inLanguage":"en-US","@id":"https:\/\/idakorea.ee\/product\/pyunkang-yul-1-3-cotton-pad-160tk\/#primaryimage","url":"https:\/\/idakorea.ee\/wp-content\/uploads\/2025\/08\/pyunkang-yul-cotton-pad-idakorea.png","contentUrl":"https:\/\/idakorea.ee\/wp-content\/uploads\/2025\/08\/pyunkang-yul-cotton-pad-idakorea.png","width":1000,"height":1000},{"@type":"BreadcrumbList","@id":"https:\/\/idakorea.ee\/product\/pyunkang-yul-1-3-cotton-pad-160tk\/#breadcrumb","itemListElement":[{"@type":"ListItem","position":1,"name":"\u0413\u043b\u0430\u0432\u043d\u0430\u044f \u0441\u0442\u0440\u0430\u043d\u0438\u0446\u0430","item":"https:\/\/idakorea.ee\/"},{"@type":"ListItem","position":2,"name":"Shop","item":"https:\/\/idakorea.ee\/shop-2\/"},{"@type":"ListItem","position":3,"name":"Mitmeotstarbelised vatipadjad Pyunkang Yul 1\/3 Cotton Pad, 160tk"}]},{"@type":"WebSite","@id":"https:\/\/idakorea.ee\/#website","url":"https:\/\/idakorea.ee\/","name":"IDA.KOREA","description":"Korean cosmetics e-shop","publisher":{"@id":"https:\/\/idakorea.ee\/#organization"},"alternateName":"Beauty Shop","potentialAction":[{"@type":"SearchAction","target":{"@type":"EntryPoint","urlTemplate":"https:\/\/idakorea.ee\/?s={search_term_string}"},"query-input":{"@type":"PropertyValueSpecification","valueRequired":true,"valueName":"search_term_string"}}],"inLanguage":"en-US"},{"@type":"Organization","@id":"https:\/\/idakorea.ee\/#organization","name":"IDA.KOREA","url":"https:\/\/idakorea.ee\/","logo":{"@type":"ImageObject","inLanguage":"en-US","@id":"https:\/\/idakorea.ee\/#\/schema\/logo\/image\/","url":"https:\/\/idakorea.ee\/wp-content\/uploads\/2024\/05\/cropped-korea3.png","contentUrl":"https:\/\/idakorea.ee\/wp-content\/uploads\/2024\/05\/cropped-korea3.png","width":688,"height":126,"caption":"IDA.KOREA"},"image":{"@id":"https:\/\/idakorea.ee\/#\/schema\/logo\/image\/"},"sameAs":["https:\/\/www.instagram.com\/ida.korea\/"]}]}},"jetpack_sharing_enabled":true,"brands":[{"id":474,"name":"PYUNKANG YUL","slug":"pyunkang-yul"}],"_links":{"self":[{"href":"https:\/\/idakorea.ee\/en\/wp-json\/wp\/v2\/product\/15507","targetHints":{"allow":["GET"]}}],"collection":[{"href":"https:\/\/idakorea.ee\/en\/wp-json\/wp\/v2\/product"}],"about":[{"href":"https:\/\/idakorea.ee\/en\/wp-json\/wp\/v2\/types\/product"}],"replies":[{"embeddable":true,"href":"https:\/\/idakorea.ee\/en\/wp-json\/wp\/v2\/comments?post=15507"}],"version-history":[{"count":1,"href":"https:\/\/idakorea.ee\/en\/wp-json\/wp\/v2\/product\/15507\/revisions"}],"predecessor-version":[{"id":15511,"href":"https:\/\/idakorea.ee\/en\/wp-json\/wp\/v2\/product\/15507\/revisions\/15511"}],"wp:featuredmedia":[{"embeddable":true,"href":"https:\/\/idakorea.ee\/en\/wp-json\/wp\/v2\/media\/15508"}],"wp:attachment":[{"href":"https:\/\/idakorea.ee\/en\/wp-json\/wp\/v2\/media?parent=15507"}],"wp:term":[{"taxonomy":"pwb-brand","embeddable":true,"href":"https:\/\/idakorea.ee\/en\/wp-json\/wp\/v2\/pwb-brand?post=15507"},{"taxonomy":"product_brand","embeddable":true,"href":"https:\/\/idakorea.ee\/en\/wp-json\/wp\/v2\/product_brand?post=15507"},{"taxonomy":"product_cat","embeddable":true,"href":"https:\/\/idakorea.ee\/en\/wp-json\/wp\/v2\/product_cat?post=15507"},{"taxonomy":"product_tag","embeddable":true,"href":"https:\/\/idakorea.ee\/en\/wp-json\/wp\/v2\/product_tag?post=15507"}],"curies":[{"name":"wp","href":"https:\/\/api.w.org\/{rel}","templated":true}]}}