{"id":15530,"date":"2025-08-12T17:06:59","date_gmt":"2025-08-12T14:06:59","guid":{"rendered":"https:\/\/idakorea.ee\/?post_type=product&#038;p=15530"},"modified":"2026-01-29T16:28:31","modified_gmt":"2026-01-29T14:28:31","slug":"dear-klairs-midnight-blue-clearing-water-cream","status":"publish","type":"product","link":"https:\/\/idakorea.ee\/en\/product\/dear-klairs-midnight-blue-clearing-water-cream\/","title":{"rendered":"Dear, Klairs Midnight Blue Clearing Water Cream"},"content":{"rendered":"<p data-start=\"36\" data-end=\"274\"><strong data-start=\"36\" data-end=\"87\">Dear, Klairs Midnight Blue Clearing Water Cream<\/strong> \u2013 a light soothing face cream with guaiazulene reduces skin sensitivity, relieves irritation and itching, and reduces the risk of acne. Moisturizes and eliminates flaking, evens out skin tone.<\/p>\n<p data-start=\"276\" data-end=\"564\">The cream cools, reduces burning sensation and redness. Strengthens capillaries and reduces the intensity of the visible vascular network. Improves the skin&#039;s hydrolipidic barrier and increases its resistance to external irritants - dry air, sudden temperature changes, cold wind and UV radiation.<\/p>\n<p data-start=\"566\" data-end=\"643\">The product has a light consistency that absorbs quickly and does not leave a sticky layer.<\/p>\n<p data-start=\"645\" data-end=\"671\"><strong data-start=\"645\" data-end=\"669\">Main active ingredients:<\/strong><\/p>\n<ul data-start=\"672\" data-end=\"1575\">\n<li data-start=\"672\" data-end=\"887\">\n<p data-start=\"674\" data-end=\"887\"><strong data-start=\"674\" data-end=\"689\">Guaiazulene<\/strong> \u2013 obtained from azulene from chamomile essential oil, has anti-inflammatory and antibacterial effects, repairs microdamage, acts as an antioxidant and increases local skin immunity.<\/p>\n<\/li>\n<li data-start=\"888\" data-end=\"1077\">\n<p data-start=\"890\" data-end=\"1077\"><strong data-start=\"890\" data-end=\"931\">5 EGFs (epidermal growth factors)<\/strong> \u2013 stimulate cell activity and accelerate regeneration, reducing the appearance of wrinkles, increasing elasticity and combating dryness.<\/p>\n<\/li>\n<li data-start=\"1078\" data-end=\"1258\">\n<p data-start=\"1080\" data-end=\"1258\"><strong data-start=\"1080\" data-end=\"1112\">Niacinamide (vitamin B3)<\/strong> \u2013 slows down the penetration of melanin into the epidermis, preventing the formation of age spots. Regulates sebum secretion, reduces oily shine and tightens pores.<\/p>\n<\/li>\n<li data-start=\"1259\" data-end=\"1394\">\n<p data-start=\"1261\" data-end=\"1394\"><strong data-start=\"1261\" data-end=\"1282\">Chamomile hydrolate<\/strong> \u2013 soothes and softens, promotes healing, helps fight couperose and has an antibacterial effect.<\/p>\n<\/li>\n<li data-start=\"1395\" data-end=\"1575\">\n<p data-start=\"1397\" data-end=\"1575\"><strong data-start=\"1397\" data-end=\"1414\">Madekassosiid<\/strong> \u2013 reduces sensitivity, strengthens blood vessels and helps prevent couperose. Reduces redness and irritation, promotes healing and restoration of the skin&#039;s protective barrier.<\/p>\n<\/li>\n<\/ul>\n<p data-start=\"1577\" data-end=\"1609\">Suitable for all skin types.<\/p>\n<p data-start=\"1611\" data-end=\"1728\"><strong data-start=\"1611\" data-end=\"1626\">Usage:<\/strong> After cleansing, toning and serum, apply the cream to your face and spread evenly over your skin.<\/p>","protected":false},"excerpt":{"rendered":"<p>Dear, Klairs Midnight Blue Clearing Water Cream \u2013 a light soothing face cream with guaiazulene reduces skin sensitivity, relieves irritation and itching, and reduces the risk of acne. Moisturizes and eliminates flaking, evens out skin tone. The cream cools, reduces burning and redness. Strengthens capillaries and reduces the intensity of the visible vascular network. Improves the skin&#039;s hydrolipidic barrier and increases its resistance to external irritants \u2013 dry\u2026<\/p>","protected":false},"featured_media":15531,"comment_status":"open","ping_status":"closed","template":"","meta":{"_uf_show_specific_survey":0,"_uf_disable_surveys":false,"_bst_post_transparent":"default","_bst_post_title":"","_bst_post_layout":"default","_bst_post_sidebar_id":"","_bst_post_content_style":"default","_bst_post_vertical_padding":"default","_bst_post_feature":"","_bst_post_feature_position":"","_bst_post_header":false,"_bst_post_footer":false},"pwb-brand":[891],"product_brand":[],"product_cat":[92,96],"product_tag":[976,439],"class_list":{"0":"post-15530","1":"product","2":"type-product","3":"status-publish","4":"has-post-thumbnail","6":"pwb-brand-dear","7":"product_cat-nagu","8":"product_cat-naokreemid","9":"product_tag-kreem","10":"product_tag-rahustav","12":"first","13":"instock","14":"sale","15":"shipping-taxable","16":"purchasable","17":"product-type-variable","18":"has-default-attributes","19":"entry","20":"content-bg","21":"loop-entry"},"supplier_id":null,"supplier_sku":"","barcode":null,"atum_controlled":true,"out_stock_date":"2025-09-19 11:51:43","out_stock_threshold":null,"inheritable":true,"inbound_stock":0,"stock_on_hold":0,"sold_today":0,"sales_last_days":0,"out_stock_days":206,"lost_sales":0,"has_location":false,"update_date":"2026-04-14T00:05:07","atum_locations":[],"atum_stock_status":"instock","restock_status":false,"low_stock_amount":"","sales_update_date":"2026-04-14T00:05:07","calc_backorders":null,"yoast_head":"<!-- This site is optimized with the Yoast SEO plugin v27.2 - https:\/\/yoast.com\/product\/yoast-seo-wordpress\/ -->\n<title>Dear, Klairs Midnight Blue Clearing Water Cream - IDA.KOREA<\/title>\n<meta name=\"description\" content=\"Kreem rahustab, jahutab ja tugevdab tundlikku nahka. Niisutab, \u00fchtlustab tooni ja kaitseb nahka v\u00e4liste m\u00f5jude eest. Sobib k\u00f5ikidele nahat\u00fc\u00fcpidele.\" \/>\n<meta name=\"robots\" content=\"index, follow, max-snippet:-1, max-image-preview:large, max-video-preview:-1\" \/>\n<link rel=\"canonical\" href=\"https:\/\/idakorea.ee\/en\/product\/dear-klairs-midnight-blue-clearing-water-cream\/\" \/>\n<meta property=\"og:locale\" content=\"en_US\" \/>\n<meta property=\"og:type\" content=\"article\" \/>\n<meta property=\"og:title\" content=\"Dear, Klairs Midnight Blue Clearing Water Cream - IDA.KOREA\" \/>\n<meta property=\"og:description\" content=\"Kreem rahustab, jahutab ja tugevdab tundlikku nahka. Niisutab, \u00fchtlustab tooni ja kaitseb nahka v\u00e4liste m\u00f5jude eest. Sobib k\u00f5ikidele nahat\u00fc\u00fcpidele.\" \/>\n<meta property=\"og:url\" content=\"https:\/\/idakorea.ee\/en\/product\/dear-klairs-midnight-blue-clearing-water-cream\/\" \/>\n<meta property=\"og:site_name\" content=\"IDA.KOREA\" \/>\n<meta property=\"article:modified_time\" content=\"2026-01-29T14:28:31+00:00\" \/>\n<meta property=\"og:image\" content=\"https:\/\/idakorea.ee\/wp-content\/uploads\/2025\/08\/dear-klairs-midnight-blue-slearing-water-cream-idakorea.jpg\" \/>\n\t<meta property=\"og:image:width\" content=\"1000\" \/>\n\t<meta property=\"og:image:height\" content=\"1000\" \/>\n\t<meta property=\"og:image:type\" content=\"image\/jpeg\" \/>\n<meta name=\"twitter:card\" content=\"summary_large_image\" \/>\n<meta name=\"twitter:label1\" content=\"Est. reading time\" \/>\n\t<meta name=\"twitter:data1\" content=\"2 minutes\" \/>\n<script type=\"application\/ld+json\" class=\"yoast-schema-graph\">{\"@context\":\"https:\/\/schema.org\",\"@graph\":[{\"@type\":\"WebPage\",\"@id\":\"https:\/\/idakorea.ee\/product\/dear-klairs-midnight-blue-clearing-water-cream\/\",\"url\":\"https:\/\/idakorea.ee\/product\/dear-klairs-midnight-blue-clearing-water-cream\/\",\"name\":\"Dear, Klairs Midnight Blue Clearing Water Cream - IDA.KOREA\",\"isPartOf\":{\"@id\":\"https:\/\/idakorea.ee\/#website\"},\"primaryImageOfPage\":{\"@id\":\"https:\/\/idakorea.ee\/product\/dear-klairs-midnight-blue-clearing-water-cream\/#primaryimage\"},\"image\":{\"@id\":\"https:\/\/idakorea.ee\/product\/dear-klairs-midnight-blue-clearing-water-cream\/#primaryimage\"},\"thumbnailUrl\":\"https:\/\/idakorea.ee\/wp-content\/uploads\/2025\/08\/dear-klairs-midnight-blue-slearing-water-cream-idakorea.jpg\",\"datePublished\":\"2025-08-12T14:06:59+00:00\",\"dateModified\":\"2026-01-29T14:28:31+00:00\",\"description\":\"Kreem rahustab, jahutab ja tugevdab tundlikku nahka. Niisutab, \u00fchtlustab tooni ja kaitseb nahka v\u00e4liste m\u00f5jude eest. Sobib k\u00f5ikidele nahat\u00fc\u00fcpidele.\",\"breadcrumb\":{\"@id\":\"https:\/\/idakorea.ee\/product\/dear-klairs-midnight-blue-clearing-water-cream\/#breadcrumb\"},\"inLanguage\":\"en-US\",\"potentialAction\":[{\"@type\":\"ReadAction\",\"target\":[\"https:\/\/idakorea.ee\/product\/dear-klairs-midnight-blue-clearing-water-cream\/\"]}]},{\"@type\":\"ImageObject\",\"inLanguage\":\"en-US\",\"@id\":\"https:\/\/idakorea.ee\/product\/dear-klairs-midnight-blue-clearing-water-cream\/#primaryimage\",\"url\":\"https:\/\/idakorea.ee\/wp-content\/uploads\/2025\/08\/dear-klairs-midnight-blue-slearing-water-cream-idakorea.jpg\",\"contentUrl\":\"https:\/\/idakorea.ee\/wp-content\/uploads\/2025\/08\/dear-klairs-midnight-blue-slearing-water-cream-idakorea.jpg\",\"width\":1000,\"height\":1000},{\"@type\":\"BreadcrumbList\",\"@id\":\"https:\/\/idakorea.ee\/product\/dear-klairs-midnight-blue-clearing-water-cream\/#breadcrumb\",\"itemListElement\":[{\"@type\":\"ListItem\",\"position\":1,\"name\":\"\u0413\u043b\u0430\u0432\u043d\u0430\u044f \u0441\u0442\u0440\u0430\u043d\u0438\u0446\u0430\",\"item\":\"https:\/\/idakorea.ee\/\"},{\"@type\":\"ListItem\",\"position\":2,\"name\":\"Shop\",\"item\":\"https:\/\/idakorea.ee\/shop-2\/\"},{\"@type\":\"ListItem\",\"position\":3,\"name\":\"Kerge rahustav n\u00e4okreem Dear, Klairs Midnight Blue Clearing Water Cream\"}]},{\"@type\":\"WebSite\",\"@id\":\"https:\/\/idakorea.ee\/#website\",\"url\":\"https:\/\/idakorea.ee\/\",\"name\":\"IDA.KOREA\",\"description\":\"Korea kosmeetika e-pood\",\"publisher\":{\"@id\":\"https:\/\/idakorea.ee\/#organization\"},\"alternateName\":\"Beauty Shop\",\"potentialAction\":[{\"@type\":\"SearchAction\",\"target\":{\"@type\":\"EntryPoint\",\"urlTemplate\":\"https:\/\/idakorea.ee\/?s={search_term_string}\"},\"query-input\":{\"@type\":\"PropertyValueSpecification\",\"valueRequired\":true,\"valueName\":\"search_term_string\"}}],\"inLanguage\":\"en-US\"},{\"@type\":\"Organization\",\"@id\":\"https:\/\/idakorea.ee\/#organization\",\"name\":\"IDA.KOREA\",\"url\":\"https:\/\/idakorea.ee\/\",\"logo\":{\"@type\":\"ImageObject\",\"inLanguage\":\"en-US\",\"@id\":\"https:\/\/idakorea.ee\/#\/schema\/logo\/image\/\",\"url\":\"https:\/\/idakorea.ee\/wp-content\/uploads\/2024\/05\/cropped-korea3.png\",\"contentUrl\":\"https:\/\/idakorea.ee\/wp-content\/uploads\/2024\/05\/cropped-korea3.png\",\"width\":688,\"height\":126,\"caption\":\"IDA.KOREA\"},\"image\":{\"@id\":\"https:\/\/idakorea.ee\/#\/schema\/logo\/image\/\"},\"sameAs\":[\"https:\/\/www.instagram.com\/ida.korea\/\"]}]}<\/script>\n<!-- \/ Yoast SEO plugin. -->","yoast_head_json":{"title":"Dear, Klairs Midnight Blue Clearing Water Cream - IDA.KOREA","description":"The cream soothes, cools and strengthens sensitive skin. Moisturizes, evens out skin tone and protects the skin from external influences. Suitable for all skin types.","robots":{"index":"index","follow":"follow","max-snippet":"max-snippet:-1","max-image-preview":"max-image-preview:large","max-video-preview":"max-video-preview:-1"},"canonical":"https:\/\/idakorea.ee\/en\/product\/dear-klairs-midnight-blue-clearing-water-cream\/","og_locale":"en_US","og_type":"article","og_title":"Dear, Klairs Midnight Blue Clearing Water Cream - IDA.KOREA","og_description":"Kreem rahustab, jahutab ja tugevdab tundlikku nahka. Niisutab, \u00fchtlustab tooni ja kaitseb nahka v\u00e4liste m\u00f5jude eest. Sobib k\u00f5ikidele nahat\u00fc\u00fcpidele.","og_url":"https:\/\/idakorea.ee\/en\/product\/dear-klairs-midnight-blue-clearing-water-cream\/","og_site_name":"IDA.KOREA","article_modified_time":"2026-01-29T14:28:31+00:00","og_image":[{"width":1000,"height":1000,"url":"https:\/\/idakorea.ee\/wp-content\/uploads\/2025\/08\/dear-klairs-midnight-blue-slearing-water-cream-idakorea.jpg","type":"image\/jpeg"}],"twitter_card":"summary_large_image","twitter_misc":{"Est. reading time":"2 minutes"},"schema":{"@context":"https:\/\/schema.org","@graph":[{"@type":"WebPage","@id":"https:\/\/idakorea.ee\/product\/dear-klairs-midnight-blue-clearing-water-cream\/","url":"https:\/\/idakorea.ee\/product\/dear-klairs-midnight-blue-clearing-water-cream\/","name":"Dear, Klairs Midnight Blue Clearing Water Cream - IDA.KOREA","isPartOf":{"@id":"https:\/\/idakorea.ee\/#website"},"primaryImageOfPage":{"@id":"https:\/\/idakorea.ee\/product\/dear-klairs-midnight-blue-clearing-water-cream\/#primaryimage"},"image":{"@id":"https:\/\/idakorea.ee\/product\/dear-klairs-midnight-blue-clearing-water-cream\/#primaryimage"},"thumbnailUrl":"https:\/\/idakorea.ee\/wp-content\/uploads\/2025\/08\/dear-klairs-midnight-blue-slearing-water-cream-idakorea.jpg","datePublished":"2025-08-12T14:06:59+00:00","dateModified":"2026-01-29T14:28:31+00:00","description":"The cream soothes, cools and strengthens sensitive skin. Moisturizes, evens out skin tone and protects the skin from external influences. Suitable for all skin types.","breadcrumb":{"@id":"https:\/\/idakorea.ee\/product\/dear-klairs-midnight-blue-clearing-water-cream\/#breadcrumb"},"inLanguage":"en-US","potentialAction":[{"@type":"ReadAction","target":["https:\/\/idakorea.ee\/product\/dear-klairs-midnight-blue-clearing-water-cream\/"]}]},{"@type":"ImageObject","inLanguage":"en-US","@id":"https:\/\/idakorea.ee\/product\/dear-klairs-midnight-blue-clearing-water-cream\/#primaryimage","url":"https:\/\/idakorea.ee\/wp-content\/uploads\/2025\/08\/dear-klairs-midnight-blue-slearing-water-cream-idakorea.jpg","contentUrl":"https:\/\/idakorea.ee\/wp-content\/uploads\/2025\/08\/dear-klairs-midnight-blue-slearing-water-cream-idakorea.jpg","width":1000,"height":1000},{"@type":"BreadcrumbList","@id":"https:\/\/idakorea.ee\/product\/dear-klairs-midnight-blue-clearing-water-cream\/#breadcrumb","itemListElement":[{"@type":"ListItem","position":1,"name":"\u0413\u043b\u0430\u0432\u043d\u0430\u044f \u0441\u0442\u0440\u0430\u043d\u0438\u0446\u0430","item":"https:\/\/idakorea.ee\/"},{"@type":"ListItem","position":2,"name":"Shop","item":"https:\/\/idakorea.ee\/shop-2\/"},{"@type":"ListItem","position":3,"name":"Kerge rahustav n\u00e4okreem Dear, Klairs Midnight Blue Clearing Water Cream"}]},{"@type":"WebSite","@id":"https:\/\/idakorea.ee\/#website","url":"https:\/\/idakorea.ee\/","name":"IDA.KOREA","description":"Korean cosmetics e-shop","publisher":{"@id":"https:\/\/idakorea.ee\/#organization"},"alternateName":"Beauty Shop","potentialAction":[{"@type":"SearchAction","target":{"@type":"EntryPoint","urlTemplate":"https:\/\/idakorea.ee\/?s={search_term_string}"},"query-input":{"@type":"PropertyValueSpecification","valueRequired":true,"valueName":"search_term_string"}}],"inLanguage":"en-US"},{"@type":"Organization","@id":"https:\/\/idakorea.ee\/#organization","name":"IDA.KOREA","url":"https:\/\/idakorea.ee\/","logo":{"@type":"ImageObject","inLanguage":"en-US","@id":"https:\/\/idakorea.ee\/#\/schema\/logo\/image\/","url":"https:\/\/idakorea.ee\/wp-content\/uploads\/2024\/05\/cropped-korea3.png","contentUrl":"https:\/\/idakorea.ee\/wp-content\/uploads\/2024\/05\/cropped-korea3.png","width":688,"height":126,"caption":"IDA.KOREA"},"image":{"@id":"https:\/\/idakorea.ee\/#\/schema\/logo\/image\/"},"sameAs":["https:\/\/www.instagram.com\/ida.korea\/"]}]}},"jetpack_sharing_enabled":true,"brands":[{"id":891,"name":"DEAR, KLAIRS","slug":"dear"}],"_links":{"self":[{"href":"https:\/\/idakorea.ee\/en\/wp-json\/wp\/v2\/product\/15530","targetHints":{"allow":["GET"]}}],"collection":[{"href":"https:\/\/idakorea.ee\/en\/wp-json\/wp\/v2\/product"}],"about":[{"href":"https:\/\/idakorea.ee\/en\/wp-json\/wp\/v2\/types\/product"}],"replies":[{"embeddable":true,"href":"https:\/\/idakorea.ee\/en\/wp-json\/wp\/v2\/comments?post=15530"}],"version-history":[{"count":3,"href":"https:\/\/idakorea.ee\/en\/wp-json\/wp\/v2\/product\/15530\/revisions"}],"predecessor-version":[{"id":15928,"href":"https:\/\/idakorea.ee\/en\/wp-json\/wp\/v2\/product\/15530\/revisions\/15928"}],"wp:featuredmedia":[{"embeddable":true,"href":"https:\/\/idakorea.ee\/en\/wp-json\/wp\/v2\/media\/15531"}],"wp:attachment":[{"href":"https:\/\/idakorea.ee\/en\/wp-json\/wp\/v2\/media?parent=15530"}],"wp:term":[{"taxonomy":"pwb-brand","embeddable":true,"href":"https:\/\/idakorea.ee\/en\/wp-json\/wp\/v2\/pwb-brand?post=15530"},{"taxonomy":"product_brand","embeddable":true,"href":"https:\/\/idakorea.ee\/en\/wp-json\/wp\/v2\/product_brand?post=15530"},{"taxonomy":"product_cat","embeddable":true,"href":"https:\/\/idakorea.ee\/en\/wp-json\/wp\/v2\/product_cat?post=15530"},{"taxonomy":"product_tag","embeddable":true,"href":"https:\/\/idakorea.ee\/en\/wp-json\/wp\/v2\/product_tag?post=15530"}],"curies":[{"name":"wp","href":"https:\/\/api.w.org\/{rel}","templated":true}]}}