{"id":15536,"date":"2025-08-12T17:25:18","date_gmt":"2025-08-12T14:25:18","guid":{"rendered":"https:\/\/idakorea.ee\/?post_type=product&#038;p=15536"},"modified":"2026-04-13T17:06:51","modified_gmt":"2026-04-13T15:06:51","slug":"celimax-dual-barrier-mild-gel-cleanser","status":"publish","type":"product","link":"https:\/\/idakorea.ee\/en\/product\/celimax-dual-barrier-mild-gel-cleanser\/","title":{"rendered":"Celimax Dual Barrier Mild Gel Cleanser, 200ml"},"content":{"rendered":"<p data-start=\"36\" data-end=\"313\"><strong data-start=\"36\" data-end=\"78\">Celimax Dual Barrier Mild Gel Cleanser<\/strong> \u2013 gentle facial cleansing gel-foam with a ceramide complex delicately cleanses the skin, removes all dirt, makeup residue and excess oil. Does not disrupt the skin&#039;s protective barrier or damage the lipid layer, does not cause dryness or a feeling of tightness.<\/p>\n<p data-start=\"315\" data-end=\"399\">Contains plant-based surfactants that are safe even for hypersensitive skin:<\/p>\n<ul data-start=\"400\" data-end=\"606\">\n<li data-start=\"400\" data-end=\"501\">\n<p data-start=\"402\" data-end=\"501\"><strong data-start=\"402\" data-end=\"430\">Sodium cocoyl glutamate<\/strong> \u2013 derived from coconut oil, forms a rich lather and cleanses deeply.<\/p>\n<\/li>\n<li data-start=\"502\" data-end=\"606\">\n<p data-start=\"504\" data-end=\"606\"><strong data-start=\"504\" data-end=\"531\">Cocamidopropyl betaine<\/strong> \u2013 derived from coconut oil, soothes irritation and strengthens the skin&#039;s protective barrier.<\/p>\n<\/li>\n<\/ul>\n<p data-start=\"608\" data-end=\"864\">The balanced composition maintains optimal moisture levels after washing. The product has a pH of 5.20 \u00b1 0.50 - the slightly acidic formula supports healthy skin microbiota and neutralizes the aggressive effects of tap water. Does not contain fragrances or essential oils.<\/p>\n<p data-start=\"866\" data-end=\"892\"><strong data-start=\"866\" data-end=\"890\">Main active ingredients:<\/strong><\/p>\n<ul data-start=\"893\" data-end=\"1692\">\n<li data-start=\"893\" data-end=\"1081\">\n<p data-start=\"895\" data-end=\"1081\"><strong data-start=\"895\" data-end=\"928\">5 types of ceramide complex<\/strong> \u2013 restores the integrity of the stratum corneum, strengthens the natural protective barrier, reduces sensitivity to external irritants, eliminates dryness and flaking.<\/p>\n<\/li>\n<li data-start=\"1082\" data-end=\"1283\">\n<p data-start=\"1084\" data-end=\"1283\"><strong data-start=\"1084\" data-end=\"1114\">Vitamin C (ascorbic acid)<\/strong> \u2013 in acid form, has an antioxidant effect, protects cells from free radicals, slows down the aging process, prevents the formation of age spots and evens out skin tone.<\/p>\n<\/li>\n<li data-start=\"1284\" data-end=\"1405\">\n<p data-start=\"1286\" data-end=\"1405\"><strong data-start=\"1286\" data-end=\"1310\">Myrotamnus extract<\/strong> \u2013 eliminates dull and gray complexion, stimulates regeneration, reduces dryness and flaking.<\/p>\n<\/li>\n<li data-start=\"1406\" data-end=\"1552\">\n<p data-start=\"1408\" data-end=\"1552\"><strong data-start=\"1408\" data-end=\"1441\">Cholesterol and phytosphingosine<\/strong> \u2013 lipids of the skin&#039;s natural hydrolipidic layer, which have anti-inflammatory effects and accelerate healing.<\/p>\n<\/li>\n<li data-start=\"1553\" data-end=\"1692\">\n<p data-start=\"1555\" data-end=\"1692\"><strong data-start=\"1555\" data-end=\"1567\">Betaine<\/strong> \u2013 makes the skin smooth and soft, retains moisture for a long time, protects cell membranes from damage and reduces irritation.<\/p>\n<\/li>\n<\/ul>\n<p data-start=\"1694\" data-end=\"1744\">Suitable for dry, normal and sensitive skin.<\/p>\n<p data-start=\"1746\" data-end=\"1849\"><strong data-start=\"1746\" data-end=\"1761\">Usage:<\/strong> Lather the product in your palms, apply to your face, spread in circular motions, and rinse with water.<\/p>","protected":false},"excerpt":{"rendered":"<p>Celimax Dual Barrier Mild Gel Cleanser \u2013 gentle facial cleansing gel-foam with a ceramide complex delicately cleanses the skin, removes all dirt, makeup residue and excess sebum. Does not violate the skin&#039;s protective barrier or damage the lipid layer, does not cause dryness or a feeling of tightness. Contains plant-based surfactants that are safe even for highly sensitive skin: Sodium cocoyl glutamate \u2013 derived from coconut oil, forms a rich foam and cleanses deeply\u2026.<\/p>","protected":false},"featured_media":15539,"comment_status":"open","ping_status":"closed","template":"","meta":{"_uf_show_specific_survey":0,"_uf_disable_surveys":false,"_bst_post_transparent":"default","_bst_post_title":"","_bst_post_layout":"default","_bst_post_sidebar_id":"","_bst_post_content_style":"default","_bst_post_vertical_padding":"default","_bst_post_feature":"","_bst_post_feature_position":"","_bst_post_header":false,"_bst_post_footer":false},"pwb-brand":[885],"product_brand":[],"product_cat":[92,452],"product_tag":[886,954,977],"class_list":{"0":"post-15536","1":"product","2":"type-product","3":"status-publish","4":"has-post-thumbnail","6":"pwb-brand-celimax","7":"product_cat-nagu","8":"product_cat-naopuhastusgeelid","9":"product_tag-celimax","10":"product_tag-puhastus","11":"product_tag-vaht","13":"first","14":"instock","15":"sale","16":"shipping-taxable","17":"purchasable","18":"product-type-simple","19":"entry","20":"content-bg","21":"loop-entry"},"supplier_id":null,"supplier_sku":"","barcode":null,"atum_controlled":true,"out_stock_date":null,"out_stock_threshold":null,"inheritable":false,"inbound_stock":0,"stock_on_hold":0,"sold_today":0,"sales_last_days":4,"out_stock_days":0,"lost_sales":0,"has_location":false,"update_date":"2026-04-14T09:59:58","atum_locations":[],"atum_stock_status":"instock","restock_status":true,"low_stock_amount":"","sales_update_date":"2026-04-14T09:59:58","calc_backorders":null,"yoast_head":"<!-- This site is optimized with the Yoast SEO plugin v27.2 - https:\/\/yoast.com\/product\/yoast-seo-wordpress\/ -->\n<title>Celimax Dual Barrier Mild Gel Cleanser - IDA.KOREA<\/title>\n<meta name=\"description\" content=\"Puhastab \u00f5rnalt, eemaldab mustuse ja meigi j\u00e4\u00e4gid, s\u00e4ilitades naha niiskustasakaalu. Sisaldab 5 t\u00fc\u00fcpi tseramiide, vitamiin C-d ja beetaiini, mis tugevdavad kaitsebarj\u00e4\u00e4ri, niisutavad ja rahustavad nahka.\" \/>\n<meta name=\"robots\" content=\"index, follow, max-snippet:-1, max-image-preview:large, max-video-preview:-1\" \/>\n<link rel=\"canonical\" href=\"https:\/\/idakorea.ee\/en\/product\/celimax-dual-barrier-mild-gel-cleanser\/\" \/>\n<meta property=\"og:locale\" content=\"en_US\" \/>\n<meta property=\"og:type\" content=\"article\" \/>\n<meta property=\"og:title\" content=\"Celimax Dual Barrier Mild Gel Cleanser - IDA.KOREA\" \/>\n<meta property=\"og:description\" content=\"Puhastab \u00f5rnalt, eemaldab mustuse ja meigi j\u00e4\u00e4gid, s\u00e4ilitades naha niiskustasakaalu. Sisaldab 5 t\u00fc\u00fcpi tseramiide, vitamiin C-d ja beetaiini, mis tugevdavad kaitsebarj\u00e4\u00e4ri, niisutavad ja rahustavad nahka.\" \/>\n<meta property=\"og:url\" content=\"https:\/\/idakorea.ee\/en\/product\/celimax-dual-barrier-mild-gel-cleanser\/\" \/>\n<meta property=\"og:site_name\" content=\"IDA.KOREA\" \/>\n<meta property=\"article:modified_time\" content=\"2026-04-13T15:06:51+00:00\" \/>\n<meta property=\"og:image\" content=\"https:\/\/idakorea.ee\/wp-content\/uploads\/2025\/08\/celimax-dual-barrier-mild-gel-cleanser-idakorea-1.webp\" \/>\n\t<meta property=\"og:image:width\" content=\"1000\" \/>\n\t<meta property=\"og:image:height\" content=\"1000\" \/>\n\t<meta property=\"og:image:type\" content=\"image\/webp\" \/>\n<meta name=\"twitter:card\" content=\"summary_large_image\" \/>\n<meta name=\"twitter:label1\" content=\"Est. reading time\" \/>\n\t<meta name=\"twitter:data1\" content=\"2 minutes\" \/>\n<script type=\"application\/ld+json\" class=\"yoast-schema-graph\">{\"@context\":\"https:\/\/schema.org\",\"@graph\":[{\"@type\":\"WebPage\",\"@id\":\"https:\/\/idakorea.ee\/product\/celimax-dual-barrier-mild-gel-cleanser\/\",\"url\":\"https:\/\/idakorea.ee\/product\/celimax-dual-barrier-mild-gel-cleanser\/\",\"name\":\"Celimax Dual Barrier Mild Gel Cleanser - IDA.KOREA\",\"isPartOf\":{\"@id\":\"https:\/\/idakorea.ee\/#website\"},\"primaryImageOfPage\":{\"@id\":\"https:\/\/idakorea.ee\/product\/celimax-dual-barrier-mild-gel-cleanser\/#primaryimage\"},\"image\":{\"@id\":\"https:\/\/idakorea.ee\/product\/celimax-dual-barrier-mild-gel-cleanser\/#primaryimage\"},\"thumbnailUrl\":\"https:\/\/idakorea.ee\/wp-content\/uploads\/2025\/08\/celimax-dual-barrier-mild-gel-cleanser-idakorea-1.webp\",\"datePublished\":\"2025-08-12T14:25:18+00:00\",\"dateModified\":\"2026-04-13T15:06:51+00:00\",\"description\":\"Puhastab \u00f5rnalt, eemaldab mustuse ja meigi j\u00e4\u00e4gid, s\u00e4ilitades naha niiskustasakaalu. Sisaldab 5 t\u00fc\u00fcpi tseramiide, vitamiin C-d ja beetaiini, mis tugevdavad kaitsebarj\u00e4\u00e4ri, niisutavad ja rahustavad nahka.\",\"breadcrumb\":{\"@id\":\"https:\/\/idakorea.ee\/product\/celimax-dual-barrier-mild-gel-cleanser\/#breadcrumb\"},\"inLanguage\":\"en-US\",\"potentialAction\":[{\"@type\":\"ReadAction\",\"target\":[\"https:\/\/idakorea.ee\/product\/celimax-dual-barrier-mild-gel-cleanser\/\"]}]},{\"@type\":\"ImageObject\",\"inLanguage\":\"en-US\",\"@id\":\"https:\/\/idakorea.ee\/product\/celimax-dual-barrier-mild-gel-cleanser\/#primaryimage\",\"url\":\"https:\/\/idakorea.ee\/wp-content\/uploads\/2025\/08\/celimax-dual-barrier-mild-gel-cleanser-idakorea-1.webp\",\"contentUrl\":\"https:\/\/idakorea.ee\/wp-content\/uploads\/2025\/08\/celimax-dual-barrier-mild-gel-cleanser-idakorea-1.webp\",\"width\":1000,\"height\":1000},{\"@type\":\"BreadcrumbList\",\"@id\":\"https:\/\/idakorea.ee\/product\/celimax-dual-barrier-mild-gel-cleanser\/#breadcrumb\",\"itemListElement\":[{\"@type\":\"ListItem\",\"position\":1,\"name\":\"\u0413\u043b\u0430\u0432\u043d\u0430\u044f \u0441\u0442\u0440\u0430\u043d\u0438\u0446\u0430\",\"item\":\"https:\/\/idakorea.ee\/\"},{\"@type\":\"ListItem\",\"position\":2,\"name\":\"Shop\",\"item\":\"https:\/\/idakorea.ee\/shop-2\/\"},{\"@type\":\"ListItem\",\"position\":3,\"name\":\"\u00d5rn n\u00e4opuhastusgeel-vaht Celimax Dual Barrier Mild Gel Cleanser, 200ml\"}]},{\"@type\":\"WebSite\",\"@id\":\"https:\/\/idakorea.ee\/#website\",\"url\":\"https:\/\/idakorea.ee\/\",\"name\":\"IDA.KOREA\",\"description\":\"Korea kosmeetika e-pood\",\"publisher\":{\"@id\":\"https:\/\/idakorea.ee\/#organization\"},\"alternateName\":\"Beauty Shop\",\"potentialAction\":[{\"@type\":\"SearchAction\",\"target\":{\"@type\":\"EntryPoint\",\"urlTemplate\":\"https:\/\/idakorea.ee\/?s={search_term_string}\"},\"query-input\":{\"@type\":\"PropertyValueSpecification\",\"valueRequired\":true,\"valueName\":\"search_term_string\"}}],\"inLanguage\":\"en-US\"},{\"@type\":\"Organization\",\"@id\":\"https:\/\/idakorea.ee\/#organization\",\"name\":\"IDA.KOREA\",\"url\":\"https:\/\/idakorea.ee\/\",\"logo\":{\"@type\":\"ImageObject\",\"inLanguage\":\"en-US\",\"@id\":\"https:\/\/idakorea.ee\/#\/schema\/logo\/image\/\",\"url\":\"https:\/\/idakorea.ee\/wp-content\/uploads\/2024\/05\/cropped-korea3.png\",\"contentUrl\":\"https:\/\/idakorea.ee\/wp-content\/uploads\/2024\/05\/cropped-korea3.png\",\"width\":688,\"height\":126,\"caption\":\"IDA.KOREA\"},\"image\":{\"@id\":\"https:\/\/idakorea.ee\/#\/schema\/logo\/image\/\"},\"sameAs\":[\"https:\/\/www.instagram.com\/ida.korea\/\"]}]}<\/script>\n<!-- \/ Yoast SEO plugin. -->","yoast_head_json":{"title":"Celimax Dual Barrier Mild Gel Cleanser - IDA.KOREA","description":"Gently cleanses, removes dirt and makeup residue, while maintaining the skin&#039;s moisture balance. Contains 5 types of ceramides, vitamin Cd and betaine, which strengthen the protective barrier, moisturize and soothe the skin.","robots":{"index":"index","follow":"follow","max-snippet":"max-snippet:-1","max-image-preview":"max-image-preview:large","max-video-preview":"max-video-preview:-1"},"canonical":"https:\/\/idakorea.ee\/en\/product\/celimax-dual-barrier-mild-gel-cleanser\/","og_locale":"en_US","og_type":"article","og_title":"Celimax Dual Barrier Mild Gel Cleanser - IDA.KOREA","og_description":"Puhastab \u00f5rnalt, eemaldab mustuse ja meigi j\u00e4\u00e4gid, s\u00e4ilitades naha niiskustasakaalu. Sisaldab 5 t\u00fc\u00fcpi tseramiide, vitamiin C-d ja beetaiini, mis tugevdavad kaitsebarj\u00e4\u00e4ri, niisutavad ja rahustavad nahka.","og_url":"https:\/\/idakorea.ee\/en\/product\/celimax-dual-barrier-mild-gel-cleanser\/","og_site_name":"IDA.KOREA","article_modified_time":"2026-04-13T15:06:51+00:00","og_image":[{"width":1000,"height":1000,"url":"https:\/\/idakorea.ee\/wp-content\/uploads\/2025\/08\/celimax-dual-barrier-mild-gel-cleanser-idakorea-1.webp","type":"image\/webp"}],"twitter_card":"summary_large_image","twitter_misc":{"Est. reading time":"2 minutes"},"schema":{"@context":"https:\/\/schema.org","@graph":[{"@type":"WebPage","@id":"https:\/\/idakorea.ee\/product\/celimax-dual-barrier-mild-gel-cleanser\/","url":"https:\/\/idakorea.ee\/product\/celimax-dual-barrier-mild-gel-cleanser\/","name":"Celimax Dual Barrier Mild Gel Cleanser - IDA.KOREA","isPartOf":{"@id":"https:\/\/idakorea.ee\/#website"},"primaryImageOfPage":{"@id":"https:\/\/idakorea.ee\/product\/celimax-dual-barrier-mild-gel-cleanser\/#primaryimage"},"image":{"@id":"https:\/\/idakorea.ee\/product\/celimax-dual-barrier-mild-gel-cleanser\/#primaryimage"},"thumbnailUrl":"https:\/\/idakorea.ee\/wp-content\/uploads\/2025\/08\/celimax-dual-barrier-mild-gel-cleanser-idakorea-1.webp","datePublished":"2025-08-12T14:25:18+00:00","dateModified":"2026-04-13T15:06:51+00:00","description":"Gently cleanses, removes dirt and makeup residue, while maintaining the skin&#039;s moisture balance. Contains 5 types of ceramides, vitamin Cd and betaine, which strengthen the protective barrier, moisturize and soothe the skin.","breadcrumb":{"@id":"https:\/\/idakorea.ee\/product\/celimax-dual-barrier-mild-gel-cleanser\/#breadcrumb"},"inLanguage":"en-US","potentialAction":[{"@type":"ReadAction","target":["https:\/\/idakorea.ee\/product\/celimax-dual-barrier-mild-gel-cleanser\/"]}]},{"@type":"ImageObject","inLanguage":"en-US","@id":"https:\/\/idakorea.ee\/product\/celimax-dual-barrier-mild-gel-cleanser\/#primaryimage","url":"https:\/\/idakorea.ee\/wp-content\/uploads\/2025\/08\/celimax-dual-barrier-mild-gel-cleanser-idakorea-1.webp","contentUrl":"https:\/\/idakorea.ee\/wp-content\/uploads\/2025\/08\/celimax-dual-barrier-mild-gel-cleanser-idakorea-1.webp","width":1000,"height":1000},{"@type":"BreadcrumbList","@id":"https:\/\/idakorea.ee\/product\/celimax-dual-barrier-mild-gel-cleanser\/#breadcrumb","itemListElement":[{"@type":"ListItem","position":1,"name":"\u0413\u043b\u0430\u0432\u043d\u0430\u044f \u0441\u0442\u0440\u0430\u043d\u0438\u0446\u0430","item":"https:\/\/idakorea.ee\/"},{"@type":"ListItem","position":2,"name":"Shop","item":"https:\/\/idakorea.ee\/shop-2\/"},{"@type":"ListItem","position":3,"name":"\u00d5rn n\u00e4opuhastusgeel-vaht Celimax Dual Barrier Mild Gel Cleanser, 200ml"}]},{"@type":"WebSite","@id":"https:\/\/idakorea.ee\/#website","url":"https:\/\/idakorea.ee\/","name":"IDA.KOREA","description":"Korean cosmetics e-shop","publisher":{"@id":"https:\/\/idakorea.ee\/#organization"},"alternateName":"Beauty Shop","potentialAction":[{"@type":"SearchAction","target":{"@type":"EntryPoint","urlTemplate":"https:\/\/idakorea.ee\/?s={search_term_string}"},"query-input":{"@type":"PropertyValueSpecification","valueRequired":true,"valueName":"search_term_string"}}],"inLanguage":"en-US"},{"@type":"Organization","@id":"https:\/\/idakorea.ee\/#organization","name":"IDA.KOREA","url":"https:\/\/idakorea.ee\/","logo":{"@type":"ImageObject","inLanguage":"en-US","@id":"https:\/\/idakorea.ee\/#\/schema\/logo\/image\/","url":"https:\/\/idakorea.ee\/wp-content\/uploads\/2024\/05\/cropped-korea3.png","contentUrl":"https:\/\/idakorea.ee\/wp-content\/uploads\/2024\/05\/cropped-korea3.png","width":688,"height":126,"caption":"IDA.KOREA"},"image":{"@id":"https:\/\/idakorea.ee\/#\/schema\/logo\/image\/"},"sameAs":["https:\/\/www.instagram.com\/ida.korea\/"]}]}},"jetpack_sharing_enabled":true,"brands":[{"id":885,"name":"CELIMAX","slug":"celimax"}],"_links":{"self":[{"href":"https:\/\/idakorea.ee\/en\/wp-json\/wp\/v2\/product\/15536","targetHints":{"allow":["GET"]}}],"collection":[{"href":"https:\/\/idakorea.ee\/en\/wp-json\/wp\/v2\/product"}],"about":[{"href":"https:\/\/idakorea.ee\/en\/wp-json\/wp\/v2\/types\/product"}],"replies":[{"embeddable":true,"href":"https:\/\/idakorea.ee\/en\/wp-json\/wp\/v2\/comments?post=15536"}],"version-history":[{"count":1,"href":"https:\/\/idakorea.ee\/en\/wp-json\/wp\/v2\/product\/15536\/revisions"}],"predecessor-version":[{"id":15541,"href":"https:\/\/idakorea.ee\/en\/wp-json\/wp\/v2\/product\/15536\/revisions\/15541"}],"wp:featuredmedia":[{"embeddable":true,"href":"https:\/\/idakorea.ee\/en\/wp-json\/wp\/v2\/media\/15539"}],"wp:attachment":[{"href":"https:\/\/idakorea.ee\/en\/wp-json\/wp\/v2\/media?parent=15536"}],"wp:term":[{"taxonomy":"pwb-brand","embeddable":true,"href":"https:\/\/idakorea.ee\/en\/wp-json\/wp\/v2\/pwb-brand?post=15536"},{"taxonomy":"product_brand","embeddable":true,"href":"https:\/\/idakorea.ee\/en\/wp-json\/wp\/v2\/product_brand?post=15536"},{"taxonomy":"product_cat","embeddable":true,"href":"https:\/\/idakorea.ee\/en\/wp-json\/wp\/v2\/product_cat?post=15536"},{"taxonomy":"product_tag","embeddable":true,"href":"https:\/\/idakorea.ee\/en\/wp-json\/wp\/v2\/product_tag?post=15536"}],"curies":[{"name":"wp","href":"https:\/\/api.w.org\/{rel}","templated":true}]}}