{"id":15549,"date":"2025-08-14T10:46:42","date_gmt":"2025-08-14T07:46:42","guid":{"rendered":"https:\/\/idakorea.ee\/?post_type=product&#038;p=15549"},"modified":"2026-03-08T11:33:57","modified_gmt":"2026-03-08T09:33:57","slug":"laneige-lip-glowy-balm-blueberry-10g","status":"publish","type":"product","link":"https:\/\/idakorea.ee\/en\/product\/laneige-lip-glowy-balm-blueberry-10g\/","title":{"rendered":"Lip balm Laneige Lip Glowy Balm Blueberry, 10g"},"content":{"rendered":"<p data-start=\"155\" data-end=\"401\">A moisturizing and nourishing lip balm that leaves lips smooth, soft and pleasantly shiny. The lip balm is enriched with moisturizing ingredients and antioxidants that help protect lips from dryness and environmental aggressors.<\/p>\n<p data-start=\"403\" data-end=\"423\"><strong data-start=\"403\" data-end=\"421\">Product benefits:<\/strong><\/p>\n<ul data-start=\"424\" data-end=\"565\">\n<li data-start=\"424\" data-end=\"474\">\n<p data-start=\"426\" data-end=\"474\">Deep hydration and nourishment for dry lips<\/p>\n<\/li>\n<li data-start=\"475\" data-end=\"509\">\n<p data-start=\"477\" data-end=\"509\">Light and non-sticky texture<\/p>\n<\/li>\n<li data-start=\"510\" data-end=\"541\">\n<p data-start=\"512\" data-end=\"541\">Gives lips a fresh shine<\/p>\n<\/li>\n<li data-start=\"542\" data-end=\"565\">\n<p data-start=\"544\" data-end=\"565\">Pleasant blueberry aroma<\/p>\n<\/li>\n<\/ul>\n<p data-start=\"567\" data-end=\"732\"><strong data-start=\"567\" data-end=\"582\">Usage:<\/strong><br data-start=\"582\" data-end=\"585\" \/>Apply the balm evenly to your lips as needed throughout the day. Can be used alone or under lip makeup for extra moisture and shine.<\/p>","protected":false},"excerpt":{"rendered":"<p>Moisturizing and nourishing lip balm that leaves lips smooth, soft and pleasantly shiny. The lip balm is enriched with moisturizing ingredients and antioxidants that help protect lips from dryness and environmental influences. Product benefits: Deep hydration and nutrition for dry lips Light and non-sticky texture Gives lips a fresh shine Pleasant blueberry aroma How to use: Apply the balm evenly to the lips as needed throughout the day. Can\u2026<\/p>","protected":false},"featured_media":15550,"comment_status":"open","ping_status":"closed","template":"","meta":{"_uf_show_specific_survey":0,"_uf_disable_surveys":false,"_bst_post_transparent":"default","_bst_post_title":"","_bst_post_layout":"default","_bst_post_sidebar_id":"","_bst_post_content_style":"default","_bst_post_vertical_padding":"default","_bst_post_feature":"","_bst_post_feature_position":"","_bst_post_header":false,"_bst_post_footer":false},"pwb-brand":[477],"product_brand":[],"product_cat":[368,92,99],"product_tag":[497,978],"class_list":{"0":"post-15549","1":"product","2":"type-product","3":"status-publish","4":"has-post-thumbnail","6":"pwb-brand-laneige","7":"product_cat-huulepalsamid-ja-hooldus","8":"product_cat-nagu","9":"product_cat-silmad-ja-huuled-2","10":"product_tag-laneige","11":"product_tag-lip","13":"first","14":"instock","15":"sale","16":"shipping-taxable","17":"purchasable","18":"product-type-simple","19":"entry","20":"content-bg","21":"loop-entry"},"supplier_id":null,"supplier_sku":"","barcode":null,"atum_controlled":true,"out_stock_date":null,"out_stock_threshold":null,"inheritable":false,"inbound_stock":0,"stock_on_hold":0,"sold_today":0,"sales_last_days":0,"out_stock_days":0,"lost_sales":0,"has_location":false,"update_date":"2026-04-14T00:05:07","atum_locations":[],"atum_stock_status":"instock","restock_status":false,"low_stock_amount":"","sales_update_date":"2026-04-14T00:05:07","calc_backorders":null,"yoast_head":"<!-- This site is optimized with the Yoast SEO plugin v27.2 - https:\/\/yoast.com\/product\/yoast-seo-wordpress\/ -->\n<title>Laneige Lip Glowy Balm Blueberry, 10g - IDA.KOREA<\/title>\n<meta name=\"description\" content=\"Niisutav LANEIGE huulepalsam mustikaekstraktiga j\u00e4tab huuled pehmeks, siledaks ja l\u00e4ikivaks. Kerge tekstuur ja v\u00e4rske mustikal\u00f5hn igap\u00e4evaseks kasutamiseks.\" \/>\n<meta name=\"robots\" content=\"index, follow, max-snippet:-1, max-image-preview:large, max-video-preview:-1\" \/>\n<link rel=\"canonical\" href=\"https:\/\/idakorea.ee\/en\/product\/laneige-lip-glowy-balm-blueberry-10g\/\" \/>\n<meta property=\"og:locale\" content=\"en_US\" \/>\n<meta property=\"og:type\" content=\"article\" \/>\n<meta property=\"og:title\" content=\"Laneige Lip Glowy Balm Blueberry, 10g - IDA.KOREA\" \/>\n<meta property=\"og:description\" content=\"Niisutav LANEIGE huulepalsam mustikaekstraktiga j\u00e4tab huuled pehmeks, siledaks ja l\u00e4ikivaks. Kerge tekstuur ja v\u00e4rske mustikal\u00f5hn igap\u00e4evaseks kasutamiseks.\" \/>\n<meta property=\"og:url\" content=\"https:\/\/idakorea.ee\/en\/product\/laneige-lip-glowy-balm-blueberry-10g\/\" \/>\n<meta property=\"og:site_name\" content=\"IDA.KOREA\" \/>\n<meta property=\"article:modified_time\" content=\"2026-03-08T09:33:57+00:00\" \/>\n<meta property=\"og:image\" content=\"https:\/\/idakorea.ee\/wp-content\/uploads\/2025\/08\/blueberry-lainege-lip-idakorea.webp\" \/>\n\t<meta property=\"og:image:width\" content=\"600\" \/>\n\t<meta property=\"og:image:height\" content=\"600\" \/>\n\t<meta property=\"og:image:type\" content=\"image\/webp\" \/>\n<meta name=\"twitter:card\" content=\"summary_large_image\" \/>\n<meta name=\"twitter:label1\" content=\"Est. reading time\" \/>\n\t<meta name=\"twitter:data1\" content=\"1 minute\" \/>\n<script type=\"application\/ld+json\" class=\"yoast-schema-graph\">{\"@context\":\"https:\/\/schema.org\",\"@graph\":[{\"@type\":\"WebPage\",\"@id\":\"https:\/\/idakorea.ee\/product\/laneige-lip-glowy-balm-blueberry-10g\/\",\"url\":\"https:\/\/idakorea.ee\/product\/laneige-lip-glowy-balm-blueberry-10g\/\",\"name\":\"Laneige Lip Glowy Balm Blueberry, 10g - IDA.KOREA\",\"isPartOf\":{\"@id\":\"https:\/\/idakorea.ee\/#website\"},\"primaryImageOfPage\":{\"@id\":\"https:\/\/idakorea.ee\/product\/laneige-lip-glowy-balm-blueberry-10g\/#primaryimage\"},\"image\":{\"@id\":\"https:\/\/idakorea.ee\/product\/laneige-lip-glowy-balm-blueberry-10g\/#primaryimage\"},\"thumbnailUrl\":\"https:\/\/idakorea.ee\/wp-content\/uploads\/2025\/08\/blueberry-lainege-lip-idakorea.webp\",\"datePublished\":\"2025-08-14T07:46:42+00:00\",\"dateModified\":\"2026-03-08T09:33:57+00:00\",\"description\":\"Niisutav LANEIGE huulepalsam mustikaekstraktiga j\u00e4tab huuled pehmeks, siledaks ja l\u00e4ikivaks. Kerge tekstuur ja v\u00e4rske mustikal\u00f5hn igap\u00e4evaseks kasutamiseks.\",\"breadcrumb\":{\"@id\":\"https:\/\/idakorea.ee\/product\/laneige-lip-glowy-balm-blueberry-10g\/#breadcrumb\"},\"inLanguage\":\"en-US\",\"potentialAction\":[{\"@type\":\"ReadAction\",\"target\":[\"https:\/\/idakorea.ee\/product\/laneige-lip-glowy-balm-blueberry-10g\/\"]}]},{\"@type\":\"ImageObject\",\"inLanguage\":\"en-US\",\"@id\":\"https:\/\/idakorea.ee\/product\/laneige-lip-glowy-balm-blueberry-10g\/#primaryimage\",\"url\":\"https:\/\/idakorea.ee\/wp-content\/uploads\/2025\/08\/blueberry-lainege-lip-idakorea.webp\",\"contentUrl\":\"https:\/\/idakorea.ee\/wp-content\/uploads\/2025\/08\/blueberry-lainege-lip-idakorea.webp\",\"width\":600,\"height\":600},{\"@type\":\"BreadcrumbList\",\"@id\":\"https:\/\/idakorea.ee\/product\/laneige-lip-glowy-balm-blueberry-10g\/#breadcrumb\",\"itemListElement\":[{\"@type\":\"ListItem\",\"position\":1,\"name\":\"\u0413\u043b\u0430\u0432\u043d\u0430\u044f \u0441\u0442\u0440\u0430\u043d\u0438\u0446\u0430\",\"item\":\"https:\/\/idakorea.ee\/\"},{\"@type\":\"ListItem\",\"position\":2,\"name\":\"Shop\",\"item\":\"https:\/\/idakorea.ee\/shop-2\/\"},{\"@type\":\"ListItem\",\"position\":3,\"name\":\"Huulepalsam Laneige Lip Glowy Balm Blueberry, 10g\"}]},{\"@type\":\"WebSite\",\"@id\":\"https:\/\/idakorea.ee\/#website\",\"url\":\"https:\/\/idakorea.ee\/\",\"name\":\"IDA.KOREA\",\"description\":\"Korea kosmeetika e-pood\",\"publisher\":{\"@id\":\"https:\/\/idakorea.ee\/#organization\"},\"alternateName\":\"Beauty Shop\",\"potentialAction\":[{\"@type\":\"SearchAction\",\"target\":{\"@type\":\"EntryPoint\",\"urlTemplate\":\"https:\/\/idakorea.ee\/?s={search_term_string}\"},\"query-input\":{\"@type\":\"PropertyValueSpecification\",\"valueRequired\":true,\"valueName\":\"search_term_string\"}}],\"inLanguage\":\"en-US\"},{\"@type\":\"Organization\",\"@id\":\"https:\/\/idakorea.ee\/#organization\",\"name\":\"IDA.KOREA\",\"url\":\"https:\/\/idakorea.ee\/\",\"logo\":{\"@type\":\"ImageObject\",\"inLanguage\":\"en-US\",\"@id\":\"https:\/\/idakorea.ee\/#\/schema\/logo\/image\/\",\"url\":\"https:\/\/idakorea.ee\/wp-content\/uploads\/2024\/05\/cropped-korea3.png\",\"contentUrl\":\"https:\/\/idakorea.ee\/wp-content\/uploads\/2024\/05\/cropped-korea3.png\",\"width\":688,\"height\":126,\"caption\":\"IDA.KOREA\"},\"image\":{\"@id\":\"https:\/\/idakorea.ee\/#\/schema\/logo\/image\/\"},\"sameAs\":[\"https:\/\/www.instagram.com\/ida.korea\/\"]}]}<\/script>\n<!-- \/ Yoast SEO plugin. -->","yoast_head_json":{"title":"Laneige Lip Glowy Balm Blueberry, 10g - IDA.KOREA","description":"Moisturizing LANEIGE lip balm with blueberry extract leaves lips soft, smooth and shiny. Light texture and fresh blueberry scent for everyday use.","robots":{"index":"index","follow":"follow","max-snippet":"max-snippet:-1","max-image-preview":"max-image-preview:large","max-video-preview":"max-video-preview:-1"},"canonical":"https:\/\/idakorea.ee\/en\/product\/laneige-lip-glowy-balm-blueberry-10g\/","og_locale":"en_US","og_type":"article","og_title":"Laneige Lip Glowy Balm Blueberry, 10g - IDA.KOREA","og_description":"Niisutav LANEIGE huulepalsam mustikaekstraktiga j\u00e4tab huuled pehmeks, siledaks ja l\u00e4ikivaks. Kerge tekstuur ja v\u00e4rske mustikal\u00f5hn igap\u00e4evaseks kasutamiseks.","og_url":"https:\/\/idakorea.ee\/en\/product\/laneige-lip-glowy-balm-blueberry-10g\/","og_site_name":"IDA.KOREA","article_modified_time":"2026-03-08T09:33:57+00:00","og_image":[{"width":600,"height":600,"url":"https:\/\/idakorea.ee\/wp-content\/uploads\/2025\/08\/blueberry-lainege-lip-idakorea.webp","type":"image\/webp"}],"twitter_card":"summary_large_image","twitter_misc":{"Est. reading time":"1 minute"},"schema":{"@context":"https:\/\/schema.org","@graph":[{"@type":"WebPage","@id":"https:\/\/idakorea.ee\/product\/laneige-lip-glowy-balm-blueberry-10g\/","url":"https:\/\/idakorea.ee\/product\/laneige-lip-glowy-balm-blueberry-10g\/","name":"Laneige Lip Glowy Balm Blueberry, 10g - IDA.KOREA","isPartOf":{"@id":"https:\/\/idakorea.ee\/#website"},"primaryImageOfPage":{"@id":"https:\/\/idakorea.ee\/product\/laneige-lip-glowy-balm-blueberry-10g\/#primaryimage"},"image":{"@id":"https:\/\/idakorea.ee\/product\/laneige-lip-glowy-balm-blueberry-10g\/#primaryimage"},"thumbnailUrl":"https:\/\/idakorea.ee\/wp-content\/uploads\/2025\/08\/blueberry-lainege-lip-idakorea.webp","datePublished":"2025-08-14T07:46:42+00:00","dateModified":"2026-03-08T09:33:57+00:00","description":"Moisturizing LANEIGE lip balm with blueberry extract leaves lips soft, smooth and shiny. Light texture and fresh blueberry scent for everyday use.","breadcrumb":{"@id":"https:\/\/idakorea.ee\/product\/laneige-lip-glowy-balm-blueberry-10g\/#breadcrumb"},"inLanguage":"en-US","potentialAction":[{"@type":"ReadAction","target":["https:\/\/idakorea.ee\/product\/laneige-lip-glowy-balm-blueberry-10g\/"]}]},{"@type":"ImageObject","inLanguage":"en-US","@id":"https:\/\/idakorea.ee\/product\/laneige-lip-glowy-balm-blueberry-10g\/#primaryimage","url":"https:\/\/idakorea.ee\/wp-content\/uploads\/2025\/08\/blueberry-lainege-lip-idakorea.webp","contentUrl":"https:\/\/idakorea.ee\/wp-content\/uploads\/2025\/08\/blueberry-lainege-lip-idakorea.webp","width":600,"height":600},{"@type":"BreadcrumbList","@id":"https:\/\/idakorea.ee\/product\/laneige-lip-glowy-balm-blueberry-10g\/#breadcrumb","itemListElement":[{"@type":"ListItem","position":1,"name":"\u0413\u043b\u0430\u0432\u043d\u0430\u044f \u0441\u0442\u0440\u0430\u043d\u0438\u0446\u0430","item":"https:\/\/idakorea.ee\/"},{"@type":"ListItem","position":2,"name":"Shop","item":"https:\/\/idakorea.ee\/shop-2\/"},{"@type":"ListItem","position":3,"name":"Huulepalsam Laneige Lip Glowy Balm Blueberry, 10g"}]},{"@type":"WebSite","@id":"https:\/\/idakorea.ee\/#website","url":"https:\/\/idakorea.ee\/","name":"IDA.KOREA","description":"Korean cosmetics e-shop","publisher":{"@id":"https:\/\/idakorea.ee\/#organization"},"alternateName":"Beauty Shop","potentialAction":[{"@type":"SearchAction","target":{"@type":"EntryPoint","urlTemplate":"https:\/\/idakorea.ee\/?s={search_term_string}"},"query-input":{"@type":"PropertyValueSpecification","valueRequired":true,"valueName":"search_term_string"}}],"inLanguage":"en-US"},{"@type":"Organization","@id":"https:\/\/idakorea.ee\/#organization","name":"IDA.KOREA","url":"https:\/\/idakorea.ee\/","logo":{"@type":"ImageObject","inLanguage":"en-US","@id":"https:\/\/idakorea.ee\/#\/schema\/logo\/image\/","url":"https:\/\/idakorea.ee\/wp-content\/uploads\/2024\/05\/cropped-korea3.png","contentUrl":"https:\/\/idakorea.ee\/wp-content\/uploads\/2024\/05\/cropped-korea3.png","width":688,"height":126,"caption":"IDA.KOREA"},"image":{"@id":"https:\/\/idakorea.ee\/#\/schema\/logo\/image\/"},"sameAs":["https:\/\/www.instagram.com\/ida.korea\/"]}]}},"jetpack_sharing_enabled":true,"brands":[{"id":477,"name":"LANEIGE","slug":"laneige"}],"_links":{"self":[{"href":"https:\/\/idakorea.ee\/en\/wp-json\/wp\/v2\/product\/15549","targetHints":{"allow":["GET"]}}],"collection":[{"href":"https:\/\/idakorea.ee\/en\/wp-json\/wp\/v2\/product"}],"about":[{"href":"https:\/\/idakorea.ee\/en\/wp-json\/wp\/v2\/types\/product"}],"replies":[{"embeddable":true,"href":"https:\/\/idakorea.ee\/en\/wp-json\/wp\/v2\/comments?post=15549"}],"version-history":[{"count":3,"href":"https:\/\/idakorea.ee\/en\/wp-json\/wp\/v2\/product\/15549\/revisions"}],"predecessor-version":[{"id":15555,"href":"https:\/\/idakorea.ee\/en\/wp-json\/wp\/v2\/product\/15549\/revisions\/15555"}],"wp:featuredmedia":[{"embeddable":true,"href":"https:\/\/idakorea.ee\/en\/wp-json\/wp\/v2\/media\/15550"}],"wp:attachment":[{"href":"https:\/\/idakorea.ee\/en\/wp-json\/wp\/v2\/media?parent=15549"}],"wp:term":[{"taxonomy":"pwb-brand","embeddable":true,"href":"https:\/\/idakorea.ee\/en\/wp-json\/wp\/v2\/pwb-brand?post=15549"},{"taxonomy":"product_brand","embeddable":true,"href":"https:\/\/idakorea.ee\/en\/wp-json\/wp\/v2\/product_brand?post=15549"},{"taxonomy":"product_cat","embeddable":true,"href":"https:\/\/idakorea.ee\/en\/wp-json\/wp\/v2\/product_cat?post=15549"},{"taxonomy":"product_tag","embeddable":true,"href":"https:\/\/idakorea.ee\/en\/wp-json\/wp\/v2\/product_tag?post=15549"}],"curies":[{"name":"wp","href":"https:\/\/api.w.org\/{rel}","templated":true}]}}