{"id":15575,"date":"2025-08-16T19:23:08","date_gmt":"2025-08-16T16:23:08","guid":{"rendered":"https:\/\/idakorea.ee\/?post_type=product&#038;p=15575"},"modified":"2026-04-14T00:24:07","modified_gmt":"2026-04-13T22:24:07","slug":"pyunkang-yul-salming-pore-clear-wash-off-pack","status":"publish","type":"product","link":"https:\/\/idakorea.ee\/en\/product\/pyunkang-yul-salming-pore-clear-wash-off-pack\/","title":{"rendered":"Pyunkang Yul \u0421alming Pore Clear Wash Off Pack, 100g"},"content":{"rendered":"<p data-start=\"146\" data-end=\"448\">A soothing clay mask relieves itching and irritation, reduces redness, and helps restore skin balance.<br data-start=\"249\" data-end=\"252\" \/>The CICA complex has a soothing effect and helps reduce acne. 5 types of hyaluronic acid intensely moisturize, maintain the skin&#039;s moisture balance and protect the mask from premature drying.<\/p>\n<p data-start=\"450\" data-end=\"692\">The mask penetrates deep into the pores, removes dirt and excess sebum, dissolves comedones. Reduces the visibility of large pores and sebum, gently exfoliates dead skin cells, accelerates regeneration processes and makes the skin soft and silky.<\/p>\n<p data-start=\"694\" data-end=\"721\"><strong data-start=\"694\" data-end=\"719\">Main ingredients:<\/strong><\/p>\n<ul data-start=\"722\" data-end=\"1606\">\n<li data-start=\"722\" data-end=\"855\">\n<p data-start=\"724\" data-end=\"855\"><strong data-start=\"724\" data-end=\"735\">Kaoli<\/strong> \u2013 cleanses, dries and reduces inflammation, stimulates cell renewal, softens and enriches the skin with minerals.<\/p>\n<\/li>\n<li data-start=\"856\" data-end=\"969\">\n<p data-start=\"858\" data-end=\"969\"><strong data-start=\"858\" data-end=\"870\">Bentonite<\/strong> \u2013 absorbs dirt and excess oil, promotes cell renewal, softens and nourishes with minerals.<\/p>\n<\/li>\n<li data-start=\"970\" data-end=\"1065\">\n<p data-start=\"972\" data-end=\"1065\"><strong data-start=\"972\" data-end=\"997\">Green tea extract<\/strong> \u2013 soothes irritation, tones and has an antibacterial effect.<\/p>\n<\/li>\n<li data-start=\"1066\" data-end=\"1214\">\n<p data-start=\"1068\" data-end=\"1214\"><strong data-start=\"1068\" data-end=\"1089\">AHA and PHA acids<\/strong> \u2013 even out skin tone and texture, provide photoprotection, reduce inflammation, and regulate the keratinization process.<\/p>\n<\/li>\n<li data-start=\"1215\" data-end=\"1354\">\n<p data-start=\"1217\" data-end=\"1354\"><strong data-start=\"1217\" data-end=\"1235\">Neem extract<\/strong> \u2013 improves skin, has anti-inflammatory and antiseptic effects, makes skin smooth and regulates sebum secretion.<\/p>\n<\/li>\n<li data-start=\"1355\" data-end=\"1468\">\n<p data-start=\"1357\" data-end=\"1468\"><strong data-start=\"1357\" data-end=\"1376\">Tea tree extract<\/strong> \u2013 has antimicrobial effects, normalizes the function of the sebaceous glands and reduces excessive shine.<\/p>\n<\/li>\n<li data-start=\"1469\" data-end=\"1606\">\n<p data-start=\"1471\" data-end=\"1606\"><strong data-start=\"1471\" data-end=\"1500\">White willow bark extract<\/strong> \u2013 a natural source of salicylic acid, improves complexion, soothes, reduces pores and regulates sebum secretion.<\/p>\n<\/li>\n<\/ul>\n<p data-start=\"1608\" data-end=\"1675\">Suitable<strong data-start=\"1608\" data-end=\"1632\">:<\/strong> normal, combination and oily skin.<\/p>\n<p data-start=\"1677\" data-end=\"1856\"><strong data-start=\"1677\" data-end=\"1692\">Usage:<\/strong> After cleansing, apply the mask to a dry face, massaging gently, avoiding the eye and lip area. Leave on for 10-15 minutes, then rinse with warm water.<\/p>","protected":false},"excerpt":{"rendered":"<p>Soothing clay mask relieves itching and irritation, reduces redness and helps restore skin balance. CICA complex has a calming effect and promotes acne relief. 5 types of hyaluronic acid intensively moisturize, maintain skin moisture balance and protect the mask from premature drying. The mask penetrates deep into pores, removes dirt and excess sebum, dissolves comedones. Reduces the visibility of large pores and sebum, gently exfoliates dead skin cells,\u2026<\/p>","protected":false},"featured_media":15576,"comment_status":"open","ping_status":"closed","template":"","meta":{"_uf_show_specific_survey":0,"_uf_disable_surveys":false,"_bst_post_transparent":"default","_bst_post_title":"","_bst_post_layout":"default","_bst_post_sidebar_id":"","_bst_post_content_style":"default","_bst_post_vertical_padding":"default","_bst_post_feature":"","_bst_post_feature_position":"","_bst_post_header":false,"_bst_post_footer":false},"pwb-brand":[474],"product_brand":[],"product_cat":[92,98],"product_tag":[979,449,980],"class_list":{"0":"post-15575","1":"product","2":"type-product","3":"status-publish","4":"has-post-thumbnail","6":"pwb-brand-pyunkang-yul","7":"product_cat-nagu","8":"product_cat-naomaskid","9":"product_tag-poorid","10":"product_tag-pore","11":"product_tag-savimask","13":"first","14":"instock","15":"sale","16":"shipping-taxable","17":"purchasable","18":"product-type-simple","19":"entry","20":"content-bg","21":"loop-entry"},"supplier_id":null,"supplier_sku":"","barcode":null,"atum_controlled":true,"out_stock_date":null,"out_stock_threshold":null,"inheritable":false,"inbound_stock":0,"stock_on_hold":0,"sold_today":0,"sales_last_days":1,"out_stock_days":0,"lost_sales":0,"has_location":false,"update_date":"2026-04-13T22:24:08","atum_locations":[],"atum_stock_status":"instock","restock_status":false,"low_stock_amount":"","sales_update_date":"2026-02-27T16:01:53","calc_backorders":null,"yoast_head":"<!-- This site is optimized with the Yoast SEO plugin v27.2 - https:\/\/yoast.com\/product\/yoast-seo-wordpress\/ -->\n<title>Pyunkang Yul \u0421alming Pore Clear Wash Off Pack - IDA.KOREA<\/title>\n<meta name=\"description\" content=\"Rahustav savimask CICA-kompleksi ja h\u00fcaluroonhappega puhastab s\u00fcgavalt poorid, v\u00e4hendab punetust ja \u00e4rritust ning j\u00e4tab naha pehmeks ja siledaks.\" \/>\n<meta name=\"robots\" content=\"index, follow, max-snippet:-1, max-image-preview:large, max-video-preview:-1\" \/>\n<link rel=\"canonical\" href=\"https:\/\/idakorea.ee\/en\/product\/pyunkang-yul-salming-pore-clear-wash-off-pack\/\" \/>\n<meta property=\"og:locale\" content=\"en_US\" \/>\n<meta property=\"og:type\" content=\"article\" \/>\n<meta property=\"og:title\" content=\"Pyunkang Yul \u0421alming Pore Clear Wash Off Pack - IDA.KOREA\" \/>\n<meta property=\"og:description\" content=\"Rahustav savimask CICA-kompleksi ja h\u00fcaluroonhappega puhastab s\u00fcgavalt poorid, v\u00e4hendab punetust ja \u00e4rritust ning j\u00e4tab naha pehmeks ja siledaks.\" \/>\n<meta property=\"og:url\" content=\"https:\/\/idakorea.ee\/en\/product\/pyunkang-yul-salming-pore-clear-wash-off-pack\/\" \/>\n<meta property=\"og:site_name\" content=\"IDA.KOREA\" \/>\n<meta property=\"article:modified_time\" content=\"2026-04-13T22:24:07+00:00\" \/>\n<meta property=\"og:image\" content=\"https:\/\/idakorea.ee\/wp-content\/uploads\/2025\/08\/pyunkang-yul-calming-pore-clear-wash-off-pack-idakorea.ee_.webp\" \/>\n\t<meta property=\"og:image:width\" content=\"1024\" \/>\n\t<meta property=\"og:image:height\" content=\"1024\" \/>\n\t<meta property=\"og:image:type\" content=\"image\/webp\" \/>\n<meta name=\"twitter:card\" content=\"summary_large_image\" \/>\n<meta name=\"twitter:label1\" content=\"Est. reading time\" \/>\n\t<meta name=\"twitter:data1\" content=\"2 minutes\" \/>\n<script type=\"application\/ld+json\" class=\"yoast-schema-graph\">{\"@context\":\"https:\/\/schema.org\",\"@graph\":[{\"@type\":\"WebPage\",\"@id\":\"https:\/\/idakorea.ee\/product\/pyunkang-yul-salming-pore-clear-wash-off-pack\/\",\"url\":\"https:\/\/idakorea.ee\/product\/pyunkang-yul-salming-pore-clear-wash-off-pack\/\",\"name\":\"Pyunkang Yul \u0421alming Pore Clear Wash Off Pack - IDA.KOREA\",\"isPartOf\":{\"@id\":\"https:\/\/idakorea.ee\/#website\"},\"primaryImageOfPage\":{\"@id\":\"https:\/\/idakorea.ee\/product\/pyunkang-yul-salming-pore-clear-wash-off-pack\/#primaryimage\"},\"image\":{\"@id\":\"https:\/\/idakorea.ee\/product\/pyunkang-yul-salming-pore-clear-wash-off-pack\/#primaryimage\"},\"thumbnailUrl\":\"https:\/\/idakorea.ee\/wp-content\/uploads\/2025\/08\/pyunkang-yul-calming-pore-clear-wash-off-pack-idakorea.ee_.webp\",\"datePublished\":\"2025-08-16T16:23:08+00:00\",\"dateModified\":\"2026-04-13T22:24:07+00:00\",\"description\":\"Rahustav savimask CICA-kompleksi ja h\u00fcaluroonhappega puhastab s\u00fcgavalt poorid, v\u00e4hendab punetust ja \u00e4rritust ning j\u00e4tab naha pehmeks ja siledaks.\",\"breadcrumb\":{\"@id\":\"https:\/\/idakorea.ee\/product\/pyunkang-yul-salming-pore-clear-wash-off-pack\/#breadcrumb\"},\"inLanguage\":\"en-US\",\"potentialAction\":[{\"@type\":\"ReadAction\",\"target\":[\"https:\/\/idakorea.ee\/product\/pyunkang-yul-salming-pore-clear-wash-off-pack\/\"]}]},{\"@type\":\"ImageObject\",\"inLanguage\":\"en-US\",\"@id\":\"https:\/\/idakorea.ee\/product\/pyunkang-yul-salming-pore-clear-wash-off-pack\/#primaryimage\",\"url\":\"https:\/\/idakorea.ee\/wp-content\/uploads\/2025\/08\/pyunkang-yul-calming-pore-clear-wash-off-pack-idakorea.ee_.webp\",\"contentUrl\":\"https:\/\/idakorea.ee\/wp-content\/uploads\/2025\/08\/pyunkang-yul-calming-pore-clear-wash-off-pack-idakorea.ee_.webp\",\"width\":1024,\"height\":1024},{\"@type\":\"BreadcrumbList\",\"@id\":\"https:\/\/idakorea.ee\/product\/pyunkang-yul-salming-pore-clear-wash-off-pack\/#breadcrumb\",\"itemListElement\":[{\"@type\":\"ListItem\",\"position\":1,\"name\":\"\u0413\u043b\u0430\u0432\u043d\u0430\u044f \u0441\u0442\u0440\u0430\u043d\u0438\u0446\u0430\",\"item\":\"https:\/\/idakorea.ee\/\"},{\"@type\":\"ListItem\",\"position\":2,\"name\":\"Shop\",\"item\":\"https:\/\/idakorea.ee\/shop-2\/\"},{\"@type\":\"ListItem\",\"position\":3,\"name\":\"Rahustav savimask pooride puhastamiseks Pyunkang Yul \u0421alming Pore Clear Wash Off Pack, 100g\"}]},{\"@type\":\"WebSite\",\"@id\":\"https:\/\/idakorea.ee\/#website\",\"url\":\"https:\/\/idakorea.ee\/\",\"name\":\"IDA.KOREA\",\"description\":\"Korea kosmeetika e-pood\",\"publisher\":{\"@id\":\"https:\/\/idakorea.ee\/#organization\"},\"alternateName\":\"Beauty Shop\",\"potentialAction\":[{\"@type\":\"SearchAction\",\"target\":{\"@type\":\"EntryPoint\",\"urlTemplate\":\"https:\/\/idakorea.ee\/?s={search_term_string}\"},\"query-input\":{\"@type\":\"PropertyValueSpecification\",\"valueRequired\":true,\"valueName\":\"search_term_string\"}}],\"inLanguage\":\"en-US\"},{\"@type\":\"Organization\",\"@id\":\"https:\/\/idakorea.ee\/#organization\",\"name\":\"IDA.KOREA\",\"url\":\"https:\/\/idakorea.ee\/\",\"logo\":{\"@type\":\"ImageObject\",\"inLanguage\":\"en-US\",\"@id\":\"https:\/\/idakorea.ee\/#\/schema\/logo\/image\/\",\"url\":\"https:\/\/idakorea.ee\/wp-content\/uploads\/2024\/05\/cropped-korea3.png\",\"contentUrl\":\"https:\/\/idakorea.ee\/wp-content\/uploads\/2024\/05\/cropped-korea3.png\",\"width\":688,\"height\":126,\"caption\":\"IDA.KOREA\"},\"image\":{\"@id\":\"https:\/\/idakorea.ee\/#\/schema\/logo\/image\/\"},\"sameAs\":[\"https:\/\/www.instagram.com\/ida.korea\/\"]}]}<\/script>\n<!-- \/ Yoast SEO plugin. -->","yoast_head_json":{"title":"Pyunkang Yul \u0421alming Pore Clear Wash Off Pack - IDA.KOREA","description":"A soothing clay mask with CICA complex and hyaluronic acid deeply cleanses pores, reduces redness and irritation, and leaves skin soft and smooth.","robots":{"index":"index","follow":"follow","max-snippet":"max-snippet:-1","max-image-preview":"max-image-preview:large","max-video-preview":"max-video-preview:-1"},"canonical":"https:\/\/idakorea.ee\/en\/product\/pyunkang-yul-salming-pore-clear-wash-off-pack\/","og_locale":"en_US","og_type":"article","og_title":"Pyunkang Yul \u0421alming Pore Clear Wash Off Pack - IDA.KOREA","og_description":"Rahustav savimask CICA-kompleksi ja h\u00fcaluroonhappega puhastab s\u00fcgavalt poorid, v\u00e4hendab punetust ja \u00e4rritust ning j\u00e4tab naha pehmeks ja siledaks.","og_url":"https:\/\/idakorea.ee\/en\/product\/pyunkang-yul-salming-pore-clear-wash-off-pack\/","og_site_name":"IDA.KOREA","article_modified_time":"2026-04-13T22:24:07+00:00","og_image":[{"width":1024,"height":1024,"url":"https:\/\/idakorea.ee\/wp-content\/uploads\/2025\/08\/pyunkang-yul-calming-pore-clear-wash-off-pack-idakorea.ee_.webp","type":"image\/webp"}],"twitter_card":"summary_large_image","twitter_misc":{"Est. reading time":"2 minutes"},"schema":{"@context":"https:\/\/schema.org","@graph":[{"@type":"WebPage","@id":"https:\/\/idakorea.ee\/product\/pyunkang-yul-salming-pore-clear-wash-off-pack\/","url":"https:\/\/idakorea.ee\/product\/pyunkang-yul-salming-pore-clear-wash-off-pack\/","name":"Pyunkang Yul \u0421alming Pore Clear Wash Off Pack - IDA.KOREA","isPartOf":{"@id":"https:\/\/idakorea.ee\/#website"},"primaryImageOfPage":{"@id":"https:\/\/idakorea.ee\/product\/pyunkang-yul-salming-pore-clear-wash-off-pack\/#primaryimage"},"image":{"@id":"https:\/\/idakorea.ee\/product\/pyunkang-yul-salming-pore-clear-wash-off-pack\/#primaryimage"},"thumbnailUrl":"https:\/\/idakorea.ee\/wp-content\/uploads\/2025\/08\/pyunkang-yul-calming-pore-clear-wash-off-pack-idakorea.ee_.webp","datePublished":"2025-08-16T16:23:08+00:00","dateModified":"2026-04-13T22:24:07+00:00","description":"A soothing clay mask with CICA complex and hyaluronic acid deeply cleanses pores, reduces redness and irritation, and leaves skin soft and smooth.","breadcrumb":{"@id":"https:\/\/idakorea.ee\/product\/pyunkang-yul-salming-pore-clear-wash-off-pack\/#breadcrumb"},"inLanguage":"en-US","potentialAction":[{"@type":"ReadAction","target":["https:\/\/idakorea.ee\/product\/pyunkang-yul-salming-pore-clear-wash-off-pack\/"]}]},{"@type":"ImageObject","inLanguage":"en-US","@id":"https:\/\/idakorea.ee\/product\/pyunkang-yul-salming-pore-clear-wash-off-pack\/#primaryimage","url":"https:\/\/idakorea.ee\/wp-content\/uploads\/2025\/08\/pyunkang-yul-calming-pore-clear-wash-off-pack-idakorea.ee_.webp","contentUrl":"https:\/\/idakorea.ee\/wp-content\/uploads\/2025\/08\/pyunkang-yul-calming-pore-clear-wash-off-pack-idakorea.ee_.webp","width":1024,"height":1024},{"@type":"BreadcrumbList","@id":"https:\/\/idakorea.ee\/product\/pyunkang-yul-salming-pore-clear-wash-off-pack\/#breadcrumb","itemListElement":[{"@type":"ListItem","position":1,"name":"\u0413\u043b\u0430\u0432\u043d\u0430\u044f \u0441\u0442\u0440\u0430\u043d\u0438\u0446\u0430","item":"https:\/\/idakorea.ee\/"},{"@type":"ListItem","position":2,"name":"Shop","item":"https:\/\/idakorea.ee\/shop-2\/"},{"@type":"ListItem","position":3,"name":"Rahustav savimask pooride puhastamiseks Pyunkang Yul \u0421alming Pore Clear Wash Off Pack, 100g"}]},{"@type":"WebSite","@id":"https:\/\/idakorea.ee\/#website","url":"https:\/\/idakorea.ee\/","name":"IDA.KOREA","description":"Korean cosmetics e-shop","publisher":{"@id":"https:\/\/idakorea.ee\/#organization"},"alternateName":"Beauty Shop","potentialAction":[{"@type":"SearchAction","target":{"@type":"EntryPoint","urlTemplate":"https:\/\/idakorea.ee\/?s={search_term_string}"},"query-input":{"@type":"PropertyValueSpecification","valueRequired":true,"valueName":"search_term_string"}}],"inLanguage":"en-US"},{"@type":"Organization","@id":"https:\/\/idakorea.ee\/#organization","name":"IDA.KOREA","url":"https:\/\/idakorea.ee\/","logo":{"@type":"ImageObject","inLanguage":"en-US","@id":"https:\/\/idakorea.ee\/#\/schema\/logo\/image\/","url":"https:\/\/idakorea.ee\/wp-content\/uploads\/2024\/05\/cropped-korea3.png","contentUrl":"https:\/\/idakorea.ee\/wp-content\/uploads\/2024\/05\/cropped-korea3.png","width":688,"height":126,"caption":"IDA.KOREA"},"image":{"@id":"https:\/\/idakorea.ee\/#\/schema\/logo\/image\/"},"sameAs":["https:\/\/www.instagram.com\/ida.korea\/"]}]}},"jetpack_sharing_enabled":true,"brands":[{"id":474,"name":"PYUNKANG YUL","slug":"pyunkang-yul"}],"_links":{"self":[{"href":"https:\/\/idakorea.ee\/en\/wp-json\/wp\/v2\/product\/15575","targetHints":{"allow":["GET"]}}],"collection":[{"href":"https:\/\/idakorea.ee\/en\/wp-json\/wp\/v2\/product"}],"about":[{"href":"https:\/\/idakorea.ee\/en\/wp-json\/wp\/v2\/types\/product"}],"replies":[{"embeddable":true,"href":"https:\/\/idakorea.ee\/en\/wp-json\/wp\/v2\/comments?post=15575"}],"version-history":[{"count":3,"href":"https:\/\/idakorea.ee\/en\/wp-json\/wp\/v2\/product\/15575\/revisions"}],"predecessor-version":[{"id":15581,"href":"https:\/\/idakorea.ee\/en\/wp-json\/wp\/v2\/product\/15575\/revisions\/15581"}],"wp:featuredmedia":[{"embeddable":true,"href":"https:\/\/idakorea.ee\/en\/wp-json\/wp\/v2\/media\/15576"}],"wp:attachment":[{"href":"https:\/\/idakorea.ee\/en\/wp-json\/wp\/v2\/media?parent=15575"}],"wp:term":[{"taxonomy":"pwb-brand","embeddable":true,"href":"https:\/\/idakorea.ee\/en\/wp-json\/wp\/v2\/pwb-brand?post=15575"},{"taxonomy":"product_brand","embeddable":true,"href":"https:\/\/idakorea.ee\/en\/wp-json\/wp\/v2\/product_brand?post=15575"},{"taxonomy":"product_cat","embeddable":true,"href":"https:\/\/idakorea.ee\/en\/wp-json\/wp\/v2\/product_cat?post=15575"},{"taxonomy":"product_tag","embeddable":true,"href":"https:\/\/idakorea.ee\/en\/wp-json\/wp\/v2\/product_tag?post=15575"}],"curies":[{"name":"wp","href":"https:\/\/api.w.org\/{rel}","templated":true}]}}