{"id":15697,"date":"2025-08-29T17:40:36","date_gmt":"2025-08-29T14:40:36","guid":{"rendered":"https:\/\/idakorea.ee\/?post_type=product&#038;p=15697"},"modified":"2026-01-29T16:21:31","modified_gmt":"2026-01-29T14:21:31","slug":"iunik-centella-calming-gel-cream-60ml","status":"publish","type":"product","link":"https:\/\/idakorea.ee\/en\/product\/iunik-centella-calming-gel-cream-60ml\/","title":{"rendered":"iUnik Centella Calming Gel Cream, 60ml"},"content":{"rendered":"<p data-start=\"43\" data-end=\"277\">Soothing gel cream with centella <strong data-start=\"43\" data-end=\"110\">iUnik Centella Calming Gel Cream<\/strong> suitable for skin with rosacea, strengthens capillary walls and reduces the visibility of spider veins.<\/p>\n<p data-start=\"279\" data-end=\"478\">The main part of the cream is 68.5% Asian centella water and 10% tea tree water - this complex has an anti-inflammatory effect, stimulates skin renewal, relieves itching and redness, and moisturizes.<\/p>\n<p data-start=\"480\" data-end=\"627\">The light, moisturizing gel cream is not heavy on the skin, absorbs quickly, and does not leave a sticky or greasy shine. It is also perfect as a makeup base.<\/p>\n<p data-start=\"629\" data-end=\"655\"><strong data-start=\"629\" data-end=\"653\">Main active ingredients:<\/strong><\/p>\n<ul data-start=\"656\" data-end=\"1699\">\n<li data-start=\"656\" data-end=\"880\">\n<p data-start=\"658\" data-end=\"880\"><strong data-start=\"658\" data-end=\"681\">Asian water lily<\/strong> \u2013 has anti-inflammatory and wound-healing effects, helps restore the skin&#039;s barrier function and retain moisture, reduces sensitivity, swelling, strengthens blood vessels and reduces the visibility of rosacea.<\/p>\n<\/li>\n<li data-start=\"881\" data-end=\"1050\">\n<p data-start=\"883\" data-end=\"1050\"><strong data-start=\"883\" data-end=\"898\">Tea tree water<\/strong> \u2013 soothes and has an antiseptic effect, regulates sebum secretion, restores hydrolipid balance, helps with inflammation, acne and other skin irregularities.<\/p>\n<\/li>\n<li data-start=\"1051\" data-end=\"1303\">\n<p data-start=\"1053\" data-end=\"1303\"><strong data-start=\"1053\" data-end=\"1074\">Broccoli extract<\/strong> \u2013 effective in the care of tired, dull and inflamed skin. Has a gentle whitening, antioxidant, anti-inflammatory, astringent and toning effect. Protects cells from UV damage and relieves irritation.<\/p>\n<\/li>\n<li data-start=\"1304\" data-end=\"1472\">\n<p data-start=\"1306\" data-end=\"1472\"><strong data-start=\"1306\" data-end=\"1324\">Cabbage extract<\/strong> \u2013 suitable for the care of aging skin, relieves inflammation and irritation, lightens age-related pigment spots, evens out skin tone and improves complexion.<\/p>\n<\/li>\n<li data-start=\"1473\" data-end=\"1699\">\n<p data-start=\"1475\" data-end=\"1699\"><strong data-start=\"1475\" data-end=\"1496\">Alfalfa extract<\/strong> \u2013 tonic effect. Alfalfa leaves contain a lot of vitamins (A, C, K, E), proteins, as well as alkaloids and saponins, which have a vitaminizing, general strengthening, bactericidal and anti-inflammatory effect.<\/p>\n<\/li>\n<\/ul>\n<p data-start=\"1701\" data-end=\"1752\">Recommended for sensitive, oily and problematic skin.<\/p>\n<p data-start=\"1754\" data-end=\"1830\"><strong data-start=\"1754\" data-end=\"1769\">Usage:<\/strong> Apply the required amount of cream at the last step of your skincare routine.<\/p>","protected":false},"excerpt":{"rendered":"<p>Soothing gel cream with centella iUnik Centella Calming Gel Cream is suitable for skin with rosacea, strengthens capillary walls and reduces the visibility of spider veins. The main part of the cream is 68.5% Asian centella water and 10% tea tree water - such a complex has an anti-inflammatory effect, stimulates skin renewal, relieves itching and redness and moisturizes. The light moisturizing gel cream does not feel heavy on the skin, is quickly absorbed, does not\u2026<\/p>","protected":false},"featured_media":15698,"comment_status":"open","ping_status":"closed","template":"","meta":{"_uf_show_specific_survey":0,"_uf_disable_surveys":false,"_bst_post_transparent":"default","_bst_post_title":"","_bst_post_layout":"default","_bst_post_sidebar_id":"","_bst_post_content_style":"default","_bst_post_vertical_padding":"default","_bst_post_feature":"","_bst_post_feature_position":"","_bst_post_header":false,"_bst_post_footer":false},"pwb-brand":[486],"product_brand":[],"product_cat":[92,96],"product_tag":[546,439],"class_list":{"0":"post-15697","1":"product","2":"type-product","3":"status-publish","4":"has-post-thumbnail","6":"pwb-brand-iunik","7":"product_cat-nagu","8":"product_cat-naokreemid","9":"product_tag-centella","10":"product_tag-rahustav","12":"first","13":"instock","14":"sale","15":"shipping-taxable","16":"purchasable","17":"product-type-simple","18":"entry","19":"content-bg","20":"loop-entry"},"supplier_id":null,"supplier_sku":"","barcode":null,"atum_controlled":true,"out_stock_date":null,"out_stock_threshold":null,"inheritable":false,"inbound_stock":0,"stock_on_hold":0,"sold_today":0,"sales_last_days":0,"out_stock_days":0,"lost_sales":0,"has_location":false,"update_date":"2026-04-14T00:05:08","atum_locations":[],"atum_stock_status":"instock","restock_status":false,"low_stock_amount":"","sales_update_date":"2026-04-14T00:05:08","calc_backorders":null,"yoast_head":"<!-- This site is optimized with the Yoast SEO plugin v27.2 - https:\/\/yoast.com\/product\/yoast-seo-wordpress\/ -->\n<title>iUnik Centella Calming Gel Cream, 60ml - IDA.KOREA<\/title>\n<meta name=\"description\" content=\"Rahustav geelkreem iUnik Centella Calming Gel Cream leevendab \u00e4rritust ja s\u00fcgelust, v\u00e4hendab punetust, tugevdab kapillaare ja taastab naha elastsuse.\" \/>\n<meta name=\"robots\" content=\"index, follow, max-snippet:-1, max-image-preview:large, max-video-preview:-1\" \/>\n<link rel=\"canonical\" href=\"https:\/\/idakorea.ee\/en\/product\/iunik-centella-calming-gel-cream-60ml\/\" \/>\n<meta property=\"og:locale\" content=\"en_US\" \/>\n<meta property=\"og:type\" content=\"article\" \/>\n<meta property=\"og:title\" content=\"iUnik Centella Calming Gel Cream, 60ml - IDA.KOREA\" \/>\n<meta property=\"og:description\" content=\"Rahustav geelkreem iUnik Centella Calming Gel Cream leevendab \u00e4rritust ja s\u00fcgelust, v\u00e4hendab punetust, tugevdab kapillaare ja taastab naha elastsuse.\" \/>\n<meta property=\"og:url\" content=\"https:\/\/idakorea.ee\/en\/product\/iunik-centella-calming-gel-cream-60ml\/\" \/>\n<meta property=\"og:site_name\" content=\"IDA.KOREA\" \/>\n<meta property=\"article:modified_time\" content=\"2026-01-29T14:21:31+00:00\" \/>\n<meta property=\"og:image\" content=\"https:\/\/idakorea.ee\/wp-content\/uploads\/2025\/08\/iunik-centella-calming-gel-cream-idakorea.jpg\" \/>\n\t<meta property=\"og:image:width\" content=\"1344\" \/>\n\t<meta property=\"og:image:height\" content=\"1344\" \/>\n\t<meta property=\"og:image:type\" content=\"image\/jpeg\" \/>\n<meta name=\"twitter:card\" content=\"summary_large_image\" \/>\n<meta name=\"twitter:label1\" content=\"Est. reading time\" \/>\n\t<meta name=\"twitter:data1\" content=\"2 minutes\" \/>\n<script type=\"application\/ld+json\" class=\"yoast-schema-graph\">{\"@context\":\"https:\/\/schema.org\",\"@graph\":[{\"@type\":\"WebPage\",\"@id\":\"https:\/\/idakorea.ee\/product\/iunik-centella-calming-gel-cream-60ml\/\",\"url\":\"https:\/\/idakorea.ee\/product\/iunik-centella-calming-gel-cream-60ml\/\",\"name\":\"iUnik Centella Calming Gel Cream, 60ml - IDA.KOREA\",\"isPartOf\":{\"@id\":\"https:\/\/idakorea.ee\/#website\"},\"primaryImageOfPage\":{\"@id\":\"https:\/\/idakorea.ee\/product\/iunik-centella-calming-gel-cream-60ml\/#primaryimage\"},\"image\":{\"@id\":\"https:\/\/idakorea.ee\/product\/iunik-centella-calming-gel-cream-60ml\/#primaryimage\"},\"thumbnailUrl\":\"https:\/\/idakorea.ee\/wp-content\/uploads\/2025\/08\/iunik-centella-calming-gel-cream-idakorea.jpg\",\"datePublished\":\"2025-08-29T14:40:36+00:00\",\"dateModified\":\"2026-01-29T14:21:31+00:00\",\"description\":\"Rahustav geelkreem iUnik Centella Calming Gel Cream leevendab \u00e4rritust ja s\u00fcgelust, v\u00e4hendab punetust, tugevdab kapillaare ja taastab naha elastsuse.\",\"breadcrumb\":{\"@id\":\"https:\/\/idakorea.ee\/product\/iunik-centella-calming-gel-cream-60ml\/#breadcrumb\"},\"inLanguage\":\"en-US\",\"potentialAction\":[{\"@type\":\"ReadAction\",\"target\":[\"https:\/\/idakorea.ee\/product\/iunik-centella-calming-gel-cream-60ml\/\"]}]},{\"@type\":\"ImageObject\",\"inLanguage\":\"en-US\",\"@id\":\"https:\/\/idakorea.ee\/product\/iunik-centella-calming-gel-cream-60ml\/#primaryimage\",\"url\":\"https:\/\/idakorea.ee\/wp-content\/uploads\/2025\/08\/iunik-centella-calming-gel-cream-idakorea.jpg\",\"contentUrl\":\"https:\/\/idakorea.ee\/wp-content\/uploads\/2025\/08\/iunik-centella-calming-gel-cream-idakorea.jpg\",\"width\":1344,\"height\":1344},{\"@type\":\"BreadcrumbList\",\"@id\":\"https:\/\/idakorea.ee\/product\/iunik-centella-calming-gel-cream-60ml\/#breadcrumb\",\"itemListElement\":[{\"@type\":\"ListItem\",\"position\":1,\"name\":\"\u0413\u043b\u0430\u0432\u043d\u0430\u044f \u0441\u0442\u0440\u0430\u043d\u0438\u0446\u0430\",\"item\":\"https:\/\/idakorea.ee\/\"},{\"@type\":\"ListItem\",\"position\":2,\"name\":\"Shop\",\"item\":\"https:\/\/idakorea.ee\/shop-2\/\"},{\"@type\":\"ListItem\",\"position\":3,\"name\":\"Rahustav geelkreem tsentellaga iUnik Centella Calming Gel Cream, 60ml\"}]},{\"@type\":\"WebSite\",\"@id\":\"https:\/\/idakorea.ee\/#website\",\"url\":\"https:\/\/idakorea.ee\/\",\"name\":\"IDA.KOREA\",\"description\":\"Korea kosmeetika e-pood\",\"publisher\":{\"@id\":\"https:\/\/idakorea.ee\/#organization\"},\"alternateName\":\"Beauty Shop\",\"potentialAction\":[{\"@type\":\"SearchAction\",\"target\":{\"@type\":\"EntryPoint\",\"urlTemplate\":\"https:\/\/idakorea.ee\/?s={search_term_string}\"},\"query-input\":{\"@type\":\"PropertyValueSpecification\",\"valueRequired\":true,\"valueName\":\"search_term_string\"}}],\"inLanguage\":\"en-US\"},{\"@type\":\"Organization\",\"@id\":\"https:\/\/idakorea.ee\/#organization\",\"name\":\"IDA.KOREA\",\"url\":\"https:\/\/idakorea.ee\/\",\"logo\":{\"@type\":\"ImageObject\",\"inLanguage\":\"en-US\",\"@id\":\"https:\/\/idakorea.ee\/#\/schema\/logo\/image\/\",\"url\":\"https:\/\/idakorea.ee\/wp-content\/uploads\/2024\/05\/cropped-korea3.png\",\"contentUrl\":\"https:\/\/idakorea.ee\/wp-content\/uploads\/2024\/05\/cropped-korea3.png\",\"width\":688,\"height\":126,\"caption\":\"IDA.KOREA\"},\"image\":{\"@id\":\"https:\/\/idakorea.ee\/#\/schema\/logo\/image\/\"},\"sameAs\":[\"https:\/\/www.instagram.com\/ida.korea\/\"]}]}<\/script>\n<!-- \/ Yoast SEO plugin. -->","yoast_head_json":{"title":"iUnik Centella Calming Gel Cream, 60ml - IDA.KOREA","description":"iUnik Centella Calming Gel Cream soothes irritation and itching, reduces redness, strengthens capillaries, and restores skin elasticity.","robots":{"index":"index","follow":"follow","max-snippet":"max-snippet:-1","max-image-preview":"max-image-preview:large","max-video-preview":"max-video-preview:-1"},"canonical":"https:\/\/idakorea.ee\/en\/product\/iunik-centella-calming-gel-cream-60ml\/","og_locale":"en_US","og_type":"article","og_title":"iUnik Centella Calming Gel Cream, 60ml - IDA.KOREA","og_description":"Rahustav geelkreem iUnik Centella Calming Gel Cream leevendab \u00e4rritust ja s\u00fcgelust, v\u00e4hendab punetust, tugevdab kapillaare ja taastab naha elastsuse.","og_url":"https:\/\/idakorea.ee\/en\/product\/iunik-centella-calming-gel-cream-60ml\/","og_site_name":"IDA.KOREA","article_modified_time":"2026-01-29T14:21:31+00:00","og_image":[{"width":1344,"height":1344,"url":"https:\/\/idakorea.ee\/wp-content\/uploads\/2025\/08\/iunik-centella-calming-gel-cream-idakorea.jpg","type":"image\/jpeg"}],"twitter_card":"summary_large_image","twitter_misc":{"Est. reading time":"2 minutes"},"schema":{"@context":"https:\/\/schema.org","@graph":[{"@type":"WebPage","@id":"https:\/\/idakorea.ee\/product\/iunik-centella-calming-gel-cream-60ml\/","url":"https:\/\/idakorea.ee\/product\/iunik-centella-calming-gel-cream-60ml\/","name":"iUnik Centella Calming Gel Cream, 60ml - IDA.KOREA","isPartOf":{"@id":"https:\/\/idakorea.ee\/#website"},"primaryImageOfPage":{"@id":"https:\/\/idakorea.ee\/product\/iunik-centella-calming-gel-cream-60ml\/#primaryimage"},"image":{"@id":"https:\/\/idakorea.ee\/product\/iunik-centella-calming-gel-cream-60ml\/#primaryimage"},"thumbnailUrl":"https:\/\/idakorea.ee\/wp-content\/uploads\/2025\/08\/iunik-centella-calming-gel-cream-idakorea.jpg","datePublished":"2025-08-29T14:40:36+00:00","dateModified":"2026-01-29T14:21:31+00:00","description":"iUnik Centella Calming Gel Cream soothes irritation and itching, reduces redness, strengthens capillaries, and restores skin elasticity.","breadcrumb":{"@id":"https:\/\/idakorea.ee\/product\/iunik-centella-calming-gel-cream-60ml\/#breadcrumb"},"inLanguage":"en-US","potentialAction":[{"@type":"ReadAction","target":["https:\/\/idakorea.ee\/product\/iunik-centella-calming-gel-cream-60ml\/"]}]},{"@type":"ImageObject","inLanguage":"en-US","@id":"https:\/\/idakorea.ee\/product\/iunik-centella-calming-gel-cream-60ml\/#primaryimage","url":"https:\/\/idakorea.ee\/wp-content\/uploads\/2025\/08\/iunik-centella-calming-gel-cream-idakorea.jpg","contentUrl":"https:\/\/idakorea.ee\/wp-content\/uploads\/2025\/08\/iunik-centella-calming-gel-cream-idakorea.jpg","width":1344,"height":1344},{"@type":"BreadcrumbList","@id":"https:\/\/idakorea.ee\/product\/iunik-centella-calming-gel-cream-60ml\/#breadcrumb","itemListElement":[{"@type":"ListItem","position":1,"name":"\u0413\u043b\u0430\u0432\u043d\u0430\u044f \u0441\u0442\u0440\u0430\u043d\u0438\u0446\u0430","item":"https:\/\/idakorea.ee\/"},{"@type":"ListItem","position":2,"name":"Shop","item":"https:\/\/idakorea.ee\/shop-2\/"},{"@type":"ListItem","position":3,"name":"Rahustav geelkreem tsentellaga iUnik Centella Calming Gel Cream, 60ml"}]},{"@type":"WebSite","@id":"https:\/\/idakorea.ee\/#website","url":"https:\/\/idakorea.ee\/","name":"IDA.KOREA","description":"Korean cosmetics e-shop","publisher":{"@id":"https:\/\/idakorea.ee\/#organization"},"alternateName":"Beauty Shop","potentialAction":[{"@type":"SearchAction","target":{"@type":"EntryPoint","urlTemplate":"https:\/\/idakorea.ee\/?s={search_term_string}"},"query-input":{"@type":"PropertyValueSpecification","valueRequired":true,"valueName":"search_term_string"}}],"inLanguage":"en-US"},{"@type":"Organization","@id":"https:\/\/idakorea.ee\/#organization","name":"IDA.KOREA","url":"https:\/\/idakorea.ee\/","logo":{"@type":"ImageObject","inLanguage":"en-US","@id":"https:\/\/idakorea.ee\/#\/schema\/logo\/image\/","url":"https:\/\/idakorea.ee\/wp-content\/uploads\/2024\/05\/cropped-korea3.png","contentUrl":"https:\/\/idakorea.ee\/wp-content\/uploads\/2024\/05\/cropped-korea3.png","width":688,"height":126,"caption":"IDA.KOREA"},"image":{"@id":"https:\/\/idakorea.ee\/#\/schema\/logo\/image\/"},"sameAs":["https:\/\/www.instagram.com\/ida.korea\/"]}]}},"jetpack_sharing_enabled":true,"brands":[{"id":486,"name":"IUNIK","slug":"iunik"}],"_links":{"self":[{"href":"https:\/\/idakorea.ee\/en\/wp-json\/wp\/v2\/product\/15697","targetHints":{"allow":["GET"]}}],"collection":[{"href":"https:\/\/idakorea.ee\/en\/wp-json\/wp\/v2\/product"}],"about":[{"href":"https:\/\/idakorea.ee\/en\/wp-json\/wp\/v2\/types\/product"}],"replies":[{"embeddable":true,"href":"https:\/\/idakorea.ee\/en\/wp-json\/wp\/v2\/comments?post=15697"}],"version-history":[{"count":1,"href":"https:\/\/idakorea.ee\/en\/wp-json\/wp\/v2\/product\/15697\/revisions"}],"predecessor-version":[{"id":15700,"href":"https:\/\/idakorea.ee\/en\/wp-json\/wp\/v2\/product\/15697\/revisions\/15700"}],"wp:featuredmedia":[{"embeddable":true,"href":"https:\/\/idakorea.ee\/en\/wp-json\/wp\/v2\/media\/15698"}],"wp:attachment":[{"href":"https:\/\/idakorea.ee\/en\/wp-json\/wp\/v2\/media?parent=15697"}],"wp:term":[{"taxonomy":"pwb-brand","embeddable":true,"href":"https:\/\/idakorea.ee\/en\/wp-json\/wp\/v2\/pwb-brand?post=15697"},{"taxonomy":"product_brand","embeddable":true,"href":"https:\/\/idakorea.ee\/en\/wp-json\/wp\/v2\/product_brand?post=15697"},{"taxonomy":"product_cat","embeddable":true,"href":"https:\/\/idakorea.ee\/en\/wp-json\/wp\/v2\/product_cat?post=15697"},{"taxonomy":"product_tag","embeddable":true,"href":"https:\/\/idakorea.ee\/en\/wp-json\/wp\/v2\/product_tag?post=15697"}],"curies":[{"name":"wp","href":"https:\/\/api.w.org\/{rel}","templated":true}]}}