{"id":15719,"date":"2025-09-02T15:17:15","date_gmt":"2025-09-02T12:17:15","guid":{"rendered":"https:\/\/idakorea.ee\/?post_type=product&#038;p=15719"},"modified":"2026-04-04T13:41:08","modified_gmt":"2026-04-04T11:41:08","slug":"celimax-dual-barrier-skin-wearable-cream-50ml","status":"publish","type":"product","link":"https:\/\/idakorea.ee\/en\/product\/celimax-dual-barrier-skin-wearable-cream-50ml\/","title":{"rendered":"Celimax Dual Barrier Skin Wearable Cream, 50ml"},"content":{"rendered":"<p data-start=\"43\" data-end=\"254\"><strong data-start=\"43\" data-end=\"87\">Celimax Dual Barrier Skin Wearable Cream<\/strong> Moisturizes and restores thin, sensitive skin: the cream soothes, softens, eliminates dryness and flaking, refines pores and removes the feeling of tightness after facial cleansing.<\/p>\n<p data-start=\"256\" data-end=\"499\">When the skin&#039;s natural protective barrier weakens, moisture evaporates quickly, the skin begins to peel and feels tight. This product restores the hydrolipidic protective barrier, retains moisture in the cells, relieves irritation and protects against dehydration.<\/p>\n<p data-start=\"501\" data-end=\"582\">The hypoallergenic product is perfectly absorbed and does not contain artificial fragrances.<\/p>\n<p data-start=\"584\" data-end=\"598\"><strong data-start=\"584\" data-end=\"596\">Composition:<\/strong><\/p>\n<ul data-start=\"599\" data-end=\"1741\">\n<li data-start=\"599\" data-end=\"823\">\n<p data-start=\"601\" data-end=\"823\"><strong data-start=\"601\" data-end=\"628\">Complex with 5 ceramides<\/strong> \u2013 lipids, similar to the skin&#039;s own lipids, integrate into the protective barrier and strengthen it, reducing the skin&#039;s reactivity to external irritants (temperature changes, wind, cold).<\/p>\n<\/li>\n<li data-start=\"824\" data-end=\"1174\">\n<p data-start=\"826\" data-end=\"1174\"><strong data-start=\"826\" data-end=\"901\">Unique peptide Aquatide (Heptasodium Hexacarboxymethyl Dipeptide-12)<\/strong> \u2013 accelerates autophagy, the process by which dead skin cell particles are converted into beneficial substances (collagen, elastin, hyaluronic acid). Aquatide increases the skin&#039;s natural moisturizing factor (NMF), has anti-aging effects and works well with ceramides.<\/p>\n<\/li>\n<li data-start=\"1175\" data-end=\"1281\">\n<p data-start=\"1177\" data-end=\"1281\"><strong data-start=\"1177\" data-end=\"1204\">Panthenol (vitamin B5)<\/strong> \u2013 promotes healing and recovery, reduces redness and retains moisture.<\/p>\n<\/li>\n<li data-start=\"1282\" data-end=\"1405\">\n<p data-start=\"1284\" data-end=\"1405\"><strong data-start=\"1284\" data-end=\"1298\">Allantoiin<\/strong> \u2013 protects cells from free radicals, soothes, accelerates recovery and makes the skin less sensitive.<\/p>\n<\/li>\n<li data-start=\"1406\" data-end=\"1547\">\n<p data-start=\"1408\" data-end=\"1547\"><strong data-start=\"1408\" data-end=\"1426\">Phytosphingosine<\/strong> \u2013 a phospholipid with antibacterial and anti-inflammatory properties, accelerates healing and slows down the aging process.<\/p>\n<\/li>\n<li data-start=\"1548\" data-end=\"1614\">\n<p data-start=\"1550\" data-end=\"1614\"><strong data-start=\"1550\" data-end=\"1563\">Olive oil<\/strong> \u2013 nourishes, softens and smoothes, eliminates dryness.<\/p>\n<\/li>\n<li data-start=\"1615\" data-end=\"1741\">\n<p data-start=\"1617\" data-end=\"1741\"><strong data-start=\"1617\" data-end=\"1640\">Sodium hyaluronate<\/strong> \u2013 low molecular weight hyaluronic acid moisturizes, softens, improves elasticity and maintains skin smoothness.<\/p>\n<\/li>\n<\/ul>\n<p data-start=\"1743\" data-end=\"1797\">Suitable for dry, dehydrated and sensitive skin.<\/p>\n<p data-start=\"1799\" data-end=\"1864\"><strong data-start=\"1799\" data-end=\"1814\">Usage:<\/strong> Apply the cream to your face after cleansing and toning.<\/p>","protected":false},"excerpt":{"rendered":"<p>Celimax Dual Barrier Skin Wearable Cream moisturizes and restores thin, sensitive skin: the cream soothes, softens, eliminates dryness and flaking, refines pores and eliminates the feeling of tightness after facial cleansing. When the skin&#039;s natural protective barrier weakens, moisture evaporates quickly, the skin begins to peel and a feeling of tightness occurs. This product restores the hydrolipidic protective barrier, retains moisture in the cells, relieves irritation and protects against dehydration\u2026<\/p>","protected":false},"featured_media":15720,"comment_status":"open","ping_status":"closed","template":"","meta":{"_uf_show_specific_survey":0,"_uf_disable_surveys":false,"_bst_post_transparent":"default","_bst_post_title":"","_bst_post_layout":"default","_bst_post_sidebar_id":"","_bst_post_content_style":"default","_bst_post_vertical_padding":"default","_bst_post_feature":"","_bst_post_feature_position":"","_bst_post_header":false,"_bst_post_footer":false},"pwb-brand":[885],"product_brand":[],"product_cat":[92,96],"product_tag":[886,985,221],"class_list":{"0":"post-15719","1":"product","2":"type-product","3":"status-publish","4":"has-post-thumbnail","6":"pwb-brand-celimax","7":"product_cat-nagu","8":"product_cat-naokreemid","9":"product_tag-celimax","10":"product_tag-kuiv","11":"product_tag-tundlik-nahk","13":"first","14":"instock","15":"sale","16":"shipping-taxable","17":"purchasable","18":"product-type-simple","19":"entry","20":"content-bg","21":"loop-entry"},"supplier_id":null,"supplier_sku":"","barcode":null,"atum_controlled":true,"out_stock_date":null,"out_stock_threshold":null,"inheritable":false,"inbound_stock":0,"stock_on_hold":0,"sold_today":0,"sales_last_days":2,"out_stock_days":0,"lost_sales":0,"has_location":false,"update_date":"2026-04-14T00:05:14","atum_locations":[],"atum_stock_status":"instock","restock_status":false,"low_stock_amount":"","sales_update_date":"2026-04-14T00:05:13","calc_backorders":null,"yoast_head":"<!-- This site is optimized with the Yoast SEO plugin v27.2 - https:\/\/yoast.com\/product\/yoast-seo-wordpress\/ -->\n<title>Celimax Dual Barrier Skin Wearable Cream, 50ml - IDA.KOREA<\/title>\n<meta name=\"description\" content=\"Kreem niisutab s\u00fcgavuti, taastab h\u00fcdrolipiidbarj\u00e4\u00e4ri. Sisaldab 5 tseramiidi, peptiidi ja pantenooli, mis rahustavad, v\u00e4hendavad punetust ja hoiavad niiskust.\" \/>\n<meta name=\"robots\" content=\"index, follow, max-snippet:-1, max-image-preview:large, max-video-preview:-1\" \/>\n<link rel=\"canonical\" href=\"https:\/\/idakorea.ee\/en\/product\/celimax-dual-barrier-skin-wearable-cream-50ml\/\" \/>\n<meta property=\"og:locale\" content=\"en_US\" \/>\n<meta property=\"og:type\" content=\"article\" \/>\n<meta property=\"og:title\" content=\"Celimax Dual Barrier Skin Wearable Cream, 50ml - IDA.KOREA\" \/>\n<meta property=\"og:description\" content=\"Kreem niisutab s\u00fcgavuti, taastab h\u00fcdrolipiidbarj\u00e4\u00e4ri. Sisaldab 5 tseramiidi, peptiidi ja pantenooli, mis rahustavad, v\u00e4hendavad punetust ja hoiavad niiskust.\" \/>\n<meta property=\"og:url\" content=\"https:\/\/idakorea.ee\/en\/product\/celimax-dual-barrier-skin-wearable-cream-50ml\/\" \/>\n<meta property=\"og:site_name\" content=\"IDA.KOREA\" \/>\n<meta property=\"article:modified_time\" content=\"2026-04-04T11:41:08+00:00\" \/>\n<meta property=\"og:image\" content=\"https:\/\/idakorea.ee\/wp-content\/uploads\/2025\/09\/celimax-dual-barrier-skin-wearable-cream_idakorea.jpg\" \/>\n\t<meta property=\"og:image:width\" content=\"1000\" \/>\n\t<meta property=\"og:image:height\" content=\"1000\" \/>\n\t<meta property=\"og:image:type\" content=\"image\/jpeg\" \/>\n<meta name=\"twitter:card\" content=\"summary_large_image\" \/>\n<meta name=\"twitter:label1\" content=\"Est. reading time\" \/>\n\t<meta name=\"twitter:data1\" content=\"2 minutes\" \/>\n<script type=\"application\/ld+json\" class=\"yoast-schema-graph\">{\"@context\":\"https:\/\/schema.org\",\"@graph\":[{\"@type\":\"WebPage\",\"@id\":\"https:\/\/idakorea.ee\/product\/celimax-dual-barrier-skin-wearable-cream-50ml\/\",\"url\":\"https:\/\/idakorea.ee\/product\/celimax-dual-barrier-skin-wearable-cream-50ml\/\",\"name\":\"Celimax Dual Barrier Skin Wearable Cream, 50ml - IDA.KOREA\",\"isPartOf\":{\"@id\":\"https:\/\/idakorea.ee\/#website\"},\"primaryImageOfPage\":{\"@id\":\"https:\/\/idakorea.ee\/product\/celimax-dual-barrier-skin-wearable-cream-50ml\/#primaryimage\"},\"image\":{\"@id\":\"https:\/\/idakorea.ee\/product\/celimax-dual-barrier-skin-wearable-cream-50ml\/#primaryimage\"},\"thumbnailUrl\":\"https:\/\/idakorea.ee\/wp-content\/uploads\/2025\/09\/celimax-dual-barrier-skin-wearable-cream_idakorea.jpg\",\"datePublished\":\"2025-09-02T12:17:15+00:00\",\"dateModified\":\"2026-04-04T11:41:08+00:00\",\"description\":\"Kreem niisutab s\u00fcgavuti, taastab h\u00fcdrolipiidbarj\u00e4\u00e4ri. Sisaldab 5 tseramiidi, peptiidi ja pantenooli, mis rahustavad, v\u00e4hendavad punetust ja hoiavad niiskust.\",\"breadcrumb\":{\"@id\":\"https:\/\/idakorea.ee\/product\/celimax-dual-barrier-skin-wearable-cream-50ml\/#breadcrumb\"},\"inLanguage\":\"en-US\",\"potentialAction\":[{\"@type\":\"ReadAction\",\"target\":[\"https:\/\/idakorea.ee\/product\/celimax-dual-barrier-skin-wearable-cream-50ml\/\"]}]},{\"@type\":\"ImageObject\",\"inLanguage\":\"en-US\",\"@id\":\"https:\/\/idakorea.ee\/product\/celimax-dual-barrier-skin-wearable-cream-50ml\/#primaryimage\",\"url\":\"https:\/\/idakorea.ee\/wp-content\/uploads\/2025\/09\/celimax-dual-barrier-skin-wearable-cream_idakorea.jpg\",\"contentUrl\":\"https:\/\/idakorea.ee\/wp-content\/uploads\/2025\/09\/celimax-dual-barrier-skin-wearable-cream_idakorea.jpg\",\"width\":1000,\"height\":1000},{\"@type\":\"BreadcrumbList\",\"@id\":\"https:\/\/idakorea.ee\/product\/celimax-dual-barrier-skin-wearable-cream-50ml\/#breadcrumb\",\"itemListElement\":[{\"@type\":\"ListItem\",\"position\":1,\"name\":\"\u0413\u043b\u0430\u0432\u043d\u0430\u044f \u0441\u0442\u0440\u0430\u043d\u0438\u0446\u0430\",\"item\":\"https:\/\/idakorea.ee\/\"},{\"@type\":\"ListItem\",\"position\":2,\"name\":\"Shop\",\"item\":\"https:\/\/idakorea.ee\/shop-2\/\"},{\"@type\":\"ListItem\",\"position\":3,\"name\":\"Tseramiidikompleksiga barj\u00e4\u00e4rkreem Celimax Dual Barrier Skin Wearable Cream, 50ml\"}]},{\"@type\":\"WebSite\",\"@id\":\"https:\/\/idakorea.ee\/#website\",\"url\":\"https:\/\/idakorea.ee\/\",\"name\":\"IDA.KOREA\",\"description\":\"Korea kosmeetika e-pood\",\"publisher\":{\"@id\":\"https:\/\/idakorea.ee\/#organization\"},\"alternateName\":\"Beauty Shop\",\"potentialAction\":[{\"@type\":\"SearchAction\",\"target\":{\"@type\":\"EntryPoint\",\"urlTemplate\":\"https:\/\/idakorea.ee\/?s={search_term_string}\"},\"query-input\":{\"@type\":\"PropertyValueSpecification\",\"valueRequired\":true,\"valueName\":\"search_term_string\"}}],\"inLanguage\":\"en-US\"},{\"@type\":\"Organization\",\"@id\":\"https:\/\/idakorea.ee\/#organization\",\"name\":\"IDA.KOREA\",\"url\":\"https:\/\/idakorea.ee\/\",\"logo\":{\"@type\":\"ImageObject\",\"inLanguage\":\"en-US\",\"@id\":\"https:\/\/idakorea.ee\/#\/schema\/logo\/image\/\",\"url\":\"https:\/\/idakorea.ee\/wp-content\/uploads\/2024\/05\/cropped-korea3.png\",\"contentUrl\":\"https:\/\/idakorea.ee\/wp-content\/uploads\/2024\/05\/cropped-korea3.png\",\"width\":688,\"height\":126,\"caption\":\"IDA.KOREA\"},\"image\":{\"@id\":\"https:\/\/idakorea.ee\/#\/schema\/logo\/image\/\"},\"sameAs\":[\"https:\/\/www.instagram.com\/ida.korea\/\"]}]}<\/script>\n<!-- \/ Yoast SEO plugin. -->","yoast_head_json":{"title":"Celimax Dual Barrier Skin Wearable Cream, 50ml - IDA.KOREA","description":"The cream deeply moisturizes, restores the hydrolipidic barrier. Contains 5 ceramides, peptides and panthenol, which soothe, reduce redness and retain moisture.","robots":{"index":"index","follow":"follow","max-snippet":"max-snippet:-1","max-image-preview":"max-image-preview:large","max-video-preview":"max-video-preview:-1"},"canonical":"https:\/\/idakorea.ee\/en\/product\/celimax-dual-barrier-skin-wearable-cream-50ml\/","og_locale":"en_US","og_type":"article","og_title":"Celimax Dual Barrier Skin Wearable Cream, 50ml - IDA.KOREA","og_description":"Kreem niisutab s\u00fcgavuti, taastab h\u00fcdrolipiidbarj\u00e4\u00e4ri. Sisaldab 5 tseramiidi, peptiidi ja pantenooli, mis rahustavad, v\u00e4hendavad punetust ja hoiavad niiskust.","og_url":"https:\/\/idakorea.ee\/en\/product\/celimax-dual-barrier-skin-wearable-cream-50ml\/","og_site_name":"IDA.KOREA","article_modified_time":"2026-04-04T11:41:08+00:00","og_image":[{"width":1000,"height":1000,"url":"https:\/\/idakorea.ee\/wp-content\/uploads\/2025\/09\/celimax-dual-barrier-skin-wearable-cream_idakorea.jpg","type":"image\/jpeg"}],"twitter_card":"summary_large_image","twitter_misc":{"Est. reading time":"2 minutes"},"schema":{"@context":"https:\/\/schema.org","@graph":[{"@type":"WebPage","@id":"https:\/\/idakorea.ee\/product\/celimax-dual-barrier-skin-wearable-cream-50ml\/","url":"https:\/\/idakorea.ee\/product\/celimax-dual-barrier-skin-wearable-cream-50ml\/","name":"Celimax Dual Barrier Skin Wearable Cream, 50ml - IDA.KOREA","isPartOf":{"@id":"https:\/\/idakorea.ee\/#website"},"primaryImageOfPage":{"@id":"https:\/\/idakorea.ee\/product\/celimax-dual-barrier-skin-wearable-cream-50ml\/#primaryimage"},"image":{"@id":"https:\/\/idakorea.ee\/product\/celimax-dual-barrier-skin-wearable-cream-50ml\/#primaryimage"},"thumbnailUrl":"https:\/\/idakorea.ee\/wp-content\/uploads\/2025\/09\/celimax-dual-barrier-skin-wearable-cream_idakorea.jpg","datePublished":"2025-09-02T12:17:15+00:00","dateModified":"2026-04-04T11:41:08+00:00","description":"The cream deeply moisturizes, restores the hydrolipidic barrier. Contains 5 ceramides, peptides and panthenol, which soothe, reduce redness and retain moisture.","breadcrumb":{"@id":"https:\/\/idakorea.ee\/product\/celimax-dual-barrier-skin-wearable-cream-50ml\/#breadcrumb"},"inLanguage":"en-US","potentialAction":[{"@type":"ReadAction","target":["https:\/\/idakorea.ee\/product\/celimax-dual-barrier-skin-wearable-cream-50ml\/"]}]},{"@type":"ImageObject","inLanguage":"en-US","@id":"https:\/\/idakorea.ee\/product\/celimax-dual-barrier-skin-wearable-cream-50ml\/#primaryimage","url":"https:\/\/idakorea.ee\/wp-content\/uploads\/2025\/09\/celimax-dual-barrier-skin-wearable-cream_idakorea.jpg","contentUrl":"https:\/\/idakorea.ee\/wp-content\/uploads\/2025\/09\/celimax-dual-barrier-skin-wearable-cream_idakorea.jpg","width":1000,"height":1000},{"@type":"BreadcrumbList","@id":"https:\/\/idakorea.ee\/product\/celimax-dual-barrier-skin-wearable-cream-50ml\/#breadcrumb","itemListElement":[{"@type":"ListItem","position":1,"name":"\u0413\u043b\u0430\u0432\u043d\u0430\u044f \u0441\u0442\u0440\u0430\u043d\u0438\u0446\u0430","item":"https:\/\/idakorea.ee\/"},{"@type":"ListItem","position":2,"name":"Shop","item":"https:\/\/idakorea.ee\/shop-2\/"},{"@type":"ListItem","position":3,"name":"Tseramiidikompleksiga barj\u00e4\u00e4rkreem Celimax Dual Barrier Skin Wearable Cream, 50ml"}]},{"@type":"WebSite","@id":"https:\/\/idakorea.ee\/#website","url":"https:\/\/idakorea.ee\/","name":"IDA.KOREA","description":"Korean cosmetics e-shop","publisher":{"@id":"https:\/\/idakorea.ee\/#organization"},"alternateName":"Beauty Shop","potentialAction":[{"@type":"SearchAction","target":{"@type":"EntryPoint","urlTemplate":"https:\/\/idakorea.ee\/?s={search_term_string}"},"query-input":{"@type":"PropertyValueSpecification","valueRequired":true,"valueName":"search_term_string"}}],"inLanguage":"en-US"},{"@type":"Organization","@id":"https:\/\/idakorea.ee\/#organization","name":"IDA.KOREA","url":"https:\/\/idakorea.ee\/","logo":{"@type":"ImageObject","inLanguage":"en-US","@id":"https:\/\/idakorea.ee\/#\/schema\/logo\/image\/","url":"https:\/\/idakorea.ee\/wp-content\/uploads\/2024\/05\/cropped-korea3.png","contentUrl":"https:\/\/idakorea.ee\/wp-content\/uploads\/2024\/05\/cropped-korea3.png","width":688,"height":126,"caption":"IDA.KOREA"},"image":{"@id":"https:\/\/idakorea.ee\/#\/schema\/logo\/image\/"},"sameAs":["https:\/\/www.instagram.com\/ida.korea\/"]}]}},"jetpack_sharing_enabled":true,"brands":[{"id":885,"name":"CELIMAX","slug":"celimax"}],"_links":{"self":[{"href":"https:\/\/idakorea.ee\/en\/wp-json\/wp\/v2\/product\/15719","targetHints":{"allow":["GET"]}}],"collection":[{"href":"https:\/\/idakorea.ee\/en\/wp-json\/wp\/v2\/product"}],"about":[{"href":"https:\/\/idakorea.ee\/en\/wp-json\/wp\/v2\/types\/product"}],"replies":[{"embeddable":true,"href":"https:\/\/idakorea.ee\/en\/wp-json\/wp\/v2\/comments?post=15719"}],"version-history":[{"count":1,"href":"https:\/\/idakorea.ee\/en\/wp-json\/wp\/v2\/product\/15719\/revisions"}],"predecessor-version":[{"id":15723,"href":"https:\/\/idakorea.ee\/en\/wp-json\/wp\/v2\/product\/15719\/revisions\/15723"}],"wp:featuredmedia":[{"embeddable":true,"href":"https:\/\/idakorea.ee\/en\/wp-json\/wp\/v2\/media\/15720"}],"wp:attachment":[{"href":"https:\/\/idakorea.ee\/en\/wp-json\/wp\/v2\/media?parent=15719"}],"wp:term":[{"taxonomy":"pwb-brand","embeddable":true,"href":"https:\/\/idakorea.ee\/en\/wp-json\/wp\/v2\/pwb-brand?post=15719"},{"taxonomy":"product_brand","embeddable":true,"href":"https:\/\/idakorea.ee\/en\/wp-json\/wp\/v2\/product_brand?post=15719"},{"taxonomy":"product_cat","embeddable":true,"href":"https:\/\/idakorea.ee\/en\/wp-json\/wp\/v2\/product_cat?post=15719"},{"taxonomy":"product_tag","embeddable":true,"href":"https:\/\/idakorea.ee\/en\/wp-json\/wp\/v2\/product_tag?post=15719"}],"curies":[{"name":"wp","href":"https:\/\/api.w.org\/{rel}","templated":true}]}}