{"id":1573,"date":"2024-05-29T12:57:05","date_gmt":"2024-05-29T10:57:05","guid":{"rendered":"https:\/\/idakorea.ee\/product\/%d1%81%d0%b0%d0%bd%d1%81%d0%ba%d1%80%d0%b8%d0%bd-%d1%81-%d1%82%d1%80%d1%8e%d1%84%d0%b5%d0%bb%d0%b5%d0%bc-dalba-moist-glow-sun-serum-white-trufflecollagen-sun-screen-spf50-pa-30ml\/"},"modified":"2026-04-13T06:29:43","modified_gmt":"2026-04-13T04:29:43","slug":"sanskrin-s-tryufelem-dalba-moist-glow-sun-serum-white-trufflecollagen-sun-screen-spf50-pa-30ml","status":"publish","type":"product","link":"https:\/\/idakorea.ee\/en\/product\/sanskrin-s-tryufelem-dalba-moist-glow-sun-serum-white-trufflecollagen-sun-screen-spf50-pa-30ml\/","title":{"rendered":"Sunscreen with truffle d&#039;Alba Moist Glow Sun Serum White Truffle&amp;Collagen Sun Screen SPF50+ PA++++, 30 ml EXP 03.12.2026"},"content":{"rendered":"<p><strong>D'Alba Moist Glow Sun Serum White Truffle&amp;Collagen Sun Screen SPF50+ PA++++\u00a0<\/strong>protects against UV rays, prevents age spots, sunburn and photo-aging.<\/p>\n<p>The product not only protects against the sun but also provides anti-ageing care: moisturises, soothes and maintains elasticity, slows down age-related changes, inhibits oxidative stress. Makes skin soft, firm and smooth.<\/p>\n<p>The formulation contains Italian truffle extract, a component that triggers the regeneration process and boosts local immunity, thus rejuvenating, firming and smoothing the skin, reducing the appearance of wrinkles and pigmentation, evening out skin tone.<\/p>\n<p>The cream-serum provides protection against UVA and UVB rays thanks to a new generation of photostable chemical filters that stabilise other filters and do not need to be renewed for up to 8 hours in urban conditions:<\/p>\n<ul>\n<li><strong>Uvinul A Plus<\/strong>\u00a0(Diethylamino Hydroxybenzoyl Hexyl Benzoate) protects against UVA rays.<\/li>\n<li><strong>Uvinul T 150\u00a0<\/strong>(ethylhexyltriazone) protects against UVB radiation.<\/li>\n<\/ul>\n<p><strong>Additional active substances:<\/strong><\/p>\n<ul>\n<li>Collagen intensively moisturizes, helps skin retain moisture, improves texture, stimulates regeneration processes, fights wrinkles.<\/li>\n<li>Centella asiatica complex contains centella extract and 4 of its derivatives: asiaticoside, madecassoside, madecassic acid and asiatic acid. It eliminates redness and irritation, soothes, promotes healing and strengthens the protective barrier and reinforces the walls of blood vessels, preventing the formation of vascular atherosclerosis.<\/li>\n<li>Coffee seed extract - antioxidant, rich in ferulic acid, slows down the ageing process, reduces the negative effects of UV radiation, prevents the destruction of extracellular matrix and prolongs skin youthfulness.<\/li>\n<li>Saccharomycetes - yeast enzymes, increase collagen and elastin synthesis, slow down age-related changes, maintain skin elasticity and smoothness.<\/li>\n<li>Sweet orange peel oil softens, nourishes, evens the tone, has anti-inflammatory properties.<\/li>\n<li>Ceramides are similar to epidermal lipids: they reinforce the protective hydrolipidic layer, eliminate flaking and dryness, prevent moisture loss and reduce sensitivity to external irritants.<\/li>\n<\/ul>\n<p>Suitable for normal, combination and dry skin.<\/p>\n<p><strong>Usage:\u00a0<\/strong>Apply approximately 1.2 ml of the serum to the face and neck after all daily skin care treatments and before applying make-up, and use on other exposed skin areas. In direct sunlight, reapply every 2 hours.<\/p>","protected":false},"excerpt":{"rendered":"<p>The serum protects against UV rays, prevents age spots, sunburn and photoaging.<\/p>\n<p>&nbsp;<\/p>\n<p>&nbsp;<\/p>","protected":false},"featured_media":1566,"comment_status":"open","ping_status":"closed","template":"","meta":{"_uf_show_specific_survey":0,"_uf_disable_surveys":false,"_bst_post_transparent":"default","_bst_post_title":"","_bst_post_layout":"default","_bst_post_sidebar_id":"","_bst_post_content_style":"default","_bst_post_vertical_padding":"default","_bst_post_feature":"","_bst_post_feature_position":"","_bst_post_header":false,"_bst_post_footer":false},"pwb-brand":[105],"product_brand":[],"product_cat":[92,101],"product_tag":[127,145],"class_list":{"0":"post-1573","1":"product","2":"type-product","3":"status-publish","4":"has-post-thumbnail","6":"pwb-brand-dalba","7":"product_cat-nagu","8":"product_cat-paikesekaitse","9":"product_tag-dalba","10":"product_tag-belyj-tryufel","12":"first","13":"outofstock","14":"sale","15":"shipping-taxable","16":"purchasable","17":"product-type-simple","18":"entry","19":"content-bg","20":"loop-entry"},"supplier_id":null,"supplier_sku":"","barcode":null,"atum_controlled":true,"out_stock_date":"2026-04-13 06:29:43","out_stock_threshold":null,"inheritable":false,"inbound_stock":0,"stock_on_hold":0,"sold_today":0,"sales_last_days":2,"out_stock_days":1,"lost_sales":4,"has_location":false,"update_date":"2026-04-14T12:39:52","atum_locations":[],"atum_stock_status":"outofstock","restock_status":false,"low_stock_amount":"","sales_update_date":"2026-04-14T12:39:52","calc_backorders":null,"yoast_head":"<!-- This site is optimized with the Yoast SEO plugin v27.2 - https:\/\/yoast.com\/product\/yoast-seo-wordpress\/ -->\n<title>P\u00e4ikesekaitsekreem tr\u00fchvliga d&#039;Alba Moist Glow Sun Serum White Truffle&amp;Collagen Sun Screen SPF50+ PA++++, 30 ml EXP 03.12.2026 - IDA.KOREA<\/title>\n<meta name=\"description\" content=\"D&#039;Alba Moist Glow Sun Serum White Truffle&amp;Collagen Sun Screen SPF50+ PA++++\u00a0kaitseb UV-kiirguse eest, hoiab \u00e4ra vanusevigastused, p\u00e4ikesep\u00f5letuse ja fotovananemise.\" \/>\n<meta name=\"robots\" content=\"index, follow, max-snippet:-1, max-image-preview:large, max-video-preview:-1\" \/>\n<link rel=\"canonical\" href=\"https:\/\/idakorea.ee\/en\/product\/sanskrin-s-tryufelem-dalba-moist-glow-sun-serum-white-trufflecollagen-sun-screen-spf50-pa-30ml\/\" \/>\n<meta property=\"og:locale\" content=\"en_US\" \/>\n<meta property=\"og:type\" content=\"article\" \/>\n<meta property=\"og:title\" content=\"P\u00e4ikesekaitsekreem tr\u00fchvliga d&#039;Alba Moist Glow Sun Serum White Truffle&amp;Collagen Sun Screen SPF50+ PA++++, 30 ml EXP 03.12.2026 - IDA.KOREA\" \/>\n<meta property=\"og:description\" content=\"D&#039;Alba Moist Glow Sun Serum White Truffle&amp;Collagen Sun Screen SPF50+ PA++++\u00a0kaitseb UV-kiirguse eest, hoiab \u00e4ra vanusevigastused, p\u00e4ikesep\u00f5letuse ja fotovananemise.\" \/>\n<meta property=\"og:url\" content=\"https:\/\/idakorea.ee\/en\/product\/sanskrin-s-tryufelem-dalba-moist-glow-sun-serum-white-trufflecollagen-sun-screen-spf50-pa-30ml\/\" \/>\n<meta property=\"og:site_name\" content=\"IDA.KOREA\" \/>\n<meta property=\"article:modified_time\" content=\"2026-04-13T04:29:43+00:00\" \/>\n<meta property=\"og:image\" content=\"https:\/\/idakorea.ee\/wp-content\/uploads\/2024\/05\/D_Alba-Moist-Glow-Sun-Serum-White-Truffle-_-CollagenSun-Screen-SPF-50_.jpg\" \/>\n\t<meta property=\"og:image:width\" content=\"1000\" \/>\n\t<meta property=\"og:image:height\" content=\"1000\" \/>\n\t<meta property=\"og:image:type\" content=\"image\/jpeg\" \/>\n<meta name=\"twitter:card\" content=\"summary_large_image\" \/>\n<meta name=\"twitter:label1\" content=\"Est. reading time\" \/>\n\t<meta name=\"twitter:data1\" content=\"2 minutes\" \/>\n<script type=\"application\/ld+json\" class=\"yoast-schema-graph\">{\"@context\":\"https:\/\/schema.org\",\"@graph\":[{\"@type\":\"WebPage\",\"@id\":\"https:\/\/idakorea.ee\/product\/sanskrin-s-tryufelem-dalba-moist-glow-sun-serum-white-trufflecollagen-sun-screen-spf50-pa-30ml\/\",\"url\":\"https:\/\/idakorea.ee\/product\/sanskrin-s-tryufelem-dalba-moist-glow-sun-serum-white-trufflecollagen-sun-screen-spf50-pa-30ml\/\",\"name\":\"P\u00e4ikesekaitsekreem tr\u00fchvliga d'Alba Moist Glow Sun Serum White Truffle&amp;Collagen Sun Screen SPF50+ PA++++, 30 ml EXP 03.12.2026 - IDA.KOREA\",\"isPartOf\":{\"@id\":\"https:\/\/idakorea.ee\/#website\"},\"primaryImageOfPage\":{\"@id\":\"https:\/\/idakorea.ee\/product\/sanskrin-s-tryufelem-dalba-moist-glow-sun-serum-white-trufflecollagen-sun-screen-spf50-pa-30ml\/#primaryimage\"},\"image\":{\"@id\":\"https:\/\/idakorea.ee\/product\/sanskrin-s-tryufelem-dalba-moist-glow-sun-serum-white-trufflecollagen-sun-screen-spf50-pa-30ml\/#primaryimage\"},\"thumbnailUrl\":\"https:\/\/idakorea.ee\/wp-content\/uploads\/2024\/05\/D_Alba-Moist-Glow-Sun-Serum-White-Truffle-_-CollagenSun-Screen-SPF-50_.jpg\",\"datePublished\":\"2024-05-29T10:57:05+00:00\",\"dateModified\":\"2026-04-13T04:29:43+00:00\",\"description\":\"D'Alba Moist Glow Sun Serum White Truffle&Collagen Sun Screen SPF50+ PA++++\u00a0kaitseb UV-kiirguse eest, hoiab \u00e4ra vanusevigastused, p\u00e4ikesep\u00f5letuse ja fotovananemise.\",\"breadcrumb\":{\"@id\":\"https:\/\/idakorea.ee\/product\/sanskrin-s-tryufelem-dalba-moist-glow-sun-serum-white-trufflecollagen-sun-screen-spf50-pa-30ml\/#breadcrumb\"},\"inLanguage\":\"en-US\",\"potentialAction\":[{\"@type\":\"ReadAction\",\"target\":[\"https:\/\/idakorea.ee\/product\/sanskrin-s-tryufelem-dalba-moist-glow-sun-serum-white-trufflecollagen-sun-screen-spf50-pa-30ml\/\"]}]},{\"@type\":\"ImageObject\",\"inLanguage\":\"en-US\",\"@id\":\"https:\/\/idakorea.ee\/product\/sanskrin-s-tryufelem-dalba-moist-glow-sun-serum-white-trufflecollagen-sun-screen-spf50-pa-30ml\/#primaryimage\",\"url\":\"https:\/\/idakorea.ee\/wp-content\/uploads\/2024\/05\/D_Alba-Moist-Glow-Sun-Serum-White-Truffle-_-CollagenSun-Screen-SPF-50_.jpg\",\"contentUrl\":\"https:\/\/idakorea.ee\/wp-content\/uploads\/2024\/05\/D_Alba-Moist-Glow-Sun-Serum-White-Truffle-_-CollagenSun-Screen-SPF-50_.jpg\",\"width\":1000,\"height\":1000},{\"@type\":\"BreadcrumbList\",\"@id\":\"https:\/\/idakorea.ee\/product\/sanskrin-s-tryufelem-dalba-moist-glow-sun-serum-white-trufflecollagen-sun-screen-spf50-pa-30ml\/#breadcrumb\",\"itemListElement\":[{\"@type\":\"ListItem\",\"position\":1,\"name\":\"\u0413\u043b\u0430\u0432\u043d\u0430\u044f \u0441\u0442\u0440\u0430\u043d\u0438\u0446\u0430\",\"item\":\"https:\/\/idakorea.ee\/\"},{\"@type\":\"ListItem\",\"position\":2,\"name\":\"Shop\",\"item\":\"https:\/\/idakorea.ee\/shop-2\/\"},{\"@type\":\"ListItem\",\"position\":3,\"name\":\"P\u00e4ikesekaitsekreem tr\u00fchvliga d&#8217;Alba Moist Glow Sun Serum White Truffle&amp;Collagen Sun Screen SPF50+ PA++++, 30 ml EXP 03.12.2026\"}]},{\"@type\":\"WebSite\",\"@id\":\"https:\/\/idakorea.ee\/#website\",\"url\":\"https:\/\/idakorea.ee\/\",\"name\":\"IDA.KOREA\",\"description\":\"Korea kosmeetika e-pood\",\"publisher\":{\"@id\":\"https:\/\/idakorea.ee\/#organization\"},\"alternateName\":\"Beauty Shop\",\"potentialAction\":[{\"@type\":\"SearchAction\",\"target\":{\"@type\":\"EntryPoint\",\"urlTemplate\":\"https:\/\/idakorea.ee\/?s={search_term_string}\"},\"query-input\":{\"@type\":\"PropertyValueSpecification\",\"valueRequired\":true,\"valueName\":\"search_term_string\"}}],\"inLanguage\":\"en-US\"},{\"@type\":\"Organization\",\"@id\":\"https:\/\/idakorea.ee\/#organization\",\"name\":\"IDA.KOREA\",\"url\":\"https:\/\/idakorea.ee\/\",\"logo\":{\"@type\":\"ImageObject\",\"inLanguage\":\"en-US\",\"@id\":\"https:\/\/idakorea.ee\/#\/schema\/logo\/image\/\",\"url\":\"https:\/\/idakorea.ee\/wp-content\/uploads\/2024\/05\/cropped-korea3.png\",\"contentUrl\":\"https:\/\/idakorea.ee\/wp-content\/uploads\/2024\/05\/cropped-korea3.png\",\"width\":688,\"height\":126,\"caption\":\"IDA.KOREA\"},\"image\":{\"@id\":\"https:\/\/idakorea.ee\/#\/schema\/logo\/image\/\"},\"sameAs\":[\"https:\/\/www.instagram.com\/ida.korea\/\"]}]}<\/script>\n<!-- \/ Yoast SEO plugin. -->","yoast_head_json":{"title":"P\u00e4ikesekaitsekreem tr\u00fchvliga d'Alba Moist Glow Sun Serum White Truffle&amp;Collagen Sun Screen SPF50+ PA++++, 30 ml EXP 03.12.2026 - IDA.KOREA","description":"D'Alba Moist Glow Sun Serum White Truffle&amp;Collagen Sun Screen SPF50+ PA++++ protects against UV rays, prevents age spots, sunburn and photoaging.","robots":{"index":"index","follow":"follow","max-snippet":"max-snippet:-1","max-image-preview":"max-image-preview:large","max-video-preview":"max-video-preview:-1"},"canonical":"https:\/\/idakorea.ee\/en\/product\/sanskrin-s-tryufelem-dalba-moist-glow-sun-serum-white-trufflecollagen-sun-screen-spf50-pa-30ml\/","og_locale":"en_US","og_type":"article","og_title":"P\u00e4ikesekaitsekreem tr\u00fchvliga d'Alba Moist Glow Sun Serum White Truffle&amp;Collagen Sun Screen SPF50+ PA++++, 30 ml EXP 03.12.2026 - IDA.KOREA","og_description":"D'Alba Moist Glow Sun Serum White Truffle&Collagen Sun Screen SPF50+ PA++++\u00a0kaitseb UV-kiirguse eest, hoiab \u00e4ra vanusevigastused, p\u00e4ikesep\u00f5letuse ja fotovananemise.","og_url":"https:\/\/idakorea.ee\/en\/product\/sanskrin-s-tryufelem-dalba-moist-glow-sun-serum-white-trufflecollagen-sun-screen-spf50-pa-30ml\/","og_site_name":"IDA.KOREA","article_modified_time":"2026-04-13T04:29:43+00:00","og_image":[{"width":1000,"height":1000,"url":"https:\/\/idakorea.ee\/wp-content\/uploads\/2024\/05\/D_Alba-Moist-Glow-Sun-Serum-White-Truffle-_-CollagenSun-Screen-SPF-50_.jpg","type":"image\/jpeg"}],"twitter_card":"summary_large_image","twitter_misc":{"Est. reading time":"2 minutes"},"schema":{"@context":"https:\/\/schema.org","@graph":[{"@type":"WebPage","@id":"https:\/\/idakorea.ee\/product\/sanskrin-s-tryufelem-dalba-moist-glow-sun-serum-white-trufflecollagen-sun-screen-spf50-pa-30ml\/","url":"https:\/\/idakorea.ee\/product\/sanskrin-s-tryufelem-dalba-moist-glow-sun-serum-white-trufflecollagen-sun-screen-spf50-pa-30ml\/","name":"P\u00e4ikesekaitsekreem tr\u00fchvliga d'Alba Moist Glow Sun Serum White Truffle&amp;Collagen Sun Screen SPF50+ PA++++, 30 ml EXP 03.12.2026 - IDA.KOREA","isPartOf":{"@id":"https:\/\/idakorea.ee\/#website"},"primaryImageOfPage":{"@id":"https:\/\/idakorea.ee\/product\/sanskrin-s-tryufelem-dalba-moist-glow-sun-serum-white-trufflecollagen-sun-screen-spf50-pa-30ml\/#primaryimage"},"image":{"@id":"https:\/\/idakorea.ee\/product\/sanskrin-s-tryufelem-dalba-moist-glow-sun-serum-white-trufflecollagen-sun-screen-spf50-pa-30ml\/#primaryimage"},"thumbnailUrl":"https:\/\/idakorea.ee\/wp-content\/uploads\/2024\/05\/D_Alba-Moist-Glow-Sun-Serum-White-Truffle-_-CollagenSun-Screen-SPF-50_.jpg","datePublished":"2024-05-29T10:57:05+00:00","dateModified":"2026-04-13T04:29:43+00:00","description":"D'Alba Moist Glow Sun Serum White Truffle&amp;Collagen Sun Screen SPF50+ PA++++ protects against UV rays, prevents age spots, sunburn and photoaging.","breadcrumb":{"@id":"https:\/\/idakorea.ee\/product\/sanskrin-s-tryufelem-dalba-moist-glow-sun-serum-white-trufflecollagen-sun-screen-spf50-pa-30ml\/#breadcrumb"},"inLanguage":"en-US","potentialAction":[{"@type":"ReadAction","target":["https:\/\/idakorea.ee\/product\/sanskrin-s-tryufelem-dalba-moist-glow-sun-serum-white-trufflecollagen-sun-screen-spf50-pa-30ml\/"]}]},{"@type":"ImageObject","inLanguage":"en-US","@id":"https:\/\/idakorea.ee\/product\/sanskrin-s-tryufelem-dalba-moist-glow-sun-serum-white-trufflecollagen-sun-screen-spf50-pa-30ml\/#primaryimage","url":"https:\/\/idakorea.ee\/wp-content\/uploads\/2024\/05\/D_Alba-Moist-Glow-Sun-Serum-White-Truffle-_-CollagenSun-Screen-SPF-50_.jpg","contentUrl":"https:\/\/idakorea.ee\/wp-content\/uploads\/2024\/05\/D_Alba-Moist-Glow-Sun-Serum-White-Truffle-_-CollagenSun-Screen-SPF-50_.jpg","width":1000,"height":1000},{"@type":"BreadcrumbList","@id":"https:\/\/idakorea.ee\/product\/sanskrin-s-tryufelem-dalba-moist-glow-sun-serum-white-trufflecollagen-sun-screen-spf50-pa-30ml\/#breadcrumb","itemListElement":[{"@type":"ListItem","position":1,"name":"\u0413\u043b\u0430\u0432\u043d\u0430\u044f \u0441\u0442\u0440\u0430\u043d\u0438\u0446\u0430","item":"https:\/\/idakorea.ee\/"},{"@type":"ListItem","position":2,"name":"Shop","item":"https:\/\/idakorea.ee\/shop-2\/"},{"@type":"ListItem","position":3,"name":"P\u00e4ikesekaitsekreem tr\u00fchvliga d&#8217;Alba Moist Glow Sun Serum White Truffle&amp;Collagen Sun Screen SPF50+ PA++++, 30 ml EXP 03.12.2026"}]},{"@type":"WebSite","@id":"https:\/\/idakorea.ee\/#website","url":"https:\/\/idakorea.ee\/","name":"IDA.KOREA","description":"Korean cosmetics e-shop","publisher":{"@id":"https:\/\/idakorea.ee\/#organization"},"alternateName":"Beauty Shop","potentialAction":[{"@type":"SearchAction","target":{"@type":"EntryPoint","urlTemplate":"https:\/\/idakorea.ee\/?s={search_term_string}"},"query-input":{"@type":"PropertyValueSpecification","valueRequired":true,"valueName":"search_term_string"}}],"inLanguage":"en-US"},{"@type":"Organization","@id":"https:\/\/idakorea.ee\/#organization","name":"IDA.KOREA","url":"https:\/\/idakorea.ee\/","logo":{"@type":"ImageObject","inLanguage":"en-US","@id":"https:\/\/idakorea.ee\/#\/schema\/logo\/image\/","url":"https:\/\/idakorea.ee\/wp-content\/uploads\/2024\/05\/cropped-korea3.png","contentUrl":"https:\/\/idakorea.ee\/wp-content\/uploads\/2024\/05\/cropped-korea3.png","width":688,"height":126,"caption":"IDA.KOREA"},"image":{"@id":"https:\/\/idakorea.ee\/#\/schema\/logo\/image\/"},"sameAs":["https:\/\/www.instagram.com\/ida.korea\/"]}]}},"jetpack_sharing_enabled":true,"brands":[{"id":105,"name":"d'ALBA","slug":"dalba"}],"_links":{"self":[{"href":"https:\/\/idakorea.ee\/en\/wp-json\/wp\/v2\/product\/1573","targetHints":{"allow":["GET"]}}],"collection":[{"href":"https:\/\/idakorea.ee\/en\/wp-json\/wp\/v2\/product"}],"about":[{"href":"https:\/\/idakorea.ee\/en\/wp-json\/wp\/v2\/types\/product"}],"replies":[{"embeddable":true,"href":"https:\/\/idakorea.ee\/en\/wp-json\/wp\/v2\/comments?post=1573"}],"version-history":[{"count":5,"href":"https:\/\/idakorea.ee\/en\/wp-json\/wp\/v2\/product\/1573\/revisions"}],"predecessor-version":[{"id":17877,"href":"https:\/\/idakorea.ee\/en\/wp-json\/wp\/v2\/product\/1573\/revisions\/17877"}],"wp:featuredmedia":[{"embeddable":true,"href":"https:\/\/idakorea.ee\/en\/wp-json\/wp\/v2\/media\/1566"}],"wp:attachment":[{"href":"https:\/\/idakorea.ee\/en\/wp-json\/wp\/v2\/media?parent=1573"}],"wp:term":[{"taxonomy":"pwb-brand","embeddable":true,"href":"https:\/\/idakorea.ee\/en\/wp-json\/wp\/v2\/pwb-brand?post=1573"},{"taxonomy":"product_brand","embeddable":true,"href":"https:\/\/idakorea.ee\/en\/wp-json\/wp\/v2\/product_brand?post=1573"},{"taxonomy":"product_cat","embeddable":true,"href":"https:\/\/idakorea.ee\/en\/wp-json\/wp\/v2\/product_cat?post=1573"},{"taxonomy":"product_tag","embeddable":true,"href":"https:\/\/idakorea.ee\/en\/wp-json\/wp\/v2\/product_tag?post=1573"}],"curies":[{"name":"wp","href":"https:\/\/api.w.org\/{rel}","templated":true}]}}