{"id":15818,"date":"2025-09-10T12:05:15","date_gmt":"2025-09-10T09:05:15","guid":{"rendered":"https:\/\/idakorea.ee\/?post_type=product&#038;p=15818"},"modified":"2026-03-24T13:56:12","modified_gmt":"2026-03-24T11:56:12","slug":"matistavad-naosalvratikud-dr-g-blemish-oil-control-paper-70tk","status":"publish","type":"product","link":"https:\/\/idakorea.ee\/en\/product\/matistavad-naosalvratikud-dr-g-blemish-oil-control-paper-70tk\/","title":{"rendered":"Mattifying facial wipes DR.G Blemish Oil Control Paper, 70pcs"},"content":{"rendered":"<p data-start=\"43\" data-end=\"385\"><strong data-start=\"43\" data-end=\"77\">DR.G Blemish Oil Control Paper<\/strong> \u2014 mattifying facial wipes are made of environmentally friendly material and contain tea tree extract, which has excellent absorbency. These wipes effectively absorb excess skin oil, remove shine, leave the skin matte and moisturized. The wipes only remove excess oil, so makeup does not wear off.<\/p>\n<p data-start=\"387\" data-end=\"585\"><strong data-start=\"387\" data-end=\"402\">Usage:<\/strong><br data-start=\"402\" data-end=\"405\" \/>To remove oily shine, gently dab the area with a tissue. You can do this even if you have foundation or powder on your face \u2013 the cosmetics will remain intact.<\/p>","protected":false},"excerpt":{"rendered":"<p>DR.G Blemish Oil Control Paper \u2014 mattifying facial wipes are made of environmentally friendly material and contain tea tree extract, which has excellent absorbency. These wipes effectively absorb excess skin oil, remove shine, leave the skin matte and moisturized. The wipes only remove excess oil, so makeup is not worn. Usage: To remove oily shine, gently dab the desired area with the wipe. This can also be done\u2026<\/p>","protected":false},"featured_media":15819,"comment_status":"open","ping_status":"closed","template":"","meta":{"_uf_show_specific_survey":0,"_uf_disable_surveys":false,"_bst_post_transparent":"default","_bst_post_title":"","_bst_post_layout":"default","_bst_post_sidebar_id":"","_bst_post_content_style":"default","_bst_post_vertical_padding":"default","_bst_post_feature":"","_bst_post_feature_position":"","_bst_post_header":false,"_bst_post_footer":false},"pwb-brand":[458],"product_brand":[],"product_cat":[463],"product_tag":[],"class_list":{"0":"post-15818","1":"product","2":"type-product","3":"status-publish","4":"has-post-thumbnail","6":"pwb-brand-dr-g","7":"product_cat-tarvikud","9":"first","10":"instock","11":"sale","12":"shipping-taxable","13":"purchasable","14":"product-type-simple","15":"entry","16":"content-bg","17":"loop-entry"},"supplier_id":null,"supplier_sku":"","barcode":null,"atum_controlled":true,"out_stock_date":null,"out_stock_threshold":null,"inheritable":false,"inbound_stock":0,"stock_on_hold":0,"sold_today":0,"sales_last_days":1,"out_stock_days":0,"lost_sales":0,"has_location":false,"update_date":"2026-04-14T00:05:11","atum_locations":[],"atum_stock_status":"instock","restock_status":false,"low_stock_amount":"","sales_update_date":"2026-04-14T00:05:11","calc_backorders":null,"yoast_head":"<!-- This site is optimized with the Yoast SEO plugin v27.2 - https:\/\/yoast.com\/product\/yoast-seo-wordpress\/ -->\n<title>DR.G Blemish Oil Control Paper, 70tk - IDA.KOREA<\/title>\n<meta name=\"description\" content=\"Salvr\u00e4tikud imavad t\u00f5husalt liigse naha rasu, eemaldavad l\u00e4ike, j\u00e4tavad naha mati ja niisutatud. Salvr\u00e4tikud eemaldavad liigse rasu, mist\u00f5ttu meik ei kulu.\" \/>\n<meta name=\"robots\" content=\"index, follow, max-snippet:-1, max-image-preview:large, max-video-preview:-1\" \/>\n<link rel=\"canonical\" href=\"https:\/\/idakorea.ee\/en\/product\/matistavad-naosalvratikud-dr-g-blemish-oil-control-paper-70tk\/\" \/>\n<meta property=\"og:locale\" content=\"en_US\" \/>\n<meta property=\"og:type\" content=\"article\" \/>\n<meta property=\"og:title\" content=\"DR.G Blemish Oil Control Paper, 70tk - IDA.KOREA\" \/>\n<meta property=\"og:description\" content=\"Salvr\u00e4tikud imavad t\u00f5husalt liigse naha rasu, eemaldavad l\u00e4ike, j\u00e4tavad naha mati ja niisutatud. Salvr\u00e4tikud eemaldavad liigse rasu, mist\u00f5ttu meik ei kulu.\" \/>\n<meta property=\"og:url\" content=\"https:\/\/idakorea.ee\/en\/product\/matistavad-naosalvratikud-dr-g-blemish-oil-control-paper-70tk\/\" \/>\n<meta property=\"og:site_name\" content=\"IDA.KOREA\" \/>\n<meta property=\"article:modified_time\" content=\"2026-03-24T11:56:12+00:00\" \/>\n<meta property=\"og:image\" content=\"https:\/\/idakorea.ee\/wp-content\/uploads\/2025\/09\/dr-g-oil-control-paper-idakorea.webp\" \/>\n\t<meta property=\"og:image:width\" content=\"1000\" \/>\n\t<meta property=\"og:image:height\" content=\"1000\" \/>\n\t<meta property=\"og:image:type\" content=\"image\/webp\" \/>\n<meta name=\"twitter:card\" content=\"summary_large_image\" \/>\n<meta name=\"twitter:label1\" content=\"Est. reading time\" \/>\n\t<meta name=\"twitter:data1\" content=\"1 minute\" \/>\n<script type=\"application\/ld+json\" class=\"yoast-schema-graph\">{\"@context\":\"https:\/\/schema.org\",\"@graph\":[{\"@type\":\"WebPage\",\"@id\":\"https:\/\/idakorea.ee\/product\/matistavad-naosalvratikud-dr-g-blemish-oil-control-paper-70tk\/\",\"url\":\"https:\/\/idakorea.ee\/product\/matistavad-naosalvratikud-dr-g-blemish-oil-control-paper-70tk\/\",\"name\":\"DR.G Blemish Oil Control Paper, 70tk - IDA.KOREA\",\"isPartOf\":{\"@id\":\"https:\/\/idakorea.ee\/#website\"},\"primaryImageOfPage\":{\"@id\":\"https:\/\/idakorea.ee\/product\/matistavad-naosalvratikud-dr-g-blemish-oil-control-paper-70tk\/#primaryimage\"},\"image\":{\"@id\":\"https:\/\/idakorea.ee\/product\/matistavad-naosalvratikud-dr-g-blemish-oil-control-paper-70tk\/#primaryimage\"},\"thumbnailUrl\":\"https:\/\/idakorea.ee\/wp-content\/uploads\/2025\/09\/dr-g-oil-control-paper-idakorea.webp\",\"datePublished\":\"2025-09-10T09:05:15+00:00\",\"dateModified\":\"2026-03-24T11:56:12+00:00\",\"description\":\"Salvr\u00e4tikud imavad t\u00f5husalt liigse naha rasu, eemaldavad l\u00e4ike, j\u00e4tavad naha mati ja niisutatud. Salvr\u00e4tikud eemaldavad liigse rasu, mist\u00f5ttu meik ei kulu.\",\"breadcrumb\":{\"@id\":\"https:\/\/idakorea.ee\/product\/matistavad-naosalvratikud-dr-g-blemish-oil-control-paper-70tk\/#breadcrumb\"},\"inLanguage\":\"en-US\",\"potentialAction\":[{\"@type\":\"ReadAction\",\"target\":[\"https:\/\/idakorea.ee\/product\/matistavad-naosalvratikud-dr-g-blemish-oil-control-paper-70tk\/\"]}]},{\"@type\":\"ImageObject\",\"inLanguage\":\"en-US\",\"@id\":\"https:\/\/idakorea.ee\/product\/matistavad-naosalvratikud-dr-g-blemish-oil-control-paper-70tk\/#primaryimage\",\"url\":\"https:\/\/idakorea.ee\/wp-content\/uploads\/2025\/09\/dr-g-oil-control-paper-idakorea.webp\",\"contentUrl\":\"https:\/\/idakorea.ee\/wp-content\/uploads\/2025\/09\/dr-g-oil-control-paper-idakorea.webp\",\"width\":1000,\"height\":1000},{\"@type\":\"BreadcrumbList\",\"@id\":\"https:\/\/idakorea.ee\/product\/matistavad-naosalvratikud-dr-g-blemish-oil-control-paper-70tk\/#breadcrumb\",\"itemListElement\":[{\"@type\":\"ListItem\",\"position\":1,\"name\":\"\u0413\u043b\u0430\u0432\u043d\u0430\u044f \u0441\u0442\u0440\u0430\u043d\u0438\u0446\u0430\",\"item\":\"https:\/\/idakorea.ee\/\"},{\"@type\":\"ListItem\",\"position\":2,\"name\":\"Shop\",\"item\":\"https:\/\/idakorea.ee\/shop-2\/\"},{\"@type\":\"ListItem\",\"position\":3,\"name\":\"Matistavad n\u00e4osalvr\u00e4tikud DR.G Blemish Oil Control Paper, 70tk\"}]},{\"@type\":\"WebSite\",\"@id\":\"https:\/\/idakorea.ee\/#website\",\"url\":\"https:\/\/idakorea.ee\/\",\"name\":\"IDA.KOREA\",\"description\":\"Korea kosmeetika e-pood\",\"publisher\":{\"@id\":\"https:\/\/idakorea.ee\/#organization\"},\"alternateName\":\"Beauty Shop\",\"potentialAction\":[{\"@type\":\"SearchAction\",\"target\":{\"@type\":\"EntryPoint\",\"urlTemplate\":\"https:\/\/idakorea.ee\/?s={search_term_string}\"},\"query-input\":{\"@type\":\"PropertyValueSpecification\",\"valueRequired\":true,\"valueName\":\"search_term_string\"}}],\"inLanguage\":\"en-US\"},{\"@type\":\"Organization\",\"@id\":\"https:\/\/idakorea.ee\/#organization\",\"name\":\"IDA.KOREA\",\"url\":\"https:\/\/idakorea.ee\/\",\"logo\":{\"@type\":\"ImageObject\",\"inLanguage\":\"en-US\",\"@id\":\"https:\/\/idakorea.ee\/#\/schema\/logo\/image\/\",\"url\":\"https:\/\/idakorea.ee\/wp-content\/uploads\/2024\/05\/cropped-korea3.png\",\"contentUrl\":\"https:\/\/idakorea.ee\/wp-content\/uploads\/2024\/05\/cropped-korea3.png\",\"width\":688,\"height\":126,\"caption\":\"IDA.KOREA\"},\"image\":{\"@id\":\"https:\/\/idakorea.ee\/#\/schema\/logo\/image\/\"},\"sameAs\":[\"https:\/\/www.instagram.com\/ida.korea\/\"]}]}<\/script>\n<!-- \/ Yoast SEO plugin. -->","yoast_head_json":{"title":"DR.G Blemish Oil Control Paper, 70pcs - IDA.KOREA","description":"The wipes effectively absorb excess oil, remove shine, and leave the skin matte and moisturized. The wipes remove excess oil, so makeup doesn&#039;t wear off.","robots":{"index":"index","follow":"follow","max-snippet":"max-snippet:-1","max-image-preview":"max-image-preview:large","max-video-preview":"max-video-preview:-1"},"canonical":"https:\/\/idakorea.ee\/en\/product\/matistavad-naosalvratikud-dr-g-blemish-oil-control-paper-70tk\/","og_locale":"en_US","og_type":"article","og_title":"DR.G Blemish Oil Control Paper, 70tk - IDA.KOREA","og_description":"Salvr\u00e4tikud imavad t\u00f5husalt liigse naha rasu, eemaldavad l\u00e4ike, j\u00e4tavad naha mati ja niisutatud. Salvr\u00e4tikud eemaldavad liigse rasu, mist\u00f5ttu meik ei kulu.","og_url":"https:\/\/idakorea.ee\/en\/product\/matistavad-naosalvratikud-dr-g-blemish-oil-control-paper-70tk\/","og_site_name":"IDA.KOREA","article_modified_time":"2026-03-24T11:56:12+00:00","og_image":[{"width":1000,"height":1000,"url":"https:\/\/idakorea.ee\/wp-content\/uploads\/2025\/09\/dr-g-oil-control-paper-idakorea.webp","type":"image\/webp"}],"twitter_card":"summary_large_image","twitter_misc":{"Est. reading time":"1 minute"},"schema":{"@context":"https:\/\/schema.org","@graph":[{"@type":"WebPage","@id":"https:\/\/idakorea.ee\/product\/matistavad-naosalvratikud-dr-g-blemish-oil-control-paper-70tk\/","url":"https:\/\/idakorea.ee\/product\/matistavad-naosalvratikud-dr-g-blemish-oil-control-paper-70tk\/","name":"DR.G Blemish Oil Control Paper, 70pcs - IDA.KOREA","isPartOf":{"@id":"https:\/\/idakorea.ee\/#website"},"primaryImageOfPage":{"@id":"https:\/\/idakorea.ee\/product\/matistavad-naosalvratikud-dr-g-blemish-oil-control-paper-70tk\/#primaryimage"},"image":{"@id":"https:\/\/idakorea.ee\/product\/matistavad-naosalvratikud-dr-g-blemish-oil-control-paper-70tk\/#primaryimage"},"thumbnailUrl":"https:\/\/idakorea.ee\/wp-content\/uploads\/2025\/09\/dr-g-oil-control-paper-idakorea.webp","datePublished":"2025-09-10T09:05:15+00:00","dateModified":"2026-03-24T11:56:12+00:00","description":"The wipes effectively absorb excess oil, remove shine, and leave the skin matte and moisturized. The wipes remove excess oil, so makeup doesn&#039;t wear off.","breadcrumb":{"@id":"https:\/\/idakorea.ee\/product\/matistavad-naosalvratikud-dr-g-blemish-oil-control-paper-70tk\/#breadcrumb"},"inLanguage":"en-US","potentialAction":[{"@type":"ReadAction","target":["https:\/\/idakorea.ee\/product\/matistavad-naosalvratikud-dr-g-blemish-oil-control-paper-70tk\/"]}]},{"@type":"ImageObject","inLanguage":"en-US","@id":"https:\/\/idakorea.ee\/product\/matistavad-naosalvratikud-dr-g-blemish-oil-control-paper-70tk\/#primaryimage","url":"https:\/\/idakorea.ee\/wp-content\/uploads\/2025\/09\/dr-g-oil-control-paper-idakorea.webp","contentUrl":"https:\/\/idakorea.ee\/wp-content\/uploads\/2025\/09\/dr-g-oil-control-paper-idakorea.webp","width":1000,"height":1000},{"@type":"BreadcrumbList","@id":"https:\/\/idakorea.ee\/product\/matistavad-naosalvratikud-dr-g-blemish-oil-control-paper-70tk\/#breadcrumb","itemListElement":[{"@type":"ListItem","position":1,"name":"\u0413\u043b\u0430\u0432\u043d\u0430\u044f \u0441\u0442\u0440\u0430\u043d\u0438\u0446\u0430","item":"https:\/\/idakorea.ee\/"},{"@type":"ListItem","position":2,"name":"Shop","item":"https:\/\/idakorea.ee\/shop-2\/"},{"@type":"ListItem","position":3,"name":"Matistavad n\u00e4osalvr\u00e4tikud DR.G Blemish Oil Control Paper, 70tk"}]},{"@type":"WebSite","@id":"https:\/\/idakorea.ee\/#website","url":"https:\/\/idakorea.ee\/","name":"IDA.KOREA","description":"Korean cosmetics e-shop","publisher":{"@id":"https:\/\/idakorea.ee\/#organization"},"alternateName":"Beauty Shop","potentialAction":[{"@type":"SearchAction","target":{"@type":"EntryPoint","urlTemplate":"https:\/\/idakorea.ee\/?s={search_term_string}"},"query-input":{"@type":"PropertyValueSpecification","valueRequired":true,"valueName":"search_term_string"}}],"inLanguage":"en-US"},{"@type":"Organization","@id":"https:\/\/idakorea.ee\/#organization","name":"IDA.KOREA","url":"https:\/\/idakorea.ee\/","logo":{"@type":"ImageObject","inLanguage":"en-US","@id":"https:\/\/idakorea.ee\/#\/schema\/logo\/image\/","url":"https:\/\/idakorea.ee\/wp-content\/uploads\/2024\/05\/cropped-korea3.png","contentUrl":"https:\/\/idakorea.ee\/wp-content\/uploads\/2024\/05\/cropped-korea3.png","width":688,"height":126,"caption":"IDA.KOREA"},"image":{"@id":"https:\/\/idakorea.ee\/#\/schema\/logo\/image\/"},"sameAs":["https:\/\/www.instagram.com\/ida.korea\/"]}]}},"jetpack_sharing_enabled":true,"brands":[{"id":458,"name":"Dr.G","slug":"dr-g"}],"_links":{"self":[{"href":"https:\/\/idakorea.ee\/en\/wp-json\/wp\/v2\/product\/15818","targetHints":{"allow":["GET"]}}],"collection":[{"href":"https:\/\/idakorea.ee\/en\/wp-json\/wp\/v2\/product"}],"about":[{"href":"https:\/\/idakorea.ee\/en\/wp-json\/wp\/v2\/types\/product"}],"replies":[{"embeddable":true,"href":"https:\/\/idakorea.ee\/en\/wp-json\/wp\/v2\/comments?post=15818"}],"version-history":[{"count":1,"href":"https:\/\/idakorea.ee\/en\/wp-json\/wp\/v2\/product\/15818\/revisions"}],"predecessor-version":[{"id":15822,"href":"https:\/\/idakorea.ee\/en\/wp-json\/wp\/v2\/product\/15818\/revisions\/15822"}],"wp:featuredmedia":[{"embeddable":true,"href":"https:\/\/idakorea.ee\/en\/wp-json\/wp\/v2\/media\/15819"}],"wp:attachment":[{"href":"https:\/\/idakorea.ee\/en\/wp-json\/wp\/v2\/media?parent=15818"}],"wp:term":[{"taxonomy":"pwb-brand","embeddable":true,"href":"https:\/\/idakorea.ee\/en\/wp-json\/wp\/v2\/pwb-brand?post=15818"},{"taxonomy":"product_brand","embeddable":true,"href":"https:\/\/idakorea.ee\/en\/wp-json\/wp\/v2\/product_brand?post=15818"},{"taxonomy":"product_cat","embeddable":true,"href":"https:\/\/idakorea.ee\/en\/wp-json\/wp\/v2\/product_cat?post=15818"},{"taxonomy":"product_tag","embeddable":true,"href":"https:\/\/idakorea.ee\/en\/wp-json\/wp\/v2\/product_tag?post=15818"}],"curies":[{"name":"wp","href":"https:\/\/api.w.org\/{rel}","templated":true}]}}