{"id":15841,"date":"2025-09-11T11:34:06","date_gmt":"2025-09-11T08:34:06","guid":{"rendered":"https:\/\/idakorea.ee\/?post_type=product&#038;p=15841"},"modified":"2026-01-29T16:19:20","modified_gmt":"2026-01-29T14:19:20","slug":"dr-althea-skin-relief-essence-30ml","status":"publish","type":"product","link":"https:\/\/idakorea.ee\/en\/product\/dr-althea-skin-relief-essence-30ml\/","title":{"rendered":"Dr. Althea Skin Relief Essence, 30ml"},"content":{"rendered":"<p data-start=\"142\" data-end=\"400\"><strong data-start=\"142\" data-end=\"176\">Dr. Althea Skin Relief Essence<\/strong> is a great helper in the fight against couperose, rosacea, acne and inflammation. The essence effectively eliminates itching and redness, moisturizes and helps retain moisture in the cells, while regulating the activity of the sebaceous glands.<\/p>\n<p data-start=\"402\" data-end=\"678\">The main component of the product is 85% Asian centella extract, which has anti-inflammatory and wound-healing effects, restores the skin&#039;s barrier function and moisture balance, reduces sensitivity, and has a lymphatic drainage and blood vessel strengthening effect. Helps reduce the appearance of couperose.<\/p>\n<p data-start=\"680\" data-end=\"950\">A complex of 6 different molecular weights of hyaluronic acid penetrates deep into the epidermis, intensely moisturizes and replenishes the moisture reserves of cells, protecting against dehydration and dryness. Strengthens the skin&#039;s lipid barrier, prevents the formation of new inflammations and prevents the development of acne.<\/p>\n<p data-start=\"952\" data-end=\"1123\">The essence is Korean Vegan\u00ae certified and contains only 100% plant-based ingredients. Suitable for even the most sensitive and atopic skin, it does not cause irritation.<\/p>\n<p data-start=\"1125\" data-end=\"1209\">The product has a light consistency that absorbs instantly and does not leave a sticky feeling on the skin.<\/p>\n<p data-start=\"1211\" data-end=\"1233\"><strong data-start=\"1211\" data-end=\"1231\">Additional components:<\/strong><\/p>\n<ul data-start=\"1234\" data-end=\"2154\">\n<li data-start=\"1234\" data-end=\"1458\">\n<p data-start=\"1236\" data-end=\"1458\"><strong data-start=\"1236\" data-end=\"1258\">Spirulina extract<\/strong> \u2013 contains up to 70% of complete protein, fatty acids (linoleic and linolenic acid), vitamins A and E, mineral salts and polysaccharides. Has rejuvenating properties, improves skin elasticity and strength.<\/p>\n<\/li>\n<li data-start=\"1459\" data-end=\"1561\">\n<p data-start=\"1461\" data-end=\"1561\"><strong data-start=\"1461\" data-end=\"1482\">Chamomile hydrolate<\/strong> \u2013 moisturizes and tones, soothes irritation, eliminates dryness and flaking.<\/p>\n<\/li>\n<li data-start=\"1562\" data-end=\"1686\">\n<p data-start=\"1564\" data-end=\"1686\"><strong data-start=\"1564\" data-end=\"1592\">Baobab fruit extract<\/strong> \u2013 supplies cells with moisture, maintains elasticity and strength, prevents premature aging.<\/p>\n<\/li>\n<li data-start=\"1687\" data-end=\"1810\">\n<p data-start=\"1689\" data-end=\"1810\"><strong data-start=\"1689\" data-end=\"1713\">Selaginella extract<\/strong> \u2013 nourishes, moisturizes and restores the skin, acts as an antioxidant that slows down cell aging.<\/p>\n<\/li>\n<li data-start=\"1811\" data-end=\"1997\">\n<p data-start=\"1813\" data-end=\"1997\"><strong data-start=\"1813\" data-end=\"1828\">Ceramides<\/strong> \u2013 lipids that protect the skin from dehydration and early aging, performing a barrier function and reducing sensitivity to weather and environmental factors.<\/p>\n<\/li>\n<li data-start=\"1998\" data-end=\"2154\">\n<p data-start=\"2000\" data-end=\"2154\"><strong data-start=\"2000\" data-end=\"2030\">Alpine edelweiss extract<\/strong> \u2013 activates dormant cells, accelerates intercellular metabolism and microcirculation, restores epidermal renewal.<\/p>\n<\/li>\n<\/ul>\n<p data-start=\"2156\" data-end=\"2202\">Suitable for problematic and sensitive skin.<\/p>\n<p data-start=\"2204\" data-end=\"2357\"><strong data-start=\"2204\" data-end=\"2219\">Usage:<\/strong> Apply a few drops of essence to cleansed skin after using toner. Pat into skin with fingertips and follow with moisturizer.<\/p>","protected":false},"excerpt":{"rendered":"<p>Dr. Althea Skin Relief Essence is an excellent helper in the fight against couperose, rosacea, acne and inflammation. The essence effectively eliminates itching and redness, moisturizes and helps retain moisture in the cells, while regulating the activity of the sebaceous glands. The main component of the product is 85% Asian centella extract, which has anti-inflammatory and wound-healing effects, restores the skin&#039;s barrier function and moisture balance, reduces sensitivity and affects lymphatic drainage\u2026<\/p>","protected":false},"featured_media":15842,"comment_status":"open","ping_status":"closed","template":"","meta":{"_uf_show_specific_survey":0,"_uf_disable_surveys":false,"_bst_post_transparent":"default","_bst_post_title":"","_bst_post_layout":"default","_bst_post_sidebar_id":"","_bst_post_content_style":"default","_bst_post_vertical_padding":"default","_bst_post_feature":"","_bst_post_feature_position":"","_bst_post_header":false,"_bst_post_footer":false},"pwb-brand":[480],"product_brand":[],"product_cat":[92,97],"product_tag":[847,615,750],"class_list":{"0":"post-15841","1":"product","2":"type-product","3":"status-publish","4":"has-post-thumbnail","6":"pwb-brand-dr-althea","7":"product_cat-nagu","8":"product_cat-naoseerumid-ja-olid","9":"product_tag-acne","10":"product_tag-althea","11":"product_tag-tundlik","13":"first","14":"outofstock","15":"sale","16":"shipping-taxable","17":"purchasable","18":"product-type-simple","19":"entry","20":"content-bg","21":"loop-entry"},"supplier_id":null,"supplier_sku":"","barcode":null,"atum_controlled":true,"out_stock_date":"2025-11-22 22:17:12","out_stock_threshold":null,"inheritable":false,"inbound_stock":0,"stock_on_hold":0,"sold_today":0,"sales_last_days":0,"out_stock_days":142,"lost_sales":302,"has_location":false,"update_date":"2026-04-14T00:05:05","atum_locations":[],"atum_stock_status":"outofstock","restock_status":false,"low_stock_amount":"","sales_update_date":"2026-04-14T00:05:05","calc_backorders":null,"yoast_head":"<!-- This site is optimized with the Yoast SEO plugin v27.2 - https:\/\/yoast.com\/product\/yoast-seo-wordpress\/ -->\n<title>Dr. Althea Skin Relief Essence, 30ml - IDA.KOREA<\/title>\n<meta name=\"description\" content=\"Dr. Althea Skin Relief Essence on suurep\u00e4rane abiline v\u00f5itluses kuperoosa, rosaatsea, akne. Essents k\u00f5rvaldab t\u00f5husalt s\u00fcgeluse ja punetuse ja niisutab.\" \/>\n<meta name=\"robots\" content=\"index, follow, max-snippet:-1, max-image-preview:large, max-video-preview:-1\" \/>\n<link rel=\"canonical\" href=\"https:\/\/idakorea.ee\/en\/product\/dr-althea-skin-relief-essence-30ml\/\" \/>\n<meta property=\"og:locale\" content=\"en_US\" \/>\n<meta property=\"og:type\" content=\"article\" \/>\n<meta property=\"og:title\" content=\"Dr. Althea Skin Relief Essence, 30ml - IDA.KOREA\" \/>\n<meta property=\"og:description\" content=\"Dr. Althea Skin Relief Essence on suurep\u00e4rane abiline v\u00f5itluses kuperoosa, rosaatsea, akne. Essents k\u00f5rvaldab t\u00f5husalt s\u00fcgeluse ja punetuse ja niisutab.\" \/>\n<meta property=\"og:url\" content=\"https:\/\/idakorea.ee\/en\/product\/dr-althea-skin-relief-essence-30ml\/\" \/>\n<meta property=\"og:site_name\" content=\"IDA.KOREA\" \/>\n<meta property=\"article:modified_time\" content=\"2026-01-29T14:19:20+00:00\" \/>\n<meta property=\"og:image\" content=\"https:\/\/idakorea.ee\/wp-content\/uploads\/2025\/09\/skinreliefessence-idakorea.webp\" \/>\n\t<meta property=\"og:image:width\" content=\"1920\" \/>\n\t<meta property=\"og:image:height\" content=\"1920\" \/>\n\t<meta property=\"og:image:type\" content=\"image\/webp\" \/>\n<meta name=\"twitter:card\" content=\"summary_large_image\" \/>\n<meta name=\"twitter:label1\" content=\"Est. reading time\" \/>\n\t<meta name=\"twitter:data1\" content=\"2 minutes\" \/>\n<script type=\"application\/ld+json\" class=\"yoast-schema-graph\">{\"@context\":\"https:\/\/schema.org\",\"@graph\":[{\"@type\":\"WebPage\",\"@id\":\"https:\/\/idakorea.ee\/product\/dr-althea-skin-relief-essence-30ml\/\",\"url\":\"https:\/\/idakorea.ee\/product\/dr-althea-skin-relief-essence-30ml\/\",\"name\":\"Dr. Althea Skin Relief Essence, 30ml - IDA.KOREA\",\"isPartOf\":{\"@id\":\"https:\/\/idakorea.ee\/#website\"},\"primaryImageOfPage\":{\"@id\":\"https:\/\/idakorea.ee\/product\/dr-althea-skin-relief-essence-30ml\/#primaryimage\"},\"image\":{\"@id\":\"https:\/\/idakorea.ee\/product\/dr-althea-skin-relief-essence-30ml\/#primaryimage\"},\"thumbnailUrl\":\"https:\/\/idakorea.ee\/wp-content\/uploads\/2025\/09\/skinreliefessence-idakorea.webp\",\"datePublished\":\"2025-09-11T08:34:06+00:00\",\"dateModified\":\"2026-01-29T14:19:20+00:00\",\"description\":\"Dr. Althea Skin Relief Essence on suurep\u00e4rane abiline v\u00f5itluses kuperoosa, rosaatsea, akne. Essents k\u00f5rvaldab t\u00f5husalt s\u00fcgeluse ja punetuse ja niisutab.\",\"breadcrumb\":{\"@id\":\"https:\/\/idakorea.ee\/product\/dr-althea-skin-relief-essence-30ml\/#breadcrumb\"},\"inLanguage\":\"en-US\",\"potentialAction\":[{\"@type\":\"ReadAction\",\"target\":[\"https:\/\/idakorea.ee\/product\/dr-althea-skin-relief-essence-30ml\/\"]}]},{\"@type\":\"ImageObject\",\"inLanguage\":\"en-US\",\"@id\":\"https:\/\/idakorea.ee\/product\/dr-althea-skin-relief-essence-30ml\/#primaryimage\",\"url\":\"https:\/\/idakorea.ee\/wp-content\/uploads\/2025\/09\/skinreliefessence-idakorea.webp\",\"contentUrl\":\"https:\/\/idakorea.ee\/wp-content\/uploads\/2025\/09\/skinreliefessence-idakorea.webp\",\"width\":1920,\"height\":1920},{\"@type\":\"BreadcrumbList\",\"@id\":\"https:\/\/idakorea.ee\/product\/dr-althea-skin-relief-essence-30ml\/#breadcrumb\",\"itemListElement\":[{\"@type\":\"ListItem\",\"position\":1,\"name\":\"\u0413\u043b\u0430\u0432\u043d\u0430\u044f \u0441\u0442\u0440\u0430\u043d\u0438\u0446\u0430\",\"item\":\"https:\/\/idakorea.ee\/\"},{\"@type\":\"ListItem\",\"position\":2,\"name\":\"Shop\",\"item\":\"https:\/\/idakorea.ee\/shop-2\/\"},{\"@type\":\"ListItem\",\"position\":3,\"name\":\"Kuperoosa vastane essents 85% Aasia tsentellaga Dr. Althea Skin Relief Essence, 30ml\"}]},{\"@type\":\"WebSite\",\"@id\":\"https:\/\/idakorea.ee\/#website\",\"url\":\"https:\/\/idakorea.ee\/\",\"name\":\"IDA.KOREA\",\"description\":\"Korea kosmeetika e-pood\",\"publisher\":{\"@id\":\"https:\/\/idakorea.ee\/#organization\"},\"alternateName\":\"Beauty Shop\",\"potentialAction\":[{\"@type\":\"SearchAction\",\"target\":{\"@type\":\"EntryPoint\",\"urlTemplate\":\"https:\/\/idakorea.ee\/?s={search_term_string}\"},\"query-input\":{\"@type\":\"PropertyValueSpecification\",\"valueRequired\":true,\"valueName\":\"search_term_string\"}}],\"inLanguage\":\"en-US\"},{\"@type\":\"Organization\",\"@id\":\"https:\/\/idakorea.ee\/#organization\",\"name\":\"IDA.KOREA\",\"url\":\"https:\/\/idakorea.ee\/\",\"logo\":{\"@type\":\"ImageObject\",\"inLanguage\":\"en-US\",\"@id\":\"https:\/\/idakorea.ee\/#\/schema\/logo\/image\/\",\"url\":\"https:\/\/idakorea.ee\/wp-content\/uploads\/2024\/05\/cropped-korea3.png\",\"contentUrl\":\"https:\/\/idakorea.ee\/wp-content\/uploads\/2024\/05\/cropped-korea3.png\",\"width\":688,\"height\":126,\"caption\":\"IDA.KOREA\"},\"image\":{\"@id\":\"https:\/\/idakorea.ee\/#\/schema\/logo\/image\/\"},\"sameAs\":[\"https:\/\/www.instagram.com\/ida.korea\/\"]}]}<\/script>\n<!-- \/ Yoast SEO plugin. -->","yoast_head_json":{"title":"Dr. Althea Skin Relief Essence, 30ml - IDA.KOREA","description":"Dr. Althea Skin Relief Essence is a great helper in the fight against couperose, rosacea, acne. The essence effectively eliminates itching and redness and moisturizes.","robots":{"index":"index","follow":"follow","max-snippet":"max-snippet:-1","max-image-preview":"max-image-preview:large","max-video-preview":"max-video-preview:-1"},"canonical":"https:\/\/idakorea.ee\/en\/product\/dr-althea-skin-relief-essence-30ml\/","og_locale":"en_US","og_type":"article","og_title":"Dr. Althea Skin Relief Essence, 30ml - IDA.KOREA","og_description":"Dr. Althea Skin Relief Essence on suurep\u00e4rane abiline v\u00f5itluses kuperoosa, rosaatsea, akne. Essents k\u00f5rvaldab t\u00f5husalt s\u00fcgeluse ja punetuse ja niisutab.","og_url":"https:\/\/idakorea.ee\/en\/product\/dr-althea-skin-relief-essence-30ml\/","og_site_name":"IDA.KOREA","article_modified_time":"2026-01-29T14:19:20+00:00","og_image":[{"width":1920,"height":1920,"url":"https:\/\/idakorea.ee\/wp-content\/uploads\/2025\/09\/skinreliefessence-idakorea.webp","type":"image\/webp"}],"twitter_card":"summary_large_image","twitter_misc":{"Est. reading time":"2 minutes"},"schema":{"@context":"https:\/\/schema.org","@graph":[{"@type":"WebPage","@id":"https:\/\/idakorea.ee\/product\/dr-althea-skin-relief-essence-30ml\/","url":"https:\/\/idakorea.ee\/product\/dr-althea-skin-relief-essence-30ml\/","name":"Dr. Althea Skin Relief Essence, 30ml - IDA.KOREA","isPartOf":{"@id":"https:\/\/idakorea.ee\/#website"},"primaryImageOfPage":{"@id":"https:\/\/idakorea.ee\/product\/dr-althea-skin-relief-essence-30ml\/#primaryimage"},"image":{"@id":"https:\/\/idakorea.ee\/product\/dr-althea-skin-relief-essence-30ml\/#primaryimage"},"thumbnailUrl":"https:\/\/idakorea.ee\/wp-content\/uploads\/2025\/09\/skinreliefessence-idakorea.webp","datePublished":"2025-09-11T08:34:06+00:00","dateModified":"2026-01-29T14:19:20+00:00","description":"Dr. Althea Skin Relief Essence is a great helper in the fight against couperose, rosacea, acne. The essence effectively eliminates itching and redness and moisturizes.","breadcrumb":{"@id":"https:\/\/idakorea.ee\/product\/dr-althea-skin-relief-essence-30ml\/#breadcrumb"},"inLanguage":"en-US","potentialAction":[{"@type":"ReadAction","target":["https:\/\/idakorea.ee\/product\/dr-althea-skin-relief-essence-30ml\/"]}]},{"@type":"ImageObject","inLanguage":"en-US","@id":"https:\/\/idakorea.ee\/product\/dr-althea-skin-relief-essence-30ml\/#primaryimage","url":"https:\/\/idakorea.ee\/wp-content\/uploads\/2025\/09\/skinreliefessence-idakorea.webp","contentUrl":"https:\/\/idakorea.ee\/wp-content\/uploads\/2025\/09\/skinreliefessence-idakorea.webp","width":1920,"height":1920},{"@type":"BreadcrumbList","@id":"https:\/\/idakorea.ee\/product\/dr-althea-skin-relief-essence-30ml\/#breadcrumb","itemListElement":[{"@type":"ListItem","position":1,"name":"\u0413\u043b\u0430\u0432\u043d\u0430\u044f \u0441\u0442\u0440\u0430\u043d\u0438\u0446\u0430","item":"https:\/\/idakorea.ee\/"},{"@type":"ListItem","position":2,"name":"Shop","item":"https:\/\/idakorea.ee\/shop-2\/"},{"@type":"ListItem","position":3,"name":"Kuperoosa vastane essents 85% Aasia tsentellaga Dr. Althea Skin Relief Essence, 30ml"}]},{"@type":"WebSite","@id":"https:\/\/idakorea.ee\/#website","url":"https:\/\/idakorea.ee\/","name":"IDA.KOREA","description":"Korean cosmetics e-shop","publisher":{"@id":"https:\/\/idakorea.ee\/#organization"},"alternateName":"Beauty Shop","potentialAction":[{"@type":"SearchAction","target":{"@type":"EntryPoint","urlTemplate":"https:\/\/idakorea.ee\/?s={search_term_string}"},"query-input":{"@type":"PropertyValueSpecification","valueRequired":true,"valueName":"search_term_string"}}],"inLanguage":"en-US"},{"@type":"Organization","@id":"https:\/\/idakorea.ee\/#organization","name":"IDA.KOREA","url":"https:\/\/idakorea.ee\/","logo":{"@type":"ImageObject","inLanguage":"en-US","@id":"https:\/\/idakorea.ee\/#\/schema\/logo\/image\/","url":"https:\/\/idakorea.ee\/wp-content\/uploads\/2024\/05\/cropped-korea3.png","contentUrl":"https:\/\/idakorea.ee\/wp-content\/uploads\/2024\/05\/cropped-korea3.png","width":688,"height":126,"caption":"IDA.KOREA"},"image":{"@id":"https:\/\/idakorea.ee\/#\/schema\/logo\/image\/"},"sameAs":["https:\/\/www.instagram.com\/ida.korea\/"]}]}},"jetpack_sharing_enabled":true,"brands":[{"id":480,"name":"DR.ALTHEA","slug":"dr-althea"}],"_links":{"self":[{"href":"https:\/\/idakorea.ee\/en\/wp-json\/wp\/v2\/product\/15841","targetHints":{"allow":["GET"]}}],"collection":[{"href":"https:\/\/idakorea.ee\/en\/wp-json\/wp\/v2\/product"}],"about":[{"href":"https:\/\/idakorea.ee\/en\/wp-json\/wp\/v2\/types\/product"}],"replies":[{"embeddable":true,"href":"https:\/\/idakorea.ee\/en\/wp-json\/wp\/v2\/comments?post=15841"}],"version-history":[{"count":1,"href":"https:\/\/idakorea.ee\/en\/wp-json\/wp\/v2\/product\/15841\/revisions"}],"predecessor-version":[{"id":15845,"href":"https:\/\/idakorea.ee\/en\/wp-json\/wp\/v2\/product\/15841\/revisions\/15845"}],"wp:featuredmedia":[{"embeddable":true,"href":"https:\/\/idakorea.ee\/en\/wp-json\/wp\/v2\/media\/15842"}],"wp:attachment":[{"href":"https:\/\/idakorea.ee\/en\/wp-json\/wp\/v2\/media?parent=15841"}],"wp:term":[{"taxonomy":"pwb-brand","embeddable":true,"href":"https:\/\/idakorea.ee\/en\/wp-json\/wp\/v2\/pwb-brand?post=15841"},{"taxonomy":"product_brand","embeddable":true,"href":"https:\/\/idakorea.ee\/en\/wp-json\/wp\/v2\/product_brand?post=15841"},{"taxonomy":"product_cat","embeddable":true,"href":"https:\/\/idakorea.ee\/en\/wp-json\/wp\/v2\/product_cat?post=15841"},{"taxonomy":"product_tag","embeddable":true,"href":"https:\/\/idakorea.ee\/en\/wp-json\/wp\/v2\/product_tag?post=15841"}],"curies":[{"name":"wp","href":"https:\/\/api.w.org\/{rel}","templated":true}]}}