{"id":15846,"date":"2025-09-11T12:07:03","date_gmt":"2025-09-11T09:07:03","guid":{"rendered":"https:\/\/idakorea.ee\/?post_type=product&#038;p=15846"},"modified":"2026-04-14T00:24:07","modified_gmt":"2026-04-13T22:24:07","slug":"dr-althea-multi-action-infusion-serum-30ml","status":"publish","type":"product","link":"https:\/\/idakorea.ee\/en\/product\/dr-althea-multi-action-infusion-serum-30ml\/","title":{"rendered":"Dr. Althea Multi-Action Infusion Serum, 30ml"},"content":{"rendered":"<p data-start=\"85\" data-end=\"490\"><strong data-start=\"85\" data-end=\"127\">Dr. Althea Multi-Action Infusion Serum<\/strong> \u2013 a protective multi-serum with a broad spectrum of action, with a pronounced regenerating effect. It tightens skin tissues and reduces sensitivity. Thanks to its revitalizing properties, it helps fight against tired and dull skin, eliminates dryness and dehydration. The serum inhibits the harmful effects of external factors, such as solar radiation, stress and air pollution in big cities.<\/p>\n<p data-start=\"492\" data-end=\"866\">This anti-stress serum soothes irritated skin, reduces itching and has an antibacterial effect. Helps heal inflammation, eliminates redness and evens out the complexion. Forms a protective barrier on the skin, preventing moisture loss, maintaining optimal moisture levels and restoring the integrity of the lipid mantle. Normalizes hydrolipidic balance and regulates the work of the sebaceous glands.<\/p>\n<p data-start=\"868\" data-end=\"894\"><strong data-start=\"868\" data-end=\"892\">Main active ingredients:<\/strong><\/p>\n<ul data-start=\"895\" data-end=\"1950\">\n<li data-start=\"895\" data-end=\"1053\">\n<p data-start=\"897\" data-end=\"1053\"><strong data-start=\"897\" data-end=\"922\">Noni fruit extract<\/strong> \u2013 has a strengthening and anti-inflammatory effect, helps prevent premature aging and reduces the effects of daily oxidative stress.<\/p>\n<\/li>\n<li data-start=\"1054\" data-end=\"1198\">\n<p data-start=\"1056\" data-end=\"1198\"><strong data-start=\"1056\" data-end=\"1084\">Centella Asiatica Extract<\/strong> \u2013 soothes redness and irritation, strengthens blood vessel walls, reduces the visibility of couperose and improves elasticity.<\/p>\n<\/li>\n<li data-start=\"1199\" data-end=\"1312\">\n<p data-start=\"1201\" data-end=\"1312\"><strong data-start=\"1201\" data-end=\"1212\">Betaine<\/strong> \u2013 makes the skin smooth and soft, retains moisture, protects cell membranes and reduces irritation.<\/p>\n<\/li>\n<li data-start=\"1313\" data-end=\"1435\">\n<p data-start=\"1315\" data-end=\"1435\"><strong data-start=\"1315\" data-end=\"1332\">Niacinamide<\/strong> \u2013 brightens, prevents pigmentation, eliminates excessive shine and normalizes the function of the sebaceous glands.<\/p>\n<\/li>\n<li data-start=\"1436\" data-end=\"1561\">\n<p data-start=\"1438\" data-end=\"1561\"><strong data-start=\"1438\" data-end=\"1451\">Adenos<\/strong> \u2013 stimulates collagen synthesis, increases skin elasticity and density, and helps prevent wrinkles.<\/p>\n<\/li>\n<li data-start=\"1562\" data-end=\"1758\">\n<p data-start=\"1564\" data-end=\"1758\"><strong data-start=\"1564\" data-end=\"1600\">Patented complex HYDSOL-H6<\/strong> \u2013 consists of 6 hyaluronic acids, which penetrate deeper due to their low molecular weight. Moisturize the stratum corneum, retain moisture, and prevent dryness and flaking.<\/p>\n<\/li>\n<li data-start=\"1759\" data-end=\"1950\">\n<p data-start=\"1761\" data-end=\"1950\"><strong data-start=\"1761\" data-end=\"1787\">Neem leaf extract<\/strong> \u2013 promotes healing, has anti-inflammatory and antiseptic effects, cleanses and rejuvenates the skin, makes it smooth and silky, and regulates sebum production.<\/p>\n<\/li>\n<\/ul>\n<p data-start=\"1952\" data-end=\"2009\">Suitable for dry, normal and combination skin.<\/p>\n<p data-start=\"2011\" data-end=\"2121\"><strong data-start=\"2011\" data-end=\"2026\">Usage:<\/strong> Apply the required amount of serum to skin previously prepared with a toner, then use the cream.<\/p>","protected":false},"excerpt":{"rendered":"<p>Dr. Althea Multi-Action Infusion Serum \u2013 a protective multi-serum with a broad spectrum of action, with a pronounced regenerating effect. It tightens skin tissues and reduces sensitivity. Thanks to its revitalizing properties, it helps fight against tired and dull skin, eliminates dryness and dehydration. The serum inhibits the harmful effects of external factors, such as solar radiation, stress and air pollution of big cities. This anti-stress serum soothes irritated skin,\u2026<\/p>","protected":false},"featured_media":15847,"comment_status":"open","ping_status":"closed","template":"","meta":{"_uf_show_specific_survey":0,"_uf_disable_surveys":false,"_bst_post_transparent":"default","_bst_post_title":"","_bst_post_layout":"default","_bst_post_sidebar_id":"","_bst_post_content_style":"default","_bst_post_vertical_padding":"default","_bst_post_feature":"","_bst_post_feature_position":"","_bst_post_header":false,"_bst_post_footer":false},"pwb-brand":[480],"product_brand":[],"product_cat":[92,97],"product_tag":[615,750],"class_list":{"0":"post-15846","1":"product","2":"type-product","3":"status-publish","4":"has-post-thumbnail","6":"pwb-brand-dr-althea","7":"product_cat-nagu","8":"product_cat-naoseerumid-ja-olid","9":"product_tag-althea","10":"product_tag-tundlik","12":"first","13":"instock","14":"sale","15":"shipping-taxable","16":"purchasable","17":"product-type-simple","18":"entry","19":"content-bg","20":"loop-entry"},"supplier_id":null,"supplier_sku":"","barcode":null,"atum_controlled":true,"out_stock_date":null,"out_stock_threshold":null,"inheritable":false,"inbound_stock":0,"stock_on_hold":0,"sold_today":0,"sales_last_days":1,"out_stock_days":0,"lost_sales":0,"has_location":false,"update_date":"2026-04-13T22:24:08","atum_locations":[],"atum_stock_status":"instock","restock_status":false,"low_stock_amount":"","sales_update_date":"2026-04-13T09:42:40","calc_backorders":null,"yoast_head":"<!-- This site is optimized with the Yoast SEO plugin v27.2 - https:\/\/yoast.com\/product\/yoast-seo-wordpress\/ -->\n<title>Dr. Althea Multi-Action Infusion Serum, 30ml - IDA.KOREA<\/title>\n<meta name=\"description\" content=\"Seerum taastab ja tugevdab nahka, v\u00e4hendab tundlikkust. Aasia tsentella, niatsiinamiid ja HYDSOL-H6 h\u00fcaluroonhape niisutavad s\u00fcgavuti, parandavad elastsust ja \u00fchtlustavad jumet.\" \/>\n<meta name=\"robots\" content=\"index, follow, max-snippet:-1, max-image-preview:large, max-video-preview:-1\" \/>\n<link rel=\"canonical\" href=\"https:\/\/idakorea.ee\/en\/product\/dr-althea-multi-action-infusion-serum-30ml\/\" \/>\n<meta property=\"og:locale\" content=\"en_US\" \/>\n<meta property=\"og:type\" content=\"article\" \/>\n<meta property=\"og:title\" content=\"Dr. Althea Multi-Action Infusion Serum, 30ml - IDA.KOREA\" \/>\n<meta property=\"og:description\" content=\"Seerum taastab ja tugevdab nahka, v\u00e4hendab tundlikkust. Aasia tsentella, niatsiinamiid ja HYDSOL-H6 h\u00fcaluroonhape niisutavad s\u00fcgavuti, parandavad elastsust ja \u00fchtlustavad jumet.\" \/>\n<meta property=\"og:url\" content=\"https:\/\/idakorea.ee\/en\/product\/dr-althea-multi-action-infusion-serum-30ml\/\" \/>\n<meta property=\"og:site_name\" content=\"IDA.KOREA\" \/>\n<meta property=\"article:modified_time\" content=\"2026-04-13T22:24:07+00:00\" \/>\n<meta property=\"og:image\" content=\"https:\/\/idakorea.ee\/wp-content\/uploads\/2025\/09\/multiinfusionserum_idakorea.webp\" \/>\n\t<meta property=\"og:image:width\" content=\"2000\" \/>\n\t<meta property=\"og:image:height\" content=\"2000\" \/>\n\t<meta property=\"og:image:type\" content=\"image\/webp\" \/>\n<meta name=\"twitter:card\" content=\"summary_large_image\" \/>\n<meta name=\"twitter:label1\" content=\"Est. reading time\" \/>\n\t<meta name=\"twitter:data1\" content=\"2 minutes\" \/>\n<script type=\"application\/ld+json\" class=\"yoast-schema-graph\">{\"@context\":\"https:\/\/schema.org\",\"@graph\":[{\"@type\":\"WebPage\",\"@id\":\"https:\/\/idakorea.ee\/product\/dr-althea-multi-action-infusion-serum-30ml\/\",\"url\":\"https:\/\/idakorea.ee\/product\/dr-althea-multi-action-infusion-serum-30ml\/\",\"name\":\"Dr. Althea Multi-Action Infusion Serum, 30ml - IDA.KOREA\",\"isPartOf\":{\"@id\":\"https:\/\/idakorea.ee\/#website\"},\"primaryImageOfPage\":{\"@id\":\"https:\/\/idakorea.ee\/product\/dr-althea-multi-action-infusion-serum-30ml\/#primaryimage\"},\"image\":{\"@id\":\"https:\/\/idakorea.ee\/product\/dr-althea-multi-action-infusion-serum-30ml\/#primaryimage\"},\"thumbnailUrl\":\"https:\/\/idakorea.ee\/wp-content\/uploads\/2025\/09\/multiinfusionserum_idakorea.webp\",\"datePublished\":\"2025-09-11T09:07:03+00:00\",\"dateModified\":\"2026-04-13T22:24:07+00:00\",\"description\":\"Seerum taastab ja tugevdab nahka, v\u00e4hendab tundlikkust. Aasia tsentella, niatsiinamiid ja HYDSOL-H6 h\u00fcaluroonhape niisutavad s\u00fcgavuti, parandavad elastsust ja \u00fchtlustavad jumet.\",\"breadcrumb\":{\"@id\":\"https:\/\/idakorea.ee\/product\/dr-althea-multi-action-infusion-serum-30ml\/#breadcrumb\"},\"inLanguage\":\"en-US\",\"potentialAction\":[{\"@type\":\"ReadAction\",\"target\":[\"https:\/\/idakorea.ee\/product\/dr-althea-multi-action-infusion-serum-30ml\/\"]}]},{\"@type\":\"ImageObject\",\"inLanguage\":\"en-US\",\"@id\":\"https:\/\/idakorea.ee\/product\/dr-althea-multi-action-infusion-serum-30ml\/#primaryimage\",\"url\":\"https:\/\/idakorea.ee\/wp-content\/uploads\/2025\/09\/multiinfusionserum_idakorea.webp\",\"contentUrl\":\"https:\/\/idakorea.ee\/wp-content\/uploads\/2025\/09\/multiinfusionserum_idakorea.webp\",\"width\":2000,\"height\":2000},{\"@type\":\"BreadcrumbList\",\"@id\":\"https:\/\/idakorea.ee\/product\/dr-althea-multi-action-infusion-serum-30ml\/#breadcrumb\",\"itemListElement\":[{\"@type\":\"ListItem\",\"position\":1,\"name\":\"\u0413\u043b\u0430\u0432\u043d\u0430\u044f \u0441\u0442\u0440\u0430\u043d\u0438\u0446\u0430\",\"item\":\"https:\/\/idakorea.ee\/\"},{\"@type\":\"ListItem\",\"position\":2,\"name\":\"Shop\",\"item\":\"https:\/\/idakorea.ee\/shop-2\/\"},{\"@type\":\"ListItem\",\"position\":3,\"name\":\"Kaitsev multi-seerum Dr. Althea Multi-Action Infusion Serum, 30ml\"}]},{\"@type\":\"WebSite\",\"@id\":\"https:\/\/idakorea.ee\/#website\",\"url\":\"https:\/\/idakorea.ee\/\",\"name\":\"IDA.KOREA\",\"description\":\"Korea kosmeetika e-pood\",\"publisher\":{\"@id\":\"https:\/\/idakorea.ee\/#organization\"},\"alternateName\":\"Beauty Shop\",\"potentialAction\":[{\"@type\":\"SearchAction\",\"target\":{\"@type\":\"EntryPoint\",\"urlTemplate\":\"https:\/\/idakorea.ee\/?s={search_term_string}\"},\"query-input\":{\"@type\":\"PropertyValueSpecification\",\"valueRequired\":true,\"valueName\":\"search_term_string\"}}],\"inLanguage\":\"en-US\"},{\"@type\":\"Organization\",\"@id\":\"https:\/\/idakorea.ee\/#organization\",\"name\":\"IDA.KOREA\",\"url\":\"https:\/\/idakorea.ee\/\",\"logo\":{\"@type\":\"ImageObject\",\"inLanguage\":\"en-US\",\"@id\":\"https:\/\/idakorea.ee\/#\/schema\/logo\/image\/\",\"url\":\"https:\/\/idakorea.ee\/wp-content\/uploads\/2024\/05\/cropped-korea3.png\",\"contentUrl\":\"https:\/\/idakorea.ee\/wp-content\/uploads\/2024\/05\/cropped-korea3.png\",\"width\":688,\"height\":126,\"caption\":\"IDA.KOREA\"},\"image\":{\"@id\":\"https:\/\/idakorea.ee\/#\/schema\/logo\/image\/\"},\"sameAs\":[\"https:\/\/www.instagram.com\/ida.korea\/\"]}]}<\/script>\n<!-- \/ Yoast SEO plugin. -->","yoast_head_json":{"title":"Dr. Althea Multi-Action Infusion Serum, 30ml - IDA.KOREA","description":"The serum restores and strengthens the skin, reduces sensitivity. Asian centella, niacinamide and HYDSOL-H6 hyaluronic acid deeply moisturize, improve elasticity and even out the complexion.","robots":{"index":"index","follow":"follow","max-snippet":"max-snippet:-1","max-image-preview":"max-image-preview:large","max-video-preview":"max-video-preview:-1"},"canonical":"https:\/\/idakorea.ee\/en\/product\/dr-althea-multi-action-infusion-serum-30ml\/","og_locale":"en_US","og_type":"article","og_title":"Dr. Althea Multi-Action Infusion Serum, 30ml - IDA.KOREA","og_description":"Seerum taastab ja tugevdab nahka, v\u00e4hendab tundlikkust. Aasia tsentella, niatsiinamiid ja HYDSOL-H6 h\u00fcaluroonhape niisutavad s\u00fcgavuti, parandavad elastsust ja \u00fchtlustavad jumet.","og_url":"https:\/\/idakorea.ee\/en\/product\/dr-althea-multi-action-infusion-serum-30ml\/","og_site_name":"IDA.KOREA","article_modified_time":"2026-04-13T22:24:07+00:00","og_image":[{"width":2000,"height":2000,"url":"https:\/\/idakorea.ee\/wp-content\/uploads\/2025\/09\/multiinfusionserum_idakorea.webp","type":"image\/webp"}],"twitter_card":"summary_large_image","twitter_misc":{"Est. reading time":"2 minutes"},"schema":{"@context":"https:\/\/schema.org","@graph":[{"@type":"WebPage","@id":"https:\/\/idakorea.ee\/product\/dr-althea-multi-action-infusion-serum-30ml\/","url":"https:\/\/idakorea.ee\/product\/dr-althea-multi-action-infusion-serum-30ml\/","name":"Dr. Althea Multi-Action Infusion Serum, 30ml - IDA.KOREA","isPartOf":{"@id":"https:\/\/idakorea.ee\/#website"},"primaryImageOfPage":{"@id":"https:\/\/idakorea.ee\/product\/dr-althea-multi-action-infusion-serum-30ml\/#primaryimage"},"image":{"@id":"https:\/\/idakorea.ee\/product\/dr-althea-multi-action-infusion-serum-30ml\/#primaryimage"},"thumbnailUrl":"https:\/\/idakorea.ee\/wp-content\/uploads\/2025\/09\/multiinfusionserum_idakorea.webp","datePublished":"2025-09-11T09:07:03+00:00","dateModified":"2026-04-13T22:24:07+00:00","description":"The serum restores and strengthens the skin, reduces sensitivity. Asian centella, niacinamide and HYDSOL-H6 hyaluronic acid deeply moisturize, improve elasticity and even out the complexion.","breadcrumb":{"@id":"https:\/\/idakorea.ee\/product\/dr-althea-multi-action-infusion-serum-30ml\/#breadcrumb"},"inLanguage":"en-US","potentialAction":[{"@type":"ReadAction","target":["https:\/\/idakorea.ee\/product\/dr-althea-multi-action-infusion-serum-30ml\/"]}]},{"@type":"ImageObject","inLanguage":"en-US","@id":"https:\/\/idakorea.ee\/product\/dr-althea-multi-action-infusion-serum-30ml\/#primaryimage","url":"https:\/\/idakorea.ee\/wp-content\/uploads\/2025\/09\/multiinfusionserum_idakorea.webp","contentUrl":"https:\/\/idakorea.ee\/wp-content\/uploads\/2025\/09\/multiinfusionserum_idakorea.webp","width":2000,"height":2000},{"@type":"BreadcrumbList","@id":"https:\/\/idakorea.ee\/product\/dr-althea-multi-action-infusion-serum-30ml\/#breadcrumb","itemListElement":[{"@type":"ListItem","position":1,"name":"\u0413\u043b\u0430\u0432\u043d\u0430\u044f \u0441\u0442\u0440\u0430\u043d\u0438\u0446\u0430","item":"https:\/\/idakorea.ee\/"},{"@type":"ListItem","position":2,"name":"Shop","item":"https:\/\/idakorea.ee\/shop-2\/"},{"@type":"ListItem","position":3,"name":"Kaitsev multi-seerum Dr. Althea Multi-Action Infusion Serum, 30ml"}]},{"@type":"WebSite","@id":"https:\/\/idakorea.ee\/#website","url":"https:\/\/idakorea.ee\/","name":"IDA.KOREA","description":"Korean cosmetics e-shop","publisher":{"@id":"https:\/\/idakorea.ee\/#organization"},"alternateName":"Beauty Shop","potentialAction":[{"@type":"SearchAction","target":{"@type":"EntryPoint","urlTemplate":"https:\/\/idakorea.ee\/?s={search_term_string}"},"query-input":{"@type":"PropertyValueSpecification","valueRequired":true,"valueName":"search_term_string"}}],"inLanguage":"en-US"},{"@type":"Organization","@id":"https:\/\/idakorea.ee\/#organization","name":"IDA.KOREA","url":"https:\/\/idakorea.ee\/","logo":{"@type":"ImageObject","inLanguage":"en-US","@id":"https:\/\/idakorea.ee\/#\/schema\/logo\/image\/","url":"https:\/\/idakorea.ee\/wp-content\/uploads\/2024\/05\/cropped-korea3.png","contentUrl":"https:\/\/idakorea.ee\/wp-content\/uploads\/2024\/05\/cropped-korea3.png","width":688,"height":126,"caption":"IDA.KOREA"},"image":{"@id":"https:\/\/idakorea.ee\/#\/schema\/logo\/image\/"},"sameAs":["https:\/\/www.instagram.com\/ida.korea\/"]}]}},"jetpack_sharing_enabled":true,"brands":[{"id":480,"name":"DR.ALTHEA","slug":"dr-althea"}],"_links":{"self":[{"href":"https:\/\/idakorea.ee\/en\/wp-json\/wp\/v2\/product\/15846","targetHints":{"allow":["GET"]}}],"collection":[{"href":"https:\/\/idakorea.ee\/en\/wp-json\/wp\/v2\/product"}],"about":[{"href":"https:\/\/idakorea.ee\/en\/wp-json\/wp\/v2\/types\/product"}],"replies":[{"embeddable":true,"href":"https:\/\/idakorea.ee\/en\/wp-json\/wp\/v2\/comments?post=15846"}],"version-history":[{"count":2,"href":"https:\/\/idakorea.ee\/en\/wp-json\/wp\/v2\/product\/15846\/revisions"}],"predecessor-version":[{"id":15850,"href":"https:\/\/idakorea.ee\/en\/wp-json\/wp\/v2\/product\/15846\/revisions\/15850"}],"wp:featuredmedia":[{"embeddable":true,"href":"https:\/\/idakorea.ee\/en\/wp-json\/wp\/v2\/media\/15847"}],"wp:attachment":[{"href":"https:\/\/idakorea.ee\/en\/wp-json\/wp\/v2\/media?parent=15846"}],"wp:term":[{"taxonomy":"pwb-brand","embeddable":true,"href":"https:\/\/idakorea.ee\/en\/wp-json\/wp\/v2\/pwb-brand?post=15846"},{"taxonomy":"product_brand","embeddable":true,"href":"https:\/\/idakorea.ee\/en\/wp-json\/wp\/v2\/product_brand?post=15846"},{"taxonomy":"product_cat","embeddable":true,"href":"https:\/\/idakorea.ee\/en\/wp-json\/wp\/v2\/product_cat?post=15846"},{"taxonomy":"product_tag","embeddable":true,"href":"https:\/\/idakorea.ee\/en\/wp-json\/wp\/v2\/product_tag?post=15846"}],"curies":[{"name":"wp","href":"https:\/\/api.w.org\/{rel}","templated":true}]}}