{"id":15872,"date":"2025-09-15T15:03:03","date_gmt":"2025-09-15T12:03:03","guid":{"rendered":"https:\/\/idakorea.ee\/?post_type=product&#038;p=15872"},"modified":"2026-03-07T16:46:36","modified_gmt":"2026-03-07T14:46:36","slug":"farmstay-tea-tree-biome-calming-sleeping-pack-4ml","status":"publish","type":"product","link":"https:\/\/idakorea.ee\/en\/product\/farmstay-tea-tree-biome-calming-sleeping-pack-4ml\/","title":{"rendered":"FarmStay Tea Tree Biome Calming Sleeping Pack, 4ml"},"content":{"rendered":"<p data-start=\"50\" data-end=\"741\">Overnight face mask with tea tree oil <strong>Tea Tree Biome Calming Sleeping Pack<\/strong> from the popular Korean brand FarmStay \u2013 a product in a convenient and compact format that is easy to take with you or add to a gift. The face mask contains a rich complex of soothing ingredients (tea tree, centella, altea, purslane, etc.), which help reduce inflammation, redness and rashes of various origins, balance the work of the sebaceous glands and make the skin more matte, smooth and elastic. One bag is designed for one use. The product has a pleasant light gel-cream texture that is absorbed into the skin quite quickly.<\/p>\n<p data-start=\"743\" data-end=\"1117\"><strong data-start=\"743\" data-end=\"771\">The night mask contains:<\/strong> glycerin, adenosine, tea tree oil, bergamot and lavender oil, hyaluronic acid, cotton hydrolate, marshmallow hydrolate, bifidobacteria enzymes (probiotics), natural extracts \u2013 tea tree, gardenia, violet, purslane, momordica, marshmallow, hibiscus, Asian centella, etc. A rich herbal complex that helps significantly improve the overall condition of the skin.<\/p>\n<p data-start=\"743\" data-end=\"1117\">Perfect for normal, combination or oily skin prone to acne, post-acne, inflammation, excessive shine and clogged pores.<\/p>\n<p data-start=\"1119\" data-end=\"1266\"><strong data-start=\"1119\" data-end=\"1134\">Usage:<\/strong> Apply the mask to the skin at the last stage of care (instead of face cream), distribute evenly until completely absorbed. Wash off in the morning.<\/p>","protected":false},"excerpt":{"rendered":"<p>Nighttime face mask with tea tree oil Tea Tree Biome Calming Sleeping Pack from the popular Korean brand FarmStay \u2013 a product in a convenient and compact format that is easy to take with you or add to a gift. The face mask contains a rich complex of soothing ingredients (tea tree, centella, altea, purslane, etc.) that help reduce inflammation, redness and rashes of various origins, balance the work of the sebaceous glands and make the skin more matte,\u2026<\/p>","protected":false},"featured_media":15873,"comment_status":"open","ping_status":"closed","template":"","meta":{"_uf_show_specific_survey":0,"_uf_disable_surveys":false,"_bst_post_transparent":"default","_bst_post_title":"","_bst_post_layout":"default","_bst_post_sidebar_id":"","_bst_post_content_style":"default","_bst_post_vertical_padding":"default","_bst_post_feature":"","_bst_post_feature_position":"","_bst_post_header":false,"_bst_post_footer":false},"pwb-brand":[672],"product_brand":[],"product_cat":[92,98],"product_tag":[580,673,614],"class_list":{"0":"post-15872","1":"product","2":"type-product","3":"status-publish","4":"has-post-thumbnail","6":"pwb-brand-farmstay","7":"product_cat-nagu","8":"product_cat-naomaskid","9":"product_tag-calming","10":"product_tag-farmstay","11":"product_tag-mask","13":"first","14":"instock","15":"sale","16":"shipping-taxable","17":"purchasable","18":"product-type-simple","19":"entry","20":"content-bg","21":"loop-entry"},"supplier_id":null,"supplier_sku":"","barcode":null,"atum_controlled":true,"out_stock_date":null,"out_stock_threshold":null,"inheritable":false,"inbound_stock":0,"stock_on_hold":0,"sold_today":0,"sales_last_days":0,"out_stock_days":0,"lost_sales":0,"has_location":false,"update_date":"2026-04-14T00:05:08","atum_locations":[],"atum_stock_status":"instock","restock_status":false,"low_stock_amount":"","sales_update_date":"2026-04-14T00:05:08","calc_backorders":null,"yoast_head":"<!-- This site is optimized with the Yoast SEO plugin v27.2 - https:\/\/yoast.com\/product\/yoast-seo-wordpress\/ -->\n<title>FarmStay Tea Tree Biome Calming Sleeping Pack, 4ml - IDA.KOREA<\/title>\n<meta name=\"description\" content=\"Rahustav FarmStay Tea Tree Biome Calming Sleeping Pack v\u00e4hendab p\u00f5letikke ja tasakaalustab nahka. Proovi seda mugavat n\u00e4omaski juba t\u00e4na!\" \/>\n<meta name=\"robots\" content=\"index, follow, max-snippet:-1, max-image-preview:large, max-video-preview:-1\" \/>\n<link rel=\"canonical\" href=\"https:\/\/idakorea.ee\/en\/product\/farmstay-tea-tree-biome-calming-sleeping-pack-4ml\/\" \/>\n<meta property=\"og:locale\" content=\"en_US\" \/>\n<meta property=\"og:type\" content=\"article\" \/>\n<meta property=\"og:title\" content=\"FarmStay Tea Tree Biome Calming Sleeping Pack, 4ml - IDA.KOREA\" \/>\n<meta property=\"og:description\" content=\"Rahustav FarmStay Tea Tree Biome Calming Sleeping Pack v\u00e4hendab p\u00f5letikke ja tasakaalustab nahka. Proovi seda mugavat n\u00e4omaski juba t\u00e4na!\" \/>\n<meta property=\"og:url\" content=\"https:\/\/idakorea.ee\/en\/product\/farmstay-tea-tree-biome-calming-sleeping-pack-4ml\/\" \/>\n<meta property=\"og:site_name\" content=\"IDA.KOREA\" \/>\n<meta property=\"article:modified_time\" content=\"2026-03-07T14:46:36+00:00\" \/>\n<meta property=\"og:image\" content=\"https:\/\/idakorea.ee\/wp-content\/uploads\/2025\/09\/farmstay-tea-tree-biome-calming-sleeping-pack-idakorea.ee_.jpg\" \/>\n\t<meta property=\"og:image:width\" content=\"1000\" \/>\n\t<meta property=\"og:image:height\" content=\"1000\" \/>\n\t<meta property=\"og:image:type\" content=\"image\/jpeg\" \/>\n<meta name=\"twitter:card\" content=\"summary_large_image\" \/>\n<meta name=\"twitter:label1\" content=\"Est. reading time\" \/>\n\t<meta name=\"twitter:data1\" content=\"2 minutes\" \/>\n<script type=\"application\/ld+json\" class=\"yoast-schema-graph\">{\"@context\":\"https:\/\/schema.org\",\"@graph\":[{\"@type\":\"WebPage\",\"@id\":\"https:\/\/idakorea.ee\/product\/farmstay-tea-tree-biome-calming-sleeping-pack-4ml\/\",\"url\":\"https:\/\/idakorea.ee\/product\/farmstay-tea-tree-biome-calming-sleeping-pack-4ml\/\",\"name\":\"FarmStay Tea Tree Biome Calming Sleeping Pack, 4ml - IDA.KOREA\",\"isPartOf\":{\"@id\":\"https:\/\/idakorea.ee\/#website\"},\"primaryImageOfPage\":{\"@id\":\"https:\/\/idakorea.ee\/product\/farmstay-tea-tree-biome-calming-sleeping-pack-4ml\/#primaryimage\"},\"image\":{\"@id\":\"https:\/\/idakorea.ee\/product\/farmstay-tea-tree-biome-calming-sleeping-pack-4ml\/#primaryimage\"},\"thumbnailUrl\":\"https:\/\/idakorea.ee\/wp-content\/uploads\/2025\/09\/farmstay-tea-tree-biome-calming-sleeping-pack-idakorea.ee_.jpg\",\"datePublished\":\"2025-09-15T12:03:03+00:00\",\"dateModified\":\"2026-03-07T14:46:36+00:00\",\"description\":\"Rahustav FarmStay Tea Tree Biome Calming Sleeping Pack v\u00e4hendab p\u00f5letikke ja tasakaalustab nahka. Proovi seda mugavat n\u00e4omaski juba t\u00e4na!\",\"breadcrumb\":{\"@id\":\"https:\/\/idakorea.ee\/product\/farmstay-tea-tree-biome-calming-sleeping-pack-4ml\/#breadcrumb\"},\"inLanguage\":\"en-US\",\"potentialAction\":[{\"@type\":\"ReadAction\",\"target\":[\"https:\/\/idakorea.ee\/product\/farmstay-tea-tree-biome-calming-sleeping-pack-4ml\/\"]}]},{\"@type\":\"ImageObject\",\"inLanguage\":\"en-US\",\"@id\":\"https:\/\/idakorea.ee\/product\/farmstay-tea-tree-biome-calming-sleeping-pack-4ml\/#primaryimage\",\"url\":\"https:\/\/idakorea.ee\/wp-content\/uploads\/2025\/09\/farmstay-tea-tree-biome-calming-sleeping-pack-idakorea.ee_.jpg\",\"contentUrl\":\"https:\/\/idakorea.ee\/wp-content\/uploads\/2025\/09\/farmstay-tea-tree-biome-calming-sleeping-pack-idakorea.ee_.jpg\",\"width\":1000,\"height\":1000},{\"@type\":\"BreadcrumbList\",\"@id\":\"https:\/\/idakorea.ee\/product\/farmstay-tea-tree-biome-calming-sleeping-pack-4ml\/#breadcrumb\",\"itemListElement\":[{\"@type\":\"ListItem\",\"position\":1,\"name\":\"\u0413\u043b\u0430\u0432\u043d\u0430\u044f \u0441\u0442\u0440\u0430\u043d\u0438\u0446\u0430\",\"item\":\"https:\/\/idakorea.ee\/\"},{\"@type\":\"ListItem\",\"position\":2,\"name\":\"Shop\",\"item\":\"https:\/\/idakorea.ee\/shop-2\/\"},{\"@type\":\"ListItem\",\"position\":3,\"name\":\"\u00d6ine n\u00e4omask teepuu\u00f5liga FarmStay Tea Tree Biome Calming Sleeping Pack, 4ml\"}]},{\"@type\":\"WebSite\",\"@id\":\"https:\/\/idakorea.ee\/#website\",\"url\":\"https:\/\/idakorea.ee\/\",\"name\":\"IDA.KOREA\",\"description\":\"Korea kosmeetika e-pood\",\"publisher\":{\"@id\":\"https:\/\/idakorea.ee\/#organization\"},\"alternateName\":\"Beauty Shop\",\"potentialAction\":[{\"@type\":\"SearchAction\",\"target\":{\"@type\":\"EntryPoint\",\"urlTemplate\":\"https:\/\/idakorea.ee\/?s={search_term_string}\"},\"query-input\":{\"@type\":\"PropertyValueSpecification\",\"valueRequired\":true,\"valueName\":\"search_term_string\"}}],\"inLanguage\":\"en-US\"},{\"@type\":\"Organization\",\"@id\":\"https:\/\/idakorea.ee\/#organization\",\"name\":\"IDA.KOREA\",\"url\":\"https:\/\/idakorea.ee\/\",\"logo\":{\"@type\":\"ImageObject\",\"inLanguage\":\"en-US\",\"@id\":\"https:\/\/idakorea.ee\/#\/schema\/logo\/image\/\",\"url\":\"https:\/\/idakorea.ee\/wp-content\/uploads\/2024\/05\/cropped-korea3.png\",\"contentUrl\":\"https:\/\/idakorea.ee\/wp-content\/uploads\/2024\/05\/cropped-korea3.png\",\"width\":688,\"height\":126,\"caption\":\"IDA.KOREA\"},\"image\":{\"@id\":\"https:\/\/idakorea.ee\/#\/schema\/logo\/image\/\"},\"sameAs\":[\"https:\/\/www.instagram.com\/ida.korea\/\"]}]}<\/script>\n<!-- \/ Yoast SEO plugin. -->","yoast_head_json":{"title":"FarmStay Tea Tree Biome Calming Sleeping Pack, 4ml - IDA.KOREA","description":"The soothing FarmStay Tea Tree Biome Calming Sleeping Pack reduces inflammation and balances skin. Try this convenient face mask today!","robots":{"index":"index","follow":"follow","max-snippet":"max-snippet:-1","max-image-preview":"max-image-preview:large","max-video-preview":"max-video-preview:-1"},"canonical":"https:\/\/idakorea.ee\/en\/product\/farmstay-tea-tree-biome-calming-sleeping-pack-4ml\/","og_locale":"en_US","og_type":"article","og_title":"FarmStay Tea Tree Biome Calming Sleeping Pack, 4ml - IDA.KOREA","og_description":"Rahustav FarmStay Tea Tree Biome Calming Sleeping Pack v\u00e4hendab p\u00f5letikke ja tasakaalustab nahka. Proovi seda mugavat n\u00e4omaski juba t\u00e4na!","og_url":"https:\/\/idakorea.ee\/en\/product\/farmstay-tea-tree-biome-calming-sleeping-pack-4ml\/","og_site_name":"IDA.KOREA","article_modified_time":"2026-03-07T14:46:36+00:00","og_image":[{"width":1000,"height":1000,"url":"https:\/\/idakorea.ee\/wp-content\/uploads\/2025\/09\/farmstay-tea-tree-biome-calming-sleeping-pack-idakorea.ee_.jpg","type":"image\/jpeg"}],"twitter_card":"summary_large_image","twitter_misc":{"Est. reading time":"2 minutes"},"schema":{"@context":"https:\/\/schema.org","@graph":[{"@type":"WebPage","@id":"https:\/\/idakorea.ee\/product\/farmstay-tea-tree-biome-calming-sleeping-pack-4ml\/","url":"https:\/\/idakorea.ee\/product\/farmstay-tea-tree-biome-calming-sleeping-pack-4ml\/","name":"FarmStay Tea Tree Biome Calming Sleeping Pack, 4ml - IDA.KOREA","isPartOf":{"@id":"https:\/\/idakorea.ee\/#website"},"primaryImageOfPage":{"@id":"https:\/\/idakorea.ee\/product\/farmstay-tea-tree-biome-calming-sleeping-pack-4ml\/#primaryimage"},"image":{"@id":"https:\/\/idakorea.ee\/product\/farmstay-tea-tree-biome-calming-sleeping-pack-4ml\/#primaryimage"},"thumbnailUrl":"https:\/\/idakorea.ee\/wp-content\/uploads\/2025\/09\/farmstay-tea-tree-biome-calming-sleeping-pack-idakorea.ee_.jpg","datePublished":"2025-09-15T12:03:03+00:00","dateModified":"2026-03-07T14:46:36+00:00","description":"The soothing FarmStay Tea Tree Biome Calming Sleeping Pack reduces inflammation and balances skin. Try this convenient face mask today!","breadcrumb":{"@id":"https:\/\/idakorea.ee\/product\/farmstay-tea-tree-biome-calming-sleeping-pack-4ml\/#breadcrumb"},"inLanguage":"en-US","potentialAction":[{"@type":"ReadAction","target":["https:\/\/idakorea.ee\/product\/farmstay-tea-tree-biome-calming-sleeping-pack-4ml\/"]}]},{"@type":"ImageObject","inLanguage":"en-US","@id":"https:\/\/idakorea.ee\/product\/farmstay-tea-tree-biome-calming-sleeping-pack-4ml\/#primaryimage","url":"https:\/\/idakorea.ee\/wp-content\/uploads\/2025\/09\/farmstay-tea-tree-biome-calming-sleeping-pack-idakorea.ee_.jpg","contentUrl":"https:\/\/idakorea.ee\/wp-content\/uploads\/2025\/09\/farmstay-tea-tree-biome-calming-sleeping-pack-idakorea.ee_.jpg","width":1000,"height":1000},{"@type":"BreadcrumbList","@id":"https:\/\/idakorea.ee\/product\/farmstay-tea-tree-biome-calming-sleeping-pack-4ml\/#breadcrumb","itemListElement":[{"@type":"ListItem","position":1,"name":"\u0413\u043b\u0430\u0432\u043d\u0430\u044f \u0441\u0442\u0440\u0430\u043d\u0438\u0446\u0430","item":"https:\/\/idakorea.ee\/"},{"@type":"ListItem","position":2,"name":"Shop","item":"https:\/\/idakorea.ee\/shop-2\/"},{"@type":"ListItem","position":3,"name":"\u00d6ine n\u00e4omask teepuu\u00f5liga FarmStay Tea Tree Biome Calming Sleeping Pack, 4ml"}]},{"@type":"WebSite","@id":"https:\/\/idakorea.ee\/#website","url":"https:\/\/idakorea.ee\/","name":"IDA.KOREA","description":"Korean cosmetics e-shop","publisher":{"@id":"https:\/\/idakorea.ee\/#organization"},"alternateName":"Beauty Shop","potentialAction":[{"@type":"SearchAction","target":{"@type":"EntryPoint","urlTemplate":"https:\/\/idakorea.ee\/?s={search_term_string}"},"query-input":{"@type":"PropertyValueSpecification","valueRequired":true,"valueName":"search_term_string"}}],"inLanguage":"en-US"},{"@type":"Organization","@id":"https:\/\/idakorea.ee\/#organization","name":"IDA.KOREA","url":"https:\/\/idakorea.ee\/","logo":{"@type":"ImageObject","inLanguage":"en-US","@id":"https:\/\/idakorea.ee\/#\/schema\/logo\/image\/","url":"https:\/\/idakorea.ee\/wp-content\/uploads\/2024\/05\/cropped-korea3.png","contentUrl":"https:\/\/idakorea.ee\/wp-content\/uploads\/2024\/05\/cropped-korea3.png","width":688,"height":126,"caption":"IDA.KOREA"},"image":{"@id":"https:\/\/idakorea.ee\/#\/schema\/logo\/image\/"},"sameAs":["https:\/\/www.instagram.com\/ida.korea\/"]}]}},"jetpack_sharing_enabled":true,"brands":[{"id":672,"name":"FARMSTAY","slug":"farmstay"}],"_links":{"self":[{"href":"https:\/\/idakorea.ee\/en\/wp-json\/wp\/v2\/product\/15872","targetHints":{"allow":["GET"]}}],"collection":[{"href":"https:\/\/idakorea.ee\/en\/wp-json\/wp\/v2\/product"}],"about":[{"href":"https:\/\/idakorea.ee\/en\/wp-json\/wp\/v2\/types\/product"}],"replies":[{"embeddable":true,"href":"https:\/\/idakorea.ee\/en\/wp-json\/wp\/v2\/comments?post=15872"}],"version-history":[{"count":1,"href":"https:\/\/idakorea.ee\/en\/wp-json\/wp\/v2\/product\/15872\/revisions"}],"predecessor-version":[{"id":15876,"href":"https:\/\/idakorea.ee\/en\/wp-json\/wp\/v2\/product\/15872\/revisions\/15876"}],"wp:featuredmedia":[{"embeddable":true,"href":"https:\/\/idakorea.ee\/en\/wp-json\/wp\/v2\/media\/15873"}],"wp:attachment":[{"href":"https:\/\/idakorea.ee\/en\/wp-json\/wp\/v2\/media?parent=15872"}],"wp:term":[{"taxonomy":"pwb-brand","embeddable":true,"href":"https:\/\/idakorea.ee\/en\/wp-json\/wp\/v2\/pwb-brand?post=15872"},{"taxonomy":"product_brand","embeddable":true,"href":"https:\/\/idakorea.ee\/en\/wp-json\/wp\/v2\/product_brand?post=15872"},{"taxonomy":"product_cat","embeddable":true,"href":"https:\/\/idakorea.ee\/en\/wp-json\/wp\/v2\/product_cat?post=15872"},{"taxonomy":"product_tag","embeddable":true,"href":"https:\/\/idakorea.ee\/en\/wp-json\/wp\/v2\/product_tag?post=15872"}],"curies":[{"name":"wp","href":"https:\/\/api.w.org\/{rel}","templated":true}]}}